{"id":22266,"date":"2026-02-09T16:58:38","date_gmt":"2026-02-09T14:58:38","guid":{"rendered":"https:\/\/mekulo.com\/no\/produkt\/3d-hologram-led-projektor\/"},"modified":"2026-02-09T16:58:38","modified_gmt":"2026-02-09T14:58:38","slug":"3d-hologram-led-projektor","status":"publish","type":"product","link":"https:\/\/mekulo.com\/no\/produkt\/3d-hologram-led-projektor\/","title":{"rendered":"3D-hologram LED-projektor"},"content":{"rendered":"<p style=\"text-align: center\" data-start=\"0\" data-end=\"78\"><strong data-start=\"0\" data-end=\"78\">Lag I\u00f8ynefallende 3D-Bilder Som Ser Ut Som Om De Svever I Luften. \ud83e\uddf8<\/strong><\/p>\n<p data-start=\"0\" data-end=\"78\"><img fetchpriority=\"high\" decoding=\"async\" class=\"size-full wp-image-23791 aligncenter\" src=\"https:\/\/mekulo.com\/template\/wp-content\/uploads\/sites\/6\/2026\/02\/S0aa04fa459234dc28701d1f086e6268cB.jpg\" alt=\"\" width=\"1080\" height=\"1080\" \/><\/p>\n<h2 style=\"text-align: center\" data-start=\"386\" data-end=\"403\">Hovedfordeler \ud83e\udd8b<\/h2>\n<p data-start=\"406\" data-end=\"463\">\ud83c\udf08 Svevende 3D-bilder &#8211; hologrammeffekt uten grenser.<\/p>\n<p data-start=\"466\" data-end=\"514\">\ud83d\udca1 224 LED-p\u00e6rer &#8211; lyse og skarpe bilder.<\/p>\n<p data-start=\"517\" data-end=\"574\">\ud83d\udcf6 Flere kontrollalternativer &#8211; WiFi, app, fjernkontroll, PC.<\/p>\n<p data-start=\"577\" data-end=\"638\">\ud83c\udf9e\ufe0f St\u00f8tte for tilpasset innhold &#8211; videoer, bilder, animasjoner.<\/p>\n<p data-start=\"641\" data-end=\"692\">\ud83d\udd04 Bred visningsvinkel &#8211; opptil 176\u00b0 sikt.<\/p>\n<p data-start=\"641\" data-end=\"692\"><img decoding=\"async\" class=\"size-full wp-image-23796 aligncenter\" src=\"https:\/\/mekulo.com\/template\/wp-content\/uploads\/sites\/6\/2026\/02\/5f684d302c5215ff9ff9621b5e65fd5bb7695bd0.avif\" alt=\"\" \/><\/p>\n<h2 style=\"text-align: center\" data-start=\"694\" data-end=\"708\">Slik Bruker Du \ud83d\udccc<\/h2>\n<ol data-start=\"709\" data-end=\"935\">\n<li data-start=\"709\" data-end=\"768\">\n<p data-start=\"712\" data-end=\"768\">Monter viftebladene p\u00e5 basen ved hjelp av skruene.<\/p>\n<\/li>\n<li data-start=\"769\" data-end=\"817\">\n<p data-start=\"772\" data-end=\"817\">koble str\u00f8madapteren til en str\u00f8mkilde.<\/p>\n<\/li>\n<li data-start=\"818\" data-end=\"876\">\n<p data-start=\"821\" data-end=\"876\">last opp bilder eller videoer ved hjelp av minnekortet eller appen.<\/p>\n<\/li>\n<li data-start=\"877\" data-end=\"935\">\n<p data-start=\"880\" data-end=\"935\">kontroller avspillingen via WiFi, mobilapp, fjernkontroll eller PC.<\/p>\n<\/li>\n<\/ol>\n<h2 style=\"text-align: center\" data-start=\"937\" data-end=\"956\">Produktdetaljer \ud83d\udccf<\/h2>\n<ul data-start=\"957\" data-end=\"1254\">\n<li data-start=\"957\" data-end=\"983\">\n<p data-start=\"959\" data-end=\"983\">Oppl\u00f8sning: 2000 x 224<\/p>\n<\/li>\n<li data-start=\"984\" data-end=\"1002\">\n<p data-start=\"986\" data-end=\"1002\">LED-p\u00e6rer: 224<\/p>\n<\/li>\n<li data-start=\"1003\" data-end=\"1025\">\n<p data-start=\"1005\" data-end=\"1025\">Materiale: ABS + PC<\/p>\n<\/li>\n<li data-start=\"1026\" data-end=\"1040\">\n<p data-start=\"1028\" data-end=\"1040\">Effekt: 15W<\/p>\n<\/li>\n<li data-start=\"1041\" data-end=\"1062\">\n<p data-start=\"1043\" data-end=\"1062\">Spenning: 100-240V<\/p>\n<\/li>\n<li data-start=\"1063\" data-end=\"1091\">\n<p data-start=\"1065\" data-end=\"1091\">Rotasjonshastighet: 1250 RPM<\/p>\n<\/li>\n<li data-start=\"1092\" data-end=\"1115\">\n<p data-start=\"1094\" data-end=\"1115\">Synsvinkel: 176\u00b0<\/p>\n<\/li>\n<li data-start=\"1116\" data-end=\"1161\">\n<p data-start=\"1118\" data-end=\"1161\">Hukommelsesst\u00f8tte: Opp til 32 GB (4 GB inkludert)<\/p>\n<\/li>\n<li data-start=\"1162\" data-end=\"1196\">\n<p data-start=\"1164\" data-end=\"1196\">Kontroll: WiFi, app, fjernkontroll, PC<\/p>\n<\/li>\n<li data-start=\"1197\" data-end=\"1220\">\n<p data-start=\"1199\" data-end=\"1220\">Appnavn: 3D Circle<\/p>\n<\/li>\n<li data-start=\"1221\" data-end=\"1254\">\n<p data-start=\"1223\" data-end=\"1254\">Levetid: Opptil 100 000 timer<\/p>\n<\/li>\n<\/ul>\n<h2 style=\"text-align: center\" data-start=\"1256\" data-end=\"1276\">Pakken Inkluderer \ud83d\udce6<\/h2>\n<ul data-start=\"1277\" data-end=\"1433\" data-is-last-node=\"\" data-is-only-node=\"\">\n<li data-start=\"1277\" data-end=\"1289\">\n<p data-start=\"1279\" data-end=\"1289\">1x base<\/p>\n<\/li>\n<li data-start=\"1290\" data-end=\"1308\">\n<p data-start=\"1292\" data-end=\"1308\">2x vifteblader<\/p>\n<\/li>\n<li data-start=\"1309\" data-end=\"1330\">\n<p data-start=\"1311\" data-end=\"1330\">1x str\u00f8madapter<\/p>\n<\/li>\n<li data-start=\"1331\" data-end=\"1350\">\n<p data-start=\"1333\" data-end=\"1350\">1x skrutrekker<\/p>\n<\/li>\n<li data-start=\"1351\" data-end=\"1365\">\n<p data-start=\"1353\" data-end=\"1365\">2x skruer<\/p>\n<\/li>\n<li data-start=\"1366\" data-end=\"1388\">\n<p data-start=\"1368\" data-end=\"1388\">2x gummihylser<\/p>\n<\/li>\n<li data-start=\"1389\" data-end=\"1408\">\n<p data-start=\"1391\" data-end=\"1408\">1x kortleser<\/p>\n<\/li>\n<li data-start=\"1409\" data-end=\"1433\" data-is-last-node=\"\">\n<p data-start=\"1411\" data-end=\"1433\" data-is-last-node=\"\">1x bruksanvisning.<\/p>\n<\/li>\n<\/ul>\n","protected":false},"excerpt":{"rendered":"<p>\ud83e\udd8bDenne 3D-hologram-LED-projektoren viser lyse, kantl\u00f8se bilder som fanger oppmerksomheten umiddelbart.<br \/>\n\ud83c\udfe0Den er perfekt for butikker, arrangementer, barer og utstillinger der du vil at folk skal stoppe opp og se.<br \/>\n\ud83c\udf38Den h\u00f8yoppl\u00f8selige skjermen forblir tydelig selv i lyse omgivelser, noe som gj\u00f8r at innholdet ditt skiller seg ut overalt.<\/p>\n","protected":false},"featured_media":22262,"comment_status":"open","ping_status":"closed","template":"","meta":{"site-sidebar-layout":"default","site-content-layout":"","ast-site-content-layout":"default","site-content-style":"default","site-sidebar-style":"default","ast-global-header-display":"","ast-banner-title-visibility":"","ast-main-header-display":"","ast-hfb-above-header-display":"","ast-hfb-below-header-display":"","ast-hfb-mobile-header-display":"","site-post-title":"","ast-breadcrumbs-content":"","ast-featured-img":"","footer-sml-layout":"","theme-transparent-header-meta":"default","adv-header-id-meta":"","stick-header-meta":"","header-above-stick-meta":"","header-main-stick-meta":"","header-below-stick-meta":"","astra-migrate-meta-layouts":"set","ast-page-background-enabled":"default","ast-page-background-meta":{"desktop":{"background-color":"var(--ast-global-color-5)","background-image":"","background-repeat":"repeat","background-position":"center center","background-size":"auto","background-attachment":"scroll","background-type":"","background-media":"","overlay-type":"","overlay-color":"","overlay-opacity":"","overlay-gradient":""},"tablet":{"background-color":"","background-image":"","background-repeat":"repeat","background-position":"center center","background-size":"auto","background-attachment":"scroll","background-type":"","background-media":"","overlay-type":"","overlay-color":"","overlay-opacity":"","overlay-gradient":""},"mobile":{"background-color":"","background-image":"","background-repeat":"repeat","background-position":"center center","background-size":"auto","background-attachment":"scroll","background-type":"","background-media":"","overlay-type":"","overlay-color":"","overlay-opacity":"","overlay-gradient":""}},"ast-content-background-meta":{"desktop":{"background-color":"var(--ast-global-color-4)","background-image":"","background-repeat":"repeat","background-position":"center center","background-size":"auto","background-attachment":"scroll","background-type":"","background-media":"","overlay-type":"","overlay-color":"","overlay-opacity":"","overlay-gradient":""},"tablet":{"background-color":"var(--ast-global-color-4)","background-image":"","background-repeat":"repeat","background-position":"center center","background-size":"auto","background-attachment":"scroll","background-type":"","background-media":"","overlay-type":"","overlay-color":"","overlay-opacity":"","overlay-gradient":""},"mobile":{"background-color":"var(--ast-global-color-4)","background-image":"","background-repeat":"repeat","background-position":"center center","background-size":"auto","background-attachment":"scroll","background-type":"","background-media":"","overlay-type":"","overlay-color":"","overlay-opacity":"","overlay-gradient":""}}},"product_brand":[],"product_cat":[173],"product_tag":[],"class_list":{"0":"post-22266","1":"product","2":"type-product","3":"status-publish","4":"has-post-thumbnail","6":"product_cat-elektronikk","7":"desktop-align-left","8":"tablet-align-left","9":"mobile-align-left","11":"first","12":"instock","13":"shipping-taxable","14":"purchasable","15":"product-type-simple"},"yoast_head":"<!-- This site is optimized with the Yoast SEO plugin v26.6 - https:\/\/yoast.com\/wordpress\/plugins\/seo\/ -->\n<title>3D-hologram LED-projektor - Mekulo NO<\/title>\n<meta name=\"robots\" content=\"index, follow, max-snippet:-1, max-image-preview:large, max-video-preview:-1\" \/>\n<link rel=\"canonical\" href=\"https:\/\/mekulo.com\/no\/produkt\/3d-hologram-led-projektor\/\" \/>\n<meta property=\"og:locale\" content=\"nb_NO\" \/>\n<meta property=\"og:type\" content=\"article\" \/>\n<meta property=\"og:title\" content=\"3D-hologram LED-projektor - Mekulo NO\" \/>\n<meta property=\"og:description\" content=\"\ud83e\udd8bDenne 3D-hologram-LED-projektoren viser lyse, kantl\u00f8se bilder som fanger oppmerksomheten umiddelbart. \ud83c\udfe0Den er perfekt for butikker, arrangementer, barer og utstillinger der du vil at folk skal stoppe opp og se. \ud83c\udf38Den h\u00f8yoppl\u00f8selige skjermen forblir tydelig selv i lyse omgivelser, noe som gj\u00f8r at innholdet ditt skiller seg ut overalt.\" \/>\n<meta property=\"og:url\" content=\"https:\/\/mekulo.com\/no\/produkt\/3d-hologram-led-projektor\/\" \/>\n<meta property=\"og:site_name\" content=\"Mekulo NO\" \/>\n<meta property=\"og:image\" content=\"https:\/\/mekulo.com\/no\/wp-content\/uploads\/sites\/10\/2026\/02\/3qayp4z-1.jpg\" \/>\n\t<meta property=\"og:image:width\" content=\"1080\" \/>\n\t<meta property=\"og:image:height\" content=\"1080\" \/>\n\t<meta property=\"og:image:type\" content=\"image\/jpeg\" \/>\n<meta name=\"twitter:card\" content=\"summary_large_image\" \/>\n<meta name=\"twitter:label1\" content=\"Ansl. lesetid\" \/>\n\t<meta name=\"twitter:data1\" content=\"2 minutter\" \/>\n<script type=\"application\/ld+json\" class=\"yoast-schema-graph\">{\"@context\":\"https:\/\/schema.org\",\"@graph\":[{\"@type\":\"WebPage\",\"@id\":\"https:\/\/mekulo.com\/no\/produkt\/3d-hologram-led-projektor\/\",\"url\":\"https:\/\/mekulo.com\/no\/produkt\/3d-hologram-led-projektor\/\",\"name\":\"3D-hologram LED-projektor - Mekulo NO\",\"isPartOf\":{\"@id\":\"https:\/\/mekulo.com\/no\/#website\"},\"primaryImageOfPage\":{\"@id\":\"https:\/\/mekulo.com\/no\/produkt\/3d-hologram-led-projektor\/#primaryimage\"},\"image\":{\"@id\":\"https:\/\/mekulo.com\/no\/produkt\/3d-hologram-led-projektor\/#primaryimage\"},\"thumbnailUrl\":\"https:\/\/mekulo.com\/no\/wp-content\/uploads\/sites\/10\/2026\/02\/3qayp4z-1.jpg\",\"datePublished\":\"2026-02-09T14:58:38+00:00\",\"breadcrumb\":{\"@id\":\"https:\/\/mekulo.com\/no\/produkt\/3d-hologram-led-projektor\/#breadcrumb\"},\"inLanguage\":\"nb-NO\",\"potentialAction\":[{\"@type\":\"ReadAction\",\"target\":[\"https:\/\/mekulo.com\/no\/produkt\/3d-hologram-led-projektor\/\"]}]},{\"@type\":\"ImageObject\",\"inLanguage\":\"nb-NO\",\"@id\":\"https:\/\/mekulo.com\/no\/produkt\/3d-hologram-led-projektor\/#primaryimage\",\"url\":\"https:\/\/mekulo.com\/no\/wp-content\/uploads\/sites\/10\/2026\/02\/3qayp4z-1.jpg\",\"contentUrl\":\"https:\/\/mekulo.com\/no\/wp-content\/uploads\/sites\/10\/2026\/02\/3qayp4z-1.jpg\",\"width\":1080,\"height\":1080},{\"@type\":\"BreadcrumbList\",\"@id\":\"https:\/\/mekulo.com\/no\/produkt\/3d-hologram-led-projektor\/#breadcrumb\",\"itemListElement\":[{\"@type\":\"ListItem\",\"position\":1,\"name\":\"Home\",\"item\":\"https:\/\/mekulo.com\/no\/\"},{\"@type\":\"ListItem\",\"position\":2,\"name\":\"Butikk\",\"item\":\"https:\/\/mekulo.com\/no\/butikk\/\"},{\"@type\":\"ListItem\",\"position\":3,\"name\":\"3D-hologram LED-projektor\"}]},{\"@type\":\"WebSite\",\"@id\":\"https:\/\/mekulo.com\/no\/#website\",\"url\":\"https:\/\/mekulo.com\/no\/\",\"name\":\"Mekulo NO\",\"description\":\"\",\"publisher\":{\"@id\":\"https:\/\/mekulo.com\/no\/#organization\"},\"potentialAction\":[{\"@type\":\"SearchAction\",\"target\":{\"@type\":\"EntryPoint\",\"urlTemplate\":\"https:\/\/mekulo.com\/no\/?s={search_term_string}\"},\"query-input\":{\"@type\":\"PropertyValueSpecification\",\"valueRequired\":true,\"valueName\":\"search_term_string\"}}],\"inLanguage\":\"nb-NO\"},{\"@type\":\"Organization\",\"@id\":\"https:\/\/mekulo.com\/no\/#organization\",\"name\":\"Mekulo\",\"url\":\"https:\/\/mekulo.com\/no\/\",\"logo\":{\"@type\":\"ImageObject\",\"inLanguage\":\"nb-NO\",\"@id\":\"https:\/\/mekulo.com\/no\/#\/schema\/logo\/image\/\",\"url\":\"https:\/\/mekulo.com\/no\/wp-content\/uploads\/sites\/10\/2025\/12\/favicon_mekulo.png\",\"contentUrl\":\"https:\/\/mekulo.com\/no\/wp-content\/uploads\/sites\/10\/2025\/12\/favicon_mekulo.png\",\"width\":50,\"height\":50,\"caption\":\"Mekulo\"},\"image\":{\"@id\":\"https:\/\/mekulo.com\/no\/#\/schema\/logo\/image\/\"}}]}<\/script>\n<!-- \/ Yoast SEO plugin. -->","yoast_head_json":{"title":"3D-hologram LED-projektor - Mekulo NO","robots":{"index":"index","follow":"follow","max-snippet":"max-snippet:-1","max-image-preview":"max-image-preview:large","max-video-preview":"max-video-preview:-1"},"canonical":"https:\/\/mekulo.com\/no\/produkt\/3d-hologram-led-projektor\/","og_locale":"nb_NO","og_type":"article","og_title":"3D-hologram LED-projektor - Mekulo NO","og_description":"\ud83e\udd8bDenne 3D-hologram-LED-projektoren viser lyse, kantl\u00f8se bilder som fanger oppmerksomheten umiddelbart. \ud83c\udfe0Den er perfekt for butikker, arrangementer, barer og utstillinger der du vil at folk skal stoppe opp og se. \ud83c\udf38Den h\u00f8yoppl\u00f8selige skjermen forblir tydelig selv i lyse omgivelser, noe som gj\u00f8r at innholdet ditt skiller seg ut overalt.","og_url":"https:\/\/mekulo.com\/no\/produkt\/3d-hologram-led-projektor\/","og_site_name":"Mekulo NO","og_image":[{"width":1080,"height":1080,"url":"https:\/\/mekulo.com\/no\/wp-content\/uploads\/sites\/10\/2026\/02\/3qayp4z-1.jpg","type":"image\/jpeg"}],"twitter_card":"summary_large_image","twitter_misc":{"Ansl. lesetid":"2 minutter"},"schema":{"@context":"https:\/\/schema.org","@graph":[{"@type":"WebPage","@id":"https:\/\/mekulo.com\/no\/produkt\/3d-hologram-led-projektor\/","url":"https:\/\/mekulo.com\/no\/produkt\/3d-hologram-led-projektor\/","name":"3D-hologram LED-projektor - Mekulo NO","isPartOf":{"@id":"https:\/\/mekulo.com\/no\/#website"},"primaryImageOfPage":{"@id":"https:\/\/mekulo.com\/no\/produkt\/3d-hologram-led-projektor\/#primaryimage"},"image":{"@id":"https:\/\/mekulo.com\/no\/produkt\/3d-hologram-led-projektor\/#primaryimage"},"thumbnailUrl":"https:\/\/mekulo.com\/no\/wp-content\/uploads\/sites\/10\/2026\/02\/3qayp4z-1.jpg","datePublished":"2026-02-09T14:58:38+00:00","breadcrumb":{"@id":"https:\/\/mekulo.com\/no\/produkt\/3d-hologram-led-projektor\/#breadcrumb"},"inLanguage":"nb-NO","potentialAction":[{"@type":"ReadAction","target":["https:\/\/mekulo.com\/no\/produkt\/3d-hologram-led-projektor\/"]}]},{"@type":"ImageObject","inLanguage":"nb-NO","@id":"https:\/\/mekulo.com\/no\/produkt\/3d-hologram-led-projektor\/#primaryimage","url":"https:\/\/mekulo.com\/no\/wp-content\/uploads\/sites\/10\/2026\/02\/3qayp4z-1.jpg","contentUrl":"https:\/\/mekulo.com\/no\/wp-content\/uploads\/sites\/10\/2026\/02\/3qayp4z-1.jpg","width":1080,"height":1080},{"@type":"BreadcrumbList","@id":"https:\/\/mekulo.com\/no\/produkt\/3d-hologram-led-projektor\/#breadcrumb","itemListElement":[{"@type":"ListItem","position":1,"name":"Home","item":"https:\/\/mekulo.com\/no\/"},{"@type":"ListItem","position":2,"name":"Butikk","item":"https:\/\/mekulo.com\/no\/butikk\/"},{"@type":"ListItem","position":3,"name":"3D-hologram LED-projektor"}]},{"@type":"WebSite","@id":"https:\/\/mekulo.com\/no\/#website","url":"https:\/\/mekulo.com\/no\/","name":"Mekulo NO","description":"","publisher":{"@id":"https:\/\/mekulo.com\/no\/#organization"},"potentialAction":[{"@type":"SearchAction","target":{"@type":"EntryPoint","urlTemplate":"https:\/\/mekulo.com\/no\/?s={search_term_string}"},"query-input":{"@type":"PropertyValueSpecification","valueRequired":true,"valueName":"search_term_string"}}],"inLanguage":"nb-NO"},{"@type":"Organization","@id":"https:\/\/mekulo.com\/no\/#organization","name":"Mekulo","url":"https:\/\/mekulo.com\/no\/","logo":{"@type":"ImageObject","inLanguage":"nb-NO","@id":"https:\/\/mekulo.com\/no\/#\/schema\/logo\/image\/","url":"https:\/\/mekulo.com\/no\/wp-content\/uploads\/sites\/10\/2025\/12\/favicon_mekulo.png","contentUrl":"https:\/\/mekulo.com\/no\/wp-content\/uploads\/sites\/10\/2025\/12\/favicon_mekulo.png","width":50,"height":50,"caption":"Mekulo"},"image":{"@id":"https:\/\/mekulo.com\/no\/#\/schema\/logo\/image\/"}}]}},"_links":{"self":[{"href":"https:\/\/mekulo.com\/no\/wp-json\/wp\/v2\/product\/22266","targetHints":{"allow":["GET"]}}],"collection":[{"href":"https:\/\/mekulo.com\/no\/wp-json\/wp\/v2\/product"}],"about":[{"href":"https:\/\/mekulo.com\/no\/wp-json\/wp\/v2\/types\/product"}],"replies":[{"embeddable":true,"href":"https:\/\/mekulo.com\/no\/wp-json\/wp\/v2\/comments?post=22266"}],"wp:featuredmedia":[{"embeddable":true,"href":"https:\/\/mekulo.com\/no\/wp-json\/wp\/v2\/media\/22262"}],"wp:attachment":[{"href":"https:\/\/mekulo.com\/no\/wp-json\/wp\/v2\/media?parent=22266"}],"wp:term":[{"taxonomy":"product_brand","embeddable":true,"href":"https:\/\/mekulo.com\/no\/wp-json\/wp\/v2\/product_brand?post=22266"},{"taxonomy":"product_cat","embeddable":true,"href":"https:\/\/mekulo.com\/no\/wp-json\/wp\/v2\/product_cat?post=22266"},{"taxonomy":"product_tag","embeddable":true,"href":"https:\/\/mekulo.com\/no\/wp-json\/wp\/v2\/product_tag?post=22266"}],"curies":[{"name":"wp","href":"https:\/\/api.w.org\/{rel}","templated":true}]}}