{"id":22230,"date":"2026-02-09T16:54:21","date_gmt":"2026-02-09T14:54:21","guid":{"rendered":"https:\/\/mekulo.com\/no\/produkt\/halskjede-med-englevinger\/"},"modified":"2026-03-02T12:22:28","modified_gmt":"2026-03-02T10:22:28","slug":"halskjede-med-englevinger","status":"publish","type":"product","link":"https:\/\/mekulo.com\/no\/produkt\/halskjede-med-englevinger\/","title":{"rendered":"Halskjede med englevinger"},"content":{"rendered":"<p style=\"text-align: center\" data-start=\"0\" data-end=\"56\"><strong data-start=\"0\" data-end=\"56\">Tilf\u00f8rer et snev av eleganse og mening til ethvert antrekk. \ud83d\udc57<\/strong><\/p>\n<p data-start=\"0\" data-end=\"56\"><img fetchpriority=\"high\" decoding=\"async\" class=\"size-full wp-image-23746 aligncenter\" src=\"https:\/\/mekulo.com\/template\/wp-content\/uploads\/sites\/6\/2026\/02\/S5bd387d8816848b6a0ce3b12cee0e6ddR.jpg_960x960q75.jpg_.avif\" alt=\"\" width=\"800\" height=\"800\" \/><\/p>\n<h2 style=\"text-align: center\" data-start=\"341\" data-end=\"358\"><strong>Hovedfordeler \ud83e\udebd<\/strong><\/h2>\n<p data-start=\"361\" data-end=\"421\">\ud83d\udc7c Unik englevingedesign &#8211; elegant og i\u00f8ynefallende.<\/p>\n<p data-start=\"424\" data-end=\"487\">\u2728 Glitrende rhinestones &#8211; gir mild glans til ethvert antrekk.<\/p>\n<p data-start=\"490\" data-end=\"548\">\ud83d\udc8e Hypoallergenisk materiale &#8211; trygt for sensitiv hud.<\/p>\n<p data-start=\"551\" data-end=\"613\">\ud83c\udf38 Lett \u00e5 matche &#8211; passer godt sammen med uformelle eller formelle kl\u00e6r.<\/p>\n<p data-start=\"616\" data-end=\"686\">\ud83c\udf81 Perfekt gavevalg &#8211; ideelt til bursdager og spesielle anledninger.<\/p>\n<p data-start=\"616\" data-end=\"686\"><img decoding=\"async\" class=\"size-full wp-image-23749 aligncenter\" src=\"https:\/\/mekulo.com\/template\/wp-content\/uploads\/sites\/6\/2026\/02\/7c928ca4715b856f337cab0d12e0fe49213ce3ff-800.avif\" alt=\"\" \/><\/p>\n<h2 style=\"text-align: center\" data-start=\"688\" data-end=\"702\"><strong>Bruksanvisning \ud83d\udccc<\/strong><\/h2>\n<ol data-start=\"703\" data-end=\"907\">\n<li data-start=\"703\" data-end=\"763\">\n<p data-start=\"706\" data-end=\"763\">\u00c5pne l\u00e5sen og legg halskjedet rundt halsen.<\/p>\n<\/li>\n<li data-start=\"764\" data-end=\"809\">\n<p data-start=\"767\" data-end=\"809\">Juster lengden for en behagelig passform.<\/p>\n<\/li>\n<li data-start=\"810\" data-end=\"862\">\n<p data-start=\"813\" data-end=\"862\">Bruk det alene eller sammen med andre halskjeder.<\/p>\n<\/li>\n<li data-start=\"863\" data-end=\"907\">\n<p data-start=\"866\" data-end=\"907\">Oppbevar det i et smykkeskrin n\u00e5r det ikke er i bruk.<\/p>\n<\/li>\n<\/ol>\n<h2 style=\"text-align: center\" data-start=\"909\" data-end=\"928\"><strong>Produktdetaljer \ud83d\udccf<\/strong><\/h2>\n<ul data-start=\"929\" data-end=\"1129\">\n<li data-start=\"956\" data-end=\"997\">\n<p data-start=\"958\" data-end=\"997\">Materiale: Titanst\u00e5l, rhinestones<\/p>\n<\/li>\n<li data-start=\"1030\" data-end=\"1054\">\n<p data-start=\"1032\" data-end=\"1054\">Stil: Myk, elegant<\/p>\n<\/li>\n<li data-start=\"1055\" data-end=\"1080\">\n<p data-start=\"1057\" data-end=\"1080\">Vingest\u00f8rrelse: 21 x 11 mm<\/p>\n<\/li>\n<li data-start=\"1081\" data-end=\"1105\">\n<p data-start=\"1083\" data-end=\"1105\">Vekt: Ca. 20 g<\/p>\n<\/li>\n<li data-start=\"1106\" data-end=\"1129\">\n<p data-start=\"1108\" data-end=\"1129\">Egnet for: Kvinner<\/p>\n<\/li>\n<\/ul>\n<h2 style=\"text-align: center\" data-start=\"1131\" data-end=\"1151\"><strong>Pakken Inkluderer \ud83d\udce6<\/strong><\/h2>\n<ul data-start=\"1152\" data-end=\"1188\" data-is-last-node=\"\" data-is-only-node=\"\">\n<li data-start=\"1152\" data-end=\"1188\" data-is-last-node=\"\">\n<p data-start=\"1154\" data-end=\"1188\" data-is-last-node=\"\">1x englevinge halskjede.<\/p>\n<\/li>\n<\/ul>\n","protected":false},"excerpt":{"rendered":"<p>\ud83e\udebdDette englevingehalskjedet har et grasi\u00f8st vingedesign som symboliserer kj\u00e6rlighet, beskyttelse og skj\u00f8nnhet.<br \/>\n\u2728Det glitrende strass og den myke, elegante stilen gj\u00f8r det perfekt til hverdagsbruk eller spesielle anledninger.<br \/>\n\ud83d\udc96Halskjedet fremhever enkelt utseendet ditt samtidig som det gir en meningsfull touch.<\/p>\n","protected":false},"featured_media":22226,"comment_status":"open","ping_status":"closed","template":"","meta":{"site-sidebar-layout":"default","site-content-layout":"","ast-site-content-layout":"default","site-content-style":"default","site-sidebar-style":"default","ast-global-header-display":"","ast-banner-title-visibility":"","ast-main-header-display":"","ast-hfb-above-header-display":"","ast-hfb-below-header-display":"","ast-hfb-mobile-header-display":"","site-post-title":"","ast-breadcrumbs-content":"","ast-featured-img":"","footer-sml-layout":"","theme-transparent-header-meta":"default","adv-header-id-meta":"","stick-header-meta":"","header-above-stick-meta":"","header-main-stick-meta":"","header-below-stick-meta":"","astra-migrate-meta-layouts":"set","ast-page-background-enabled":"default","ast-page-background-meta":{"desktop":{"background-color":"var(--ast-global-color-5)","background-image":"","background-repeat":"repeat","background-position":"center center","background-size":"auto","background-attachment":"scroll","background-type":"","background-media":"","overlay-type":"","overlay-color":"","overlay-opacity":"","overlay-gradient":""},"tablet":{"background-color":"","background-image":"","background-repeat":"repeat","background-position":"center center","background-size":"auto","background-attachment":"scroll","background-type":"","background-media":"","overlay-type":"","overlay-color":"","overlay-opacity":"","overlay-gradient":""},"mobile":{"background-color":"","background-image":"","background-repeat":"repeat","background-position":"center center","background-size":"auto","background-attachment":"scroll","background-type":"","background-media":"","overlay-type":"","overlay-color":"","overlay-opacity":"","overlay-gradient":""}},"ast-content-background-meta":{"desktop":{"background-color":"var(--ast-global-color-4)","background-image":"","background-repeat":"repeat","background-position":"center center","background-size":"auto","background-attachment":"scroll","background-type":"","background-media":"","overlay-type":"","overlay-color":"","overlay-opacity":"","overlay-gradient":""},"tablet":{"background-color":"var(--ast-global-color-4)","background-image":"","background-repeat":"repeat","background-position":"center center","background-size":"auto","background-attachment":"scroll","background-type":"","background-media":"","overlay-type":"","overlay-color":"","overlay-opacity":"","overlay-gradient":""},"mobile":{"background-color":"var(--ast-global-color-4)","background-image":"","background-repeat":"repeat","background-position":"center center","background-size":"auto","background-attachment":"scroll","background-type":"","background-media":"","overlay-type":"","overlay-color":"","overlay-opacity":"","overlay-gradient":""}}},"product_brand":[],"product_cat":[165],"product_tag":[],"class_list":{"0":"post-22230","1":"product","2":"type-product","3":"status-publish","4":"has-post-thumbnail","6":"product_cat-fottoy-tilbehor","7":"pa_55545_roo3hlwq-gull","8":"pa_55545_roo3hlwq-rosegull","9":"pa_55545_roo3hlwq-solv","10":"desktop-align-left","11":"tablet-align-left","12":"mobile-align-left","14":"first","15":"instock","16":"shipping-taxable","17":"purchasable","18":"product-type-variable"},"yoast_head":"<!-- This site is optimized with the Yoast SEO plugin v26.6 - https:\/\/yoast.com\/wordpress\/plugins\/seo\/ -->\n<title>Halskjede med englevinger - Mekulo NO<\/title>\n<meta name=\"robots\" content=\"index, follow, max-snippet:-1, max-image-preview:large, max-video-preview:-1\" \/>\n<link rel=\"canonical\" href=\"https:\/\/mekulo.com\/no\/produkt\/halskjede-med-englevinger\/\" \/>\n<meta property=\"og:locale\" content=\"nb_NO\" \/>\n<meta property=\"og:type\" content=\"article\" \/>\n<meta property=\"og:title\" content=\"Halskjede med englevinger - Mekulo NO\" \/>\n<meta property=\"og:description\" content=\"\ud83e\udebdDette englevingehalskjedet har et grasi\u00f8st vingedesign som symboliserer kj\u00e6rlighet, beskyttelse og skj\u00f8nnhet. \u2728Det glitrende strass og den myke, elegante stilen gj\u00f8r det perfekt til hverdagsbruk eller spesielle anledninger. \ud83d\udc96Halskjedet fremhever enkelt utseendet ditt samtidig som det gir en meningsfull touch.\" \/>\n<meta property=\"og:url\" content=\"https:\/\/mekulo.com\/no\/produkt\/halskjede-med-englevinger\/\" \/>\n<meta property=\"og:site_name\" content=\"Mekulo NO\" \/>\n<meta property=\"article:modified_time\" content=\"2026-03-02T10:22:28+00:00\" \/>\n<meta property=\"og:image\" content=\"https:\/\/mekulo.com\/no\/wp-content\/uploads\/sites\/10\/2026\/02\/d48xro0-1.jpg\" \/>\n\t<meta property=\"og:image:width\" content=\"800\" \/>\n\t<meta property=\"og:image:height\" content=\"800\" \/>\n\t<meta property=\"og:image:type\" content=\"image\/jpeg\" \/>\n<meta name=\"twitter:card\" content=\"summary_large_image\" \/>\n<meta name=\"twitter:label1\" content=\"Ansl. lesetid\" \/>\n\t<meta name=\"twitter:data1\" content=\"2 minutter\" \/>\n<script type=\"application\/ld+json\" class=\"yoast-schema-graph\">{\"@context\":\"https:\/\/schema.org\",\"@graph\":[{\"@type\":\"WebPage\",\"@id\":\"https:\/\/mekulo.com\/no\/produkt\/halskjede-med-englevinger\/\",\"url\":\"https:\/\/mekulo.com\/no\/produkt\/halskjede-med-englevinger\/\",\"name\":\"Halskjede med englevinger - Mekulo NO\",\"isPartOf\":{\"@id\":\"https:\/\/mekulo.com\/no\/#website\"},\"primaryImageOfPage\":{\"@id\":\"https:\/\/mekulo.com\/no\/produkt\/halskjede-med-englevinger\/#primaryimage\"},\"image\":{\"@id\":\"https:\/\/mekulo.com\/no\/produkt\/halskjede-med-englevinger\/#primaryimage\"},\"thumbnailUrl\":\"https:\/\/mekulo.com\/no\/wp-content\/uploads\/sites\/10\/2026\/02\/d48xro0-1.jpg\",\"datePublished\":\"2026-02-09T14:54:21+00:00\",\"dateModified\":\"2026-03-02T10:22:28+00:00\",\"breadcrumb\":{\"@id\":\"https:\/\/mekulo.com\/no\/produkt\/halskjede-med-englevinger\/#breadcrumb\"},\"inLanguage\":\"nb-NO\",\"potentialAction\":[{\"@type\":\"ReadAction\",\"target\":[\"https:\/\/mekulo.com\/no\/produkt\/halskjede-med-englevinger\/\"]}]},{\"@type\":\"ImageObject\",\"inLanguage\":\"nb-NO\",\"@id\":\"https:\/\/mekulo.com\/no\/produkt\/halskjede-med-englevinger\/#primaryimage\",\"url\":\"https:\/\/mekulo.com\/no\/wp-content\/uploads\/sites\/10\/2026\/02\/d48xro0-1.jpg\",\"contentUrl\":\"https:\/\/mekulo.com\/no\/wp-content\/uploads\/sites\/10\/2026\/02\/d48xro0-1.jpg\",\"width\":800,\"height\":800},{\"@type\":\"BreadcrumbList\",\"@id\":\"https:\/\/mekulo.com\/no\/produkt\/halskjede-med-englevinger\/#breadcrumb\",\"itemListElement\":[{\"@type\":\"ListItem\",\"position\":1,\"name\":\"Home\",\"item\":\"https:\/\/mekulo.com\/no\/\"},{\"@type\":\"ListItem\",\"position\":2,\"name\":\"Butikk\",\"item\":\"https:\/\/mekulo.com\/no\/butikk\/\"},{\"@type\":\"ListItem\",\"position\":3,\"name\":\"Halskjede med englevinger\"}]},{\"@type\":\"WebSite\",\"@id\":\"https:\/\/mekulo.com\/no\/#website\",\"url\":\"https:\/\/mekulo.com\/no\/\",\"name\":\"Mekulo NO\",\"description\":\"\",\"publisher\":{\"@id\":\"https:\/\/mekulo.com\/no\/#organization\"},\"potentialAction\":[{\"@type\":\"SearchAction\",\"target\":{\"@type\":\"EntryPoint\",\"urlTemplate\":\"https:\/\/mekulo.com\/no\/?s={search_term_string}\"},\"query-input\":{\"@type\":\"PropertyValueSpecification\",\"valueRequired\":true,\"valueName\":\"search_term_string\"}}],\"inLanguage\":\"nb-NO\"},{\"@type\":\"Organization\",\"@id\":\"https:\/\/mekulo.com\/no\/#organization\",\"name\":\"Mekulo\",\"url\":\"https:\/\/mekulo.com\/no\/\",\"logo\":{\"@type\":\"ImageObject\",\"inLanguage\":\"nb-NO\",\"@id\":\"https:\/\/mekulo.com\/no\/#\/schema\/logo\/image\/\",\"url\":\"https:\/\/mekulo.com\/no\/wp-content\/uploads\/sites\/10\/2025\/12\/favicon_mekulo.png\",\"contentUrl\":\"https:\/\/mekulo.com\/no\/wp-content\/uploads\/sites\/10\/2025\/12\/favicon_mekulo.png\",\"width\":50,\"height\":50,\"caption\":\"Mekulo\"},\"image\":{\"@id\":\"https:\/\/mekulo.com\/no\/#\/schema\/logo\/image\/\"}}]}<\/script>\n<!-- \/ Yoast SEO plugin. -->","yoast_head_json":{"title":"Halskjede med englevinger - Mekulo NO","robots":{"index":"index","follow":"follow","max-snippet":"max-snippet:-1","max-image-preview":"max-image-preview:large","max-video-preview":"max-video-preview:-1"},"canonical":"https:\/\/mekulo.com\/no\/produkt\/halskjede-med-englevinger\/","og_locale":"nb_NO","og_type":"article","og_title":"Halskjede med englevinger - Mekulo NO","og_description":"\ud83e\udebdDette englevingehalskjedet har et grasi\u00f8st vingedesign som symboliserer kj\u00e6rlighet, beskyttelse og skj\u00f8nnhet. \u2728Det glitrende strass og den myke, elegante stilen gj\u00f8r det perfekt til hverdagsbruk eller spesielle anledninger. \ud83d\udc96Halskjedet fremhever enkelt utseendet ditt samtidig som det gir en meningsfull touch.","og_url":"https:\/\/mekulo.com\/no\/produkt\/halskjede-med-englevinger\/","og_site_name":"Mekulo NO","article_modified_time":"2026-03-02T10:22:28+00:00","og_image":[{"width":800,"height":800,"url":"https:\/\/mekulo.com\/no\/wp-content\/uploads\/sites\/10\/2026\/02\/d48xro0-1.jpg","type":"image\/jpeg"}],"twitter_card":"summary_large_image","twitter_misc":{"Ansl. lesetid":"2 minutter"},"schema":{"@context":"https:\/\/schema.org","@graph":[{"@type":"WebPage","@id":"https:\/\/mekulo.com\/no\/produkt\/halskjede-med-englevinger\/","url":"https:\/\/mekulo.com\/no\/produkt\/halskjede-med-englevinger\/","name":"Halskjede med englevinger - Mekulo NO","isPartOf":{"@id":"https:\/\/mekulo.com\/no\/#website"},"primaryImageOfPage":{"@id":"https:\/\/mekulo.com\/no\/produkt\/halskjede-med-englevinger\/#primaryimage"},"image":{"@id":"https:\/\/mekulo.com\/no\/produkt\/halskjede-med-englevinger\/#primaryimage"},"thumbnailUrl":"https:\/\/mekulo.com\/no\/wp-content\/uploads\/sites\/10\/2026\/02\/d48xro0-1.jpg","datePublished":"2026-02-09T14:54:21+00:00","dateModified":"2026-03-02T10:22:28+00:00","breadcrumb":{"@id":"https:\/\/mekulo.com\/no\/produkt\/halskjede-med-englevinger\/#breadcrumb"},"inLanguage":"nb-NO","potentialAction":[{"@type":"ReadAction","target":["https:\/\/mekulo.com\/no\/produkt\/halskjede-med-englevinger\/"]}]},{"@type":"ImageObject","inLanguage":"nb-NO","@id":"https:\/\/mekulo.com\/no\/produkt\/halskjede-med-englevinger\/#primaryimage","url":"https:\/\/mekulo.com\/no\/wp-content\/uploads\/sites\/10\/2026\/02\/d48xro0-1.jpg","contentUrl":"https:\/\/mekulo.com\/no\/wp-content\/uploads\/sites\/10\/2026\/02\/d48xro0-1.jpg","width":800,"height":800},{"@type":"BreadcrumbList","@id":"https:\/\/mekulo.com\/no\/produkt\/halskjede-med-englevinger\/#breadcrumb","itemListElement":[{"@type":"ListItem","position":1,"name":"Home","item":"https:\/\/mekulo.com\/no\/"},{"@type":"ListItem","position":2,"name":"Butikk","item":"https:\/\/mekulo.com\/no\/butikk\/"},{"@type":"ListItem","position":3,"name":"Halskjede med englevinger"}]},{"@type":"WebSite","@id":"https:\/\/mekulo.com\/no\/#website","url":"https:\/\/mekulo.com\/no\/","name":"Mekulo NO","description":"","publisher":{"@id":"https:\/\/mekulo.com\/no\/#organization"},"potentialAction":[{"@type":"SearchAction","target":{"@type":"EntryPoint","urlTemplate":"https:\/\/mekulo.com\/no\/?s={search_term_string}"},"query-input":{"@type":"PropertyValueSpecification","valueRequired":true,"valueName":"search_term_string"}}],"inLanguage":"nb-NO"},{"@type":"Organization","@id":"https:\/\/mekulo.com\/no\/#organization","name":"Mekulo","url":"https:\/\/mekulo.com\/no\/","logo":{"@type":"ImageObject","inLanguage":"nb-NO","@id":"https:\/\/mekulo.com\/no\/#\/schema\/logo\/image\/","url":"https:\/\/mekulo.com\/no\/wp-content\/uploads\/sites\/10\/2025\/12\/favicon_mekulo.png","contentUrl":"https:\/\/mekulo.com\/no\/wp-content\/uploads\/sites\/10\/2025\/12\/favicon_mekulo.png","width":50,"height":50,"caption":"Mekulo"},"image":{"@id":"https:\/\/mekulo.com\/no\/#\/schema\/logo\/image\/"}}]}},"_links":{"self":[{"href":"https:\/\/mekulo.com\/no\/wp-json\/wp\/v2\/product\/22230","targetHints":{"allow":["GET"]}}],"collection":[{"href":"https:\/\/mekulo.com\/no\/wp-json\/wp\/v2\/product"}],"about":[{"href":"https:\/\/mekulo.com\/no\/wp-json\/wp\/v2\/types\/product"}],"replies":[{"embeddable":true,"href":"https:\/\/mekulo.com\/no\/wp-json\/wp\/v2\/comments?post=22230"}],"wp:featuredmedia":[{"embeddable":true,"href":"https:\/\/mekulo.com\/no\/wp-json\/wp\/v2\/media\/22226"}],"wp:attachment":[{"href":"https:\/\/mekulo.com\/no\/wp-json\/wp\/v2\/media?parent=22230"}],"wp:term":[{"taxonomy":"product_brand","embeddable":true,"href":"https:\/\/mekulo.com\/no\/wp-json\/wp\/v2\/product_brand?post=22230"},{"taxonomy":"product_cat","embeddable":true,"href":"https:\/\/mekulo.com\/no\/wp-json\/wp\/v2\/product_cat?post=22230"},{"taxonomy":"product_tag","embeddable":true,"href":"https:\/\/mekulo.com\/no\/wp-json\/wp\/v2\/product_tag?post=22230"}],"curies":[{"name":"wp","href":"https:\/\/api.w.org\/{rel}","templated":true}]}}