{"id":22189,"date":"2026-02-09T16:50:51","date_gmt":"2026-02-09T14:50:51","guid":{"rendered":"https:\/\/mekulo.com\/no\/produkt\/elegante-twist-oreringer\/"},"modified":"2026-03-02T12:23:30","modified_gmt":"2026-03-02T10:23:30","slug":"elegante-twist-oreringer","status":"publish","type":"product","link":"https:\/\/mekulo.com\/no\/produkt\/elegante-twist-oreringer\/","title":{"rendered":"Elegante twist-\u00f8reringer"},"content":{"rendered":"<p style=\"text-align: center\" data-start=\"0\" data-end=\"49\"><strong data-start=\"0\" data-end=\"49\">Tilf\u00f8rer \u00f8yeblikkelig eleganse og glitter til ethvert look. \ud83d\udc57<\/strong><\/p>\n<p data-start=\"0\" data-end=\"49\"><img decoding=\"async\" class=\"size-full wp-image-23734 aligncenter\" src=\"https:\/\/mekulo.com\/template\/wp-content\/uploads\/sites\/6\/2026\/02\/2881c07213bfe7343fa0f0960a44be1960cef304-800.avif\" alt=\"\" \/><\/p>\n<h2 style=\"text-align: center\" data-start=\"347\" data-end=\"364\"><strong>Hovedfordeler \u2728<\/strong><\/h2>\n<p data-start=\"367\" data-end=\"428\">\u2728 Elegant twist-design &#8211; i\u00f8ynefallende og full av glans.<\/p>\n<p data-start=\"431\" data-end=\"494\">\ud83d\udc96 Symbol p\u00e5 kj\u00e6rlighet og tilknytning &#8211; meningsfylt og stilig.<\/p>\n<p data-start=\"497\" data-end=\"554\">\ud83d\udc42 Lett og behagelig &#8211; lett \u00e5 ha p\u00e5 lenge.<\/p>\n<p data-start=\"557\" data-end=\"618\">\ud83c\udf1f Allsidig stil &#8211; perfekt for uformelle eller formelle utseende.<\/p>\n<p data-start=\"621\" data-end=\"684\">\ud83c\udf81 Perfekt gavevalg &#8211; perfekt for kj\u00e6re eller deg selv.<\/p>\n<p data-start=\"621\" data-end=\"684\"><img decoding=\"async\" class=\"size-full wp-image-23738 aligncenter\" src=\"https:\/\/mekulo.com\/template\/wp-content\/uploads\/sites\/6\/2026\/02\/fe6a92c10af9f3fa85fe6b604421994f7caa774a-800.avif\" alt=\"\" \/><\/p>\n<h2 style=\"text-align: center\" data-start=\"894\" data-end=\"913\"><strong>Produktdetaljer \ud83d\udccf<\/strong><\/h2>\n<ul data-start=\"914\" data-end=\"1054\">\n<li data-start=\"914\" data-end=\"934\">\n<p data-start=\"916\" data-end=\"934\">Materiale: Kobber<\/p>\n<\/li>\n<li data-start=\"935\" data-end=\"968\">\n<p data-start=\"937\" data-end=\"968\">Vekt: Ca. 10 g<\/p>\n<\/li>\n<li data-start=\"969\" data-end=\"987\">\n<p data-start=\"971\" data-end=\"987\">St\u00f8rrelse: 4 x 4 cm<\/p>\n<\/li>\n<li data-start=\"988\" data-end=\"1021\">\n<p data-start=\"990\" data-end=\"1021\">Stil: Mote twist \u00f8redobber<\/p>\n<\/li>\n<li data-start=\"1022\" data-end=\"1054\">\n<p data-start=\"1024\" data-end=\"1054\">Egnede for: Alle aldersgrupper<\/p>\n<\/li>\n<\/ul>\n<h2 style=\"text-align: center\" data-start=\"1056\" data-end=\"1076\"><strong>Pakken inkluderer \ud83d\udce6<\/strong><\/h2>\n<ul data-start=\"1077\" data-end=\"1111\" data-is-last-node=\"\" data-is-only-node=\"\">\n<li data-start=\"1077\" data-end=\"1111\" data-is-last-node=\"\">\n<p data-start=\"1079\" data-end=\"1111\" data-is-last-node=\"\">1x par twist-\u00f8reringer.<\/p>\n<\/li>\n<\/ul>\n","protected":false},"excerpt":{"rendered":"<p>\ud83d\udc42Disse elegante twist-\u00f8reringene gir en vakker glans og grasi\u00f8s bevegelse som l\u00f8fter b\u00e5de hverdagsantrekk og spesielle anledninger.<br \/>\n\ud83d\udc98Deres flytende twist-design symboliserer kj\u00e6rlighet og tilknytning samtidig som de fanger lyset fra alle vinkler.<br \/>\n\ud83c\udf03De er lette, i\u00f8ynefallende og enkle \u00e5 ha p\u00e5 seg hele dagen eller kvelden.<\/p>\n","protected":false},"featured_media":22185,"comment_status":"open","ping_status":"closed","template":"","meta":{"site-sidebar-layout":"default","site-content-layout":"","ast-site-content-layout":"default","site-content-style":"default","site-sidebar-style":"default","ast-global-header-display":"","ast-banner-title-visibility":"","ast-main-header-display":"","ast-hfb-above-header-display":"","ast-hfb-below-header-display":"","ast-hfb-mobile-header-display":"","site-post-title":"","ast-breadcrumbs-content":"","ast-featured-img":"","footer-sml-layout":"","theme-transparent-header-meta":"default","adv-header-id-meta":"","stick-header-meta":"","header-above-stick-meta":"","header-main-stick-meta":"","header-below-stick-meta":"","astra-migrate-meta-layouts":"set","ast-page-background-enabled":"default","ast-page-background-meta":{"desktop":{"background-color":"var(--ast-global-color-5)","background-image":"","background-repeat":"repeat","background-position":"center center","background-size":"auto","background-attachment":"scroll","background-type":"","background-media":"","overlay-type":"","overlay-color":"","overlay-opacity":"","overlay-gradient":""},"tablet":{"background-color":"","background-image":"","background-repeat":"repeat","background-position":"center center","background-size":"auto","background-attachment":"scroll","background-type":"","background-media":"","overlay-type":"","overlay-color":"","overlay-opacity":"","overlay-gradient":""},"mobile":{"background-color":"","background-image":"","background-repeat":"repeat","background-position":"center center","background-size":"auto","background-attachment":"scroll","background-type":"","background-media":"","overlay-type":"","overlay-color":"","overlay-opacity":"","overlay-gradient":""}},"ast-content-background-meta":{"desktop":{"background-color":"var(--ast-global-color-4)","background-image":"","background-repeat":"repeat","background-position":"center center","background-size":"auto","background-attachment":"scroll","background-type":"","background-media":"","overlay-type":"","overlay-color":"","overlay-opacity":"","overlay-gradient":""},"tablet":{"background-color":"var(--ast-global-color-4)","background-image":"","background-repeat":"repeat","background-position":"center center","background-size":"auto","background-attachment":"scroll","background-type":"","background-media":"","overlay-type":"","overlay-color":"","overlay-opacity":"","overlay-gradient":""},"mobile":{"background-color":"var(--ast-global-color-4)","background-image":"","background-repeat":"repeat","background-position":"center center","background-size":"auto","background-attachment":"scroll","background-type":"","background-media":"","overlay-type":"","overlay-color":"","overlay-opacity":"","overlay-gradient":""}}},"product_brand":[],"product_cat":[165],"product_tag":[],"class_list":{"0":"post-22189","1":"product","2":"type-product","3":"status-publish","4":"has-post-thumbnail","6":"product_cat-fottoy-tilbehor","7":"pa_55482_uynx3l3m-gull","8":"pa_55482_uynx3l3m-solv","9":"desktop-align-left","10":"tablet-align-left","11":"mobile-align-left","13":"first","14":"instock","15":"shipping-taxable","16":"purchasable","17":"product-type-variable"},"yoast_head":"<!-- This site is optimized with the Yoast SEO plugin v26.6 - https:\/\/yoast.com\/wordpress\/plugins\/seo\/ -->\n<title>Elegante twist-\u00f8reringer - Mekulo NO<\/title>\n<meta name=\"robots\" content=\"index, follow, max-snippet:-1, max-image-preview:large, max-video-preview:-1\" \/>\n<link rel=\"canonical\" href=\"https:\/\/mekulo.com\/no\/produkt\/elegante-twist-oreringer\/\" \/>\n<meta property=\"og:locale\" content=\"nb_NO\" \/>\n<meta property=\"og:type\" content=\"article\" \/>\n<meta property=\"og:title\" content=\"Elegante twist-\u00f8reringer - Mekulo NO\" \/>\n<meta property=\"og:description\" content=\"\ud83d\udc42Disse elegante twist-\u00f8reringene gir en vakker glans og grasi\u00f8s bevegelse som l\u00f8fter b\u00e5de hverdagsantrekk og spesielle anledninger. \ud83d\udc98Deres flytende twist-design symboliserer kj\u00e6rlighet og tilknytning samtidig som de fanger lyset fra alle vinkler. \ud83c\udf03De er lette, i\u00f8ynefallende og enkle \u00e5 ha p\u00e5 seg hele dagen eller kvelden.\" \/>\n<meta property=\"og:url\" content=\"https:\/\/mekulo.com\/no\/produkt\/elegante-twist-oreringer\/\" \/>\n<meta property=\"og:site_name\" content=\"Mekulo NO\" \/>\n<meta property=\"article:modified_time\" content=\"2026-03-02T10:23:30+00:00\" \/>\n<meta property=\"og:image\" content=\"https:\/\/mekulo.com\/no\/wp-content\/uploads\/sites\/10\/2026\/02\/qzwv3ba-1.jpg\" \/>\n\t<meta property=\"og:image:width\" content=\"600\" \/>\n\t<meta property=\"og:image:height\" content=\"600\" \/>\n\t<meta property=\"og:image:type\" content=\"image\/jpeg\" \/>\n<meta name=\"twitter:card\" content=\"summary_large_image\" \/>\n<meta name=\"twitter:label1\" content=\"Ansl. lesetid\" \/>\n\t<meta name=\"twitter:data1\" content=\"1 minutt\" \/>\n<script type=\"application\/ld+json\" class=\"yoast-schema-graph\">{\"@context\":\"https:\/\/schema.org\",\"@graph\":[{\"@type\":\"WebPage\",\"@id\":\"https:\/\/mekulo.com\/no\/produkt\/elegante-twist-oreringer\/\",\"url\":\"https:\/\/mekulo.com\/no\/produkt\/elegante-twist-oreringer\/\",\"name\":\"Elegante twist-\u00f8reringer - Mekulo NO\",\"isPartOf\":{\"@id\":\"https:\/\/mekulo.com\/no\/#website\"},\"primaryImageOfPage\":{\"@id\":\"https:\/\/mekulo.com\/no\/produkt\/elegante-twist-oreringer\/#primaryimage\"},\"image\":{\"@id\":\"https:\/\/mekulo.com\/no\/produkt\/elegante-twist-oreringer\/#primaryimage\"},\"thumbnailUrl\":\"https:\/\/mekulo.com\/no\/wp-content\/uploads\/sites\/10\/2026\/02\/qzwv3ba-1.jpg\",\"datePublished\":\"2026-02-09T14:50:51+00:00\",\"dateModified\":\"2026-03-02T10:23:30+00:00\",\"breadcrumb\":{\"@id\":\"https:\/\/mekulo.com\/no\/produkt\/elegante-twist-oreringer\/#breadcrumb\"},\"inLanguage\":\"nb-NO\",\"potentialAction\":[{\"@type\":\"ReadAction\",\"target\":[\"https:\/\/mekulo.com\/no\/produkt\/elegante-twist-oreringer\/\"]}]},{\"@type\":\"ImageObject\",\"inLanguage\":\"nb-NO\",\"@id\":\"https:\/\/mekulo.com\/no\/produkt\/elegante-twist-oreringer\/#primaryimage\",\"url\":\"https:\/\/mekulo.com\/no\/wp-content\/uploads\/sites\/10\/2026\/02\/qzwv3ba-1.jpg\",\"contentUrl\":\"https:\/\/mekulo.com\/no\/wp-content\/uploads\/sites\/10\/2026\/02\/qzwv3ba-1.jpg\",\"width\":600,\"height\":600},{\"@type\":\"BreadcrumbList\",\"@id\":\"https:\/\/mekulo.com\/no\/produkt\/elegante-twist-oreringer\/#breadcrumb\",\"itemListElement\":[{\"@type\":\"ListItem\",\"position\":1,\"name\":\"Home\",\"item\":\"https:\/\/mekulo.com\/no\/\"},{\"@type\":\"ListItem\",\"position\":2,\"name\":\"Butikk\",\"item\":\"https:\/\/mekulo.com\/no\/butikk\/\"},{\"@type\":\"ListItem\",\"position\":3,\"name\":\"Elegante twist-\u00f8reringer\"}]},{\"@type\":\"WebSite\",\"@id\":\"https:\/\/mekulo.com\/no\/#website\",\"url\":\"https:\/\/mekulo.com\/no\/\",\"name\":\"Mekulo NO\",\"description\":\"\",\"publisher\":{\"@id\":\"https:\/\/mekulo.com\/no\/#organization\"},\"potentialAction\":[{\"@type\":\"SearchAction\",\"target\":{\"@type\":\"EntryPoint\",\"urlTemplate\":\"https:\/\/mekulo.com\/no\/?s={search_term_string}\"},\"query-input\":{\"@type\":\"PropertyValueSpecification\",\"valueRequired\":true,\"valueName\":\"search_term_string\"}}],\"inLanguage\":\"nb-NO\"},{\"@type\":\"Organization\",\"@id\":\"https:\/\/mekulo.com\/no\/#organization\",\"name\":\"Mekulo\",\"url\":\"https:\/\/mekulo.com\/no\/\",\"logo\":{\"@type\":\"ImageObject\",\"inLanguage\":\"nb-NO\",\"@id\":\"https:\/\/mekulo.com\/no\/#\/schema\/logo\/image\/\",\"url\":\"https:\/\/mekulo.com\/no\/wp-content\/uploads\/sites\/10\/2025\/12\/favicon_mekulo.png\",\"contentUrl\":\"https:\/\/mekulo.com\/no\/wp-content\/uploads\/sites\/10\/2025\/12\/favicon_mekulo.png\",\"width\":50,\"height\":50,\"caption\":\"Mekulo\"},\"image\":{\"@id\":\"https:\/\/mekulo.com\/no\/#\/schema\/logo\/image\/\"}}]}<\/script>\n<!-- \/ Yoast SEO plugin. -->","yoast_head_json":{"title":"Elegante twist-\u00f8reringer - Mekulo NO","robots":{"index":"index","follow":"follow","max-snippet":"max-snippet:-1","max-image-preview":"max-image-preview:large","max-video-preview":"max-video-preview:-1"},"canonical":"https:\/\/mekulo.com\/no\/produkt\/elegante-twist-oreringer\/","og_locale":"nb_NO","og_type":"article","og_title":"Elegante twist-\u00f8reringer - Mekulo NO","og_description":"\ud83d\udc42Disse elegante twist-\u00f8reringene gir en vakker glans og grasi\u00f8s bevegelse som l\u00f8fter b\u00e5de hverdagsantrekk og spesielle anledninger. \ud83d\udc98Deres flytende twist-design symboliserer kj\u00e6rlighet og tilknytning samtidig som de fanger lyset fra alle vinkler. \ud83c\udf03De er lette, i\u00f8ynefallende og enkle \u00e5 ha p\u00e5 seg hele dagen eller kvelden.","og_url":"https:\/\/mekulo.com\/no\/produkt\/elegante-twist-oreringer\/","og_site_name":"Mekulo NO","article_modified_time":"2026-03-02T10:23:30+00:00","og_image":[{"width":600,"height":600,"url":"https:\/\/mekulo.com\/no\/wp-content\/uploads\/sites\/10\/2026\/02\/qzwv3ba-1.jpg","type":"image\/jpeg"}],"twitter_card":"summary_large_image","twitter_misc":{"Ansl. lesetid":"1 minutt"},"schema":{"@context":"https:\/\/schema.org","@graph":[{"@type":"WebPage","@id":"https:\/\/mekulo.com\/no\/produkt\/elegante-twist-oreringer\/","url":"https:\/\/mekulo.com\/no\/produkt\/elegante-twist-oreringer\/","name":"Elegante twist-\u00f8reringer - Mekulo NO","isPartOf":{"@id":"https:\/\/mekulo.com\/no\/#website"},"primaryImageOfPage":{"@id":"https:\/\/mekulo.com\/no\/produkt\/elegante-twist-oreringer\/#primaryimage"},"image":{"@id":"https:\/\/mekulo.com\/no\/produkt\/elegante-twist-oreringer\/#primaryimage"},"thumbnailUrl":"https:\/\/mekulo.com\/no\/wp-content\/uploads\/sites\/10\/2026\/02\/qzwv3ba-1.jpg","datePublished":"2026-02-09T14:50:51+00:00","dateModified":"2026-03-02T10:23:30+00:00","breadcrumb":{"@id":"https:\/\/mekulo.com\/no\/produkt\/elegante-twist-oreringer\/#breadcrumb"},"inLanguage":"nb-NO","potentialAction":[{"@type":"ReadAction","target":["https:\/\/mekulo.com\/no\/produkt\/elegante-twist-oreringer\/"]}]},{"@type":"ImageObject","inLanguage":"nb-NO","@id":"https:\/\/mekulo.com\/no\/produkt\/elegante-twist-oreringer\/#primaryimage","url":"https:\/\/mekulo.com\/no\/wp-content\/uploads\/sites\/10\/2026\/02\/qzwv3ba-1.jpg","contentUrl":"https:\/\/mekulo.com\/no\/wp-content\/uploads\/sites\/10\/2026\/02\/qzwv3ba-1.jpg","width":600,"height":600},{"@type":"BreadcrumbList","@id":"https:\/\/mekulo.com\/no\/produkt\/elegante-twist-oreringer\/#breadcrumb","itemListElement":[{"@type":"ListItem","position":1,"name":"Home","item":"https:\/\/mekulo.com\/no\/"},{"@type":"ListItem","position":2,"name":"Butikk","item":"https:\/\/mekulo.com\/no\/butikk\/"},{"@type":"ListItem","position":3,"name":"Elegante twist-\u00f8reringer"}]},{"@type":"WebSite","@id":"https:\/\/mekulo.com\/no\/#website","url":"https:\/\/mekulo.com\/no\/","name":"Mekulo NO","description":"","publisher":{"@id":"https:\/\/mekulo.com\/no\/#organization"},"potentialAction":[{"@type":"SearchAction","target":{"@type":"EntryPoint","urlTemplate":"https:\/\/mekulo.com\/no\/?s={search_term_string}"},"query-input":{"@type":"PropertyValueSpecification","valueRequired":true,"valueName":"search_term_string"}}],"inLanguage":"nb-NO"},{"@type":"Organization","@id":"https:\/\/mekulo.com\/no\/#organization","name":"Mekulo","url":"https:\/\/mekulo.com\/no\/","logo":{"@type":"ImageObject","inLanguage":"nb-NO","@id":"https:\/\/mekulo.com\/no\/#\/schema\/logo\/image\/","url":"https:\/\/mekulo.com\/no\/wp-content\/uploads\/sites\/10\/2025\/12\/favicon_mekulo.png","contentUrl":"https:\/\/mekulo.com\/no\/wp-content\/uploads\/sites\/10\/2025\/12\/favicon_mekulo.png","width":50,"height":50,"caption":"Mekulo"},"image":{"@id":"https:\/\/mekulo.com\/no\/#\/schema\/logo\/image\/"}}]}},"_links":{"self":[{"href":"https:\/\/mekulo.com\/no\/wp-json\/wp\/v2\/product\/22189","targetHints":{"allow":["GET"]}}],"collection":[{"href":"https:\/\/mekulo.com\/no\/wp-json\/wp\/v2\/product"}],"about":[{"href":"https:\/\/mekulo.com\/no\/wp-json\/wp\/v2\/types\/product"}],"replies":[{"embeddable":true,"href":"https:\/\/mekulo.com\/no\/wp-json\/wp\/v2\/comments?post=22189"}],"wp:featuredmedia":[{"embeddable":true,"href":"https:\/\/mekulo.com\/no\/wp-json\/wp\/v2\/media\/22185"}],"wp:attachment":[{"href":"https:\/\/mekulo.com\/no\/wp-json\/wp\/v2\/media?parent=22189"}],"wp:term":[{"taxonomy":"product_brand","embeddable":true,"href":"https:\/\/mekulo.com\/no\/wp-json\/wp\/v2\/product_brand?post=22189"},{"taxonomy":"product_cat","embeddable":true,"href":"https:\/\/mekulo.com\/no\/wp-json\/wp\/v2\/product_cat?post=22189"},{"taxonomy":"product_tag","embeddable":true,"href":"https:\/\/mekulo.com\/no\/wp-json\/wp\/v2\/product_tag?post=22189"}],"curies":[{"name":"wp","href":"https:\/\/api.w.org\/{rel}","templated":true}]}}