{"id":22168,"date":"2026-02-09T16:48:56","date_gmt":"2026-02-09T14:48:56","guid":{"rendered":"https:\/\/mekulo.com\/no\/produkt\/baerbar-elektrisk-vaeskepumpe\/"},"modified":"2026-02-09T16:49:10","modified_gmt":"2026-02-09T14:49:10","slug":"baerbar-elektrisk-vaeskepumpe","status":"publish","type":"product","link":"https:\/\/mekulo.com\/no\/produkt\/baerbar-elektrisk-vaeskepumpe\/","title":{"rendered":"B\u00e6rbar elektrisk v\u00e6skepumpe"},"content":{"rendered":"<div class=\"flex flex-col text-sm pb-25\">\n<article class=\"text-token-text-primary w-full focus:outline-none [--shadow-height:45px] has-data-writing-block:pointer-events-none has-data-writing-block:-mt-(--shadow-height) has-data-writing-block:pt-(--shadow-height) [&amp;:has([data-writing-block])&gt;*]:pointer-events-auto scroll-mt-[calc(var(--header-height)+min(200px,max(70px,20svh)))]\" dir=\"auto\" data-turn-id=\"56aedfd7-2235-4d51-aacd-53ed5f368efc\" data-testid=\"conversation-turn-160\" data-scroll-anchor=\"true\" data-turn=\"assistant\">\n<div class=\"text-base my-auto mx-auto pb-10 [--thread-content-margin:--spacing(4)] @w-sm\/main:[--thread-content-margin:--spacing(6)] @w-lg\/main:[--thread-content-margin:--spacing(16)] px-(--thread-content-margin)\">\n<div class=\"[--thread-content-max-width:40rem] @w-lg\/main:[--thread-content-max-width:48rem] mx-auto max-w-(--thread-content-max-width) flex-1 group\/turn-messages focus-visible:outline-hidden relative flex w-full min-w-0 flex-col agent-turn\">\n<div class=\"flex max-w-full flex-col grow\">\n<div class=\"min-h-8 text-message relative flex w-full flex-col items-end gap-2 text-start break-words whitespace-normal [.text-message+&amp;]:mt-1\" dir=\"auto\" data-message-author-role=\"assistant\" data-message-id=\"4481e274-92ff-429e-a3cb-b5dac8d8b83d\" data-message-model-slug=\"gpt-5-2\">\n<div class=\"flex w-full flex-col gap-1 empty:hidden first:pt-[1px]\">\n<div class=\"markdown prose dark:prose-invert w-full wrap-break-word light markdown-new-styling\">\n<p style=\"text-align: center\" data-start=\"0\" data-end=\"65\"><strong data-start=\"0\" data-end=\"65\">Overf\u00f8r Drivstoff Og V\u00e6sker Raskt, Rent Og Uten S\u00f8l. \u26fd<\/strong><\/p>\n<p data-start=\"0\" data-end=\"65\"><img fetchpriority=\"high\" decoding=\"async\" class=\"size-full wp-image-23723 aligncenter\" src=\"https:\/\/mekulo.com\/template\/wp-content\/uploads\/sites\/6\/2026\/02\/S44f20596ca0d42b3b825278de8d4bab7b.jpg\" alt=\"\" width=\"1080\" height=\"1080\" \/><\/p>\n<h2 style=\"text-align: center\" data-start=\"396\" data-end=\"413\"><strong>Hovedfordeler \u26fd<\/strong><\/h2>\n<p data-start=\"416\" data-end=\"483\">\u26fd Rask pumpekraft &#8211; overf\u00f8rer opptil 9 l per minutt.<\/p>\n<p data-start=\"486\" data-end=\"554\">\ud83d\udd27 Justerbart munnstykke &#8211; bedre flytkontroll for ulike oppgaver.<\/p>\n<p data-start=\"557\" data-end=\"623\">\ud83d\udd04 Bred kompatibilitet &#8211; passer til de fleste drivstoffbeholdere p\u00e5 11-18 l.<\/p>\n<p data-start=\"626\" data-end=\"691\">\ud83e\uddf1 Slitesterkt materiale &#8211; korrosjonsbestandig og bygget for \u00e5 vare.<\/p>\n<p data-start=\"694\" data-end=\"751\">\ud83d\udeab Lekkasjesikker slange &#8211; ren og sikker v\u00e6skeoverf\u00f8ring.<\/p>\n<p data-start=\"694\" data-end=\"751\"><img decoding=\"async\" class=\"size-full wp-image-23721 aligncenter\" src=\"https:\/\/mekulo.com\/template\/wp-content\/uploads\/sites\/6\/2026\/02\/S3012c24a6add4d3f95f0cd463ec06aael.jpg\" alt=\"\" width=\"1080\" height=\"1080\" \/><\/p>\n<h2 style=\"text-align: center\" data-start=\"753\" data-end=\"767\"><strong>Slik Bruker Du \ud83d\udccc<\/strong><\/h2>\n<ol data-start=\"768\" data-end=\"1036\">\n<li data-start=\"768\" data-end=\"816\">\n<p data-start=\"771\" data-end=\"816\">Sett inn de riktige batteriene i pumpen.<\/p>\n<\/li>\n<li data-start=\"817\" data-end=\"867\">\n<p data-start=\"820\" data-end=\"867\">Plasser sugeslangen helt inn i v\u00e6sken.<\/p>\n<\/li>\n<li data-start=\"868\" data-end=\"925\">\n<p data-start=\"871\" data-end=\"925\">Sett slangen inn i beholderen du vil fylle.<\/p>\n<\/li>\n<li data-start=\"926\" data-end=\"980\">\n<p data-start=\"929\" data-end=\"980\">Trykk og hold inne str\u00f8mknappen for \u00e5 begynne \u00e5 pumpe.<\/p>\n<\/li>\n<li data-start=\"981\" data-end=\"1036\">\n<p data-start=\"984\" data-end=\"1036\">Slipp knappen f\u00f8r beholderen overfylles.<\/p>\n<\/li>\n<\/ol>\n<h2 style=\"text-align: center\" data-start=\"1038\" data-end=\"1057\"><strong>Produktdetaljer \ud83d\udccf<\/strong><\/h2>\n<ul data-start=\"1058\" data-end=\"1472\">\n<li data-start=\"1058\" data-end=\"1079\">\n<p data-start=\"1060\" data-end=\"1079\">Materiale: Plast<\/p>\n<\/li>\n<li data-start=\"1106\" data-end=\"1137\">\n<p data-start=\"1108\" data-end=\"1137\">Tr\u00e5lengde: Ca. 90 cm<\/p>\n<\/li>\n<li data-start=\"1138\" data-end=\"1181\">\n<p data-start=\"1140\" data-end=\"1181\">Flytehastighet: Opptil 9 l per minutt<\/p>\n<\/li>\n<li data-start=\"1182\" data-end=\"1209\">\n<p data-start=\"1184\" data-end=\"1209\">Effekt: Batteridrevet<\/p>\n<\/li>\n<li data-start=\"1333\" data-end=\"1409\">\n<p data-start=\"1335\" data-end=\"1409\">Egnet for: Bensin, diesel, parafin, lette oljer, ikke-drikkevann<\/p>\n<\/li>\n<li data-start=\"1410\" data-end=\"1472\">\n<p data-start=\"1412\" data-end=\"1472\">Ikke egnet for: Drikkevann, kjemikalier, tykke v\u00e6sker<\/p>\n<\/li>\n<li data-start=\"1410\" data-end=\"1472\">\n<p data-start=\"1412\" data-end=\"1472\">Batterityper: 6x AA-batterier eller 2x D-batterier<\/p>\n<\/li>\n<li data-start=\"1410\" data-end=\"1472\">St\u00f8rrelse: 59 x 4,5 x 2 cm<\/li>\n<\/ul>\n<h2 style=\"text-align: center\" data-start=\"1474\" data-end=\"1494\"><strong>Pakken Inkluderer \ud83d\udce6<\/strong><\/h2>\n<ul data-start=\"1495\" data-end=\"1556\" data-is-last-node=\"\" data-is-only-node=\"\">\n<li data-start=\"1495\" data-end=\"1556\" data-is-last-node=\"\">\n<p data-start=\"1497\" data-end=\"1556\" data-is-last-node=\"\">Alternativ A: 1x b\u00e6rbar elektrisk v\u00e6skepumpe<\/p>\n<\/li>\n<li data-start=\"1495\" data-end=\"1556\" data-is-last-node=\"\">Alternativ B: 1x b\u00e6rbar elektrisk v\u00e6skepumpe, 2x batterirom.<\/li>\n<\/ul>\n<\/div>\n<\/div>\n<\/div>\n<\/div>\n<\/div>\n<\/div>\n<\/article>\n<\/div>\n","protected":false},"excerpt":{"rendered":"<p>\ud83d\udd04Denne b\u00e6rbare, elektriske v\u00e6skepumpen gj\u00f8r det raskt og enkelt \u00e5 flytte drivstoff og andre v\u00e6sker ved \u00e5 trykke p\u00e5 en knapp.<br \/>\n\ud83d\udeabDen har et justerbart munnstykke og en lang slange for kontrollert, spillfri overf\u00f8ring fra fat og tanker.<br \/>\n\ud83c\udfe1Denne pumpen er ideell for garasjer, verksteder, biler, b\u00e5ter og n\u00f8dstilfeller der hastighet og sikkerhet er viktig.<\/p>\n","protected":false},"featured_media":22164,"comment_status":"open","ping_status":"closed","template":"","meta":{"site-sidebar-layout":"default","site-content-layout":"","ast-site-content-layout":"default","site-content-style":"default","site-sidebar-style":"default","ast-global-header-display":"","ast-banner-title-visibility":"","ast-main-header-display":"","ast-hfb-above-header-display":"","ast-hfb-below-header-display":"","ast-hfb-mobile-header-display":"","site-post-title":"","ast-breadcrumbs-content":"","ast-featured-img":"","footer-sml-layout":"","theme-transparent-header-meta":"default","adv-header-id-meta":"","stick-header-meta":"","header-above-stick-meta":"","header-main-stick-meta":"","header-below-stick-meta":"","astra-migrate-meta-layouts":"set","ast-page-background-enabled":"default","ast-page-background-meta":{"desktop":{"background-color":"var(--ast-global-color-5)","background-image":"","background-repeat":"repeat","background-position":"center center","background-size":"auto","background-attachment":"scroll","background-type":"","background-media":"","overlay-type":"","overlay-color":"","overlay-opacity":"","overlay-gradient":""},"tablet":{"background-color":"","background-image":"","background-repeat":"repeat","background-position":"center center","background-size":"auto","background-attachment":"scroll","background-type":"","background-media":"","overlay-type":"","overlay-color":"","overlay-opacity":"","overlay-gradient":""},"mobile":{"background-color":"","background-image":"","background-repeat":"repeat","background-position":"center center","background-size":"auto","background-attachment":"scroll","background-type":"","background-media":"","overlay-type":"","overlay-color":"","overlay-opacity":"","overlay-gradient":""}},"ast-content-background-meta":{"desktop":{"background-color":"var(--ast-global-color-4)","background-image":"","background-repeat":"repeat","background-position":"center center","background-size":"auto","background-attachment":"scroll","background-type":"","background-media":"","overlay-type":"","overlay-color":"","overlay-opacity":"","overlay-gradient":""},"tablet":{"background-color":"var(--ast-global-color-4)","background-image":"","background-repeat":"repeat","background-position":"center center","background-size":"auto","background-attachment":"scroll","background-type":"","background-media":"","overlay-type":"","overlay-color":"","overlay-opacity":"","overlay-gradient":""},"mobile":{"background-color":"var(--ast-global-color-4)","background-image":"","background-repeat":"repeat","background-position":"center center","background-size":"auto","background-attachment":"scroll","background-type":"","background-media":"","overlay-type":"","overlay-color":"","overlay-opacity":"","overlay-gradient":""}}},"product_brand":[],"product_cat":[161,171],"product_tag":[],"class_list":{"0":"post-22168","1":"product","2":"type-product","3":"status-publish","4":"has-post-thumbnail","6":"product_cat-bilprodukter","7":"product_cat-verktoy","8":"pa_55480_m2dniuhs-a","9":"pa_55480_m2dniuhs-b","10":"pa_55480_uwvzroyu-oransje","11":"pa_55480_uwvzroyu-rod","12":"desktop-align-left","13":"tablet-align-left","14":"mobile-align-left","16":"first","17":"instock","18":"shipping-taxable","19":"purchasable","20":"product-type-variable","21":"has-default-attributes"},"yoast_head":"<!-- This site is optimized with the Yoast SEO plugin v26.6 - https:\/\/yoast.com\/wordpress\/plugins\/seo\/ -->\n<title>B\u00e6rbar elektrisk v\u00e6skepumpe - Mekulo NO<\/title>\n<meta name=\"robots\" content=\"index, follow, max-snippet:-1, max-image-preview:large, max-video-preview:-1\" \/>\n<link rel=\"canonical\" href=\"https:\/\/mekulo.com\/no\/produkt\/baerbar-elektrisk-vaeskepumpe\/\" \/>\n<meta property=\"og:locale\" content=\"nb_NO\" \/>\n<meta property=\"og:type\" content=\"article\" \/>\n<meta property=\"og:title\" content=\"B\u00e6rbar elektrisk v\u00e6skepumpe - Mekulo NO\" \/>\n<meta property=\"og:description\" content=\"\ud83d\udd04Denne b\u00e6rbare, elektriske v\u00e6skepumpen gj\u00f8r det raskt og enkelt \u00e5 flytte drivstoff og andre v\u00e6sker ved \u00e5 trykke p\u00e5 en knapp. \ud83d\udeabDen har et justerbart munnstykke og en lang slange for kontrollert, spillfri overf\u00f8ring fra fat og tanker. \ud83c\udfe1Denne pumpen er ideell for garasjer, verksteder, biler, b\u00e5ter og n\u00f8dstilfeller der hastighet og sikkerhet er viktig.\" \/>\n<meta property=\"og:url\" content=\"https:\/\/mekulo.com\/no\/produkt\/baerbar-elektrisk-vaeskepumpe\/\" \/>\n<meta property=\"og:site_name\" content=\"Mekulo NO\" \/>\n<meta property=\"article:modified_time\" content=\"2026-02-09T14:49:10+00:00\" \/>\n<meta property=\"og:image\" content=\"https:\/\/mekulo.com\/no\/wp-content\/uploads\/sites\/10\/2026\/02\/bco1h5j-1.jpg\" \/>\n\t<meta property=\"og:image:width\" content=\"1080\" \/>\n\t<meta property=\"og:image:height\" content=\"1054\" \/>\n\t<meta property=\"og:image:type\" content=\"image\/jpeg\" \/>\n<meta name=\"twitter:card\" content=\"summary_large_image\" \/>\n<meta name=\"twitter:label1\" content=\"Ansl. lesetid\" \/>\n\t<meta name=\"twitter:data1\" content=\"2 minutter\" \/>\n<script type=\"application\/ld+json\" class=\"yoast-schema-graph\">{\"@context\":\"https:\/\/schema.org\",\"@graph\":[{\"@type\":\"WebPage\",\"@id\":\"https:\/\/mekulo.com\/no\/produkt\/baerbar-elektrisk-vaeskepumpe\/\",\"url\":\"https:\/\/mekulo.com\/no\/produkt\/baerbar-elektrisk-vaeskepumpe\/\",\"name\":\"B\u00e6rbar elektrisk v\u00e6skepumpe - Mekulo NO\",\"isPartOf\":{\"@id\":\"https:\/\/mekulo.com\/no\/#website\"},\"primaryImageOfPage\":{\"@id\":\"https:\/\/mekulo.com\/no\/produkt\/baerbar-elektrisk-vaeskepumpe\/#primaryimage\"},\"image\":{\"@id\":\"https:\/\/mekulo.com\/no\/produkt\/baerbar-elektrisk-vaeskepumpe\/#primaryimage\"},\"thumbnailUrl\":\"https:\/\/mekulo.com\/no\/wp-content\/uploads\/sites\/10\/2026\/02\/bco1h5j-1.jpg\",\"datePublished\":\"2026-02-09T14:48:56+00:00\",\"dateModified\":\"2026-02-09T14:49:10+00:00\",\"breadcrumb\":{\"@id\":\"https:\/\/mekulo.com\/no\/produkt\/baerbar-elektrisk-vaeskepumpe\/#breadcrumb\"},\"inLanguage\":\"nb-NO\",\"potentialAction\":[{\"@type\":\"ReadAction\",\"target\":[\"https:\/\/mekulo.com\/no\/produkt\/baerbar-elektrisk-vaeskepumpe\/\"]}]},{\"@type\":\"ImageObject\",\"inLanguage\":\"nb-NO\",\"@id\":\"https:\/\/mekulo.com\/no\/produkt\/baerbar-elektrisk-vaeskepumpe\/#primaryimage\",\"url\":\"https:\/\/mekulo.com\/no\/wp-content\/uploads\/sites\/10\/2026\/02\/bco1h5j-1.jpg\",\"contentUrl\":\"https:\/\/mekulo.com\/no\/wp-content\/uploads\/sites\/10\/2026\/02\/bco1h5j-1.jpg\",\"width\":1080,\"height\":1054},{\"@type\":\"BreadcrumbList\",\"@id\":\"https:\/\/mekulo.com\/no\/produkt\/baerbar-elektrisk-vaeskepumpe\/#breadcrumb\",\"itemListElement\":[{\"@type\":\"ListItem\",\"position\":1,\"name\":\"Home\",\"item\":\"https:\/\/mekulo.com\/no\/\"},{\"@type\":\"ListItem\",\"position\":2,\"name\":\"Butikk\",\"item\":\"https:\/\/mekulo.com\/no\/butikk\/\"},{\"@type\":\"ListItem\",\"position\":3,\"name\":\"B\u00e6rbar elektrisk v\u00e6skepumpe\"}]},{\"@type\":\"WebSite\",\"@id\":\"https:\/\/mekulo.com\/no\/#website\",\"url\":\"https:\/\/mekulo.com\/no\/\",\"name\":\"Mekulo NO\",\"description\":\"\",\"publisher\":{\"@id\":\"https:\/\/mekulo.com\/no\/#organization\"},\"potentialAction\":[{\"@type\":\"SearchAction\",\"target\":{\"@type\":\"EntryPoint\",\"urlTemplate\":\"https:\/\/mekulo.com\/no\/?s={search_term_string}\"},\"query-input\":{\"@type\":\"PropertyValueSpecification\",\"valueRequired\":true,\"valueName\":\"search_term_string\"}}],\"inLanguage\":\"nb-NO\"},{\"@type\":\"Organization\",\"@id\":\"https:\/\/mekulo.com\/no\/#organization\",\"name\":\"Mekulo\",\"url\":\"https:\/\/mekulo.com\/no\/\",\"logo\":{\"@type\":\"ImageObject\",\"inLanguage\":\"nb-NO\",\"@id\":\"https:\/\/mekulo.com\/no\/#\/schema\/logo\/image\/\",\"url\":\"https:\/\/mekulo.com\/no\/wp-content\/uploads\/sites\/10\/2025\/12\/favicon_mekulo.png\",\"contentUrl\":\"https:\/\/mekulo.com\/no\/wp-content\/uploads\/sites\/10\/2025\/12\/favicon_mekulo.png\",\"width\":50,\"height\":50,\"caption\":\"Mekulo\"},\"image\":{\"@id\":\"https:\/\/mekulo.com\/no\/#\/schema\/logo\/image\/\"}}]}<\/script>\n<!-- \/ Yoast SEO plugin. -->","yoast_head_json":{"title":"B\u00e6rbar elektrisk v\u00e6skepumpe - Mekulo NO","robots":{"index":"index","follow":"follow","max-snippet":"max-snippet:-1","max-image-preview":"max-image-preview:large","max-video-preview":"max-video-preview:-1"},"canonical":"https:\/\/mekulo.com\/no\/produkt\/baerbar-elektrisk-vaeskepumpe\/","og_locale":"nb_NO","og_type":"article","og_title":"B\u00e6rbar elektrisk v\u00e6skepumpe - Mekulo NO","og_description":"\ud83d\udd04Denne b\u00e6rbare, elektriske v\u00e6skepumpen gj\u00f8r det raskt og enkelt \u00e5 flytte drivstoff og andre v\u00e6sker ved \u00e5 trykke p\u00e5 en knapp. \ud83d\udeabDen har et justerbart munnstykke og en lang slange for kontrollert, spillfri overf\u00f8ring fra fat og tanker. \ud83c\udfe1Denne pumpen er ideell for garasjer, verksteder, biler, b\u00e5ter og n\u00f8dstilfeller der hastighet og sikkerhet er viktig.","og_url":"https:\/\/mekulo.com\/no\/produkt\/baerbar-elektrisk-vaeskepumpe\/","og_site_name":"Mekulo NO","article_modified_time":"2026-02-09T14:49:10+00:00","og_image":[{"width":1080,"height":1054,"url":"https:\/\/mekulo.com\/no\/wp-content\/uploads\/sites\/10\/2026\/02\/bco1h5j-1.jpg","type":"image\/jpeg"}],"twitter_card":"summary_large_image","twitter_misc":{"Ansl. lesetid":"2 minutter"},"schema":{"@context":"https:\/\/schema.org","@graph":[{"@type":"WebPage","@id":"https:\/\/mekulo.com\/no\/produkt\/baerbar-elektrisk-vaeskepumpe\/","url":"https:\/\/mekulo.com\/no\/produkt\/baerbar-elektrisk-vaeskepumpe\/","name":"B\u00e6rbar elektrisk v\u00e6skepumpe - Mekulo NO","isPartOf":{"@id":"https:\/\/mekulo.com\/no\/#website"},"primaryImageOfPage":{"@id":"https:\/\/mekulo.com\/no\/produkt\/baerbar-elektrisk-vaeskepumpe\/#primaryimage"},"image":{"@id":"https:\/\/mekulo.com\/no\/produkt\/baerbar-elektrisk-vaeskepumpe\/#primaryimage"},"thumbnailUrl":"https:\/\/mekulo.com\/no\/wp-content\/uploads\/sites\/10\/2026\/02\/bco1h5j-1.jpg","datePublished":"2026-02-09T14:48:56+00:00","dateModified":"2026-02-09T14:49:10+00:00","breadcrumb":{"@id":"https:\/\/mekulo.com\/no\/produkt\/baerbar-elektrisk-vaeskepumpe\/#breadcrumb"},"inLanguage":"nb-NO","potentialAction":[{"@type":"ReadAction","target":["https:\/\/mekulo.com\/no\/produkt\/baerbar-elektrisk-vaeskepumpe\/"]}]},{"@type":"ImageObject","inLanguage":"nb-NO","@id":"https:\/\/mekulo.com\/no\/produkt\/baerbar-elektrisk-vaeskepumpe\/#primaryimage","url":"https:\/\/mekulo.com\/no\/wp-content\/uploads\/sites\/10\/2026\/02\/bco1h5j-1.jpg","contentUrl":"https:\/\/mekulo.com\/no\/wp-content\/uploads\/sites\/10\/2026\/02\/bco1h5j-1.jpg","width":1080,"height":1054},{"@type":"BreadcrumbList","@id":"https:\/\/mekulo.com\/no\/produkt\/baerbar-elektrisk-vaeskepumpe\/#breadcrumb","itemListElement":[{"@type":"ListItem","position":1,"name":"Home","item":"https:\/\/mekulo.com\/no\/"},{"@type":"ListItem","position":2,"name":"Butikk","item":"https:\/\/mekulo.com\/no\/butikk\/"},{"@type":"ListItem","position":3,"name":"B\u00e6rbar elektrisk v\u00e6skepumpe"}]},{"@type":"WebSite","@id":"https:\/\/mekulo.com\/no\/#website","url":"https:\/\/mekulo.com\/no\/","name":"Mekulo NO","description":"","publisher":{"@id":"https:\/\/mekulo.com\/no\/#organization"},"potentialAction":[{"@type":"SearchAction","target":{"@type":"EntryPoint","urlTemplate":"https:\/\/mekulo.com\/no\/?s={search_term_string}"},"query-input":{"@type":"PropertyValueSpecification","valueRequired":true,"valueName":"search_term_string"}}],"inLanguage":"nb-NO"},{"@type":"Organization","@id":"https:\/\/mekulo.com\/no\/#organization","name":"Mekulo","url":"https:\/\/mekulo.com\/no\/","logo":{"@type":"ImageObject","inLanguage":"nb-NO","@id":"https:\/\/mekulo.com\/no\/#\/schema\/logo\/image\/","url":"https:\/\/mekulo.com\/no\/wp-content\/uploads\/sites\/10\/2025\/12\/favicon_mekulo.png","contentUrl":"https:\/\/mekulo.com\/no\/wp-content\/uploads\/sites\/10\/2025\/12\/favicon_mekulo.png","width":50,"height":50,"caption":"Mekulo"},"image":{"@id":"https:\/\/mekulo.com\/no\/#\/schema\/logo\/image\/"}}]}},"_links":{"self":[{"href":"https:\/\/mekulo.com\/no\/wp-json\/wp\/v2\/product\/22168","targetHints":{"allow":["GET"]}}],"collection":[{"href":"https:\/\/mekulo.com\/no\/wp-json\/wp\/v2\/product"}],"about":[{"href":"https:\/\/mekulo.com\/no\/wp-json\/wp\/v2\/types\/product"}],"replies":[{"embeddable":true,"href":"https:\/\/mekulo.com\/no\/wp-json\/wp\/v2\/comments?post=22168"}],"wp:featuredmedia":[{"embeddable":true,"href":"https:\/\/mekulo.com\/no\/wp-json\/wp\/v2\/media\/22164"}],"wp:attachment":[{"href":"https:\/\/mekulo.com\/no\/wp-json\/wp\/v2\/media?parent=22168"}],"wp:term":[{"taxonomy":"product_brand","embeddable":true,"href":"https:\/\/mekulo.com\/no\/wp-json\/wp\/v2\/product_brand?post=22168"},{"taxonomy":"product_cat","embeddable":true,"href":"https:\/\/mekulo.com\/no\/wp-json\/wp\/v2\/product_cat?post=22168"},{"taxonomy":"product_tag","embeddable":true,"href":"https:\/\/mekulo.com\/no\/wp-json\/wp\/v2\/product_tag?post=22168"}],"curies":[{"name":"wp","href":"https:\/\/api.w.org\/{rel}","templated":true}]}}