{"id":21963,"date":"2026-02-05T18:07:46","date_gmt":"2026-02-05T16:07:46","guid":{"rendered":"https:\/\/mekulo.com\/no\/produkt\/justerbar-pipenokkel\/"},"modified":"2026-02-05T18:07:53","modified_gmt":"2026-02-05T16:07:53","slug":"justerbar-pipenokkel","status":"publish","type":"product","link":"https:\/\/mekulo.com\/no\/produkt\/justerbar-pipenokkel\/","title":{"rendered":"Justerbar pipen\u00f8kkel"},"content":{"rendered":"<div class=\"flex max-w-full flex-col grow\">\n<div class=\"min-h-8 text-message relative flex w-full flex-col items-end gap-2 text-start break-words whitespace-normal [.text-message+&amp;]:mt-1\" dir=\"auto\" data-message-author-role=\"assistant\" data-message-id=\"ca65ede8-0c00-4cb9-9c36-fe63eb7c966b\" data-message-model-slug=\"gpt-5-2\">\n<div class=\"flex w-full flex-col gap-1 empty:hidden first:pt-[1px]\">\n<div class=\"markdown prose dark:prose-invert w-full wrap-break-word light markdown-new-styling\">\n<p style=\"text-align: center\" data-start=\"0\" data-end=\"41\"><strong data-start=\"0\" data-end=\"41\">Takler Nesten Alle Bolter Med Ett Verkt\u00f8y. \ud83d\udd29<\/strong><\/p>\n<p data-start=\"0\" data-end=\"41\"><img decoding=\"async\" class=\"size-full wp-image-23535 aligncenter\" src=\"https:\/\/mekulo.com\/template\/wp-content\/uploads\/sites\/6\/2026\/02\/88e918d9665fc85c543555dd7b68359090683824-700.avif\" alt=\"\" \/><\/p>\n<h2 style=\"text-align: center\" data-start=\"520\" data-end=\"537\">Hovedfordeler \ud83d\udd27<\/h2>\n<p data-start=\"540\" data-end=\"616\">\ud83d\udd27 Universell passform &#8211; Justerer seg automatisk til forskjellige st\u00f8rrelser og former.<\/p>\n<p data-start=\"619\" data-end=\"697\">\ud83d\udcaa Sterkt grep &#8211; H\u00e5ndterer standard 3\/8&#8243;-3\/4&#8243; og metriske 10-19 mm fester.<\/p>\n<p data-start=\"700\" data-end=\"777\">\ud83d\udee0\ufe0f Kraftig materiale &#8211; Laget av krom vanadiumst\u00e5l med h\u00f8y hardhet.<\/p>\n<p data-start=\"780\" data-end=\"843\">\u2699\ufe0f St\u00f8tte for h\u00f8yt dreiemoment &#8211; Fungerer med festemidler opp til 430NM.<\/p>\n<p data-start=\"846\" data-end=\"917\">\ud83c\udfe0 Bredt bruksomr\u00e5de &#8211; Ideell for reparasjoner i hjemmet, bilarbeid og konstruksjon.<\/p>\n<p data-start=\"846\" data-end=\"917\"><img fetchpriority=\"high\" decoding=\"async\" class=\"size-full wp-image-23532 aligncenter\" src=\"https:\/\/mekulo.com\/template\/wp-content\/uploads\/sites\/6\/2026\/02\/2b93a2f3414a3f3430a85bdcc6e0c1b9338aa996-700.jpg\" alt=\"\" width=\"1080\" height=\"1080\" \/><\/p>\n<h2 style=\"text-align: center\" data-start=\"919\" data-end=\"933\">Hvordan Du Bruker \ud83d\udccc<\/h2>\n<ol data-start=\"934\" data-end=\"1147\">\n<li data-start=\"934\" data-end=\"993\">\n<p data-start=\"937\" data-end=\"993\">Feste den magiske hylsen til en skiften\u00f8kkel eller elektrisk drill.<\/p>\n<\/li>\n<li data-start=\"994\" data-end=\"1037\">\n<p data-start=\"997\" data-end=\"1037\">Plasser hylsen over mutteren eller bolten.<\/p>\n<\/li>\n<li data-start=\"1038\" data-end=\"1088\">\n<p data-start=\"1041\" data-end=\"1088\">Trykk og vri for \u00e5 stramme eller l\u00f8sne.<\/p>\n<\/li>\n<li data-start=\"1089\" data-end=\"1147\">\n<p data-start=\"1092\" data-end=\"1147\">Hylsen tilpasser seg automatisk til festemiddelets form.<\/p>\n<\/li>\n<\/ol>\n<h2 style=\"text-align: center\" data-start=\"1149\" data-end=\"1168\">Produktdetaljer \ud83d\udccf<\/h2>\n<ul data-start=\"1169\" data-end=\"1388\">\n<li data-start=\"1222\" data-end=\"1257\">\n<p data-start=\"1224\" data-end=\"1257\">Materiale: Krom vanadiumst\u00e5l<\/p>\n<\/li>\n<li data-start=\"1258\" data-end=\"1275\">\n<p data-start=\"1260\" data-end=\"1275\">Farge: S\u00f8lv<\/p>\n<\/li>\n<li data-start=\"1276\" data-end=\"1305\">\n<p data-start=\"1278\" data-end=\"1305\">Hylsest\u00f8rrelse: 53,8 x 37 mm<\/p>\n<\/li>\n<li data-start=\"1306\" data-end=\"1343\">\n<p data-start=\"1308\" data-end=\"1343\">Koblingsstangst\u00f8rrelse: 65 x 9,35 mm<\/p>\n<\/li>\n<li data-start=\"1344\" data-end=\"1388\">\n<p data-start=\"1346\" data-end=\"1388\">Kompatible st\u00f8rrelser: 10-19 mm<\/p>\n<\/li>\n<\/ul>\n<h2 style=\"text-align: center\" data-start=\"1390\" data-end=\"1410\">Pakken Inkluderer \ud83d\udce6<\/h2>\n<ul data-start=\"1411\" data-end=\"1497\" data-is-last-node=\"\" data-is-only-node=\"\">\n<li data-start=\"1411\" data-end=\"1440\">\n<p data-start=\"1413\" data-end=\"1440\">Alternativ A: 1x hylse eller<\/p>\n<\/li>\n<li data-start=\"1441\" data-end=\"1461\">\n<p data-start=\"1443\" data-end=\"1461\">Alternativ B: 1x hylse og 1x bor.<\/p>\n<\/li>\n<\/ul>\n<\/div>\n<\/div>\n<\/div>\n<\/div>\n","protected":false},"excerpt":{"rendered":"<p>\ud83d\udd29Denne universale pipen\u00f8kkelen tilpasser seg ulike st\u00f8rrelser etter hvert som du trykker p\u00e5 den, slik at du kan h\u00e5ndtere mange oppgaver med ett enkelt verkt\u00f8y.<br \/>\n\u2699\ufe0fMade er laget av sterkt kromvanadiumst\u00e5l og er konstruert for holdbarhet og p\u00e5litelig ytelse under tung bruk.<br \/>\n\ud83e\uddd1\u200d\ud83d\udd27It griper muttere, bolter og festemidler sikkert, noe som gj\u00f8r reparasjoner raskere og enklere hjemme eller p\u00e5 jobben.<\/p>\n","protected":false},"featured_media":21959,"comment_status":"open","ping_status":"closed","template":"","meta":{"site-sidebar-layout":"default","site-content-layout":"","ast-site-content-layout":"default","site-content-style":"default","site-sidebar-style":"default","ast-global-header-display":"","ast-banner-title-visibility":"","ast-main-header-display":"","ast-hfb-above-header-display":"","ast-hfb-below-header-display":"","ast-hfb-mobile-header-display":"","site-post-title":"","ast-breadcrumbs-content":"","ast-featured-img":"","footer-sml-layout":"","theme-transparent-header-meta":"default","adv-header-id-meta":"","stick-header-meta":"","header-above-stick-meta":"","header-main-stick-meta":"","header-below-stick-meta":"","astra-migrate-meta-layouts":"set","ast-page-background-enabled":"default","ast-page-background-meta":{"desktop":{"background-color":"var(--ast-global-color-5)","background-image":"","background-repeat":"repeat","background-position":"center center","background-size":"auto","background-attachment":"scroll","background-type":"","background-media":"","overlay-type":"","overlay-color":"","overlay-opacity":"","overlay-gradient":""},"tablet":{"background-color":"","background-image":"","background-repeat":"repeat","background-position":"center center","background-size":"auto","background-attachment":"scroll","background-type":"","background-media":"","overlay-type":"","overlay-color":"","overlay-opacity":"","overlay-gradient":""},"mobile":{"background-color":"","background-image":"","background-repeat":"repeat","background-position":"center center","background-size":"auto","background-attachment":"scroll","background-type":"","background-media":"","overlay-type":"","overlay-color":"","overlay-opacity":"","overlay-gradient":""}},"ast-content-background-meta":{"desktop":{"background-color":"var(--ast-global-color-4)","background-image":"","background-repeat":"repeat","background-position":"center center","background-size":"auto","background-attachment":"scroll","background-type":"","background-media":"","overlay-type":"","overlay-color":"","overlay-opacity":"","overlay-gradient":""},"tablet":{"background-color":"var(--ast-global-color-4)","background-image":"","background-repeat":"repeat","background-position":"center center","background-size":"auto","background-attachment":"scroll","background-type":"","background-media":"","overlay-type":"","overlay-color":"","overlay-opacity":"","overlay-gradient":""},"mobile":{"background-color":"var(--ast-global-color-4)","background-image":"","background-repeat":"repeat","background-position":"center center","background-size":"auto","background-attachment":"scroll","background-type":"","background-media":"","overlay-type":"","overlay-color":"","overlay-opacity":"","overlay-gradient":""}}},"product_brand":[],"product_cat":[171],"product_tag":[],"class_list":{"0":"post-21963","1":"product","2":"type-product","3":"status-publish","4":"has-post-thumbnail","6":"product_cat-verktoy","7":"pa_54285_ow3guosh-a","8":"pa_54285_ow3guosh-b","9":"desktop-align-left","10":"tablet-align-left","11":"mobile-align-left","13":"first","14":"instock","15":"shipping-taxable","16":"purchasable","17":"product-type-variable"},"yoast_head":"<!-- This site is optimized with the Yoast SEO plugin v26.6 - https:\/\/yoast.com\/wordpress\/plugins\/seo\/ -->\n<title>Justerbar pipen\u00f8kkel - Mekulo NO<\/title>\n<meta name=\"robots\" content=\"index, follow, max-snippet:-1, max-image-preview:large, max-video-preview:-1\" \/>\n<link rel=\"canonical\" href=\"https:\/\/mekulo.com\/no\/produkt\/justerbar-pipenokkel\/\" \/>\n<meta property=\"og:locale\" content=\"nb_NO\" \/>\n<meta property=\"og:type\" content=\"article\" \/>\n<meta property=\"og:title\" content=\"Justerbar pipen\u00f8kkel - Mekulo NO\" \/>\n<meta property=\"og:description\" content=\"\ud83d\udd29Denne universale pipen\u00f8kkelen tilpasser seg ulike st\u00f8rrelser etter hvert som du trykker p\u00e5 den, slik at du kan h\u00e5ndtere mange oppgaver med ett enkelt verkt\u00f8y. \u2699\ufe0fMade er laget av sterkt kromvanadiumst\u00e5l og er konstruert for holdbarhet og p\u00e5litelig ytelse under tung bruk. \ud83e\uddd1\u200d\ud83d\udd27It griper muttere, bolter og festemidler sikkert, noe som gj\u00f8r reparasjoner raskere og enklere hjemme eller p\u00e5 jobben.\" \/>\n<meta property=\"og:url\" content=\"https:\/\/mekulo.com\/no\/produkt\/justerbar-pipenokkel\/\" \/>\n<meta property=\"og:site_name\" content=\"Mekulo NO\" \/>\n<meta property=\"article:modified_time\" content=\"2026-02-05T16:07:53+00:00\" \/>\n<meta property=\"og:image\" content=\"https:\/\/mekulo.com\/no\/wp-content\/uploads\/sites\/10\/2026\/02\/xiqmlp3-1.jpg\" \/>\n\t<meta property=\"og:image:width\" content=\"1080\" \/>\n\t<meta property=\"og:image:height\" content=\"1080\" \/>\n\t<meta property=\"og:image:type\" content=\"image\/jpeg\" \/>\n<meta name=\"twitter:card\" content=\"summary_large_image\" \/>\n<meta name=\"twitter:label1\" content=\"Ansl. lesetid\" \/>\n\t<meta name=\"twitter:data1\" content=\"2 minutter\" \/>\n<script type=\"application\/ld+json\" class=\"yoast-schema-graph\">{\"@context\":\"https:\/\/schema.org\",\"@graph\":[{\"@type\":\"WebPage\",\"@id\":\"https:\/\/mekulo.com\/no\/produkt\/justerbar-pipenokkel\/\",\"url\":\"https:\/\/mekulo.com\/no\/produkt\/justerbar-pipenokkel\/\",\"name\":\"Justerbar pipen\u00f8kkel - Mekulo NO\",\"isPartOf\":{\"@id\":\"https:\/\/mekulo.com\/no\/#website\"},\"primaryImageOfPage\":{\"@id\":\"https:\/\/mekulo.com\/no\/produkt\/justerbar-pipenokkel\/#primaryimage\"},\"image\":{\"@id\":\"https:\/\/mekulo.com\/no\/produkt\/justerbar-pipenokkel\/#primaryimage\"},\"thumbnailUrl\":\"https:\/\/mekulo.com\/no\/wp-content\/uploads\/sites\/10\/2026\/02\/xiqmlp3-1.jpg\",\"datePublished\":\"2026-02-05T16:07:46+00:00\",\"dateModified\":\"2026-02-05T16:07:53+00:00\",\"breadcrumb\":{\"@id\":\"https:\/\/mekulo.com\/no\/produkt\/justerbar-pipenokkel\/#breadcrumb\"},\"inLanguage\":\"nb-NO\",\"potentialAction\":[{\"@type\":\"ReadAction\",\"target\":[\"https:\/\/mekulo.com\/no\/produkt\/justerbar-pipenokkel\/\"]}]},{\"@type\":\"ImageObject\",\"inLanguage\":\"nb-NO\",\"@id\":\"https:\/\/mekulo.com\/no\/produkt\/justerbar-pipenokkel\/#primaryimage\",\"url\":\"https:\/\/mekulo.com\/no\/wp-content\/uploads\/sites\/10\/2026\/02\/xiqmlp3-1.jpg\",\"contentUrl\":\"https:\/\/mekulo.com\/no\/wp-content\/uploads\/sites\/10\/2026\/02\/xiqmlp3-1.jpg\",\"width\":1080,\"height\":1080},{\"@type\":\"BreadcrumbList\",\"@id\":\"https:\/\/mekulo.com\/no\/produkt\/justerbar-pipenokkel\/#breadcrumb\",\"itemListElement\":[{\"@type\":\"ListItem\",\"position\":1,\"name\":\"Home\",\"item\":\"https:\/\/mekulo.com\/no\/\"},{\"@type\":\"ListItem\",\"position\":2,\"name\":\"Butikk\",\"item\":\"https:\/\/mekulo.com\/no\/butikk\/\"},{\"@type\":\"ListItem\",\"position\":3,\"name\":\"Justerbar pipen\u00f8kkel\"}]},{\"@type\":\"WebSite\",\"@id\":\"https:\/\/mekulo.com\/no\/#website\",\"url\":\"https:\/\/mekulo.com\/no\/\",\"name\":\"Mekulo NO\",\"description\":\"\",\"publisher\":{\"@id\":\"https:\/\/mekulo.com\/no\/#organization\"},\"potentialAction\":[{\"@type\":\"SearchAction\",\"target\":{\"@type\":\"EntryPoint\",\"urlTemplate\":\"https:\/\/mekulo.com\/no\/?s={search_term_string}\"},\"query-input\":{\"@type\":\"PropertyValueSpecification\",\"valueRequired\":true,\"valueName\":\"search_term_string\"}}],\"inLanguage\":\"nb-NO\"},{\"@type\":\"Organization\",\"@id\":\"https:\/\/mekulo.com\/no\/#organization\",\"name\":\"Mekulo\",\"url\":\"https:\/\/mekulo.com\/no\/\",\"logo\":{\"@type\":\"ImageObject\",\"inLanguage\":\"nb-NO\",\"@id\":\"https:\/\/mekulo.com\/no\/#\/schema\/logo\/image\/\",\"url\":\"https:\/\/mekulo.com\/no\/wp-content\/uploads\/sites\/10\/2025\/12\/favicon_mekulo.png\",\"contentUrl\":\"https:\/\/mekulo.com\/no\/wp-content\/uploads\/sites\/10\/2025\/12\/favicon_mekulo.png\",\"width\":50,\"height\":50,\"caption\":\"Mekulo\"},\"image\":{\"@id\":\"https:\/\/mekulo.com\/no\/#\/schema\/logo\/image\/\"}}]}<\/script>\n<!-- \/ Yoast SEO plugin. -->","yoast_head_json":{"title":"Justerbar pipen\u00f8kkel - Mekulo NO","robots":{"index":"index","follow":"follow","max-snippet":"max-snippet:-1","max-image-preview":"max-image-preview:large","max-video-preview":"max-video-preview:-1"},"canonical":"https:\/\/mekulo.com\/no\/produkt\/justerbar-pipenokkel\/","og_locale":"nb_NO","og_type":"article","og_title":"Justerbar pipen\u00f8kkel - Mekulo NO","og_description":"\ud83d\udd29Denne universale pipen\u00f8kkelen tilpasser seg ulike st\u00f8rrelser etter hvert som du trykker p\u00e5 den, slik at du kan h\u00e5ndtere mange oppgaver med ett enkelt verkt\u00f8y. \u2699\ufe0fMade er laget av sterkt kromvanadiumst\u00e5l og er konstruert for holdbarhet og p\u00e5litelig ytelse under tung bruk. \ud83e\uddd1\u200d\ud83d\udd27It griper muttere, bolter og festemidler sikkert, noe som gj\u00f8r reparasjoner raskere og enklere hjemme eller p\u00e5 jobben.","og_url":"https:\/\/mekulo.com\/no\/produkt\/justerbar-pipenokkel\/","og_site_name":"Mekulo NO","article_modified_time":"2026-02-05T16:07:53+00:00","og_image":[{"width":1080,"height":1080,"url":"https:\/\/mekulo.com\/no\/wp-content\/uploads\/sites\/10\/2026\/02\/xiqmlp3-1.jpg","type":"image\/jpeg"}],"twitter_card":"summary_large_image","twitter_misc":{"Ansl. lesetid":"2 minutter"},"schema":{"@context":"https:\/\/schema.org","@graph":[{"@type":"WebPage","@id":"https:\/\/mekulo.com\/no\/produkt\/justerbar-pipenokkel\/","url":"https:\/\/mekulo.com\/no\/produkt\/justerbar-pipenokkel\/","name":"Justerbar pipen\u00f8kkel - Mekulo NO","isPartOf":{"@id":"https:\/\/mekulo.com\/no\/#website"},"primaryImageOfPage":{"@id":"https:\/\/mekulo.com\/no\/produkt\/justerbar-pipenokkel\/#primaryimage"},"image":{"@id":"https:\/\/mekulo.com\/no\/produkt\/justerbar-pipenokkel\/#primaryimage"},"thumbnailUrl":"https:\/\/mekulo.com\/no\/wp-content\/uploads\/sites\/10\/2026\/02\/xiqmlp3-1.jpg","datePublished":"2026-02-05T16:07:46+00:00","dateModified":"2026-02-05T16:07:53+00:00","breadcrumb":{"@id":"https:\/\/mekulo.com\/no\/produkt\/justerbar-pipenokkel\/#breadcrumb"},"inLanguage":"nb-NO","potentialAction":[{"@type":"ReadAction","target":["https:\/\/mekulo.com\/no\/produkt\/justerbar-pipenokkel\/"]}]},{"@type":"ImageObject","inLanguage":"nb-NO","@id":"https:\/\/mekulo.com\/no\/produkt\/justerbar-pipenokkel\/#primaryimage","url":"https:\/\/mekulo.com\/no\/wp-content\/uploads\/sites\/10\/2026\/02\/xiqmlp3-1.jpg","contentUrl":"https:\/\/mekulo.com\/no\/wp-content\/uploads\/sites\/10\/2026\/02\/xiqmlp3-1.jpg","width":1080,"height":1080},{"@type":"BreadcrumbList","@id":"https:\/\/mekulo.com\/no\/produkt\/justerbar-pipenokkel\/#breadcrumb","itemListElement":[{"@type":"ListItem","position":1,"name":"Home","item":"https:\/\/mekulo.com\/no\/"},{"@type":"ListItem","position":2,"name":"Butikk","item":"https:\/\/mekulo.com\/no\/butikk\/"},{"@type":"ListItem","position":3,"name":"Justerbar pipen\u00f8kkel"}]},{"@type":"WebSite","@id":"https:\/\/mekulo.com\/no\/#website","url":"https:\/\/mekulo.com\/no\/","name":"Mekulo NO","description":"","publisher":{"@id":"https:\/\/mekulo.com\/no\/#organization"},"potentialAction":[{"@type":"SearchAction","target":{"@type":"EntryPoint","urlTemplate":"https:\/\/mekulo.com\/no\/?s={search_term_string}"},"query-input":{"@type":"PropertyValueSpecification","valueRequired":true,"valueName":"search_term_string"}}],"inLanguage":"nb-NO"},{"@type":"Organization","@id":"https:\/\/mekulo.com\/no\/#organization","name":"Mekulo","url":"https:\/\/mekulo.com\/no\/","logo":{"@type":"ImageObject","inLanguage":"nb-NO","@id":"https:\/\/mekulo.com\/no\/#\/schema\/logo\/image\/","url":"https:\/\/mekulo.com\/no\/wp-content\/uploads\/sites\/10\/2025\/12\/favicon_mekulo.png","contentUrl":"https:\/\/mekulo.com\/no\/wp-content\/uploads\/sites\/10\/2025\/12\/favicon_mekulo.png","width":50,"height":50,"caption":"Mekulo"},"image":{"@id":"https:\/\/mekulo.com\/no\/#\/schema\/logo\/image\/"}}]}},"_links":{"self":[{"href":"https:\/\/mekulo.com\/no\/wp-json\/wp\/v2\/product\/21963","targetHints":{"allow":["GET"]}}],"collection":[{"href":"https:\/\/mekulo.com\/no\/wp-json\/wp\/v2\/product"}],"about":[{"href":"https:\/\/mekulo.com\/no\/wp-json\/wp\/v2\/types\/product"}],"replies":[{"embeddable":true,"href":"https:\/\/mekulo.com\/no\/wp-json\/wp\/v2\/comments?post=21963"}],"wp:featuredmedia":[{"embeddable":true,"href":"https:\/\/mekulo.com\/no\/wp-json\/wp\/v2\/media\/21959"}],"wp:attachment":[{"href":"https:\/\/mekulo.com\/no\/wp-json\/wp\/v2\/media?parent=21963"}],"wp:term":[{"taxonomy":"product_brand","embeddable":true,"href":"https:\/\/mekulo.com\/no\/wp-json\/wp\/v2\/product_brand?post=21963"},{"taxonomy":"product_cat","embeddable":true,"href":"https:\/\/mekulo.com\/no\/wp-json\/wp\/v2\/product_cat?post=21963"},{"taxonomy":"product_tag","embeddable":true,"href":"https:\/\/mekulo.com\/no\/wp-json\/wp\/v2\/product_tag?post=21963"}],"curies":[{"name":"wp","href":"https:\/\/api.w.org\/{rel}","templated":true}]}}