{"id":21945,"date":"2026-02-05T17:18:45","date_gmt":"2026-02-05T15:18:45","guid":{"rendered":"https:\/\/mekulo.com\/no\/produkt\/hurtigkobling-av-slanger\/"},"modified":"2026-02-05T17:24:55","modified_gmt":"2026-02-05T15:24:55","slug":"hurtigkobling-av-slanger","status":"publish","type":"product","link":"https:\/\/mekulo.com\/no\/produkt\/hurtigkobling-av-slanger\/","title":{"rendered":"Hurtigkobling av slanger"},"content":{"rendered":"<p style=\"text-align: center;\" data-start=\"0\" data-end=\"84\"><strong data-start=\"0\" data-end=\"84\">Koble til og fra hageslangen p\u00e5 sekunder med en sterk, lekkasjefri passform. \ud83e\uddd1\u200d\ud83c\udf3e<\/strong><\/p>\n<p data-start=\"0\" data-end=\"84\"><img fetchpriority=\"high\" decoding=\"async\" class=\"size-full wp-image-23661 aligncenter\" src=\"https:\/\/mekulo.com\/template\/wp-content\/uploads\/sites\/6\/2026\/02\/260efc92e34f842b9cf2de4a92df480e967377ec-800.jpg\" alt=\"\" width=\"1072\" height=\"855\" \/><\/p>\n<h2 style=\"text-align: center;\" data-start=\"350\" data-end=\"367\"><strong>Hovedfordeler \ud83d\udd29<\/strong><\/h2>\n<p data-start=\"370\" data-end=\"437\">\ud83d\udd29 Rustfritt st\u00e5l &#8211; Rustfri og korrosjonsbestandig.<\/p>\n<p data-start=\"440\" data-end=\"502\">\ud83d\udca7 Lekkasjefri tetning &#8211; Presisjons O-ring forhindrer vanntap.<\/p>\n<p data-start=\"505\" data-end=\"569\">\u26a1 Hurtigkoblingsdesign &#8211; Trykk for \u00e5 koble til, trekk for \u00e5 l\u00f8sne.<\/p>\n<p data-start=\"572\" data-end=\"639\">\ud83d\udd0c Universell 1,9 cm GHT-passform &#8211; Fungerer med de fleste slanger og kraner.<\/p>\n<p data-start=\"642\" data-end=\"711\">\ud83d\udcaa H\u00f8ytrykksmerket &#8211; H\u00e5ndterer opptil 200 PSI arbeidstrykk.<\/p>\n<p data-start=\"642\" data-end=\"711\"><img decoding=\"async\" class=\"size-full wp-image-23656 aligncenter\" src=\"https:\/\/mekulo.com\/template\/wp-content\/uploads\/sites\/6\/2026\/02\/2-5.jpeg\" alt=\"\" width=\"1600\" height=\"1600\" \/><\/p>\n<h2 style=\"text-align: center;\" data-start=\"713\" data-end=\"727\"><strong>Hvordan Du Bruker \ud83d\udccc<\/strong><\/h2>\n<ol data-start=\"728\" data-end=\"921\">\n<li data-start=\"728\" data-end=\"769\">\n<p data-start=\"731\" data-end=\"769\">Fest den ene koblingen til slangeenden.<\/p>\n<\/li>\n<li data-start=\"770\" data-end=\"827\">\n<p data-start=\"773\" data-end=\"827\">fest den matchende koblingen til kranen eller dysen.<\/p>\n<\/li>\n<li data-start=\"828\" data-end=\"879\">\n<p data-start=\"831\" data-end=\"879\">skyv kontaktene sammen til de klikker.<\/p>\n<\/li>\n<li data-start=\"880\" data-end=\"921\">\n<p data-start=\"883\" data-end=\"921\">trekk tilbake for \u00e5 koble fra n\u00e5r det er n\u00f8dvendig.<\/p>\n<\/li>\n<\/ol>\n<h2 style=\"text-align: center;\" data-start=\"923\" data-end=\"942\"><strong>Produktdetaljer \ud83d\udccf<\/strong><\/h2>\n<ul data-start=\"943\" data-end=\"1184\">\n<li data-start=\"943\" data-end=\"972\">\n<p data-start=\"945\" data-end=\"972\">Materiale: Rustfritt st\u00e5l<\/p>\n<\/li>\n<li data-start=\"973\" data-end=\"1006\">\n<p data-start=\"975\" data-end=\"1006\">Koblingstype: 1,9 cm GHT<\/p>\n<\/li>\n<li data-start=\"1007\" data-end=\"1042\">\n<p data-start=\"1009\" data-end=\"1042\">Arbeidstrykk: Opptil 200 PSI<\/p>\n<\/li>\n<li data-start=\"1043\" data-end=\"1076\">\n<p data-start=\"1045\" data-end=\"1076\">Bursttrykk: Opptil 600 PSI<\/p>\n<\/li>\n<li data-start=\"1077\" data-end=\"1164\">\n<p data-start=\"1079\" data-end=\"1094\">St\u00f8rrelser: <span style=\"font-size: 16px;\">3,8 x 2,5 cm, <\/span><span style=\"font-size: 16px;\">3,2 x 3 cm\u00a0<\/span><\/p>\n<\/li>\n<\/ul>\n<h2 style=\"text-align: center;\" data-start=\"1186\" data-end=\"1206\"><strong>Pakken Inneholder \ud83d\udce6<\/strong><\/h2>\n<ul data-start=\"1207\" data-end=\"1263\" data-is-last-node=\"\" data-is-only-node=\"\">\n<li data-start=\"1207\" data-end=\"1263\" data-is-last-node=\"\">\n<p data-start=\"1209\" data-end=\"1263\" data-is-last-node=\"\">1, 2, 3x par \/ par hurtigkoblingsslangebeslag.<\/p>\n<\/li>\n<\/ul>\n","protected":false},"excerpt":{"rendered":"<p>\ud83d\udd29Disse hurtigkoblede slangekoblingene i rustfritt st\u00e5l gj\u00f8r vanning raskere og enklere ved \u00e5 la deg koble slanger, dyser og spr\u00f8yter p\u00e5 og av umiddelbart.<br \/>\n\ud83c\udfe1De er bygget for \u00e5 h\u00e5ndtere h\u00f8yt trykk uten lekkasjer, noe som sparer tid, vann og krefter under enhver utend\u00f8rs oppgave.<br \/>\n\ud83d\udc69\u200d\ud83c\udf3ePerfect for b\u00e5de hjemmehager og profesjonelle oppsett, de hjelper deg med \u00e5 holde arbeidsflyten jevn og frustrasjonsfri.<\/p>\n","protected":false},"featured_media":21941,"comment_status":"open","ping_status":"closed","template":"","meta":{"site-sidebar-layout":"default","site-content-layout":"","ast-site-content-layout":"default","site-content-style":"default","site-sidebar-style":"default","ast-global-header-display":"","ast-banner-title-visibility":"","ast-main-header-display":"","ast-hfb-above-header-display":"","ast-hfb-below-header-display":"","ast-hfb-mobile-header-display":"","site-post-title":"","ast-breadcrumbs-content":"","ast-featured-img":"","footer-sml-layout":"","theme-transparent-header-meta":"default","adv-header-id-meta":"","stick-header-meta":"","header-above-stick-meta":"","header-main-stick-meta":"","header-below-stick-meta":"","astra-migrate-meta-layouts":"set","ast-page-background-enabled":"default","ast-page-background-meta":{"desktop":{"background-color":"var(--ast-global-color-5)","background-image":"","background-repeat":"repeat","background-position":"center center","background-size":"auto","background-attachment":"scroll","background-type":"","background-media":"","overlay-type":"","overlay-color":"","overlay-opacity":"","overlay-gradient":""},"tablet":{"background-color":"","background-image":"","background-repeat":"repeat","background-position":"center center","background-size":"auto","background-attachment":"scroll","background-type":"","background-media":"","overlay-type":"","overlay-color":"","overlay-opacity":"","overlay-gradient":""},"mobile":{"background-color":"","background-image":"","background-repeat":"repeat","background-position":"center center","background-size":"auto","background-attachment":"scroll","background-type":"","background-media":"","overlay-type":"","overlay-color":"","overlay-opacity":"","overlay-gradient":""}},"ast-content-background-meta":{"desktop":{"background-color":"var(--ast-global-color-4)","background-image":"","background-repeat":"repeat","background-position":"center center","background-size":"auto","background-attachment":"scroll","background-type":"","background-media":"","overlay-type":"","overlay-color":"","overlay-opacity":"","overlay-gradient":""},"tablet":{"background-color":"var(--ast-global-color-4)","background-image":"","background-repeat":"repeat","background-position":"center center","background-size":"auto","background-attachment":"scroll","background-type":"","background-media":"","overlay-type":"","overlay-color":"","overlay-opacity":"","overlay-gradient":""},"mobile":{"background-color":"var(--ast-global-color-4)","background-image":"","background-repeat":"repeat","background-position":"center center","background-size":"auto","background-attachment":"scroll","background-type":"","background-media":"","overlay-type":"","overlay-color":"","overlay-opacity":"","overlay-gradient":""}}},"product_brand":[],"product_cat":[168,171],"product_tag":[],"class_list":{"0":"post-21945","1":"product","2":"type-product","3":"status-publish","4":"has-post-thumbnail","6":"product_cat-husholdningsartikler","7":"product_cat-verktoy","8":"pa_55050_opaadpc3-1-par","9":"pa_55050_opaadpc3-2-par","10":"pa_55050_opaadpc3-3-par","11":"desktop-align-left","12":"tablet-align-left","13":"mobile-align-left","15":"first","16":"instock","17":"shipping-taxable","18":"purchasable","19":"product-type-variable"},"yoast_head":"<!-- This site is optimized with the Yoast SEO plugin v26.6 - https:\/\/yoast.com\/wordpress\/plugins\/seo\/ -->\n<title>Hurtigkobling av slanger - Mekulo NO<\/title>\n<meta name=\"robots\" content=\"index, follow, max-snippet:-1, max-image-preview:large, max-video-preview:-1\" \/>\n<link rel=\"canonical\" href=\"https:\/\/mekulo.com\/no\/produkt\/hurtigkobling-av-slanger\/\" \/>\n<meta property=\"og:locale\" content=\"nb_NO\" \/>\n<meta property=\"og:type\" content=\"article\" \/>\n<meta property=\"og:title\" content=\"Hurtigkobling av slanger - Mekulo NO\" \/>\n<meta property=\"og:description\" content=\"\ud83d\udd29Disse hurtigkoblede slangekoblingene i rustfritt st\u00e5l gj\u00f8r vanning raskere og enklere ved \u00e5 la deg koble slanger, dyser og spr\u00f8yter p\u00e5 og av umiddelbart. \ud83c\udfe1De er bygget for \u00e5 h\u00e5ndtere h\u00f8yt trykk uten lekkasjer, noe som sparer tid, vann og krefter under enhver utend\u00f8rs oppgave. \ud83d\udc69\u200d\ud83c\udf3ePerfect for b\u00e5de hjemmehager og profesjonelle oppsett, de hjelper deg med \u00e5 holde arbeidsflyten jevn og frustrasjonsfri.\" \/>\n<meta property=\"og:url\" content=\"https:\/\/mekulo.com\/no\/produkt\/hurtigkobling-av-slanger\/\" \/>\n<meta property=\"og:site_name\" content=\"Mekulo NO\" \/>\n<meta property=\"article:modified_time\" content=\"2026-02-05T15:24:55+00:00\" \/>\n<meta property=\"og:image\" content=\"https:\/\/mekulo.com\/no\/wp-content\/uploads\/sites\/10\/2026\/02\/lvo4x9q-1.jpeg\" \/>\n\t<meta property=\"og:image:width\" content=\"1600\" \/>\n\t<meta property=\"og:image:height\" content=\"1600\" \/>\n\t<meta property=\"og:image:type\" content=\"image\/jpeg\" \/>\n<meta name=\"twitter:card\" content=\"summary_large_image\" \/>\n<meta name=\"twitter:label1\" content=\"Ansl. lesetid\" \/>\n\t<meta name=\"twitter:data1\" content=\"2 minutter\" \/>\n<script type=\"application\/ld+json\" class=\"yoast-schema-graph\">{\"@context\":\"https:\/\/schema.org\",\"@graph\":[{\"@type\":\"WebPage\",\"@id\":\"https:\/\/mekulo.com\/no\/produkt\/hurtigkobling-av-slanger\/\",\"url\":\"https:\/\/mekulo.com\/no\/produkt\/hurtigkobling-av-slanger\/\",\"name\":\"Hurtigkobling av slanger - Mekulo NO\",\"isPartOf\":{\"@id\":\"https:\/\/mekulo.com\/no\/#website\"},\"primaryImageOfPage\":{\"@id\":\"https:\/\/mekulo.com\/no\/produkt\/hurtigkobling-av-slanger\/#primaryimage\"},\"image\":{\"@id\":\"https:\/\/mekulo.com\/no\/produkt\/hurtigkobling-av-slanger\/#primaryimage\"},\"thumbnailUrl\":\"https:\/\/mekulo.com\/no\/wp-content\/uploads\/sites\/10\/2026\/02\/lvo4x9q-1.jpeg\",\"datePublished\":\"2026-02-05T15:18:45+00:00\",\"dateModified\":\"2026-02-05T15:24:55+00:00\",\"breadcrumb\":{\"@id\":\"https:\/\/mekulo.com\/no\/produkt\/hurtigkobling-av-slanger\/#breadcrumb\"},\"inLanguage\":\"nb-NO\",\"potentialAction\":[{\"@type\":\"ReadAction\",\"target\":[\"https:\/\/mekulo.com\/no\/produkt\/hurtigkobling-av-slanger\/\"]}]},{\"@type\":\"ImageObject\",\"inLanguage\":\"nb-NO\",\"@id\":\"https:\/\/mekulo.com\/no\/produkt\/hurtigkobling-av-slanger\/#primaryimage\",\"url\":\"https:\/\/mekulo.com\/no\/wp-content\/uploads\/sites\/10\/2026\/02\/lvo4x9q-1.jpeg\",\"contentUrl\":\"https:\/\/mekulo.com\/no\/wp-content\/uploads\/sites\/10\/2026\/02\/lvo4x9q-1.jpeg\",\"width\":1600,\"height\":1600},{\"@type\":\"BreadcrumbList\",\"@id\":\"https:\/\/mekulo.com\/no\/produkt\/hurtigkobling-av-slanger\/#breadcrumb\",\"itemListElement\":[{\"@type\":\"ListItem\",\"position\":1,\"name\":\"Home\",\"item\":\"https:\/\/mekulo.com\/no\/\"},{\"@type\":\"ListItem\",\"position\":2,\"name\":\"Butikk\",\"item\":\"https:\/\/mekulo.com\/no\/butikk\/\"},{\"@type\":\"ListItem\",\"position\":3,\"name\":\"Hurtigkobling av slanger\"}]},{\"@type\":\"WebSite\",\"@id\":\"https:\/\/mekulo.com\/no\/#website\",\"url\":\"https:\/\/mekulo.com\/no\/\",\"name\":\"Mekulo NO\",\"description\":\"\",\"publisher\":{\"@id\":\"https:\/\/mekulo.com\/no\/#organization\"},\"potentialAction\":[{\"@type\":\"SearchAction\",\"target\":{\"@type\":\"EntryPoint\",\"urlTemplate\":\"https:\/\/mekulo.com\/no\/?s={search_term_string}\"},\"query-input\":{\"@type\":\"PropertyValueSpecification\",\"valueRequired\":true,\"valueName\":\"search_term_string\"}}],\"inLanguage\":\"nb-NO\"},{\"@type\":\"Organization\",\"@id\":\"https:\/\/mekulo.com\/no\/#organization\",\"name\":\"Mekulo\",\"url\":\"https:\/\/mekulo.com\/no\/\",\"logo\":{\"@type\":\"ImageObject\",\"inLanguage\":\"nb-NO\",\"@id\":\"https:\/\/mekulo.com\/no\/#\/schema\/logo\/image\/\",\"url\":\"https:\/\/mekulo.com\/no\/wp-content\/uploads\/sites\/10\/2025\/12\/favicon_mekulo.png\",\"contentUrl\":\"https:\/\/mekulo.com\/no\/wp-content\/uploads\/sites\/10\/2025\/12\/favicon_mekulo.png\",\"width\":50,\"height\":50,\"caption\":\"Mekulo\"},\"image\":{\"@id\":\"https:\/\/mekulo.com\/no\/#\/schema\/logo\/image\/\"}}]}<\/script>\n<!-- \/ Yoast SEO plugin. -->","yoast_head_json":{"title":"Hurtigkobling av slanger - Mekulo NO","robots":{"index":"index","follow":"follow","max-snippet":"max-snippet:-1","max-image-preview":"max-image-preview:large","max-video-preview":"max-video-preview:-1"},"canonical":"https:\/\/mekulo.com\/no\/produkt\/hurtigkobling-av-slanger\/","og_locale":"nb_NO","og_type":"article","og_title":"Hurtigkobling av slanger - Mekulo NO","og_description":"\ud83d\udd29Disse hurtigkoblede slangekoblingene i rustfritt st\u00e5l gj\u00f8r vanning raskere og enklere ved \u00e5 la deg koble slanger, dyser og spr\u00f8yter p\u00e5 og av umiddelbart. \ud83c\udfe1De er bygget for \u00e5 h\u00e5ndtere h\u00f8yt trykk uten lekkasjer, noe som sparer tid, vann og krefter under enhver utend\u00f8rs oppgave. \ud83d\udc69\u200d\ud83c\udf3ePerfect for b\u00e5de hjemmehager og profesjonelle oppsett, de hjelper deg med \u00e5 holde arbeidsflyten jevn og frustrasjonsfri.","og_url":"https:\/\/mekulo.com\/no\/produkt\/hurtigkobling-av-slanger\/","og_site_name":"Mekulo NO","article_modified_time":"2026-02-05T15:24:55+00:00","og_image":[{"width":1600,"height":1600,"url":"https:\/\/mekulo.com\/no\/wp-content\/uploads\/sites\/10\/2026\/02\/lvo4x9q-1.jpeg","type":"image\/jpeg"}],"twitter_card":"summary_large_image","twitter_misc":{"Ansl. lesetid":"2 minutter"},"schema":{"@context":"https:\/\/schema.org","@graph":[{"@type":"WebPage","@id":"https:\/\/mekulo.com\/no\/produkt\/hurtigkobling-av-slanger\/","url":"https:\/\/mekulo.com\/no\/produkt\/hurtigkobling-av-slanger\/","name":"Hurtigkobling av slanger - Mekulo NO","isPartOf":{"@id":"https:\/\/mekulo.com\/no\/#website"},"primaryImageOfPage":{"@id":"https:\/\/mekulo.com\/no\/produkt\/hurtigkobling-av-slanger\/#primaryimage"},"image":{"@id":"https:\/\/mekulo.com\/no\/produkt\/hurtigkobling-av-slanger\/#primaryimage"},"thumbnailUrl":"https:\/\/mekulo.com\/no\/wp-content\/uploads\/sites\/10\/2026\/02\/lvo4x9q-1.jpeg","datePublished":"2026-02-05T15:18:45+00:00","dateModified":"2026-02-05T15:24:55+00:00","breadcrumb":{"@id":"https:\/\/mekulo.com\/no\/produkt\/hurtigkobling-av-slanger\/#breadcrumb"},"inLanguage":"nb-NO","potentialAction":[{"@type":"ReadAction","target":["https:\/\/mekulo.com\/no\/produkt\/hurtigkobling-av-slanger\/"]}]},{"@type":"ImageObject","inLanguage":"nb-NO","@id":"https:\/\/mekulo.com\/no\/produkt\/hurtigkobling-av-slanger\/#primaryimage","url":"https:\/\/mekulo.com\/no\/wp-content\/uploads\/sites\/10\/2026\/02\/lvo4x9q-1.jpeg","contentUrl":"https:\/\/mekulo.com\/no\/wp-content\/uploads\/sites\/10\/2026\/02\/lvo4x9q-1.jpeg","width":1600,"height":1600},{"@type":"BreadcrumbList","@id":"https:\/\/mekulo.com\/no\/produkt\/hurtigkobling-av-slanger\/#breadcrumb","itemListElement":[{"@type":"ListItem","position":1,"name":"Home","item":"https:\/\/mekulo.com\/no\/"},{"@type":"ListItem","position":2,"name":"Butikk","item":"https:\/\/mekulo.com\/no\/butikk\/"},{"@type":"ListItem","position":3,"name":"Hurtigkobling av slanger"}]},{"@type":"WebSite","@id":"https:\/\/mekulo.com\/no\/#website","url":"https:\/\/mekulo.com\/no\/","name":"Mekulo NO","description":"","publisher":{"@id":"https:\/\/mekulo.com\/no\/#organization"},"potentialAction":[{"@type":"SearchAction","target":{"@type":"EntryPoint","urlTemplate":"https:\/\/mekulo.com\/no\/?s={search_term_string}"},"query-input":{"@type":"PropertyValueSpecification","valueRequired":true,"valueName":"search_term_string"}}],"inLanguage":"nb-NO"},{"@type":"Organization","@id":"https:\/\/mekulo.com\/no\/#organization","name":"Mekulo","url":"https:\/\/mekulo.com\/no\/","logo":{"@type":"ImageObject","inLanguage":"nb-NO","@id":"https:\/\/mekulo.com\/no\/#\/schema\/logo\/image\/","url":"https:\/\/mekulo.com\/no\/wp-content\/uploads\/sites\/10\/2025\/12\/favicon_mekulo.png","contentUrl":"https:\/\/mekulo.com\/no\/wp-content\/uploads\/sites\/10\/2025\/12\/favicon_mekulo.png","width":50,"height":50,"caption":"Mekulo"},"image":{"@id":"https:\/\/mekulo.com\/no\/#\/schema\/logo\/image\/"}}]}},"_links":{"self":[{"href":"https:\/\/mekulo.com\/no\/wp-json\/wp\/v2\/product\/21945","targetHints":{"allow":["GET"]}}],"collection":[{"href":"https:\/\/mekulo.com\/no\/wp-json\/wp\/v2\/product"}],"about":[{"href":"https:\/\/mekulo.com\/no\/wp-json\/wp\/v2\/types\/product"}],"replies":[{"embeddable":true,"href":"https:\/\/mekulo.com\/no\/wp-json\/wp\/v2\/comments?post=21945"}],"wp:featuredmedia":[{"embeddable":true,"href":"https:\/\/mekulo.com\/no\/wp-json\/wp\/v2\/media\/21941"}],"wp:attachment":[{"href":"https:\/\/mekulo.com\/no\/wp-json\/wp\/v2\/media?parent=21945"}],"wp:term":[{"taxonomy":"product_brand","embeddable":true,"href":"https:\/\/mekulo.com\/no\/wp-json\/wp\/v2\/product_brand?post=21945"},{"taxonomy":"product_cat","embeddable":true,"href":"https:\/\/mekulo.com\/no\/wp-json\/wp\/v2\/product_cat?post=21945"},{"taxonomy":"product_tag","embeddable":true,"href":"https:\/\/mekulo.com\/no\/wp-json\/wp\/v2\/product_tag?post=21945"}],"curies":[{"name":"wp","href":"https:\/\/api.w.org\/{rel}","templated":true}]}}