{"id":21932,"date":"2026-02-05T17:17:12","date_gmt":"2026-02-05T15:17:12","guid":{"rendered":"https:\/\/mekulo.com\/no\/produkt\/baerbar-hd-miniprojektor\/"},"modified":"2026-02-10T11:06:19","modified_gmt":"2026-02-10T09:06:19","slug":"baerbar-hd-miniprojektor","status":"publish","type":"product","link":"https:\/\/mekulo.com\/no\/produkt\/baerbar-hd-miniprojektor\/","title":{"rendered":"B\u00e6rbar HD-miniprojektor"},"content":{"rendered":"<div class=\"flex max-w-full flex-col grow\">\n<div class=\"min-h-8 text-message relative flex w-full flex-col items-end gap-2 text-start break-words whitespace-normal [.text-message+&amp;]:mt-1\" dir=\"auto\" data-message-author-role=\"assistant\" data-message-id=\"3261fd21-1417-482c-b426-e96cd1ed256d\" data-message-model-slug=\"gpt-5-2\">\n<div class=\"flex w-full flex-col gap-1 empty:hidden first:pt-[1px]\">\n<div class=\"markdown prose dark:prose-invert w-full wrap-break-word light markdown-new-styling\">\n<p style=\"text-align: center;\" data-start=\"0\" data-end=\"82\"><strong data-start=\"0\" data-end=\"82\">Nyt Underholdning P\u00e5 Storskjerm Hvor Som Helst Med En Kompakt Og B\u00e6rbar Projektor. \ud83d\udcfd\ufe0f<\/strong><\/p>\n<p data-start=\"0\" data-end=\"82\"><img fetchpriority=\"high\" decoding=\"async\" class=\"size-full wp-image-23649 aligncenter\" src=\"https:\/\/mekulo.com\/template\/wp-content\/uploads\/sites\/6\/2026\/02\/Sc290ebedd3fd474bbb3b98e3467cb63fm.webp\" alt=\"\" width=\"1600\" height=\"1600\" \/><\/p>\n<h2 style=\"text-align: center;\" data-start=\"414\" data-end=\"431\">Hovedfordeler \ud83c\udfac<\/h2>\n<p data-start=\"434\" data-end=\"504\">\ud83c\udfac Storskjermprojeksjon &#8211; Opptil 100 Tommer For Filmer Og Spill.<\/p>\n<p data-start=\"507\" data-end=\"567\">\ud83e\uddf3 Liten Og B\u00e6rbar &#8211; Enkel \u00c5 Ta Med Og Bruke Hvor Som Helst.<\/p>\n<p data-start=\"570\" data-end=\"638\">\ud83d\udc40 \u00d8yevennlig Visning &#8211; Mindre Anstrengende Enn Sm\u00e5 Telefonskjermer.<\/p>\n<p data-start=\"641\" data-end=\"727\">\ud83d\udd0c Bred Kompatibilitet &#8211; Fungerer Med Telefoner, Nettbrett, USB, PC, TV-Pinner Og Mer.<\/p>\n<p data-start=\"730\" data-end=\"797\">\ud83d\udca1 Lang Levetid P\u00e5 Lampen &#8211; LED-Lyskilden Varer I Opptil 30 000 Timer.<\/p>\n<p data-start=\"730\" data-end=\"797\"><img decoding=\"async\" class=\"size-full wp-image-23650 aligncenter\" src=\"https:\/\/mekulo.com\/template\/wp-content\/uploads\/sites\/6\/2026\/02\/Sc4d9d2605dc44bceab69214b8506f8f4g.jpg_960x960q75.jpg_.avif\" alt=\"\" width=\"960\" height=\"960\" \/><\/p>\n<h2 style=\"text-align: center;\" data-start=\"799\" data-end=\"813\">Hvordan Du Bruker Den \ud83d\udccc<\/h2>\n<ol data-start=\"814\" data-end=\"1050\">\n<li data-start=\"814\" data-end=\"863\">\n<p data-start=\"817\" data-end=\"863\">Plasser Projektoren Mot En Vegg Eller Skjerm.<\/p>\n<\/li>\n<li data-start=\"864\" data-end=\"910\">\n<p data-start=\"867\" data-end=\"910\">Koble Til Enheten Med En Kabel Eller USB.<\/p>\n<\/li>\n<li data-start=\"911\" data-end=\"940\">\n<p data-start=\"914\" data-end=\"940\">Koble Til Str\u00f8mkabelen.<\/p>\n<\/li>\n<li data-start=\"941\" data-end=\"994\">\n<p data-start=\"944\" data-end=\"994\">Sl\u00e5 P\u00e5 Projektoren Ved Hjelp Av Panelet Eller Fjernkontrollen.<\/p>\n<\/li>\n<li data-start=\"995\" data-end=\"1050\">\n<p data-start=\"998\" data-end=\"1050\">Juster Fokus Og Avstand For \u00c5 F\u00e5 Den Beste Bildest\u00f8rrelsen.<\/p>\n<\/li>\n<\/ol>\n<h2 style=\"text-align: center;\" data-start=\"1052\" data-end=\"1071\">Produktdetaljer \ud83d\udccf<\/h2>\n<ul data-start=\"1072\" data-end=\"1392\">\n<li data-start=\"1072\" data-end=\"1106\">\n<p data-start=\"1074\" data-end=\"1106\">Projeksjonsst\u00f8rrelse: 14\u2013100 Tommer<\/p>\n<\/li>\n<li data-start=\"1107\" data-end=\"1140\">\n<p data-start=\"1109\" data-end=\"1140\">Nativ Oppl\u00f8sning: 320 X 180p<\/p>\n<\/li>\n<li data-start=\"1141\" data-end=\"1184\">\n<p data-start=\"1143\" data-end=\"1184\">St\u00f8ttet Oppl\u00f8sning: Opp Til 1920 X 1080<\/p>\n<\/li>\n<li data-start=\"1185\" data-end=\"1219\">\n<p data-start=\"1187\" data-end=\"1219\">Lysstyrke: 15 \u00b1 3 ANSI Lumen<\/p>\n<\/li>\n<li data-start=\"1220\" data-end=\"1241\">\n<p data-start=\"1222\" data-end=\"1241\">Lyskilde: LED<\/p>\n<\/li>\n<li data-start=\"1242\" data-end=\"1269\">\n<p data-start=\"1244\" data-end=\"1269\">Lampens Levetid: 30 000 Timer<\/p>\n<\/li>\n<li data-start=\"1270\" data-end=\"1284\">\n<p data-start=\"1272\" data-end=\"1284\">Effekt: 10W<\/p>\n<\/li>\n<li data-start=\"1285\" data-end=\"1308\">\n<p data-start=\"1287\" data-end=\"1308\">Spenning: DC 5V \/ 2A<\/p>\n<\/li>\n<li data-start=\"1309\" data-end=\"1347\">\n<p data-start=\"1311\" data-end=\"1347\">Lydutgang: 3,5 Mm Hodetelefonutgang<\/p>\n<\/li>\n<li data-start=\"1348\" data-end=\"1374\">\n<p data-start=\"1350\" data-end=\"1374\">St\u00f8rrelse: 110 X 110 X 47 Mm<\/p>\n<\/li>\n<li data-start=\"1375\" data-end=\"1392\">\n<p data-start=\"1377\" data-end=\"1392\">Vekt: 0,2 Kg<\/p>\n<\/li>\n<\/ul>\n<h2 style=\"text-align: center;\" data-start=\"1394\" data-end=\"1414\">Pakken Inkluderer \ud83d\udce6<\/h2>\n<ul data-start=\"1415\" data-end=\"1513\" data-is-last-node=\"\" data-is-only-node=\"\">\n<li data-start=\"1415\" data-end=\"1449\">\n<p data-start=\"1417\" data-end=\"1449\">1x B\u00e6rbar HD-Miniprojektor<\/p>\n<\/li>\n<li data-start=\"1450\" data-end=\"1469\">\n<p data-start=\"1452\" data-end=\"1469\">1x USB-Str\u00f8mkabel<\/p>\n<\/li>\n<li data-start=\"1470\" data-end=\"1495\">\n<p data-start=\"1472\" data-end=\"1495\">1x Fjernkontroll<\/p>\n<\/li>\n<li data-start=\"1496\" data-end=\"1513\" data-is-last-node=\"\">\n<p data-start=\"1498\" data-end=\"1513\" data-is-last-node=\"\">1x Brukerh\u00e5ndbok.<\/p>\n<\/li>\n<\/ul>\n<\/div>\n<\/div>\n<\/div>\n<\/div>\n<div class=\"z-0 flex min-h-[46px] justify-start\"><\/div>\n<div class=\"border-token-border-light my-2 flex gap-10 border-t pt-4\">\n<div class=\"flex items-center justify-center overflow-hidden h-12 w-12 rounded-lg\"><\/div>\n<\/div>\n","protected":false},"excerpt":{"rendered":"<p><span style=\"font-size: 16px; font-style: normal; font-weight: 400;\">\ud83c\udfa5<\/span>Med denne b\u00e6rbare HD-miniprojektoren kan du se film, spille spill eller studere p\u00e5 en skjerm p\u00e5 opptil 100 tommer ved hjelp av en liten og lett enhet.<br \/>\n\ud83d\udcf1Den st\u00f8tter flere enheter og er enkel \u00e5 ta med seg for hjemmebruk, reiser eller utend\u00f8rs moro.<br \/>\n\ud83c\udfacDen bidrar ogs\u00e5 til \u00e5 redusere skjermtretthet ved \u00e5 la barn og voksne g\u00e5 bort fra telefoner og nettbrett.<\/p>\n","protected":false},"featured_media":21928,"comment_status":"open","ping_status":"closed","template":"","meta":{"site-sidebar-layout":"default","site-content-layout":"","ast-site-content-layout":"default","site-content-style":"default","site-sidebar-style":"default","ast-global-header-display":"","ast-banner-title-visibility":"","ast-main-header-display":"","ast-hfb-above-header-display":"","ast-hfb-below-header-display":"","ast-hfb-mobile-header-display":"","site-post-title":"","ast-breadcrumbs-content":"","ast-featured-img":"","footer-sml-layout":"","theme-transparent-header-meta":"default","adv-header-id-meta":"","stick-header-meta":"","header-above-stick-meta":"","header-main-stick-meta":"","header-below-stick-meta":"","astra-migrate-meta-layouts":"set","ast-page-background-enabled":"default","ast-page-background-meta":{"desktop":{"background-color":"var(--ast-global-color-5)","background-image":"","background-repeat":"repeat","background-position":"center center","background-size":"auto","background-attachment":"scroll","background-type":"","background-media":"","overlay-type":"","overlay-color":"","overlay-opacity":"","overlay-gradient":""},"tablet":{"background-color":"","background-image":"","background-repeat":"repeat","background-position":"center center","background-size":"auto","background-attachment":"scroll","background-type":"","background-media":"","overlay-type":"","overlay-color":"","overlay-opacity":"","overlay-gradient":""},"mobile":{"background-color":"","background-image":"","background-repeat":"repeat","background-position":"center center","background-size":"auto","background-attachment":"scroll","background-type":"","background-media":"","overlay-type":"","overlay-color":"","overlay-opacity":"","overlay-gradient":""}},"ast-content-background-meta":{"desktop":{"background-color":"var(--ast-global-color-4)","background-image":"","background-repeat":"repeat","background-position":"center center","background-size":"auto","background-attachment":"scroll","background-type":"","background-media":"","overlay-type":"","overlay-color":"","overlay-opacity":"","overlay-gradient":""},"tablet":{"background-color":"var(--ast-global-color-4)","background-image":"","background-repeat":"repeat","background-position":"center center","background-size":"auto","background-attachment":"scroll","background-type":"","background-media":"","overlay-type":"","overlay-color":"","overlay-opacity":"","overlay-gradient":""},"mobile":{"background-color":"var(--ast-global-color-4)","background-image":"","background-repeat":"repeat","background-position":"center center","background-size":"auto","background-attachment":"scroll","background-type":"","background-media":"","overlay-type":"","overlay-color":"","overlay-opacity":"","overlay-gradient":""}}},"product_brand":[],"product_cat":[173],"product_tag":[],"class_list":{"0":"post-21932","1":"product","2":"type-product","3":"status-publish","4":"has-post-thumbnail","6":"product_cat-elektronikk","7":"pa_54967_fib4kwgx-hvit","8":"pa_54967_fib4kwgx-svart","9":"desktop-align-left","10":"tablet-align-left","11":"mobile-align-left","13":"first","14":"instock","15":"shipping-taxable","16":"purchasable","17":"product-type-variable"},"yoast_head":"<!-- This site is optimized with the Yoast SEO plugin v26.6 - https:\/\/yoast.com\/wordpress\/plugins\/seo\/ -->\n<title>B\u00e6rbar HD-miniprojektor - Mekulo NO<\/title>\n<meta name=\"robots\" content=\"index, follow, max-snippet:-1, max-image-preview:large, max-video-preview:-1\" \/>\n<link rel=\"canonical\" href=\"https:\/\/mekulo.com\/no\/produkt\/baerbar-hd-miniprojektor\/\" \/>\n<meta property=\"og:locale\" content=\"nb_NO\" \/>\n<meta property=\"og:type\" content=\"article\" \/>\n<meta property=\"og:title\" content=\"B\u00e6rbar HD-miniprojektor - Mekulo NO\" \/>\n<meta property=\"og:description\" content=\"\ud83c\udfa5Med denne b\u00e6rbare HD-miniprojektoren kan du se film, spille spill eller studere p\u00e5 en skjerm p\u00e5 opptil 100 tommer ved hjelp av en liten og lett enhet. \ud83d\udcf1Den st\u00f8tter flere enheter og er enkel \u00e5 ta med seg for hjemmebruk, reiser eller utend\u00f8rs moro. \ud83c\udfacDen bidrar ogs\u00e5 til \u00e5 redusere skjermtretthet ved \u00e5 la barn og voksne g\u00e5 bort fra telefoner og nettbrett.\" \/>\n<meta property=\"og:url\" content=\"https:\/\/mekulo.com\/no\/produkt\/baerbar-hd-miniprojektor\/\" \/>\n<meta property=\"og:site_name\" content=\"Mekulo NO\" \/>\n<meta property=\"article:modified_time\" content=\"2026-02-10T09:06:19+00:00\" \/>\n<meta property=\"og:image\" content=\"https:\/\/mekulo.com\/no\/wp-content\/uploads\/sites\/10\/2026\/02\/10z00y1-1.png\" \/>\n\t<meta property=\"og:image:width\" content=\"960\" \/>\n\t<meta property=\"og:image:height\" content=\"960\" \/>\n\t<meta property=\"og:image:type\" content=\"image\/png\" \/>\n<meta name=\"twitter:card\" content=\"summary_large_image\" \/>\n<meta name=\"twitter:label1\" content=\"Ansl. lesetid\" \/>\n\t<meta name=\"twitter:data1\" content=\"2 minutter\" \/>\n<script type=\"application\/ld+json\" class=\"yoast-schema-graph\">{\"@context\":\"https:\/\/schema.org\",\"@graph\":[{\"@type\":\"WebPage\",\"@id\":\"https:\/\/mekulo.com\/no\/produkt\/baerbar-hd-miniprojektor\/\",\"url\":\"https:\/\/mekulo.com\/no\/produkt\/baerbar-hd-miniprojektor\/\",\"name\":\"B\u00e6rbar HD-miniprojektor - Mekulo NO\",\"isPartOf\":{\"@id\":\"https:\/\/mekulo.com\/no\/#website\"},\"primaryImageOfPage\":{\"@id\":\"https:\/\/mekulo.com\/no\/produkt\/baerbar-hd-miniprojektor\/#primaryimage\"},\"image\":{\"@id\":\"https:\/\/mekulo.com\/no\/produkt\/baerbar-hd-miniprojektor\/#primaryimage\"},\"thumbnailUrl\":\"https:\/\/mekulo.com\/no\/wp-content\/uploads\/sites\/10\/2026\/02\/10z00y1-1.png\",\"datePublished\":\"2026-02-05T15:17:12+00:00\",\"dateModified\":\"2026-02-10T09:06:19+00:00\",\"breadcrumb\":{\"@id\":\"https:\/\/mekulo.com\/no\/produkt\/baerbar-hd-miniprojektor\/#breadcrumb\"},\"inLanguage\":\"nb-NO\",\"potentialAction\":[{\"@type\":\"ReadAction\",\"target\":[\"https:\/\/mekulo.com\/no\/produkt\/baerbar-hd-miniprojektor\/\"]}]},{\"@type\":\"ImageObject\",\"inLanguage\":\"nb-NO\",\"@id\":\"https:\/\/mekulo.com\/no\/produkt\/baerbar-hd-miniprojektor\/#primaryimage\",\"url\":\"https:\/\/mekulo.com\/no\/wp-content\/uploads\/sites\/10\/2026\/02\/10z00y1-1.png\",\"contentUrl\":\"https:\/\/mekulo.com\/no\/wp-content\/uploads\/sites\/10\/2026\/02\/10z00y1-1.png\",\"width\":960,\"height\":960},{\"@type\":\"BreadcrumbList\",\"@id\":\"https:\/\/mekulo.com\/no\/produkt\/baerbar-hd-miniprojektor\/#breadcrumb\",\"itemListElement\":[{\"@type\":\"ListItem\",\"position\":1,\"name\":\"Home\",\"item\":\"https:\/\/mekulo.com\/no\/\"},{\"@type\":\"ListItem\",\"position\":2,\"name\":\"Butikk\",\"item\":\"https:\/\/mekulo.com\/no\/butikk\/\"},{\"@type\":\"ListItem\",\"position\":3,\"name\":\"B\u00e6rbar HD-miniprojektor\"}]},{\"@type\":\"WebSite\",\"@id\":\"https:\/\/mekulo.com\/no\/#website\",\"url\":\"https:\/\/mekulo.com\/no\/\",\"name\":\"Mekulo NO\",\"description\":\"\",\"publisher\":{\"@id\":\"https:\/\/mekulo.com\/no\/#organization\"},\"potentialAction\":[{\"@type\":\"SearchAction\",\"target\":{\"@type\":\"EntryPoint\",\"urlTemplate\":\"https:\/\/mekulo.com\/no\/?s={search_term_string}\"},\"query-input\":{\"@type\":\"PropertyValueSpecification\",\"valueRequired\":true,\"valueName\":\"search_term_string\"}}],\"inLanguage\":\"nb-NO\"},{\"@type\":\"Organization\",\"@id\":\"https:\/\/mekulo.com\/no\/#organization\",\"name\":\"Mekulo\",\"url\":\"https:\/\/mekulo.com\/no\/\",\"logo\":{\"@type\":\"ImageObject\",\"inLanguage\":\"nb-NO\",\"@id\":\"https:\/\/mekulo.com\/no\/#\/schema\/logo\/image\/\",\"url\":\"https:\/\/mekulo.com\/no\/wp-content\/uploads\/sites\/10\/2025\/12\/favicon_mekulo.png\",\"contentUrl\":\"https:\/\/mekulo.com\/no\/wp-content\/uploads\/sites\/10\/2025\/12\/favicon_mekulo.png\",\"width\":50,\"height\":50,\"caption\":\"Mekulo\"},\"image\":{\"@id\":\"https:\/\/mekulo.com\/no\/#\/schema\/logo\/image\/\"}}]}<\/script>\n<!-- \/ Yoast SEO plugin. -->","yoast_head_json":{"title":"B\u00e6rbar HD-miniprojektor - Mekulo NO","robots":{"index":"index","follow":"follow","max-snippet":"max-snippet:-1","max-image-preview":"max-image-preview:large","max-video-preview":"max-video-preview:-1"},"canonical":"https:\/\/mekulo.com\/no\/produkt\/baerbar-hd-miniprojektor\/","og_locale":"nb_NO","og_type":"article","og_title":"B\u00e6rbar HD-miniprojektor - Mekulo NO","og_description":"\ud83c\udfa5Med denne b\u00e6rbare HD-miniprojektoren kan du se film, spille spill eller studere p\u00e5 en skjerm p\u00e5 opptil 100 tommer ved hjelp av en liten og lett enhet. \ud83d\udcf1Den st\u00f8tter flere enheter og er enkel \u00e5 ta med seg for hjemmebruk, reiser eller utend\u00f8rs moro. \ud83c\udfacDen bidrar ogs\u00e5 til \u00e5 redusere skjermtretthet ved \u00e5 la barn og voksne g\u00e5 bort fra telefoner og nettbrett.","og_url":"https:\/\/mekulo.com\/no\/produkt\/baerbar-hd-miniprojektor\/","og_site_name":"Mekulo NO","article_modified_time":"2026-02-10T09:06:19+00:00","og_image":[{"width":960,"height":960,"url":"https:\/\/mekulo.com\/no\/wp-content\/uploads\/sites\/10\/2026\/02\/10z00y1-1.png","type":"image\/png"}],"twitter_card":"summary_large_image","twitter_misc":{"Ansl. lesetid":"2 minutter"},"schema":{"@context":"https:\/\/schema.org","@graph":[{"@type":"WebPage","@id":"https:\/\/mekulo.com\/no\/produkt\/baerbar-hd-miniprojektor\/","url":"https:\/\/mekulo.com\/no\/produkt\/baerbar-hd-miniprojektor\/","name":"B\u00e6rbar HD-miniprojektor - Mekulo NO","isPartOf":{"@id":"https:\/\/mekulo.com\/no\/#website"},"primaryImageOfPage":{"@id":"https:\/\/mekulo.com\/no\/produkt\/baerbar-hd-miniprojektor\/#primaryimage"},"image":{"@id":"https:\/\/mekulo.com\/no\/produkt\/baerbar-hd-miniprojektor\/#primaryimage"},"thumbnailUrl":"https:\/\/mekulo.com\/no\/wp-content\/uploads\/sites\/10\/2026\/02\/10z00y1-1.png","datePublished":"2026-02-05T15:17:12+00:00","dateModified":"2026-02-10T09:06:19+00:00","breadcrumb":{"@id":"https:\/\/mekulo.com\/no\/produkt\/baerbar-hd-miniprojektor\/#breadcrumb"},"inLanguage":"nb-NO","potentialAction":[{"@type":"ReadAction","target":["https:\/\/mekulo.com\/no\/produkt\/baerbar-hd-miniprojektor\/"]}]},{"@type":"ImageObject","inLanguage":"nb-NO","@id":"https:\/\/mekulo.com\/no\/produkt\/baerbar-hd-miniprojektor\/#primaryimage","url":"https:\/\/mekulo.com\/no\/wp-content\/uploads\/sites\/10\/2026\/02\/10z00y1-1.png","contentUrl":"https:\/\/mekulo.com\/no\/wp-content\/uploads\/sites\/10\/2026\/02\/10z00y1-1.png","width":960,"height":960},{"@type":"BreadcrumbList","@id":"https:\/\/mekulo.com\/no\/produkt\/baerbar-hd-miniprojektor\/#breadcrumb","itemListElement":[{"@type":"ListItem","position":1,"name":"Home","item":"https:\/\/mekulo.com\/no\/"},{"@type":"ListItem","position":2,"name":"Butikk","item":"https:\/\/mekulo.com\/no\/butikk\/"},{"@type":"ListItem","position":3,"name":"B\u00e6rbar HD-miniprojektor"}]},{"@type":"WebSite","@id":"https:\/\/mekulo.com\/no\/#website","url":"https:\/\/mekulo.com\/no\/","name":"Mekulo NO","description":"","publisher":{"@id":"https:\/\/mekulo.com\/no\/#organization"},"potentialAction":[{"@type":"SearchAction","target":{"@type":"EntryPoint","urlTemplate":"https:\/\/mekulo.com\/no\/?s={search_term_string}"},"query-input":{"@type":"PropertyValueSpecification","valueRequired":true,"valueName":"search_term_string"}}],"inLanguage":"nb-NO"},{"@type":"Organization","@id":"https:\/\/mekulo.com\/no\/#organization","name":"Mekulo","url":"https:\/\/mekulo.com\/no\/","logo":{"@type":"ImageObject","inLanguage":"nb-NO","@id":"https:\/\/mekulo.com\/no\/#\/schema\/logo\/image\/","url":"https:\/\/mekulo.com\/no\/wp-content\/uploads\/sites\/10\/2025\/12\/favicon_mekulo.png","contentUrl":"https:\/\/mekulo.com\/no\/wp-content\/uploads\/sites\/10\/2025\/12\/favicon_mekulo.png","width":50,"height":50,"caption":"Mekulo"},"image":{"@id":"https:\/\/mekulo.com\/no\/#\/schema\/logo\/image\/"}}]}},"_links":{"self":[{"href":"https:\/\/mekulo.com\/no\/wp-json\/wp\/v2\/product\/21932","targetHints":{"allow":["GET"]}}],"collection":[{"href":"https:\/\/mekulo.com\/no\/wp-json\/wp\/v2\/product"}],"about":[{"href":"https:\/\/mekulo.com\/no\/wp-json\/wp\/v2\/types\/product"}],"replies":[{"embeddable":true,"href":"https:\/\/mekulo.com\/no\/wp-json\/wp\/v2\/comments?post=21932"}],"wp:featuredmedia":[{"embeddable":true,"href":"https:\/\/mekulo.com\/no\/wp-json\/wp\/v2\/media\/21928"}],"wp:attachment":[{"href":"https:\/\/mekulo.com\/no\/wp-json\/wp\/v2\/media?parent=21932"}],"wp:term":[{"taxonomy":"product_brand","embeddable":true,"href":"https:\/\/mekulo.com\/no\/wp-json\/wp\/v2\/product_brand?post=21932"},{"taxonomy":"product_cat","embeddable":true,"href":"https:\/\/mekulo.com\/no\/wp-json\/wp\/v2\/product_cat?post=21932"},{"taxonomy":"product_tag","embeddable":true,"href":"https:\/\/mekulo.com\/no\/wp-json\/wp\/v2\/product_tag?post=21932"}],"curies":[{"name":"wp","href":"https:\/\/api.w.org\/{rel}","templated":true}]}}