{"id":21916,"date":"2026-02-05T17:14:59","date_gmt":"2026-02-05T15:14:59","guid":{"rendered":"https:\/\/mekulo.com\/no\/produkt\/natural-essence-solv-harfarge\/"},"modified":"2026-02-10T11:08:52","modified_gmt":"2026-02-10T09:08:52","slug":"natural-essence-solv-harfarge","status":"publish","type":"product","link":"https:\/\/mekulo.com\/no\/produkt\/natural-essence-solv-harfarge\/","title":{"rendered":"Natural essence s\u00f8lv h\u00e5rfarge"},"content":{"rendered":"<p style=\"text-align: center;\" data-start=\"0\" data-end=\"91\"><strong data-start=\"0\" data-end=\"91\">Oppn\u00e5 et naturlig gr\u00e5tt h\u00e5rutseende som dekker hvitt h\u00e5r og ser ungdommelig og elegant ut. \ud83d\udc75<\/strong><\/p>\n<p data-start=\"0\" data-end=\"91\"><img decoding=\"async\" class=\"size-full wp-image-23637 aligncenter\" src=\"https:\/\/mekulo.com\/template\/wp-content\/uploads\/sites\/6\/2026\/02\/b801fbcd91077224891daff9441930f6cc525802-900.avif\" alt=\"\" \/><\/p>\n<h2 style=\"text-align: center;\" data-start=\"377\" data-end=\"394\"><strong>Hovedfordeler \ud83e\ude76<\/strong><\/h2>\n<p data-start=\"397\" data-end=\"466\">\ud83c\udf2b\ufe0f Naturlig gr\u00e5 tone &#8211; Myk, jevn farge uten skarp kontrast.<\/p>\n<p data-start=\"469\" data-end=\"539\">\ud83c\udfa8 Langvarig farge &#8211; Motst\u00e5r falming fra vask og sollys.<\/p>\n<p data-start=\"542\" data-end=\"614\">\ud83d\udca7 Sk\u00e5nsom h\u00e5rpleie &#8211; Fukter og reduserer krus og splittede ender.<\/p>\n<p data-start=\"617\" data-end=\"678\">\u2728 Glatt og skinnende finish &#8211; H\u00e5ret f\u00f8les mykt og sunt.<\/p>\n<p data-start=\"681\" data-end=\"750\">\ud83c\udfe0 Enkel hjemmebruk &#8211; Enkel p\u00e5f\u00f8ring med profesjonelle resultater.<\/p>\n<p data-start=\"681\" data-end=\"750\"><img decoding=\"async\" class=\"size-full wp-image-23633 aligncenter\" src=\"https:\/\/mekulo.com\/template\/wp-content\/uploads\/sites\/6\/2026\/02\/45d1113bc0f8031b8177597b5d815eb6d5e5c885-800.avif\" alt=\"\" \/><\/p>\n<h2 style=\"text-align: center;\" data-start=\"752\" data-end=\"766\"><strong>Slik Bruker Du \ud83d\udccc<\/strong><\/h2>\n<ol data-start=\"767\" data-end=\"1036\">\n<li data-start=\"767\" data-end=\"815\">\n<p data-start=\"770\" data-end=\"815\">Utf\u00f8r en hudsensitivitetstest f\u00f8r bruk.<\/p>\n<\/li>\n<li data-start=\"816\" data-end=\"843\">\n<p data-start=\"819\" data-end=\"843\">s\u00f8rg for at h\u00e5ret er t\u00f8rt.<\/p>\n<\/li>\n<li data-start=\"844\" data-end=\"912\">\n<p data-start=\"847\" data-end=\"912\">bruk hansker og p\u00e5f\u00f8r beskyttende krem p\u00e5 hudomr\u00e5der n\u00e6r h\u00e5ret.<\/p>\n<\/li>\n<li data-start=\"913\" data-end=\"955\">\n<p data-start=\"916\" data-end=\"955\">p\u00e5f\u00f8r fargestoffet jevnt p\u00e5 alle h\u00e5rstr\u00e5.<\/p>\n<\/li>\n<li data-start=\"956\" data-end=\"985\">\n<p data-start=\"959\" data-end=\"985\">la virke i 30 minutter.<\/p>\n<\/li>\n<li data-start=\"986\" data-end=\"1036\">\n<p data-start=\"989\" data-end=\"1036\">skyll grundig med varmt vann til det er klart.<\/p>\n<\/li>\n<\/ol>\n<h2 style=\"text-align: center;\" data-start=\"1038\" data-end=\"1057\"><strong>Produktdetaljer \ud83d\udccf<\/strong><\/h2>\n<ul data-start=\"1058\" data-end=\"1324\">\n<li data-start=\"1102\" data-end=\"1122\">\n<p data-start=\"1104\" data-end=\"1122\">Nettovekt: 100 g, 200 g, 300 g<\/p>\n<\/li>\n<li data-start=\"1123\" data-end=\"1146\">\n<p data-start=\"1125\" data-end=\"1146\">Holdbarhet: 3 \u00e5r<\/p>\n<\/li>\n<li data-start=\"1147\" data-end=\"1200\">\n<p data-start=\"1149\" data-end=\"1200\">Formula: Lite irriterende, n\u00e6rende og reparerende<\/p>\n<\/li>\n<li data-start=\"1201\" data-end=\"1254\">\n<p data-start=\"1203\" data-end=\"1254\">Oppbevaring: Oppbevares kj\u00f8lig, vekk fra sollys<\/p>\n<\/li>\n<li data-start=\"1201\" data-end=\"1254\">\n<p data-start=\"1203\" data-end=\"1254\">Egnet for: Dekker hvitt h\u00e5r og gir s\u00f8lv\/gr\u00e5toner<\/p>\n<\/li>\n<li data-start=\"1201\" data-end=\"1254\">Ingredienser: Aqua, aloe barbadensis bladekstrakt, symphytum officinale bladekstrakt, citrus reticulata (mandarin) fruktekstrakt, hydrolysert hveteprotein<\/li>\n<li data-start=\"1255\" data-end=\"1324\">St\u00f8rrelse: 16,3 x 5,5 cm<\/li>\n<\/ul>\n<h2 style=\"text-align: center;\" data-start=\"1326\" data-end=\"1346\"><strong>Pakken Inneholder \ud83d\udce6<\/strong><\/h2>\n<ul data-start=\"1347\" data-end=\"1391\" data-is-last-node=\"\" data-is-only-node=\"\">\n<li data-start=\"1347\" data-end=\"1391\" data-is-last-node=\"\">\n<p data-start=\"1349\" data-end=\"1391\" data-is-last-node=\"\">1, 2, 3x natural essence silver h\u00e5rfarge.<\/p>\n<\/li>\n<\/ul>\n","protected":false},"excerpt":{"rendered":"<p>\ud83e\ude76Denne naturlige s\u00f8lvfargen gir en myk, jevn gr\u00e5 tone med langvarig farge og glans.<br \/>\n\ud83d\udc75Den er sk\u00e5nsom mot h\u00e5ret samtidig som den gir n\u00e6ring og reparerer under fargingen, og etterlater h\u00e5ret glatt og silkemykt.<br \/>\n\ud83c\udfe0Du kan enkelt skape et gr\u00e5tt utseende p\u00e5 salongniv\u00e5 hjemme uten kompliserte trinn.<\/p>\n","protected":false},"featured_media":21912,"comment_status":"open","ping_status":"closed","template":"","meta":{"site-sidebar-layout":"default","site-content-layout":"","ast-site-content-layout":"default","site-content-style":"default","site-sidebar-style":"default","ast-global-header-display":"","ast-banner-title-visibility":"","ast-main-header-display":"","ast-hfb-above-header-display":"","ast-hfb-below-header-display":"","ast-hfb-mobile-header-display":"","site-post-title":"","ast-breadcrumbs-content":"","ast-featured-img":"","footer-sml-layout":"","theme-transparent-header-meta":"default","adv-header-id-meta":"","stick-header-meta":"","header-above-stick-meta":"","header-main-stick-meta":"","header-below-stick-meta":"","astra-migrate-meta-layouts":"set","ast-page-background-enabled":"default","ast-page-background-meta":{"desktop":{"background-color":"var(--ast-global-color-5)","background-image":"","background-repeat":"repeat","background-position":"center center","background-size":"auto","background-attachment":"scroll","background-type":"","background-media":"","overlay-type":"","overlay-color":"","overlay-opacity":"","overlay-gradient":""},"tablet":{"background-color":"","background-image":"","background-repeat":"repeat","background-position":"center center","background-size":"auto","background-attachment":"scroll","background-type":"","background-media":"","overlay-type":"","overlay-color":"","overlay-opacity":"","overlay-gradient":""},"mobile":{"background-color":"","background-image":"","background-repeat":"repeat","background-position":"center center","background-size":"auto","background-attachment":"scroll","background-type":"","background-media":"","overlay-type":"","overlay-color":"","overlay-opacity":"","overlay-gradient":""}},"ast-content-background-meta":{"desktop":{"background-color":"var(--ast-global-color-4)","background-image":"","background-repeat":"repeat","background-position":"center center","background-size":"auto","background-attachment":"scroll","background-type":"","background-media":"","overlay-type":"","overlay-color":"","overlay-opacity":"","overlay-gradient":""},"tablet":{"background-color":"var(--ast-global-color-4)","background-image":"","background-repeat":"repeat","background-position":"center center","background-size":"auto","background-attachment":"scroll","background-type":"","background-media":"","overlay-type":"","overlay-color":"","overlay-opacity":"","overlay-gradient":""},"mobile":{"background-color":"var(--ast-global-color-4)","background-image":"","background-repeat":"repeat","background-position":"center center","background-size":"auto","background-attachment":"scroll","background-type":"","background-media":"","overlay-type":"","overlay-color":"","overlay-opacity":"","overlay-gradient":""}}},"product_brand":[],"product_cat":[162],"product_tag":[],"class_list":{"0":"post-21916","1":"product","2":"type-product","3":"status-publish","4":"has-post-thumbnail","6":"product_cat-skjonnhets-og-hygieneprodukter","7":"pa_54866_xbepfug5-1-stk","8":"pa_54866_xbepfug5-2-stk","9":"pa_54866_xbepfug5-3-stk","10":"desktop-align-left","11":"tablet-align-left","12":"mobile-align-left","14":"first","15":"instock","16":"shipping-taxable","17":"purchasable","18":"product-type-variable"},"yoast_head":"<!-- This site is optimized with the Yoast SEO plugin v26.6 - https:\/\/yoast.com\/wordpress\/plugins\/seo\/ -->\n<title>Natural essence s\u00f8lv h\u00e5rfarge - Mekulo NO<\/title>\n<meta name=\"robots\" content=\"index, follow, max-snippet:-1, max-image-preview:large, max-video-preview:-1\" \/>\n<link rel=\"canonical\" href=\"https:\/\/mekulo.com\/no\/produkt\/natural-essence-solv-harfarge\/\" \/>\n<meta property=\"og:locale\" content=\"nb_NO\" \/>\n<meta property=\"og:type\" content=\"article\" \/>\n<meta property=\"og:title\" content=\"Natural essence s\u00f8lv h\u00e5rfarge - Mekulo NO\" \/>\n<meta property=\"og:description\" content=\"\ud83e\ude76Denne naturlige s\u00f8lvfargen gir en myk, jevn gr\u00e5 tone med langvarig farge og glans. \ud83d\udc75Den er sk\u00e5nsom mot h\u00e5ret samtidig som den gir n\u00e6ring og reparerer under fargingen, og etterlater h\u00e5ret glatt og silkemykt. \ud83c\udfe0Du kan enkelt skape et gr\u00e5tt utseende p\u00e5 salongniv\u00e5 hjemme uten kompliserte trinn.\" \/>\n<meta property=\"og:url\" content=\"https:\/\/mekulo.com\/no\/produkt\/natural-essence-solv-harfarge\/\" \/>\n<meta property=\"og:site_name\" content=\"Mekulo NO\" \/>\n<meta property=\"article:modified_time\" content=\"2026-02-10T09:08:52+00:00\" \/>\n<meta property=\"og:image\" content=\"https:\/\/mekulo.com\/no\/wp-content\/uploads\/sites\/10\/2026\/02\/dx6psv8-1.jpg\" \/>\n\t<meta property=\"og:image:width\" content=\"800\" \/>\n\t<meta property=\"og:image:height\" content=\"800\" \/>\n\t<meta property=\"og:image:type\" content=\"image\/jpeg\" \/>\n<meta name=\"twitter:card\" content=\"summary_large_image\" \/>\n<meta name=\"twitter:label1\" content=\"Ansl. lesetid\" \/>\n\t<meta name=\"twitter:data1\" content=\"2 minutter\" \/>\n<script type=\"application\/ld+json\" class=\"yoast-schema-graph\">{\"@context\":\"https:\/\/schema.org\",\"@graph\":[{\"@type\":\"WebPage\",\"@id\":\"https:\/\/mekulo.com\/no\/produkt\/natural-essence-solv-harfarge\/\",\"url\":\"https:\/\/mekulo.com\/no\/produkt\/natural-essence-solv-harfarge\/\",\"name\":\"Natural essence s\u00f8lv h\u00e5rfarge - Mekulo NO\",\"isPartOf\":{\"@id\":\"https:\/\/mekulo.com\/no\/#website\"},\"primaryImageOfPage\":{\"@id\":\"https:\/\/mekulo.com\/no\/produkt\/natural-essence-solv-harfarge\/#primaryimage\"},\"image\":{\"@id\":\"https:\/\/mekulo.com\/no\/produkt\/natural-essence-solv-harfarge\/#primaryimage\"},\"thumbnailUrl\":\"https:\/\/mekulo.com\/no\/wp-content\/uploads\/sites\/10\/2026\/02\/dx6psv8-1.jpg\",\"datePublished\":\"2026-02-05T15:14:59+00:00\",\"dateModified\":\"2026-02-10T09:08:52+00:00\",\"breadcrumb\":{\"@id\":\"https:\/\/mekulo.com\/no\/produkt\/natural-essence-solv-harfarge\/#breadcrumb\"},\"inLanguage\":\"nb-NO\",\"potentialAction\":[{\"@type\":\"ReadAction\",\"target\":[\"https:\/\/mekulo.com\/no\/produkt\/natural-essence-solv-harfarge\/\"]}]},{\"@type\":\"ImageObject\",\"inLanguage\":\"nb-NO\",\"@id\":\"https:\/\/mekulo.com\/no\/produkt\/natural-essence-solv-harfarge\/#primaryimage\",\"url\":\"https:\/\/mekulo.com\/no\/wp-content\/uploads\/sites\/10\/2026\/02\/dx6psv8-1.jpg\",\"contentUrl\":\"https:\/\/mekulo.com\/no\/wp-content\/uploads\/sites\/10\/2026\/02\/dx6psv8-1.jpg\",\"width\":800,\"height\":800},{\"@type\":\"BreadcrumbList\",\"@id\":\"https:\/\/mekulo.com\/no\/produkt\/natural-essence-solv-harfarge\/#breadcrumb\",\"itemListElement\":[{\"@type\":\"ListItem\",\"position\":1,\"name\":\"Home\",\"item\":\"https:\/\/mekulo.com\/no\/\"},{\"@type\":\"ListItem\",\"position\":2,\"name\":\"Butikk\",\"item\":\"https:\/\/mekulo.com\/no\/butikk\/\"},{\"@type\":\"ListItem\",\"position\":3,\"name\":\"Natural essence s\u00f8lv h\u00e5rfarge\"}]},{\"@type\":\"WebSite\",\"@id\":\"https:\/\/mekulo.com\/no\/#website\",\"url\":\"https:\/\/mekulo.com\/no\/\",\"name\":\"Mekulo NO\",\"description\":\"\",\"publisher\":{\"@id\":\"https:\/\/mekulo.com\/no\/#organization\"},\"potentialAction\":[{\"@type\":\"SearchAction\",\"target\":{\"@type\":\"EntryPoint\",\"urlTemplate\":\"https:\/\/mekulo.com\/no\/?s={search_term_string}\"},\"query-input\":{\"@type\":\"PropertyValueSpecification\",\"valueRequired\":true,\"valueName\":\"search_term_string\"}}],\"inLanguage\":\"nb-NO\"},{\"@type\":\"Organization\",\"@id\":\"https:\/\/mekulo.com\/no\/#organization\",\"name\":\"Mekulo\",\"url\":\"https:\/\/mekulo.com\/no\/\",\"logo\":{\"@type\":\"ImageObject\",\"inLanguage\":\"nb-NO\",\"@id\":\"https:\/\/mekulo.com\/no\/#\/schema\/logo\/image\/\",\"url\":\"https:\/\/mekulo.com\/no\/wp-content\/uploads\/sites\/10\/2025\/12\/favicon_mekulo.png\",\"contentUrl\":\"https:\/\/mekulo.com\/no\/wp-content\/uploads\/sites\/10\/2025\/12\/favicon_mekulo.png\",\"width\":50,\"height\":50,\"caption\":\"Mekulo\"},\"image\":{\"@id\":\"https:\/\/mekulo.com\/no\/#\/schema\/logo\/image\/\"}}]}<\/script>\n<!-- \/ Yoast SEO plugin. -->","yoast_head_json":{"title":"Natural essence s\u00f8lv h\u00e5rfarge - Mekulo NO","robots":{"index":"index","follow":"follow","max-snippet":"max-snippet:-1","max-image-preview":"max-image-preview:large","max-video-preview":"max-video-preview:-1"},"canonical":"https:\/\/mekulo.com\/no\/produkt\/natural-essence-solv-harfarge\/","og_locale":"nb_NO","og_type":"article","og_title":"Natural essence s\u00f8lv h\u00e5rfarge - Mekulo NO","og_description":"\ud83e\ude76Denne naturlige s\u00f8lvfargen gir en myk, jevn gr\u00e5 tone med langvarig farge og glans. \ud83d\udc75Den er sk\u00e5nsom mot h\u00e5ret samtidig som den gir n\u00e6ring og reparerer under fargingen, og etterlater h\u00e5ret glatt og silkemykt. \ud83c\udfe0Du kan enkelt skape et gr\u00e5tt utseende p\u00e5 salongniv\u00e5 hjemme uten kompliserte trinn.","og_url":"https:\/\/mekulo.com\/no\/produkt\/natural-essence-solv-harfarge\/","og_site_name":"Mekulo NO","article_modified_time":"2026-02-10T09:08:52+00:00","og_image":[{"width":800,"height":800,"url":"https:\/\/mekulo.com\/no\/wp-content\/uploads\/sites\/10\/2026\/02\/dx6psv8-1.jpg","type":"image\/jpeg"}],"twitter_card":"summary_large_image","twitter_misc":{"Ansl. lesetid":"2 minutter"},"schema":{"@context":"https:\/\/schema.org","@graph":[{"@type":"WebPage","@id":"https:\/\/mekulo.com\/no\/produkt\/natural-essence-solv-harfarge\/","url":"https:\/\/mekulo.com\/no\/produkt\/natural-essence-solv-harfarge\/","name":"Natural essence s\u00f8lv h\u00e5rfarge - Mekulo NO","isPartOf":{"@id":"https:\/\/mekulo.com\/no\/#website"},"primaryImageOfPage":{"@id":"https:\/\/mekulo.com\/no\/produkt\/natural-essence-solv-harfarge\/#primaryimage"},"image":{"@id":"https:\/\/mekulo.com\/no\/produkt\/natural-essence-solv-harfarge\/#primaryimage"},"thumbnailUrl":"https:\/\/mekulo.com\/no\/wp-content\/uploads\/sites\/10\/2026\/02\/dx6psv8-1.jpg","datePublished":"2026-02-05T15:14:59+00:00","dateModified":"2026-02-10T09:08:52+00:00","breadcrumb":{"@id":"https:\/\/mekulo.com\/no\/produkt\/natural-essence-solv-harfarge\/#breadcrumb"},"inLanguage":"nb-NO","potentialAction":[{"@type":"ReadAction","target":["https:\/\/mekulo.com\/no\/produkt\/natural-essence-solv-harfarge\/"]}]},{"@type":"ImageObject","inLanguage":"nb-NO","@id":"https:\/\/mekulo.com\/no\/produkt\/natural-essence-solv-harfarge\/#primaryimage","url":"https:\/\/mekulo.com\/no\/wp-content\/uploads\/sites\/10\/2026\/02\/dx6psv8-1.jpg","contentUrl":"https:\/\/mekulo.com\/no\/wp-content\/uploads\/sites\/10\/2026\/02\/dx6psv8-1.jpg","width":800,"height":800},{"@type":"BreadcrumbList","@id":"https:\/\/mekulo.com\/no\/produkt\/natural-essence-solv-harfarge\/#breadcrumb","itemListElement":[{"@type":"ListItem","position":1,"name":"Home","item":"https:\/\/mekulo.com\/no\/"},{"@type":"ListItem","position":2,"name":"Butikk","item":"https:\/\/mekulo.com\/no\/butikk\/"},{"@type":"ListItem","position":3,"name":"Natural essence s\u00f8lv h\u00e5rfarge"}]},{"@type":"WebSite","@id":"https:\/\/mekulo.com\/no\/#website","url":"https:\/\/mekulo.com\/no\/","name":"Mekulo NO","description":"","publisher":{"@id":"https:\/\/mekulo.com\/no\/#organization"},"potentialAction":[{"@type":"SearchAction","target":{"@type":"EntryPoint","urlTemplate":"https:\/\/mekulo.com\/no\/?s={search_term_string}"},"query-input":{"@type":"PropertyValueSpecification","valueRequired":true,"valueName":"search_term_string"}}],"inLanguage":"nb-NO"},{"@type":"Organization","@id":"https:\/\/mekulo.com\/no\/#organization","name":"Mekulo","url":"https:\/\/mekulo.com\/no\/","logo":{"@type":"ImageObject","inLanguage":"nb-NO","@id":"https:\/\/mekulo.com\/no\/#\/schema\/logo\/image\/","url":"https:\/\/mekulo.com\/no\/wp-content\/uploads\/sites\/10\/2025\/12\/favicon_mekulo.png","contentUrl":"https:\/\/mekulo.com\/no\/wp-content\/uploads\/sites\/10\/2025\/12\/favicon_mekulo.png","width":50,"height":50,"caption":"Mekulo"},"image":{"@id":"https:\/\/mekulo.com\/no\/#\/schema\/logo\/image\/"}}]}},"_links":{"self":[{"href":"https:\/\/mekulo.com\/no\/wp-json\/wp\/v2\/product\/21916","targetHints":{"allow":["GET"]}}],"collection":[{"href":"https:\/\/mekulo.com\/no\/wp-json\/wp\/v2\/product"}],"about":[{"href":"https:\/\/mekulo.com\/no\/wp-json\/wp\/v2\/types\/product"}],"replies":[{"embeddable":true,"href":"https:\/\/mekulo.com\/no\/wp-json\/wp\/v2\/comments?post=21916"}],"wp:featuredmedia":[{"embeddable":true,"href":"https:\/\/mekulo.com\/no\/wp-json\/wp\/v2\/media\/21912"}],"wp:attachment":[{"href":"https:\/\/mekulo.com\/no\/wp-json\/wp\/v2\/media?parent=21916"}],"wp:term":[{"taxonomy":"product_brand","embeddable":true,"href":"https:\/\/mekulo.com\/no\/wp-json\/wp\/v2\/product_brand?post=21916"},{"taxonomy":"product_cat","embeddable":true,"href":"https:\/\/mekulo.com\/no\/wp-json\/wp\/v2\/product_cat?post=21916"},{"taxonomy":"product_tag","embeddable":true,"href":"https:\/\/mekulo.com\/no\/wp-json\/wp\/v2\/product_tag?post=21916"}],"curies":[{"name":"wp","href":"https:\/\/api.w.org\/{rel}","templated":true}]}}