{"id":21897,"date":"2026-02-05T17:13:16","date_gmt":"2026-02-05T15:13:16","guid":{"rendered":"https:\/\/mekulo.com\/no\/produkt\/laerrestaureringskrem-160-g\/"},"modified":"2026-02-05T17:13:27","modified_gmt":"2026-02-05T15:13:27","slug":"laerrestaureringskrem-160-g","status":"publish","type":"product","link":"https:\/\/mekulo.com\/no\/produkt\/laerrestaureringskrem-160-g\/","title":{"rendered":"L\u00e6rrestaureringskrem (160 g)"},"content":{"rendered":"<p style=\"text-align: center\" data-start=\"0\" data-end=\"79\"><strong data-start=\"0\" data-end=\"79\">Gjenoppretter falmet og slitt skinn til et rent, skinnende, som nytt utseende p\u00e5 f\u00e5 minutter. \u2728<\/strong><\/p>\n<p data-start=\"0\" data-end=\"79\"><img fetchpriority=\"high\" decoding=\"async\" class=\"size-full wp-image-23624 aligncenter\" src=\"https:\/\/mekulo.com\/template\/wp-content\/uploads\/sites\/6\/2026\/02\/Sc2e15db354de4040ba9bfa3a47f3b21bH.png_960x960.png_.jpg\" alt=\"\" width=\"1069\" height=\"867\" \/><\/p>\n<h2 style=\"text-align: center\" data-start=\"361\" data-end=\"378\"><strong>Hovedfordeler \ud83d\ude97<\/strong><\/h2>\n<p data-start=\"381\" data-end=\"448\">\u2728 Gjenoppretter farge og glans &#8211; Gir liv til kjedelig skinn.<\/p>\n<p data-start=\"451\" data-end=\"513\">\ud83e\uddfc Rengj\u00f8r og polerer &#8211; Fjerner smuss, fett og merker.<\/p>\n<p data-start=\"516\" data-end=\"586\">\ud83d\udee1\ufe0f Beskyttende lag &#8211; Hjelper med \u00e5 avvise st\u00f8v, svette og fingeravtrykk.<\/p>\n<p data-start=\"589\" data-end=\"648\">\ud83c\udf3f Sikker og milj\u00f8vennlig &#8211; Oljefri, luktfri formel.<\/p>\n<p data-start=\"651\" data-end=\"727\">\ud83d\ude97 Bredt bruksomr\u00e5de &#8211; Fungerer p\u00e5 bilseter, sofaer, sko, vesker og mer.<\/p>\n<p data-start=\"651\" data-end=\"727\"><img decoding=\"async\" class=\"size-full wp-image-23630 aligncenter\" src=\"https:\/\/mekulo.com\/template\/wp-content\/uploads\/sites\/6\/2026\/02\/S33fd5d1316eb402181f096284b9b40b9O.jpg\" alt=\"\" width=\"1080\" height=\"1080\" \/><\/p>\n<h2 style=\"text-align: center\" data-start=\"729\" data-end=\"743\"><strong>Hvordan Du Bruker \ud83d\udccc<\/strong><\/h2>\n<ol data-start=\"744\" data-end=\"973\">\n<li data-start=\"744\" data-end=\"797\">\n<p data-start=\"747\" data-end=\"797\">Test p\u00e5 et skjult omr\u00e5de med noen dr\u00e5per vann.<\/p>\n<\/li>\n<li data-start=\"798\" data-end=\"850\">\n<p data-start=\"801\" data-end=\"850\">P\u00e5f\u00f8r en liten mengde krem p\u00e5 en ren klut.<\/p>\n<\/li>\n<li data-start=\"851\" data-end=\"892\">\n<p data-start=\"854\" data-end=\"892\">Gni forsiktig p\u00e5 skinnoverflaten.<\/p>\n<\/li>\n<li data-start=\"893\" data-end=\"928\">\n<p data-start=\"896\" data-end=\"928\">T\u00f8rk jevnt og la det absorbere.<\/p>\n<\/li>\n<li data-start=\"929\" data-end=\"973\">\n<p data-start=\"932\" data-end=\"973\">Poler lett for ekstra glans om n\u00f8dvendig.<\/p>\n<\/li>\n<\/ol>\n<h2 style=\"text-align: center\" data-start=\"975\" data-end=\"994\"><strong>Produktdetaljer \ud83d\udccf<\/strong><\/h2>\n<ul data-start=\"995\" data-end=\"1286\">\n<li data-start=\"1048\" data-end=\"1096\">\n<p data-start=\"1050\" data-end=\"1096\">Funksjon: Rengj\u00f8r, reparerer, polerer og beskytter<\/p>\n<\/li>\n<li data-start=\"1097\" data-end=\"1154\">\n<p data-start=\"1099\" data-end=\"1154\">Formula: Oljefri, trygg og milj\u00f8vennlig<\/p>\n<\/li>\n<li data-start=\"1155\" data-end=\"1233\">\n<p data-start=\"1157\" data-end=\"1233\">Egnet for: Bilinteri\u00f8r, sofaer, skinnsko, vesker, lommeb\u00f8ker, kl\u00e6r<\/p>\n<\/li>\n<li data-start=\"1234\" data-end=\"1286\">\n<p data-start=\"1236\" data-end=\"1286\">Effekt: Gjenoppretter farge, forhindrer st\u00f8v og flekker<\/p>\n<\/li>\n<li data-start=\"1234\" data-end=\"1286\">\n<p data-start=\"1236\" data-end=\"1286\">St\u00f8rrelse: 8,5 x 4,5 cm<\/p>\n<\/li>\n<li data-start=\"1234\" data-end=\"1286\">Kapasitet: 160 g<\/li>\n<\/ul>\n<h2 style=\"text-align: center\" data-start=\"1288\" data-end=\"1308\"><strong>Pakken Inkluderer \ud83d\udce6<\/strong><\/h2>\n<ul data-start=\"1309\" data-end=\"1340\" data-is-last-node=\"\" data-is-only-node=\"\">\n<li data-start=\"1309\" data-end=\"1340\" data-is-last-node=\"\">\n<p data-start=\"1311\" data-end=\"1340\" data-is-last-node=\"\">1x l\u00e6rrestaureringskrem<\/p>\n<\/li>\n<li data-start=\"1309\" data-end=\"1340\" data-is-last-node=\"\">\n<p data-start=\"1311\" data-end=\"1340\" data-is-last-node=\"\">1x innersvamp.<\/p>\n<\/li>\n<\/ul>\n","protected":false},"excerpt":{"rendered":"<p>\ud83d\ude98Denne l\u00e6rrestaureringskremen renser, reparerer og gjenoppliver skinnoverflater p\u00e5 dypet uten \u00e5 skade.<br \/>\n\ud83d\udfe4Den fjerner smuss, fett og lette riper samtidig som den gjenoppretter farge og glans.<br \/>\n\ud83c\udfe0Ideal for bilinteri\u00f8r og skinnartikler i hjemmet, og sparer penger ved \u00e5 forlenge levetiden til skinnet ditt.<\/p>\n","protected":false},"featured_media":21893,"comment_status":"open","ping_status":"closed","template":"","meta":{"site-sidebar-layout":"default","site-content-layout":"","ast-site-content-layout":"default","site-content-style":"default","site-sidebar-style":"default","ast-global-header-display":"","ast-banner-title-visibility":"","ast-main-header-display":"","ast-hfb-above-header-display":"","ast-hfb-below-header-display":"","ast-hfb-mobile-header-display":"","site-post-title":"","ast-breadcrumbs-content":"","ast-featured-img":"","footer-sml-layout":"","theme-transparent-header-meta":"default","adv-header-id-meta":"","stick-header-meta":"","header-above-stick-meta":"","header-main-stick-meta":"","header-below-stick-meta":"","astra-migrate-meta-layouts":"set","ast-page-background-enabled":"default","ast-page-background-meta":{"desktop":{"background-color":"var(--ast-global-color-5)","background-image":"","background-repeat":"repeat","background-position":"center center","background-size":"auto","background-attachment":"scroll","background-type":"","background-media":"","overlay-type":"","overlay-color":"","overlay-opacity":"","overlay-gradient":""},"tablet":{"background-color":"","background-image":"","background-repeat":"repeat","background-position":"center center","background-size":"auto","background-attachment":"scroll","background-type":"","background-media":"","overlay-type":"","overlay-color":"","overlay-opacity":"","overlay-gradient":""},"mobile":{"background-color":"","background-image":"","background-repeat":"repeat","background-position":"center center","background-size":"auto","background-attachment":"scroll","background-type":"","background-media":"","overlay-type":"","overlay-color":"","overlay-opacity":"","overlay-gradient":""}},"ast-content-background-meta":{"desktop":{"background-color":"var(--ast-global-color-4)","background-image":"","background-repeat":"repeat","background-position":"center center","background-size":"auto","background-attachment":"scroll","background-type":"","background-media":"","overlay-type":"","overlay-color":"","overlay-opacity":"","overlay-gradient":""},"tablet":{"background-color":"var(--ast-global-color-4)","background-image":"","background-repeat":"repeat","background-position":"center center","background-size":"auto","background-attachment":"scroll","background-type":"","background-media":"","overlay-type":"","overlay-color":"","overlay-opacity":"","overlay-gradient":""},"mobile":{"background-color":"var(--ast-global-color-4)","background-image":"","background-repeat":"repeat","background-position":"center center","background-size":"auto","background-attachment":"scroll","background-type":"","background-media":"","overlay-type":"","overlay-color":"","overlay-opacity":"","overlay-gradient":""}}},"product_brand":[],"product_cat":[161,168],"product_tag":[],"class_list":{"0":"post-21897","1":"product","2":"type-product","3":"status-publish","4":"has-post-thumbnail","6":"product_cat-bilprodukter","7":"product_cat-husholdningsartikler","8":"pa_54803_41u6ve4a-1-stk","9":"pa_54803_41u6ve4a-2-stk","10":"pa_54803_41u6ve4a-4-stk","11":"desktop-align-left","12":"tablet-align-left","13":"mobile-align-left","15":"first","16":"instock","17":"shipping-taxable","18":"purchasable","19":"product-type-variable"},"yoast_head":"<!-- This site is optimized with the Yoast SEO plugin v26.6 - https:\/\/yoast.com\/wordpress\/plugins\/seo\/ -->\n<title>L\u00e6rrestaureringskrem (160 g) - Mekulo NO<\/title>\n<meta name=\"robots\" content=\"index, follow, max-snippet:-1, max-image-preview:large, max-video-preview:-1\" \/>\n<link rel=\"canonical\" href=\"https:\/\/mekulo.com\/no\/produkt\/laerrestaureringskrem-160-g\/\" \/>\n<meta property=\"og:locale\" content=\"nb_NO\" \/>\n<meta property=\"og:type\" content=\"article\" \/>\n<meta property=\"og:title\" content=\"L\u00e6rrestaureringskrem (160 g) - Mekulo NO\" \/>\n<meta property=\"og:description\" content=\"\ud83d\ude98Denne l\u00e6rrestaureringskremen renser, reparerer og gjenoppliver skinnoverflater p\u00e5 dypet uten \u00e5 skade. \ud83d\udfe4Den fjerner smuss, fett og lette riper samtidig som den gjenoppretter farge og glans. \ud83c\udfe0Ideal for bilinteri\u00f8r og skinnartikler i hjemmet, og sparer penger ved \u00e5 forlenge levetiden til skinnet ditt.\" \/>\n<meta property=\"og:url\" content=\"https:\/\/mekulo.com\/no\/produkt\/laerrestaureringskrem-160-g\/\" \/>\n<meta property=\"og:site_name\" content=\"Mekulo NO\" \/>\n<meta property=\"article:modified_time\" content=\"2026-02-05T15:13:27+00:00\" \/>\n<meta property=\"og:image\" content=\"https:\/\/mekulo.com\/no\/wp-content\/uploads\/sites\/10\/2026\/02\/xv60jtb-1.jpg\" \/>\n\t<meta property=\"og:image:width\" content=\"1000\" \/>\n\t<meta property=\"og:image:height\" content=\"1000\" \/>\n\t<meta property=\"og:image:type\" content=\"image\/jpeg\" \/>\n<meta name=\"twitter:card\" content=\"summary_large_image\" \/>\n<meta name=\"twitter:label1\" content=\"Ansl. lesetid\" \/>\n\t<meta name=\"twitter:data1\" content=\"2 minutter\" \/>\n<script type=\"application\/ld+json\" class=\"yoast-schema-graph\">{\"@context\":\"https:\/\/schema.org\",\"@graph\":[{\"@type\":\"WebPage\",\"@id\":\"https:\/\/mekulo.com\/no\/produkt\/laerrestaureringskrem-160-g\/\",\"url\":\"https:\/\/mekulo.com\/no\/produkt\/laerrestaureringskrem-160-g\/\",\"name\":\"L\u00e6rrestaureringskrem (160 g) - Mekulo NO\",\"isPartOf\":{\"@id\":\"https:\/\/mekulo.com\/no\/#website\"},\"primaryImageOfPage\":{\"@id\":\"https:\/\/mekulo.com\/no\/produkt\/laerrestaureringskrem-160-g\/#primaryimage\"},\"image\":{\"@id\":\"https:\/\/mekulo.com\/no\/produkt\/laerrestaureringskrem-160-g\/#primaryimage\"},\"thumbnailUrl\":\"https:\/\/mekulo.com\/no\/wp-content\/uploads\/sites\/10\/2026\/02\/xv60jtb-1.jpg\",\"datePublished\":\"2026-02-05T15:13:16+00:00\",\"dateModified\":\"2026-02-05T15:13:27+00:00\",\"breadcrumb\":{\"@id\":\"https:\/\/mekulo.com\/no\/produkt\/laerrestaureringskrem-160-g\/#breadcrumb\"},\"inLanguage\":\"nb-NO\",\"potentialAction\":[{\"@type\":\"ReadAction\",\"target\":[\"https:\/\/mekulo.com\/no\/produkt\/laerrestaureringskrem-160-g\/\"]}]},{\"@type\":\"ImageObject\",\"inLanguage\":\"nb-NO\",\"@id\":\"https:\/\/mekulo.com\/no\/produkt\/laerrestaureringskrem-160-g\/#primaryimage\",\"url\":\"https:\/\/mekulo.com\/no\/wp-content\/uploads\/sites\/10\/2026\/02\/xv60jtb-1.jpg\",\"contentUrl\":\"https:\/\/mekulo.com\/no\/wp-content\/uploads\/sites\/10\/2026\/02\/xv60jtb-1.jpg\",\"width\":1000,\"height\":1000},{\"@type\":\"BreadcrumbList\",\"@id\":\"https:\/\/mekulo.com\/no\/produkt\/laerrestaureringskrem-160-g\/#breadcrumb\",\"itemListElement\":[{\"@type\":\"ListItem\",\"position\":1,\"name\":\"Home\",\"item\":\"https:\/\/mekulo.com\/no\/\"},{\"@type\":\"ListItem\",\"position\":2,\"name\":\"Butikk\",\"item\":\"https:\/\/mekulo.com\/no\/butikk\/\"},{\"@type\":\"ListItem\",\"position\":3,\"name\":\"L\u00e6rrestaureringskrem (160 g)\"}]},{\"@type\":\"WebSite\",\"@id\":\"https:\/\/mekulo.com\/no\/#website\",\"url\":\"https:\/\/mekulo.com\/no\/\",\"name\":\"Mekulo NO\",\"description\":\"\",\"publisher\":{\"@id\":\"https:\/\/mekulo.com\/no\/#organization\"},\"potentialAction\":[{\"@type\":\"SearchAction\",\"target\":{\"@type\":\"EntryPoint\",\"urlTemplate\":\"https:\/\/mekulo.com\/no\/?s={search_term_string}\"},\"query-input\":{\"@type\":\"PropertyValueSpecification\",\"valueRequired\":true,\"valueName\":\"search_term_string\"}}],\"inLanguage\":\"nb-NO\"},{\"@type\":\"Organization\",\"@id\":\"https:\/\/mekulo.com\/no\/#organization\",\"name\":\"Mekulo\",\"url\":\"https:\/\/mekulo.com\/no\/\",\"logo\":{\"@type\":\"ImageObject\",\"inLanguage\":\"nb-NO\",\"@id\":\"https:\/\/mekulo.com\/no\/#\/schema\/logo\/image\/\",\"url\":\"https:\/\/mekulo.com\/no\/wp-content\/uploads\/sites\/10\/2025\/12\/favicon_mekulo.png\",\"contentUrl\":\"https:\/\/mekulo.com\/no\/wp-content\/uploads\/sites\/10\/2025\/12\/favicon_mekulo.png\",\"width\":50,\"height\":50,\"caption\":\"Mekulo\"},\"image\":{\"@id\":\"https:\/\/mekulo.com\/no\/#\/schema\/logo\/image\/\"}}]}<\/script>\n<!-- \/ Yoast SEO plugin. -->","yoast_head_json":{"title":"L\u00e6rrestaureringskrem (160 g) - Mekulo NO","robots":{"index":"index","follow":"follow","max-snippet":"max-snippet:-1","max-image-preview":"max-image-preview:large","max-video-preview":"max-video-preview:-1"},"canonical":"https:\/\/mekulo.com\/no\/produkt\/laerrestaureringskrem-160-g\/","og_locale":"nb_NO","og_type":"article","og_title":"L\u00e6rrestaureringskrem (160 g) - Mekulo NO","og_description":"\ud83d\ude98Denne l\u00e6rrestaureringskremen renser, reparerer og gjenoppliver skinnoverflater p\u00e5 dypet uten \u00e5 skade. \ud83d\udfe4Den fjerner smuss, fett og lette riper samtidig som den gjenoppretter farge og glans. \ud83c\udfe0Ideal for bilinteri\u00f8r og skinnartikler i hjemmet, og sparer penger ved \u00e5 forlenge levetiden til skinnet ditt.","og_url":"https:\/\/mekulo.com\/no\/produkt\/laerrestaureringskrem-160-g\/","og_site_name":"Mekulo NO","article_modified_time":"2026-02-05T15:13:27+00:00","og_image":[{"width":1000,"height":1000,"url":"https:\/\/mekulo.com\/no\/wp-content\/uploads\/sites\/10\/2026\/02\/xv60jtb-1.jpg","type":"image\/jpeg"}],"twitter_card":"summary_large_image","twitter_misc":{"Ansl. lesetid":"2 minutter"},"schema":{"@context":"https:\/\/schema.org","@graph":[{"@type":"WebPage","@id":"https:\/\/mekulo.com\/no\/produkt\/laerrestaureringskrem-160-g\/","url":"https:\/\/mekulo.com\/no\/produkt\/laerrestaureringskrem-160-g\/","name":"L\u00e6rrestaureringskrem (160 g) - Mekulo NO","isPartOf":{"@id":"https:\/\/mekulo.com\/no\/#website"},"primaryImageOfPage":{"@id":"https:\/\/mekulo.com\/no\/produkt\/laerrestaureringskrem-160-g\/#primaryimage"},"image":{"@id":"https:\/\/mekulo.com\/no\/produkt\/laerrestaureringskrem-160-g\/#primaryimage"},"thumbnailUrl":"https:\/\/mekulo.com\/no\/wp-content\/uploads\/sites\/10\/2026\/02\/xv60jtb-1.jpg","datePublished":"2026-02-05T15:13:16+00:00","dateModified":"2026-02-05T15:13:27+00:00","breadcrumb":{"@id":"https:\/\/mekulo.com\/no\/produkt\/laerrestaureringskrem-160-g\/#breadcrumb"},"inLanguage":"nb-NO","potentialAction":[{"@type":"ReadAction","target":["https:\/\/mekulo.com\/no\/produkt\/laerrestaureringskrem-160-g\/"]}]},{"@type":"ImageObject","inLanguage":"nb-NO","@id":"https:\/\/mekulo.com\/no\/produkt\/laerrestaureringskrem-160-g\/#primaryimage","url":"https:\/\/mekulo.com\/no\/wp-content\/uploads\/sites\/10\/2026\/02\/xv60jtb-1.jpg","contentUrl":"https:\/\/mekulo.com\/no\/wp-content\/uploads\/sites\/10\/2026\/02\/xv60jtb-1.jpg","width":1000,"height":1000},{"@type":"BreadcrumbList","@id":"https:\/\/mekulo.com\/no\/produkt\/laerrestaureringskrem-160-g\/#breadcrumb","itemListElement":[{"@type":"ListItem","position":1,"name":"Home","item":"https:\/\/mekulo.com\/no\/"},{"@type":"ListItem","position":2,"name":"Butikk","item":"https:\/\/mekulo.com\/no\/butikk\/"},{"@type":"ListItem","position":3,"name":"L\u00e6rrestaureringskrem (160 g)"}]},{"@type":"WebSite","@id":"https:\/\/mekulo.com\/no\/#website","url":"https:\/\/mekulo.com\/no\/","name":"Mekulo NO","description":"","publisher":{"@id":"https:\/\/mekulo.com\/no\/#organization"},"potentialAction":[{"@type":"SearchAction","target":{"@type":"EntryPoint","urlTemplate":"https:\/\/mekulo.com\/no\/?s={search_term_string}"},"query-input":{"@type":"PropertyValueSpecification","valueRequired":true,"valueName":"search_term_string"}}],"inLanguage":"nb-NO"},{"@type":"Organization","@id":"https:\/\/mekulo.com\/no\/#organization","name":"Mekulo","url":"https:\/\/mekulo.com\/no\/","logo":{"@type":"ImageObject","inLanguage":"nb-NO","@id":"https:\/\/mekulo.com\/no\/#\/schema\/logo\/image\/","url":"https:\/\/mekulo.com\/no\/wp-content\/uploads\/sites\/10\/2025\/12\/favicon_mekulo.png","contentUrl":"https:\/\/mekulo.com\/no\/wp-content\/uploads\/sites\/10\/2025\/12\/favicon_mekulo.png","width":50,"height":50,"caption":"Mekulo"},"image":{"@id":"https:\/\/mekulo.com\/no\/#\/schema\/logo\/image\/"}}]}},"_links":{"self":[{"href":"https:\/\/mekulo.com\/no\/wp-json\/wp\/v2\/product\/21897","targetHints":{"allow":["GET"]}}],"collection":[{"href":"https:\/\/mekulo.com\/no\/wp-json\/wp\/v2\/product"}],"about":[{"href":"https:\/\/mekulo.com\/no\/wp-json\/wp\/v2\/types\/product"}],"replies":[{"embeddable":true,"href":"https:\/\/mekulo.com\/no\/wp-json\/wp\/v2\/comments?post=21897"}],"wp:featuredmedia":[{"embeddable":true,"href":"https:\/\/mekulo.com\/no\/wp-json\/wp\/v2\/media\/21893"}],"wp:attachment":[{"href":"https:\/\/mekulo.com\/no\/wp-json\/wp\/v2\/media?parent=21897"}],"wp:term":[{"taxonomy":"product_brand","embeddable":true,"href":"https:\/\/mekulo.com\/no\/wp-json\/wp\/v2\/product_brand?post=21897"},{"taxonomy":"product_cat","embeddable":true,"href":"https:\/\/mekulo.com\/no\/wp-json\/wp\/v2\/product_cat?post=21897"},{"taxonomy":"product_tag","embeddable":true,"href":"https:\/\/mekulo.com\/no\/wp-json\/wp\/v2\/product_tag?post=21897"}],"curies":[{"name":"wp","href":"https:\/\/api.w.org\/{rel}","templated":true}]}}