{"id":21858,"date":"2026-02-05T07:27:30","date_gmt":"2026-02-05T05:27:30","guid":{"rendered":"https:\/\/mekulo.com\/no\/produkt\/elektrisk-skumskjaerepenn\/"},"modified":"2026-02-05T07:38:01","modified_gmt":"2026-02-05T05:38:01","slug":"elektrisk-skumskjaerepenn","status":"publish","type":"product","link":"https:\/\/mekulo.com\/no\/produkt\/elektrisk-skumskjaerepenn\/","title":{"rendered":"Elektrisk skumskj\u00e6repenn"},"content":{"rendered":"<p style=\"text-align: center\" data-start=\"0\" data-end=\"78\"><strong data-start=\"0\" data-end=\"78\">Kutt skum og myke materialer rent og uanstrengt med varme, ikke kraft. \u2702\ufe0f<\/strong><\/p>\n<p data-start=\"0\" data-end=\"78\"><img decoding=\"async\" class=\"size-full wp-image-23611 aligncenter\" src=\"https:\/\/mekulo.com\/template\/wp-content\/uploads\/sites\/6\/2026\/02\/607315fc47cf90b8c5188b4a3edeede64ae72f49.avif\" alt=\"\" \/><\/p>\n<h2 style=\"text-align: center\" data-start=\"374\" data-end=\"391\"><strong>Hovedfordeler \ud83d\udd25<\/strong><\/h2>\n<p data-start=\"394\" data-end=\"449\">\u2702\ufe0f Hot melt cutting &#8211; Jevne kutt uten \u00e5 rive.<\/p>\n<p data-start=\"452\" data-end=\"515\">\ud83d\udd25 Sikker lavspenningsbruk &#8211; Designet for kontrollert oppvarming.<\/p>\n<p data-start=\"518\" data-end=\"585\">\ud83e\uddf0 Flere n\u00e5lespisser &#8211; Lett \u00e5 bytte ut for ulike oppgaver.<\/p>\n<p data-start=\"588\" data-end=\"647\">\ud83e\udeb6 Lett design &#8211; Komfortabel for detaljert arbeid.<\/p>\n<p data-start=\"650\" data-end=\"716\">\u26a1 Rask og effektiv &#8211; Sparer tid p\u00e5 skum og myke materialer.<\/p>\n<p data-start=\"650\" data-end=\"716\"><img decoding=\"async\" class=\"size-full wp-image-23610 aligncenter\" src=\"https:\/\/mekulo.com\/template\/wp-content\/uploads\/sites\/6\/2026\/02\/15a0803fc091d27a6325ed0dd9409559a47299f6.avif\" alt=\"\" \/><\/p>\n<h2 style=\"text-align: center\" data-start=\"718\" data-end=\"732\"><strong>Slik Bruker Du \ud83d\udccc<\/strong><\/h2>\n<ol data-start=\"733\" data-end=\"1010\">\n<li data-start=\"733\" data-end=\"793\">\n<p data-start=\"736\" data-end=\"793\">Koble pennen til en 6-12V str\u00f8mkilde (2A eller h\u00f8yere).<\/p>\n<\/li>\n<li data-start=\"794\" data-end=\"827\">\n<p data-start=\"797\" data-end=\"827\">Vent til spissen varmes opp.<\/p>\n<\/li>\n<li data-start=\"828\" data-end=\"894\">\n<p data-start=\"831\" data-end=\"894\">F\u00f8r pennen forsiktig og la materialet smelte mens du skj\u00e6rer.<\/p>\n<\/li>\n<li data-start=\"895\" data-end=\"947\">\n<p data-start=\"898\" data-end=\"947\">Ikke bruk kraft for \u00e5 unng\u00e5 \u00e5 b\u00f8ye n\u00e5len.<\/p>\n<\/li>\n<li data-start=\"948\" data-end=\"1010\">\n<p data-start=\"951\" data-end=\"1010\">Sl\u00e5 av og la den avkj\u00f8les f\u00f8r du bytter spisser eller oppbevarer.<\/p>\n<\/li>\n<\/ol>\n<h2 style=\"text-align: center\" data-start=\"1012\" data-end=\"1031\"><strong>Produktdetaljer \ud83d\udccf<\/strong><\/h2>\n<ul data-start=\"1032\" data-end=\"1400\">\n<li data-start=\"1032\" data-end=\"1062\">\n<p data-start=\"1034\" data-end=\"1062\">Arbeidstemperatur: 300\u00b0C<\/p>\n<\/li>\n<li data-start=\"1063\" data-end=\"1115\">\n<p data-start=\"1065\" data-end=\"1115\">Tilgjengelige st\u00f8rrelser: 5cm, 10cm, 15cm, 20cm, 25cm<\/p>\n<\/li>\n<li data-start=\"1116\" data-end=\"1153\">\n<p data-start=\"1118\" data-end=\"1153\">Klippemetode: Elektrisk varmsmelting<\/p>\n<\/li>\n<li data-start=\"1154\" data-end=\"1265\">\n<p data-start=\"1156\" data-end=\"1265\">Egnede materialer: Skumplate, perlebomull, KT-plate, benzenplate, tynn klut, vevde poser, strekkfilm<\/p>\n<\/li>\n<li data-start=\"1266\" data-end=\"1338\">\n<p data-start=\"1268\" data-end=\"1338\">Energialternativer: 6-12V lader, batteri eller 18650 litiumbatteripakke<\/p>\n<\/li>\n<li data-start=\"1339\" data-end=\"1400\">\n<p data-start=\"1341\" data-end=\"1400\">Bemerk: Ikke egnet for harde materialer eller materialer med h\u00f8y temperatur<\/p>\n<\/li>\n<li data-start=\"1339\" data-end=\"1400\">Str\u00f8m: EU-plugg<\/li>\n<\/ul>\n<h2 style=\"text-align: center\" data-start=\"1402\" data-end=\"1422\"><strong>Pakken Inkluderer \ud83d\udce6<\/strong><\/h2>\n<ul data-start=\"1423\" data-end=\"1499\" data-is-last-node=\"\" data-is-only-node=\"\">\n<li data-start=\"1423\" data-end=\"1456\">\n<p data-start=\"1425\" data-end=\"1456\">1x elektrisk skumskj\u00e6repenn<\/p>\n<\/li>\n<li data-start=\"1457\" data-end=\"1499\" data-is-last-node=\"\">\n<p data-start=\"1459\" data-end=\"1499\" data-is-last-node=\"\">EU-plugg.<\/p>\n<\/li>\n<\/ul>\n","protected":false},"excerpt":{"rendered":"<p>\ud83d\udd8a\ufe0fThis elektrisk skumskj\u00e6repenn bruker kontrollert varme til \u00e5 smelte gjennom skum, stoff og film for jevne og presise kutt.<br \/>\n\ud83d\udce6Den er lett, enkel \u00e5 h\u00e5ndtere og ideell for hobby-, emballasje- og gj\u00f8r-det-selv-prosjekter.<br \/>\n\ud83e\udea1Med flere n\u00e5lealternativer kan du raskt bytte spisser for \u00e5 matche ulike skj\u00e6rebehov.<\/p>\n","protected":false},"featured_media":21854,"comment_status":"open","ping_status":"closed","template":"","meta":{"site-sidebar-layout":"default","site-content-layout":"","ast-site-content-layout":"default","site-content-style":"default","site-sidebar-style":"default","ast-global-header-display":"","ast-banner-title-visibility":"","ast-main-header-display":"","ast-hfb-above-header-display":"","ast-hfb-below-header-display":"","ast-hfb-mobile-header-display":"","site-post-title":"","ast-breadcrumbs-content":"","ast-featured-img":"","footer-sml-layout":"","theme-transparent-header-meta":"default","adv-header-id-meta":"","stick-header-meta":"","header-above-stick-meta":"","header-main-stick-meta":"","header-below-stick-meta":"","astra-migrate-meta-layouts":"set","ast-page-background-enabled":"default","ast-page-background-meta":{"desktop":{"background-color":"var(--ast-global-color-5)","background-image":"","background-repeat":"repeat","background-position":"center center","background-size":"auto","background-attachment":"scroll","background-type":"","background-media":"","overlay-type":"","overlay-color":"","overlay-opacity":"","overlay-gradient":""},"tablet":{"background-color":"","background-image":"","background-repeat":"repeat","background-position":"center center","background-size":"auto","background-attachment":"scroll","background-type":"","background-media":"","overlay-type":"","overlay-color":"","overlay-opacity":"","overlay-gradient":""},"mobile":{"background-color":"","background-image":"","background-repeat":"repeat","background-position":"center center","background-size":"auto","background-attachment":"scroll","background-type":"","background-media":"","overlay-type":"","overlay-color":"","overlay-opacity":"","overlay-gradient":""}},"ast-content-background-meta":{"desktop":{"background-color":"var(--ast-global-color-4)","background-image":"","background-repeat":"repeat","background-position":"center center","background-size":"auto","background-attachment":"scroll","background-type":"","background-media":"","overlay-type":"","overlay-color":"","overlay-opacity":"","overlay-gradient":""},"tablet":{"background-color":"var(--ast-global-color-4)","background-image":"","background-repeat":"repeat","background-position":"center center","background-size":"auto","background-attachment":"scroll","background-type":"","background-media":"","overlay-type":"","overlay-color":"","overlay-opacity":"","overlay-gradient":""},"mobile":{"background-color":"var(--ast-global-color-4)","background-image":"","background-repeat":"repeat","background-position":"center center","background-size":"auto","background-attachment":"scroll","background-type":"","background-media":"","overlay-type":"","overlay-color":"","overlay-opacity":"","overlay-gradient":""}}},"product_brand":[],"product_cat":[171],"product_tag":[],"class_list":{"0":"post-21858","1":"product","2":"type-product","3":"status-publish","4":"has-post-thumbnail","6":"product_cat-verktoy","7":"pa_54767_94syn0og-10-cm","8":"pa_54767_94syn0og-15-cm","9":"pa_54767_94syn0og-20-cm","10":"pa_54767_94syn0og-25-cm","11":"pa_54767_94syn0og-5-cm","12":"desktop-align-left","13":"tablet-align-left","14":"mobile-align-left","16":"first","17":"instock","18":"shipping-taxable","19":"purchasable","20":"product-type-variable"},"yoast_head":"<!-- This site is optimized with the Yoast SEO plugin v26.6 - https:\/\/yoast.com\/wordpress\/plugins\/seo\/ -->\n<title>Elektrisk skumskj\u00e6repenn - Mekulo NO<\/title>\n<meta name=\"robots\" content=\"index, follow, max-snippet:-1, max-image-preview:large, max-video-preview:-1\" \/>\n<link rel=\"canonical\" href=\"https:\/\/mekulo.com\/no\/produkt\/elektrisk-skumskjaerepenn\/\" \/>\n<meta property=\"og:locale\" content=\"nb_NO\" \/>\n<meta property=\"og:type\" content=\"article\" \/>\n<meta property=\"og:title\" content=\"Elektrisk skumskj\u00e6repenn - Mekulo NO\" \/>\n<meta property=\"og:description\" content=\"\ud83d\udd8a\ufe0fThis elektrisk skumskj\u00e6repenn bruker kontrollert varme til \u00e5 smelte gjennom skum, stoff og film for jevne og presise kutt. \ud83d\udce6Den er lett, enkel \u00e5 h\u00e5ndtere og ideell for hobby-, emballasje- og gj\u00f8r-det-selv-prosjekter. \ud83e\udea1Med flere n\u00e5lealternativer kan du raskt bytte spisser for \u00e5 matche ulike skj\u00e6rebehov.\" \/>\n<meta property=\"og:url\" content=\"https:\/\/mekulo.com\/no\/produkt\/elektrisk-skumskjaerepenn\/\" \/>\n<meta property=\"og:site_name\" content=\"Mekulo NO\" \/>\n<meta property=\"article:modified_time\" content=\"2026-02-05T05:38:01+00:00\" \/>\n<meta property=\"og:image\" content=\"https:\/\/mekulo.com\/no\/wp-content\/uploads\/sites\/10\/2026\/02\/ciexshl-1.jpg\" \/>\n\t<meta property=\"og:image:width\" content=\"960\" \/>\n\t<meta property=\"og:image:height\" content=\"960\" \/>\n\t<meta property=\"og:image:type\" content=\"image\/jpeg\" \/>\n<meta name=\"twitter:card\" content=\"summary_large_image\" \/>\n<meta name=\"twitter:label1\" content=\"Ansl. lesetid\" \/>\n\t<meta name=\"twitter:data1\" content=\"2 minutter\" \/>\n<script type=\"application\/ld+json\" class=\"yoast-schema-graph\">{\"@context\":\"https:\/\/schema.org\",\"@graph\":[{\"@type\":\"WebPage\",\"@id\":\"https:\/\/mekulo.com\/no\/produkt\/elektrisk-skumskjaerepenn\/\",\"url\":\"https:\/\/mekulo.com\/no\/produkt\/elektrisk-skumskjaerepenn\/\",\"name\":\"Elektrisk skumskj\u00e6repenn - Mekulo NO\",\"isPartOf\":{\"@id\":\"https:\/\/mekulo.com\/no\/#website\"},\"primaryImageOfPage\":{\"@id\":\"https:\/\/mekulo.com\/no\/produkt\/elektrisk-skumskjaerepenn\/#primaryimage\"},\"image\":{\"@id\":\"https:\/\/mekulo.com\/no\/produkt\/elektrisk-skumskjaerepenn\/#primaryimage\"},\"thumbnailUrl\":\"https:\/\/mekulo.com\/no\/wp-content\/uploads\/sites\/10\/2026\/02\/ciexshl-1.jpg\",\"datePublished\":\"2026-02-05T05:27:30+00:00\",\"dateModified\":\"2026-02-05T05:38:01+00:00\",\"breadcrumb\":{\"@id\":\"https:\/\/mekulo.com\/no\/produkt\/elektrisk-skumskjaerepenn\/#breadcrumb\"},\"inLanguage\":\"nb-NO\",\"potentialAction\":[{\"@type\":\"ReadAction\",\"target\":[\"https:\/\/mekulo.com\/no\/produkt\/elektrisk-skumskjaerepenn\/\"]}]},{\"@type\":\"ImageObject\",\"inLanguage\":\"nb-NO\",\"@id\":\"https:\/\/mekulo.com\/no\/produkt\/elektrisk-skumskjaerepenn\/#primaryimage\",\"url\":\"https:\/\/mekulo.com\/no\/wp-content\/uploads\/sites\/10\/2026\/02\/ciexshl-1.jpg\",\"contentUrl\":\"https:\/\/mekulo.com\/no\/wp-content\/uploads\/sites\/10\/2026\/02\/ciexshl-1.jpg\",\"width\":960,\"height\":960},{\"@type\":\"BreadcrumbList\",\"@id\":\"https:\/\/mekulo.com\/no\/produkt\/elektrisk-skumskjaerepenn\/#breadcrumb\",\"itemListElement\":[{\"@type\":\"ListItem\",\"position\":1,\"name\":\"Home\",\"item\":\"https:\/\/mekulo.com\/no\/\"},{\"@type\":\"ListItem\",\"position\":2,\"name\":\"Butikk\",\"item\":\"https:\/\/mekulo.com\/no\/butikk\/\"},{\"@type\":\"ListItem\",\"position\":3,\"name\":\"Elektrisk skumskj\u00e6repenn\"}]},{\"@type\":\"WebSite\",\"@id\":\"https:\/\/mekulo.com\/no\/#website\",\"url\":\"https:\/\/mekulo.com\/no\/\",\"name\":\"Mekulo NO\",\"description\":\"\",\"publisher\":{\"@id\":\"https:\/\/mekulo.com\/no\/#organization\"},\"potentialAction\":[{\"@type\":\"SearchAction\",\"target\":{\"@type\":\"EntryPoint\",\"urlTemplate\":\"https:\/\/mekulo.com\/no\/?s={search_term_string}\"},\"query-input\":{\"@type\":\"PropertyValueSpecification\",\"valueRequired\":true,\"valueName\":\"search_term_string\"}}],\"inLanguage\":\"nb-NO\"},{\"@type\":\"Organization\",\"@id\":\"https:\/\/mekulo.com\/no\/#organization\",\"name\":\"Mekulo\",\"url\":\"https:\/\/mekulo.com\/no\/\",\"logo\":{\"@type\":\"ImageObject\",\"inLanguage\":\"nb-NO\",\"@id\":\"https:\/\/mekulo.com\/no\/#\/schema\/logo\/image\/\",\"url\":\"https:\/\/mekulo.com\/no\/wp-content\/uploads\/sites\/10\/2025\/12\/favicon_mekulo.png\",\"contentUrl\":\"https:\/\/mekulo.com\/no\/wp-content\/uploads\/sites\/10\/2025\/12\/favicon_mekulo.png\",\"width\":50,\"height\":50,\"caption\":\"Mekulo\"},\"image\":{\"@id\":\"https:\/\/mekulo.com\/no\/#\/schema\/logo\/image\/\"}}]}<\/script>\n<!-- \/ Yoast SEO plugin. -->","yoast_head_json":{"title":"Elektrisk skumskj\u00e6repenn - Mekulo NO","robots":{"index":"index","follow":"follow","max-snippet":"max-snippet:-1","max-image-preview":"max-image-preview:large","max-video-preview":"max-video-preview:-1"},"canonical":"https:\/\/mekulo.com\/no\/produkt\/elektrisk-skumskjaerepenn\/","og_locale":"nb_NO","og_type":"article","og_title":"Elektrisk skumskj\u00e6repenn - Mekulo NO","og_description":"\ud83d\udd8a\ufe0fThis elektrisk skumskj\u00e6repenn bruker kontrollert varme til \u00e5 smelte gjennom skum, stoff og film for jevne og presise kutt. \ud83d\udce6Den er lett, enkel \u00e5 h\u00e5ndtere og ideell for hobby-, emballasje- og gj\u00f8r-det-selv-prosjekter. \ud83e\udea1Med flere n\u00e5lealternativer kan du raskt bytte spisser for \u00e5 matche ulike skj\u00e6rebehov.","og_url":"https:\/\/mekulo.com\/no\/produkt\/elektrisk-skumskjaerepenn\/","og_site_name":"Mekulo NO","article_modified_time":"2026-02-05T05:38:01+00:00","og_image":[{"width":960,"height":960,"url":"https:\/\/mekulo.com\/no\/wp-content\/uploads\/sites\/10\/2026\/02\/ciexshl-1.jpg","type":"image\/jpeg"}],"twitter_card":"summary_large_image","twitter_misc":{"Ansl. lesetid":"2 minutter"},"schema":{"@context":"https:\/\/schema.org","@graph":[{"@type":"WebPage","@id":"https:\/\/mekulo.com\/no\/produkt\/elektrisk-skumskjaerepenn\/","url":"https:\/\/mekulo.com\/no\/produkt\/elektrisk-skumskjaerepenn\/","name":"Elektrisk skumskj\u00e6repenn - Mekulo NO","isPartOf":{"@id":"https:\/\/mekulo.com\/no\/#website"},"primaryImageOfPage":{"@id":"https:\/\/mekulo.com\/no\/produkt\/elektrisk-skumskjaerepenn\/#primaryimage"},"image":{"@id":"https:\/\/mekulo.com\/no\/produkt\/elektrisk-skumskjaerepenn\/#primaryimage"},"thumbnailUrl":"https:\/\/mekulo.com\/no\/wp-content\/uploads\/sites\/10\/2026\/02\/ciexshl-1.jpg","datePublished":"2026-02-05T05:27:30+00:00","dateModified":"2026-02-05T05:38:01+00:00","breadcrumb":{"@id":"https:\/\/mekulo.com\/no\/produkt\/elektrisk-skumskjaerepenn\/#breadcrumb"},"inLanguage":"nb-NO","potentialAction":[{"@type":"ReadAction","target":["https:\/\/mekulo.com\/no\/produkt\/elektrisk-skumskjaerepenn\/"]}]},{"@type":"ImageObject","inLanguage":"nb-NO","@id":"https:\/\/mekulo.com\/no\/produkt\/elektrisk-skumskjaerepenn\/#primaryimage","url":"https:\/\/mekulo.com\/no\/wp-content\/uploads\/sites\/10\/2026\/02\/ciexshl-1.jpg","contentUrl":"https:\/\/mekulo.com\/no\/wp-content\/uploads\/sites\/10\/2026\/02\/ciexshl-1.jpg","width":960,"height":960},{"@type":"BreadcrumbList","@id":"https:\/\/mekulo.com\/no\/produkt\/elektrisk-skumskjaerepenn\/#breadcrumb","itemListElement":[{"@type":"ListItem","position":1,"name":"Home","item":"https:\/\/mekulo.com\/no\/"},{"@type":"ListItem","position":2,"name":"Butikk","item":"https:\/\/mekulo.com\/no\/butikk\/"},{"@type":"ListItem","position":3,"name":"Elektrisk skumskj\u00e6repenn"}]},{"@type":"WebSite","@id":"https:\/\/mekulo.com\/no\/#website","url":"https:\/\/mekulo.com\/no\/","name":"Mekulo NO","description":"","publisher":{"@id":"https:\/\/mekulo.com\/no\/#organization"},"potentialAction":[{"@type":"SearchAction","target":{"@type":"EntryPoint","urlTemplate":"https:\/\/mekulo.com\/no\/?s={search_term_string}"},"query-input":{"@type":"PropertyValueSpecification","valueRequired":true,"valueName":"search_term_string"}}],"inLanguage":"nb-NO"},{"@type":"Organization","@id":"https:\/\/mekulo.com\/no\/#organization","name":"Mekulo","url":"https:\/\/mekulo.com\/no\/","logo":{"@type":"ImageObject","inLanguage":"nb-NO","@id":"https:\/\/mekulo.com\/no\/#\/schema\/logo\/image\/","url":"https:\/\/mekulo.com\/no\/wp-content\/uploads\/sites\/10\/2025\/12\/favicon_mekulo.png","contentUrl":"https:\/\/mekulo.com\/no\/wp-content\/uploads\/sites\/10\/2025\/12\/favicon_mekulo.png","width":50,"height":50,"caption":"Mekulo"},"image":{"@id":"https:\/\/mekulo.com\/no\/#\/schema\/logo\/image\/"}}]}},"_links":{"self":[{"href":"https:\/\/mekulo.com\/no\/wp-json\/wp\/v2\/product\/21858","targetHints":{"allow":["GET"]}}],"collection":[{"href":"https:\/\/mekulo.com\/no\/wp-json\/wp\/v2\/product"}],"about":[{"href":"https:\/\/mekulo.com\/no\/wp-json\/wp\/v2\/types\/product"}],"replies":[{"embeddable":true,"href":"https:\/\/mekulo.com\/no\/wp-json\/wp\/v2\/comments?post=21858"}],"wp:featuredmedia":[{"embeddable":true,"href":"https:\/\/mekulo.com\/no\/wp-json\/wp\/v2\/media\/21854"}],"wp:attachment":[{"href":"https:\/\/mekulo.com\/no\/wp-json\/wp\/v2\/media?parent=21858"}],"wp:term":[{"taxonomy":"product_brand","embeddable":true,"href":"https:\/\/mekulo.com\/no\/wp-json\/wp\/v2\/product_brand?post=21858"},{"taxonomy":"product_cat","embeddable":true,"href":"https:\/\/mekulo.com\/no\/wp-json\/wp\/v2\/product_cat?post=21858"},{"taxonomy":"product_tag","embeddable":true,"href":"https:\/\/mekulo.com\/no\/wp-json\/wp\/v2\/product_tag?post=21858"}],"curies":[{"name":"wp","href":"https:\/\/api.w.org\/{rel}","templated":true}]}}