{"id":21799,"date":"2026-02-05T07:23:19","date_gmt":"2026-02-05T05:23:19","guid":{"rendered":"https:\/\/mekulo.com\/no\/produkt\/3d-firkant-med-flere-markeringer\/"},"modified":"2026-02-10T11:08:35","modified_gmt":"2026-02-10T09:08:35","slug":"3d-firkant-med-flere-markeringer","status":"publish","type":"product","link":"https:\/\/mekulo.com\/no\/produkt\/3d-firkant-med-flere-markeringer\/","title":{"rendered":"3D-firkant med flere markeringer"},"content":{"rendered":"<p style=\"text-align: center\" data-start=\"0\" data-end=\"64\"><strong data-start=\"0\" data-end=\"64\">Merk ansikter og kanter samtidig med perfekt n\u00f8yaktighet. \ud83d\udcd0<\/strong><\/p>\n<p data-start=\"0\" data-end=\"64\"><img fetchpriority=\"high\" decoding=\"async\" class=\"size-full wp-image-23557 aligncenter\" src=\"https:\/\/mekulo.com\/template\/wp-content\/uploads\/sites\/6\/2026\/02\/3-4.jpeg\" alt=\"\" width=\"1200\" height=\"1200\" \/><\/p>\n<h2 style=\"text-align: center\" data-start=\"387\" data-end=\"404\"><strong>Hovedfordeler \ud83d\udcd0<\/strong><\/h2>\n<p data-start=\"407\" data-end=\"462\">\ud83d\udcd0 Ekte 3D-merking &#8211; Merk flater og kanter samtidig.<\/p>\n<p data-start=\"465\" data-end=\"527\">\ud83c\udfaf H\u00f8y n\u00f8yaktighet &#8211; Reduserer justerings- og overf\u00f8ringsfeil.<\/p>\n<p data-start=\"530\" data-end=\"590\">\ud83e\uddf1 Stabil p\u00e5 tynne plater &#8211; Bred base forhindrer vingling.<\/p>\n<p data-start=\"593\" data-end=\"661\">\ud83d\udccf Innebygde trinnst\u00f8rrelser &#8211; Enkel merking for 0,6 cm, 0,9 cm og 1 cm.<\/p>\n<p data-start=\"664\" data-end=\"734\">\ud83d\udee0\ufe0f Perfekt for maskinoppsett &#8211; Stiller raskt inn blad- og bordvinkler.<\/p>\n<p data-start=\"737\" data-end=\"797\">\u2728 Tydelige graverte skalaer &#8211; enkle \u00e5 lese i all slags belysning.<\/p>\n<p data-start=\"737\" data-end=\"797\"><img decoding=\"async\" class=\"size-full wp-image-23562 aligncenter\" src=\"https:\/\/mekulo.com\/template\/wp-content\/uploads\/sites\/6\/2026\/02\/9e2fe57a37d89d4c19292c216408b7dabfe18183.avif\" alt=\"\" \/><\/p>\n<h2 style=\"text-align: center\" data-start=\"799\" data-end=\"813\"><strong>Hvordan Du Bruker Den \ud83d\udccc<\/strong><\/h2>\n<ol data-start=\"814\" data-end=\"1068\">\n<li data-start=\"814\" data-end=\"879\">\n<p data-start=\"817\" data-end=\"879\">Plasser firkanten mot arbeidsstykkets flate og kant.<\/p>\n<\/li>\n<li data-start=\"880\" data-end=\"946\">\n<p data-start=\"883\" data-end=\"946\">skyv den langs brettet for \u00e5 merke begge overflater samtidig.<\/p>\n<\/li>\n<li data-start=\"947\" data-end=\"997\">\n<p data-start=\"950\" data-end=\"997\">bruk de trinnvise fordypningene for raske st\u00f8rrelsesmarkeringer.<\/p>\n<\/li>\n<li data-start=\"998\" data-end=\"1068\">\n<p data-start=\"1001\" data-end=\"1068\">sett den p\u00e5 maskinbord for \u00e5 sjekke blad- eller bitsh\u00f8yde og vinkler.<\/p>\n<\/li>\n<\/ol>\n<h2 style=\"text-align: center\" data-start=\"1070\" data-end=\"1089\"><strong>Produktdetaljer \ud83d\udccf<\/strong><\/h2>\n<ul data-start=\"1090\" data-end=\"1401\">\n<li data-start=\"1090\" data-end=\"1127\">\n<p data-start=\"1092\" data-end=\"1127\">Materiale: Aluminium av flykvalitet<\/p>\n<\/li>\n<li data-start=\"1128\" data-end=\"1173\">\n<p data-start=\"1130\" data-end=\"1173\">Konstruksjon: Presisjonsfreset solid kropp<\/p>\n<\/li>\n<li data-start=\"1174\" data-end=\"1225\">\n<p data-start=\"1176\" data-end=\"1225\">Festemidler: Skruer i rustfritt st\u00e5l med h\u00f8y styrke<\/p>\n<\/li>\n<li data-start=\"1226\" data-end=\"1277\">\n<p data-start=\"1228\" data-end=\"1277\">Design: Doble kontinuerlige ben med midtspor<\/p>\n<\/li>\n<li data-start=\"1278\" data-end=\"1339\">\n<p data-start=\"1280\" data-end=\"1339\">Funksjoner: Graverte hvite skalaer, trinnvise markeringsutsparinger<\/p>\n<\/li>\n<li data-start=\"1340\" data-end=\"1401\">\n<p data-start=\"1342\" data-end=\"1401\">Bruksomr\u00e5der: Snekkerarbeid, tapp- og tapparbeid, maskinoppsett<\/p>\n<\/li>\n<li data-start=\"1340\" data-end=\"1401\">St\u00f8rrelser: Alternativ A: 112 x 79 x 83 mm, Alternativ B: 112 x 79 x 84 mm<\/li>\n<\/ul>\n<h2 style=\"text-align: center\" data-start=\"1403\" data-end=\"1423\"><strong>Pakken Inkluderer \ud83d\udce6<\/strong><\/h2>\n<ul data-start=\"1424\" data-end=\"1453\" data-is-last-node=\"\" data-is-only-node=\"\">\n<li data-start=\"1424\" data-end=\"1453\" data-is-last-node=\"\">\n<p data-start=\"1426\" data-end=\"1453\" data-is-last-node=\"\">Alternativ A: 1x 3D-multimarkeringsfirkant, 1x sekskantn\u00f8kkel<\/p>\n<\/li>\n<li data-start=\"1424\" data-end=\"1453\" data-is-last-node=\"\">\n<p data-start=\"1426\" data-end=\"1453\" data-is-last-node=\"\">Alternativ B: 1x 3D-multimarkeringsfirkant, 1x sekskantn\u00f8kkel, 1x sylindrisk metallstopper \/ posisjoneringsstift.<\/p>\n<\/li>\n<\/ul>\n","protected":false},"excerpt":{"rendered":"<p>\ud83d\udcd0Med denne 3D-multimarkeringsfirkanten kan du markere forsiden, kanten og baksiden av arbeidsstykket i ett trinn, noe som reduserer feil og sparer tid.<br \/>\n\ud83d\udc68\u200d\ud83d\udd27Its unike tobeinsdesignet holder linjene p\u00e5 linje p\u00e5 tvers av overflatene for rent og presist snekkerarbeid.<br \/>\n\ud83e\udeb5Dette gj\u00f8r den ideell for trearbeidere som vil ha konsistente resultater uten konstant etterkontroll.<\/p>\n","protected":false},"featured_media":21795,"comment_status":"open","ping_status":"closed","template":"","meta":{"site-sidebar-layout":"default","site-content-layout":"","ast-site-content-layout":"default","site-content-style":"default","site-sidebar-style":"default","ast-global-header-display":"","ast-banner-title-visibility":"","ast-main-header-display":"","ast-hfb-above-header-display":"","ast-hfb-below-header-display":"","ast-hfb-mobile-header-display":"","site-post-title":"","ast-breadcrumbs-content":"","ast-featured-img":"","footer-sml-layout":"","theme-transparent-header-meta":"default","adv-header-id-meta":"","stick-header-meta":"","header-above-stick-meta":"","header-main-stick-meta":"","header-below-stick-meta":"","astra-migrate-meta-layouts":"set","ast-page-background-enabled":"default","ast-page-background-meta":{"desktop":{"background-color":"var(--ast-global-color-5)","background-image":"","background-repeat":"repeat","background-position":"center center","background-size":"auto","background-attachment":"scroll","background-type":"","background-media":"","overlay-type":"","overlay-color":"","overlay-opacity":"","overlay-gradient":""},"tablet":{"background-color":"","background-image":"","background-repeat":"repeat","background-position":"center center","background-size":"auto","background-attachment":"scroll","background-type":"","background-media":"","overlay-type":"","overlay-color":"","overlay-opacity":"","overlay-gradient":""},"mobile":{"background-color":"","background-image":"","background-repeat":"repeat","background-position":"center center","background-size":"auto","background-attachment":"scroll","background-type":"","background-media":"","overlay-type":"","overlay-color":"","overlay-opacity":"","overlay-gradient":""}},"ast-content-background-meta":{"desktop":{"background-color":"var(--ast-global-color-4)","background-image":"","background-repeat":"repeat","background-position":"center center","background-size":"auto","background-attachment":"scroll","background-type":"","background-media":"","overlay-type":"","overlay-color":"","overlay-opacity":"","overlay-gradient":""},"tablet":{"background-color":"var(--ast-global-color-4)","background-image":"","background-repeat":"repeat","background-position":"center center","background-size":"auto","background-attachment":"scroll","background-type":"","background-media":"","overlay-type":"","overlay-color":"","overlay-opacity":"","overlay-gradient":""},"mobile":{"background-color":"var(--ast-global-color-4)","background-image":"","background-repeat":"repeat","background-position":"center center","background-size":"auto","background-attachment":"scroll","background-type":"","background-media":"","overlay-type":"","overlay-color":"","overlay-opacity":"","overlay-gradient":""}}},"product_brand":[],"product_cat":[171],"product_tag":[],"class_list":{"0":"post-21799","1":"product","2":"type-product","3":"status-publish","4":"has-post-thumbnail","6":"product_cat-verktoy","7":"pa_54610_kdgrbfkg-bla","8":"pa_54610_kdgrbfkg-rod","9":"pa_54610_kdgrbfkg-svart","10":"pa_54610_yncgqo9a-a","11":"pa_54610_yncgqo9a-b","12":"desktop-align-left","13":"tablet-align-left","14":"mobile-align-left","16":"first","17":"instock","18":"shipping-taxable","19":"purchasable","20":"product-type-variable","21":"has-default-attributes"},"yoast_head":"<!-- This site is optimized with the Yoast SEO plugin v26.6 - https:\/\/yoast.com\/wordpress\/plugins\/seo\/ -->\n<title>3D-firkant med flere markeringer - Mekulo NO<\/title>\n<meta name=\"robots\" content=\"index, follow, max-snippet:-1, max-image-preview:large, max-video-preview:-1\" \/>\n<link rel=\"canonical\" href=\"https:\/\/mekulo.com\/no\/produkt\/3d-firkant-med-flere-markeringer\/\" \/>\n<meta property=\"og:locale\" content=\"nb_NO\" \/>\n<meta property=\"og:type\" content=\"article\" \/>\n<meta property=\"og:title\" content=\"3D-firkant med flere markeringer - Mekulo NO\" \/>\n<meta property=\"og:description\" content=\"\ud83d\udcd0Med denne 3D-multimarkeringsfirkanten kan du markere forsiden, kanten og baksiden av arbeidsstykket i ett trinn, noe som reduserer feil og sparer tid. \ud83d\udc68\u200d\ud83d\udd27Its unike tobeinsdesignet holder linjene p\u00e5 linje p\u00e5 tvers av overflatene for rent og presist snekkerarbeid. \ud83e\udeb5Dette gj\u00f8r den ideell for trearbeidere som vil ha konsistente resultater uten konstant etterkontroll.\" \/>\n<meta property=\"og:url\" content=\"https:\/\/mekulo.com\/no\/produkt\/3d-firkant-med-flere-markeringer\/\" \/>\n<meta property=\"og:site_name\" content=\"Mekulo NO\" \/>\n<meta property=\"article:modified_time\" content=\"2026-02-10T09:08:35+00:00\" \/>\n<meta property=\"og:image\" content=\"https:\/\/mekulo.com\/no\/wp-content\/uploads\/sites\/10\/2026\/02\/dqvsztc-1.webp\" \/>\n\t<meta property=\"og:image:width\" content=\"1600\" \/>\n\t<meta property=\"og:image:height\" content=\"1600\" \/>\n\t<meta property=\"og:image:type\" content=\"image\/webp\" \/>\n<meta name=\"twitter:card\" content=\"summary_large_image\" \/>\n<meta name=\"twitter:label1\" content=\"Ansl. lesetid\" \/>\n\t<meta name=\"twitter:data1\" content=\"2 minutter\" \/>\n<script type=\"application\/ld+json\" class=\"yoast-schema-graph\">{\"@context\":\"https:\/\/schema.org\",\"@graph\":[{\"@type\":\"WebPage\",\"@id\":\"https:\/\/mekulo.com\/no\/produkt\/3d-firkant-med-flere-markeringer\/\",\"url\":\"https:\/\/mekulo.com\/no\/produkt\/3d-firkant-med-flere-markeringer\/\",\"name\":\"3D-firkant med flere markeringer - Mekulo NO\",\"isPartOf\":{\"@id\":\"https:\/\/mekulo.com\/no\/#website\"},\"primaryImageOfPage\":{\"@id\":\"https:\/\/mekulo.com\/no\/produkt\/3d-firkant-med-flere-markeringer\/#primaryimage\"},\"image\":{\"@id\":\"https:\/\/mekulo.com\/no\/produkt\/3d-firkant-med-flere-markeringer\/#primaryimage\"},\"thumbnailUrl\":\"https:\/\/mekulo.com\/no\/wp-content\/uploads\/sites\/10\/2026\/02\/dqvsztc-1.webp\",\"datePublished\":\"2026-02-05T05:23:19+00:00\",\"dateModified\":\"2026-02-10T09:08:35+00:00\",\"breadcrumb\":{\"@id\":\"https:\/\/mekulo.com\/no\/produkt\/3d-firkant-med-flere-markeringer\/#breadcrumb\"},\"inLanguage\":\"nb-NO\",\"potentialAction\":[{\"@type\":\"ReadAction\",\"target\":[\"https:\/\/mekulo.com\/no\/produkt\/3d-firkant-med-flere-markeringer\/\"]}]},{\"@type\":\"ImageObject\",\"inLanguage\":\"nb-NO\",\"@id\":\"https:\/\/mekulo.com\/no\/produkt\/3d-firkant-med-flere-markeringer\/#primaryimage\",\"url\":\"https:\/\/mekulo.com\/no\/wp-content\/uploads\/sites\/10\/2026\/02\/dqvsztc-1.webp\",\"contentUrl\":\"https:\/\/mekulo.com\/no\/wp-content\/uploads\/sites\/10\/2026\/02\/dqvsztc-1.webp\",\"width\":1600,\"height\":1600},{\"@type\":\"BreadcrumbList\",\"@id\":\"https:\/\/mekulo.com\/no\/produkt\/3d-firkant-med-flere-markeringer\/#breadcrumb\",\"itemListElement\":[{\"@type\":\"ListItem\",\"position\":1,\"name\":\"Home\",\"item\":\"https:\/\/mekulo.com\/no\/\"},{\"@type\":\"ListItem\",\"position\":2,\"name\":\"Butikk\",\"item\":\"https:\/\/mekulo.com\/no\/butikk\/\"},{\"@type\":\"ListItem\",\"position\":3,\"name\":\"3D-firkant med flere markeringer\"}]},{\"@type\":\"WebSite\",\"@id\":\"https:\/\/mekulo.com\/no\/#website\",\"url\":\"https:\/\/mekulo.com\/no\/\",\"name\":\"Mekulo NO\",\"description\":\"\",\"publisher\":{\"@id\":\"https:\/\/mekulo.com\/no\/#organization\"},\"potentialAction\":[{\"@type\":\"SearchAction\",\"target\":{\"@type\":\"EntryPoint\",\"urlTemplate\":\"https:\/\/mekulo.com\/no\/?s={search_term_string}\"},\"query-input\":{\"@type\":\"PropertyValueSpecification\",\"valueRequired\":true,\"valueName\":\"search_term_string\"}}],\"inLanguage\":\"nb-NO\"},{\"@type\":\"Organization\",\"@id\":\"https:\/\/mekulo.com\/no\/#organization\",\"name\":\"Mekulo\",\"url\":\"https:\/\/mekulo.com\/no\/\",\"logo\":{\"@type\":\"ImageObject\",\"inLanguage\":\"nb-NO\",\"@id\":\"https:\/\/mekulo.com\/no\/#\/schema\/logo\/image\/\",\"url\":\"https:\/\/mekulo.com\/no\/wp-content\/uploads\/sites\/10\/2025\/12\/favicon_mekulo.png\",\"contentUrl\":\"https:\/\/mekulo.com\/no\/wp-content\/uploads\/sites\/10\/2025\/12\/favicon_mekulo.png\",\"width\":50,\"height\":50,\"caption\":\"Mekulo\"},\"image\":{\"@id\":\"https:\/\/mekulo.com\/no\/#\/schema\/logo\/image\/\"}}]}<\/script>\n<!-- \/ Yoast SEO plugin. -->","yoast_head_json":{"title":"3D-firkant med flere markeringer - Mekulo NO","robots":{"index":"index","follow":"follow","max-snippet":"max-snippet:-1","max-image-preview":"max-image-preview:large","max-video-preview":"max-video-preview:-1"},"canonical":"https:\/\/mekulo.com\/no\/produkt\/3d-firkant-med-flere-markeringer\/","og_locale":"nb_NO","og_type":"article","og_title":"3D-firkant med flere markeringer - Mekulo NO","og_description":"\ud83d\udcd0Med denne 3D-multimarkeringsfirkanten kan du markere forsiden, kanten og baksiden av arbeidsstykket i ett trinn, noe som reduserer feil og sparer tid. \ud83d\udc68\u200d\ud83d\udd27Its unike tobeinsdesignet holder linjene p\u00e5 linje p\u00e5 tvers av overflatene for rent og presist snekkerarbeid. \ud83e\udeb5Dette gj\u00f8r den ideell for trearbeidere som vil ha konsistente resultater uten konstant etterkontroll.","og_url":"https:\/\/mekulo.com\/no\/produkt\/3d-firkant-med-flere-markeringer\/","og_site_name":"Mekulo NO","article_modified_time":"2026-02-10T09:08:35+00:00","og_image":[{"width":1600,"height":1600,"url":"https:\/\/mekulo.com\/no\/wp-content\/uploads\/sites\/10\/2026\/02\/dqvsztc-1.webp","type":"image\/webp"}],"twitter_card":"summary_large_image","twitter_misc":{"Ansl. lesetid":"2 minutter"},"schema":{"@context":"https:\/\/schema.org","@graph":[{"@type":"WebPage","@id":"https:\/\/mekulo.com\/no\/produkt\/3d-firkant-med-flere-markeringer\/","url":"https:\/\/mekulo.com\/no\/produkt\/3d-firkant-med-flere-markeringer\/","name":"3D-firkant med flere markeringer - Mekulo NO","isPartOf":{"@id":"https:\/\/mekulo.com\/no\/#website"},"primaryImageOfPage":{"@id":"https:\/\/mekulo.com\/no\/produkt\/3d-firkant-med-flere-markeringer\/#primaryimage"},"image":{"@id":"https:\/\/mekulo.com\/no\/produkt\/3d-firkant-med-flere-markeringer\/#primaryimage"},"thumbnailUrl":"https:\/\/mekulo.com\/no\/wp-content\/uploads\/sites\/10\/2026\/02\/dqvsztc-1.webp","datePublished":"2026-02-05T05:23:19+00:00","dateModified":"2026-02-10T09:08:35+00:00","breadcrumb":{"@id":"https:\/\/mekulo.com\/no\/produkt\/3d-firkant-med-flere-markeringer\/#breadcrumb"},"inLanguage":"nb-NO","potentialAction":[{"@type":"ReadAction","target":["https:\/\/mekulo.com\/no\/produkt\/3d-firkant-med-flere-markeringer\/"]}]},{"@type":"ImageObject","inLanguage":"nb-NO","@id":"https:\/\/mekulo.com\/no\/produkt\/3d-firkant-med-flere-markeringer\/#primaryimage","url":"https:\/\/mekulo.com\/no\/wp-content\/uploads\/sites\/10\/2026\/02\/dqvsztc-1.webp","contentUrl":"https:\/\/mekulo.com\/no\/wp-content\/uploads\/sites\/10\/2026\/02\/dqvsztc-1.webp","width":1600,"height":1600},{"@type":"BreadcrumbList","@id":"https:\/\/mekulo.com\/no\/produkt\/3d-firkant-med-flere-markeringer\/#breadcrumb","itemListElement":[{"@type":"ListItem","position":1,"name":"Home","item":"https:\/\/mekulo.com\/no\/"},{"@type":"ListItem","position":2,"name":"Butikk","item":"https:\/\/mekulo.com\/no\/butikk\/"},{"@type":"ListItem","position":3,"name":"3D-firkant med flere markeringer"}]},{"@type":"WebSite","@id":"https:\/\/mekulo.com\/no\/#website","url":"https:\/\/mekulo.com\/no\/","name":"Mekulo NO","description":"","publisher":{"@id":"https:\/\/mekulo.com\/no\/#organization"},"potentialAction":[{"@type":"SearchAction","target":{"@type":"EntryPoint","urlTemplate":"https:\/\/mekulo.com\/no\/?s={search_term_string}"},"query-input":{"@type":"PropertyValueSpecification","valueRequired":true,"valueName":"search_term_string"}}],"inLanguage":"nb-NO"},{"@type":"Organization","@id":"https:\/\/mekulo.com\/no\/#organization","name":"Mekulo","url":"https:\/\/mekulo.com\/no\/","logo":{"@type":"ImageObject","inLanguage":"nb-NO","@id":"https:\/\/mekulo.com\/no\/#\/schema\/logo\/image\/","url":"https:\/\/mekulo.com\/no\/wp-content\/uploads\/sites\/10\/2025\/12\/favicon_mekulo.png","contentUrl":"https:\/\/mekulo.com\/no\/wp-content\/uploads\/sites\/10\/2025\/12\/favicon_mekulo.png","width":50,"height":50,"caption":"Mekulo"},"image":{"@id":"https:\/\/mekulo.com\/no\/#\/schema\/logo\/image\/"}}]}},"_links":{"self":[{"href":"https:\/\/mekulo.com\/no\/wp-json\/wp\/v2\/product\/21799","targetHints":{"allow":["GET"]}}],"collection":[{"href":"https:\/\/mekulo.com\/no\/wp-json\/wp\/v2\/product"}],"about":[{"href":"https:\/\/mekulo.com\/no\/wp-json\/wp\/v2\/types\/product"}],"replies":[{"embeddable":true,"href":"https:\/\/mekulo.com\/no\/wp-json\/wp\/v2\/comments?post=21799"}],"wp:featuredmedia":[{"embeddable":true,"href":"https:\/\/mekulo.com\/no\/wp-json\/wp\/v2\/media\/21795"}],"wp:attachment":[{"href":"https:\/\/mekulo.com\/no\/wp-json\/wp\/v2\/media?parent=21799"}],"wp:term":[{"taxonomy":"product_brand","embeddable":true,"href":"https:\/\/mekulo.com\/no\/wp-json\/wp\/v2\/product_brand?post=21799"},{"taxonomy":"product_cat","embeddable":true,"href":"https:\/\/mekulo.com\/no\/wp-json\/wp\/v2\/product_cat?post=21799"},{"taxonomy":"product_tag","embeddable":true,"href":"https:\/\/mekulo.com\/no\/wp-json\/wp\/v2\/product_tag?post=21799"}],"curies":[{"name":"wp","href":"https:\/\/api.w.org\/{rel}","templated":true}]}}