{"id":21784,"date":"2026-02-05T07:21:43","date_gmt":"2026-02-05T05:21:43","guid":{"rendered":"https:\/\/mekulo.com\/no\/produkt\/sett-med-propanbrenner-og-ugressbrenner\/"},"modified":"2026-02-05T07:21:53","modified_gmt":"2026-02-05T05:21:53","slug":"sett-med-propanbrenner-og-ugressbrenner","status":"publish","type":"product","link":"https:\/\/mekulo.com\/no\/produkt\/sett-med-propanbrenner-og-ugressbrenner\/","title":{"rendered":"Sett med propanbrenner og ugressbrenner"},"content":{"rendered":"<div class=\"flex max-w-full flex-col grow\">\n<div class=\"min-h-8 text-message relative flex w-full flex-col items-end gap-2 text-start break-words whitespace-normal [.text-message+&amp;]:mt-1\" dir=\"auto\" data-message-author-role=\"assistant\" data-message-id=\"6400d3be-7f26-4d1d-9ba5-c9df32c4aa56\" data-message-model-slug=\"gpt-5-2\">\n<div class=\"flex w-full flex-col gap-1 empty:hidden first:pt-[1px]\">\n<div class=\"markdown prose dark:prose-invert w-full wrap-break-word light markdown-new-styling\">\n<p style=\"text-align: center\" data-start=\"0\" data-end=\"48\"><strong data-start=\"0\" data-end=\"48\">Brenner Ugress Raskt Og Rent Uten Kjemikalier. \ud83d\udd25<\/strong><\/p>\n<p data-start=\"0\" data-end=\"48\"><img fetchpriority=\"high\" decoding=\"async\" class=\"size-full wp-image-23547 aligncenter\" src=\"https:\/\/mekulo.com\/template\/wp-content\/uploads\/sites\/6\/2026\/02\/3-1.jpg\" alt=\"\" width=\"1080\" height=\"1080\" \/><\/p>\n<h2 style=\"text-align: center\" data-start=\"516\" data-end=\"533\"><strong>Hovedfordeler \ud83d\udd25<\/strong><\/h2>\n<p data-start=\"536\" data-end=\"610\">\ud83d\udd25 Kraftig flammekontroll &#8211; Justerbar ildkraft for forskjellige oppgaver.<\/p>\n<p data-start=\"613\" data-end=\"692\">\ud83c\udf31 Kjemikaliefri fjerning av ugress &#8211; Milj\u00f8vennlig og trygt for milj\u00f8et.<\/p>\n<p data-start=\"695\" data-end=\"766\">\ud83d\udee0\ufe0f Kraftig konstruksjon &#8211; Messing og r\u00f8dt kobber for lang levetid.<\/p>\n<p data-start=\"769\" data-end=\"842\">\u2744\ufe0f Multifunksjonell bruk &#8211; Ugrasbrenning, tining av is, sveising og mer.<\/p>\n<p data-start=\"845\" data-end=\"908\">\ud83d\udd12 Sikker drift &#8211; Sterk tetning og h\u00f8ytrykksslange.<\/p>\n<p data-start=\"911\" data-end=\"965\">\ud83d\udcdc CSA-sertifisert &#8211; Testet for sikkerhet og kvalitet.<\/p>\n<p data-start=\"911\" data-end=\"965\"><img decoding=\"async\" class=\"size-full wp-image-23544 aligncenter\" src=\"https:\/\/mekulo.com\/template\/wp-content\/uploads\/sites\/6\/2026\/02\/He36442523a384bd5bf780715122d2e46S.webp\" alt=\"\" width=\"1000\" height=\"1684\" \/><\/p>\n<h2 style=\"text-align: center\" data-start=\"967\" data-end=\"981\"><strong>Hvordan Bruke \ud83d\udccc<\/strong><\/h2>\n<ol data-start=\"982\" data-end=\"1226\">\n<li data-start=\"982\" data-end=\"1034\">\n<p data-start=\"985\" data-end=\"1034\">Koble fakkelen til en propan- eller LPG-gassbeholder.<\/p>\n<\/li>\n<li data-start=\"1035\" data-end=\"1073\">\n<p data-start=\"1038\" data-end=\"1073\">Sl\u00e5 p\u00e5 gassen ved hjelp av bryteren.<\/p>\n<\/li>\n<li data-start=\"1074\" data-end=\"1123\">\n<p data-start=\"1077\" data-end=\"1123\">Tenn fakkelen og juster flammeniv\u00e5et.<\/p>\n<\/li>\n<li data-start=\"1124\" data-end=\"1177\">\n<p data-start=\"1127\" data-end=\"1177\">Sikt p\u00e5 ugress eller m\u00e5lomr\u00e5det og beveg deg sakte.<\/p>\n<\/li>\n<li data-start=\"1178\" data-end=\"1226\">\n<p data-start=\"1181\" data-end=\"1226\">Sl\u00e5 av gassen etter bruk og la den avkj\u00f8les.<\/p>\n<\/li>\n<\/ol>\n<h2 style=\"text-align: center\" data-start=\"1228\" data-end=\"1247\"><strong>Produktdetaljer \ud83d\udccf<\/strong><\/h2>\n<ul data-start=\"1248\" data-end=\"1510\">\n<li data-start=\"1248\" data-end=\"1283\">\n<p data-start=\"1250\" data-end=\"1283\">Materialer: Messing og r\u00f8dt kobber<\/p>\n<\/li>\n<li data-start=\"1284\" data-end=\"1311\">\n<p data-start=\"1286\" data-end=\"1311\">Gass type: Propan \/ LPG<\/p>\n<\/li>\n<li data-start=\"1312\" data-end=\"1355\">\n<p data-start=\"1314\" data-end=\"1355\">Bryteralternativer: dobbel bryter<\/p>\n<\/li>\n<li data-start=\"1356\" data-end=\"1402\">\n<p data-start=\"1358\" data-end=\"1402\">Slange: Slitesterk, h\u00f8ytrykksdesign<\/p>\n<\/li>\n<li data-start=\"1403\" data-end=\"1478\">\n<p data-start=\"1405\" data-end=\"1478\">Anvendelser: Ugressbrenning, tining, sveising, desinfeksjon, vedlikehold<\/p>\n<\/li>\n<li data-start=\"1403\" data-end=\"1478\">Typer: 30# type (405 mm), 35# type (480 mm), 50# type (680 mm)<\/li>\n<\/ul>\n<h2 style=\"text-align: center\">Pakken Inkluderer \ud83d\udce6<\/h2>\n<ul>\n<li data-start=\"51\" data-end=\"131\">1x gassbl\u00e5sebrennerhode<\/li>\n<li data-start=\"51\" data-end=\"131\">1x r\u00f8d gassslange<\/li>\n<li data-start=\"51\" data-end=\"131\">1x sett med koblinger\/beslag.<\/li>\n<\/ul>\n<\/div>\n<\/div>\n<\/div>\n<\/div>\n","protected":false},"excerpt":{"rendered":"<p>\ud83d\udc68\u200d\ud83d\udd27This propanbrenner og ugressbrenner gir kraftig, justerbar flammevarme for \u00e5 fjerne ugress, smelte is og h\u00e5ndtere mange utend\u00f8rsoppgaver med letthet.<br \/>\n\ud83d\udd25Den fungerer med propan eller LPG og gir deg sterk, kontrollert ildkraft akkurat der du trenger det.<br \/>\n\ud83c\udfe1Den er bygget av slitesterk messing og r\u00f8dt kobber, noe som gj\u00f8r den p\u00e5litelig for langvarig utend\u00f8rs og profesjonell bruk.<\/p>\n","protected":false},"featured_media":21780,"comment_status":"open","ping_status":"closed","template":"","meta":{"site-sidebar-layout":"default","site-content-layout":"","ast-site-content-layout":"default","site-content-style":"default","site-sidebar-style":"default","ast-global-header-display":"","ast-banner-title-visibility":"","ast-main-header-display":"","ast-hfb-above-header-display":"","ast-hfb-below-header-display":"","ast-hfb-mobile-header-display":"","site-post-title":"","ast-breadcrumbs-content":"","ast-featured-img":"","footer-sml-layout":"","theme-transparent-header-meta":"default","adv-header-id-meta":"","stick-header-meta":"","header-above-stick-meta":"","header-main-stick-meta":"","header-below-stick-meta":"","astra-migrate-meta-layouts":"set","ast-page-background-enabled":"default","ast-page-background-meta":{"desktop":{"background-color":"var(--ast-global-color-5)","background-image":"","background-repeat":"repeat","background-position":"center center","background-size":"auto","background-attachment":"scroll","background-type":"","background-media":"","overlay-type":"","overlay-color":"","overlay-opacity":"","overlay-gradient":""},"tablet":{"background-color":"","background-image":"","background-repeat":"repeat","background-position":"center center","background-size":"auto","background-attachment":"scroll","background-type":"","background-media":"","overlay-type":"","overlay-color":"","overlay-opacity":"","overlay-gradient":""},"mobile":{"background-color":"","background-image":"","background-repeat":"repeat","background-position":"center center","background-size":"auto","background-attachment":"scroll","background-type":"","background-media":"","overlay-type":"","overlay-color":"","overlay-opacity":"","overlay-gradient":""}},"ast-content-background-meta":{"desktop":{"background-color":"var(--ast-global-color-4)","background-image":"","background-repeat":"repeat","background-position":"center center","background-size":"auto","background-attachment":"scroll","background-type":"","background-media":"","overlay-type":"","overlay-color":"","overlay-opacity":"","overlay-gradient":""},"tablet":{"background-color":"var(--ast-global-color-4)","background-image":"","background-repeat":"repeat","background-position":"center center","background-size":"auto","background-attachment":"scroll","background-type":"","background-media":"","overlay-type":"","overlay-color":"","overlay-opacity":"","overlay-gradient":""},"mobile":{"background-color":"var(--ast-global-color-4)","background-image":"","background-repeat":"repeat","background-position":"center center","background-size":"auto","background-attachment":"scroll","background-type":"","background-media":"","overlay-type":"","overlay-color":"","overlay-opacity":"","overlay-gradient":""}}},"product_brand":[],"product_cat":[171],"product_tag":[],"class_list":{"0":"post-21784","1":"product","2":"type-product","3":"status-publish","4":"has-post-thumbnail","6":"product_cat-verktoy","7":"pa_54590_8hjhfyu3-1523","8":"pa_54590_8hjhfyu3-1524","9":"pa_54590_8hjhfyu3-1525","10":"desktop-align-left","11":"tablet-align-left","12":"mobile-align-left","14":"first","15":"instock","16":"shipping-taxable","17":"purchasable","18":"product-type-variable"},"yoast_head":"<!-- This site is optimized with the Yoast SEO plugin v26.6 - https:\/\/yoast.com\/wordpress\/plugins\/seo\/ -->\n<title>Sett med propanbrenner og ugressbrenner - Mekulo NO<\/title>\n<meta name=\"robots\" content=\"index, follow, max-snippet:-1, max-image-preview:large, max-video-preview:-1\" \/>\n<link rel=\"canonical\" href=\"https:\/\/mekulo.com\/no\/produkt\/sett-med-propanbrenner-og-ugressbrenner\/\" \/>\n<meta property=\"og:locale\" content=\"nb_NO\" \/>\n<meta property=\"og:type\" content=\"article\" \/>\n<meta property=\"og:title\" content=\"Sett med propanbrenner og ugressbrenner - Mekulo NO\" \/>\n<meta property=\"og:description\" content=\"\ud83d\udc68\u200d\ud83d\udd27This propanbrenner og ugressbrenner gir kraftig, justerbar flammevarme for \u00e5 fjerne ugress, smelte is og h\u00e5ndtere mange utend\u00f8rsoppgaver med letthet. \ud83d\udd25Den fungerer med propan eller LPG og gir deg sterk, kontrollert ildkraft akkurat der du trenger det. \ud83c\udfe1Den er bygget av slitesterk messing og r\u00f8dt kobber, noe som gj\u00f8r den p\u00e5litelig for langvarig utend\u00f8rs og profesjonell bruk.\" \/>\n<meta property=\"og:url\" content=\"https:\/\/mekulo.com\/no\/produkt\/sett-med-propanbrenner-og-ugressbrenner\/\" \/>\n<meta property=\"og:site_name\" content=\"Mekulo NO\" \/>\n<meta property=\"article:modified_time\" content=\"2026-02-05T05:21:53+00:00\" \/>\n<meta property=\"og:image\" content=\"https:\/\/mekulo.com\/no\/wp-content\/uploads\/sites\/10\/2026\/02\/fxzhk8w-1.jpg\" \/>\n\t<meta property=\"og:image:width\" content=\"1080\" \/>\n\t<meta property=\"og:image:height\" content=\"1080\" \/>\n\t<meta property=\"og:image:type\" content=\"image\/jpeg\" \/>\n<meta name=\"twitter:card\" content=\"summary_large_image\" \/>\n<meta name=\"twitter:label1\" content=\"Ansl. lesetid\" \/>\n\t<meta name=\"twitter:data1\" content=\"2 minutter\" \/>\n<script type=\"application\/ld+json\" class=\"yoast-schema-graph\">{\"@context\":\"https:\/\/schema.org\",\"@graph\":[{\"@type\":\"WebPage\",\"@id\":\"https:\/\/mekulo.com\/no\/produkt\/sett-med-propanbrenner-og-ugressbrenner\/\",\"url\":\"https:\/\/mekulo.com\/no\/produkt\/sett-med-propanbrenner-og-ugressbrenner\/\",\"name\":\"Sett med propanbrenner og ugressbrenner - Mekulo NO\",\"isPartOf\":{\"@id\":\"https:\/\/mekulo.com\/no\/#website\"},\"primaryImageOfPage\":{\"@id\":\"https:\/\/mekulo.com\/no\/produkt\/sett-med-propanbrenner-og-ugressbrenner\/#primaryimage\"},\"image\":{\"@id\":\"https:\/\/mekulo.com\/no\/produkt\/sett-med-propanbrenner-og-ugressbrenner\/#primaryimage\"},\"thumbnailUrl\":\"https:\/\/mekulo.com\/no\/wp-content\/uploads\/sites\/10\/2026\/02\/fxzhk8w-1.jpg\",\"datePublished\":\"2026-02-05T05:21:43+00:00\",\"dateModified\":\"2026-02-05T05:21:53+00:00\",\"breadcrumb\":{\"@id\":\"https:\/\/mekulo.com\/no\/produkt\/sett-med-propanbrenner-og-ugressbrenner\/#breadcrumb\"},\"inLanguage\":\"nb-NO\",\"potentialAction\":[{\"@type\":\"ReadAction\",\"target\":[\"https:\/\/mekulo.com\/no\/produkt\/sett-med-propanbrenner-og-ugressbrenner\/\"]}]},{\"@type\":\"ImageObject\",\"inLanguage\":\"nb-NO\",\"@id\":\"https:\/\/mekulo.com\/no\/produkt\/sett-med-propanbrenner-og-ugressbrenner\/#primaryimage\",\"url\":\"https:\/\/mekulo.com\/no\/wp-content\/uploads\/sites\/10\/2026\/02\/fxzhk8w-1.jpg\",\"contentUrl\":\"https:\/\/mekulo.com\/no\/wp-content\/uploads\/sites\/10\/2026\/02\/fxzhk8w-1.jpg\",\"width\":1080,\"height\":1080},{\"@type\":\"BreadcrumbList\",\"@id\":\"https:\/\/mekulo.com\/no\/produkt\/sett-med-propanbrenner-og-ugressbrenner\/#breadcrumb\",\"itemListElement\":[{\"@type\":\"ListItem\",\"position\":1,\"name\":\"Home\",\"item\":\"https:\/\/mekulo.com\/no\/\"},{\"@type\":\"ListItem\",\"position\":2,\"name\":\"Butikk\",\"item\":\"https:\/\/mekulo.com\/no\/butikk\/\"},{\"@type\":\"ListItem\",\"position\":3,\"name\":\"Sett med propanbrenner og ugressbrenner\"}]},{\"@type\":\"WebSite\",\"@id\":\"https:\/\/mekulo.com\/no\/#website\",\"url\":\"https:\/\/mekulo.com\/no\/\",\"name\":\"Mekulo NO\",\"description\":\"\",\"publisher\":{\"@id\":\"https:\/\/mekulo.com\/no\/#organization\"},\"potentialAction\":[{\"@type\":\"SearchAction\",\"target\":{\"@type\":\"EntryPoint\",\"urlTemplate\":\"https:\/\/mekulo.com\/no\/?s={search_term_string}\"},\"query-input\":{\"@type\":\"PropertyValueSpecification\",\"valueRequired\":true,\"valueName\":\"search_term_string\"}}],\"inLanguage\":\"nb-NO\"},{\"@type\":\"Organization\",\"@id\":\"https:\/\/mekulo.com\/no\/#organization\",\"name\":\"Mekulo\",\"url\":\"https:\/\/mekulo.com\/no\/\",\"logo\":{\"@type\":\"ImageObject\",\"inLanguage\":\"nb-NO\",\"@id\":\"https:\/\/mekulo.com\/no\/#\/schema\/logo\/image\/\",\"url\":\"https:\/\/mekulo.com\/no\/wp-content\/uploads\/sites\/10\/2025\/12\/favicon_mekulo.png\",\"contentUrl\":\"https:\/\/mekulo.com\/no\/wp-content\/uploads\/sites\/10\/2025\/12\/favicon_mekulo.png\",\"width\":50,\"height\":50,\"caption\":\"Mekulo\"},\"image\":{\"@id\":\"https:\/\/mekulo.com\/no\/#\/schema\/logo\/image\/\"}}]}<\/script>\n<!-- \/ Yoast SEO plugin. -->","yoast_head_json":{"title":"Sett med propanbrenner og ugressbrenner - Mekulo NO","robots":{"index":"index","follow":"follow","max-snippet":"max-snippet:-1","max-image-preview":"max-image-preview:large","max-video-preview":"max-video-preview:-1"},"canonical":"https:\/\/mekulo.com\/no\/produkt\/sett-med-propanbrenner-og-ugressbrenner\/","og_locale":"nb_NO","og_type":"article","og_title":"Sett med propanbrenner og ugressbrenner - Mekulo NO","og_description":"\ud83d\udc68\u200d\ud83d\udd27This propanbrenner og ugressbrenner gir kraftig, justerbar flammevarme for \u00e5 fjerne ugress, smelte is og h\u00e5ndtere mange utend\u00f8rsoppgaver med letthet. \ud83d\udd25Den fungerer med propan eller LPG og gir deg sterk, kontrollert ildkraft akkurat der du trenger det. \ud83c\udfe1Den er bygget av slitesterk messing og r\u00f8dt kobber, noe som gj\u00f8r den p\u00e5litelig for langvarig utend\u00f8rs og profesjonell bruk.","og_url":"https:\/\/mekulo.com\/no\/produkt\/sett-med-propanbrenner-og-ugressbrenner\/","og_site_name":"Mekulo NO","article_modified_time":"2026-02-05T05:21:53+00:00","og_image":[{"width":1080,"height":1080,"url":"https:\/\/mekulo.com\/no\/wp-content\/uploads\/sites\/10\/2026\/02\/fxzhk8w-1.jpg","type":"image\/jpeg"}],"twitter_card":"summary_large_image","twitter_misc":{"Ansl. lesetid":"2 minutter"},"schema":{"@context":"https:\/\/schema.org","@graph":[{"@type":"WebPage","@id":"https:\/\/mekulo.com\/no\/produkt\/sett-med-propanbrenner-og-ugressbrenner\/","url":"https:\/\/mekulo.com\/no\/produkt\/sett-med-propanbrenner-og-ugressbrenner\/","name":"Sett med propanbrenner og ugressbrenner - Mekulo NO","isPartOf":{"@id":"https:\/\/mekulo.com\/no\/#website"},"primaryImageOfPage":{"@id":"https:\/\/mekulo.com\/no\/produkt\/sett-med-propanbrenner-og-ugressbrenner\/#primaryimage"},"image":{"@id":"https:\/\/mekulo.com\/no\/produkt\/sett-med-propanbrenner-og-ugressbrenner\/#primaryimage"},"thumbnailUrl":"https:\/\/mekulo.com\/no\/wp-content\/uploads\/sites\/10\/2026\/02\/fxzhk8w-1.jpg","datePublished":"2026-02-05T05:21:43+00:00","dateModified":"2026-02-05T05:21:53+00:00","breadcrumb":{"@id":"https:\/\/mekulo.com\/no\/produkt\/sett-med-propanbrenner-og-ugressbrenner\/#breadcrumb"},"inLanguage":"nb-NO","potentialAction":[{"@type":"ReadAction","target":["https:\/\/mekulo.com\/no\/produkt\/sett-med-propanbrenner-og-ugressbrenner\/"]}]},{"@type":"ImageObject","inLanguage":"nb-NO","@id":"https:\/\/mekulo.com\/no\/produkt\/sett-med-propanbrenner-og-ugressbrenner\/#primaryimage","url":"https:\/\/mekulo.com\/no\/wp-content\/uploads\/sites\/10\/2026\/02\/fxzhk8w-1.jpg","contentUrl":"https:\/\/mekulo.com\/no\/wp-content\/uploads\/sites\/10\/2026\/02\/fxzhk8w-1.jpg","width":1080,"height":1080},{"@type":"BreadcrumbList","@id":"https:\/\/mekulo.com\/no\/produkt\/sett-med-propanbrenner-og-ugressbrenner\/#breadcrumb","itemListElement":[{"@type":"ListItem","position":1,"name":"Home","item":"https:\/\/mekulo.com\/no\/"},{"@type":"ListItem","position":2,"name":"Butikk","item":"https:\/\/mekulo.com\/no\/butikk\/"},{"@type":"ListItem","position":3,"name":"Sett med propanbrenner og ugressbrenner"}]},{"@type":"WebSite","@id":"https:\/\/mekulo.com\/no\/#website","url":"https:\/\/mekulo.com\/no\/","name":"Mekulo NO","description":"","publisher":{"@id":"https:\/\/mekulo.com\/no\/#organization"},"potentialAction":[{"@type":"SearchAction","target":{"@type":"EntryPoint","urlTemplate":"https:\/\/mekulo.com\/no\/?s={search_term_string}"},"query-input":{"@type":"PropertyValueSpecification","valueRequired":true,"valueName":"search_term_string"}}],"inLanguage":"nb-NO"},{"@type":"Organization","@id":"https:\/\/mekulo.com\/no\/#organization","name":"Mekulo","url":"https:\/\/mekulo.com\/no\/","logo":{"@type":"ImageObject","inLanguage":"nb-NO","@id":"https:\/\/mekulo.com\/no\/#\/schema\/logo\/image\/","url":"https:\/\/mekulo.com\/no\/wp-content\/uploads\/sites\/10\/2025\/12\/favicon_mekulo.png","contentUrl":"https:\/\/mekulo.com\/no\/wp-content\/uploads\/sites\/10\/2025\/12\/favicon_mekulo.png","width":50,"height":50,"caption":"Mekulo"},"image":{"@id":"https:\/\/mekulo.com\/no\/#\/schema\/logo\/image\/"}}]}},"_links":{"self":[{"href":"https:\/\/mekulo.com\/no\/wp-json\/wp\/v2\/product\/21784","targetHints":{"allow":["GET"]}}],"collection":[{"href":"https:\/\/mekulo.com\/no\/wp-json\/wp\/v2\/product"}],"about":[{"href":"https:\/\/mekulo.com\/no\/wp-json\/wp\/v2\/types\/product"}],"replies":[{"embeddable":true,"href":"https:\/\/mekulo.com\/no\/wp-json\/wp\/v2\/comments?post=21784"}],"wp:featuredmedia":[{"embeddable":true,"href":"https:\/\/mekulo.com\/no\/wp-json\/wp\/v2\/media\/21780"}],"wp:attachment":[{"href":"https:\/\/mekulo.com\/no\/wp-json\/wp\/v2\/media?parent=21784"}],"wp:term":[{"taxonomy":"product_brand","embeddable":true,"href":"https:\/\/mekulo.com\/no\/wp-json\/wp\/v2\/product_brand?post=21784"},{"taxonomy":"product_cat","embeddable":true,"href":"https:\/\/mekulo.com\/no\/wp-json\/wp\/v2\/product_cat?post=21784"},{"taxonomy":"product_tag","embeddable":true,"href":"https:\/\/mekulo.com\/no\/wp-json\/wp\/v2\/product_tag?post=21784"}],"curies":[{"name":"wp","href":"https:\/\/api.w.org\/{rel}","templated":true}]}}