{"id":21763,"date":"2026-02-04T20:11:55","date_gmt":"2026-02-04T18:11:55","guid":{"rendered":"https:\/\/mekulo.com\/no\/produkt\/interaktiv-giraffleke\/"},"modified":"2026-02-11T12:47:39","modified_gmt":"2026-02-11T10:47:39","slug":"interaktiv-giraffleke","status":"publish","type":"product","link":"https:\/\/mekulo.com\/no\/produkt\/interaktiv-giraffleke\/","title":{"rendered":"Interaktiv giraffleke"},"content":{"rendered":"<div class=\"flex max-w-full flex-col grow\">\n<div class=\"min-h-8 text-message relative flex w-full flex-col items-end gap-2 text-start break-words whitespace-normal [.text-message+&amp;]:mt-1\" dir=\"auto\" data-message-author-role=\"assistant\" data-message-id=\"dfc2fa5e-d5c9-44a1-b4ba-f9930e738b9c\" data-message-model-slug=\"gpt-5-2\">\n<div class=\"flex w-full flex-col gap-1 empty:hidden first:pt-[1px]\">\n<div class=\"markdown prose dark:prose-invert w-full wrap-break-word light markdown-new-styling\">\n<p style=\"text-align: center\" data-start=\"0\" data-end=\"52\"><strong data-start=\"0\" data-end=\"52\">Bring Musikk, Bevegelse Og Latter Inn I Leken. \ud83c\udfb6<\/strong><\/p>\n<\/div>\n<p data-start=\"0\" data-end=\"52\"><img fetchpriority=\"high\" decoding=\"async\" class=\"size-full wp-image-23516 aligncenter\" src=\"https:\/\/mekulo.com\/template\/wp-content\/uploads\/sites\/6\/2026\/02\/6.jpg\" alt=\"\" width=\"1080\" height=\"1080\" \/><\/p>\n<div class=\"markdown prose dark:prose-invert w-full wrap-break-word light markdown-new-styling\">\n<h2 style=\"text-align: center\" data-start=\"283\" data-end=\"300\">Hovedfordeler \ud83e\udd92<\/h2>\n<p data-start=\"303\" data-end=\"372\">\ud83e\udd92 Dansende og syngende moro &#8211; Snurrer, danser og spiller 10 sanger.<\/p>\n<p data-start=\"375\" data-end=\"443\">\ud83c\udfa4 Stemmeimitasjon &#8211; Gjentar det du sier for interaktiv lek.<\/p>\n<p data-start=\"446\" data-end=\"503\">\ud83d\udca1 LED-lyseffekter &#8211; Lyse og engasjerende for barn.<\/p>\n<p data-start=\"506\" data-end=\"575\">\ud83e\uddf8 Mykt plysjmateriale &#8211; Sk\u00e5nsomt, trygt og behagelig \u00e5 ta p\u00e5.<\/p>\n<p data-start=\"578\" data-end=\"649\">\ud83c\udf81 Innspillbare meldinger &#8211; Perfekt for personlige hilsener og gaver.<\/p>\n<p data-start=\"652\" data-end=\"715\">\ud83d\ude97 B\u00e6rbar design &#8211; Lett \u00e5 ta med seg p\u00e5 reiser og utflukter.<\/p>\n<p data-start=\"652\" data-end=\"715\"><img decoding=\"async\" class=\"size-full wp-image-23520 aligncenter\" src=\"https:\/\/mekulo.com\/template\/wp-content\/uploads\/sites\/6\/2026\/02\/Sf23033191bcd4f4d8c9ba4b5ae1750e00.jpg\" alt=\"\" width=\"1080\" height=\"1080\" \/><\/p>\n<h2 style=\"text-align: center\" data-start=\"717\" data-end=\"731\">Hvordan Du Bruker Den \ud83d\udccc<\/h2>\n<ol data-start=\"732\" data-end=\"1003\">\n<li data-start=\"732\" data-end=\"774\">\n<p data-start=\"735\" data-end=\"774\">Sett i 3 x AA-batterier (medf\u00f8lger ikke).<\/p>\n<\/li>\n<li data-start=\"775\" data-end=\"830\">\n<p data-start=\"778\" data-end=\"830\">Trykk p\u00e5 knappen for \u00e5 spille av musikk og se den danse.<\/p>\n<\/li>\n<li data-start=\"831\" data-end=\"880\">\n<p data-start=\"834\" data-end=\"880\">Snakk for \u00e5 aktivere stemmerepetisjonsfunksjonen.<\/p>\n<\/li>\n<li data-start=\"881\" data-end=\"939\">\n<p data-start=\"884\" data-end=\"939\">Trykk og hold inne opptaksknappen for \u00e5 spille inn en melding.<\/p>\n<\/li>\n<li data-start=\"940\" data-end=\"1003\">\n<p data-start=\"943\" data-end=\"1003\">Trykk \u00e9n gang for \u00e5 spille av opptaket eller hold inne igjen for \u00e5 slette det.<\/p>\n<\/li>\n<\/ol>\n<h2 style=\"text-align: center\" data-start=\"1005\" data-end=\"1024\">Produktdetaljer \ud83d\udccf<\/h2>\n<ul data-start=\"1025\" data-end=\"1201\">\n<li data-start=\"1025\" data-end=\"1044\">\n<p data-start=\"1027\" data-end=\"1044\">Materiale: Plysj<\/p>\n<\/li>\n<li data-start=\"1045\" data-end=\"1074\">\n<p data-start=\"1047\" data-end=\"1074\">St\u00f8rrelse: 31 x 8,6 cm<\/p>\n<\/li>\n<li data-start=\"1095\" data-end=\"1137\">\n<p data-start=\"1097\" data-end=\"1137\">Spenning: 3x AA-batterier (ikke inkludert)<\/p>\n<\/li>\n<li data-start=\"1138\" data-end=\"1201\">\n<p data-start=\"1140\" data-end=\"1201\">Funksjoner: Dansende, syngende, snakkende, opptak, LED-lys<\/p>\n<\/li>\n<\/ul>\n<h2 style=\"text-align: center\" data-start=\"1203\" data-end=\"1223\">Pakken Inneholder \ud83d\udce6<\/h2>\n<ul data-start=\"1224\" data-end=\"1269\" data-is-last-node=\"\" data-is-only-node=\"\">\n<li data-start=\"1224\" data-end=\"1269\" data-is-last-node=\"\">\n<p data-start=\"1226\" data-end=\"1269\" data-is-last-node=\"\">1x interaktiv dansende, snakkende giraffleke.<\/p>\n<\/li>\n<\/ul>\n<\/div>\n<\/div>\n<\/div>\n<\/div>\n","protected":false},"excerpt":{"rendered":"<p>\ud83e\udd92Denne interaktive giraffleket\u00f8yet danser, synger, snakker og lyser for \u00e5 holde barna underholdt i timevis.<br \/>\n\ud83c\udfb5Den gjentar stemmer, spiller sanger og spiller inn beskjeder, slik at barna kan ha det g\u00f8y samtidig som de utvikler tale- og lytteferdigheter.<br \/>\n\ud83d\udc67De lekne bevegelsene og lydene engasjerer barna samtidig som de oppmuntrer til aktiv og fantasifull lek.<\/p>\n","protected":false},"featured_media":21759,"comment_status":"open","ping_status":"closed","template":"","meta":{"site-sidebar-layout":"default","site-content-layout":"","ast-site-content-layout":"default","site-content-style":"default","site-sidebar-style":"default","ast-global-header-display":"","ast-banner-title-visibility":"","ast-main-header-display":"","ast-hfb-above-header-display":"","ast-hfb-below-header-display":"","ast-hfb-mobile-header-display":"","site-post-title":"","ast-breadcrumbs-content":"","ast-featured-img":"","footer-sml-layout":"","theme-transparent-header-meta":"default","adv-header-id-meta":"","stick-header-meta":"","header-above-stick-meta":"","header-main-stick-meta":"","header-below-stick-meta":"","astra-migrate-meta-layouts":"set","ast-page-background-enabled":"default","ast-page-background-meta":{"desktop":{"background-color":"var(--ast-global-color-5)","background-image":"","background-repeat":"repeat","background-position":"center center","background-size":"auto","background-attachment":"scroll","background-type":"","background-media":"","overlay-type":"","overlay-color":"","overlay-opacity":"","overlay-gradient":""},"tablet":{"background-color":"","background-image":"","background-repeat":"repeat","background-position":"center center","background-size":"auto","background-attachment":"scroll","background-type":"","background-media":"","overlay-type":"","overlay-color":"","overlay-opacity":"","overlay-gradient":""},"mobile":{"background-color":"","background-image":"","background-repeat":"repeat","background-position":"center center","background-size":"auto","background-attachment":"scroll","background-type":"","background-media":"","overlay-type":"","overlay-color":"","overlay-opacity":"","overlay-gradient":""}},"ast-content-background-meta":{"desktop":{"background-color":"var(--ast-global-color-4)","background-image":"","background-repeat":"repeat","background-position":"center center","background-size":"auto","background-attachment":"scroll","background-type":"","background-media":"","overlay-type":"","overlay-color":"","overlay-opacity":"","overlay-gradient":""},"tablet":{"background-color":"var(--ast-global-color-4)","background-image":"","background-repeat":"repeat","background-position":"center center","background-size":"auto","background-attachment":"scroll","background-type":"","background-media":"","overlay-type":"","overlay-color":"","overlay-opacity":"","overlay-gradient":""},"mobile":{"background-color":"var(--ast-global-color-4)","background-image":"","background-repeat":"repeat","background-position":"center center","background-size":"auto","background-attachment":"scroll","background-type":"","background-media":"","overlay-type":"","overlay-color":"","overlay-opacity":"","overlay-gradient":""}}},"product_brand":[],"product_cat":[172],"product_tag":[],"class_list":{"0":"post-21763","1":"product","2":"type-product","3":"status-publish","4":"has-post-thumbnail","6":"product_cat-leker-barne-og-babyprodukter","7":"pa_54576_8xfwtsdt-brun","8":"pa_54576_8xfwtsdt-gronn","9":"pa_54576_8xfwtsdt-gul","10":"pa_54576_8xfwtsdt-rosa","11":"desktop-align-left","12":"tablet-align-left","13":"mobile-align-left","15":"first","16":"instock","17":"shipping-taxable","18":"purchasable","19":"product-type-variable"},"yoast_head":"<!-- This site is optimized with the Yoast SEO plugin v26.6 - https:\/\/yoast.com\/wordpress\/plugins\/seo\/ -->\n<title>Interaktiv giraffleke - Mekulo NO<\/title>\n<meta name=\"robots\" content=\"index, follow, max-snippet:-1, max-image-preview:large, max-video-preview:-1\" \/>\n<link rel=\"canonical\" href=\"https:\/\/mekulo.com\/no\/produkt\/interaktiv-giraffleke\/\" \/>\n<meta property=\"og:locale\" content=\"nb_NO\" \/>\n<meta property=\"og:type\" content=\"article\" \/>\n<meta property=\"og:title\" content=\"Interaktiv giraffleke - Mekulo NO\" \/>\n<meta property=\"og:description\" content=\"\ud83e\udd92Denne interaktive giraffleket\u00f8yet danser, synger, snakker og lyser for \u00e5 holde barna underholdt i timevis. \ud83c\udfb5Den gjentar stemmer, spiller sanger og spiller inn beskjeder, slik at barna kan ha det g\u00f8y samtidig som de utvikler tale- og lytteferdigheter. \ud83d\udc67De lekne bevegelsene og lydene engasjerer barna samtidig som de oppmuntrer til aktiv og fantasifull lek.\" \/>\n<meta property=\"og:url\" content=\"https:\/\/mekulo.com\/no\/produkt\/interaktiv-giraffleke\/\" \/>\n<meta property=\"og:site_name\" content=\"Mekulo NO\" \/>\n<meta property=\"article:modified_time\" content=\"2026-02-11T10:47:39+00:00\" \/>\n<meta property=\"og:image\" content=\"https:\/\/mekulo.com\/no\/wp-content\/uploads\/sites\/10\/2026\/02\/aa78n3h-1.jpeg\" \/>\n\t<meta property=\"og:image:width\" content=\"1000\" \/>\n\t<meta property=\"og:image:height\" content=\"1000\" \/>\n\t<meta property=\"og:image:type\" content=\"image\/jpeg\" \/>\n<meta name=\"twitter:card\" content=\"summary_large_image\" \/>\n<meta name=\"twitter:label1\" content=\"Ansl. lesetid\" \/>\n\t<meta name=\"twitter:data1\" content=\"2 minutter\" \/>\n<script type=\"application\/ld+json\" class=\"yoast-schema-graph\">{\"@context\":\"https:\/\/schema.org\",\"@graph\":[{\"@type\":\"WebPage\",\"@id\":\"https:\/\/mekulo.com\/no\/produkt\/interaktiv-giraffleke\/\",\"url\":\"https:\/\/mekulo.com\/no\/produkt\/interaktiv-giraffleke\/\",\"name\":\"Interaktiv giraffleke - Mekulo NO\",\"isPartOf\":{\"@id\":\"https:\/\/mekulo.com\/no\/#website\"},\"primaryImageOfPage\":{\"@id\":\"https:\/\/mekulo.com\/no\/produkt\/interaktiv-giraffleke\/#primaryimage\"},\"image\":{\"@id\":\"https:\/\/mekulo.com\/no\/produkt\/interaktiv-giraffleke\/#primaryimage\"},\"thumbnailUrl\":\"https:\/\/mekulo.com\/no\/wp-content\/uploads\/sites\/10\/2026\/02\/aa78n3h-1.jpeg\",\"datePublished\":\"2026-02-04T18:11:55+00:00\",\"dateModified\":\"2026-02-11T10:47:39+00:00\",\"breadcrumb\":{\"@id\":\"https:\/\/mekulo.com\/no\/produkt\/interaktiv-giraffleke\/#breadcrumb\"},\"inLanguage\":\"nb-NO\",\"potentialAction\":[{\"@type\":\"ReadAction\",\"target\":[\"https:\/\/mekulo.com\/no\/produkt\/interaktiv-giraffleke\/\"]}]},{\"@type\":\"ImageObject\",\"inLanguage\":\"nb-NO\",\"@id\":\"https:\/\/mekulo.com\/no\/produkt\/interaktiv-giraffleke\/#primaryimage\",\"url\":\"https:\/\/mekulo.com\/no\/wp-content\/uploads\/sites\/10\/2026\/02\/aa78n3h-1.jpeg\",\"contentUrl\":\"https:\/\/mekulo.com\/no\/wp-content\/uploads\/sites\/10\/2026\/02\/aa78n3h-1.jpeg\",\"width\":1000,\"height\":1000},{\"@type\":\"BreadcrumbList\",\"@id\":\"https:\/\/mekulo.com\/no\/produkt\/interaktiv-giraffleke\/#breadcrumb\",\"itemListElement\":[{\"@type\":\"ListItem\",\"position\":1,\"name\":\"Home\",\"item\":\"https:\/\/mekulo.com\/no\/\"},{\"@type\":\"ListItem\",\"position\":2,\"name\":\"Butikk\",\"item\":\"https:\/\/mekulo.com\/no\/butikk\/\"},{\"@type\":\"ListItem\",\"position\":3,\"name\":\"Interaktiv giraffleke\"}]},{\"@type\":\"WebSite\",\"@id\":\"https:\/\/mekulo.com\/no\/#website\",\"url\":\"https:\/\/mekulo.com\/no\/\",\"name\":\"Mekulo NO\",\"description\":\"\",\"publisher\":{\"@id\":\"https:\/\/mekulo.com\/no\/#organization\"},\"potentialAction\":[{\"@type\":\"SearchAction\",\"target\":{\"@type\":\"EntryPoint\",\"urlTemplate\":\"https:\/\/mekulo.com\/no\/?s={search_term_string}\"},\"query-input\":{\"@type\":\"PropertyValueSpecification\",\"valueRequired\":true,\"valueName\":\"search_term_string\"}}],\"inLanguage\":\"nb-NO\"},{\"@type\":\"Organization\",\"@id\":\"https:\/\/mekulo.com\/no\/#organization\",\"name\":\"Mekulo\",\"url\":\"https:\/\/mekulo.com\/no\/\",\"logo\":{\"@type\":\"ImageObject\",\"inLanguage\":\"nb-NO\",\"@id\":\"https:\/\/mekulo.com\/no\/#\/schema\/logo\/image\/\",\"url\":\"https:\/\/mekulo.com\/no\/wp-content\/uploads\/sites\/10\/2025\/12\/favicon_mekulo.png\",\"contentUrl\":\"https:\/\/mekulo.com\/no\/wp-content\/uploads\/sites\/10\/2025\/12\/favicon_mekulo.png\",\"width\":50,\"height\":50,\"caption\":\"Mekulo\"},\"image\":{\"@id\":\"https:\/\/mekulo.com\/no\/#\/schema\/logo\/image\/\"}}]}<\/script>\n<!-- \/ Yoast SEO plugin. -->","yoast_head_json":{"title":"Interaktiv giraffleke - Mekulo NO","robots":{"index":"index","follow":"follow","max-snippet":"max-snippet:-1","max-image-preview":"max-image-preview:large","max-video-preview":"max-video-preview:-1"},"canonical":"https:\/\/mekulo.com\/no\/produkt\/interaktiv-giraffleke\/","og_locale":"nb_NO","og_type":"article","og_title":"Interaktiv giraffleke - Mekulo NO","og_description":"\ud83e\udd92Denne interaktive giraffleket\u00f8yet danser, synger, snakker og lyser for \u00e5 holde barna underholdt i timevis. \ud83c\udfb5Den gjentar stemmer, spiller sanger og spiller inn beskjeder, slik at barna kan ha det g\u00f8y samtidig som de utvikler tale- og lytteferdigheter. \ud83d\udc67De lekne bevegelsene og lydene engasjerer barna samtidig som de oppmuntrer til aktiv og fantasifull lek.","og_url":"https:\/\/mekulo.com\/no\/produkt\/interaktiv-giraffleke\/","og_site_name":"Mekulo NO","article_modified_time":"2026-02-11T10:47:39+00:00","og_image":[{"width":1000,"height":1000,"url":"https:\/\/mekulo.com\/no\/wp-content\/uploads\/sites\/10\/2026\/02\/aa78n3h-1.jpeg","type":"image\/jpeg"}],"twitter_card":"summary_large_image","twitter_misc":{"Ansl. lesetid":"2 minutter"},"schema":{"@context":"https:\/\/schema.org","@graph":[{"@type":"WebPage","@id":"https:\/\/mekulo.com\/no\/produkt\/interaktiv-giraffleke\/","url":"https:\/\/mekulo.com\/no\/produkt\/interaktiv-giraffleke\/","name":"Interaktiv giraffleke - Mekulo NO","isPartOf":{"@id":"https:\/\/mekulo.com\/no\/#website"},"primaryImageOfPage":{"@id":"https:\/\/mekulo.com\/no\/produkt\/interaktiv-giraffleke\/#primaryimage"},"image":{"@id":"https:\/\/mekulo.com\/no\/produkt\/interaktiv-giraffleke\/#primaryimage"},"thumbnailUrl":"https:\/\/mekulo.com\/no\/wp-content\/uploads\/sites\/10\/2026\/02\/aa78n3h-1.jpeg","datePublished":"2026-02-04T18:11:55+00:00","dateModified":"2026-02-11T10:47:39+00:00","breadcrumb":{"@id":"https:\/\/mekulo.com\/no\/produkt\/interaktiv-giraffleke\/#breadcrumb"},"inLanguage":"nb-NO","potentialAction":[{"@type":"ReadAction","target":["https:\/\/mekulo.com\/no\/produkt\/interaktiv-giraffleke\/"]}]},{"@type":"ImageObject","inLanguage":"nb-NO","@id":"https:\/\/mekulo.com\/no\/produkt\/interaktiv-giraffleke\/#primaryimage","url":"https:\/\/mekulo.com\/no\/wp-content\/uploads\/sites\/10\/2026\/02\/aa78n3h-1.jpeg","contentUrl":"https:\/\/mekulo.com\/no\/wp-content\/uploads\/sites\/10\/2026\/02\/aa78n3h-1.jpeg","width":1000,"height":1000},{"@type":"BreadcrumbList","@id":"https:\/\/mekulo.com\/no\/produkt\/interaktiv-giraffleke\/#breadcrumb","itemListElement":[{"@type":"ListItem","position":1,"name":"Home","item":"https:\/\/mekulo.com\/no\/"},{"@type":"ListItem","position":2,"name":"Butikk","item":"https:\/\/mekulo.com\/no\/butikk\/"},{"@type":"ListItem","position":3,"name":"Interaktiv giraffleke"}]},{"@type":"WebSite","@id":"https:\/\/mekulo.com\/no\/#website","url":"https:\/\/mekulo.com\/no\/","name":"Mekulo NO","description":"","publisher":{"@id":"https:\/\/mekulo.com\/no\/#organization"},"potentialAction":[{"@type":"SearchAction","target":{"@type":"EntryPoint","urlTemplate":"https:\/\/mekulo.com\/no\/?s={search_term_string}"},"query-input":{"@type":"PropertyValueSpecification","valueRequired":true,"valueName":"search_term_string"}}],"inLanguage":"nb-NO"},{"@type":"Organization","@id":"https:\/\/mekulo.com\/no\/#organization","name":"Mekulo","url":"https:\/\/mekulo.com\/no\/","logo":{"@type":"ImageObject","inLanguage":"nb-NO","@id":"https:\/\/mekulo.com\/no\/#\/schema\/logo\/image\/","url":"https:\/\/mekulo.com\/no\/wp-content\/uploads\/sites\/10\/2025\/12\/favicon_mekulo.png","contentUrl":"https:\/\/mekulo.com\/no\/wp-content\/uploads\/sites\/10\/2025\/12\/favicon_mekulo.png","width":50,"height":50,"caption":"Mekulo"},"image":{"@id":"https:\/\/mekulo.com\/no\/#\/schema\/logo\/image\/"}}]}},"_links":{"self":[{"href":"https:\/\/mekulo.com\/no\/wp-json\/wp\/v2\/product\/21763","targetHints":{"allow":["GET"]}}],"collection":[{"href":"https:\/\/mekulo.com\/no\/wp-json\/wp\/v2\/product"}],"about":[{"href":"https:\/\/mekulo.com\/no\/wp-json\/wp\/v2\/types\/product"}],"replies":[{"embeddable":true,"href":"https:\/\/mekulo.com\/no\/wp-json\/wp\/v2\/comments?post=21763"}],"wp:featuredmedia":[{"embeddable":true,"href":"https:\/\/mekulo.com\/no\/wp-json\/wp\/v2\/media\/21759"}],"wp:attachment":[{"href":"https:\/\/mekulo.com\/no\/wp-json\/wp\/v2\/media?parent=21763"}],"wp:term":[{"taxonomy":"product_brand","embeddable":true,"href":"https:\/\/mekulo.com\/no\/wp-json\/wp\/v2\/product_brand?post=21763"},{"taxonomy":"product_cat","embeddable":true,"href":"https:\/\/mekulo.com\/no\/wp-json\/wp\/v2\/product_cat?post=21763"},{"taxonomy":"product_tag","embeddable":true,"href":"https:\/\/mekulo.com\/no\/wp-json\/wp\/v2\/product_tag?post=21763"}],"curies":[{"name":"wp","href":"https:\/\/api.w.org\/{rel}","templated":true}]}}