{"id":21750,"date":"2026-02-04T20:10:24","date_gmt":"2026-02-04T18:10:24","guid":{"rendered":"https:\/\/mekulo.com\/no\/produkt\/oredobber-med-blomster-dusk\/"},"modified":"2026-02-10T11:08:13","modified_gmt":"2026-02-10T09:08:13","slug":"oredobber-med-blomster-dusk","status":"publish","type":"product","link":"https:\/\/mekulo.com\/no\/produkt\/oredobber-med-blomster-dusk\/","title":{"rendered":"\u00d8redobber med blomster dusk"},"content":{"rendered":"<p style=\"text-align: center\" data-start=\"0\" data-end=\"51\"><strong data-start=\"0\" data-end=\"51\">Tilf\u00f8rer \u00f8yeblikkelig glitter og eleganse til ethvert antrekk. \ud83c\udf38<\/strong><\/p>\n<p data-start=\"0\" data-end=\"51\"><img decoding=\"async\" class=\"size-full wp-image-23507 aligncenter\" src=\"https:\/\/mekulo.com\/template\/wp-content\/uploads\/sites\/6\/2026\/02\/1f3775c3ab4abc1be212ebcc7ad00f37d1693998-800.avif\" alt=\"\" \/><\/p>\n<h2 style=\"text-align: center\" data-start=\"363\" data-end=\"380\"><strong>Hovedfordeler \u2728<\/strong><\/h2>\n<p data-start=\"383\" data-end=\"443\">\u2728 Elegant duskdesign &#8211; Glitrer med hver bevegelse.<\/p>\n<p data-start=\"446\" data-end=\"504\">\ud83c\udf38 Stilig blomsterdetalj &#8211; Feminin og i\u00f8ynefallende.<\/p>\n<p data-start=\"507\" data-end=\"560\">\ud83d\udc8e Glitrende rhinestones &#8211; Tilf\u00f8rer \u00f8yeblikkelig glamour.<\/p>\n<p data-start=\"563\" data-end=\"622\">\ud83d\udc42 Allergivennlige materialer &#8211; Trygt for f\u00f8lsomme \u00f8rer.<\/p>\n<p data-start=\"625\" data-end=\"706\">\ud83c\udf81 Perfekt gavevalg &#8211; Klar for bursdager, h\u00f8ytider og spesielle \u00f8yeblikk.<\/p>\n<p data-start=\"709\" data-end=\"769\">\ud83d\udc83 Allsidig stil &#8211; Matcher uformelle og formelle antrekk.<\/p>\n<p data-start=\"709\" data-end=\"769\"><img decoding=\"async\" class=\"size-full wp-image-23506 aligncenter\" src=\"https:\/\/mekulo.com\/template\/wp-content\/uploads\/sites\/6\/2026\/02\/feb094a5e8b49be1b534871367ffc9544265c219-800.avif\" alt=\"\" \/><\/p>\n<h2 style=\"text-align: center\" data-start=\"988\" data-end=\"1007\"><strong>Produkt Detaljer \ud83d\udccf<\/strong><\/h2>\n<ul data-start=\"1008\" data-end=\"1217\">\n<li data-start=\"1008\" data-end=\"1057\">\n<p data-start=\"1010\" data-end=\"1057\">Materiale: Sinklegering, galvanisert ekte gull<\/p>\n<\/li>\n<li data-start=\"1058\" data-end=\"1108\">\n<p data-start=\"1060\" data-end=\"1108\">Steintype: Kunstige edelstener (rhinestones)<\/p>\n<\/li>\n<li data-start=\"1141\" data-end=\"1161\">\n<p data-start=\"1143\" data-end=\"1161\">St\u00f8rrelse: 4 x 1,8 cm<\/p>\n<\/li>\n<li data-start=\"1162\" data-end=\"1217\">\n<p data-start=\"1164\" data-end=\"1217\">Passform: Allergivennlig, behagelig for f\u00f8lsomme \u00f8rer<\/p>\n<\/li>\n<\/ul>\n<h2 style=\"text-align: center\" data-start=\"1219\" data-end=\"1239\"><strong>Pakken Inkluderer \ud83d\udce6<\/strong><\/h2>\n<ul data-start=\"1240\" data-end=\"1274\" data-is-last-node=\"\" data-is-only-node=\"\">\n<li data-start=\"1240\" data-end=\"1274\" data-is-last-node=\"\">\n<p data-start=\"1242\" data-end=\"1274\" data-is-last-node=\"\">1x par blomster dusk\u00f8reringer.<\/p>\n<\/li>\n<\/ul>\n","protected":false},"excerpt":{"rendered":"<p>\ud83c\udf3aDisse blomsterkvast\u00f8reringene har glitrende krystallkjeder og et delikat blomsterdesign som beveger seg vakkert med hvert skritt.<br \/>\n\ud83d\udc42De er perfekte til daglig bruk, spesielle anledninger eller som gave til noen du er glad i.<br \/>\n\u2728Den lette vekten gj\u00f8r dem komfortable nok til \u00e5 ha p\u00e5 hele dagen uten irritasjon.<\/p>\n","protected":false},"featured_media":21746,"comment_status":"open","ping_status":"closed","template":"","meta":{"site-sidebar-layout":"default","site-content-layout":"","ast-site-content-layout":"default","site-content-style":"default","site-sidebar-style":"default","ast-global-header-display":"","ast-banner-title-visibility":"","ast-main-header-display":"","ast-hfb-above-header-display":"","ast-hfb-below-header-display":"","ast-hfb-mobile-header-display":"","site-post-title":"","ast-breadcrumbs-content":"","ast-featured-img":"","footer-sml-layout":"","theme-transparent-header-meta":"default","adv-header-id-meta":"","stick-header-meta":"","header-above-stick-meta":"","header-main-stick-meta":"","header-below-stick-meta":"","astra-migrate-meta-layouts":"set","ast-page-background-enabled":"default","ast-page-background-meta":{"desktop":{"background-color":"var(--ast-global-color-5)","background-image":"","background-repeat":"repeat","background-position":"center center","background-size":"auto","background-attachment":"scroll","background-type":"","background-media":"","overlay-type":"","overlay-color":"","overlay-opacity":"","overlay-gradient":""},"tablet":{"background-color":"","background-image":"","background-repeat":"repeat","background-position":"center center","background-size":"auto","background-attachment":"scroll","background-type":"","background-media":"","overlay-type":"","overlay-color":"","overlay-opacity":"","overlay-gradient":""},"mobile":{"background-color":"","background-image":"","background-repeat":"repeat","background-position":"center center","background-size":"auto","background-attachment":"scroll","background-type":"","background-media":"","overlay-type":"","overlay-color":"","overlay-opacity":"","overlay-gradient":""}},"ast-content-background-meta":{"desktop":{"background-color":"var(--ast-global-color-4)","background-image":"","background-repeat":"repeat","background-position":"center center","background-size":"auto","background-attachment":"scroll","background-type":"","background-media":"","overlay-type":"","overlay-color":"","overlay-opacity":"","overlay-gradient":""},"tablet":{"background-color":"var(--ast-global-color-4)","background-image":"","background-repeat":"repeat","background-position":"center center","background-size":"auto","background-attachment":"scroll","background-type":"","background-media":"","overlay-type":"","overlay-color":"","overlay-opacity":"","overlay-gradient":""},"mobile":{"background-color":"var(--ast-global-color-4)","background-image":"","background-repeat":"repeat","background-position":"center center","background-size":"auto","background-attachment":"scroll","background-type":"","background-media":"","overlay-type":"","overlay-color":"","overlay-opacity":"","overlay-gradient":""}}},"product_brand":[],"product_cat":[165,162],"product_tag":[],"class_list":{"0":"post-21750","1":"product","2":"type-product","3":"status-publish","4":"has-post-thumbnail","6":"product_cat-fottoy-tilbehor","7":"product_cat-skjonnhets-og-hygieneprodukter","8":"pa_54482_ui3xzsyp-gull","9":"pa_54482_ui3xzsyp-solv","10":"desktop-align-left","11":"tablet-align-left","12":"mobile-align-left","14":"first","15":"instock","16":"shipping-taxable","17":"purchasable","18":"product-type-variable"},"yoast_head":"<!-- This site is optimized with the Yoast SEO plugin v26.6 - https:\/\/yoast.com\/wordpress\/plugins\/seo\/ -->\n<title>\u00d8redobber med blomster dusk - Mekulo NO<\/title>\n<meta name=\"robots\" content=\"index, follow, max-snippet:-1, max-image-preview:large, max-video-preview:-1\" \/>\n<link rel=\"canonical\" href=\"https:\/\/mekulo.com\/no\/produkt\/oredobber-med-blomster-dusk\/\" \/>\n<meta property=\"og:locale\" content=\"nb_NO\" \/>\n<meta property=\"og:type\" content=\"article\" \/>\n<meta property=\"og:title\" content=\"\u00d8redobber med blomster dusk - Mekulo NO\" \/>\n<meta property=\"og:description\" content=\"\ud83c\udf3aDisse blomsterkvast\u00f8reringene har glitrende krystallkjeder og et delikat blomsterdesign som beveger seg vakkert med hvert skritt. \ud83d\udc42De er perfekte til daglig bruk, spesielle anledninger eller som gave til noen du er glad i. \u2728Den lette vekten gj\u00f8r dem komfortable nok til \u00e5 ha p\u00e5 hele dagen uten irritasjon.\" \/>\n<meta property=\"og:url\" content=\"https:\/\/mekulo.com\/no\/produkt\/oredobber-med-blomster-dusk\/\" \/>\n<meta property=\"og:site_name\" content=\"Mekulo NO\" \/>\n<meta property=\"article:modified_time\" content=\"2026-02-10T09:08:13+00:00\" \/>\n<meta property=\"og:image\" content=\"https:\/\/mekulo.com\/no\/wp-content\/uploads\/sites\/10\/2026\/02\/mjrcxt6-1.jpg\" \/>\n\t<meta property=\"og:image:width\" content=\"500\" \/>\n\t<meta property=\"og:image:height\" content=\"500\" \/>\n\t<meta property=\"og:image:type\" content=\"image\/jpeg\" \/>\n<meta name=\"twitter:card\" content=\"summary_large_image\" \/>\n<meta name=\"twitter:label1\" content=\"Ansl. lesetid\" \/>\n\t<meta name=\"twitter:data1\" content=\"2 minutter\" \/>\n<script type=\"application\/ld+json\" class=\"yoast-schema-graph\">{\"@context\":\"https:\/\/schema.org\",\"@graph\":[{\"@type\":\"WebPage\",\"@id\":\"https:\/\/mekulo.com\/no\/produkt\/oredobber-med-blomster-dusk\/\",\"url\":\"https:\/\/mekulo.com\/no\/produkt\/oredobber-med-blomster-dusk\/\",\"name\":\"\u00d8redobber med blomster dusk - Mekulo NO\",\"isPartOf\":{\"@id\":\"https:\/\/mekulo.com\/no\/#website\"},\"primaryImageOfPage\":{\"@id\":\"https:\/\/mekulo.com\/no\/produkt\/oredobber-med-blomster-dusk\/#primaryimage\"},\"image\":{\"@id\":\"https:\/\/mekulo.com\/no\/produkt\/oredobber-med-blomster-dusk\/#primaryimage\"},\"thumbnailUrl\":\"https:\/\/mekulo.com\/no\/wp-content\/uploads\/sites\/10\/2026\/02\/mjrcxt6-1.jpg\",\"datePublished\":\"2026-02-04T18:10:24+00:00\",\"dateModified\":\"2026-02-10T09:08:13+00:00\",\"breadcrumb\":{\"@id\":\"https:\/\/mekulo.com\/no\/produkt\/oredobber-med-blomster-dusk\/#breadcrumb\"},\"inLanguage\":\"nb-NO\",\"potentialAction\":[{\"@type\":\"ReadAction\",\"target\":[\"https:\/\/mekulo.com\/no\/produkt\/oredobber-med-blomster-dusk\/\"]}]},{\"@type\":\"ImageObject\",\"inLanguage\":\"nb-NO\",\"@id\":\"https:\/\/mekulo.com\/no\/produkt\/oredobber-med-blomster-dusk\/#primaryimage\",\"url\":\"https:\/\/mekulo.com\/no\/wp-content\/uploads\/sites\/10\/2026\/02\/mjrcxt6-1.jpg\",\"contentUrl\":\"https:\/\/mekulo.com\/no\/wp-content\/uploads\/sites\/10\/2026\/02\/mjrcxt6-1.jpg\",\"width\":500,\"height\":500},{\"@type\":\"BreadcrumbList\",\"@id\":\"https:\/\/mekulo.com\/no\/produkt\/oredobber-med-blomster-dusk\/#breadcrumb\",\"itemListElement\":[{\"@type\":\"ListItem\",\"position\":1,\"name\":\"Home\",\"item\":\"https:\/\/mekulo.com\/no\/\"},{\"@type\":\"ListItem\",\"position\":2,\"name\":\"Butikk\",\"item\":\"https:\/\/mekulo.com\/no\/butikk\/\"},{\"@type\":\"ListItem\",\"position\":3,\"name\":\"\u00d8redobber med blomster dusk\"}]},{\"@type\":\"WebSite\",\"@id\":\"https:\/\/mekulo.com\/no\/#website\",\"url\":\"https:\/\/mekulo.com\/no\/\",\"name\":\"Mekulo NO\",\"description\":\"\",\"publisher\":{\"@id\":\"https:\/\/mekulo.com\/no\/#organization\"},\"potentialAction\":[{\"@type\":\"SearchAction\",\"target\":{\"@type\":\"EntryPoint\",\"urlTemplate\":\"https:\/\/mekulo.com\/no\/?s={search_term_string}\"},\"query-input\":{\"@type\":\"PropertyValueSpecification\",\"valueRequired\":true,\"valueName\":\"search_term_string\"}}],\"inLanguage\":\"nb-NO\"},{\"@type\":\"Organization\",\"@id\":\"https:\/\/mekulo.com\/no\/#organization\",\"name\":\"Mekulo\",\"url\":\"https:\/\/mekulo.com\/no\/\",\"logo\":{\"@type\":\"ImageObject\",\"inLanguage\":\"nb-NO\",\"@id\":\"https:\/\/mekulo.com\/no\/#\/schema\/logo\/image\/\",\"url\":\"https:\/\/mekulo.com\/no\/wp-content\/uploads\/sites\/10\/2025\/12\/favicon_mekulo.png\",\"contentUrl\":\"https:\/\/mekulo.com\/no\/wp-content\/uploads\/sites\/10\/2025\/12\/favicon_mekulo.png\",\"width\":50,\"height\":50,\"caption\":\"Mekulo\"},\"image\":{\"@id\":\"https:\/\/mekulo.com\/no\/#\/schema\/logo\/image\/\"}}]}<\/script>\n<!-- \/ Yoast SEO plugin. -->","yoast_head_json":{"title":"\u00d8redobber med blomster dusk - Mekulo NO","robots":{"index":"index","follow":"follow","max-snippet":"max-snippet:-1","max-image-preview":"max-image-preview:large","max-video-preview":"max-video-preview:-1"},"canonical":"https:\/\/mekulo.com\/no\/produkt\/oredobber-med-blomster-dusk\/","og_locale":"nb_NO","og_type":"article","og_title":"\u00d8redobber med blomster dusk - Mekulo NO","og_description":"\ud83c\udf3aDisse blomsterkvast\u00f8reringene har glitrende krystallkjeder og et delikat blomsterdesign som beveger seg vakkert med hvert skritt. \ud83d\udc42De er perfekte til daglig bruk, spesielle anledninger eller som gave til noen du er glad i. \u2728Den lette vekten gj\u00f8r dem komfortable nok til \u00e5 ha p\u00e5 hele dagen uten irritasjon.","og_url":"https:\/\/mekulo.com\/no\/produkt\/oredobber-med-blomster-dusk\/","og_site_name":"Mekulo NO","article_modified_time":"2026-02-10T09:08:13+00:00","og_image":[{"width":500,"height":500,"url":"https:\/\/mekulo.com\/no\/wp-content\/uploads\/sites\/10\/2026\/02\/mjrcxt6-1.jpg","type":"image\/jpeg"}],"twitter_card":"summary_large_image","twitter_misc":{"Ansl. lesetid":"2 minutter"},"schema":{"@context":"https:\/\/schema.org","@graph":[{"@type":"WebPage","@id":"https:\/\/mekulo.com\/no\/produkt\/oredobber-med-blomster-dusk\/","url":"https:\/\/mekulo.com\/no\/produkt\/oredobber-med-blomster-dusk\/","name":"\u00d8redobber med blomster dusk - Mekulo NO","isPartOf":{"@id":"https:\/\/mekulo.com\/no\/#website"},"primaryImageOfPage":{"@id":"https:\/\/mekulo.com\/no\/produkt\/oredobber-med-blomster-dusk\/#primaryimage"},"image":{"@id":"https:\/\/mekulo.com\/no\/produkt\/oredobber-med-blomster-dusk\/#primaryimage"},"thumbnailUrl":"https:\/\/mekulo.com\/no\/wp-content\/uploads\/sites\/10\/2026\/02\/mjrcxt6-1.jpg","datePublished":"2026-02-04T18:10:24+00:00","dateModified":"2026-02-10T09:08:13+00:00","breadcrumb":{"@id":"https:\/\/mekulo.com\/no\/produkt\/oredobber-med-blomster-dusk\/#breadcrumb"},"inLanguage":"nb-NO","potentialAction":[{"@type":"ReadAction","target":["https:\/\/mekulo.com\/no\/produkt\/oredobber-med-blomster-dusk\/"]}]},{"@type":"ImageObject","inLanguage":"nb-NO","@id":"https:\/\/mekulo.com\/no\/produkt\/oredobber-med-blomster-dusk\/#primaryimage","url":"https:\/\/mekulo.com\/no\/wp-content\/uploads\/sites\/10\/2026\/02\/mjrcxt6-1.jpg","contentUrl":"https:\/\/mekulo.com\/no\/wp-content\/uploads\/sites\/10\/2026\/02\/mjrcxt6-1.jpg","width":500,"height":500},{"@type":"BreadcrumbList","@id":"https:\/\/mekulo.com\/no\/produkt\/oredobber-med-blomster-dusk\/#breadcrumb","itemListElement":[{"@type":"ListItem","position":1,"name":"Home","item":"https:\/\/mekulo.com\/no\/"},{"@type":"ListItem","position":2,"name":"Butikk","item":"https:\/\/mekulo.com\/no\/butikk\/"},{"@type":"ListItem","position":3,"name":"\u00d8redobber med blomster dusk"}]},{"@type":"WebSite","@id":"https:\/\/mekulo.com\/no\/#website","url":"https:\/\/mekulo.com\/no\/","name":"Mekulo NO","description":"","publisher":{"@id":"https:\/\/mekulo.com\/no\/#organization"},"potentialAction":[{"@type":"SearchAction","target":{"@type":"EntryPoint","urlTemplate":"https:\/\/mekulo.com\/no\/?s={search_term_string}"},"query-input":{"@type":"PropertyValueSpecification","valueRequired":true,"valueName":"search_term_string"}}],"inLanguage":"nb-NO"},{"@type":"Organization","@id":"https:\/\/mekulo.com\/no\/#organization","name":"Mekulo","url":"https:\/\/mekulo.com\/no\/","logo":{"@type":"ImageObject","inLanguage":"nb-NO","@id":"https:\/\/mekulo.com\/no\/#\/schema\/logo\/image\/","url":"https:\/\/mekulo.com\/no\/wp-content\/uploads\/sites\/10\/2025\/12\/favicon_mekulo.png","contentUrl":"https:\/\/mekulo.com\/no\/wp-content\/uploads\/sites\/10\/2025\/12\/favicon_mekulo.png","width":50,"height":50,"caption":"Mekulo"},"image":{"@id":"https:\/\/mekulo.com\/no\/#\/schema\/logo\/image\/"}}]}},"_links":{"self":[{"href":"https:\/\/mekulo.com\/no\/wp-json\/wp\/v2\/product\/21750","targetHints":{"allow":["GET"]}}],"collection":[{"href":"https:\/\/mekulo.com\/no\/wp-json\/wp\/v2\/product"}],"about":[{"href":"https:\/\/mekulo.com\/no\/wp-json\/wp\/v2\/types\/product"}],"replies":[{"embeddable":true,"href":"https:\/\/mekulo.com\/no\/wp-json\/wp\/v2\/comments?post=21750"}],"wp:featuredmedia":[{"embeddable":true,"href":"https:\/\/mekulo.com\/no\/wp-json\/wp\/v2\/media\/21746"}],"wp:attachment":[{"href":"https:\/\/mekulo.com\/no\/wp-json\/wp\/v2\/media?parent=21750"}],"wp:term":[{"taxonomy":"product_brand","embeddable":true,"href":"https:\/\/mekulo.com\/no\/wp-json\/wp\/v2\/product_brand?post=21750"},{"taxonomy":"product_cat","embeddable":true,"href":"https:\/\/mekulo.com\/no\/wp-json\/wp\/v2\/product_cat?post=21750"},{"taxonomy":"product_tag","embeddable":true,"href":"https:\/\/mekulo.com\/no\/wp-json\/wp\/v2\/product_tag?post=21750"}],"curies":[{"name":"wp","href":"https:\/\/api.w.org\/{rel}","templated":true}]}}