{"id":21657,"date":"2026-02-04T20:04:40","date_gmt":"2026-02-04T18:04:40","guid":{"rendered":"https:\/\/mekulo.com\/no\/produkt\/automatisk-baerbar-elektrisk-blenderflaske\/"},"modified":"2026-03-02T12:24:18","modified_gmt":"2026-03-02T10:24:18","slug":"automatisk-baerbar-elektrisk-blenderflaske","status":"publish","type":"product","link":"https:\/\/mekulo.com\/no\/produkt\/automatisk-baerbar-elektrisk-blenderflaske\/","title":{"rendered":"Automatisk b\u00e6rbar elektrisk blenderflaske"},"content":{"rendered":"<p style=\"text-align: center\" data-start=\"0\" data-end=\"60\"><strong data-start=\"0\" data-end=\"60\">Bland jevne, klumpfrie drikker p\u00e5 sekunder med \u00e9n knapp. \ud83e\udd64<\/strong><\/p>\n<p data-start=\"0\" data-end=\"60\"><img fetchpriority=\"high\" decoding=\"async\" class=\"size-full wp-image-23422 aligncenter\" src=\"https:\/\/mekulo.com\/template\/wp-content\/uploads\/sites\/6\/2026\/02\/399c84e1caf2de2f0db305f3d11758d0311bcd70-700.jpg\" alt=\"\" width=\"1080\" height=\"1080\" \/><\/p>\n<h2 style=\"text-align: center\" data-start=\"296\" data-end=\"313\"><strong>Hovedfordeler \ud83e\udd64<\/strong><\/h2>\n<p data-start=\"316\" data-end=\"376\">\u26a1 Kraftig motor p\u00e5 7500 o\/min &#8211; Jevn blanding uten klumper.<\/p>\n<p data-start=\"379\" data-end=\"451\">\ud83d\udd0b Sterkt oppladbart batteri &#8211; Bland flere drinker p\u00e5 \u00e9n lading.<\/p>\n<p data-start=\"454\" data-end=\"509\">\ud83e\udd64 En-knapps betjening &#8211; Enkel start med langt trykk.<\/p>\n<p data-start=\"512\" data-end=\"576\">\ud83e\uddfc Enkel selvrensing &#8211; Skyll med vann eller mildt vaskemiddel.<\/p>\n<p data-start=\"579\" data-end=\"639\">\ud83c\udf92 Innebygd pulverbeholder &#8211; Ingen ekstra oppbevaring n\u00f8dvendig.<\/p>\n<p data-start=\"642\" data-end=\"701\">\ud83c\udf81 Perfekt treningsgave &#8211; Flott for treningsstudio og daglig bruk.<\/p>\n<p data-start=\"642\" data-end=\"701\"><img decoding=\"async\" class=\"size-full wp-image-23423 aligncenter\" src=\"https:\/\/mekulo.com\/template\/wp-content\/uploads\/sites\/6\/2026\/02\/5ef64ec1c323652f65cbfe38779b1dc23715076e-700.jpg\" alt=\"\" width=\"1080\" height=\"1080\" \/><\/p>\n<h2 style=\"text-align: center\" data-start=\"703\" data-end=\"717\"><strong>Hvordan Du Bruker \ud83d\udccc<\/strong><\/h2>\n<ol data-start=\"718\" data-end=\"974\">\n<li data-start=\"718\" data-end=\"758\">\n<p data-start=\"721\" data-end=\"758\">Tilsett v\u00e6ske og pulver i koppen.<\/p>\n<\/li>\n<li data-start=\"759\" data-end=\"787\">\n<p data-start=\"762\" data-end=\"787\">Lukk lokket sikkert.<\/p>\n<\/li>\n<li data-start=\"788\" data-end=\"838\">\n<p data-start=\"791\" data-end=\"838\">Trykk lenge p\u00e5 knappen i 2 sekunder for \u00e5 starte.<\/p>\n<\/li>\n<li data-start=\"839\" data-end=\"868\">\n<p data-start=\"842\" data-end=\"868\">La den blande til den er jevn.<\/p>\n<\/li>\n<li data-start=\"869\" data-end=\"920\">\n<p data-start=\"872\" data-end=\"920\">Drikk direkte eller hell i en annen beholder.<\/p>\n<\/li>\n<li data-start=\"921\" data-end=\"974\">\n<p data-start=\"924\" data-end=\"974\">Tilsett vann og trykk p\u00e5 knappen for \u00e5 rengj\u00f8re etter bruk.<\/p>\n<\/li>\n<\/ol>\n<h2 style=\"text-align: center\" data-start=\"976\" data-end=\"995\"><strong>Produktdetaljer \ud83d\udccf<\/strong><\/h2>\n<ul data-start=\"996\" data-end=\"1275\">\n<li data-start=\"996\" data-end=\"1025\">\n<p data-start=\"998\" data-end=\"1025\">Materiale: Tritan, ABS, PP<\/p>\n<\/li>\n<li data-start=\"1026\" data-end=\"1054\">\n<p data-start=\"1028\" data-end=\"1054\">Batterikapasitet: 800mAh<\/p>\n<\/li>\n<li data-start=\"1055\" data-end=\"1080\">\n<p data-start=\"1057\" data-end=\"1080\">Motorhastighet: 7500 o\/min<\/p>\n<\/li>\n<li data-start=\"1081\" data-end=\"1094\">\n<p data-start=\"1083\" data-end=\"1094\">Effekt: 3W<\/p>\n<\/li>\n<li data-start=\"1095\" data-end=\"1118\">\n<p data-start=\"1097\" data-end=\"1118\">Ratet spenning: 3,7V<\/p>\n<\/li>\n<li data-start=\"1119\" data-end=\"1150\">\n<p data-start=\"1121\" data-end=\"1150\">Lademetode: USB Type-C<\/p>\n<\/li>\n<li data-start=\"1151\" data-end=\"1183\">\n<p data-start=\"1153\" data-end=\"1183\">Ladetid: Ca. 2 timer<\/p>\n<\/li>\n<li data-start=\"1184\" data-end=\"1216\">\n<p data-start=\"1186\" data-end=\"1216\">Brukstid: Ca. 30 minutter<\/p>\n<\/li>\n<li data-start=\"1217\" data-end=\"1245\">\n<p data-start=\"1219\" data-end=\"1245\">Startmetode: Langt trykk<\/p>\n<\/li>\n<li data-start=\"1246\" data-end=\"1275\">\n<p data-start=\"1248\" data-end=\"1275\">Bemerkning: T\u00e5ler ikke oppvaskmaskin<\/p>\n<\/li>\n<li data-start=\"1246\" data-end=\"1275\">\n<p data-start=\"1248\" data-end=\"1275\">St\u00f8rrelse: 101 x 90 x 240 mm<\/p>\n<\/li>\n<li data-start=\"1246\" data-end=\"1275\">Kapasitet: 650-700 ml<\/li>\n<\/ul>\n<h2 style=\"text-align: center\" data-start=\"1277\" data-end=\"1297\"><strong>Pakken Inkluderer \ud83d\udce6<\/strong><\/h2>\n<ul data-start=\"1298\" data-end=\"1363\" data-is-last-node=\"\" data-is-only-node=\"\">\n<li data-start=\"1298\" data-end=\"1342\">\n<p data-start=\"1300\" data-end=\"1342\">1x automatisk b\u00e6rbar elektrisk blenderflaske<\/p>\n<\/li>\n<li data-start=\"1343\" data-end=\"1363\" data-is-last-node=\"\">\n<p data-start=\"1345\" data-end=\"1363\" data-is-last-node=\"\">1x ekstra avtakbar kopp\/beholder.<\/p>\n<\/li>\n<\/ul>\n","protected":false},"excerpt":{"rendered":"<p>\ud83e\udd64Denne automatiske, b\u00e6rbare, elektriske blenderflasken bruker en kraftig motor til \u00e5 blande proteinpulver, kosttilskudd eller drikkeblandinger jevnt hver gang.<br \/>\n\ud83c\udfcb\ufe0fIt sparer krefter, blander raskere enn \u00e5 riste for h\u00e5nd og gir deg jevne resultater uansett hvor du g\u00e5r.<br \/>\n\u26a1Den kompakte, tr\u00e5dl\u00f8se designen gj\u00f8r den perfekt for treningsstudioet, kontoret eller p\u00e5 reise.<\/p>\n","protected":false},"featured_media":21653,"comment_status":"open","ping_status":"closed","template":"","meta":{"site-sidebar-layout":"default","site-content-layout":"","ast-site-content-layout":"default","site-content-style":"default","site-sidebar-style":"default","ast-global-header-display":"","ast-banner-title-visibility":"","ast-main-header-display":"","ast-hfb-above-header-display":"","ast-hfb-below-header-display":"","ast-hfb-mobile-header-display":"","site-post-title":"","ast-breadcrumbs-content":"","ast-featured-img":"","footer-sml-layout":"","theme-transparent-header-meta":"default","adv-header-id-meta":"","stick-header-meta":"","header-above-stick-meta":"","header-main-stick-meta":"","header-below-stick-meta":"","astra-migrate-meta-layouts":"set","ast-page-background-enabled":"default","ast-page-background-meta":{"desktop":{"background-color":"var(--ast-global-color-5)","background-image":"","background-repeat":"repeat","background-position":"center center","background-size":"auto","background-attachment":"scroll","background-type":"","background-media":"","overlay-type":"","overlay-color":"","overlay-opacity":"","overlay-gradient":""},"tablet":{"background-color":"","background-image":"","background-repeat":"repeat","background-position":"center center","background-size":"auto","background-attachment":"scroll","background-type":"","background-media":"","overlay-type":"","overlay-color":"","overlay-opacity":"","overlay-gradient":""},"mobile":{"background-color":"","background-image":"","background-repeat":"repeat","background-position":"center center","background-size":"auto","background-attachment":"scroll","background-type":"","background-media":"","overlay-type":"","overlay-color":"","overlay-opacity":"","overlay-gradient":""}},"ast-content-background-meta":{"desktop":{"background-color":"var(--ast-global-color-4)","background-image":"","background-repeat":"repeat","background-position":"center center","background-size":"auto","background-attachment":"scroll","background-type":"","background-media":"","overlay-type":"","overlay-color":"","overlay-opacity":"","overlay-gradient":""},"tablet":{"background-color":"var(--ast-global-color-4)","background-image":"","background-repeat":"repeat","background-position":"center center","background-size":"auto","background-attachment":"scroll","background-type":"","background-media":"","overlay-type":"","overlay-color":"","overlay-opacity":"","overlay-gradient":""},"mobile":{"background-color":"var(--ast-global-color-4)","background-image":"","background-repeat":"repeat","background-position":"center center","background-size":"auto","background-attachment":"scroll","background-type":"","background-media":"","overlay-type":"","overlay-color":"","overlay-opacity":"","overlay-gradient":""}}},"product_brand":[],"product_cat":[167,168,170],"product_tag":[],"class_list":{"0":"post-21657","1":"product","2":"type-product","3":"status-publish","4":"has-post-thumbnail","6":"product_cat-fotturer-camping-og-fritidsartikler","7":"product_cat-husholdningsartikler","8":"product_cat-sportsutstyr","9":"pa_54293_50mmzbkz-bla","10":"pa_54293_50mmzbkz-gronn","11":"pa_54293_50mmzbkz-hvit","12":"pa_54293_50mmzbkz-rosa","13":"pa_54293_50mmzbkz-svart","14":"pa_54293_e6nk84bk-med-kopp","15":"pa_54293_e6nk84bk-uten-kopp","16":"desktop-align-left","17":"tablet-align-left","18":"mobile-align-left","20":"first","21":"instock","22":"shipping-taxable","23":"purchasable","24":"product-type-variable","25":"has-default-attributes"},"yoast_head":"<!-- This site is optimized with the Yoast SEO plugin v26.6 - https:\/\/yoast.com\/wordpress\/plugins\/seo\/ -->\n<title>Automatisk b\u00e6rbar elektrisk blenderflaske - Mekulo NO<\/title>\n<meta name=\"robots\" content=\"index, follow, max-snippet:-1, max-image-preview:large, max-video-preview:-1\" \/>\n<link rel=\"canonical\" href=\"https:\/\/mekulo.com\/no\/produkt\/automatisk-baerbar-elektrisk-blenderflaske\/\" \/>\n<meta property=\"og:locale\" content=\"nb_NO\" \/>\n<meta property=\"og:type\" content=\"article\" \/>\n<meta property=\"og:title\" content=\"Automatisk b\u00e6rbar elektrisk blenderflaske - Mekulo NO\" \/>\n<meta property=\"og:description\" content=\"\ud83e\udd64Denne automatiske, b\u00e6rbare, elektriske blenderflasken bruker en kraftig motor til \u00e5 blande proteinpulver, kosttilskudd eller drikkeblandinger jevnt hver gang. \ud83c\udfcb\ufe0fIt sparer krefter, blander raskere enn \u00e5 riste for h\u00e5nd og gir deg jevne resultater uansett hvor du g\u00e5r. \u26a1Den kompakte, tr\u00e5dl\u00f8se designen gj\u00f8r den perfekt for treningsstudioet, kontoret eller p\u00e5 reise.\" \/>\n<meta property=\"og:url\" content=\"https:\/\/mekulo.com\/no\/produkt\/automatisk-baerbar-elektrisk-blenderflaske\/\" \/>\n<meta property=\"og:site_name\" content=\"Mekulo NO\" \/>\n<meta property=\"article:modified_time\" content=\"2026-03-02T10:24:18+00:00\" \/>\n<meta property=\"og:image\" content=\"https:\/\/mekulo.com\/no\/wp-content\/uploads\/sites\/10\/2026\/02\/0jo8zdd-1.jpg\" \/>\n\t<meta property=\"og:image:width\" content=\"700\" \/>\n\t<meta property=\"og:image:height\" content=\"700\" \/>\n\t<meta property=\"og:image:type\" content=\"image\/jpeg\" \/>\n<meta name=\"twitter:card\" content=\"summary_large_image\" \/>\n<meta name=\"twitter:label1\" content=\"Ansl. lesetid\" \/>\n\t<meta name=\"twitter:data1\" content=\"2 minutter\" \/>\n<script type=\"application\/ld+json\" class=\"yoast-schema-graph\">{\"@context\":\"https:\/\/schema.org\",\"@graph\":[{\"@type\":\"WebPage\",\"@id\":\"https:\/\/mekulo.com\/no\/produkt\/automatisk-baerbar-elektrisk-blenderflaske\/\",\"url\":\"https:\/\/mekulo.com\/no\/produkt\/automatisk-baerbar-elektrisk-blenderflaske\/\",\"name\":\"Automatisk b\u00e6rbar elektrisk blenderflaske - Mekulo NO\",\"isPartOf\":{\"@id\":\"https:\/\/mekulo.com\/no\/#website\"},\"primaryImageOfPage\":{\"@id\":\"https:\/\/mekulo.com\/no\/produkt\/automatisk-baerbar-elektrisk-blenderflaske\/#primaryimage\"},\"image\":{\"@id\":\"https:\/\/mekulo.com\/no\/produkt\/automatisk-baerbar-elektrisk-blenderflaske\/#primaryimage\"},\"thumbnailUrl\":\"https:\/\/mekulo.com\/no\/wp-content\/uploads\/sites\/10\/2026\/02\/0jo8zdd-1.jpg\",\"datePublished\":\"2026-02-04T18:04:40+00:00\",\"dateModified\":\"2026-03-02T10:24:18+00:00\",\"breadcrumb\":{\"@id\":\"https:\/\/mekulo.com\/no\/produkt\/automatisk-baerbar-elektrisk-blenderflaske\/#breadcrumb\"},\"inLanguage\":\"nb-NO\",\"potentialAction\":[{\"@type\":\"ReadAction\",\"target\":[\"https:\/\/mekulo.com\/no\/produkt\/automatisk-baerbar-elektrisk-blenderflaske\/\"]}]},{\"@type\":\"ImageObject\",\"inLanguage\":\"nb-NO\",\"@id\":\"https:\/\/mekulo.com\/no\/produkt\/automatisk-baerbar-elektrisk-blenderflaske\/#primaryimage\",\"url\":\"https:\/\/mekulo.com\/no\/wp-content\/uploads\/sites\/10\/2026\/02\/0jo8zdd-1.jpg\",\"contentUrl\":\"https:\/\/mekulo.com\/no\/wp-content\/uploads\/sites\/10\/2026\/02\/0jo8zdd-1.jpg\",\"width\":700,\"height\":700},{\"@type\":\"BreadcrumbList\",\"@id\":\"https:\/\/mekulo.com\/no\/produkt\/automatisk-baerbar-elektrisk-blenderflaske\/#breadcrumb\",\"itemListElement\":[{\"@type\":\"ListItem\",\"position\":1,\"name\":\"Home\",\"item\":\"https:\/\/mekulo.com\/no\/\"},{\"@type\":\"ListItem\",\"position\":2,\"name\":\"Butikk\",\"item\":\"https:\/\/mekulo.com\/no\/butikk\/\"},{\"@type\":\"ListItem\",\"position\":3,\"name\":\"Automatisk b\u00e6rbar elektrisk blenderflaske\"}]},{\"@type\":\"WebSite\",\"@id\":\"https:\/\/mekulo.com\/no\/#website\",\"url\":\"https:\/\/mekulo.com\/no\/\",\"name\":\"Mekulo NO\",\"description\":\"\",\"publisher\":{\"@id\":\"https:\/\/mekulo.com\/no\/#organization\"},\"potentialAction\":[{\"@type\":\"SearchAction\",\"target\":{\"@type\":\"EntryPoint\",\"urlTemplate\":\"https:\/\/mekulo.com\/no\/?s={search_term_string}\"},\"query-input\":{\"@type\":\"PropertyValueSpecification\",\"valueRequired\":true,\"valueName\":\"search_term_string\"}}],\"inLanguage\":\"nb-NO\"},{\"@type\":\"Organization\",\"@id\":\"https:\/\/mekulo.com\/no\/#organization\",\"name\":\"Mekulo\",\"url\":\"https:\/\/mekulo.com\/no\/\",\"logo\":{\"@type\":\"ImageObject\",\"inLanguage\":\"nb-NO\",\"@id\":\"https:\/\/mekulo.com\/no\/#\/schema\/logo\/image\/\",\"url\":\"https:\/\/mekulo.com\/no\/wp-content\/uploads\/sites\/10\/2025\/12\/favicon_mekulo.png\",\"contentUrl\":\"https:\/\/mekulo.com\/no\/wp-content\/uploads\/sites\/10\/2025\/12\/favicon_mekulo.png\",\"width\":50,\"height\":50,\"caption\":\"Mekulo\"},\"image\":{\"@id\":\"https:\/\/mekulo.com\/no\/#\/schema\/logo\/image\/\"}}]}<\/script>\n<!-- \/ Yoast SEO plugin. -->","yoast_head_json":{"title":"Automatisk b\u00e6rbar elektrisk blenderflaske - Mekulo NO","robots":{"index":"index","follow":"follow","max-snippet":"max-snippet:-1","max-image-preview":"max-image-preview:large","max-video-preview":"max-video-preview:-1"},"canonical":"https:\/\/mekulo.com\/no\/produkt\/automatisk-baerbar-elektrisk-blenderflaske\/","og_locale":"nb_NO","og_type":"article","og_title":"Automatisk b\u00e6rbar elektrisk blenderflaske - Mekulo NO","og_description":"\ud83e\udd64Denne automatiske, b\u00e6rbare, elektriske blenderflasken bruker en kraftig motor til \u00e5 blande proteinpulver, kosttilskudd eller drikkeblandinger jevnt hver gang. \ud83c\udfcb\ufe0fIt sparer krefter, blander raskere enn \u00e5 riste for h\u00e5nd og gir deg jevne resultater uansett hvor du g\u00e5r. \u26a1Den kompakte, tr\u00e5dl\u00f8se designen gj\u00f8r den perfekt for treningsstudioet, kontoret eller p\u00e5 reise.","og_url":"https:\/\/mekulo.com\/no\/produkt\/automatisk-baerbar-elektrisk-blenderflaske\/","og_site_name":"Mekulo NO","article_modified_time":"2026-03-02T10:24:18+00:00","og_image":[{"width":700,"height":700,"url":"https:\/\/mekulo.com\/no\/wp-content\/uploads\/sites\/10\/2026\/02\/0jo8zdd-1.jpg","type":"image\/jpeg"}],"twitter_card":"summary_large_image","twitter_misc":{"Ansl. lesetid":"2 minutter"},"schema":{"@context":"https:\/\/schema.org","@graph":[{"@type":"WebPage","@id":"https:\/\/mekulo.com\/no\/produkt\/automatisk-baerbar-elektrisk-blenderflaske\/","url":"https:\/\/mekulo.com\/no\/produkt\/automatisk-baerbar-elektrisk-blenderflaske\/","name":"Automatisk b\u00e6rbar elektrisk blenderflaske - Mekulo NO","isPartOf":{"@id":"https:\/\/mekulo.com\/no\/#website"},"primaryImageOfPage":{"@id":"https:\/\/mekulo.com\/no\/produkt\/automatisk-baerbar-elektrisk-blenderflaske\/#primaryimage"},"image":{"@id":"https:\/\/mekulo.com\/no\/produkt\/automatisk-baerbar-elektrisk-blenderflaske\/#primaryimage"},"thumbnailUrl":"https:\/\/mekulo.com\/no\/wp-content\/uploads\/sites\/10\/2026\/02\/0jo8zdd-1.jpg","datePublished":"2026-02-04T18:04:40+00:00","dateModified":"2026-03-02T10:24:18+00:00","breadcrumb":{"@id":"https:\/\/mekulo.com\/no\/produkt\/automatisk-baerbar-elektrisk-blenderflaske\/#breadcrumb"},"inLanguage":"nb-NO","potentialAction":[{"@type":"ReadAction","target":["https:\/\/mekulo.com\/no\/produkt\/automatisk-baerbar-elektrisk-blenderflaske\/"]}]},{"@type":"ImageObject","inLanguage":"nb-NO","@id":"https:\/\/mekulo.com\/no\/produkt\/automatisk-baerbar-elektrisk-blenderflaske\/#primaryimage","url":"https:\/\/mekulo.com\/no\/wp-content\/uploads\/sites\/10\/2026\/02\/0jo8zdd-1.jpg","contentUrl":"https:\/\/mekulo.com\/no\/wp-content\/uploads\/sites\/10\/2026\/02\/0jo8zdd-1.jpg","width":700,"height":700},{"@type":"BreadcrumbList","@id":"https:\/\/mekulo.com\/no\/produkt\/automatisk-baerbar-elektrisk-blenderflaske\/#breadcrumb","itemListElement":[{"@type":"ListItem","position":1,"name":"Home","item":"https:\/\/mekulo.com\/no\/"},{"@type":"ListItem","position":2,"name":"Butikk","item":"https:\/\/mekulo.com\/no\/butikk\/"},{"@type":"ListItem","position":3,"name":"Automatisk b\u00e6rbar elektrisk blenderflaske"}]},{"@type":"WebSite","@id":"https:\/\/mekulo.com\/no\/#website","url":"https:\/\/mekulo.com\/no\/","name":"Mekulo NO","description":"","publisher":{"@id":"https:\/\/mekulo.com\/no\/#organization"},"potentialAction":[{"@type":"SearchAction","target":{"@type":"EntryPoint","urlTemplate":"https:\/\/mekulo.com\/no\/?s={search_term_string}"},"query-input":{"@type":"PropertyValueSpecification","valueRequired":true,"valueName":"search_term_string"}}],"inLanguage":"nb-NO"},{"@type":"Organization","@id":"https:\/\/mekulo.com\/no\/#organization","name":"Mekulo","url":"https:\/\/mekulo.com\/no\/","logo":{"@type":"ImageObject","inLanguage":"nb-NO","@id":"https:\/\/mekulo.com\/no\/#\/schema\/logo\/image\/","url":"https:\/\/mekulo.com\/no\/wp-content\/uploads\/sites\/10\/2025\/12\/favicon_mekulo.png","contentUrl":"https:\/\/mekulo.com\/no\/wp-content\/uploads\/sites\/10\/2025\/12\/favicon_mekulo.png","width":50,"height":50,"caption":"Mekulo"},"image":{"@id":"https:\/\/mekulo.com\/no\/#\/schema\/logo\/image\/"}}]}},"_links":{"self":[{"href":"https:\/\/mekulo.com\/no\/wp-json\/wp\/v2\/product\/21657","targetHints":{"allow":["GET"]}}],"collection":[{"href":"https:\/\/mekulo.com\/no\/wp-json\/wp\/v2\/product"}],"about":[{"href":"https:\/\/mekulo.com\/no\/wp-json\/wp\/v2\/types\/product"}],"replies":[{"embeddable":true,"href":"https:\/\/mekulo.com\/no\/wp-json\/wp\/v2\/comments?post=21657"}],"wp:featuredmedia":[{"embeddable":true,"href":"https:\/\/mekulo.com\/no\/wp-json\/wp\/v2\/media\/21653"}],"wp:attachment":[{"href":"https:\/\/mekulo.com\/no\/wp-json\/wp\/v2\/media?parent=21657"}],"wp:term":[{"taxonomy":"product_brand","embeddable":true,"href":"https:\/\/mekulo.com\/no\/wp-json\/wp\/v2\/product_brand?post=21657"},{"taxonomy":"product_cat","embeddable":true,"href":"https:\/\/mekulo.com\/no\/wp-json\/wp\/v2\/product_cat?post=21657"},{"taxonomy":"product_tag","embeddable":true,"href":"https:\/\/mekulo.com\/no\/wp-json\/wp\/v2\/product_tag?post=21657"}],"curies":[{"name":"wp","href":"https:\/\/api.w.org\/{rel}","templated":true}]}}