{"id":21632,"date":"2026-02-04T20:00:59","date_gmt":"2026-02-04T18:00:59","guid":{"rendered":"https:\/\/mekulo.com\/no\/produkt\/tester-for-elektriske-kretser-i-biler\/"},"modified":"2026-02-10T11:06:16","modified_gmt":"2026-02-10T09:06:16","slug":"tester-for-elektriske-kretser-i-biler","status":"publish","type":"product","link":"https:\/\/mekulo.com\/no\/produkt\/tester-for-elektriske-kretser-i-biler\/","title":{"rendered":"Tester for elektriske kretser i biler"},"content":{"rendered":"<div class=\"flex flex-col text-sm pb-25\">\n<article class=\"text-token-text-primary w-full focus:outline-none [--shadow-height:45px] has-data-writing-block:pointer-events-none has-data-writing-block:-mt-(--shadow-height) has-data-writing-block:pt-(--shadow-height) [&amp;:has([data-writing-block])&gt;*]:pointer-events-auto scroll-mt-[calc(var(--header-height)+min(200px,max(70px,20svh)))]\" dir=\"auto\" data-turn-id=\"request-69788f7d-d97c-832a-a512-ce7bdd364928-0\" data-testid=\"conversation-turn-114\" data-scroll-anchor=\"true\" data-turn=\"assistant\">\n<div class=\"text-base my-auto mx-auto pb-10 [--thread-content-margin:--spacing(4)] @w-sm\/main:[--thread-content-margin:--spacing(6)] @w-lg\/main:[--thread-content-margin:--spacing(16)] px-(--thread-content-margin)\">\n<div class=\"[--thread-content-max-width:40rem] @w-lg\/main:[--thread-content-max-width:48rem] mx-auto max-w-(--thread-content-max-width) flex-1 group\/turn-messages focus-visible:outline-hidden relative flex w-full min-w-0 flex-col agent-turn\">\n<div class=\"flex max-w-full flex-col grow\">\n<div class=\"min-h-8 text-message relative flex w-full flex-col items-end gap-2 text-start break-words whitespace-normal [.text-message+&amp;]:mt-1\" dir=\"auto\" data-message-author-role=\"assistant\" data-message-id=\"25a5b520-4a21-44c2-85e4-0a1c74bda00b\" data-message-model-slug=\"gpt-5-2\">\n<div class=\"flex w-full flex-col gap-1 empty:hidden first:pt-[1px]\">\n<div class=\"markdown prose dark:prose-invert w-full wrap-break-word light markdown-new-styling\">\n<p style=\"text-align: center\" data-start=\"0\" data-end=\"66\"><strong data-start=\"0\" data-end=\"66\">Finn Elektriske Feil Raskt Uten \u00c5 Kutte Eller Skade Ledninger. \ud83e\uddd1\u200d\ud83d\udd27<\/strong><\/p>\n<p data-start=\"0\" data-end=\"66\"><img fetchpriority=\"high\" decoding=\"async\" class=\"size-full wp-image-23408 aligncenter\" src=\"https:\/\/mekulo.com\/template\/wp-content\/uploads\/sites\/6\/2026\/02\/H981abc6c54964a58bb317e1464d4f1b3u.jpg_960x960q75.jpg_.jpg\" alt=\"\" width=\"1080\" height=\"1080\" \/><\/p>\n<h2 style=\"text-align: center\" data-start=\"376\" data-end=\"393\">Main Fordeler \u26a1<\/h2>\n<p data-start=\"396\" data-end=\"467\">\u26a1 Finn kortslutninger og brudd &#8211; Oppdag \u00e5pne kretser og str\u00f8mlekkasjer.<\/p>\n<p data-start=\"470\" data-end=\"538\">\ud83d\udd0d Ber\u00f8ringsfri sporing &#8211; Ingen gjennomboring av ledninger eller isolasjonsskader.<\/p>\n<p data-start=\"541\" data-end=\"604\">\ud83e\udded Retningsindikator &#8211; Leder deg rett til feilen.<\/p>\n<p data-start=\"607\" data-end=\"663\">\ud83d\ude97 Bredt spenningsomr\u00e5de &#8211; Fungerer p\u00e5 6V-42V DC-systemer.<\/p>\n<p data-start=\"666\" data-end=\"728\">\ud83d\udee0\ufe0f Fleksibel sonde &#8211; N\u00e5 trange og skjulte ledningsomr\u00e5der.<\/p>\n<p data-start=\"731\" data-end=\"791\">\u23f1\ufe0f Sparer tid &#8211; Raskere diagnose betyr raskere reparasjoner.<\/p>\n<p data-start=\"731\" data-end=\"791\"><img decoding=\"async\" class=\"size-full wp-image-23404 aligncenter\" src=\"https:\/\/mekulo.com\/template\/wp-content\/uploads\/sites\/6\/2026\/02\/1a173f1a81dc5fd5d21e0965d5db92e311ff1762.jpg\" alt=\"\" width=\"1080\" height=\"666\" \/><\/p>\n<h2 style=\"text-align: center\" data-start=\"793\" data-end=\"807\">Hvordan Du Bruker Den \ud83d\udccc<\/h2>\n<ol data-start=\"808\" data-end=\"1079\">\n<li data-start=\"808\" data-end=\"873\">\n<p data-start=\"811\" data-end=\"873\">Koble senderen til kretsen eller ledningen som skal testes.<\/p>\n<\/li>\n<li data-start=\"874\" data-end=\"933\">\n<p data-start=\"877\" data-end=\"933\">Sl\u00e5 p\u00e5 mottakeren og juster f\u00f8lsomheten ved behov.<\/p>\n<\/li>\n<li data-start=\"934\" data-end=\"980\">\n<p data-start=\"937\" data-end=\"980\">Skann ledningene ved hjelp av den fleksible sonden.<\/p>\n<\/li>\n<li data-start=\"981\" data-end=\"1036\">\n<p data-start=\"984\" data-end=\"1036\">F\u00f8lg tonen og indikatoren for \u00e5 finne feilen.<\/p>\n<\/li>\n<li data-start=\"1037\" data-end=\"1079\">\n<p data-start=\"1040\" data-end=\"1079\">Reparer problemet og test p\u00e5 nytt for \u00e5 bekrefte.<\/p>\n<\/li>\n<\/ol>\n<h2 style=\"text-align: center\" data-start=\"1081\" data-end=\"1100\">Produktdetaljer \ud83d\udccf<\/h2>\n<ul data-start=\"1101\" data-end=\"1422\">\n<li data-start=\"1156\" data-end=\"1184\">\n<p data-start=\"1158\" data-end=\"1184\">Spenningsomr\u00e5de: 6V-42V DC<\/p>\n<\/li>\n<li data-start=\"1185\" data-end=\"1234\">\n<p data-start=\"1187\" data-end=\"1234\">Str\u00f8mforsyning: 2 x 9V batterier (ikke inkludert)<\/p>\n<\/li>\n<li data-start=\"1235\" data-end=\"1274\">\n<p data-start=\"1237\" data-end=\"1274\">Sondelengde: 17,7 cm fleksibel sonde<\/p>\n<\/li>\n<li data-start=\"1275\" data-end=\"1301\">\n<p data-start=\"1277\" data-end=\"1301\">Materiale: Opprullet st\u00e5l<\/p>\n<\/li>\n<li data-start=\"1302\" data-end=\"1369\">\n<p data-start=\"1304\" data-end=\"1369\">Funksjoner: Sporing av ledninger, kortslutningsdeteksjon, lokalisering av \u00e5pen krets<\/p>\n<\/li>\n<li data-start=\"1370\" data-end=\"1422\">\n<p data-start=\"1372\" data-end=\"1422\">Anvendelsesomr\u00e5der: Biler, lastebiler, traktorer, b\u00e5ter, bobiler<\/p>\n<\/li>\n<li data-start=\"1370\" data-end=\"1422\">St\u00f8rrelser: Sonde: 204 x 179 x 44 mm, Senderenhet: 58 x 68 x 675 mm<\/li>\n<\/ul>\n<h2 style=\"text-align: center\" data-start=\"1424\" data-end=\"1444\">Pakken Inkluderer \ud83d\udce6<\/h2>\n<ul>\n<li data-start=\"131\" data-end=\"188\">\n<p data-start=\"133\" data-end=\"188\">1x h\u00e5ndholdt kabelmottaker\/sonde<\/p>\n<\/li>\n<li data-start=\"189\" data-end=\"252\">\n<p data-start=\"191\" data-end=\"252\">1x senderenhet<\/p>\n<\/li>\n<li data-start=\"253\" data-end=\"279\">\n<p data-start=\"255\" data-end=\"279\">1x bruksanvisning<\/p>\n<\/li>\n<li data-start=\"280\" data-end=\"317\">\n<p data-start=\"282\" data-end=\"317\">1x b\u00e6reveske\/oppbevaringsetui.<\/p>\n<\/li>\n<\/ul>\n<\/div>\n<\/div>\n<\/div>\n<\/div>\n<\/div>\n<\/div>\n<\/article>\n<\/div>\n","protected":false},"excerpt":{"rendered":"<p>\ud83e\uddd1\u200d\ud83d\udd27This bilens elektriske kretstester hjelper deg med \u00e5 finne kortslutninger, brudd og \u00e5pne kretser i bilens ledningsnett.<br \/>\n\ud83d\ude98Den bruker ber\u00f8ringsfri sporing for \u00e5 lede deg direkte til problemomr\u00e5det, noe som sparer tid og gjetting.<br \/>\n\u26a1Dette profesjonelle verkt\u00f8yet gj\u00f8r elektrisk diagnostikk raskere, tryggere og mer n\u00f8yaktig.<\/p>\n","protected":false},"featured_media":21628,"comment_status":"open","ping_status":"closed","template":"","meta":{"site-sidebar-layout":"default","site-content-layout":"","ast-site-content-layout":"default","site-content-style":"default","site-sidebar-style":"default","ast-global-header-display":"","ast-banner-title-visibility":"","ast-main-header-display":"","ast-hfb-above-header-display":"","ast-hfb-below-header-display":"","ast-hfb-mobile-header-display":"","site-post-title":"","ast-breadcrumbs-content":"","ast-featured-img":"","footer-sml-layout":"","theme-transparent-header-meta":"default","adv-header-id-meta":"","stick-header-meta":"","header-above-stick-meta":"","header-main-stick-meta":"","header-below-stick-meta":"","astra-migrate-meta-layouts":"set","ast-page-background-enabled":"default","ast-page-background-meta":{"desktop":{"background-color":"var(--ast-global-color-5)","background-image":"","background-repeat":"repeat","background-position":"center center","background-size":"auto","background-attachment":"scroll","background-type":"","background-media":"","overlay-type":"","overlay-color":"","overlay-opacity":"","overlay-gradient":""},"tablet":{"background-color":"","background-image":"","background-repeat":"repeat","background-position":"center center","background-size":"auto","background-attachment":"scroll","background-type":"","background-media":"","overlay-type":"","overlay-color":"","overlay-opacity":"","overlay-gradient":""},"mobile":{"background-color":"","background-image":"","background-repeat":"repeat","background-position":"center center","background-size":"auto","background-attachment":"scroll","background-type":"","background-media":"","overlay-type":"","overlay-color":"","overlay-opacity":"","overlay-gradient":""}},"ast-content-background-meta":{"desktop":{"background-color":"var(--ast-global-color-4)","background-image":"","background-repeat":"repeat","background-position":"center center","background-size":"auto","background-attachment":"scroll","background-type":"","background-media":"","overlay-type":"","overlay-color":"","overlay-opacity":"","overlay-gradient":""},"tablet":{"background-color":"var(--ast-global-color-4)","background-image":"","background-repeat":"repeat","background-position":"center center","background-size":"auto","background-attachment":"scroll","background-type":"","background-media":"","overlay-type":"","overlay-color":"","overlay-opacity":"","overlay-gradient":""},"mobile":{"background-color":"var(--ast-global-color-4)","background-image":"","background-repeat":"repeat","background-position":"center center","background-size":"auto","background-attachment":"scroll","background-type":"","background-media":"","overlay-type":"","overlay-color":"","overlay-opacity":"","overlay-gradient":""}}},"product_brand":[],"product_cat":[161,171],"product_tag":[],"class_list":{"0":"post-21632","1":"product","2":"type-product","3":"status-publish","4":"has-post-thumbnail","6":"product_cat-bilprodukter","7":"product_cat-verktoy","8":"desktop-align-left","9":"tablet-align-left","10":"mobile-align-left","12":"first","13":"instock","14":"shipping-taxable","15":"purchasable","16":"product-type-simple"},"yoast_head":"<!-- This site is optimized with the Yoast SEO plugin v26.6 - https:\/\/yoast.com\/wordpress\/plugins\/seo\/ -->\n<title>Tester for elektriske kretser i biler - Mekulo NO<\/title>\n<meta name=\"robots\" content=\"index, follow, max-snippet:-1, max-image-preview:large, max-video-preview:-1\" \/>\n<link rel=\"canonical\" href=\"https:\/\/mekulo.com\/no\/produkt\/tester-for-elektriske-kretser-i-biler\/\" \/>\n<meta property=\"og:locale\" content=\"nb_NO\" \/>\n<meta property=\"og:type\" content=\"article\" \/>\n<meta property=\"og:title\" content=\"Tester for elektriske kretser i biler - Mekulo NO\" \/>\n<meta property=\"og:description\" content=\"\ud83e\uddd1\u200d\ud83d\udd27This bilens elektriske kretstester hjelper deg med \u00e5 finne kortslutninger, brudd og \u00e5pne kretser i bilens ledningsnett. \ud83d\ude98Den bruker ber\u00f8ringsfri sporing for \u00e5 lede deg direkte til problemomr\u00e5det, noe som sparer tid og gjetting. \u26a1Dette profesjonelle verkt\u00f8yet gj\u00f8r elektrisk diagnostikk raskere, tryggere og mer n\u00f8yaktig.\" \/>\n<meta property=\"og:url\" content=\"https:\/\/mekulo.com\/no\/produkt\/tester-for-elektriske-kretser-i-biler\/\" \/>\n<meta property=\"og:site_name\" content=\"Mekulo NO\" \/>\n<meta property=\"article:modified_time\" content=\"2026-02-10T09:06:16+00:00\" \/>\n<meta property=\"og:image\" content=\"https:\/\/mekulo.com\/no\/wp-content\/uploads\/sites\/10\/2026\/02\/694wdjf-1.jpg\" \/>\n\t<meta property=\"og:image:width\" content=\"960\" \/>\n\t<meta property=\"og:image:height\" content=\"960\" \/>\n\t<meta property=\"og:image:type\" content=\"image\/jpeg\" \/>\n<meta name=\"twitter:card\" content=\"summary_large_image\" \/>\n<meta name=\"twitter:label1\" content=\"Ansl. lesetid\" \/>\n\t<meta name=\"twitter:data1\" content=\"2 minutter\" \/>\n<script type=\"application\/ld+json\" class=\"yoast-schema-graph\">{\"@context\":\"https:\/\/schema.org\",\"@graph\":[{\"@type\":\"WebPage\",\"@id\":\"https:\/\/mekulo.com\/no\/produkt\/tester-for-elektriske-kretser-i-biler\/\",\"url\":\"https:\/\/mekulo.com\/no\/produkt\/tester-for-elektriske-kretser-i-biler\/\",\"name\":\"Tester for elektriske kretser i biler - Mekulo NO\",\"isPartOf\":{\"@id\":\"https:\/\/mekulo.com\/no\/#website\"},\"primaryImageOfPage\":{\"@id\":\"https:\/\/mekulo.com\/no\/produkt\/tester-for-elektriske-kretser-i-biler\/#primaryimage\"},\"image\":{\"@id\":\"https:\/\/mekulo.com\/no\/produkt\/tester-for-elektriske-kretser-i-biler\/#primaryimage\"},\"thumbnailUrl\":\"https:\/\/mekulo.com\/no\/wp-content\/uploads\/sites\/10\/2026\/02\/694wdjf-1.jpg\",\"datePublished\":\"2026-02-04T18:00:59+00:00\",\"dateModified\":\"2026-02-10T09:06:16+00:00\",\"breadcrumb\":{\"@id\":\"https:\/\/mekulo.com\/no\/produkt\/tester-for-elektriske-kretser-i-biler\/#breadcrumb\"},\"inLanguage\":\"nb-NO\",\"potentialAction\":[{\"@type\":\"ReadAction\",\"target\":[\"https:\/\/mekulo.com\/no\/produkt\/tester-for-elektriske-kretser-i-biler\/\"]}]},{\"@type\":\"ImageObject\",\"inLanguage\":\"nb-NO\",\"@id\":\"https:\/\/mekulo.com\/no\/produkt\/tester-for-elektriske-kretser-i-biler\/#primaryimage\",\"url\":\"https:\/\/mekulo.com\/no\/wp-content\/uploads\/sites\/10\/2026\/02\/694wdjf-1.jpg\",\"contentUrl\":\"https:\/\/mekulo.com\/no\/wp-content\/uploads\/sites\/10\/2026\/02\/694wdjf-1.jpg\",\"width\":960,\"height\":960},{\"@type\":\"BreadcrumbList\",\"@id\":\"https:\/\/mekulo.com\/no\/produkt\/tester-for-elektriske-kretser-i-biler\/#breadcrumb\",\"itemListElement\":[{\"@type\":\"ListItem\",\"position\":1,\"name\":\"Home\",\"item\":\"https:\/\/mekulo.com\/no\/\"},{\"@type\":\"ListItem\",\"position\":2,\"name\":\"Butikk\",\"item\":\"https:\/\/mekulo.com\/no\/butikk\/\"},{\"@type\":\"ListItem\",\"position\":3,\"name\":\"Tester for elektriske kretser i biler\"}]},{\"@type\":\"WebSite\",\"@id\":\"https:\/\/mekulo.com\/no\/#website\",\"url\":\"https:\/\/mekulo.com\/no\/\",\"name\":\"Mekulo NO\",\"description\":\"\",\"publisher\":{\"@id\":\"https:\/\/mekulo.com\/no\/#organization\"},\"potentialAction\":[{\"@type\":\"SearchAction\",\"target\":{\"@type\":\"EntryPoint\",\"urlTemplate\":\"https:\/\/mekulo.com\/no\/?s={search_term_string}\"},\"query-input\":{\"@type\":\"PropertyValueSpecification\",\"valueRequired\":true,\"valueName\":\"search_term_string\"}}],\"inLanguage\":\"nb-NO\"},{\"@type\":\"Organization\",\"@id\":\"https:\/\/mekulo.com\/no\/#organization\",\"name\":\"Mekulo\",\"url\":\"https:\/\/mekulo.com\/no\/\",\"logo\":{\"@type\":\"ImageObject\",\"inLanguage\":\"nb-NO\",\"@id\":\"https:\/\/mekulo.com\/no\/#\/schema\/logo\/image\/\",\"url\":\"https:\/\/mekulo.com\/no\/wp-content\/uploads\/sites\/10\/2025\/12\/favicon_mekulo.png\",\"contentUrl\":\"https:\/\/mekulo.com\/no\/wp-content\/uploads\/sites\/10\/2025\/12\/favicon_mekulo.png\",\"width\":50,\"height\":50,\"caption\":\"Mekulo\"},\"image\":{\"@id\":\"https:\/\/mekulo.com\/no\/#\/schema\/logo\/image\/\"}}]}<\/script>\n<!-- \/ Yoast SEO plugin. -->","yoast_head_json":{"title":"Tester for elektriske kretser i biler - Mekulo NO","robots":{"index":"index","follow":"follow","max-snippet":"max-snippet:-1","max-image-preview":"max-image-preview:large","max-video-preview":"max-video-preview:-1"},"canonical":"https:\/\/mekulo.com\/no\/produkt\/tester-for-elektriske-kretser-i-biler\/","og_locale":"nb_NO","og_type":"article","og_title":"Tester for elektriske kretser i biler - Mekulo NO","og_description":"\ud83e\uddd1\u200d\ud83d\udd27This bilens elektriske kretstester hjelper deg med \u00e5 finne kortslutninger, brudd og \u00e5pne kretser i bilens ledningsnett. \ud83d\ude98Den bruker ber\u00f8ringsfri sporing for \u00e5 lede deg direkte til problemomr\u00e5det, noe som sparer tid og gjetting. \u26a1Dette profesjonelle verkt\u00f8yet gj\u00f8r elektrisk diagnostikk raskere, tryggere og mer n\u00f8yaktig.","og_url":"https:\/\/mekulo.com\/no\/produkt\/tester-for-elektriske-kretser-i-biler\/","og_site_name":"Mekulo NO","article_modified_time":"2026-02-10T09:06:16+00:00","og_image":[{"width":960,"height":960,"url":"https:\/\/mekulo.com\/no\/wp-content\/uploads\/sites\/10\/2026\/02\/694wdjf-1.jpg","type":"image\/jpeg"}],"twitter_card":"summary_large_image","twitter_misc":{"Ansl. lesetid":"2 minutter"},"schema":{"@context":"https:\/\/schema.org","@graph":[{"@type":"WebPage","@id":"https:\/\/mekulo.com\/no\/produkt\/tester-for-elektriske-kretser-i-biler\/","url":"https:\/\/mekulo.com\/no\/produkt\/tester-for-elektriske-kretser-i-biler\/","name":"Tester for elektriske kretser i biler - Mekulo NO","isPartOf":{"@id":"https:\/\/mekulo.com\/no\/#website"},"primaryImageOfPage":{"@id":"https:\/\/mekulo.com\/no\/produkt\/tester-for-elektriske-kretser-i-biler\/#primaryimage"},"image":{"@id":"https:\/\/mekulo.com\/no\/produkt\/tester-for-elektriske-kretser-i-biler\/#primaryimage"},"thumbnailUrl":"https:\/\/mekulo.com\/no\/wp-content\/uploads\/sites\/10\/2026\/02\/694wdjf-1.jpg","datePublished":"2026-02-04T18:00:59+00:00","dateModified":"2026-02-10T09:06:16+00:00","breadcrumb":{"@id":"https:\/\/mekulo.com\/no\/produkt\/tester-for-elektriske-kretser-i-biler\/#breadcrumb"},"inLanguage":"nb-NO","potentialAction":[{"@type":"ReadAction","target":["https:\/\/mekulo.com\/no\/produkt\/tester-for-elektriske-kretser-i-biler\/"]}]},{"@type":"ImageObject","inLanguage":"nb-NO","@id":"https:\/\/mekulo.com\/no\/produkt\/tester-for-elektriske-kretser-i-biler\/#primaryimage","url":"https:\/\/mekulo.com\/no\/wp-content\/uploads\/sites\/10\/2026\/02\/694wdjf-1.jpg","contentUrl":"https:\/\/mekulo.com\/no\/wp-content\/uploads\/sites\/10\/2026\/02\/694wdjf-1.jpg","width":960,"height":960},{"@type":"BreadcrumbList","@id":"https:\/\/mekulo.com\/no\/produkt\/tester-for-elektriske-kretser-i-biler\/#breadcrumb","itemListElement":[{"@type":"ListItem","position":1,"name":"Home","item":"https:\/\/mekulo.com\/no\/"},{"@type":"ListItem","position":2,"name":"Butikk","item":"https:\/\/mekulo.com\/no\/butikk\/"},{"@type":"ListItem","position":3,"name":"Tester for elektriske kretser i biler"}]},{"@type":"WebSite","@id":"https:\/\/mekulo.com\/no\/#website","url":"https:\/\/mekulo.com\/no\/","name":"Mekulo NO","description":"","publisher":{"@id":"https:\/\/mekulo.com\/no\/#organization"},"potentialAction":[{"@type":"SearchAction","target":{"@type":"EntryPoint","urlTemplate":"https:\/\/mekulo.com\/no\/?s={search_term_string}"},"query-input":{"@type":"PropertyValueSpecification","valueRequired":true,"valueName":"search_term_string"}}],"inLanguage":"nb-NO"},{"@type":"Organization","@id":"https:\/\/mekulo.com\/no\/#organization","name":"Mekulo","url":"https:\/\/mekulo.com\/no\/","logo":{"@type":"ImageObject","inLanguage":"nb-NO","@id":"https:\/\/mekulo.com\/no\/#\/schema\/logo\/image\/","url":"https:\/\/mekulo.com\/no\/wp-content\/uploads\/sites\/10\/2025\/12\/favicon_mekulo.png","contentUrl":"https:\/\/mekulo.com\/no\/wp-content\/uploads\/sites\/10\/2025\/12\/favicon_mekulo.png","width":50,"height":50,"caption":"Mekulo"},"image":{"@id":"https:\/\/mekulo.com\/no\/#\/schema\/logo\/image\/"}}]}},"_links":{"self":[{"href":"https:\/\/mekulo.com\/no\/wp-json\/wp\/v2\/product\/21632","targetHints":{"allow":["GET"]}}],"collection":[{"href":"https:\/\/mekulo.com\/no\/wp-json\/wp\/v2\/product"}],"about":[{"href":"https:\/\/mekulo.com\/no\/wp-json\/wp\/v2\/types\/product"}],"replies":[{"embeddable":true,"href":"https:\/\/mekulo.com\/no\/wp-json\/wp\/v2\/comments?post=21632"}],"wp:featuredmedia":[{"embeddable":true,"href":"https:\/\/mekulo.com\/no\/wp-json\/wp\/v2\/media\/21628"}],"wp:attachment":[{"href":"https:\/\/mekulo.com\/no\/wp-json\/wp\/v2\/media?parent=21632"}],"wp:term":[{"taxonomy":"product_brand","embeddable":true,"href":"https:\/\/mekulo.com\/no\/wp-json\/wp\/v2\/product_brand?post=21632"},{"taxonomy":"product_cat","embeddable":true,"href":"https:\/\/mekulo.com\/no\/wp-json\/wp\/v2\/product_cat?post=21632"},{"taxonomy":"product_tag","embeddable":true,"href":"https:\/\/mekulo.com\/no\/wp-json\/wp\/v2\/product_tag?post=21632"}],"curies":[{"name":"wp","href":"https:\/\/api.w.org\/{rel}","templated":true}]}}