{"id":21612,"date":"2026-02-04T19:59:01","date_gmt":"2026-02-04T17:59:01","guid":{"rendered":"https:\/\/mekulo.com\/no\/produkt\/fleksibel-stikkontaktforlengelse\/"},"modified":"2026-02-10T11:08:29","modified_gmt":"2026-02-10T09:08:29","slug":"fleksibel-stikkontaktforlengelse","status":"publish","type":"product","link":"https:\/\/mekulo.com\/no\/produkt\/fleksibel-stikkontaktforlengelse\/","title":{"rendered":"Fleksibel stikkontaktforlengelse"},"content":{"rendered":"<div class=\"flex max-w-full flex-col grow\">\n<div class=\"min-h-8 text-message relative flex w-full flex-col items-end gap-2 text-start break-words whitespace-normal [.text-message+&amp;]:mt-1\" dir=\"auto\" data-message-author-role=\"assistant\" data-message-id=\"ea5f50ec-2aaa-40dc-a295-bd79a548e10b\" data-message-model-slug=\"gpt-5-2\">\n<div class=\"flex w-full flex-col gap-1 empty:hidden first:pt-[1px]\">\n<div class=\"markdown prose dark:prose-invert w-full wrap-break-word light markdown-new-styling\">\n<p style=\"text-align: center\" data-start=\"0\" data-end=\"61\"><strong data-start=\"0\" data-end=\"61\">N\u00e5 Trange Bolter Og Muttere Som Stive Verkt\u00f8y Ikke Kommer Til. \u2699\ufe0f<\/strong><\/p>\n<p data-start=\"0\" data-end=\"61\"><img fetchpriority=\"high\" decoding=\"async\" class=\"size-full wp-image-23387 aligncenter\" src=\"https:\/\/mekulo.com\/template\/wp-content\/uploads\/sites\/6\/2026\/02\/2b28ef7a362dfd327661746531e9074a433483bf-700.jpg\" alt=\"\" width=\"1080\" height=\"1080\" \/><\/p>\n<h2 style=\"text-align: center\" data-start=\"352\" data-end=\"369\">Hovedfordeler \ud83d\udd04<\/h2>\n<p data-start=\"372\" data-end=\"433\">\ud83d\udd04 Fleksibel opp til 45\u00b0 &#8211; kommer til p\u00e5 trange og vanskelige steder.<\/p>\n<p data-start=\"436\" data-end=\"494\">\ud83e\uddf0 Tre drivst\u00f8rrelser inkludert &#8211; 6,3 mm, 10 mm og 12,5 mm.<\/p>\n<p data-start=\"497\" data-end=\"563\">\ud83d\udcaa Ender i CRV-st\u00e5l &#8211; sterke, holdbare og korrosjonsbestandige.<\/p>\n<p data-start=\"566\" data-end=\"635\">\ud83d\udd12 Sikkert grep &#8211; Fj\u00e6rbelastet sperre og sklisikker kule.<\/p>\n<p data-end=\"701\">\u2699\ufe0f Forbedret presisjon &#8211; Mindre glidning under t\u00f8ffe forhold.<\/p>\n<p data-end=\"772\">\ud83d\ude97 Ideell for bilreparasjoner &#8211; Perfekt for motorrom og hj\u00f8rner.<\/p>\n<p data-end=\"772\"><img decoding=\"async\" class=\"size-full wp-image-23388 aligncenter\" src=\"https:\/\/mekulo.com\/template\/wp-content\/uploads\/sites\/6\/2026\/02\/7c8ce82847c31e176ee2f29926489a793af57e3f-700.jpg\" alt=\"\" width=\"1080\" height=\"1080\" \/><\/p>\n<h2 style=\"text-align: center\" data-end=\"788\">Slik Bruker Du \ud83d\udccc<\/h2>\n<ol data-end=\"1026\">\n<li data-end=\"834\">\n<p data-end=\"834\">Velg riktig st\u00f8rrelse p\u00e5 forlengelsen.<\/p>\n<\/li>\n<li data-end=\"887\">\n<p data-end=\"887\">fest forlengelsen til skralle eller skiften\u00f8kkel.<\/p>\n<\/li>\n<li data-end=\"933\">\n<p data-end=\"933\">koble stikkontakten til forlengelsesenden.<\/p>\n<\/li>\n<li data-end=\"978\">\n<p data-end=\"978\">b\u00f8y forlengelsen til \u00f8nsket vinkel.<\/p>\n<\/li>\n<li data-end=\"1026\">\n<p data-end=\"1026\">p\u00e5f\u00f8r dreiemoment og fullf\u00f8r oppgaven jevnt.<\/p>\n<\/li>\n<\/ol>\n<h2 style=\"text-align: center\" data-end=\"1047\">Produktdetaljer \ud83d\udccf<\/h2>\n<ul>\n<li>M\u00e5l:<\/li>\n<li style=\"list-style-type: none\">\n<ul data-end=\"1212\">\n<li data-end=\"1145\">\n<p data-end=\"1145\">6,3 mm driv &#8211; 14,5 cm lengde<\/p>\n<\/li>\n<li data-end=\"1178\">\n<p data-end=\"1178\">10 mm driv &#8211; 20 cm lengde<\/p>\n<\/li>\n<li data-end=\"1212\">\n<p data-end=\"1212\">12,5 mm driv &#8211; 24,5 cm lengde<\/p>\n<\/li>\n<\/ul>\n<\/li>\n<li data-end=\"1238\">\n<p data-end=\"1238\">Fleksibel vinkel: Opp til 45\u00b0<\/p>\n<\/li>\n<li data-end=\"1280\">\n<p data-end=\"1280\">Materiale: Kromvanadium (CRV)-st\u00e5l<\/p>\n<\/li>\n<li data-end=\"1319\">\n<p data-end=\"1319\">L\u00e5sing: Fj\u00e6rbelastet l\u00e5sekule<\/p>\n<\/li>\n<\/ul>\n<h2 style=\"text-align: center\" data-end=\"1341\">Pakken Inneholder \ud83d\udce6<\/h2>\n<ul data-end=\"1456\" data-is-last-node=\"\" data-is-only-node=\"\">\n<li data-end=\"1380\">\n<p data-end=\"1380\">1x 12,5 mm fleksibel hylseforlenger eller<\/p>\n<\/li>\n<li data-end=\"1419\">\n<p data-end=\"1419\">1x 10 mm fleksibel hylseforlenger eller<\/p>\n<\/li>\n<li data-is-last-node=\"\">\n<p data-is-last-node=\"\">1x 6,3 mm fleksibel hylseforlenger eller<\/p>\n<\/li>\n<li data-is-last-node=\"\">Sett med 3x fleksible hylseforlengere.<\/li>\n<\/ul>\n<\/div>\n<\/div>\n<\/div>\n<\/div>\n","protected":false},"excerpt":{"rendered":"<p>\ud83d\udd04Disse fleksible stikkontaktforlengerne kan b\u00f8yes opptil 45\u00b0, slik at du enkelt kan bruke moment fra vanskelig tilgjengelige vinkler.<br \/>\n\ud83e\uddf0Det er perfekt for bilreparasjoner og vedlikeholdsjobber p\u00e5 trange eller begrensede steder.<br \/>\n\u2699\ufe0fThis settet sparer tid, reduserer frustrasjon og hjelper deg med \u00e5 fullf\u00f8re jobber rent og n\u00f8yaktig.<\/p>\n","protected":false},"featured_media":21608,"comment_status":"open","ping_status":"closed","template":"","meta":{"site-sidebar-layout":"default","site-content-layout":"","ast-site-content-layout":"default","site-content-style":"default","site-sidebar-style":"default","ast-global-header-display":"","ast-banner-title-visibility":"","ast-main-header-display":"","ast-hfb-above-header-display":"","ast-hfb-below-header-display":"","ast-hfb-mobile-header-display":"","site-post-title":"","ast-breadcrumbs-content":"","ast-featured-img":"","footer-sml-layout":"","theme-transparent-header-meta":"default","adv-header-id-meta":"","stick-header-meta":"","header-above-stick-meta":"","header-main-stick-meta":"","header-below-stick-meta":"","astra-migrate-meta-layouts":"set","ast-page-background-enabled":"default","ast-page-background-meta":{"desktop":{"background-color":"var(--ast-global-color-5)","background-image":"","background-repeat":"repeat","background-position":"center center","background-size":"auto","background-attachment":"scroll","background-type":"","background-media":"","overlay-type":"","overlay-color":"","overlay-opacity":"","overlay-gradient":""},"tablet":{"background-color":"","background-image":"","background-repeat":"repeat","background-position":"center center","background-size":"auto","background-attachment":"scroll","background-type":"","background-media":"","overlay-type":"","overlay-color":"","overlay-opacity":"","overlay-gradient":""},"mobile":{"background-color":"","background-image":"","background-repeat":"repeat","background-position":"center center","background-size":"auto","background-attachment":"scroll","background-type":"","background-media":"","overlay-type":"","overlay-color":"","overlay-opacity":"","overlay-gradient":""}},"ast-content-background-meta":{"desktop":{"background-color":"var(--ast-global-color-4)","background-image":"","background-repeat":"repeat","background-position":"center center","background-size":"auto","background-attachment":"scroll","background-type":"","background-media":"","overlay-type":"","overlay-color":"","overlay-opacity":"","overlay-gradient":""},"tablet":{"background-color":"var(--ast-global-color-4)","background-image":"","background-repeat":"repeat","background-position":"center center","background-size":"auto","background-attachment":"scroll","background-type":"","background-media":"","overlay-type":"","overlay-color":"","overlay-opacity":"","overlay-gradient":""},"mobile":{"background-color":"var(--ast-global-color-4)","background-image":"","background-repeat":"repeat","background-position":"center center","background-size":"auto","background-attachment":"scroll","background-type":"","background-media":"","overlay-type":"","overlay-color":"","overlay-opacity":"","overlay-gradient":""}}},"product_brand":[],"product_cat":[15],"product_tag":[],"class_list":{"0":"post-21612","1":"product","2":"type-product","3":"status-publish","4":"has-post-thumbnail","6":"product_cat-uncategorized","7":"pa_54280_kvfblcfy-10-mm","8":"pa_54280_kvfblcfy-125-mm","9":"pa_54280_kvfblcfy-63-mm","10":"pa_54280_kvfblcfy-sett-med-3-stk","11":"desktop-align-left","12":"tablet-align-left","13":"mobile-align-left","15":"first","16":"instock","17":"shipping-taxable","18":"purchasable","19":"product-type-variable"},"yoast_head":"<!-- This site is optimized with the Yoast SEO plugin v26.6 - https:\/\/yoast.com\/wordpress\/plugins\/seo\/ -->\n<title>Fleksibel stikkontaktforlengelse - Mekulo NO<\/title>\n<meta name=\"robots\" content=\"index, follow, max-snippet:-1, max-image-preview:large, max-video-preview:-1\" \/>\n<link rel=\"canonical\" href=\"https:\/\/mekulo.com\/no\/produkt\/fleksibel-stikkontaktforlengelse\/\" \/>\n<meta property=\"og:locale\" content=\"nb_NO\" \/>\n<meta property=\"og:type\" content=\"article\" \/>\n<meta property=\"og:title\" content=\"Fleksibel stikkontaktforlengelse - Mekulo NO\" \/>\n<meta property=\"og:description\" content=\"\ud83d\udd04Disse fleksible stikkontaktforlengerne kan b\u00f8yes opptil 45\u00b0, slik at du enkelt kan bruke moment fra vanskelig tilgjengelige vinkler. \ud83e\uddf0Det er perfekt for bilreparasjoner og vedlikeholdsjobber p\u00e5 trange eller begrensede steder. \u2699\ufe0fThis settet sparer tid, reduserer frustrasjon og hjelper deg med \u00e5 fullf\u00f8re jobber rent og n\u00f8yaktig.\" \/>\n<meta property=\"og:url\" content=\"https:\/\/mekulo.com\/no\/produkt\/fleksibel-stikkontaktforlengelse\/\" \/>\n<meta property=\"og:site_name\" content=\"Mekulo NO\" \/>\n<meta property=\"article:modified_time\" content=\"2026-02-10T09:08:29+00:00\" \/>\n<meta property=\"og:image\" content=\"https:\/\/mekulo.com\/no\/wp-content\/uploads\/sites\/10\/2026\/02\/qkh9ad9-1.jpg\" \/>\n\t<meta property=\"og:image:width\" content=\"1080\" \/>\n\t<meta property=\"og:image:height\" content=\"1080\" \/>\n\t<meta property=\"og:image:type\" content=\"image\/jpeg\" \/>\n<meta name=\"twitter:card\" content=\"summary_large_image\" \/>\n<meta name=\"twitter:label1\" content=\"Ansl. lesetid\" \/>\n\t<meta name=\"twitter:data1\" content=\"2 minutter\" \/>\n<script type=\"application\/ld+json\" class=\"yoast-schema-graph\">{\"@context\":\"https:\/\/schema.org\",\"@graph\":[{\"@type\":\"WebPage\",\"@id\":\"https:\/\/mekulo.com\/no\/produkt\/fleksibel-stikkontaktforlengelse\/\",\"url\":\"https:\/\/mekulo.com\/no\/produkt\/fleksibel-stikkontaktforlengelse\/\",\"name\":\"Fleksibel stikkontaktforlengelse - Mekulo NO\",\"isPartOf\":{\"@id\":\"https:\/\/mekulo.com\/no\/#website\"},\"primaryImageOfPage\":{\"@id\":\"https:\/\/mekulo.com\/no\/produkt\/fleksibel-stikkontaktforlengelse\/#primaryimage\"},\"image\":{\"@id\":\"https:\/\/mekulo.com\/no\/produkt\/fleksibel-stikkontaktforlengelse\/#primaryimage\"},\"thumbnailUrl\":\"https:\/\/mekulo.com\/no\/wp-content\/uploads\/sites\/10\/2026\/02\/qkh9ad9-1.jpg\",\"datePublished\":\"2026-02-04T17:59:01+00:00\",\"dateModified\":\"2026-02-10T09:08:29+00:00\",\"breadcrumb\":{\"@id\":\"https:\/\/mekulo.com\/no\/produkt\/fleksibel-stikkontaktforlengelse\/#breadcrumb\"},\"inLanguage\":\"nb-NO\",\"potentialAction\":[{\"@type\":\"ReadAction\",\"target\":[\"https:\/\/mekulo.com\/no\/produkt\/fleksibel-stikkontaktforlengelse\/\"]}]},{\"@type\":\"ImageObject\",\"inLanguage\":\"nb-NO\",\"@id\":\"https:\/\/mekulo.com\/no\/produkt\/fleksibel-stikkontaktforlengelse\/#primaryimage\",\"url\":\"https:\/\/mekulo.com\/no\/wp-content\/uploads\/sites\/10\/2026\/02\/qkh9ad9-1.jpg\",\"contentUrl\":\"https:\/\/mekulo.com\/no\/wp-content\/uploads\/sites\/10\/2026\/02\/qkh9ad9-1.jpg\",\"width\":1080,\"height\":1080},{\"@type\":\"BreadcrumbList\",\"@id\":\"https:\/\/mekulo.com\/no\/produkt\/fleksibel-stikkontaktforlengelse\/#breadcrumb\",\"itemListElement\":[{\"@type\":\"ListItem\",\"position\":1,\"name\":\"Home\",\"item\":\"https:\/\/mekulo.com\/no\/\"},{\"@type\":\"ListItem\",\"position\":2,\"name\":\"Butikk\",\"item\":\"https:\/\/mekulo.com\/no\/butikk\/\"},{\"@type\":\"ListItem\",\"position\":3,\"name\":\"Fleksibel stikkontaktforlengelse\"}]},{\"@type\":\"WebSite\",\"@id\":\"https:\/\/mekulo.com\/no\/#website\",\"url\":\"https:\/\/mekulo.com\/no\/\",\"name\":\"Mekulo NO\",\"description\":\"\",\"publisher\":{\"@id\":\"https:\/\/mekulo.com\/no\/#organization\"},\"potentialAction\":[{\"@type\":\"SearchAction\",\"target\":{\"@type\":\"EntryPoint\",\"urlTemplate\":\"https:\/\/mekulo.com\/no\/?s={search_term_string}\"},\"query-input\":{\"@type\":\"PropertyValueSpecification\",\"valueRequired\":true,\"valueName\":\"search_term_string\"}}],\"inLanguage\":\"nb-NO\"},{\"@type\":\"Organization\",\"@id\":\"https:\/\/mekulo.com\/no\/#organization\",\"name\":\"Mekulo\",\"url\":\"https:\/\/mekulo.com\/no\/\",\"logo\":{\"@type\":\"ImageObject\",\"inLanguage\":\"nb-NO\",\"@id\":\"https:\/\/mekulo.com\/no\/#\/schema\/logo\/image\/\",\"url\":\"https:\/\/mekulo.com\/no\/wp-content\/uploads\/sites\/10\/2025\/12\/favicon_mekulo.png\",\"contentUrl\":\"https:\/\/mekulo.com\/no\/wp-content\/uploads\/sites\/10\/2025\/12\/favicon_mekulo.png\",\"width\":50,\"height\":50,\"caption\":\"Mekulo\"},\"image\":{\"@id\":\"https:\/\/mekulo.com\/no\/#\/schema\/logo\/image\/\"}}]}<\/script>\n<!-- \/ Yoast SEO plugin. -->","yoast_head_json":{"title":"Fleksibel stikkontaktforlengelse - Mekulo NO","robots":{"index":"index","follow":"follow","max-snippet":"max-snippet:-1","max-image-preview":"max-image-preview:large","max-video-preview":"max-video-preview:-1"},"canonical":"https:\/\/mekulo.com\/no\/produkt\/fleksibel-stikkontaktforlengelse\/","og_locale":"nb_NO","og_type":"article","og_title":"Fleksibel stikkontaktforlengelse - Mekulo NO","og_description":"\ud83d\udd04Disse fleksible stikkontaktforlengerne kan b\u00f8yes opptil 45\u00b0, slik at du enkelt kan bruke moment fra vanskelig tilgjengelige vinkler. \ud83e\uddf0Det er perfekt for bilreparasjoner og vedlikeholdsjobber p\u00e5 trange eller begrensede steder. \u2699\ufe0fThis settet sparer tid, reduserer frustrasjon og hjelper deg med \u00e5 fullf\u00f8re jobber rent og n\u00f8yaktig.","og_url":"https:\/\/mekulo.com\/no\/produkt\/fleksibel-stikkontaktforlengelse\/","og_site_name":"Mekulo NO","article_modified_time":"2026-02-10T09:08:29+00:00","og_image":[{"width":1080,"height":1080,"url":"https:\/\/mekulo.com\/no\/wp-content\/uploads\/sites\/10\/2026\/02\/qkh9ad9-1.jpg","type":"image\/jpeg"}],"twitter_card":"summary_large_image","twitter_misc":{"Ansl. lesetid":"2 minutter"},"schema":{"@context":"https:\/\/schema.org","@graph":[{"@type":"WebPage","@id":"https:\/\/mekulo.com\/no\/produkt\/fleksibel-stikkontaktforlengelse\/","url":"https:\/\/mekulo.com\/no\/produkt\/fleksibel-stikkontaktforlengelse\/","name":"Fleksibel stikkontaktforlengelse - Mekulo NO","isPartOf":{"@id":"https:\/\/mekulo.com\/no\/#website"},"primaryImageOfPage":{"@id":"https:\/\/mekulo.com\/no\/produkt\/fleksibel-stikkontaktforlengelse\/#primaryimage"},"image":{"@id":"https:\/\/mekulo.com\/no\/produkt\/fleksibel-stikkontaktforlengelse\/#primaryimage"},"thumbnailUrl":"https:\/\/mekulo.com\/no\/wp-content\/uploads\/sites\/10\/2026\/02\/qkh9ad9-1.jpg","datePublished":"2026-02-04T17:59:01+00:00","dateModified":"2026-02-10T09:08:29+00:00","breadcrumb":{"@id":"https:\/\/mekulo.com\/no\/produkt\/fleksibel-stikkontaktforlengelse\/#breadcrumb"},"inLanguage":"nb-NO","potentialAction":[{"@type":"ReadAction","target":["https:\/\/mekulo.com\/no\/produkt\/fleksibel-stikkontaktforlengelse\/"]}]},{"@type":"ImageObject","inLanguage":"nb-NO","@id":"https:\/\/mekulo.com\/no\/produkt\/fleksibel-stikkontaktforlengelse\/#primaryimage","url":"https:\/\/mekulo.com\/no\/wp-content\/uploads\/sites\/10\/2026\/02\/qkh9ad9-1.jpg","contentUrl":"https:\/\/mekulo.com\/no\/wp-content\/uploads\/sites\/10\/2026\/02\/qkh9ad9-1.jpg","width":1080,"height":1080},{"@type":"BreadcrumbList","@id":"https:\/\/mekulo.com\/no\/produkt\/fleksibel-stikkontaktforlengelse\/#breadcrumb","itemListElement":[{"@type":"ListItem","position":1,"name":"Home","item":"https:\/\/mekulo.com\/no\/"},{"@type":"ListItem","position":2,"name":"Butikk","item":"https:\/\/mekulo.com\/no\/butikk\/"},{"@type":"ListItem","position":3,"name":"Fleksibel stikkontaktforlengelse"}]},{"@type":"WebSite","@id":"https:\/\/mekulo.com\/no\/#website","url":"https:\/\/mekulo.com\/no\/","name":"Mekulo NO","description":"","publisher":{"@id":"https:\/\/mekulo.com\/no\/#organization"},"potentialAction":[{"@type":"SearchAction","target":{"@type":"EntryPoint","urlTemplate":"https:\/\/mekulo.com\/no\/?s={search_term_string}"},"query-input":{"@type":"PropertyValueSpecification","valueRequired":true,"valueName":"search_term_string"}}],"inLanguage":"nb-NO"},{"@type":"Organization","@id":"https:\/\/mekulo.com\/no\/#organization","name":"Mekulo","url":"https:\/\/mekulo.com\/no\/","logo":{"@type":"ImageObject","inLanguage":"nb-NO","@id":"https:\/\/mekulo.com\/no\/#\/schema\/logo\/image\/","url":"https:\/\/mekulo.com\/no\/wp-content\/uploads\/sites\/10\/2025\/12\/favicon_mekulo.png","contentUrl":"https:\/\/mekulo.com\/no\/wp-content\/uploads\/sites\/10\/2025\/12\/favicon_mekulo.png","width":50,"height":50,"caption":"Mekulo"},"image":{"@id":"https:\/\/mekulo.com\/no\/#\/schema\/logo\/image\/"}}]}},"_links":{"self":[{"href":"https:\/\/mekulo.com\/no\/wp-json\/wp\/v2\/product\/21612","targetHints":{"allow":["GET"]}}],"collection":[{"href":"https:\/\/mekulo.com\/no\/wp-json\/wp\/v2\/product"}],"about":[{"href":"https:\/\/mekulo.com\/no\/wp-json\/wp\/v2\/types\/product"}],"replies":[{"embeddable":true,"href":"https:\/\/mekulo.com\/no\/wp-json\/wp\/v2\/comments?post=21612"}],"wp:featuredmedia":[{"embeddable":true,"href":"https:\/\/mekulo.com\/no\/wp-json\/wp\/v2\/media\/21608"}],"wp:attachment":[{"href":"https:\/\/mekulo.com\/no\/wp-json\/wp\/v2\/media?parent=21612"}],"wp:term":[{"taxonomy":"product_brand","embeddable":true,"href":"https:\/\/mekulo.com\/no\/wp-json\/wp\/v2\/product_brand?post=21612"},{"taxonomy":"product_cat","embeddable":true,"href":"https:\/\/mekulo.com\/no\/wp-json\/wp\/v2\/product_cat?post=21612"},{"taxonomy":"product_tag","embeddable":true,"href":"https:\/\/mekulo.com\/no\/wp-json\/wp\/v2\/product_tag?post=21612"}],"curies":[{"name":"wp","href":"https:\/\/api.w.org\/{rel}","templated":true}]}}