{"id":21595,"date":"2026-02-04T19:57:24","date_gmt":"2026-02-04T17:57:24","guid":{"rendered":"https:\/\/mekulo.com\/no\/produkt\/joystick-for-startknapp-for-bilmotor-4-stk\/"},"modified":"2026-02-10T11:08:30","modified_gmt":"2026-02-10T09:08:30","slug":"joystick-for-startknapp-for-bilmotor-4-stk","status":"publish","type":"product","link":"https:\/\/mekulo.com\/no\/produkt\/joystick-for-startknapp-for-bilmotor-4-stk\/","title":{"rendered":"Joystick for startknapp for bilmotor (4 stk)"},"content":{"rendered":"<p style=\"text-align: center\" data-start=\"0\" data-end=\"66\"><strong data-start=\"0\" data-end=\"66\">Gj\u00f8r bilens startknapp om til en morsom og i\u00f8ynefallende kontroll. \ud83d\ude98<\/strong><\/p>\n<p data-start=\"0\" data-end=\"66\"><img decoding=\"async\" class=\"size-full wp-image-23377 aligncenter\" src=\"https:\/\/mekulo.com\/template\/wp-content\/uploads\/sites\/6\/2026\/02\/8dcb584ea59882e99170f1ce6277dc4ba7f8d199.avif\" alt=\"\" \/><\/p>\n<h2 style=\"text-align: center\" data-start=\"361\" data-end=\"378\"><strong>Hovedfordeler \ud83d\udd79\ufe0f<\/strong><\/h2>\n<p data-start=\"381\" data-end=\"441\">\ud83d\udd79\ufe0f Joystick-stil design &#8211; Gir et sporty og morsomt utseende.<\/p>\n<p data-start=\"444\" data-end=\"500\">\ud83d\ude97 Ingen innvirkning p\u00e5 funksjonen &#8211; Start bilen din som vanlig.<\/p>\n<p data-start=\"503\" data-end=\"568\">\ud83d\udd27 Enkel installasjon &#8211; Festes p\u00e5 f\u00e5 minutter, ingen verkt\u00f8y trengs.<\/p>\n<p data-start=\"571\" data-end=\"630\">\ud83e\uddf2 Sterkt lim &#8211; Fast grep med bilspesifikt lim.<\/p>\n<p data-start=\"633\" data-end=\"689\">\ud83c\udf0d Universell passform &#8211; Fungerer med over 95% av kj\u00f8ret\u00f8yene.<\/p>\n<p data-start=\"692\" data-end=\"755\">\ud83c\udfa8 Fargealternativer &#8211; Velg r\u00f8d eller bl\u00e5 for \u00e5 matche stilen din.<\/p>\n<p data-start=\"692\" data-end=\"755\"><img decoding=\"async\" class=\"size-full wp-image-23375 aligncenter\" src=\"https:\/\/mekulo.com\/template\/wp-content\/uploads\/sites\/6\/2026\/02\/6d555d00ac4ad85f73a29c1042f74f9d7749d5ec-700.avif\" alt=\"\" \/><\/p>\n<h2 style=\"text-align: center\" data-start=\"757\" data-end=\"771\"><strong>Hvordan Du Bruker \ud83d\udccc<\/strong><\/h2>\n<ol data-start=\"772\" data-end=\"982\">\n<li data-start=\"772\" data-end=\"819\">\n<p data-start=\"775\" data-end=\"819\">Rengj\u00f8r overflaten rundt startknappen.<\/p>\n<\/li>\n<li data-start=\"820\" data-end=\"871\">\n<p data-start=\"823\" data-end=\"871\">Fest teipen p\u00e5 joystickbunnen.<\/p>\n<\/li>\n<li data-start=\"872\" data-end=\"918\">\n<p data-start=\"875\" data-end=\"918\">Fjern beskyttelsesfilmen fra teipen.<\/p>\n<\/li>\n<li data-start=\"919\" data-end=\"955\">\n<p data-start=\"922\" data-end=\"955\">Juster den over startknappen.<\/p>\n<\/li>\n<li data-start=\"956\" data-end=\"982\">\n<p data-start=\"959\" data-end=\"982\">Trykk godt for \u00e5 feste.<\/p>\n<\/li>\n<\/ol>\n<h2 style=\"text-align: center\" data-start=\"984\" data-end=\"1003\"><strong>Produktdetaljer \ud83d\udccf<\/strong><\/h2>\n<ul data-start=\"1004\" data-end=\"1252\">\n<li data-start=\"1058\" data-end=\"1099\">\n<p data-start=\"1060\" data-end=\"1099\">Materiale: Plast \/ sinklegering<\/p>\n<\/li>\n<li data-start=\"1100\" data-end=\"1117\">\n<p data-start=\"1102\" data-end=\"1117\">Lengde: 73 mm<\/p>\n<\/li>\n<li data-start=\"1118\" data-end=\"1138\">\n<p data-start=\"1120\" data-end=\"1138\">Tykkelse: 55 mm<\/p>\n<\/li>\n<li data-start=\"1139\" data-end=\"1165\">\n<p data-start=\"1141\" data-end=\"1165\">Bunndiameter: 41 mm<\/p>\n<\/li>\n<li data-start=\"1166\" data-end=\"1190\">\n<p data-start=\"1168\" data-end=\"1190\">Vekt: Ca. 77 g<\/p>\n<\/li>\n<li data-start=\"1213\" data-end=\"1252\">\n<p data-start=\"1215\" data-end=\"1252\">Kompatibilitet: Passer til de fleste bilmodeller<\/p>\n<\/li>\n<\/ul>\n<h2 style=\"text-align: center\" data-start=\"1254\" data-end=\"1274\"><strong>Pakken Inneholder \ud83d\udce6<\/strong><\/h2>\n<ul data-start=\"1275\" data-end=\"1318\" data-is-last-node=\"\" data-is-only-node=\"\">\n<li data-start=\"1275\" data-end=\"1318\" data-is-last-node=\"\">\n<p data-start=\"1277\" data-end=\"1318\" data-is-last-node=\"\">4x joysticks for startknapp for bilmotor.<\/p>\n<\/li>\n<\/ul>\n","protected":false},"excerpt":{"rendered":"<p>\ud83d\udd79\ufe0fThis joystick for startknapp gir stil og personlighet til bilinteri\u00f8ret uten \u00e5 endre hvordan motoren starter.<br \/>\n\ud83d\udd34Den sitter godt fast over den originale startknappen og fungerer problemfritt hver gang.<br \/>\n\ud83d\ude99Denne enkle oppgraderingen gj\u00f8r at det f\u00f8les mer spennende og unikt \u00e5 starte bilen.<\/p>\n","protected":false},"featured_media":21591,"comment_status":"open","ping_status":"closed","template":"","meta":{"site-sidebar-layout":"default","site-content-layout":"","ast-site-content-layout":"default","site-content-style":"default","site-sidebar-style":"default","ast-global-header-display":"","ast-banner-title-visibility":"","ast-main-header-display":"","ast-hfb-above-header-display":"","ast-hfb-below-header-display":"","ast-hfb-mobile-header-display":"","site-post-title":"","ast-breadcrumbs-content":"","ast-featured-img":"","footer-sml-layout":"","theme-transparent-header-meta":"default","adv-header-id-meta":"","stick-header-meta":"","header-above-stick-meta":"","header-main-stick-meta":"","header-below-stick-meta":"","astra-migrate-meta-layouts":"set","ast-page-background-enabled":"default","ast-page-background-meta":{"desktop":{"background-color":"var(--ast-global-color-5)","background-image":"","background-repeat":"repeat","background-position":"center center","background-size":"auto","background-attachment":"scroll","background-type":"","background-media":"","overlay-type":"","overlay-color":"","overlay-opacity":"","overlay-gradient":""},"tablet":{"background-color":"","background-image":"","background-repeat":"repeat","background-position":"center center","background-size":"auto","background-attachment":"scroll","background-type":"","background-media":"","overlay-type":"","overlay-color":"","overlay-opacity":"","overlay-gradient":""},"mobile":{"background-color":"","background-image":"","background-repeat":"repeat","background-position":"center center","background-size":"auto","background-attachment":"scroll","background-type":"","background-media":"","overlay-type":"","overlay-color":"","overlay-opacity":"","overlay-gradient":""}},"ast-content-background-meta":{"desktop":{"background-color":"var(--ast-global-color-4)","background-image":"","background-repeat":"repeat","background-position":"center center","background-size":"auto","background-attachment":"scroll","background-type":"","background-media":"","overlay-type":"","overlay-color":"","overlay-opacity":"","overlay-gradient":""},"tablet":{"background-color":"var(--ast-global-color-4)","background-image":"","background-repeat":"repeat","background-position":"center center","background-size":"auto","background-attachment":"scroll","background-type":"","background-media":"","overlay-type":"","overlay-color":"","overlay-opacity":"","overlay-gradient":""},"mobile":{"background-color":"var(--ast-global-color-4)","background-image":"","background-repeat":"repeat","background-position":"center center","background-size":"auto","background-attachment":"scroll","background-type":"","background-media":"","overlay-type":"","overlay-color":"","overlay-opacity":"","overlay-gradient":""}}},"product_brand":[],"product_cat":[161],"product_tag":[],"class_list":{"0":"post-21595","1":"product","2":"type-product","3":"status-publish","4":"has-post-thumbnail","6":"product_cat-bilprodukter","7":"pa_54275_cgyu89h4-bla","8":"pa_54275_cgyu89h4-bland","9":"pa_54275_cgyu89h4-rod","10":"desktop-align-left","11":"tablet-align-left","12":"mobile-align-left","14":"first","15":"instock","16":"shipping-taxable","17":"purchasable","18":"product-type-variable"},"yoast_head":"<!-- This site is optimized with the Yoast SEO plugin v26.6 - https:\/\/yoast.com\/wordpress\/plugins\/seo\/ -->\n<title>Joystick for startknapp for bilmotor (4 stk) - Mekulo NO<\/title>\n<meta name=\"robots\" content=\"index, follow, max-snippet:-1, max-image-preview:large, max-video-preview:-1\" \/>\n<link rel=\"canonical\" href=\"https:\/\/mekulo.com\/no\/produkt\/joystick-for-startknapp-for-bilmotor-4-stk\/\" \/>\n<meta property=\"og:locale\" content=\"nb_NO\" \/>\n<meta property=\"og:type\" content=\"article\" \/>\n<meta property=\"og:title\" content=\"Joystick for startknapp for bilmotor (4 stk) - Mekulo NO\" \/>\n<meta property=\"og:description\" content=\"\ud83d\udd79\ufe0fThis joystick for startknapp gir stil og personlighet til bilinteri\u00f8ret uten \u00e5 endre hvordan motoren starter. \ud83d\udd34Den sitter godt fast over den originale startknappen og fungerer problemfritt hver gang. \ud83d\ude99Denne enkle oppgraderingen gj\u00f8r at det f\u00f8les mer spennende og unikt \u00e5 starte bilen.\" \/>\n<meta property=\"og:url\" content=\"https:\/\/mekulo.com\/no\/produkt\/joystick-for-startknapp-for-bilmotor-4-stk\/\" \/>\n<meta property=\"og:site_name\" content=\"Mekulo NO\" \/>\n<meta property=\"article:modified_time\" content=\"2026-02-10T09:08:30+00:00\" \/>\n<meta property=\"og:image\" content=\"https:\/\/mekulo.com\/no\/wp-content\/uploads\/sites\/10\/2026\/02\/32befbc-1.jpg\" \/>\n\t<meta property=\"og:image:width\" content=\"1080\" \/>\n\t<meta property=\"og:image:height\" content=\"1080\" \/>\n\t<meta property=\"og:image:type\" content=\"image\/jpeg\" \/>\n<meta name=\"twitter:card\" content=\"summary_large_image\" \/>\n<meta name=\"twitter:label1\" content=\"Ansl. lesetid\" \/>\n\t<meta name=\"twitter:data1\" content=\"2 minutter\" \/>\n<script type=\"application\/ld+json\" class=\"yoast-schema-graph\">{\"@context\":\"https:\/\/schema.org\",\"@graph\":[{\"@type\":\"WebPage\",\"@id\":\"https:\/\/mekulo.com\/no\/produkt\/joystick-for-startknapp-for-bilmotor-4-stk\/\",\"url\":\"https:\/\/mekulo.com\/no\/produkt\/joystick-for-startknapp-for-bilmotor-4-stk\/\",\"name\":\"Joystick for startknapp for bilmotor (4 stk) - Mekulo NO\",\"isPartOf\":{\"@id\":\"https:\/\/mekulo.com\/no\/#website\"},\"primaryImageOfPage\":{\"@id\":\"https:\/\/mekulo.com\/no\/produkt\/joystick-for-startknapp-for-bilmotor-4-stk\/#primaryimage\"},\"image\":{\"@id\":\"https:\/\/mekulo.com\/no\/produkt\/joystick-for-startknapp-for-bilmotor-4-stk\/#primaryimage\"},\"thumbnailUrl\":\"https:\/\/mekulo.com\/no\/wp-content\/uploads\/sites\/10\/2026\/02\/32befbc-1.jpg\",\"datePublished\":\"2026-02-04T17:57:24+00:00\",\"dateModified\":\"2026-02-10T09:08:30+00:00\",\"breadcrumb\":{\"@id\":\"https:\/\/mekulo.com\/no\/produkt\/joystick-for-startknapp-for-bilmotor-4-stk\/#breadcrumb\"},\"inLanguage\":\"nb-NO\",\"potentialAction\":[{\"@type\":\"ReadAction\",\"target\":[\"https:\/\/mekulo.com\/no\/produkt\/joystick-for-startknapp-for-bilmotor-4-stk\/\"]}]},{\"@type\":\"ImageObject\",\"inLanguage\":\"nb-NO\",\"@id\":\"https:\/\/mekulo.com\/no\/produkt\/joystick-for-startknapp-for-bilmotor-4-stk\/#primaryimage\",\"url\":\"https:\/\/mekulo.com\/no\/wp-content\/uploads\/sites\/10\/2026\/02\/32befbc-1.jpg\",\"contentUrl\":\"https:\/\/mekulo.com\/no\/wp-content\/uploads\/sites\/10\/2026\/02\/32befbc-1.jpg\",\"width\":1080,\"height\":1080},{\"@type\":\"BreadcrumbList\",\"@id\":\"https:\/\/mekulo.com\/no\/produkt\/joystick-for-startknapp-for-bilmotor-4-stk\/#breadcrumb\",\"itemListElement\":[{\"@type\":\"ListItem\",\"position\":1,\"name\":\"Home\",\"item\":\"https:\/\/mekulo.com\/no\/\"},{\"@type\":\"ListItem\",\"position\":2,\"name\":\"Butikk\",\"item\":\"https:\/\/mekulo.com\/no\/butikk\/\"},{\"@type\":\"ListItem\",\"position\":3,\"name\":\"Joystick for startknapp for bilmotor (4 stk)\"}]},{\"@type\":\"WebSite\",\"@id\":\"https:\/\/mekulo.com\/no\/#website\",\"url\":\"https:\/\/mekulo.com\/no\/\",\"name\":\"Mekulo NO\",\"description\":\"\",\"publisher\":{\"@id\":\"https:\/\/mekulo.com\/no\/#organization\"},\"potentialAction\":[{\"@type\":\"SearchAction\",\"target\":{\"@type\":\"EntryPoint\",\"urlTemplate\":\"https:\/\/mekulo.com\/no\/?s={search_term_string}\"},\"query-input\":{\"@type\":\"PropertyValueSpecification\",\"valueRequired\":true,\"valueName\":\"search_term_string\"}}],\"inLanguage\":\"nb-NO\"},{\"@type\":\"Organization\",\"@id\":\"https:\/\/mekulo.com\/no\/#organization\",\"name\":\"Mekulo\",\"url\":\"https:\/\/mekulo.com\/no\/\",\"logo\":{\"@type\":\"ImageObject\",\"inLanguage\":\"nb-NO\",\"@id\":\"https:\/\/mekulo.com\/no\/#\/schema\/logo\/image\/\",\"url\":\"https:\/\/mekulo.com\/no\/wp-content\/uploads\/sites\/10\/2025\/12\/favicon_mekulo.png\",\"contentUrl\":\"https:\/\/mekulo.com\/no\/wp-content\/uploads\/sites\/10\/2025\/12\/favicon_mekulo.png\",\"width\":50,\"height\":50,\"caption\":\"Mekulo\"},\"image\":{\"@id\":\"https:\/\/mekulo.com\/no\/#\/schema\/logo\/image\/\"}}]}<\/script>\n<!-- \/ Yoast SEO plugin. -->","yoast_head_json":{"title":"Joystick for startknapp for bilmotor (4 stk) - Mekulo NO","robots":{"index":"index","follow":"follow","max-snippet":"max-snippet:-1","max-image-preview":"max-image-preview:large","max-video-preview":"max-video-preview:-1"},"canonical":"https:\/\/mekulo.com\/no\/produkt\/joystick-for-startknapp-for-bilmotor-4-stk\/","og_locale":"nb_NO","og_type":"article","og_title":"Joystick for startknapp for bilmotor (4 stk) - Mekulo NO","og_description":"\ud83d\udd79\ufe0fThis joystick for startknapp gir stil og personlighet til bilinteri\u00f8ret uten \u00e5 endre hvordan motoren starter. \ud83d\udd34Den sitter godt fast over den originale startknappen og fungerer problemfritt hver gang. \ud83d\ude99Denne enkle oppgraderingen gj\u00f8r at det f\u00f8les mer spennende og unikt \u00e5 starte bilen.","og_url":"https:\/\/mekulo.com\/no\/produkt\/joystick-for-startknapp-for-bilmotor-4-stk\/","og_site_name":"Mekulo NO","article_modified_time":"2026-02-10T09:08:30+00:00","og_image":[{"width":1080,"height":1080,"url":"https:\/\/mekulo.com\/no\/wp-content\/uploads\/sites\/10\/2026\/02\/32befbc-1.jpg","type":"image\/jpeg"}],"twitter_card":"summary_large_image","twitter_misc":{"Ansl. lesetid":"2 minutter"},"schema":{"@context":"https:\/\/schema.org","@graph":[{"@type":"WebPage","@id":"https:\/\/mekulo.com\/no\/produkt\/joystick-for-startknapp-for-bilmotor-4-stk\/","url":"https:\/\/mekulo.com\/no\/produkt\/joystick-for-startknapp-for-bilmotor-4-stk\/","name":"Joystick for startknapp for bilmotor (4 stk) - Mekulo NO","isPartOf":{"@id":"https:\/\/mekulo.com\/no\/#website"},"primaryImageOfPage":{"@id":"https:\/\/mekulo.com\/no\/produkt\/joystick-for-startknapp-for-bilmotor-4-stk\/#primaryimage"},"image":{"@id":"https:\/\/mekulo.com\/no\/produkt\/joystick-for-startknapp-for-bilmotor-4-stk\/#primaryimage"},"thumbnailUrl":"https:\/\/mekulo.com\/no\/wp-content\/uploads\/sites\/10\/2026\/02\/32befbc-1.jpg","datePublished":"2026-02-04T17:57:24+00:00","dateModified":"2026-02-10T09:08:30+00:00","breadcrumb":{"@id":"https:\/\/mekulo.com\/no\/produkt\/joystick-for-startknapp-for-bilmotor-4-stk\/#breadcrumb"},"inLanguage":"nb-NO","potentialAction":[{"@type":"ReadAction","target":["https:\/\/mekulo.com\/no\/produkt\/joystick-for-startknapp-for-bilmotor-4-stk\/"]}]},{"@type":"ImageObject","inLanguage":"nb-NO","@id":"https:\/\/mekulo.com\/no\/produkt\/joystick-for-startknapp-for-bilmotor-4-stk\/#primaryimage","url":"https:\/\/mekulo.com\/no\/wp-content\/uploads\/sites\/10\/2026\/02\/32befbc-1.jpg","contentUrl":"https:\/\/mekulo.com\/no\/wp-content\/uploads\/sites\/10\/2026\/02\/32befbc-1.jpg","width":1080,"height":1080},{"@type":"BreadcrumbList","@id":"https:\/\/mekulo.com\/no\/produkt\/joystick-for-startknapp-for-bilmotor-4-stk\/#breadcrumb","itemListElement":[{"@type":"ListItem","position":1,"name":"Home","item":"https:\/\/mekulo.com\/no\/"},{"@type":"ListItem","position":2,"name":"Butikk","item":"https:\/\/mekulo.com\/no\/butikk\/"},{"@type":"ListItem","position":3,"name":"Joystick for startknapp for bilmotor (4 stk)"}]},{"@type":"WebSite","@id":"https:\/\/mekulo.com\/no\/#website","url":"https:\/\/mekulo.com\/no\/","name":"Mekulo NO","description":"","publisher":{"@id":"https:\/\/mekulo.com\/no\/#organization"},"potentialAction":[{"@type":"SearchAction","target":{"@type":"EntryPoint","urlTemplate":"https:\/\/mekulo.com\/no\/?s={search_term_string}"},"query-input":{"@type":"PropertyValueSpecification","valueRequired":true,"valueName":"search_term_string"}}],"inLanguage":"nb-NO"},{"@type":"Organization","@id":"https:\/\/mekulo.com\/no\/#organization","name":"Mekulo","url":"https:\/\/mekulo.com\/no\/","logo":{"@type":"ImageObject","inLanguage":"nb-NO","@id":"https:\/\/mekulo.com\/no\/#\/schema\/logo\/image\/","url":"https:\/\/mekulo.com\/no\/wp-content\/uploads\/sites\/10\/2025\/12\/favicon_mekulo.png","contentUrl":"https:\/\/mekulo.com\/no\/wp-content\/uploads\/sites\/10\/2025\/12\/favicon_mekulo.png","width":50,"height":50,"caption":"Mekulo"},"image":{"@id":"https:\/\/mekulo.com\/no\/#\/schema\/logo\/image\/"}}]}},"_links":{"self":[{"href":"https:\/\/mekulo.com\/no\/wp-json\/wp\/v2\/product\/21595","targetHints":{"allow":["GET"]}}],"collection":[{"href":"https:\/\/mekulo.com\/no\/wp-json\/wp\/v2\/product"}],"about":[{"href":"https:\/\/mekulo.com\/no\/wp-json\/wp\/v2\/types\/product"}],"replies":[{"embeddable":true,"href":"https:\/\/mekulo.com\/no\/wp-json\/wp\/v2\/comments?post=21595"}],"wp:featuredmedia":[{"embeddable":true,"href":"https:\/\/mekulo.com\/no\/wp-json\/wp\/v2\/media\/21591"}],"wp:attachment":[{"href":"https:\/\/mekulo.com\/no\/wp-json\/wp\/v2\/media?parent=21595"}],"wp:term":[{"taxonomy":"product_brand","embeddable":true,"href":"https:\/\/mekulo.com\/no\/wp-json\/wp\/v2\/product_brand?post=21595"},{"taxonomy":"product_cat","embeddable":true,"href":"https:\/\/mekulo.com\/no\/wp-json\/wp\/v2\/product_cat?post=21595"},{"taxonomy":"product_tag","embeddable":true,"href":"https:\/\/mekulo.com\/no\/wp-json\/wp\/v2\/product_tag?post=21595"}],"curies":[{"name":"wp","href":"https:\/\/api.w.org\/{rel}","templated":true}]}}