{"id":21566,"date":"2026-02-04T19:55:34","date_gmt":"2026-02-04T17:55:34","guid":{"rendered":"https:\/\/mekulo.com\/no\/produkt\/oyeblikkelig-bordtennisnett\/"},"modified":"2026-02-04T19:56:00","modified_gmt":"2026-02-04T17:56:00","slug":"oyeblikkelig-bordtennisnett","status":"publish","type":"product","link":"https:\/\/mekulo.com\/no\/produkt\/oyeblikkelig-bordtennisnett\/","title":{"rendered":"\u00d8yeblikkelig bordtennisnett"},"content":{"rendered":"<p style=\"text-align: center\" data-start=\"0\" data-end=\"53\"><strong data-start=\"0\" data-end=\"53\">Gj\u00f8r hvilket som helst bord om til et bordtennisbord p\u00e5 f\u00e5 sekunder. \ud83c\udfbe<\/strong><\/p>\n<p data-start=\"0\" data-end=\"53\"><img fetchpriority=\"high\" decoding=\"async\" class=\"size-full wp-image-23349 aligncenter\" src=\"https:\/\/mekulo.com\/template\/wp-content\/uploads\/sites\/6\/2026\/02\/83704579ac58ad4ff57c2ca0cc3a9a1abba33c11.jpg\" alt=\"\" width=\"1080\" height=\"1013\" \/><\/p>\n<h2 style=\"text-align: center\" data-start=\"346\" data-end=\"363\"><strong>Hovedfordeler \ud83c\udfd3<\/strong><\/h2>\n<p data-start=\"366\" data-end=\"429\">\ud83c\udfd3 \u00d8yeblikkelig oppsett &#8211; Forvandler ethvert bord til et bordtennisbord.<\/p>\n<p data-start=\"432\" data-end=\"493\">\ud83d\udd04 Uttrekkbart nett &#8211; Enkelt \u00e5 feste, justere og fjerne.<\/p>\n<p data-start=\"496\" data-end=\"552\">\ud83d\udcaa Slitesterke materialer &#8211; Bygget for langvarig spill.<\/p>\n<p data-start=\"555\" data-end=\"608\">\ud83c\udf92 Kompakt og b\u00e6rbar &#8211; Enkel \u00e5 b\u00e6re og oppbevare.<\/p>\n<p data-start=\"611\" data-end=\"680\">\ud83d\udc68\u200d\ud83d\udc69\u200d\ud83d\udc67\u200d\ud83d\udc66 Familievennlig &#8211; Morsomt for alle aldre og ferdighetsniv\u00e5er.<\/p>\n<p data-start=\"683\" data-end=\"744\">\ud83c\udf81 Flott gaveid\u00e9 &#8211; Perfekt for sports- og spillelskere.<\/p>\n<p data-start=\"683\" data-end=\"744\"><img decoding=\"async\" class=\"size-full wp-image-23351 aligncenter\" src=\"https:\/\/mekulo.com\/template\/wp-content\/uploads\/sites\/6\/2026\/02\/d48dda820de79d755f51e4caa47242c74e417289-700.jpg\" alt=\"\" width=\"1080\" height=\"1080\" \/><\/p>\n<h2 style=\"text-align: center\" data-start=\"746\" data-end=\"760\"><strong>Hvordan Du Bruker \ud83d\udccc<\/strong><\/h2>\n<ol data-start=\"761\" data-end=\"942\">\n<li data-start=\"761\" data-end=\"795\">\n<p data-start=\"764\" data-end=\"795\">Trekk ut det uttrekkbare nettet.<\/p>\n<\/li>\n<li data-start=\"796\" data-end=\"834\">\n<p data-start=\"799\" data-end=\"834\">Fest hver side p\u00e5 en bordkant.<\/p>\n<\/li>\n<li data-start=\"835\" data-end=\"878\">\n<p data-start=\"838\" data-end=\"878\">Juster nettbredden slik at den passer til bordet.<\/p>\n<\/li>\n<li data-start=\"879\" data-end=\"910\">\n<p data-start=\"882\" data-end=\"910\">Begynn \u00e5 spille umiddelbart.<\/p>\n<\/li>\n<li data-start=\"911\" data-end=\"942\">\n<p data-start=\"914\" data-end=\"942\">Trekk inn og oppbevar etter bruk.<\/p>\n<\/li>\n<\/ol>\n<h2 style=\"text-align: center\" data-start=\"944\" data-end=\"963\"><strong>Produktdetaljer \ud83d\udccf<\/strong><\/h2>\n<ul data-start=\"964\" data-end=\"1162\">\n<li data-start=\"1015\" data-end=\"1059\">\n<p data-start=\"1017\" data-end=\"1059\">Installasjon: Klipses p\u00e5, ingen verkt\u00f8y kreves<\/p>\n<\/li>\n<li data-start=\"1060\" data-end=\"1094\">\n<p data-start=\"1062\" data-end=\"1094\">Bruk: Innend\u00f8rs og utend\u00f8rs bord<\/p>\n<\/li>\n<li data-start=\"1095\" data-end=\"1127\">\n<p data-start=\"1097\" data-end=\"1127\">Design: Kompakt og b\u00e6rbar<\/p>\n<\/li>\n<li data-start=\"1128\" data-end=\"1162\">\n<p data-start=\"1130\" data-end=\"1162\">Spillere: Passer for alle aldre<\/p>\n<\/li>\n<li data-start=\"1128\" data-end=\"1162\">St\u00f8rrelser: Lukket: 19 x 12 x 14 cm, Strech opp til 174 cm<\/li>\n<\/ul>\n<h2 style=\"text-align: center\" data-start=\"1164\" data-end=\"1184\"><strong>Pakken Inkluderer \ud83d\udce6<\/strong><\/h2>\n<ul data-start=\"1185\" data-end=\"1237\" data-is-last-node=\"\" data-is-only-node=\"\">\n<li data-start=\"1185\" data-end=\"1221\">\n<p data-start=\"1187\" data-end=\"1221\">1, 2x uttrekkbart bordtennisnett.<\/p>\n<\/li>\n<\/ul>\n","protected":false},"excerpt":{"rendered":"<p>\ud83c\udfd3Med dette bordtennisnettet kan du spille bordtennis n\u00e5r som helst og hvor som helst uten permanent oppsett.<br \/>\n\ud83c\udfe0Den uttrekkbare designen festes raskt p\u00e5 de fleste bord, noe som gj\u00f8r det perfekt for hjemmebruk, reiser, fester eller utend\u00f8rs moro.<br \/>\n\ud83e\uddd2Dette nettet gir deg rask, aktiv spilling uansett hvor du er uten problemer.<\/p>\n","protected":false},"featured_media":21562,"comment_status":"open","ping_status":"closed","template":"","meta":{"site-sidebar-layout":"default","site-content-layout":"","ast-site-content-layout":"default","site-content-style":"default","site-sidebar-style":"default","ast-global-header-display":"","ast-banner-title-visibility":"","ast-main-header-display":"","ast-hfb-above-header-display":"","ast-hfb-below-header-display":"","ast-hfb-mobile-header-display":"","site-post-title":"","ast-breadcrumbs-content":"","ast-featured-img":"","footer-sml-layout":"","theme-transparent-header-meta":"default","adv-header-id-meta":"","stick-header-meta":"","header-above-stick-meta":"","header-main-stick-meta":"","header-below-stick-meta":"","astra-migrate-meta-layouts":"set","ast-page-background-enabled":"default","ast-page-background-meta":{"desktop":{"background-color":"var(--ast-global-color-5)","background-image":"","background-repeat":"repeat","background-position":"center center","background-size":"auto","background-attachment":"scroll","background-type":"","background-media":"","overlay-type":"","overlay-color":"","overlay-opacity":"","overlay-gradient":""},"tablet":{"background-color":"","background-image":"","background-repeat":"repeat","background-position":"center center","background-size":"auto","background-attachment":"scroll","background-type":"","background-media":"","overlay-type":"","overlay-color":"","overlay-opacity":"","overlay-gradient":""},"mobile":{"background-color":"","background-image":"","background-repeat":"repeat","background-position":"center center","background-size":"auto","background-attachment":"scroll","background-type":"","background-media":"","overlay-type":"","overlay-color":"","overlay-opacity":"","overlay-gradient":""}},"ast-content-background-meta":{"desktop":{"background-color":"var(--ast-global-color-4)","background-image":"","background-repeat":"repeat","background-position":"center center","background-size":"auto","background-attachment":"scroll","background-type":"","background-media":"","overlay-type":"","overlay-color":"","overlay-opacity":"","overlay-gradient":""},"tablet":{"background-color":"var(--ast-global-color-4)","background-image":"","background-repeat":"repeat","background-position":"center center","background-size":"auto","background-attachment":"scroll","background-type":"","background-media":"","overlay-type":"","overlay-color":"","overlay-opacity":"","overlay-gradient":""},"mobile":{"background-color":"var(--ast-global-color-4)","background-image":"","background-repeat":"repeat","background-position":"center center","background-size":"auto","background-attachment":"scroll","background-type":"","background-media":"","overlay-type":"","overlay-color":"","overlay-opacity":"","overlay-gradient":""}}},"product_brand":[],"product_cat":[167,172],"product_tag":[],"class_list":{"0":"post-21566","1":"product","2":"type-product","3":"status-publish","4":"has-post-thumbnail","6":"product_cat-fotturer-camping-og-fritidsartikler","7":"product_cat-leker-barne-og-babyprodukter","8":"pa_54274_kez4wb2x-bla","9":"pa_54274_kez4wb2x-gra","10":"pa_54274_kez4wb2x-oransje","11":"pa_54274_kez4wb2x-svart","12":"pa_54274_xj3s88en-1-stk","13":"pa_54274_xj3s88en-2-stk","14":"desktop-align-left","15":"tablet-align-left","16":"mobile-align-left","18":"first","19":"instock","20":"shipping-taxable","21":"purchasable","22":"product-type-variable","23":"has-default-attributes"},"yoast_head":"<!-- This site is optimized with the Yoast SEO plugin v26.6 - https:\/\/yoast.com\/wordpress\/plugins\/seo\/ -->\n<title>\u00d8yeblikkelig bordtennisnett - Mekulo NO<\/title>\n<meta name=\"robots\" content=\"index, follow, max-snippet:-1, max-image-preview:large, max-video-preview:-1\" \/>\n<link rel=\"canonical\" href=\"https:\/\/mekulo.com\/no\/produkt\/oyeblikkelig-bordtennisnett\/\" \/>\n<meta property=\"og:locale\" content=\"nb_NO\" \/>\n<meta property=\"og:type\" content=\"article\" \/>\n<meta property=\"og:title\" content=\"\u00d8yeblikkelig bordtennisnett - Mekulo NO\" \/>\n<meta property=\"og:description\" content=\"\ud83c\udfd3Med dette bordtennisnettet kan du spille bordtennis n\u00e5r som helst og hvor som helst uten permanent oppsett. \ud83c\udfe0Den uttrekkbare designen festes raskt p\u00e5 de fleste bord, noe som gj\u00f8r det perfekt for hjemmebruk, reiser, fester eller utend\u00f8rs moro. \ud83e\uddd2Dette nettet gir deg rask, aktiv spilling uansett hvor du er uten problemer.\" \/>\n<meta property=\"og:url\" content=\"https:\/\/mekulo.com\/no\/produkt\/oyeblikkelig-bordtennisnett\/\" \/>\n<meta property=\"og:site_name\" content=\"Mekulo NO\" \/>\n<meta property=\"article:modified_time\" content=\"2026-02-04T17:56:00+00:00\" \/>\n<meta property=\"og:image\" content=\"https:\/\/mekulo.com\/no\/wp-content\/uploads\/sites\/10\/2026\/02\/ehhxspi-1.jpg\" \/>\n\t<meta property=\"og:image:width\" content=\"800\" \/>\n\t<meta property=\"og:image:height\" content=\"800\" \/>\n\t<meta property=\"og:image:type\" content=\"image\/jpeg\" \/>\n<meta name=\"twitter:card\" content=\"summary_large_image\" \/>\n<meta name=\"twitter:label1\" content=\"Ansl. lesetid\" \/>\n\t<meta name=\"twitter:data1\" content=\"2 minutter\" \/>\n<script type=\"application\/ld+json\" class=\"yoast-schema-graph\">{\"@context\":\"https:\/\/schema.org\",\"@graph\":[{\"@type\":\"WebPage\",\"@id\":\"https:\/\/mekulo.com\/no\/produkt\/oyeblikkelig-bordtennisnett\/\",\"url\":\"https:\/\/mekulo.com\/no\/produkt\/oyeblikkelig-bordtennisnett\/\",\"name\":\"\u00d8yeblikkelig bordtennisnett - Mekulo NO\",\"isPartOf\":{\"@id\":\"https:\/\/mekulo.com\/no\/#website\"},\"primaryImageOfPage\":{\"@id\":\"https:\/\/mekulo.com\/no\/produkt\/oyeblikkelig-bordtennisnett\/#primaryimage\"},\"image\":{\"@id\":\"https:\/\/mekulo.com\/no\/produkt\/oyeblikkelig-bordtennisnett\/#primaryimage\"},\"thumbnailUrl\":\"https:\/\/mekulo.com\/no\/wp-content\/uploads\/sites\/10\/2026\/02\/ehhxspi-1.jpg\",\"datePublished\":\"2026-02-04T17:55:34+00:00\",\"dateModified\":\"2026-02-04T17:56:00+00:00\",\"breadcrumb\":{\"@id\":\"https:\/\/mekulo.com\/no\/produkt\/oyeblikkelig-bordtennisnett\/#breadcrumb\"},\"inLanguage\":\"nb-NO\",\"potentialAction\":[{\"@type\":\"ReadAction\",\"target\":[\"https:\/\/mekulo.com\/no\/produkt\/oyeblikkelig-bordtennisnett\/\"]}]},{\"@type\":\"ImageObject\",\"inLanguage\":\"nb-NO\",\"@id\":\"https:\/\/mekulo.com\/no\/produkt\/oyeblikkelig-bordtennisnett\/#primaryimage\",\"url\":\"https:\/\/mekulo.com\/no\/wp-content\/uploads\/sites\/10\/2026\/02\/ehhxspi-1.jpg\",\"contentUrl\":\"https:\/\/mekulo.com\/no\/wp-content\/uploads\/sites\/10\/2026\/02\/ehhxspi-1.jpg\",\"width\":800,\"height\":800},{\"@type\":\"BreadcrumbList\",\"@id\":\"https:\/\/mekulo.com\/no\/produkt\/oyeblikkelig-bordtennisnett\/#breadcrumb\",\"itemListElement\":[{\"@type\":\"ListItem\",\"position\":1,\"name\":\"Home\",\"item\":\"https:\/\/mekulo.com\/no\/\"},{\"@type\":\"ListItem\",\"position\":2,\"name\":\"Butikk\",\"item\":\"https:\/\/mekulo.com\/no\/butikk\/\"},{\"@type\":\"ListItem\",\"position\":3,\"name\":\"\u00d8yeblikkelig bordtennisnett\"}]},{\"@type\":\"WebSite\",\"@id\":\"https:\/\/mekulo.com\/no\/#website\",\"url\":\"https:\/\/mekulo.com\/no\/\",\"name\":\"Mekulo NO\",\"description\":\"\",\"publisher\":{\"@id\":\"https:\/\/mekulo.com\/no\/#organization\"},\"potentialAction\":[{\"@type\":\"SearchAction\",\"target\":{\"@type\":\"EntryPoint\",\"urlTemplate\":\"https:\/\/mekulo.com\/no\/?s={search_term_string}\"},\"query-input\":{\"@type\":\"PropertyValueSpecification\",\"valueRequired\":true,\"valueName\":\"search_term_string\"}}],\"inLanguage\":\"nb-NO\"},{\"@type\":\"Organization\",\"@id\":\"https:\/\/mekulo.com\/no\/#organization\",\"name\":\"Mekulo\",\"url\":\"https:\/\/mekulo.com\/no\/\",\"logo\":{\"@type\":\"ImageObject\",\"inLanguage\":\"nb-NO\",\"@id\":\"https:\/\/mekulo.com\/no\/#\/schema\/logo\/image\/\",\"url\":\"https:\/\/mekulo.com\/no\/wp-content\/uploads\/sites\/10\/2025\/12\/favicon_mekulo.png\",\"contentUrl\":\"https:\/\/mekulo.com\/no\/wp-content\/uploads\/sites\/10\/2025\/12\/favicon_mekulo.png\",\"width\":50,\"height\":50,\"caption\":\"Mekulo\"},\"image\":{\"@id\":\"https:\/\/mekulo.com\/no\/#\/schema\/logo\/image\/\"}}]}<\/script>\n<!-- \/ Yoast SEO plugin. -->","yoast_head_json":{"title":"\u00d8yeblikkelig bordtennisnett - Mekulo NO","robots":{"index":"index","follow":"follow","max-snippet":"max-snippet:-1","max-image-preview":"max-image-preview:large","max-video-preview":"max-video-preview:-1"},"canonical":"https:\/\/mekulo.com\/no\/produkt\/oyeblikkelig-bordtennisnett\/","og_locale":"nb_NO","og_type":"article","og_title":"\u00d8yeblikkelig bordtennisnett - Mekulo NO","og_description":"\ud83c\udfd3Med dette bordtennisnettet kan du spille bordtennis n\u00e5r som helst og hvor som helst uten permanent oppsett. \ud83c\udfe0Den uttrekkbare designen festes raskt p\u00e5 de fleste bord, noe som gj\u00f8r det perfekt for hjemmebruk, reiser, fester eller utend\u00f8rs moro. \ud83e\uddd2Dette nettet gir deg rask, aktiv spilling uansett hvor du er uten problemer.","og_url":"https:\/\/mekulo.com\/no\/produkt\/oyeblikkelig-bordtennisnett\/","og_site_name":"Mekulo NO","article_modified_time":"2026-02-04T17:56:00+00:00","og_image":[{"width":800,"height":800,"url":"https:\/\/mekulo.com\/no\/wp-content\/uploads\/sites\/10\/2026\/02\/ehhxspi-1.jpg","type":"image\/jpeg"}],"twitter_card":"summary_large_image","twitter_misc":{"Ansl. lesetid":"2 minutter"},"schema":{"@context":"https:\/\/schema.org","@graph":[{"@type":"WebPage","@id":"https:\/\/mekulo.com\/no\/produkt\/oyeblikkelig-bordtennisnett\/","url":"https:\/\/mekulo.com\/no\/produkt\/oyeblikkelig-bordtennisnett\/","name":"\u00d8yeblikkelig bordtennisnett - Mekulo NO","isPartOf":{"@id":"https:\/\/mekulo.com\/no\/#website"},"primaryImageOfPage":{"@id":"https:\/\/mekulo.com\/no\/produkt\/oyeblikkelig-bordtennisnett\/#primaryimage"},"image":{"@id":"https:\/\/mekulo.com\/no\/produkt\/oyeblikkelig-bordtennisnett\/#primaryimage"},"thumbnailUrl":"https:\/\/mekulo.com\/no\/wp-content\/uploads\/sites\/10\/2026\/02\/ehhxspi-1.jpg","datePublished":"2026-02-04T17:55:34+00:00","dateModified":"2026-02-04T17:56:00+00:00","breadcrumb":{"@id":"https:\/\/mekulo.com\/no\/produkt\/oyeblikkelig-bordtennisnett\/#breadcrumb"},"inLanguage":"nb-NO","potentialAction":[{"@type":"ReadAction","target":["https:\/\/mekulo.com\/no\/produkt\/oyeblikkelig-bordtennisnett\/"]}]},{"@type":"ImageObject","inLanguage":"nb-NO","@id":"https:\/\/mekulo.com\/no\/produkt\/oyeblikkelig-bordtennisnett\/#primaryimage","url":"https:\/\/mekulo.com\/no\/wp-content\/uploads\/sites\/10\/2026\/02\/ehhxspi-1.jpg","contentUrl":"https:\/\/mekulo.com\/no\/wp-content\/uploads\/sites\/10\/2026\/02\/ehhxspi-1.jpg","width":800,"height":800},{"@type":"BreadcrumbList","@id":"https:\/\/mekulo.com\/no\/produkt\/oyeblikkelig-bordtennisnett\/#breadcrumb","itemListElement":[{"@type":"ListItem","position":1,"name":"Home","item":"https:\/\/mekulo.com\/no\/"},{"@type":"ListItem","position":2,"name":"Butikk","item":"https:\/\/mekulo.com\/no\/butikk\/"},{"@type":"ListItem","position":3,"name":"\u00d8yeblikkelig bordtennisnett"}]},{"@type":"WebSite","@id":"https:\/\/mekulo.com\/no\/#website","url":"https:\/\/mekulo.com\/no\/","name":"Mekulo NO","description":"","publisher":{"@id":"https:\/\/mekulo.com\/no\/#organization"},"potentialAction":[{"@type":"SearchAction","target":{"@type":"EntryPoint","urlTemplate":"https:\/\/mekulo.com\/no\/?s={search_term_string}"},"query-input":{"@type":"PropertyValueSpecification","valueRequired":true,"valueName":"search_term_string"}}],"inLanguage":"nb-NO"},{"@type":"Organization","@id":"https:\/\/mekulo.com\/no\/#organization","name":"Mekulo","url":"https:\/\/mekulo.com\/no\/","logo":{"@type":"ImageObject","inLanguage":"nb-NO","@id":"https:\/\/mekulo.com\/no\/#\/schema\/logo\/image\/","url":"https:\/\/mekulo.com\/no\/wp-content\/uploads\/sites\/10\/2025\/12\/favicon_mekulo.png","contentUrl":"https:\/\/mekulo.com\/no\/wp-content\/uploads\/sites\/10\/2025\/12\/favicon_mekulo.png","width":50,"height":50,"caption":"Mekulo"},"image":{"@id":"https:\/\/mekulo.com\/no\/#\/schema\/logo\/image\/"}}]}},"_links":{"self":[{"href":"https:\/\/mekulo.com\/no\/wp-json\/wp\/v2\/product\/21566","targetHints":{"allow":["GET"]}}],"collection":[{"href":"https:\/\/mekulo.com\/no\/wp-json\/wp\/v2\/product"}],"about":[{"href":"https:\/\/mekulo.com\/no\/wp-json\/wp\/v2\/types\/product"}],"replies":[{"embeddable":true,"href":"https:\/\/mekulo.com\/no\/wp-json\/wp\/v2\/comments?post=21566"}],"wp:featuredmedia":[{"embeddable":true,"href":"https:\/\/mekulo.com\/no\/wp-json\/wp\/v2\/media\/21562"}],"wp:attachment":[{"href":"https:\/\/mekulo.com\/no\/wp-json\/wp\/v2\/media?parent=21566"}],"wp:term":[{"taxonomy":"product_brand","embeddable":true,"href":"https:\/\/mekulo.com\/no\/wp-json\/wp\/v2\/product_brand?post=21566"},{"taxonomy":"product_cat","embeddable":true,"href":"https:\/\/mekulo.com\/no\/wp-json\/wp\/v2\/product_cat?post=21566"},{"taxonomy":"product_tag","embeddable":true,"href":"https:\/\/mekulo.com\/no\/wp-json\/wp\/v2\/product_tag?post=21566"}],"curies":[{"name":"wp","href":"https:\/\/api.w.org\/{rel}","templated":true}]}}