{"id":21503,"date":"2026-02-04T19:50:42","date_gmt":"2026-02-04T17:50:42","guid":{"rendered":"https:\/\/mekulo.com\/no\/produkt\/beskyttelse-av-rammeskinne\/"},"modified":"2026-03-02T12:21:20","modified_gmt":"2026-03-02T10:21:20","slug":"beskyttelse-av-rammeskinne","status":"publish","type":"product","link":"https:\/\/mekulo.com\/no\/produkt\/beskyttelse-av-rammeskinne\/","title":{"rendered":"Beskyttelse av rammeskinne"},"content":{"rendered":"<p style=\"text-align: center\" data-start=\"0\" data-end=\"62\"><strong data-start=\"0\" data-end=\"62\">L\u00f8ft bilen trygt uten \u00e5 skade rammeskinnene. \ud83d\ude99<\/strong><\/p>\n<p data-start=\"0\" data-end=\"62\"><img fetchpriority=\"high\" decoding=\"async\" class=\"size-full wp-image-23294 aligncenter\" src=\"https:\/\/mekulo.com\/template\/wp-content\/uploads\/sites\/6\/2026\/02\/fd2b81ad50ca338414591a68d2d1915df6a5ebac-700.jpg\" alt=\"\" width=\"1080\" height=\"1040\" \/><\/p>\n<h2 style=\"text-align: center\" data-start=\"353\" data-end=\"370\"><strong>Hovedfordeler \ud83d\ude97<\/strong><\/h2>\n<p data-start=\"373\" data-end=\"447\">\ud83e\uddf2 Magnetisk grep &#8211; Holder puten p\u00e5 plass mens du plasserer jekken.<\/p>\n<p data-start=\"450\" data-end=\"513\">\ud83d\ude97 Beskytter klypesveiser &#8211; Forhindrer b\u00f8ying eller deformasjon.<\/p>\n<p data-start=\"516\" data-end=\"572\">\ud83d\udcaa Sterk aluminiumskropp &#8211; Slitesterk og langvarig.<\/p>\n<p data-start=\"575\" data-end=\"638\">\ud83e\uddf5 Nylonsporinnsats &#8211; Ekstra beskyttelse for rammeskinner.<\/p>\n<p data-start=\"641\" data-end=\"695\">\u2699\ufe0f Enkel installasjon &#8211; Ingen skader p\u00e5 kj\u00f8ret\u00f8yet ditt.<\/p>\n<p data-start=\"698\" data-end=\"771\">\ud83d\udd27 Universell passform &#8211; Fungerer med de fleste unibody-kj\u00f8ret\u00f8yer og gulvjekk.<\/p>\n<p data-start=\"698\" data-end=\"771\"><img decoding=\"async\" class=\"size-full wp-image-23299 aligncenter\" src=\"https:\/\/mekulo.com\/template\/wp-content\/uploads\/sites\/6\/2026\/02\/S2cfb1299924440cb8d0a0c166c39a729K.jpg_960x960q75.jpg_.avif\" alt=\"\" width=\"960\" height=\"960\" \/><\/p>\n<h2 style=\"text-align: center\" data-start=\"773\" data-end=\"787\"><strong>Hvordan Du Bruker \ud83d\udccc<\/strong><\/h2>\n<ol data-start=\"788\" data-end=\"1020\">\n<li data-start=\"788\" data-end=\"842\">\n<p data-start=\"791\" data-end=\"842\">Plasser jekkputen p\u00e5 kj\u00f8ret\u00f8yets klemmesveis.<\/p>\n<\/li>\n<li data-start=\"843\" data-end=\"889\">\n<p data-start=\"846\" data-end=\"889\">la magnetene holde puten p\u00e5 plass.<\/p>\n<\/li>\n<li data-start=\"890\" data-end=\"931\">\n<p data-start=\"893\" data-end=\"931\">juster gulvjekk under puten.<\/p>\n<\/li>\n<li data-start=\"932\" data-end=\"974\">\n<p data-start=\"935\" data-end=\"974\">l\u00f8ft kj\u00f8ret\u00f8yet sakte og sikkert.<\/p>\n<\/li>\n<li data-start=\"975\" data-end=\"1020\">\n<p data-start=\"978\" data-end=\"1020\">fjern puten etter \u00e5 ha senket kj\u00f8ret\u00f8yet.<\/p>\n<\/li>\n<\/ol>\n<h2 style=\"text-align: center\" data-start=\"1022\" data-end=\"1041\"><strong>Produktdetaljer \ud83d\udccf<\/strong><\/h2>\n<ul data-start=\"1042\" data-end=\"1324\">\n<li data-start=\"1103\" data-end=\"1143\">\n<p data-start=\"1105\" data-end=\"1143\">Materiale: Aluminium med nyloninnsats<\/p>\n<\/li>\n<li data-start=\"1144\" data-end=\"1181\">\n<p data-start=\"1146\" data-end=\"1181\">Design: Magnetisk jekkpute med spor<\/p>\n<\/li>\n<li data-start=\"1182\" data-end=\"1223\">\n<p data-start=\"1184\" data-end=\"1223\">Sporst\u00f8rrelse: 0,9 cm bredde x 1,5 cm dybde<\/p>\n<\/li>\n<li data-start=\"1224\" data-end=\"1248\">\n<p data-start=\"1226\" data-end=\"1248\">Basediameter: 7,4 cm<\/p>\n<\/li>\n<li data-start=\"1249\" data-end=\"1299\">\n<p data-start=\"1251\" data-end=\"1299\">Passform: De fleste unibody-kj\u00f8ret\u00f8yer og gulvjekk<\/p>\n<\/li>\n<\/ul>\n<h2 style=\"text-align: center\" data-start=\"1326\" data-end=\"1346\"><strong>Pakken Inkluderer<\/strong><\/h2>\n<ul>\n<li>2, 4x rammeskinnebeskyttere.<\/li>\n<\/ul>\n","protected":false},"excerpt":{"rendered":"<p>\ud83d\ude98Denne rammeskinnebeskytteren holder bilens klypesveiser beskyttet mens du l\u00f8fter med en jekk.<br \/>\n\ud83e\uddf2Den magnetiske aluminiumsdesignen holder puten godt p\u00e5 plass og reduserer glidning under l\u00f8fting.<br \/>\n\u2699\ufe0fThis verkt\u00f8yet gir deg et tryggere, mer stabilt jekkpunkt og bidrar til \u00e5 forhindre kostbare skader p\u00e5 rammen.<\/p>\n","protected":false},"featured_media":21499,"comment_status":"open","ping_status":"closed","template":"","meta":{"site-sidebar-layout":"default","site-content-layout":"","ast-site-content-layout":"default","site-content-style":"default","site-sidebar-style":"default","ast-global-header-display":"","ast-banner-title-visibility":"","ast-main-header-display":"","ast-hfb-above-header-display":"","ast-hfb-below-header-display":"","ast-hfb-mobile-header-display":"","site-post-title":"","ast-breadcrumbs-content":"","ast-featured-img":"","footer-sml-layout":"","theme-transparent-header-meta":"default","adv-header-id-meta":"","stick-header-meta":"","header-above-stick-meta":"","header-main-stick-meta":"","header-below-stick-meta":"","astra-migrate-meta-layouts":"set","ast-page-background-enabled":"default","ast-page-background-meta":{"desktop":{"background-color":"var(--ast-global-color-5)","background-image":"","background-repeat":"repeat","background-position":"center center","background-size":"auto","background-attachment":"scroll","background-type":"","background-media":"","overlay-type":"","overlay-color":"","overlay-opacity":"","overlay-gradient":""},"tablet":{"background-color":"","background-image":"","background-repeat":"repeat","background-position":"center center","background-size":"auto","background-attachment":"scroll","background-type":"","background-media":"","overlay-type":"","overlay-color":"","overlay-opacity":"","overlay-gradient":""},"mobile":{"background-color":"","background-image":"","background-repeat":"repeat","background-position":"center center","background-size":"auto","background-attachment":"scroll","background-type":"","background-media":"","overlay-type":"","overlay-color":"","overlay-opacity":"","overlay-gradient":""}},"ast-content-background-meta":{"desktop":{"background-color":"var(--ast-global-color-4)","background-image":"","background-repeat":"repeat","background-position":"center center","background-size":"auto","background-attachment":"scroll","background-type":"","background-media":"","overlay-type":"","overlay-color":"","overlay-opacity":"","overlay-gradient":""},"tablet":{"background-color":"var(--ast-global-color-4)","background-image":"","background-repeat":"repeat","background-position":"center center","background-size":"auto","background-attachment":"scroll","background-type":"","background-media":"","overlay-type":"","overlay-color":"","overlay-opacity":"","overlay-gradient":""},"mobile":{"background-color":"var(--ast-global-color-4)","background-image":"","background-repeat":"repeat","background-position":"center center","background-size":"auto","background-attachment":"scroll","background-type":"","background-media":"","overlay-type":"","overlay-color":"","overlay-opacity":"","overlay-gradient":""}}},"product_brand":[],"product_cat":[161],"product_tag":[],"class_list":{"0":"post-21503","1":"product","2":"type-product","3":"status-publish","4":"has-post-thumbnail","6":"product_cat-bilprodukter","7":"pa_54262_vamqk4b4-2-stk","8":"pa_54262_vamqk4b4-4-stk","9":"pa_54262_vl18r3uz-bla","10":"pa_54262_vl18r3uz-oransje","11":"pa_54262_vl18r3uz-rod","12":"desktop-align-left","13":"tablet-align-left","14":"mobile-align-left","16":"first","17":"instock","18":"shipping-taxable","19":"purchasable","20":"product-type-variable","21":"has-default-attributes"},"yoast_head":"<!-- This site is optimized with the Yoast SEO plugin v26.6 - https:\/\/yoast.com\/wordpress\/plugins\/seo\/ -->\n<title>Beskyttelse av rammeskinne - Mekulo NO<\/title>\n<meta name=\"robots\" content=\"index, follow, max-snippet:-1, max-image-preview:large, max-video-preview:-1\" \/>\n<link rel=\"canonical\" href=\"https:\/\/mekulo.com\/no\/produkt\/beskyttelse-av-rammeskinne\/\" \/>\n<meta property=\"og:locale\" content=\"nb_NO\" \/>\n<meta property=\"og:type\" content=\"article\" \/>\n<meta property=\"og:title\" content=\"Beskyttelse av rammeskinne - Mekulo NO\" \/>\n<meta property=\"og:description\" content=\"\ud83d\ude98Denne rammeskinnebeskytteren holder bilens klypesveiser beskyttet mens du l\u00f8fter med en jekk. \ud83e\uddf2Den magnetiske aluminiumsdesignen holder puten godt p\u00e5 plass og reduserer glidning under l\u00f8fting. \u2699\ufe0fThis verkt\u00f8yet gir deg et tryggere, mer stabilt jekkpunkt og bidrar til \u00e5 forhindre kostbare skader p\u00e5 rammen.\" \/>\n<meta property=\"og:url\" content=\"https:\/\/mekulo.com\/no\/produkt\/beskyttelse-av-rammeskinne\/\" \/>\n<meta property=\"og:site_name\" content=\"Mekulo NO\" \/>\n<meta property=\"article:modified_time\" content=\"2026-03-02T10:21:20+00:00\" \/>\n<meta property=\"og:image\" content=\"https:\/\/mekulo.com\/no\/wp-content\/uploads\/sites\/10\/2026\/02\/lydlcyt-1.jpg\" \/>\n\t<meta property=\"og:image:width\" content=\"960\" \/>\n\t<meta property=\"og:image:height\" content=\"960\" \/>\n\t<meta property=\"og:image:type\" content=\"image\/jpeg\" \/>\n<meta name=\"twitter:card\" content=\"summary_large_image\" \/>\n<meta name=\"twitter:label1\" content=\"Ansl. lesetid\" \/>\n\t<meta name=\"twitter:data1\" content=\"2 minutter\" \/>\n<script type=\"application\/ld+json\" class=\"yoast-schema-graph\">{\"@context\":\"https:\/\/schema.org\",\"@graph\":[{\"@type\":\"WebPage\",\"@id\":\"https:\/\/mekulo.com\/no\/produkt\/beskyttelse-av-rammeskinne\/\",\"url\":\"https:\/\/mekulo.com\/no\/produkt\/beskyttelse-av-rammeskinne\/\",\"name\":\"Beskyttelse av rammeskinne - Mekulo NO\",\"isPartOf\":{\"@id\":\"https:\/\/mekulo.com\/no\/#website\"},\"primaryImageOfPage\":{\"@id\":\"https:\/\/mekulo.com\/no\/produkt\/beskyttelse-av-rammeskinne\/#primaryimage\"},\"image\":{\"@id\":\"https:\/\/mekulo.com\/no\/produkt\/beskyttelse-av-rammeskinne\/#primaryimage\"},\"thumbnailUrl\":\"https:\/\/mekulo.com\/no\/wp-content\/uploads\/sites\/10\/2026\/02\/lydlcyt-1.jpg\",\"datePublished\":\"2026-02-04T17:50:42+00:00\",\"dateModified\":\"2026-03-02T10:21:20+00:00\",\"breadcrumb\":{\"@id\":\"https:\/\/mekulo.com\/no\/produkt\/beskyttelse-av-rammeskinne\/#breadcrumb\"},\"inLanguage\":\"nb-NO\",\"potentialAction\":[{\"@type\":\"ReadAction\",\"target\":[\"https:\/\/mekulo.com\/no\/produkt\/beskyttelse-av-rammeskinne\/\"]}]},{\"@type\":\"ImageObject\",\"inLanguage\":\"nb-NO\",\"@id\":\"https:\/\/mekulo.com\/no\/produkt\/beskyttelse-av-rammeskinne\/#primaryimage\",\"url\":\"https:\/\/mekulo.com\/no\/wp-content\/uploads\/sites\/10\/2026\/02\/lydlcyt-1.jpg\",\"contentUrl\":\"https:\/\/mekulo.com\/no\/wp-content\/uploads\/sites\/10\/2026\/02\/lydlcyt-1.jpg\",\"width\":960,\"height\":960},{\"@type\":\"BreadcrumbList\",\"@id\":\"https:\/\/mekulo.com\/no\/produkt\/beskyttelse-av-rammeskinne\/#breadcrumb\",\"itemListElement\":[{\"@type\":\"ListItem\",\"position\":1,\"name\":\"Home\",\"item\":\"https:\/\/mekulo.com\/no\/\"},{\"@type\":\"ListItem\",\"position\":2,\"name\":\"Butikk\",\"item\":\"https:\/\/mekulo.com\/no\/butikk\/\"},{\"@type\":\"ListItem\",\"position\":3,\"name\":\"Beskyttelse av rammeskinne\"}]},{\"@type\":\"WebSite\",\"@id\":\"https:\/\/mekulo.com\/no\/#website\",\"url\":\"https:\/\/mekulo.com\/no\/\",\"name\":\"Mekulo NO\",\"description\":\"\",\"publisher\":{\"@id\":\"https:\/\/mekulo.com\/no\/#organization\"},\"potentialAction\":[{\"@type\":\"SearchAction\",\"target\":{\"@type\":\"EntryPoint\",\"urlTemplate\":\"https:\/\/mekulo.com\/no\/?s={search_term_string}\"},\"query-input\":{\"@type\":\"PropertyValueSpecification\",\"valueRequired\":true,\"valueName\":\"search_term_string\"}}],\"inLanguage\":\"nb-NO\"},{\"@type\":\"Organization\",\"@id\":\"https:\/\/mekulo.com\/no\/#organization\",\"name\":\"Mekulo\",\"url\":\"https:\/\/mekulo.com\/no\/\",\"logo\":{\"@type\":\"ImageObject\",\"inLanguage\":\"nb-NO\",\"@id\":\"https:\/\/mekulo.com\/no\/#\/schema\/logo\/image\/\",\"url\":\"https:\/\/mekulo.com\/no\/wp-content\/uploads\/sites\/10\/2025\/12\/favicon_mekulo.png\",\"contentUrl\":\"https:\/\/mekulo.com\/no\/wp-content\/uploads\/sites\/10\/2025\/12\/favicon_mekulo.png\",\"width\":50,\"height\":50,\"caption\":\"Mekulo\"},\"image\":{\"@id\":\"https:\/\/mekulo.com\/no\/#\/schema\/logo\/image\/\"}}]}<\/script>\n<!-- \/ Yoast SEO plugin. -->","yoast_head_json":{"title":"Beskyttelse av rammeskinne - Mekulo NO","robots":{"index":"index","follow":"follow","max-snippet":"max-snippet:-1","max-image-preview":"max-image-preview:large","max-video-preview":"max-video-preview:-1"},"canonical":"https:\/\/mekulo.com\/no\/produkt\/beskyttelse-av-rammeskinne\/","og_locale":"nb_NO","og_type":"article","og_title":"Beskyttelse av rammeskinne - Mekulo NO","og_description":"\ud83d\ude98Denne rammeskinnebeskytteren holder bilens klypesveiser beskyttet mens du l\u00f8fter med en jekk. \ud83e\uddf2Den magnetiske aluminiumsdesignen holder puten godt p\u00e5 plass og reduserer glidning under l\u00f8fting. \u2699\ufe0fThis verkt\u00f8yet gir deg et tryggere, mer stabilt jekkpunkt og bidrar til \u00e5 forhindre kostbare skader p\u00e5 rammen.","og_url":"https:\/\/mekulo.com\/no\/produkt\/beskyttelse-av-rammeskinne\/","og_site_name":"Mekulo NO","article_modified_time":"2026-03-02T10:21:20+00:00","og_image":[{"width":960,"height":960,"url":"https:\/\/mekulo.com\/no\/wp-content\/uploads\/sites\/10\/2026\/02\/lydlcyt-1.jpg","type":"image\/jpeg"}],"twitter_card":"summary_large_image","twitter_misc":{"Ansl. lesetid":"2 minutter"},"schema":{"@context":"https:\/\/schema.org","@graph":[{"@type":"WebPage","@id":"https:\/\/mekulo.com\/no\/produkt\/beskyttelse-av-rammeskinne\/","url":"https:\/\/mekulo.com\/no\/produkt\/beskyttelse-av-rammeskinne\/","name":"Beskyttelse av rammeskinne - Mekulo NO","isPartOf":{"@id":"https:\/\/mekulo.com\/no\/#website"},"primaryImageOfPage":{"@id":"https:\/\/mekulo.com\/no\/produkt\/beskyttelse-av-rammeskinne\/#primaryimage"},"image":{"@id":"https:\/\/mekulo.com\/no\/produkt\/beskyttelse-av-rammeskinne\/#primaryimage"},"thumbnailUrl":"https:\/\/mekulo.com\/no\/wp-content\/uploads\/sites\/10\/2026\/02\/lydlcyt-1.jpg","datePublished":"2026-02-04T17:50:42+00:00","dateModified":"2026-03-02T10:21:20+00:00","breadcrumb":{"@id":"https:\/\/mekulo.com\/no\/produkt\/beskyttelse-av-rammeskinne\/#breadcrumb"},"inLanguage":"nb-NO","potentialAction":[{"@type":"ReadAction","target":["https:\/\/mekulo.com\/no\/produkt\/beskyttelse-av-rammeskinne\/"]}]},{"@type":"ImageObject","inLanguage":"nb-NO","@id":"https:\/\/mekulo.com\/no\/produkt\/beskyttelse-av-rammeskinne\/#primaryimage","url":"https:\/\/mekulo.com\/no\/wp-content\/uploads\/sites\/10\/2026\/02\/lydlcyt-1.jpg","contentUrl":"https:\/\/mekulo.com\/no\/wp-content\/uploads\/sites\/10\/2026\/02\/lydlcyt-1.jpg","width":960,"height":960},{"@type":"BreadcrumbList","@id":"https:\/\/mekulo.com\/no\/produkt\/beskyttelse-av-rammeskinne\/#breadcrumb","itemListElement":[{"@type":"ListItem","position":1,"name":"Home","item":"https:\/\/mekulo.com\/no\/"},{"@type":"ListItem","position":2,"name":"Butikk","item":"https:\/\/mekulo.com\/no\/butikk\/"},{"@type":"ListItem","position":3,"name":"Beskyttelse av rammeskinne"}]},{"@type":"WebSite","@id":"https:\/\/mekulo.com\/no\/#website","url":"https:\/\/mekulo.com\/no\/","name":"Mekulo NO","description":"","publisher":{"@id":"https:\/\/mekulo.com\/no\/#organization"},"potentialAction":[{"@type":"SearchAction","target":{"@type":"EntryPoint","urlTemplate":"https:\/\/mekulo.com\/no\/?s={search_term_string}"},"query-input":{"@type":"PropertyValueSpecification","valueRequired":true,"valueName":"search_term_string"}}],"inLanguage":"nb-NO"},{"@type":"Organization","@id":"https:\/\/mekulo.com\/no\/#organization","name":"Mekulo","url":"https:\/\/mekulo.com\/no\/","logo":{"@type":"ImageObject","inLanguage":"nb-NO","@id":"https:\/\/mekulo.com\/no\/#\/schema\/logo\/image\/","url":"https:\/\/mekulo.com\/no\/wp-content\/uploads\/sites\/10\/2025\/12\/favicon_mekulo.png","contentUrl":"https:\/\/mekulo.com\/no\/wp-content\/uploads\/sites\/10\/2025\/12\/favicon_mekulo.png","width":50,"height":50,"caption":"Mekulo"},"image":{"@id":"https:\/\/mekulo.com\/no\/#\/schema\/logo\/image\/"}}]}},"_links":{"self":[{"href":"https:\/\/mekulo.com\/no\/wp-json\/wp\/v2\/product\/21503","targetHints":{"allow":["GET"]}}],"collection":[{"href":"https:\/\/mekulo.com\/no\/wp-json\/wp\/v2\/product"}],"about":[{"href":"https:\/\/mekulo.com\/no\/wp-json\/wp\/v2\/types\/product"}],"replies":[{"embeddable":true,"href":"https:\/\/mekulo.com\/no\/wp-json\/wp\/v2\/comments?post=21503"}],"wp:featuredmedia":[{"embeddable":true,"href":"https:\/\/mekulo.com\/no\/wp-json\/wp\/v2\/media\/21499"}],"wp:attachment":[{"href":"https:\/\/mekulo.com\/no\/wp-json\/wp\/v2\/media?parent=21503"}],"wp:term":[{"taxonomy":"product_brand","embeddable":true,"href":"https:\/\/mekulo.com\/no\/wp-json\/wp\/v2\/product_brand?post=21503"},{"taxonomy":"product_cat","embeddable":true,"href":"https:\/\/mekulo.com\/no\/wp-json\/wp\/v2\/product_cat?post=21503"},{"taxonomy":"product_tag","embeddable":true,"href":"https:\/\/mekulo.com\/no\/wp-json\/wp\/v2\/product_tag?post=21503"}],"curies":[{"name":"wp","href":"https:\/\/api.w.org\/{rel}","templated":true}]}}