{"id":21486,"date":"2026-02-04T19:49:08","date_gmt":"2026-02-04T17:49:08","guid":{"rendered":"https:\/\/mekulo.com\/no\/produkt\/3-i-1-baerbar-kaffetrakter\/"},"modified":"2026-02-04T19:49:17","modified_gmt":"2026-02-04T17:49:17","slug":"3-i-1-baerbar-kaffetrakter","status":"publish","type":"product","link":"https:\/\/mekulo.com\/no\/produkt\/3-i-1-baerbar-kaffetrakter\/","title":{"rendered":"3-i-1 b\u00e6rbar kaffetrakter"},"content":{"rendered":"<p style=\"text-align: center\" data-start=\"0\" data-end=\"56\"><strong data-start=\"0\" data-end=\"56\">Brygg fersk espresso hvor som helst med \u00e9n enkel knapp. \u2615<\/strong><\/p>\n<p data-start=\"0\" data-end=\"56\"><img fetchpriority=\"high\" decoding=\"async\" class=\"size-full wp-image-23281 aligncenter\" src=\"https:\/\/mekulo.com\/template\/wp-content\/uploads\/sites\/6\/2026\/02\/S82feca840e1b4dc0959cdaca8ab6e28cg.webp\" alt=\"\" width=\"1001\" height=\"1001\" \/><\/p>\n<h2 style=\"text-align: center\" data-start=\"381\" data-end=\"398\"><strong>Hovedfordeler \u2615<\/strong><\/h2>\n<p data-start=\"401\" data-end=\"492\">\u2615 3-i-1-kompatibilitet &#8211; Fungerer med sm\u00e5 kapsler, store kapsler og malt kaffe.<\/p>\n<p data-start=\"495\" data-end=\"556\">\ud83d\udd18 Betjening med \u00e9n knapp &#8211; Brygger kaffe enkelt p\u00e5 f\u00e5 sekunder.<\/p>\n<p data-start=\"559\" data-end=\"638\">\ud83d\udd0b Tr\u00e5dl\u00f8s oppvarming &#8211; Innebygd batteri varmer opp vann uten ekstern str\u00f8m.<\/p>\n<p data-start=\"641\" data-end=\"710\">\ud83d\ude97 Bilvennlig design &#8211; Inkluderer en brakett for sikker bruk i bilen.<\/p>\n<p data-start=\"713\" data-end=\"776\">\ud83e\uddfc Enkel rengj\u00f8ring &#8211; Enkel skyllesyklus og avtakbare deler.<\/p>\n<p data-start=\"779\" data-end=\"849\">\ud83c\udf92 B\u00e6rbar og kompakt &#8211; Perfekt for reise, arbeid eller utend\u00f8rs bruk.<\/p>\n<p data-start=\"779\" data-end=\"849\"><img decoding=\"async\" class=\"size-full wp-image-23279 aligncenter\" src=\"https:\/\/mekulo.com\/template\/wp-content\/uploads\/sites\/6\/2026\/02\/Sdb42e59aa1714c1a95b5fb749d3336f2c.jpg\" alt=\"\" width=\"1080\" height=\"1080\" \/><\/p>\n<h2 style=\"text-align: center\" data-start=\"851\" data-end=\"865\"><strong>Hvordan Du Bruker \ud83d\udccc<\/strong><\/h2>\n<ol data-start=\"866\" data-end=\"1094\">\n<li data-start=\"866\" data-end=\"902\">\n<p data-start=\"869\" data-end=\"902\">Fyll rent vann i maskinen.<\/p>\n<\/li>\n<li data-start=\"903\" data-end=\"949\">\n<p data-start=\"906\" data-end=\"949\">Sett inn en kaffekapsel eller malt kaffe.<\/p>\n<\/li>\n<li data-start=\"950\" data-end=\"1007\">\n<p data-start=\"953\" data-end=\"1007\">Trykk p\u00e5 av \/ p\u00e5-knappen for \u00e5 starte oppvarming og brygging.<\/p>\n<\/li>\n<li data-start=\"1008\" data-end=\"1051\">\n<p data-start=\"1011\" data-end=\"1051\">Vent noen minutter for fersk espresso.<\/p>\n<\/li>\n<li data-start=\"1052\" data-end=\"1094\">\n<p data-start=\"1055\" data-end=\"1094\">Kj\u00f8r kun med vann for \u00e5 rengj\u00f8re etter bruk.<\/p>\n<\/li>\n<\/ol>\n<h2 style=\"text-align: center\" data-start=\"1096\" data-end=\"1115\"><strong>Produktdetaljer \ud83d\udccf<\/strong><\/h2>\n<ul data-start=\"1116\" data-end=\"1376\">\n<li data-start=\"1152\" data-end=\"1216\">\n<p data-start=\"1154\" data-end=\"1216\">Bryggingsalternativer: Liten kapsel, stor kapsel, kaffepulver<\/p>\n<\/li>\n<li data-start=\"1217\" data-end=\"1256\">\n<p data-start=\"1219\" data-end=\"1256\">Oppvarming: Tr\u00e5dl\u00f8s, innebygd batteri<\/p>\n<\/li>\n<li data-start=\"1257\" data-end=\"1288\">\n<p data-start=\"1259\" data-end=\"1288\">Betjening: Start med \u00e9n knapp<\/p>\n<\/li>\n<li data-start=\"1289\" data-end=\"1324\">\n<p data-start=\"1291\" data-end=\"1324\">Bruk: Hjem, bil, reise, utend\u00f8rs<\/p>\n<\/li>\n<li data-start=\"1325\" data-end=\"1376\">\n<p data-start=\"1327\" data-end=\"1376\">Rengj\u00f8ring: Avtakbare deler, selvskyllende funksjon<\/p>\n<\/li>\n<li data-start=\"1325\" data-end=\"1376\">\n<p data-start=\"1327\" data-end=\"1376\">Ladingstype: USB Type-C<\/p>\n<\/li>\n<li data-start=\"1325\" data-end=\"1376\">St\u00f8rrelse: 245,5 x 83,5 mm<\/li>\n<\/ul>\n<h2 style=\"text-align: center\" data-start=\"1378\" data-end=\"1398\"><strong>Pakken Inkluderer \ud83d\udce6<\/strong><\/h2>\n<ul data-start=\"1399\" data-end=\"1433\" data-is-last-node=\"\" data-is-only-node=\"\">\n<li data-start=\"1399\" data-end=\"1433\" data-is-last-node=\"\">\n<p data-start=\"1401\" data-end=\"1433\" data-is-last-node=\"\">1x 3-i-1 b\u00e6rbar kaffetrakter<\/p>\n<\/li>\n<li data-start=\"1399\" data-end=\"1433\" data-is-last-node=\"\">1x ladekabel.<\/li>\n<\/ul>\n","protected":false},"excerpt":{"rendered":"<p>\u2615Med denne b\u00e6rbare 3-i-1-kaffetrakteren kan du nyte fyldig, aromatisk kaffe uansett hvor du er &#8211; hjemme, i bilen eller p\u00e5 farten.<br \/>\n\ud83d\udca7Den fungerer med kaffekapsler eller malt kaffe og varmer opp vann tr\u00e5dl\u00f8st ved hjelp av det innebygde batteriet.<br \/>\n\ud83d\udd18Denne kompakte maskinen leverer kaffe av kaf\u00e9kvalitet uten ledninger, stikkontakter eller lang ventetid.<\/p>\n","protected":false},"featured_media":21482,"comment_status":"open","ping_status":"closed","template":"","meta":{"site-sidebar-layout":"default","site-content-layout":"","ast-site-content-layout":"default","site-content-style":"default","site-sidebar-style":"default","ast-global-header-display":"","ast-banner-title-visibility":"","ast-main-header-display":"","ast-hfb-above-header-display":"","ast-hfb-below-header-display":"","ast-hfb-mobile-header-display":"","site-post-title":"","ast-breadcrumbs-content":"","ast-featured-img":"","footer-sml-layout":"","theme-transparent-header-meta":"default","adv-header-id-meta":"","stick-header-meta":"","header-above-stick-meta":"","header-main-stick-meta":"","header-below-stick-meta":"","astra-migrate-meta-layouts":"set","ast-page-background-enabled":"default","ast-page-background-meta":{"desktop":{"background-color":"var(--ast-global-color-5)","background-image":"","background-repeat":"repeat","background-position":"center center","background-size":"auto","background-attachment":"scroll","background-type":"","background-media":"","overlay-type":"","overlay-color":"","overlay-opacity":"","overlay-gradient":""},"tablet":{"background-color":"","background-image":"","background-repeat":"repeat","background-position":"center center","background-size":"auto","background-attachment":"scroll","background-type":"","background-media":"","overlay-type":"","overlay-color":"","overlay-opacity":"","overlay-gradient":""},"mobile":{"background-color":"","background-image":"","background-repeat":"repeat","background-position":"center center","background-size":"auto","background-attachment":"scroll","background-type":"","background-media":"","overlay-type":"","overlay-color":"","overlay-opacity":"","overlay-gradient":""}},"ast-content-background-meta":{"desktop":{"background-color":"var(--ast-global-color-4)","background-image":"","background-repeat":"repeat","background-position":"center center","background-size":"auto","background-attachment":"scroll","background-type":"","background-media":"","overlay-type":"","overlay-color":"","overlay-opacity":"","overlay-gradient":""},"tablet":{"background-color":"var(--ast-global-color-4)","background-image":"","background-repeat":"repeat","background-position":"center center","background-size":"auto","background-attachment":"scroll","background-type":"","background-media":"","overlay-type":"","overlay-color":"","overlay-opacity":"","overlay-gradient":""},"mobile":{"background-color":"var(--ast-global-color-4)","background-image":"","background-repeat":"repeat","background-position":"center center","background-size":"auto","background-attachment":"scroll","background-type":"","background-media":"","overlay-type":"","overlay-color":"","overlay-opacity":"","overlay-gradient":""}}},"product_brand":[],"product_cat":[167],"product_tag":[],"class_list":{"0":"post-21486","1":"product","2":"type-product","3":"status-publish","4":"has-post-thumbnail","6":"product_cat-fotturer-camping-og-fritidsartikler","7":"pa_54252_d51k21il-gra","8":"pa_54252_d51k21il-solv","9":"pa_54252_d51k21il-svart","10":"desktop-align-left","11":"tablet-align-left","12":"mobile-align-left","14":"first","15":"instock","16":"shipping-taxable","17":"purchasable","18":"product-type-variable"},"yoast_head":"<!-- This site is optimized with the Yoast SEO plugin v26.6 - https:\/\/yoast.com\/wordpress\/plugins\/seo\/ -->\n<title>3-i-1 b\u00e6rbar kaffetrakter - Mekulo NO<\/title>\n<meta name=\"robots\" content=\"index, follow, max-snippet:-1, max-image-preview:large, max-video-preview:-1\" \/>\n<link rel=\"canonical\" href=\"https:\/\/mekulo.com\/no\/produkt\/3-i-1-baerbar-kaffetrakter\/\" \/>\n<meta property=\"og:locale\" content=\"nb_NO\" \/>\n<meta property=\"og:type\" content=\"article\" \/>\n<meta property=\"og:title\" content=\"3-i-1 b\u00e6rbar kaffetrakter - Mekulo NO\" \/>\n<meta property=\"og:description\" content=\"\u2615Med denne b\u00e6rbare 3-i-1-kaffetrakteren kan du nyte fyldig, aromatisk kaffe uansett hvor du er - hjemme, i bilen eller p\u00e5 farten. \ud83d\udca7Den fungerer med kaffekapsler eller malt kaffe og varmer opp vann tr\u00e5dl\u00f8st ved hjelp av det innebygde batteriet. \ud83d\udd18Denne kompakte maskinen leverer kaffe av kaf\u00e9kvalitet uten ledninger, stikkontakter eller lang ventetid.\" \/>\n<meta property=\"og:url\" content=\"https:\/\/mekulo.com\/no\/produkt\/3-i-1-baerbar-kaffetrakter\/\" \/>\n<meta property=\"og:site_name\" content=\"Mekulo NO\" \/>\n<meta property=\"article:modified_time\" content=\"2026-02-04T17:49:17+00:00\" \/>\n<meta property=\"og:image\" content=\"https:\/\/mekulo.com\/no\/wp-content\/uploads\/sites\/10\/2026\/02\/ag5ehpm-1.webp\" \/>\n\t<meta property=\"og:image:width\" content=\"1001\" \/>\n\t<meta property=\"og:image:height\" content=\"1001\" \/>\n\t<meta property=\"og:image:type\" content=\"image\/webp\" \/>\n<meta name=\"twitter:card\" content=\"summary_large_image\" \/>\n<meta name=\"twitter:label1\" content=\"Ansl. lesetid\" \/>\n\t<meta name=\"twitter:data1\" content=\"2 minutter\" \/>\n<script type=\"application\/ld+json\" class=\"yoast-schema-graph\">{\"@context\":\"https:\/\/schema.org\",\"@graph\":[{\"@type\":\"WebPage\",\"@id\":\"https:\/\/mekulo.com\/no\/produkt\/3-i-1-baerbar-kaffetrakter\/\",\"url\":\"https:\/\/mekulo.com\/no\/produkt\/3-i-1-baerbar-kaffetrakter\/\",\"name\":\"3-i-1 b\u00e6rbar kaffetrakter - Mekulo NO\",\"isPartOf\":{\"@id\":\"https:\/\/mekulo.com\/no\/#website\"},\"primaryImageOfPage\":{\"@id\":\"https:\/\/mekulo.com\/no\/produkt\/3-i-1-baerbar-kaffetrakter\/#primaryimage\"},\"image\":{\"@id\":\"https:\/\/mekulo.com\/no\/produkt\/3-i-1-baerbar-kaffetrakter\/#primaryimage\"},\"thumbnailUrl\":\"https:\/\/mekulo.com\/no\/wp-content\/uploads\/sites\/10\/2026\/02\/ag5ehpm-1.webp\",\"datePublished\":\"2026-02-04T17:49:08+00:00\",\"dateModified\":\"2026-02-04T17:49:17+00:00\",\"breadcrumb\":{\"@id\":\"https:\/\/mekulo.com\/no\/produkt\/3-i-1-baerbar-kaffetrakter\/#breadcrumb\"},\"inLanguage\":\"nb-NO\",\"potentialAction\":[{\"@type\":\"ReadAction\",\"target\":[\"https:\/\/mekulo.com\/no\/produkt\/3-i-1-baerbar-kaffetrakter\/\"]}]},{\"@type\":\"ImageObject\",\"inLanguage\":\"nb-NO\",\"@id\":\"https:\/\/mekulo.com\/no\/produkt\/3-i-1-baerbar-kaffetrakter\/#primaryimage\",\"url\":\"https:\/\/mekulo.com\/no\/wp-content\/uploads\/sites\/10\/2026\/02\/ag5ehpm-1.webp\",\"contentUrl\":\"https:\/\/mekulo.com\/no\/wp-content\/uploads\/sites\/10\/2026\/02\/ag5ehpm-1.webp\",\"width\":1001,\"height\":1001},{\"@type\":\"BreadcrumbList\",\"@id\":\"https:\/\/mekulo.com\/no\/produkt\/3-i-1-baerbar-kaffetrakter\/#breadcrumb\",\"itemListElement\":[{\"@type\":\"ListItem\",\"position\":1,\"name\":\"Home\",\"item\":\"https:\/\/mekulo.com\/no\/\"},{\"@type\":\"ListItem\",\"position\":2,\"name\":\"Butikk\",\"item\":\"https:\/\/mekulo.com\/no\/butikk\/\"},{\"@type\":\"ListItem\",\"position\":3,\"name\":\"3-i-1 b\u00e6rbar kaffetrakter\"}]},{\"@type\":\"WebSite\",\"@id\":\"https:\/\/mekulo.com\/no\/#website\",\"url\":\"https:\/\/mekulo.com\/no\/\",\"name\":\"Mekulo NO\",\"description\":\"\",\"publisher\":{\"@id\":\"https:\/\/mekulo.com\/no\/#organization\"},\"potentialAction\":[{\"@type\":\"SearchAction\",\"target\":{\"@type\":\"EntryPoint\",\"urlTemplate\":\"https:\/\/mekulo.com\/no\/?s={search_term_string}\"},\"query-input\":{\"@type\":\"PropertyValueSpecification\",\"valueRequired\":true,\"valueName\":\"search_term_string\"}}],\"inLanguage\":\"nb-NO\"},{\"@type\":\"Organization\",\"@id\":\"https:\/\/mekulo.com\/no\/#organization\",\"name\":\"Mekulo\",\"url\":\"https:\/\/mekulo.com\/no\/\",\"logo\":{\"@type\":\"ImageObject\",\"inLanguage\":\"nb-NO\",\"@id\":\"https:\/\/mekulo.com\/no\/#\/schema\/logo\/image\/\",\"url\":\"https:\/\/mekulo.com\/no\/wp-content\/uploads\/sites\/10\/2025\/12\/favicon_mekulo.png\",\"contentUrl\":\"https:\/\/mekulo.com\/no\/wp-content\/uploads\/sites\/10\/2025\/12\/favicon_mekulo.png\",\"width\":50,\"height\":50,\"caption\":\"Mekulo\"},\"image\":{\"@id\":\"https:\/\/mekulo.com\/no\/#\/schema\/logo\/image\/\"}}]}<\/script>\n<!-- \/ Yoast SEO plugin. -->","yoast_head_json":{"title":"3-i-1 b\u00e6rbar kaffetrakter - Mekulo NO","robots":{"index":"index","follow":"follow","max-snippet":"max-snippet:-1","max-image-preview":"max-image-preview:large","max-video-preview":"max-video-preview:-1"},"canonical":"https:\/\/mekulo.com\/no\/produkt\/3-i-1-baerbar-kaffetrakter\/","og_locale":"nb_NO","og_type":"article","og_title":"3-i-1 b\u00e6rbar kaffetrakter - Mekulo NO","og_description":"\u2615Med denne b\u00e6rbare 3-i-1-kaffetrakteren kan du nyte fyldig, aromatisk kaffe uansett hvor du er - hjemme, i bilen eller p\u00e5 farten. \ud83d\udca7Den fungerer med kaffekapsler eller malt kaffe og varmer opp vann tr\u00e5dl\u00f8st ved hjelp av det innebygde batteriet. \ud83d\udd18Denne kompakte maskinen leverer kaffe av kaf\u00e9kvalitet uten ledninger, stikkontakter eller lang ventetid.","og_url":"https:\/\/mekulo.com\/no\/produkt\/3-i-1-baerbar-kaffetrakter\/","og_site_name":"Mekulo NO","article_modified_time":"2026-02-04T17:49:17+00:00","og_image":[{"width":1001,"height":1001,"url":"https:\/\/mekulo.com\/no\/wp-content\/uploads\/sites\/10\/2026\/02\/ag5ehpm-1.webp","type":"image\/webp"}],"twitter_card":"summary_large_image","twitter_misc":{"Ansl. lesetid":"2 minutter"},"schema":{"@context":"https:\/\/schema.org","@graph":[{"@type":"WebPage","@id":"https:\/\/mekulo.com\/no\/produkt\/3-i-1-baerbar-kaffetrakter\/","url":"https:\/\/mekulo.com\/no\/produkt\/3-i-1-baerbar-kaffetrakter\/","name":"3-i-1 b\u00e6rbar kaffetrakter - Mekulo NO","isPartOf":{"@id":"https:\/\/mekulo.com\/no\/#website"},"primaryImageOfPage":{"@id":"https:\/\/mekulo.com\/no\/produkt\/3-i-1-baerbar-kaffetrakter\/#primaryimage"},"image":{"@id":"https:\/\/mekulo.com\/no\/produkt\/3-i-1-baerbar-kaffetrakter\/#primaryimage"},"thumbnailUrl":"https:\/\/mekulo.com\/no\/wp-content\/uploads\/sites\/10\/2026\/02\/ag5ehpm-1.webp","datePublished":"2026-02-04T17:49:08+00:00","dateModified":"2026-02-04T17:49:17+00:00","breadcrumb":{"@id":"https:\/\/mekulo.com\/no\/produkt\/3-i-1-baerbar-kaffetrakter\/#breadcrumb"},"inLanguage":"nb-NO","potentialAction":[{"@type":"ReadAction","target":["https:\/\/mekulo.com\/no\/produkt\/3-i-1-baerbar-kaffetrakter\/"]}]},{"@type":"ImageObject","inLanguage":"nb-NO","@id":"https:\/\/mekulo.com\/no\/produkt\/3-i-1-baerbar-kaffetrakter\/#primaryimage","url":"https:\/\/mekulo.com\/no\/wp-content\/uploads\/sites\/10\/2026\/02\/ag5ehpm-1.webp","contentUrl":"https:\/\/mekulo.com\/no\/wp-content\/uploads\/sites\/10\/2026\/02\/ag5ehpm-1.webp","width":1001,"height":1001},{"@type":"BreadcrumbList","@id":"https:\/\/mekulo.com\/no\/produkt\/3-i-1-baerbar-kaffetrakter\/#breadcrumb","itemListElement":[{"@type":"ListItem","position":1,"name":"Home","item":"https:\/\/mekulo.com\/no\/"},{"@type":"ListItem","position":2,"name":"Butikk","item":"https:\/\/mekulo.com\/no\/butikk\/"},{"@type":"ListItem","position":3,"name":"3-i-1 b\u00e6rbar kaffetrakter"}]},{"@type":"WebSite","@id":"https:\/\/mekulo.com\/no\/#website","url":"https:\/\/mekulo.com\/no\/","name":"Mekulo NO","description":"","publisher":{"@id":"https:\/\/mekulo.com\/no\/#organization"},"potentialAction":[{"@type":"SearchAction","target":{"@type":"EntryPoint","urlTemplate":"https:\/\/mekulo.com\/no\/?s={search_term_string}"},"query-input":{"@type":"PropertyValueSpecification","valueRequired":true,"valueName":"search_term_string"}}],"inLanguage":"nb-NO"},{"@type":"Organization","@id":"https:\/\/mekulo.com\/no\/#organization","name":"Mekulo","url":"https:\/\/mekulo.com\/no\/","logo":{"@type":"ImageObject","inLanguage":"nb-NO","@id":"https:\/\/mekulo.com\/no\/#\/schema\/logo\/image\/","url":"https:\/\/mekulo.com\/no\/wp-content\/uploads\/sites\/10\/2025\/12\/favicon_mekulo.png","contentUrl":"https:\/\/mekulo.com\/no\/wp-content\/uploads\/sites\/10\/2025\/12\/favicon_mekulo.png","width":50,"height":50,"caption":"Mekulo"},"image":{"@id":"https:\/\/mekulo.com\/no\/#\/schema\/logo\/image\/"}}]}},"_links":{"self":[{"href":"https:\/\/mekulo.com\/no\/wp-json\/wp\/v2\/product\/21486","targetHints":{"allow":["GET"]}}],"collection":[{"href":"https:\/\/mekulo.com\/no\/wp-json\/wp\/v2\/product"}],"about":[{"href":"https:\/\/mekulo.com\/no\/wp-json\/wp\/v2\/types\/product"}],"replies":[{"embeddable":true,"href":"https:\/\/mekulo.com\/no\/wp-json\/wp\/v2\/comments?post=21486"}],"wp:featuredmedia":[{"embeddable":true,"href":"https:\/\/mekulo.com\/no\/wp-json\/wp\/v2\/media\/21482"}],"wp:attachment":[{"href":"https:\/\/mekulo.com\/no\/wp-json\/wp\/v2\/media?parent=21486"}],"wp:term":[{"taxonomy":"product_brand","embeddable":true,"href":"https:\/\/mekulo.com\/no\/wp-json\/wp\/v2\/product_brand?post=21486"},{"taxonomy":"product_cat","embeddable":true,"href":"https:\/\/mekulo.com\/no\/wp-json\/wp\/v2\/product_cat?post=21486"},{"taxonomy":"product_tag","embeddable":true,"href":"https:\/\/mekulo.com\/no\/wp-json\/wp\/v2\/product_tag?post=21486"}],"curies":[{"name":"wp","href":"https:\/\/api.w.org\/{rel}","templated":true}]}}