{"id":21473,"date":"2026-02-04T19:47:43","date_gmt":"2026-02-04T17:47:43","guid":{"rendered":"https:\/\/mekulo.com\/no\/produkt\/kit-for-montering-av-strekkbelte\/"},"modified":"2026-02-10T11:05:57","modified_gmt":"2026-02-10T09:05:57","slug":"kit-for-montering-av-strekkbelte","status":"publish","type":"product","link":"https:\/\/mekulo.com\/no\/produkt\/kit-for-montering-av-strekkbelte\/","title":{"rendered":"Kit for montering av strekkbelte"},"content":{"rendered":"<p style=\"text-align: center\" data-start=\"0\" data-end=\"74\"><strong data-start=\"0\" data-end=\"74\">Fjern og installer strekkremmer raskt uten \u00e5 skade motoren. \ud83d\ude98<\/strong><\/p>\n<p data-start=\"0\" data-end=\"74\"><img decoding=\"async\" class=\"size-full wp-image-23272 aligncenter\" src=\"https:\/\/mekulo.com\/template\/wp-content\/uploads\/sites\/6\/2026\/02\/d9357ac1823487f4ffdc5730d4d7a777f564924d-700.avif\" alt=\"\" \/><\/p>\n<h2 style=\"text-align: center\" data-start=\"362\" data-end=\"379\"><strong>Hovedfordeler \ud83d\udd27<\/strong><\/h2>\n<p data-start=\"382\" data-end=\"451\">\ud83d\udd27 Enkel fjerning og montering av belter &#8211; Ingen lirking eller kraft n\u00f8dvendig.<\/p>\n<p data-start=\"454\" data-end=\"520\">\ud83d\udee0\ufe0f Beskytter belter og remskiver &#8211; Forhindrer skader under arbeidet.<\/p>\n<p data-start=\"523\" data-end=\"595\">\ud83d\udcaa Sterk metallkonstruksjon &#8211; H\u00f8y hardhet og lang levetid.<\/p>\n<p data-start=\"598\" data-end=\"656\">\ud83d\udccf Kompakt design &#8211; Perfekt for trange motorrom.<\/p>\n<p data-start=\"659\" data-end=\"742\">\ud83d\ude97 Universell bruk &#8211; Egnet for biler, lastebiler og kj\u00f8ret\u00f8y med strekkreimer.<\/p>\n<p data-start=\"745\" data-end=\"807\">\ud83c\udf92 Lett og b\u00e6rbar &#8211; Enkel \u00e5 b\u00e6re i hvilken som helst verkt\u00f8ykasse.<\/p>\n<p data-start=\"745\" data-end=\"807\"><img fetchpriority=\"high\" decoding=\"async\" class=\"size-full wp-image-23267 aligncenter\" src=\"https:\/\/mekulo.com\/template\/wp-content\/uploads\/sites\/6\/2026\/02\/Sbe7d3365282d43e2b8a7d247b58757978.webp\" alt=\"\" width=\"1001\" height=\"1001\" \/><\/p>\n<h2 style=\"text-align: center\" data-start=\"809\" data-end=\"823\"><strong>Hvordan Du Bruker \ud83d\udccc<\/strong><\/h2>\n<ol data-start=\"824\" data-end=\"1035\">\n<li data-start=\"824\" data-end=\"884\">\n<p data-start=\"827\" data-end=\"884\">Plasser verkt\u00f8yet p\u00e5 forsiden eller baksiden av remskiven.<\/p>\n<\/li>\n<li data-start=\"885\" data-end=\"945\">\n<p data-start=\"888\" data-end=\"945\">roter remskiven sakte for \u00e5 fjerne eller installere beltet.<\/p>\n<\/li>\n<li data-start=\"946\" data-end=\"987\">\n<p data-start=\"949\" data-end=\"987\">s\u00f8rg for at beltet sitter riktig.<\/p>\n<\/li>\n<li data-start=\"988\" data-end=\"1035\">\n<p data-start=\"991\" data-end=\"1035\">fjern verkt\u00f8yet n\u00e5r beltet er p\u00e5 plass.<\/p>\n<\/li>\n<\/ol>\n<h2 style=\"text-align: center\" data-start=\"1037\" data-end=\"1056\"><strong>Produktdetaljer \ud83d\udccf<\/strong><\/h2>\n<ul data-start=\"1057\" data-end=\"1268\">\n<li data-start=\"1057\" data-end=\"1105\">\n<p data-start=\"1059\" data-end=\"1105\">Materiale: Jern \/ aluminiumslegering av h\u00f8y kvalitet<\/p>\n<\/li>\n<li data-start=\"1124\" data-end=\"1146\">\n<p data-start=\"1126\" data-end=\"1146\">St\u00f8rrelse: 50 x 33 x 25 mm, 43 x 40 x 3,3 mm<\/p>\n<\/li>\n<li data-start=\"1147\" data-end=\"1164\">\n<p data-start=\"1149\" data-end=\"1164\">Vekt: 110 g<\/p>\n<\/li>\n<li data-start=\"1165\" data-end=\"1216\">\n<p data-start=\"1167\" data-end=\"1216\">Funksjon: Fjerning og installasjon av strekkbelte<\/p>\n<\/li>\n<li data-start=\"1217\" data-end=\"1268\">\n<p data-start=\"1219\" data-end=\"1268\">Funksjoner: Slitesterk, korrosjonsbestandig, kompakt<\/p>\n<\/li>\n<\/ul>\n<h2 style=\"text-align: center\" data-start=\"1270\" data-end=\"1290\"><strong>Pakken Inkluderer \ud83d\udce6<\/strong><\/h2>\n<ul data-start=\"1291\" data-end=\"1318\" data-is-last-node=\"\" data-is-only-node=\"\">\n<li data-start=\"1291\" data-end=\"1318\" data-is-last-node=\"\">\n<p data-start=\"1293\" data-end=\"1318\" data-is-last-node=\"\">2, 4x strekkbeltefjernere.<\/p>\n<\/li>\n<\/ul>\n","protected":false},"excerpt":{"rendered":"<p>\ud83d\ude99Dette reimtilpasningssettet er utviklet for \u00e5 gj\u00f8re det raskt, trygt og enkelt \u00e5 fjerne og montere strekkremmen.<br \/>\n\ud83d\udee0\ufe0fDen kompakte st\u00f8rrelsen gj\u00f8r det enkelt \u00e5 arbeide i trange motorrom, samtidig som remmer og remskiver beskyttes.<br \/>\n\u231bDette verkt\u00f8yet sparer tid, reduserer innsatsen og forlenger levetiden til drivremmene dine.<\/p>\n","protected":false},"featured_media":21469,"comment_status":"open","ping_status":"closed","template":"","meta":{"site-sidebar-layout":"default","site-content-layout":"","ast-site-content-layout":"default","site-content-style":"default","site-sidebar-style":"default","ast-global-header-display":"","ast-banner-title-visibility":"","ast-main-header-display":"","ast-hfb-above-header-display":"","ast-hfb-below-header-display":"","ast-hfb-mobile-header-display":"","site-post-title":"","ast-breadcrumbs-content":"","ast-featured-img":"","footer-sml-layout":"","ast-disable-related-posts":"","theme-transparent-header-meta":"default","adv-header-id-meta":"","stick-header-meta":"","header-above-stick-meta":"","header-main-stick-meta":"","header-below-stick-meta":"","astra-migrate-meta-layouts":"set","ast-page-background-enabled":"default","ast-page-background-meta":{"desktop":{"background-color":"var(--ast-global-color-5)","background-image":"","background-repeat":"repeat","background-position":"center center","background-size":"auto","background-attachment":"scroll","background-type":"","background-media":"","overlay-type":"","overlay-color":"","overlay-opacity":"","overlay-gradient":""},"tablet":{"background-color":"","background-image":"","background-repeat":"repeat","background-position":"center center","background-size":"auto","background-attachment":"scroll","background-type":"","background-media":"","overlay-type":"","overlay-color":"","overlay-opacity":"","overlay-gradient":""},"mobile":{"background-color":"","background-image":"","background-repeat":"repeat","background-position":"center center","background-size":"auto","background-attachment":"scroll","background-type":"","background-media":"","overlay-type":"","overlay-color":"","overlay-opacity":"","overlay-gradient":""}},"ast-content-background-meta":{"desktop":{"background-color":"var(--ast-global-color-4)","background-image":"","background-repeat":"repeat","background-position":"center center","background-size":"auto","background-attachment":"scroll","background-type":"","background-media":"","overlay-type":"","overlay-color":"","overlay-opacity":"","overlay-gradient":""},"tablet":{"background-color":"var(--ast-global-color-4)","background-image":"","background-repeat":"repeat","background-position":"center center","background-size":"auto","background-attachment":"scroll","background-type":"","background-media":"","overlay-type":"","overlay-color":"","overlay-opacity":"","overlay-gradient":""},"mobile":{"background-color":"var(--ast-global-color-4)","background-image":"","background-repeat":"repeat","background-position":"center center","background-size":"auto","background-attachment":"scroll","background-type":"","background-media":"","overlay-type":"","overlay-color":"","overlay-opacity":"","overlay-gradient":""}}},"product_brand":[],"product_cat":[171],"product_tag":[],"class_list":{"0":"post-21473","1":"product","2":"type-product","3":"status-publish","4":"has-post-thumbnail","6":"product_cat-verktoy","7":"pa_54251_tein81s9-2-stk","8":"pa_54251_tein81s9-4-stk","9":"desktop-align-left","10":"tablet-align-left","11":"mobile-align-left","13":"first","14":"instock","15":"shipping-taxable","16":"purchasable","17":"product-type-variable"},"yoast_head":"<!-- This site is optimized with the Yoast SEO plugin v27.4 - https:\/\/yoast.com\/product\/yoast-seo-wordpress\/ -->\n<title>Kit for montering av strekkbelte - Mekulo NO<\/title>\n<meta name=\"robots\" content=\"index, follow, max-snippet:-1, max-image-preview:large, max-video-preview:-1\" \/>\n<link rel=\"canonical\" href=\"https:\/\/mekulo.com\/no\/produkt\/kit-for-montering-av-strekkbelte\/\" \/>\n<meta property=\"og:locale\" content=\"nb_NO\" \/>\n<meta property=\"og:type\" content=\"article\" \/>\n<meta property=\"og:title\" content=\"Kit for montering av strekkbelte - Mekulo NO\" \/>\n<meta property=\"og:description\" content=\"\ud83d\ude99Dette reimtilpasningssettet er utviklet for \u00e5 gj\u00f8re det raskt, trygt og enkelt \u00e5 fjerne og montere strekkremmen. \ud83d\udee0\ufe0fDen kompakte st\u00f8rrelsen gj\u00f8r det enkelt \u00e5 arbeide i trange motorrom, samtidig som remmer og remskiver beskyttes. \u231bDette verkt\u00f8yet sparer tid, reduserer innsatsen og forlenger levetiden til drivremmene dine.\" \/>\n<meta property=\"og:url\" content=\"https:\/\/mekulo.com\/no\/produkt\/kit-for-montering-av-strekkbelte\/\" \/>\n<meta property=\"og:site_name\" content=\"Mekulo NO\" \/>\n<meta property=\"article:modified_time\" content=\"2026-02-10T09:05:57+00:00\" \/>\n<meta property=\"og:image\" content=\"https:\/\/mekulo.com\/no\/wp-content\/uploads\/sites\/10\/2026\/02\/t74gpvx-1.webp\" \/>\n\t<meta property=\"og:image:width\" content=\"1001\" \/>\n\t<meta property=\"og:image:height\" content=\"1001\" \/>\n\t<meta property=\"og:image:type\" content=\"image\/webp\" \/>\n<meta name=\"twitter:card\" content=\"summary_large_image\" \/>\n<meta name=\"twitter:label1\" content=\"Ansl. lesetid\" \/>\n\t<meta name=\"twitter:data1\" content=\"2 minutter\" \/>\n<script type=\"application\/ld+json\" class=\"yoast-schema-graph\">{\"@context\":\"https:\\\/\\\/schema.org\",\"@graph\":[{\"@type\":\"WebPage\",\"@id\":\"https:\\\/\\\/mekulo.com\\\/no\\\/produkt\\\/kit-for-montering-av-strekkbelte\\\/\",\"url\":\"https:\\\/\\\/mekulo.com\\\/no\\\/produkt\\\/kit-for-montering-av-strekkbelte\\\/\",\"name\":\"Kit for montering av strekkbelte - Mekulo NO\",\"isPartOf\":{\"@id\":\"https:\\\/\\\/mekulo.com\\\/no\\\/#website\"},\"primaryImageOfPage\":{\"@id\":\"https:\\\/\\\/mekulo.com\\\/no\\\/produkt\\\/kit-for-montering-av-strekkbelte\\\/#primaryimage\"},\"image\":{\"@id\":\"https:\\\/\\\/mekulo.com\\\/no\\\/produkt\\\/kit-for-montering-av-strekkbelte\\\/#primaryimage\"},\"thumbnailUrl\":\"https:\\\/\\\/mekulo.com\\\/no\\\/wp-content\\\/uploads\\\/sites\\\/10\\\/2026\\\/02\\\/t74gpvx-1.webp\",\"datePublished\":\"2026-02-04T17:47:43+00:00\",\"dateModified\":\"2026-02-10T09:05:57+00:00\",\"breadcrumb\":{\"@id\":\"https:\\\/\\\/mekulo.com\\\/no\\\/produkt\\\/kit-for-montering-av-strekkbelte\\\/#breadcrumb\"},\"inLanguage\":\"nb-NO\",\"potentialAction\":[{\"@type\":\"ReadAction\",\"target\":[\"https:\\\/\\\/mekulo.com\\\/no\\\/produkt\\\/kit-for-montering-av-strekkbelte\\\/\"]}]},{\"@type\":\"ImageObject\",\"inLanguage\":\"nb-NO\",\"@id\":\"https:\\\/\\\/mekulo.com\\\/no\\\/produkt\\\/kit-for-montering-av-strekkbelte\\\/#primaryimage\",\"url\":\"https:\\\/\\\/mekulo.com\\\/no\\\/wp-content\\\/uploads\\\/sites\\\/10\\\/2026\\\/02\\\/t74gpvx-1.webp\",\"contentUrl\":\"https:\\\/\\\/mekulo.com\\\/no\\\/wp-content\\\/uploads\\\/sites\\\/10\\\/2026\\\/02\\\/t74gpvx-1.webp\",\"width\":1001,\"height\":1001},{\"@type\":\"BreadcrumbList\",\"@id\":\"https:\\\/\\\/mekulo.com\\\/no\\\/produkt\\\/kit-for-montering-av-strekkbelte\\\/#breadcrumb\",\"itemListElement\":[{\"@type\":\"ListItem\",\"position\":1,\"name\":\"Home\",\"item\":\"https:\\\/\\\/mekulo.com\\\/no\\\/\"},{\"@type\":\"ListItem\",\"position\":2,\"name\":\"Butikk\",\"item\":\"https:\\\/\\\/mekulo.com\\\/no\\\/butikk\\\/\"},{\"@type\":\"ListItem\",\"position\":3,\"name\":\"Kit for montering av strekkbelte\"}]},{\"@type\":\"WebSite\",\"@id\":\"https:\\\/\\\/mekulo.com\\\/no\\\/#website\",\"url\":\"https:\\\/\\\/mekulo.com\\\/no\\\/\",\"name\":\"Mekulo NO\",\"description\":\"\",\"publisher\":{\"@id\":\"https:\\\/\\\/mekulo.com\\\/no\\\/#organization\"},\"potentialAction\":[{\"@type\":\"SearchAction\",\"target\":{\"@type\":\"EntryPoint\",\"urlTemplate\":\"https:\\\/\\\/mekulo.com\\\/no\\\/?s={search_term_string}\"},\"query-input\":{\"@type\":\"PropertyValueSpecification\",\"valueRequired\":true,\"valueName\":\"search_term_string\"}}],\"inLanguage\":\"nb-NO\"},{\"@type\":\"Organization\",\"@id\":\"https:\\\/\\\/mekulo.com\\\/no\\\/#organization\",\"name\":\"Mekulo\",\"url\":\"https:\\\/\\\/mekulo.com\\\/no\\\/\",\"logo\":{\"@type\":\"ImageObject\",\"inLanguage\":\"nb-NO\",\"@id\":\"https:\\\/\\\/mekulo.com\\\/no\\\/#\\\/schema\\\/logo\\\/image\\\/\",\"url\":\"https:\\\/\\\/mekulo.com\\\/no\\\/wp-content\\\/uploads\\\/sites\\\/10\\\/2025\\\/12\\\/favicon_mekulo.png\",\"contentUrl\":\"https:\\\/\\\/mekulo.com\\\/no\\\/wp-content\\\/uploads\\\/sites\\\/10\\\/2025\\\/12\\\/favicon_mekulo.png\",\"width\":50,\"height\":50,\"caption\":\"Mekulo\"},\"image\":{\"@id\":\"https:\\\/\\\/mekulo.com\\\/no\\\/#\\\/schema\\\/logo\\\/image\\\/\"}}]}<\/script>\n<!-- \/ Yoast SEO plugin. -->","yoast_head_json":{"title":"Kit for montering av strekkbelte - Mekulo NO","robots":{"index":"index","follow":"follow","max-snippet":"max-snippet:-1","max-image-preview":"max-image-preview:large","max-video-preview":"max-video-preview:-1"},"canonical":"https:\/\/mekulo.com\/no\/produkt\/kit-for-montering-av-strekkbelte\/","og_locale":"nb_NO","og_type":"article","og_title":"Kit for montering av strekkbelte - Mekulo NO","og_description":"\ud83d\ude99Dette reimtilpasningssettet er utviklet for \u00e5 gj\u00f8re det raskt, trygt og enkelt \u00e5 fjerne og montere strekkremmen. \ud83d\udee0\ufe0fDen kompakte st\u00f8rrelsen gj\u00f8r det enkelt \u00e5 arbeide i trange motorrom, samtidig som remmer og remskiver beskyttes. \u231bDette verkt\u00f8yet sparer tid, reduserer innsatsen og forlenger levetiden til drivremmene dine.","og_url":"https:\/\/mekulo.com\/no\/produkt\/kit-for-montering-av-strekkbelte\/","og_site_name":"Mekulo NO","article_modified_time":"2026-02-10T09:05:57+00:00","og_image":[{"width":1001,"height":1001,"url":"https:\/\/mekulo.com\/no\/wp-content\/uploads\/sites\/10\/2026\/02\/t74gpvx-1.webp","type":"image\/webp"}],"twitter_card":"summary_large_image","twitter_misc":{"Ansl. lesetid":"2 minutter"},"schema":{"@context":"https:\/\/schema.org","@graph":[{"@type":"WebPage","@id":"https:\/\/mekulo.com\/no\/produkt\/kit-for-montering-av-strekkbelte\/","url":"https:\/\/mekulo.com\/no\/produkt\/kit-for-montering-av-strekkbelte\/","name":"Kit for montering av strekkbelte - Mekulo NO","isPartOf":{"@id":"https:\/\/mekulo.com\/no\/#website"},"primaryImageOfPage":{"@id":"https:\/\/mekulo.com\/no\/produkt\/kit-for-montering-av-strekkbelte\/#primaryimage"},"image":{"@id":"https:\/\/mekulo.com\/no\/produkt\/kit-for-montering-av-strekkbelte\/#primaryimage"},"thumbnailUrl":"https:\/\/mekulo.com\/no\/wp-content\/uploads\/sites\/10\/2026\/02\/t74gpvx-1.webp","datePublished":"2026-02-04T17:47:43+00:00","dateModified":"2026-02-10T09:05:57+00:00","breadcrumb":{"@id":"https:\/\/mekulo.com\/no\/produkt\/kit-for-montering-av-strekkbelte\/#breadcrumb"},"inLanguage":"nb-NO","potentialAction":[{"@type":"ReadAction","target":["https:\/\/mekulo.com\/no\/produkt\/kit-for-montering-av-strekkbelte\/"]}]},{"@type":"ImageObject","inLanguage":"nb-NO","@id":"https:\/\/mekulo.com\/no\/produkt\/kit-for-montering-av-strekkbelte\/#primaryimage","url":"https:\/\/mekulo.com\/no\/wp-content\/uploads\/sites\/10\/2026\/02\/t74gpvx-1.webp","contentUrl":"https:\/\/mekulo.com\/no\/wp-content\/uploads\/sites\/10\/2026\/02\/t74gpvx-1.webp","width":1001,"height":1001},{"@type":"BreadcrumbList","@id":"https:\/\/mekulo.com\/no\/produkt\/kit-for-montering-av-strekkbelte\/#breadcrumb","itemListElement":[{"@type":"ListItem","position":1,"name":"Home","item":"https:\/\/mekulo.com\/no\/"},{"@type":"ListItem","position":2,"name":"Butikk","item":"https:\/\/mekulo.com\/no\/butikk\/"},{"@type":"ListItem","position":3,"name":"Kit for montering av strekkbelte"}]},{"@type":"WebSite","@id":"https:\/\/mekulo.com\/no\/#website","url":"https:\/\/mekulo.com\/no\/","name":"Mekulo NO","description":"","publisher":{"@id":"https:\/\/mekulo.com\/no\/#organization"},"potentialAction":[{"@type":"SearchAction","target":{"@type":"EntryPoint","urlTemplate":"https:\/\/mekulo.com\/no\/?s={search_term_string}"},"query-input":{"@type":"PropertyValueSpecification","valueRequired":true,"valueName":"search_term_string"}}],"inLanguage":"nb-NO"},{"@type":"Organization","@id":"https:\/\/mekulo.com\/no\/#organization","name":"Mekulo","url":"https:\/\/mekulo.com\/no\/","logo":{"@type":"ImageObject","inLanguage":"nb-NO","@id":"https:\/\/mekulo.com\/no\/#\/schema\/logo\/image\/","url":"https:\/\/mekulo.com\/no\/wp-content\/uploads\/sites\/10\/2025\/12\/favicon_mekulo.png","contentUrl":"https:\/\/mekulo.com\/no\/wp-content\/uploads\/sites\/10\/2025\/12\/favicon_mekulo.png","width":50,"height":50,"caption":"Mekulo"},"image":{"@id":"https:\/\/mekulo.com\/no\/#\/schema\/logo\/image\/"}}]}},"_links":{"self":[{"href":"https:\/\/mekulo.com\/no\/wp-json\/wp\/v2\/product\/21473","targetHints":{"allow":["GET"]}}],"collection":[{"href":"https:\/\/mekulo.com\/no\/wp-json\/wp\/v2\/product"}],"about":[{"href":"https:\/\/mekulo.com\/no\/wp-json\/wp\/v2\/types\/product"}],"replies":[{"embeddable":true,"href":"https:\/\/mekulo.com\/no\/wp-json\/wp\/v2\/comments?post=21473"}],"wp:featuredmedia":[{"embeddable":true,"href":"https:\/\/mekulo.com\/no\/wp-json\/wp\/v2\/media\/21469"}],"wp:attachment":[{"href":"https:\/\/mekulo.com\/no\/wp-json\/wp\/v2\/media?parent=21473"}],"wp:term":[{"taxonomy":"product_brand","embeddable":true,"href":"https:\/\/mekulo.com\/no\/wp-json\/wp\/v2\/product_brand?post=21473"},{"taxonomy":"product_cat","embeddable":true,"href":"https:\/\/mekulo.com\/no\/wp-json\/wp\/v2\/product_cat?post=21473"},{"taxonomy":"product_tag","embeddable":true,"href":"https:\/\/mekulo.com\/no\/wp-json\/wp\/v2\/product_tag?post=21473"}],"curies":[{"name":"wp","href":"https:\/\/api.w.org\/{rel}","templated":true}]}}