{"id":21463,"date":"2026-02-04T19:46:31","date_gmt":"2026-02-04T17:46:31","guid":{"rendered":"https:\/\/mekulo.com\/no\/produkt\/digital-handgrepsstyrketrener\/"},"modified":"2026-02-10T11:05:24","modified_gmt":"2026-02-10T09:05:24","slug":"digital-handgrepsstyrketrener","status":"publish","type":"product","link":"https:\/\/mekulo.com\/no\/produkt\/digital-handgrepsstyrketrener\/","title":{"rendered":"Digital h\u00e5ndgrepsstyrketrener"},"content":{"rendered":"<div class=\"flex flex-col text-sm pb-25\">\n<article class=\"text-token-text-primary w-full focus:outline-none [--shadow-height:45px] has-data-writing-block:pointer-events-none has-data-writing-block:-mt-(--shadow-height) has-data-writing-block:pt-(--shadow-height) [&amp;:has([data-writing-block])&gt;*]:pointer-events-auto scroll-mt-[calc(var(--header-height)+min(200px,max(70px,20svh)))]\" dir=\"auto\" data-turn-id=\"request-69788f7d-d97c-832a-a512-ce7bdd364928-2\" data-testid=\"conversation-turn-96\" data-scroll-anchor=\"true\" data-turn=\"assistant\">\n<div class=\"text-base my-auto mx-auto pb-10 [--thread-content-margin:--spacing(4)] @w-sm\/main:[--thread-content-margin:--spacing(6)] @w-lg\/main:[--thread-content-margin:--spacing(16)] px-(--thread-content-margin)\">\n<div class=\"[--thread-content-max-width:40rem] @w-lg\/main:[--thread-content-max-width:48rem] mx-auto max-w-(--thread-content-max-width) flex-1 group\/turn-messages focus-visible:outline-hidden relative flex w-full min-w-0 flex-col agent-turn\">\n<div class=\"flex max-w-full flex-col grow\">\n<div class=\"min-h-8 text-message relative flex w-full flex-col items-end gap-2 text-start break-words whitespace-normal [.text-message+&amp;]:mt-1\" dir=\"auto\" data-message-author-role=\"assistant\" data-message-id=\"6640df02-da13-478e-93e8-1ecd98849215\" data-message-model-slug=\"gpt-5-2\">\n<div class=\"flex w-full flex-col gap-1 empty:hidden first:pt-[1px]\">\n<div class=\"markdown prose dark:prose-invert w-full wrap-break-word light markdown-new-styling\">\n<p style=\"text-align: center\" data-start=\"0\" data-end=\"83\"><strong data-start=\"0\" data-end=\"83\">M\u00e5l, Tren Og Forbedre Grepstyrken Din Med Digital Tilbakemelding I Sanntid. \ud83e\udef3<\/strong><\/p>\n<p data-start=\"0\" data-end=\"83\"><img fetchpriority=\"high\" decoding=\"async\" class=\"size-full wp-image-23260 aligncenter\" src=\"https:\/\/mekulo.com\/template\/wp-content\/uploads\/sites\/6\/2026\/02\/976be7ded93e9abbb8eca38e7236a9d2a049132f-1.jpg\" alt=\"\" width=\"810\" height=\"1080\" \/><\/p>\n<h2 style=\"text-align: center\" data-start=\"405\" data-end=\"422\">Hovedfordeler<\/h2>\n<p data-start=\"425\" data-end=\"488\">\ud83d\udcaa Smart greptrening &#8211; Bygger h\u00e5nd- og underarmsstyrke.<\/p>\n<p data-start=\"491\" data-end=\"556\">\ud83d\udcca N\u00f8yaktig digital sporing &#8211; Viser maksimal styrke umiddelbart.<\/p>\n<p data-start=\"559\" data-end=\"620\">\ud83d\udd06 Tydelig LED-skjerm &#8211; Lett \u00e5 lese resultatene med et \u00f8yeblikk.<\/p>\n<p data-start=\"623\" data-end=\"689\">\ud83d\udd27 Justerbart h\u00e5ndtak &#8211; Passer komfortabelt til forskjellige h\u00e5ndst\u00f8rrelser.<\/p>\n<p data-start=\"692\" data-end=\"767\">\ud83e\udde0 St\u00f8tter generell helse &#8211; Hjelper med \u00e5 opprettholde styrke og koordinering.<\/p>\n<p data-start=\"770\" data-end=\"836\">\ud83c\udfc3 Allsidig bruk &#8211; Trening, rehabilitering, eksamener og daglig trening.<\/p>\n<p data-start=\"770\" data-end=\"836\"><img decoding=\"async\" class=\"size-full wp-image-23265 aligncenter\" src=\"https:\/\/mekulo.com\/template\/wp-content\/uploads\/sites\/6\/2026\/02\/S83cbd974c52a4d2ca6a5686b874257653.webp\" alt=\"\" width=\"1001\" height=\"1001\" \/><\/p>\n<h2 style=\"text-align: center\" data-start=\"838\" data-end=\"852\">Hvordan Du Bruker \ud83d\udccc<\/h2>\n<ol data-start=\"853\" data-end=\"1066\">\n<li data-start=\"853\" data-end=\"898\">\n<p data-start=\"856\" data-end=\"898\">Juster h\u00e5ndtaket slik at det passer til h\u00e5ndst\u00f8rrelsen din.<\/p>\n<\/li>\n<li data-start=\"899\" data-end=\"933\">\n<p data-start=\"902\" data-end=\"933\">Hold grepetreneren godt.<\/p>\n<\/li>\n<li data-start=\"934\" data-end=\"966\">\n<p data-start=\"937\" data-end=\"966\">Klem med maksimal kraft.<\/p>\n<\/li>\n<li data-start=\"967\" data-end=\"1018\">\n<p data-start=\"970\" data-end=\"1018\">Sjekk styrkeavlesningen p\u00e5 LED-skjermen.<\/p>\n<\/li>\n<li data-start=\"1019\" data-end=\"1066\">\n<p data-start=\"1022\" data-end=\"1066\">Gjenta daglig for \u00e5 spore forbedring over tid.<\/p>\n<\/li>\n<\/ol>\n<h2 style=\"text-align: center\" data-start=\"1068\" data-end=\"1087\">Produktdetaljer \ud83d\udccf<\/h2>\n<ul data-start=\"1088\" data-end=\"1334\">\n<li data-start=\"1135\" data-end=\"1166\">\n<p data-start=\"1137\" data-end=\"1166\">Display: LED digital skjerm<\/p>\n<\/li>\n<li data-start=\"1167\" data-end=\"1193\">\n<p data-start=\"1169\" data-end=\"1193\">St\u00f8rrelse: 135 x 55 x 35 mm<\/p>\n<\/li>\n<li data-start=\"1194\" data-end=\"1227\">\n<p data-start=\"1196\" data-end=\"1227\">Justerbar grepsavstand: Ja<\/p>\n<\/li>\n<li data-start=\"1228\" data-end=\"1304\">\n<p data-start=\"1230\" data-end=\"1304\">Bruksscenarier: Styrketrening, rehabilitering, eksamener, eldre fitness<\/p>\n<\/li>\n<li data-start=\"1228\" data-end=\"1304\">\n<p data-start=\"1230\" data-end=\"1304\">Ladetype: USB Type-C (kabel inkludert)<\/p>\n<\/li>\n<li data-start=\"1305\" data-end=\"1334\">\n<p data-start=\"1307\" data-end=\"1334\">Gjeldende personer: Unisex<\/p>\n<\/li>\n<\/ul>\n<h2 style=\"text-align: center\" data-start=\"1336\" data-end=\"1356\">Pakken Inkluderer \ud83d\udce6<\/h2>\n<ul data-start=\"1357\" data-end=\"1397\" data-is-last-node=\"\" data-is-only-node=\"\">\n<li data-start=\"1357\" data-end=\"1397\" data-is-last-node=\"\">\n<p data-start=\"1359\" data-end=\"1397\" data-is-last-node=\"\">1x digital h\u00e5ndgrepstrener.<\/p>\n<\/li>\n<\/ul>\n<\/div>\n<\/div>\n<\/div>\n<\/div>\n<\/div>\n<\/div>\n<\/article>\n<\/div>\n","protected":false},"excerpt":{"rendered":"<p>\ud83e\udd1aDenne digitale h\u00e5ndgrepstreneren hjelper deg med \u00e5 bygge h\u00e5ndstyrke samtidig som du kan f\u00f8lge fremgangen din n\u00f8yaktig p\u00e5 en tydelig LED-skjerm.<br \/>\n\ud83d\udcaaDen er ideell for daglig trening, rehabilitering, eksamener og helserutiner for eldre.<br \/>\n\ud83e\udde0Denne smarte treneren gj\u00f8r enkle klemminger til m\u00e5lbare resultater du kan se og forbedre hver dag.<\/p>\n","protected":false},"featured_media":21459,"comment_status":"open","ping_status":"closed","template":"","meta":{"site-sidebar-layout":"default","site-content-layout":"","ast-site-content-layout":"default","site-content-style":"default","site-sidebar-style":"default","ast-global-header-display":"","ast-banner-title-visibility":"","ast-main-header-display":"","ast-hfb-above-header-display":"","ast-hfb-below-header-display":"","ast-hfb-mobile-header-display":"","site-post-title":"","ast-breadcrumbs-content":"","ast-featured-img":"","footer-sml-layout":"","theme-transparent-header-meta":"default","adv-header-id-meta":"","stick-header-meta":"","header-above-stick-meta":"","header-main-stick-meta":"","header-below-stick-meta":"","astra-migrate-meta-layouts":"set","ast-page-background-enabled":"default","ast-page-background-meta":{"desktop":{"background-color":"var(--ast-global-color-5)","background-image":"","background-repeat":"repeat","background-position":"center center","background-size":"auto","background-attachment":"scroll","background-type":"","background-media":"","overlay-type":"","overlay-color":"","overlay-opacity":"","overlay-gradient":""},"tablet":{"background-color":"","background-image":"","background-repeat":"repeat","background-position":"center center","background-size":"auto","background-attachment":"scroll","background-type":"","background-media":"","overlay-type":"","overlay-color":"","overlay-opacity":"","overlay-gradient":""},"mobile":{"background-color":"","background-image":"","background-repeat":"repeat","background-position":"center center","background-size":"auto","background-attachment":"scroll","background-type":"","background-media":"","overlay-type":"","overlay-color":"","overlay-opacity":"","overlay-gradient":""}},"ast-content-background-meta":{"desktop":{"background-color":"var(--ast-global-color-4)","background-image":"","background-repeat":"repeat","background-position":"center center","background-size":"auto","background-attachment":"scroll","background-type":"","background-media":"","overlay-type":"","overlay-color":"","overlay-opacity":"","overlay-gradient":""},"tablet":{"background-color":"var(--ast-global-color-4)","background-image":"","background-repeat":"repeat","background-position":"center center","background-size":"auto","background-attachment":"scroll","background-type":"","background-media":"","overlay-type":"","overlay-color":"","overlay-opacity":"","overlay-gradient":""},"mobile":{"background-color":"var(--ast-global-color-4)","background-image":"","background-repeat":"repeat","background-position":"center center","background-size":"auto","background-attachment":"scroll","background-type":"","background-media":"","overlay-type":"","overlay-color":"","overlay-opacity":"","overlay-gradient":""}}},"product_brand":[],"product_cat":[170],"product_tag":[],"class_list":{"0":"post-21463","1":"product","2":"type-product","3":"status-publish","4":"has-post-thumbnail","6":"product_cat-sportsutstyr","7":"desktop-align-left","8":"tablet-align-left","9":"mobile-align-left","11":"first","12":"instock","13":"shipping-taxable","14":"purchasable","15":"product-type-simple"},"yoast_head":"<!-- This site is optimized with the Yoast SEO plugin v26.6 - https:\/\/yoast.com\/wordpress\/plugins\/seo\/ -->\n<title>Digital h\u00e5ndgrepsstyrketrener - Mekulo NO<\/title>\n<meta name=\"robots\" content=\"index, follow, max-snippet:-1, max-image-preview:large, max-video-preview:-1\" \/>\n<link rel=\"canonical\" href=\"https:\/\/mekulo.com\/no\/produkt\/digital-handgrepsstyrketrener\/\" \/>\n<meta property=\"og:locale\" content=\"nb_NO\" \/>\n<meta property=\"og:type\" content=\"article\" \/>\n<meta property=\"og:title\" content=\"Digital h\u00e5ndgrepsstyrketrener - Mekulo NO\" \/>\n<meta property=\"og:description\" content=\"\ud83e\udd1aDenne digitale h\u00e5ndgrepstreneren hjelper deg med \u00e5 bygge h\u00e5ndstyrke samtidig som du kan f\u00f8lge fremgangen din n\u00f8yaktig p\u00e5 en tydelig LED-skjerm. \ud83d\udcaaDen er ideell for daglig trening, rehabilitering, eksamener og helserutiner for eldre. \ud83e\udde0Denne smarte treneren gj\u00f8r enkle klemminger til m\u00e5lbare resultater du kan se og forbedre hver dag.\" \/>\n<meta property=\"og:url\" content=\"https:\/\/mekulo.com\/no\/produkt\/digital-handgrepsstyrketrener\/\" \/>\n<meta property=\"og:site_name\" content=\"Mekulo NO\" \/>\n<meta property=\"article:modified_time\" content=\"2026-02-10T09:05:24+00:00\" \/>\n<meta property=\"og:image\" content=\"https:\/\/mekulo.com\/no\/wp-content\/uploads\/sites\/10\/2026\/02\/jymisx1-1.jpg\" \/>\n\t<meta property=\"og:image:width\" content=\"960\" \/>\n\t<meta property=\"og:image:height\" content=\"960\" \/>\n\t<meta property=\"og:image:type\" content=\"image\/jpeg\" \/>\n<meta name=\"twitter:card\" content=\"summary_large_image\" \/>\n<meta name=\"twitter:label1\" content=\"Ansl. lesetid\" \/>\n\t<meta name=\"twitter:data1\" content=\"2 minutter\" \/>\n<script type=\"application\/ld+json\" class=\"yoast-schema-graph\">{\"@context\":\"https:\/\/schema.org\",\"@graph\":[{\"@type\":\"WebPage\",\"@id\":\"https:\/\/mekulo.com\/no\/produkt\/digital-handgrepsstyrketrener\/\",\"url\":\"https:\/\/mekulo.com\/no\/produkt\/digital-handgrepsstyrketrener\/\",\"name\":\"Digital h\u00e5ndgrepsstyrketrener - Mekulo NO\",\"isPartOf\":{\"@id\":\"https:\/\/mekulo.com\/no\/#website\"},\"primaryImageOfPage\":{\"@id\":\"https:\/\/mekulo.com\/no\/produkt\/digital-handgrepsstyrketrener\/#primaryimage\"},\"image\":{\"@id\":\"https:\/\/mekulo.com\/no\/produkt\/digital-handgrepsstyrketrener\/#primaryimage\"},\"thumbnailUrl\":\"https:\/\/mekulo.com\/no\/wp-content\/uploads\/sites\/10\/2026\/02\/jymisx1-1.jpg\",\"datePublished\":\"2026-02-04T17:46:31+00:00\",\"dateModified\":\"2026-02-10T09:05:24+00:00\",\"breadcrumb\":{\"@id\":\"https:\/\/mekulo.com\/no\/produkt\/digital-handgrepsstyrketrener\/#breadcrumb\"},\"inLanguage\":\"nb-NO\",\"potentialAction\":[{\"@type\":\"ReadAction\",\"target\":[\"https:\/\/mekulo.com\/no\/produkt\/digital-handgrepsstyrketrener\/\"]}]},{\"@type\":\"ImageObject\",\"inLanguage\":\"nb-NO\",\"@id\":\"https:\/\/mekulo.com\/no\/produkt\/digital-handgrepsstyrketrener\/#primaryimage\",\"url\":\"https:\/\/mekulo.com\/no\/wp-content\/uploads\/sites\/10\/2026\/02\/jymisx1-1.jpg\",\"contentUrl\":\"https:\/\/mekulo.com\/no\/wp-content\/uploads\/sites\/10\/2026\/02\/jymisx1-1.jpg\",\"width\":960,\"height\":960},{\"@type\":\"BreadcrumbList\",\"@id\":\"https:\/\/mekulo.com\/no\/produkt\/digital-handgrepsstyrketrener\/#breadcrumb\",\"itemListElement\":[{\"@type\":\"ListItem\",\"position\":1,\"name\":\"Home\",\"item\":\"https:\/\/mekulo.com\/no\/\"},{\"@type\":\"ListItem\",\"position\":2,\"name\":\"Butikk\",\"item\":\"https:\/\/mekulo.com\/no\/butikk\/\"},{\"@type\":\"ListItem\",\"position\":3,\"name\":\"Digital h\u00e5ndgrepsstyrketrener\"}]},{\"@type\":\"WebSite\",\"@id\":\"https:\/\/mekulo.com\/no\/#website\",\"url\":\"https:\/\/mekulo.com\/no\/\",\"name\":\"Mekulo NO\",\"description\":\"\",\"publisher\":{\"@id\":\"https:\/\/mekulo.com\/no\/#organization\"},\"potentialAction\":[{\"@type\":\"SearchAction\",\"target\":{\"@type\":\"EntryPoint\",\"urlTemplate\":\"https:\/\/mekulo.com\/no\/?s={search_term_string}\"},\"query-input\":{\"@type\":\"PropertyValueSpecification\",\"valueRequired\":true,\"valueName\":\"search_term_string\"}}],\"inLanguage\":\"nb-NO\"},{\"@type\":\"Organization\",\"@id\":\"https:\/\/mekulo.com\/no\/#organization\",\"name\":\"Mekulo\",\"url\":\"https:\/\/mekulo.com\/no\/\",\"logo\":{\"@type\":\"ImageObject\",\"inLanguage\":\"nb-NO\",\"@id\":\"https:\/\/mekulo.com\/no\/#\/schema\/logo\/image\/\",\"url\":\"https:\/\/mekulo.com\/no\/wp-content\/uploads\/sites\/10\/2025\/12\/favicon_mekulo.png\",\"contentUrl\":\"https:\/\/mekulo.com\/no\/wp-content\/uploads\/sites\/10\/2025\/12\/favicon_mekulo.png\",\"width\":50,\"height\":50,\"caption\":\"Mekulo\"},\"image\":{\"@id\":\"https:\/\/mekulo.com\/no\/#\/schema\/logo\/image\/\"}}]}<\/script>\n<!-- \/ Yoast SEO plugin. -->","yoast_head_json":{"title":"Digital h\u00e5ndgrepsstyrketrener - Mekulo NO","robots":{"index":"index","follow":"follow","max-snippet":"max-snippet:-1","max-image-preview":"max-image-preview:large","max-video-preview":"max-video-preview:-1"},"canonical":"https:\/\/mekulo.com\/no\/produkt\/digital-handgrepsstyrketrener\/","og_locale":"nb_NO","og_type":"article","og_title":"Digital h\u00e5ndgrepsstyrketrener - Mekulo NO","og_description":"\ud83e\udd1aDenne digitale h\u00e5ndgrepstreneren hjelper deg med \u00e5 bygge h\u00e5ndstyrke samtidig som du kan f\u00f8lge fremgangen din n\u00f8yaktig p\u00e5 en tydelig LED-skjerm. \ud83d\udcaaDen er ideell for daglig trening, rehabilitering, eksamener og helserutiner for eldre. \ud83e\udde0Denne smarte treneren gj\u00f8r enkle klemminger til m\u00e5lbare resultater du kan se og forbedre hver dag.","og_url":"https:\/\/mekulo.com\/no\/produkt\/digital-handgrepsstyrketrener\/","og_site_name":"Mekulo NO","article_modified_time":"2026-02-10T09:05:24+00:00","og_image":[{"width":960,"height":960,"url":"https:\/\/mekulo.com\/no\/wp-content\/uploads\/sites\/10\/2026\/02\/jymisx1-1.jpg","type":"image\/jpeg"}],"twitter_card":"summary_large_image","twitter_misc":{"Ansl. lesetid":"2 minutter"},"schema":{"@context":"https:\/\/schema.org","@graph":[{"@type":"WebPage","@id":"https:\/\/mekulo.com\/no\/produkt\/digital-handgrepsstyrketrener\/","url":"https:\/\/mekulo.com\/no\/produkt\/digital-handgrepsstyrketrener\/","name":"Digital h\u00e5ndgrepsstyrketrener - Mekulo NO","isPartOf":{"@id":"https:\/\/mekulo.com\/no\/#website"},"primaryImageOfPage":{"@id":"https:\/\/mekulo.com\/no\/produkt\/digital-handgrepsstyrketrener\/#primaryimage"},"image":{"@id":"https:\/\/mekulo.com\/no\/produkt\/digital-handgrepsstyrketrener\/#primaryimage"},"thumbnailUrl":"https:\/\/mekulo.com\/no\/wp-content\/uploads\/sites\/10\/2026\/02\/jymisx1-1.jpg","datePublished":"2026-02-04T17:46:31+00:00","dateModified":"2026-02-10T09:05:24+00:00","breadcrumb":{"@id":"https:\/\/mekulo.com\/no\/produkt\/digital-handgrepsstyrketrener\/#breadcrumb"},"inLanguage":"nb-NO","potentialAction":[{"@type":"ReadAction","target":["https:\/\/mekulo.com\/no\/produkt\/digital-handgrepsstyrketrener\/"]}]},{"@type":"ImageObject","inLanguage":"nb-NO","@id":"https:\/\/mekulo.com\/no\/produkt\/digital-handgrepsstyrketrener\/#primaryimage","url":"https:\/\/mekulo.com\/no\/wp-content\/uploads\/sites\/10\/2026\/02\/jymisx1-1.jpg","contentUrl":"https:\/\/mekulo.com\/no\/wp-content\/uploads\/sites\/10\/2026\/02\/jymisx1-1.jpg","width":960,"height":960},{"@type":"BreadcrumbList","@id":"https:\/\/mekulo.com\/no\/produkt\/digital-handgrepsstyrketrener\/#breadcrumb","itemListElement":[{"@type":"ListItem","position":1,"name":"Home","item":"https:\/\/mekulo.com\/no\/"},{"@type":"ListItem","position":2,"name":"Butikk","item":"https:\/\/mekulo.com\/no\/butikk\/"},{"@type":"ListItem","position":3,"name":"Digital h\u00e5ndgrepsstyrketrener"}]},{"@type":"WebSite","@id":"https:\/\/mekulo.com\/no\/#website","url":"https:\/\/mekulo.com\/no\/","name":"Mekulo NO","description":"","publisher":{"@id":"https:\/\/mekulo.com\/no\/#organization"},"potentialAction":[{"@type":"SearchAction","target":{"@type":"EntryPoint","urlTemplate":"https:\/\/mekulo.com\/no\/?s={search_term_string}"},"query-input":{"@type":"PropertyValueSpecification","valueRequired":true,"valueName":"search_term_string"}}],"inLanguage":"nb-NO"},{"@type":"Organization","@id":"https:\/\/mekulo.com\/no\/#organization","name":"Mekulo","url":"https:\/\/mekulo.com\/no\/","logo":{"@type":"ImageObject","inLanguage":"nb-NO","@id":"https:\/\/mekulo.com\/no\/#\/schema\/logo\/image\/","url":"https:\/\/mekulo.com\/no\/wp-content\/uploads\/sites\/10\/2025\/12\/favicon_mekulo.png","contentUrl":"https:\/\/mekulo.com\/no\/wp-content\/uploads\/sites\/10\/2025\/12\/favicon_mekulo.png","width":50,"height":50,"caption":"Mekulo"},"image":{"@id":"https:\/\/mekulo.com\/no\/#\/schema\/logo\/image\/"}}]}},"_links":{"self":[{"href":"https:\/\/mekulo.com\/no\/wp-json\/wp\/v2\/product\/21463","targetHints":{"allow":["GET"]}}],"collection":[{"href":"https:\/\/mekulo.com\/no\/wp-json\/wp\/v2\/product"}],"about":[{"href":"https:\/\/mekulo.com\/no\/wp-json\/wp\/v2\/types\/product"}],"replies":[{"embeddable":true,"href":"https:\/\/mekulo.com\/no\/wp-json\/wp\/v2\/comments?post=21463"}],"wp:featuredmedia":[{"embeddable":true,"href":"https:\/\/mekulo.com\/no\/wp-json\/wp\/v2\/media\/21459"}],"wp:attachment":[{"href":"https:\/\/mekulo.com\/no\/wp-json\/wp\/v2\/media?parent=21463"}],"wp:term":[{"taxonomy":"product_brand","embeddable":true,"href":"https:\/\/mekulo.com\/no\/wp-json\/wp\/v2\/product_brand?post=21463"},{"taxonomy":"product_cat","embeddable":true,"href":"https:\/\/mekulo.com\/no\/wp-json\/wp\/v2\/product_cat?post=21463"},{"taxonomy":"product_tag","embeddable":true,"href":"https:\/\/mekulo.com\/no\/wp-json\/wp\/v2\/product_tag?post=21463"}],"curies":[{"name":"wp","href":"https:\/\/api.w.org\/{rel}","templated":true}]}}