{"id":21445,"date":"2026-02-04T19:44:44","date_gmt":"2026-02-04T17:44:44","guid":{"rendered":"https:\/\/mekulo.com\/no\/produkt\/baerbar-minivaskemaskin\/"},"modified":"2026-02-04T19:44:55","modified_gmt":"2026-02-04T17:44:55","slug":"baerbar-minivaskemaskin","status":"publish","type":"product","link":"https:\/\/mekulo.com\/no\/produkt\/baerbar-minivaskemaskin\/","title":{"rendered":"B\u00e6rbar minivaskemaskin"},"content":{"rendered":"<p style=\"text-align: center\" data-start=\"0\" data-end=\"68\"><strong data-start=\"0\" data-end=\"68\">Vask sm\u00e5 kl\u00e6r hvor som helst uten en vaskemaskin i full st\u00f8rrelse. \ud83d\udc5a<\/strong><\/p>\n<p data-start=\"0\" data-end=\"68\"><img fetchpriority=\"high\" decoding=\"async\" class=\"size-full wp-image-23250 aligncenter\" src=\"https:\/\/mekulo.com\/template\/wp-content\/uploads\/sites\/6\/2026\/02\/S17133d1517804fcab41d83f2a7a4055bz.avif\" alt=\"\" width=\"800\" height=\"800\" \/><\/p>\n<h2 style=\"text-align: center\" data-start=\"399\" data-end=\"416\"><strong>Hovedfordeler \ud83e\udde6<\/strong><\/h2>\n<p data-start=\"419\" data-end=\"472\">\ud83e\uddfa B\u00e6rbar og kompakt &#8211; Enkel \u00e5 b\u00e6re og oppbevare.<\/p>\n<p data-start=\"475\" data-end=\"542\">\ud83d\udc76 Sk\u00e5nsom vask &#8211; Ideell for babykl\u00e6r og delikate gjenstander.<\/p>\n<p data-start=\"545\" data-end=\"611\">\u26a1 Energisparende design &#8211; Ingen vannp\u00e5fylling eller drenering n\u00f8dvendig.<\/p>\n<p data-start=\"614\" data-end=\"673\">\ud83d\udd0b Oppladbar kraft &#8211; Fungerer 15-20 vasker per lading.<\/p>\n<p data-start=\"676\" data-end=\"738\">\u23f1\ufe0f Enkel timerkontroll &#8211; To vaskemodus med automatisk tilbakestilling.<\/p>\n<p data-start=\"741\" data-end=\"802\">\ud83e\uddfc Dyp rengj\u00f8ring &#8211; Kraftig motor for effektiv vask.<\/p>\n<p data-start=\"741\" data-end=\"802\"><img decoding=\"async\" class=\"size-full wp-image-23251 aligncenter\" src=\"https:\/\/mekulo.com\/template\/wp-content\/uploads\/sites\/6\/2026\/02\/333898e50845dd56405a197b3ce8cda0b80cb76e-700.avif\" alt=\"\" \/><\/p>\n<h2 style=\"text-align: center\" data-start=\"804\" data-end=\"818\"><strong>Hvordan Du Bruker \ud83d\udccc<\/strong><\/h2>\n<ol data-start=\"819\" data-end=\"1069\">\n<li data-start=\"819\" data-end=\"879\">\n<p data-start=\"822\" data-end=\"879\">Plasser minivaskemaskinen i en beholder eller kum.<\/p>\n<\/li>\n<li data-start=\"880\" data-end=\"921\">\n<p data-start=\"883\" data-end=\"921\">tilsett kl\u00e6r og vaskemiddel etter behov.<\/p>\n<\/li>\n<li data-start=\"922\" data-end=\"969\">\n<p data-start=\"925\" data-end=\"969\">vri p\u00e5 timerknappen for \u00e5 velge en vaskemodus.<\/p>\n<\/li>\n<li data-start=\"970\" data-end=\"1024\">\n<p data-start=\"973\" data-end=\"1024\">la maskinen g\u00e5 til den stopper automatisk.<\/p>\n<\/li>\n<li data-start=\"1025\" data-end=\"1069\">\n<p data-start=\"1028\" data-end=\"1069\">skyll og t\u00f8rk kl\u00e6rne dine etter vask.<\/p>\n<\/li>\n<\/ol>\n<h2 style=\"text-align: center\" data-start=\"1071\" data-end=\"1090\"><strong>Produktdetaljer \ud83d\udccf<\/strong><\/h2>\n<ul data-start=\"1091\" data-end=\"1360\">\n<li data-start=\"1131\" data-end=\"1157\">\n<p data-start=\"1133\" data-end=\"1157\">Materiale: TPE silikon<\/p>\n<\/li>\n<li data-start=\"1158\" data-end=\"1181\">\n<p data-start=\"1160\" data-end=\"1181\">Kraft: Oppladbar<\/p>\n<\/li>\n<li data-start=\"1182\" data-end=\"1214\">\n<p data-start=\"1184\" data-end=\"1214\">Ladetid: Ca. 2 timer (du kan lade med hvilken som helst USB-ladekabel)<\/p>\n<\/li>\n<li data-start=\"1215\" data-end=\"1249\">\n<p data-start=\"1217\" data-end=\"1249\">Bruk per lading: 15-20 sykluser<\/p>\n<\/li>\n<li data-start=\"1250\" data-end=\"1292\">\n<p data-start=\"1252\" data-end=\"1292\">Vaskemodus: 2 moduser med timerkontroll<\/p>\n<\/li>\n<li data-start=\"1293\" data-end=\"1360\">\n<p data-start=\"1295\" data-end=\"1360\">Bruk til: Babykl\u00e6r, undert\u00f8y, sokker, h\u00e5ndkl\u00e6r, lette plagg<\/p>\n<\/li>\n<li data-start=\"1293\" data-end=\"1360\">\n<p data-start=\"1295\" data-end=\"1360\">St\u00f8rrelse: 200 x 110 x 130 mm<\/p>\n<\/li>\n<li data-start=\"1293\" data-end=\"1360\">Ratert effekt: 12W<\/li>\n<\/ul>\n<h2 style=\"text-align: center\" data-start=\"1362\" data-end=\"1382\"><strong>Pakken Inkluderer \ud83d\udce6<\/strong><\/h2>\n<ul data-start=\"1383\" data-end=\"1418\" data-is-last-node=\"\" data-is-only-node=\"\">\n<li data-start=\"1383\" data-end=\"1418\" data-is-last-node=\"\">\n<p data-start=\"1385\" data-end=\"1418\" data-is-last-node=\"\">1x b\u00e6rbar minivaskemaskin.<\/p>\n<\/li>\n<\/ul>\n","protected":false},"excerpt":{"rendered":"<p>\ud83d\udca6Denne b\u00e6rbare minivaskemaskinen er designet for rask og sk\u00e5nsom rengj\u00f8ring av lette ting som undert\u00f8y, babykl\u00e6r og sokker.<br \/>\n\ud83e\udee7Den kompakte st\u00f8rrelsen gj\u00f8r den perfekt for reiser, sovesaler, camping eller sm\u00e5 oppholdsrom.<br \/>\n\ud83d\udc76Denne minivaskemaskinen sparer vann, energi og tid, samtidig som den holder de viktigste tingene dine friske uansett hvor du g\u00e5r.<\/p>\n","protected":false},"featured_media":21441,"comment_status":"open","ping_status":"closed","template":"","meta":{"site-sidebar-layout":"default","site-content-layout":"","ast-site-content-layout":"default","site-content-style":"default","site-sidebar-style":"default","ast-global-header-display":"","ast-banner-title-visibility":"","ast-main-header-display":"","ast-hfb-above-header-display":"","ast-hfb-below-header-display":"","ast-hfb-mobile-header-display":"","site-post-title":"","ast-breadcrumbs-content":"","ast-featured-img":"","footer-sml-layout":"","theme-transparent-header-meta":"default","adv-header-id-meta":"","stick-header-meta":"","header-above-stick-meta":"","header-main-stick-meta":"","header-below-stick-meta":"","astra-migrate-meta-layouts":"set","ast-page-background-enabled":"default","ast-page-background-meta":{"desktop":{"background-color":"var(--ast-global-color-5)","background-image":"","background-repeat":"repeat","background-position":"center center","background-size":"auto","background-attachment":"scroll","background-type":"","background-media":"","overlay-type":"","overlay-color":"","overlay-opacity":"","overlay-gradient":""},"tablet":{"background-color":"","background-image":"","background-repeat":"repeat","background-position":"center center","background-size":"auto","background-attachment":"scroll","background-type":"","background-media":"","overlay-type":"","overlay-color":"","overlay-opacity":"","overlay-gradient":""},"mobile":{"background-color":"","background-image":"","background-repeat":"repeat","background-position":"center center","background-size":"auto","background-attachment":"scroll","background-type":"","background-media":"","overlay-type":"","overlay-color":"","overlay-opacity":"","overlay-gradient":""}},"ast-content-background-meta":{"desktop":{"background-color":"var(--ast-global-color-4)","background-image":"","background-repeat":"repeat","background-position":"center center","background-size":"auto","background-attachment":"scroll","background-type":"","background-media":"","overlay-type":"","overlay-color":"","overlay-opacity":"","overlay-gradient":""},"tablet":{"background-color":"var(--ast-global-color-4)","background-image":"","background-repeat":"repeat","background-position":"center center","background-size":"auto","background-attachment":"scroll","background-type":"","background-media":"","overlay-type":"","overlay-color":"","overlay-opacity":"","overlay-gradient":""},"mobile":{"background-color":"var(--ast-global-color-4)","background-image":"","background-repeat":"repeat","background-position":"center center","background-size":"auto","background-attachment":"scroll","background-type":"","background-media":"","overlay-type":"","overlay-color":"","overlay-opacity":"","overlay-gradient":""}}},"product_brand":[],"product_cat":[168],"product_tag":[],"class_list":{"0":"post-21445","1":"product","2":"type-product","3":"status-publish","4":"has-post-thumbnail","6":"product_cat-husholdningsartikler","7":"pa_54233_yp5py18m-gronn","8":"pa_54233_yp5py18m-lilla","9":"pa_54233_yp5py18m-rosa","10":"desktop-align-left","11":"tablet-align-left","12":"mobile-align-left","14":"first","15":"instock","16":"shipping-taxable","17":"purchasable","18":"product-type-variable"},"yoast_head":"<!-- This site is optimized with the Yoast SEO plugin v26.6 - https:\/\/yoast.com\/wordpress\/plugins\/seo\/ -->\n<title>B\u00e6rbar minivaskemaskin - Mekulo NO<\/title>\n<meta name=\"robots\" content=\"index, follow, max-snippet:-1, max-image-preview:large, max-video-preview:-1\" \/>\n<link rel=\"canonical\" href=\"https:\/\/mekulo.com\/no\/produkt\/baerbar-minivaskemaskin\/\" \/>\n<meta property=\"og:locale\" content=\"nb_NO\" \/>\n<meta property=\"og:type\" content=\"article\" \/>\n<meta property=\"og:title\" content=\"B\u00e6rbar minivaskemaskin - Mekulo NO\" \/>\n<meta property=\"og:description\" content=\"\ud83d\udca6Denne b\u00e6rbare minivaskemaskinen er designet for rask og sk\u00e5nsom rengj\u00f8ring av lette ting som undert\u00f8y, babykl\u00e6r og sokker. \ud83e\udee7Den kompakte st\u00f8rrelsen gj\u00f8r den perfekt for reiser, sovesaler, camping eller sm\u00e5 oppholdsrom. \ud83d\udc76Denne minivaskemaskinen sparer vann, energi og tid, samtidig som den holder de viktigste tingene dine friske uansett hvor du g\u00e5r.\" \/>\n<meta property=\"og:url\" content=\"https:\/\/mekulo.com\/no\/produkt\/baerbar-minivaskemaskin\/\" \/>\n<meta property=\"og:site_name\" content=\"Mekulo NO\" \/>\n<meta property=\"article:modified_time\" content=\"2026-02-04T17:44:55+00:00\" \/>\n<meta property=\"og:image\" content=\"https:\/\/mekulo.com\/no\/wp-content\/uploads\/sites\/10\/2026\/02\/zwp2xzb-1.jpg\" \/>\n\t<meta property=\"og:image:width\" content=\"800\" \/>\n\t<meta property=\"og:image:height\" content=\"800\" \/>\n\t<meta property=\"og:image:type\" content=\"image\/jpeg\" \/>\n<meta name=\"twitter:card\" content=\"summary_large_image\" \/>\n<meta name=\"twitter:label1\" content=\"Ansl. lesetid\" \/>\n\t<meta name=\"twitter:data1\" content=\"2 minutter\" \/>\n<script type=\"application\/ld+json\" class=\"yoast-schema-graph\">{\"@context\":\"https:\/\/schema.org\",\"@graph\":[{\"@type\":\"WebPage\",\"@id\":\"https:\/\/mekulo.com\/no\/produkt\/baerbar-minivaskemaskin\/\",\"url\":\"https:\/\/mekulo.com\/no\/produkt\/baerbar-minivaskemaskin\/\",\"name\":\"B\u00e6rbar minivaskemaskin - Mekulo NO\",\"isPartOf\":{\"@id\":\"https:\/\/mekulo.com\/no\/#website\"},\"primaryImageOfPage\":{\"@id\":\"https:\/\/mekulo.com\/no\/produkt\/baerbar-minivaskemaskin\/#primaryimage\"},\"image\":{\"@id\":\"https:\/\/mekulo.com\/no\/produkt\/baerbar-minivaskemaskin\/#primaryimage\"},\"thumbnailUrl\":\"https:\/\/mekulo.com\/no\/wp-content\/uploads\/sites\/10\/2026\/02\/zwp2xzb-1.jpg\",\"datePublished\":\"2026-02-04T17:44:44+00:00\",\"dateModified\":\"2026-02-04T17:44:55+00:00\",\"breadcrumb\":{\"@id\":\"https:\/\/mekulo.com\/no\/produkt\/baerbar-minivaskemaskin\/#breadcrumb\"},\"inLanguage\":\"nb-NO\",\"potentialAction\":[{\"@type\":\"ReadAction\",\"target\":[\"https:\/\/mekulo.com\/no\/produkt\/baerbar-minivaskemaskin\/\"]}]},{\"@type\":\"ImageObject\",\"inLanguage\":\"nb-NO\",\"@id\":\"https:\/\/mekulo.com\/no\/produkt\/baerbar-minivaskemaskin\/#primaryimage\",\"url\":\"https:\/\/mekulo.com\/no\/wp-content\/uploads\/sites\/10\/2026\/02\/zwp2xzb-1.jpg\",\"contentUrl\":\"https:\/\/mekulo.com\/no\/wp-content\/uploads\/sites\/10\/2026\/02\/zwp2xzb-1.jpg\",\"width\":800,\"height\":800},{\"@type\":\"BreadcrumbList\",\"@id\":\"https:\/\/mekulo.com\/no\/produkt\/baerbar-minivaskemaskin\/#breadcrumb\",\"itemListElement\":[{\"@type\":\"ListItem\",\"position\":1,\"name\":\"Home\",\"item\":\"https:\/\/mekulo.com\/no\/\"},{\"@type\":\"ListItem\",\"position\":2,\"name\":\"Butikk\",\"item\":\"https:\/\/mekulo.com\/no\/butikk\/\"},{\"@type\":\"ListItem\",\"position\":3,\"name\":\"B\u00e6rbar minivaskemaskin\"}]},{\"@type\":\"WebSite\",\"@id\":\"https:\/\/mekulo.com\/no\/#website\",\"url\":\"https:\/\/mekulo.com\/no\/\",\"name\":\"Mekulo NO\",\"description\":\"\",\"publisher\":{\"@id\":\"https:\/\/mekulo.com\/no\/#organization\"},\"potentialAction\":[{\"@type\":\"SearchAction\",\"target\":{\"@type\":\"EntryPoint\",\"urlTemplate\":\"https:\/\/mekulo.com\/no\/?s={search_term_string}\"},\"query-input\":{\"@type\":\"PropertyValueSpecification\",\"valueRequired\":true,\"valueName\":\"search_term_string\"}}],\"inLanguage\":\"nb-NO\"},{\"@type\":\"Organization\",\"@id\":\"https:\/\/mekulo.com\/no\/#organization\",\"name\":\"Mekulo\",\"url\":\"https:\/\/mekulo.com\/no\/\",\"logo\":{\"@type\":\"ImageObject\",\"inLanguage\":\"nb-NO\",\"@id\":\"https:\/\/mekulo.com\/no\/#\/schema\/logo\/image\/\",\"url\":\"https:\/\/mekulo.com\/no\/wp-content\/uploads\/sites\/10\/2025\/12\/favicon_mekulo.png\",\"contentUrl\":\"https:\/\/mekulo.com\/no\/wp-content\/uploads\/sites\/10\/2025\/12\/favicon_mekulo.png\",\"width\":50,\"height\":50,\"caption\":\"Mekulo\"},\"image\":{\"@id\":\"https:\/\/mekulo.com\/no\/#\/schema\/logo\/image\/\"}}]}<\/script>\n<!-- \/ Yoast SEO plugin. -->","yoast_head_json":{"title":"B\u00e6rbar minivaskemaskin - Mekulo NO","robots":{"index":"index","follow":"follow","max-snippet":"max-snippet:-1","max-image-preview":"max-image-preview:large","max-video-preview":"max-video-preview:-1"},"canonical":"https:\/\/mekulo.com\/no\/produkt\/baerbar-minivaskemaskin\/","og_locale":"nb_NO","og_type":"article","og_title":"B\u00e6rbar minivaskemaskin - Mekulo NO","og_description":"\ud83d\udca6Denne b\u00e6rbare minivaskemaskinen er designet for rask og sk\u00e5nsom rengj\u00f8ring av lette ting som undert\u00f8y, babykl\u00e6r og sokker. \ud83e\udee7Den kompakte st\u00f8rrelsen gj\u00f8r den perfekt for reiser, sovesaler, camping eller sm\u00e5 oppholdsrom. \ud83d\udc76Denne minivaskemaskinen sparer vann, energi og tid, samtidig som den holder de viktigste tingene dine friske uansett hvor du g\u00e5r.","og_url":"https:\/\/mekulo.com\/no\/produkt\/baerbar-minivaskemaskin\/","og_site_name":"Mekulo NO","article_modified_time":"2026-02-04T17:44:55+00:00","og_image":[{"width":800,"height":800,"url":"https:\/\/mekulo.com\/no\/wp-content\/uploads\/sites\/10\/2026\/02\/zwp2xzb-1.jpg","type":"image\/jpeg"}],"twitter_card":"summary_large_image","twitter_misc":{"Ansl. lesetid":"2 minutter"},"schema":{"@context":"https:\/\/schema.org","@graph":[{"@type":"WebPage","@id":"https:\/\/mekulo.com\/no\/produkt\/baerbar-minivaskemaskin\/","url":"https:\/\/mekulo.com\/no\/produkt\/baerbar-minivaskemaskin\/","name":"B\u00e6rbar minivaskemaskin - Mekulo NO","isPartOf":{"@id":"https:\/\/mekulo.com\/no\/#website"},"primaryImageOfPage":{"@id":"https:\/\/mekulo.com\/no\/produkt\/baerbar-minivaskemaskin\/#primaryimage"},"image":{"@id":"https:\/\/mekulo.com\/no\/produkt\/baerbar-minivaskemaskin\/#primaryimage"},"thumbnailUrl":"https:\/\/mekulo.com\/no\/wp-content\/uploads\/sites\/10\/2026\/02\/zwp2xzb-1.jpg","datePublished":"2026-02-04T17:44:44+00:00","dateModified":"2026-02-04T17:44:55+00:00","breadcrumb":{"@id":"https:\/\/mekulo.com\/no\/produkt\/baerbar-minivaskemaskin\/#breadcrumb"},"inLanguage":"nb-NO","potentialAction":[{"@type":"ReadAction","target":["https:\/\/mekulo.com\/no\/produkt\/baerbar-minivaskemaskin\/"]}]},{"@type":"ImageObject","inLanguage":"nb-NO","@id":"https:\/\/mekulo.com\/no\/produkt\/baerbar-minivaskemaskin\/#primaryimage","url":"https:\/\/mekulo.com\/no\/wp-content\/uploads\/sites\/10\/2026\/02\/zwp2xzb-1.jpg","contentUrl":"https:\/\/mekulo.com\/no\/wp-content\/uploads\/sites\/10\/2026\/02\/zwp2xzb-1.jpg","width":800,"height":800},{"@type":"BreadcrumbList","@id":"https:\/\/mekulo.com\/no\/produkt\/baerbar-minivaskemaskin\/#breadcrumb","itemListElement":[{"@type":"ListItem","position":1,"name":"Home","item":"https:\/\/mekulo.com\/no\/"},{"@type":"ListItem","position":2,"name":"Butikk","item":"https:\/\/mekulo.com\/no\/butikk\/"},{"@type":"ListItem","position":3,"name":"B\u00e6rbar minivaskemaskin"}]},{"@type":"WebSite","@id":"https:\/\/mekulo.com\/no\/#website","url":"https:\/\/mekulo.com\/no\/","name":"Mekulo NO","description":"","publisher":{"@id":"https:\/\/mekulo.com\/no\/#organization"},"potentialAction":[{"@type":"SearchAction","target":{"@type":"EntryPoint","urlTemplate":"https:\/\/mekulo.com\/no\/?s={search_term_string}"},"query-input":{"@type":"PropertyValueSpecification","valueRequired":true,"valueName":"search_term_string"}}],"inLanguage":"nb-NO"},{"@type":"Organization","@id":"https:\/\/mekulo.com\/no\/#organization","name":"Mekulo","url":"https:\/\/mekulo.com\/no\/","logo":{"@type":"ImageObject","inLanguage":"nb-NO","@id":"https:\/\/mekulo.com\/no\/#\/schema\/logo\/image\/","url":"https:\/\/mekulo.com\/no\/wp-content\/uploads\/sites\/10\/2025\/12\/favicon_mekulo.png","contentUrl":"https:\/\/mekulo.com\/no\/wp-content\/uploads\/sites\/10\/2025\/12\/favicon_mekulo.png","width":50,"height":50,"caption":"Mekulo"},"image":{"@id":"https:\/\/mekulo.com\/no\/#\/schema\/logo\/image\/"}}]}},"_links":{"self":[{"href":"https:\/\/mekulo.com\/no\/wp-json\/wp\/v2\/product\/21445","targetHints":{"allow":["GET"]}}],"collection":[{"href":"https:\/\/mekulo.com\/no\/wp-json\/wp\/v2\/product"}],"about":[{"href":"https:\/\/mekulo.com\/no\/wp-json\/wp\/v2\/types\/product"}],"replies":[{"embeddable":true,"href":"https:\/\/mekulo.com\/no\/wp-json\/wp\/v2\/comments?post=21445"}],"wp:featuredmedia":[{"embeddable":true,"href":"https:\/\/mekulo.com\/no\/wp-json\/wp\/v2\/media\/21441"}],"wp:attachment":[{"href":"https:\/\/mekulo.com\/no\/wp-json\/wp\/v2\/media?parent=21445"}],"wp:term":[{"taxonomy":"product_brand","embeddable":true,"href":"https:\/\/mekulo.com\/no\/wp-json\/wp\/v2\/product_brand?post=21445"},{"taxonomy":"product_cat","embeddable":true,"href":"https:\/\/mekulo.com\/no\/wp-json\/wp\/v2\/product_cat?post=21445"},{"taxonomy":"product_tag","embeddable":true,"href":"https:\/\/mekulo.com\/no\/wp-json\/wp\/v2\/product_tag?post=21445"}],"curies":[{"name":"wp","href":"https:\/\/api.w.org\/{rel}","templated":true}]}}