{"id":21427,"date":"2026-02-04T19:43:37","date_gmt":"2026-02-04T17:43:37","guid":{"rendered":"https:\/\/mekulo.com\/no\/produkt\/kjokkenrulleholder-uten-boring\/"},"modified":"2026-02-04T20:36:31","modified_gmt":"2026-02-04T18:36:31","slug":"kjokkenrulleholder-uten-boring","status":"publish","type":"product","link":"https:\/\/mekulo.com\/no\/produkt\/kjokkenrulleholder-uten-boring\/","title":{"rendered":"Kj\u00f8kkenrulleholder uten boring"},"content":{"rendered":"<p style=\"text-align: center\" data-start=\"0\" data-end=\"70\"><strong data-start=\"0\" data-end=\"70\">Monter papirh\u00e5ndkl\u00e6rne dine umiddelbart uten \u00e5 bore eller skade veggen. \ud83d\udc69\u200d\ud83c\udf73<\/strong><\/p>\n<p data-start=\"0\" data-end=\"70\"><img fetchpriority=\"high\" decoding=\"async\" class=\"size-full wp-image-23234 aligncenter\" src=\"https:\/\/mekulo.com\/template\/wp-content\/uploads\/sites\/6\/2026\/02\/2-2.jpeg\" alt=\"\" width=\"800\" height=\"800\" \/><\/p>\n<h2 style=\"text-align: center\" data-start=\"415\" data-end=\"432\">Hovedfordeler \ud83e\uddfb<\/h2>\n<p data-start=\"435\" data-end=\"508\">\ud83d\udee0\ufe0f Ingen boreinstallasjon &#8211; Sterk sugekopp monteres uten verkt\u00f8y.<\/p>\n<p data-start=\"511\" data-end=\"572\">\ud83e\uddf2 Sikkert grep &#8211; Holder seg godt p\u00e5 plass under daglig bruk.<\/p>\n<p data-start=\"575\" data-end=\"649\">\ud83e\uddfb Enkel utskifting av ruller &#8211; Passer til standard og jumbo papirh\u00e5ndkleruller.<\/p>\n<p data-start=\"652\" data-end=\"718\">\ud83c\udf3f Elegant trefinish &#8211; Matcher moderne og klassiske kj\u00f8kken.<\/p>\n<p data-start=\"721\" data-end=\"793\">\ud83d\udca7 Rustbestandige materialer &#8211; Ideell for fuktige kj\u00f8kkenmilj\u00f8er.<\/p>\n<p data-start=\"796\" data-end=\"857\">\ud83d\udd04 Flerbruksbruk &#8211; holder papirh\u00e5ndkl\u00e6r eller oppvaskkluter.<\/p>\n<p data-start=\"796\" data-end=\"857\"><img decoding=\"async\" class=\"size-full wp-image-23237 aligncenter\" src=\"https:\/\/mekulo.com\/template\/wp-content\/uploads\/sites\/6\/2026\/02\/5-1.jpeg\" alt=\"\" width=\"800\" height=\"800\" \/><\/p>\n<h2 style=\"text-align: center\" data-start=\"859\" data-end=\"873\">Hvordan Du Bruker \ud83d\udccc<\/h2>\n<ol data-start=\"874\" data-end=\"1120\">\n<li data-start=\"874\" data-end=\"934\">\n<p data-start=\"877\" data-end=\"934\">Rengj\u00f8r og t\u00f8rk en glatt overflate (fliser, glass eller metall).<\/p>\n<\/li>\n<li data-start=\"935\" data-end=\"989\">\n<p data-start=\"938\" data-end=\"989\">trykk sugekoppen godt mot overflaten.<\/p>\n<\/li>\n<li data-start=\"990\" data-end=\"1033\">\n<p data-start=\"993\" data-end=\"1033\">l\u00e5s suget for \u00e5 feste holderen.<\/p>\n<\/li>\n<li data-start=\"1034\" data-end=\"1080\">\n<p data-start=\"1037\" data-end=\"1080\">sett inn papirh\u00e5ndklerullen p\u00e5 stangen.<\/p>\n<\/li>\n<li data-start=\"1081\" data-end=\"1120\">\n<p data-start=\"1084\" data-end=\"1120\">trekk h\u00e5ndkl\u00e6r jevnt fra alle vinkler.<\/p>\n<\/li>\n<\/ol>\n<h2 style=\"text-align: center\" data-start=\"1122\" data-end=\"1141\">Produktdetaljer \ud83d\udccf<\/h2>\n<ul data-start=\"1142\" data-end=\"1396\">\n<li data-start=\"1142\" data-end=\"1182\">\n<p data-start=\"1144\" data-end=\"1182\">Installasjon: Sugefeste uten \u00e5 bore<\/p>\n<\/li>\n<li data-start=\"1183\" data-end=\"1227\">\n<p data-start=\"1185\" data-end=\"1227\">Monteringsalternativer: Horisontalt eller vertikalt<\/p>\n<\/li>\n<li data-start=\"1228\" data-end=\"1263\">\n<p data-start=\"1230\" data-end=\"1263\">Materiale: Tre + jern + plast<\/p>\n<\/li>\n<li data-start=\"1301\" data-end=\"1356\">\n<p data-start=\"1303\" data-end=\"1356\">Design: Fj\u00e6rbelastet stang for kontrollert dispensering<\/p>\n<\/li>\n<li data-start=\"1357\" data-end=\"1396\">\n<p data-start=\"1359\" data-end=\"1396\">Bruk: Papirh\u00e5ndkl\u00e6r eller kj\u00f8kkenkluter<\/p>\n<\/li>\n<li data-start=\"1357\" data-end=\"1396\">St\u00f8rrelse: 30,4 x 11,9 x 5,4 cm<\/li>\n<\/ul>\n<h2 style=\"text-align: center\" data-start=\"1398\" data-end=\"1418\">Pakken Inkluderer \ud83d\udce6<\/h2>\n<ul data-start=\"1419\" data-end=\"1460\" data-is-last-node=\"\" data-is-only-node=\"\">\n<li data-start=\"1419\" data-end=\"1460\" data-is-last-node=\"\">\n<p data-start=\"1421\" data-end=\"1460\" data-is-last-node=\"\">1, 2x no-drill kj\u00f8kkenpapirh\u00e5ndkleholder.<\/p>\n<\/li>\n<\/ul>\n","protected":false},"excerpt":{"rendered":"<p>\ud83e\uddfbDenne kj\u00f8kkenh\u00e5ndkleholderen uten boring bruker et sterkt sugesystem for \u00e5 feste sikkert til glatte overflater, slik at du alltid har t\u00f8rkepapiret innen rekkevidde.<br \/>\n\ud83c\udfe0Den fungerer perfekt p\u00e5 kj\u00f8kken, i leiligheter eller utleieboliger der boring ikke er et alternativ.<br \/>\n\ud83d\udd2aDenne smarte holderen sparer plass, beskytter veggene dine og gj\u00f8r de daglige kj\u00f8kkenoppgavene enklere.<\/p>\n","protected":false},"featured_media":21423,"comment_status":"open","ping_status":"closed","template":"","meta":{"site-sidebar-layout":"default","site-content-layout":"","ast-site-content-layout":"default","site-content-style":"default","site-sidebar-style":"default","ast-global-header-display":"","ast-banner-title-visibility":"","ast-main-header-display":"","ast-hfb-above-header-display":"","ast-hfb-below-header-display":"","ast-hfb-mobile-header-display":"","site-post-title":"","ast-breadcrumbs-content":"","ast-featured-img":"","footer-sml-layout":"","theme-transparent-header-meta":"default","adv-header-id-meta":"","stick-header-meta":"","header-above-stick-meta":"","header-main-stick-meta":"","header-below-stick-meta":"","astra-migrate-meta-layouts":"set","ast-page-background-enabled":"default","ast-page-background-meta":{"desktop":{"background-color":"var(--ast-global-color-5)","background-image":"","background-repeat":"repeat","background-position":"center center","background-size":"auto","background-attachment":"scroll","background-type":"","background-media":"","overlay-type":"","overlay-color":"","overlay-opacity":"","overlay-gradient":""},"tablet":{"background-color":"","background-image":"","background-repeat":"repeat","background-position":"center center","background-size":"auto","background-attachment":"scroll","background-type":"","background-media":"","overlay-type":"","overlay-color":"","overlay-opacity":"","overlay-gradient":""},"mobile":{"background-color":"","background-image":"","background-repeat":"repeat","background-position":"center center","background-size":"auto","background-attachment":"scroll","background-type":"","background-media":"","overlay-type":"","overlay-color":"","overlay-opacity":"","overlay-gradient":""}},"ast-content-background-meta":{"desktop":{"background-color":"var(--ast-global-color-4)","background-image":"","background-repeat":"repeat","background-position":"center center","background-size":"auto","background-attachment":"scroll","background-type":"","background-media":"","overlay-type":"","overlay-color":"","overlay-opacity":"","overlay-gradient":""},"tablet":{"background-color":"var(--ast-global-color-4)","background-image":"","background-repeat":"repeat","background-position":"center center","background-size":"auto","background-attachment":"scroll","background-type":"","background-media":"","overlay-type":"","overlay-color":"","overlay-opacity":"","overlay-gradient":""},"mobile":{"background-color":"var(--ast-global-color-4)","background-image":"","background-repeat":"repeat","background-position":"center center","background-size":"auto","background-attachment":"scroll","background-type":"","background-media":"","overlay-type":"","overlay-color":"","overlay-opacity":"","overlay-gradient":""}}},"product_brand":[],"product_cat":[168],"product_tag":[],"class_list":{"0":"post-21427","1":"product","2":"type-product","3":"status-publish","4":"has-post-thumbnail","6":"product_cat-husholdningsartikler","7":"pa_54226_0q0m8l0w-a","8":"pa_54226_0q0m8l0w-b","9":"pa_54226_21f28u9u-1-stk","10":"pa_54226_21f28u9u-2-stk","11":"desktop-align-left","12":"tablet-align-left","13":"mobile-align-left","15":"first","16":"instock","17":"shipping-taxable","18":"purchasable","19":"product-type-variable","20":"has-default-attributes"},"yoast_head":"<!-- This site is optimized with the Yoast SEO plugin v26.6 - https:\/\/yoast.com\/wordpress\/plugins\/seo\/ -->\n<title>Kj\u00f8kkenrulleholder uten boring - Mekulo NO<\/title>\n<meta name=\"robots\" content=\"index, follow, max-snippet:-1, max-image-preview:large, max-video-preview:-1\" \/>\n<link rel=\"canonical\" href=\"https:\/\/mekulo.com\/no\/produkt\/kjokkenrulleholder-uten-boring\/\" \/>\n<meta property=\"og:locale\" content=\"nb_NO\" \/>\n<meta property=\"og:type\" content=\"article\" \/>\n<meta property=\"og:title\" content=\"Kj\u00f8kkenrulleholder uten boring - Mekulo NO\" \/>\n<meta property=\"og:description\" content=\"\ud83e\uddfbDenne kj\u00f8kkenh\u00e5ndkleholderen uten boring bruker et sterkt sugesystem for \u00e5 feste sikkert til glatte overflater, slik at du alltid har t\u00f8rkepapiret innen rekkevidde. \ud83c\udfe0Den fungerer perfekt p\u00e5 kj\u00f8kken, i leiligheter eller utleieboliger der boring ikke er et alternativ. \ud83d\udd2aDenne smarte holderen sparer plass, beskytter veggene dine og gj\u00f8r de daglige kj\u00f8kkenoppgavene enklere.\" \/>\n<meta property=\"og:url\" content=\"https:\/\/mekulo.com\/no\/produkt\/kjokkenrulleholder-uten-boring\/\" \/>\n<meta property=\"og:site_name\" content=\"Mekulo NO\" \/>\n<meta property=\"article:modified_time\" content=\"2026-02-04T18:36:31+00:00\" \/>\n<meta property=\"og:image\" content=\"https:\/\/mekulo.com\/no\/wp-content\/uploads\/sites\/10\/2026\/02\/z6umzr5-1.jpeg\" \/>\n\t<meta property=\"og:image:width\" content=\"800\" \/>\n\t<meta property=\"og:image:height\" content=\"800\" \/>\n\t<meta property=\"og:image:type\" content=\"image\/jpeg\" \/>\n<meta name=\"twitter:card\" content=\"summary_large_image\" \/>\n<meta name=\"twitter:label1\" content=\"Ansl. lesetid\" \/>\n\t<meta name=\"twitter:data1\" content=\"2 minutter\" \/>\n<script type=\"application\/ld+json\" class=\"yoast-schema-graph\">{\"@context\":\"https:\/\/schema.org\",\"@graph\":[{\"@type\":\"WebPage\",\"@id\":\"https:\/\/mekulo.com\/no\/produkt\/kjokkenrulleholder-uten-boring\/\",\"url\":\"https:\/\/mekulo.com\/no\/produkt\/kjokkenrulleholder-uten-boring\/\",\"name\":\"Kj\u00f8kkenrulleholder uten boring - Mekulo NO\",\"isPartOf\":{\"@id\":\"https:\/\/mekulo.com\/no\/#website\"},\"primaryImageOfPage\":{\"@id\":\"https:\/\/mekulo.com\/no\/produkt\/kjokkenrulleholder-uten-boring\/#primaryimage\"},\"image\":{\"@id\":\"https:\/\/mekulo.com\/no\/produkt\/kjokkenrulleholder-uten-boring\/#primaryimage\"},\"thumbnailUrl\":\"https:\/\/mekulo.com\/no\/wp-content\/uploads\/sites\/10\/2026\/02\/z6umzr5-1.jpeg\",\"datePublished\":\"2026-02-04T17:43:37+00:00\",\"dateModified\":\"2026-02-04T18:36:31+00:00\",\"breadcrumb\":{\"@id\":\"https:\/\/mekulo.com\/no\/produkt\/kjokkenrulleholder-uten-boring\/#breadcrumb\"},\"inLanguage\":\"nb-NO\",\"potentialAction\":[{\"@type\":\"ReadAction\",\"target\":[\"https:\/\/mekulo.com\/no\/produkt\/kjokkenrulleholder-uten-boring\/\"]}]},{\"@type\":\"ImageObject\",\"inLanguage\":\"nb-NO\",\"@id\":\"https:\/\/mekulo.com\/no\/produkt\/kjokkenrulleholder-uten-boring\/#primaryimage\",\"url\":\"https:\/\/mekulo.com\/no\/wp-content\/uploads\/sites\/10\/2026\/02\/z6umzr5-1.jpeg\",\"contentUrl\":\"https:\/\/mekulo.com\/no\/wp-content\/uploads\/sites\/10\/2026\/02\/z6umzr5-1.jpeg\",\"width\":800,\"height\":800},{\"@type\":\"BreadcrumbList\",\"@id\":\"https:\/\/mekulo.com\/no\/produkt\/kjokkenrulleholder-uten-boring\/#breadcrumb\",\"itemListElement\":[{\"@type\":\"ListItem\",\"position\":1,\"name\":\"Home\",\"item\":\"https:\/\/mekulo.com\/no\/\"},{\"@type\":\"ListItem\",\"position\":2,\"name\":\"Butikk\",\"item\":\"https:\/\/mekulo.com\/no\/butikk\/\"},{\"@type\":\"ListItem\",\"position\":3,\"name\":\"Kj\u00f8kkenrulleholder uten boring\"}]},{\"@type\":\"WebSite\",\"@id\":\"https:\/\/mekulo.com\/no\/#website\",\"url\":\"https:\/\/mekulo.com\/no\/\",\"name\":\"Mekulo NO\",\"description\":\"\",\"publisher\":{\"@id\":\"https:\/\/mekulo.com\/no\/#organization\"},\"potentialAction\":[{\"@type\":\"SearchAction\",\"target\":{\"@type\":\"EntryPoint\",\"urlTemplate\":\"https:\/\/mekulo.com\/no\/?s={search_term_string}\"},\"query-input\":{\"@type\":\"PropertyValueSpecification\",\"valueRequired\":true,\"valueName\":\"search_term_string\"}}],\"inLanguage\":\"nb-NO\"},{\"@type\":\"Organization\",\"@id\":\"https:\/\/mekulo.com\/no\/#organization\",\"name\":\"Mekulo\",\"url\":\"https:\/\/mekulo.com\/no\/\",\"logo\":{\"@type\":\"ImageObject\",\"inLanguage\":\"nb-NO\",\"@id\":\"https:\/\/mekulo.com\/no\/#\/schema\/logo\/image\/\",\"url\":\"https:\/\/mekulo.com\/no\/wp-content\/uploads\/sites\/10\/2025\/12\/favicon_mekulo.png\",\"contentUrl\":\"https:\/\/mekulo.com\/no\/wp-content\/uploads\/sites\/10\/2025\/12\/favicon_mekulo.png\",\"width\":50,\"height\":50,\"caption\":\"Mekulo\"},\"image\":{\"@id\":\"https:\/\/mekulo.com\/no\/#\/schema\/logo\/image\/\"}}]}<\/script>\n<!-- \/ Yoast SEO plugin. -->","yoast_head_json":{"title":"Kj\u00f8kkenrulleholder uten boring - Mekulo NO","robots":{"index":"index","follow":"follow","max-snippet":"max-snippet:-1","max-image-preview":"max-image-preview:large","max-video-preview":"max-video-preview:-1"},"canonical":"https:\/\/mekulo.com\/no\/produkt\/kjokkenrulleholder-uten-boring\/","og_locale":"nb_NO","og_type":"article","og_title":"Kj\u00f8kkenrulleholder uten boring - Mekulo NO","og_description":"\ud83e\uddfbDenne kj\u00f8kkenh\u00e5ndkleholderen uten boring bruker et sterkt sugesystem for \u00e5 feste sikkert til glatte overflater, slik at du alltid har t\u00f8rkepapiret innen rekkevidde. \ud83c\udfe0Den fungerer perfekt p\u00e5 kj\u00f8kken, i leiligheter eller utleieboliger der boring ikke er et alternativ. \ud83d\udd2aDenne smarte holderen sparer plass, beskytter veggene dine og gj\u00f8r de daglige kj\u00f8kkenoppgavene enklere.","og_url":"https:\/\/mekulo.com\/no\/produkt\/kjokkenrulleholder-uten-boring\/","og_site_name":"Mekulo NO","article_modified_time":"2026-02-04T18:36:31+00:00","og_image":[{"width":800,"height":800,"url":"https:\/\/mekulo.com\/no\/wp-content\/uploads\/sites\/10\/2026\/02\/z6umzr5-1.jpeg","type":"image\/jpeg"}],"twitter_card":"summary_large_image","twitter_misc":{"Ansl. lesetid":"2 minutter"},"schema":{"@context":"https:\/\/schema.org","@graph":[{"@type":"WebPage","@id":"https:\/\/mekulo.com\/no\/produkt\/kjokkenrulleholder-uten-boring\/","url":"https:\/\/mekulo.com\/no\/produkt\/kjokkenrulleholder-uten-boring\/","name":"Kj\u00f8kkenrulleholder uten boring - Mekulo NO","isPartOf":{"@id":"https:\/\/mekulo.com\/no\/#website"},"primaryImageOfPage":{"@id":"https:\/\/mekulo.com\/no\/produkt\/kjokkenrulleholder-uten-boring\/#primaryimage"},"image":{"@id":"https:\/\/mekulo.com\/no\/produkt\/kjokkenrulleholder-uten-boring\/#primaryimage"},"thumbnailUrl":"https:\/\/mekulo.com\/no\/wp-content\/uploads\/sites\/10\/2026\/02\/z6umzr5-1.jpeg","datePublished":"2026-02-04T17:43:37+00:00","dateModified":"2026-02-04T18:36:31+00:00","breadcrumb":{"@id":"https:\/\/mekulo.com\/no\/produkt\/kjokkenrulleholder-uten-boring\/#breadcrumb"},"inLanguage":"nb-NO","potentialAction":[{"@type":"ReadAction","target":["https:\/\/mekulo.com\/no\/produkt\/kjokkenrulleholder-uten-boring\/"]}]},{"@type":"ImageObject","inLanguage":"nb-NO","@id":"https:\/\/mekulo.com\/no\/produkt\/kjokkenrulleholder-uten-boring\/#primaryimage","url":"https:\/\/mekulo.com\/no\/wp-content\/uploads\/sites\/10\/2026\/02\/z6umzr5-1.jpeg","contentUrl":"https:\/\/mekulo.com\/no\/wp-content\/uploads\/sites\/10\/2026\/02\/z6umzr5-1.jpeg","width":800,"height":800},{"@type":"BreadcrumbList","@id":"https:\/\/mekulo.com\/no\/produkt\/kjokkenrulleholder-uten-boring\/#breadcrumb","itemListElement":[{"@type":"ListItem","position":1,"name":"Home","item":"https:\/\/mekulo.com\/no\/"},{"@type":"ListItem","position":2,"name":"Butikk","item":"https:\/\/mekulo.com\/no\/butikk\/"},{"@type":"ListItem","position":3,"name":"Kj\u00f8kkenrulleholder uten boring"}]},{"@type":"WebSite","@id":"https:\/\/mekulo.com\/no\/#website","url":"https:\/\/mekulo.com\/no\/","name":"Mekulo NO","description":"","publisher":{"@id":"https:\/\/mekulo.com\/no\/#organization"},"potentialAction":[{"@type":"SearchAction","target":{"@type":"EntryPoint","urlTemplate":"https:\/\/mekulo.com\/no\/?s={search_term_string}"},"query-input":{"@type":"PropertyValueSpecification","valueRequired":true,"valueName":"search_term_string"}}],"inLanguage":"nb-NO"},{"@type":"Organization","@id":"https:\/\/mekulo.com\/no\/#organization","name":"Mekulo","url":"https:\/\/mekulo.com\/no\/","logo":{"@type":"ImageObject","inLanguage":"nb-NO","@id":"https:\/\/mekulo.com\/no\/#\/schema\/logo\/image\/","url":"https:\/\/mekulo.com\/no\/wp-content\/uploads\/sites\/10\/2025\/12\/favicon_mekulo.png","contentUrl":"https:\/\/mekulo.com\/no\/wp-content\/uploads\/sites\/10\/2025\/12\/favicon_mekulo.png","width":50,"height":50,"caption":"Mekulo"},"image":{"@id":"https:\/\/mekulo.com\/no\/#\/schema\/logo\/image\/"}}]}},"_links":{"self":[{"href":"https:\/\/mekulo.com\/no\/wp-json\/wp\/v2\/product\/21427","targetHints":{"allow":["GET"]}}],"collection":[{"href":"https:\/\/mekulo.com\/no\/wp-json\/wp\/v2\/product"}],"about":[{"href":"https:\/\/mekulo.com\/no\/wp-json\/wp\/v2\/types\/product"}],"replies":[{"embeddable":true,"href":"https:\/\/mekulo.com\/no\/wp-json\/wp\/v2\/comments?post=21427"}],"wp:featuredmedia":[{"embeddable":true,"href":"https:\/\/mekulo.com\/no\/wp-json\/wp\/v2\/media\/21423"}],"wp:attachment":[{"href":"https:\/\/mekulo.com\/no\/wp-json\/wp\/v2\/media?parent=21427"}],"wp:term":[{"taxonomy":"product_brand","embeddable":true,"href":"https:\/\/mekulo.com\/no\/wp-json\/wp\/v2\/product_brand?post=21427"},{"taxonomy":"product_cat","embeddable":true,"href":"https:\/\/mekulo.com\/no\/wp-json\/wp\/v2\/product_cat?post=21427"},{"taxonomy":"product_tag","embeddable":true,"href":"https:\/\/mekulo.com\/no\/wp-json\/wp\/v2\/product_tag?post=21427"}],"curies":[{"name":"wp","href":"https:\/\/api.w.org\/{rel}","templated":true}]}}