{"id":21342,"date":"2026-02-03T15:25:29","date_gmt":"2026-02-03T13:25:29","guid":{"rendered":"https:\/\/mekulo.com\/no\/produkt\/luksus-reiseveske\/"},"modified":"2026-02-10T11:28:37","modified_gmt":"2026-02-10T09:28:37","slug":"luksus-reiseveske","status":"publish","type":"product","link":"https:\/\/mekulo.com\/no\/produkt\/luksus-reiseveske\/","title":{"rendered":"Luksus reiseveske"},"content":{"rendered":"<div class=\"flex flex-col text-sm pb-25\">\n<article class=\"text-token-text-primary w-full focus:outline-none [--shadow-height:45px] has-data-writing-block:pointer-events-none has-data-writing-block:-mt-(--shadow-height) has-data-writing-block:pt-(--shadow-height) [&amp;:has([data-writing-block])&gt;*]:pointer-events-auto scroll-mt-[calc(var(--header-height)+min(200px,max(70px,20svh)))]\" dir=\"auto\" data-turn-id=\"request-69788f7d-d97c-832a-a512-ce7bdd364928-1\" data-testid=\"conversation-turn-86\" data-scroll-anchor=\"true\" data-turn=\"assistant\">\n<div class=\"text-base my-auto mx-auto pb-10 [--thread-content-margin:--spacing(4)] @w-sm\/main:[--thread-content-margin:--spacing(6)] @w-lg\/main:[--thread-content-margin:--spacing(16)] px-(--thread-content-margin)\">\n<div class=\"[--thread-content-max-width:40rem] @w-lg\/main:[--thread-content-max-width:48rem] mx-auto max-w-(--thread-content-max-width) flex-1 group\/turn-messages focus-visible:outline-hidden relative flex w-full min-w-0 flex-col agent-turn\">\n<div class=\"flex max-w-full flex-col grow\">\n<div class=\"min-h-8 text-message relative flex w-full flex-col items-end gap-2 text-start break-words whitespace-normal [.text-message+&amp;]:mt-1\" dir=\"auto\" data-message-author-role=\"assistant\" data-message-id=\"907f295c-a344-4d34-8e5d-1ec1c98ac7e2\" data-message-model-slug=\"gpt-5-2\">\n<div class=\"flex w-full flex-col gap-1 empty:hidden first:pt-[1px]\">\n<div class=\"markdown prose dark:prose-invert w-full wrap-break-word light markdown-new-styling\">\n<p style=\"text-align: center\" data-start=\"0\" data-end=\"62\"><strong data-start=\"0\" data-end=\"62\">Pakk Mer, Reis Smartere, Og Hold Stilen Din Uanstrengt. \ud83d\udc5c<\/strong><\/p>\n<p data-start=\"0\" data-end=\"62\"><img fetchpriority=\"high\" decoding=\"async\" class=\"size-full wp-image-23191 aligncenter\" src=\"https:\/\/mekulo.com\/template\/wp-content\/uploads\/sites\/6\/2026\/02\/4.jpg\" alt=\"\" width=\"1080\" height=\"1080\" \/><\/p>\n<h2 style=\"text-align: center\" data-start=\"386\" data-end=\"403\">Hovedfordeler \ud83e\uddf3<\/h2>\n<p data-start=\"406\" data-end=\"474\">\ud83e\uddf3 Stor oppbevaringskapasitet \u2013 Plass til kl\u00e6r og reiseutstyr.<\/p>\n<p data-start=\"477\" data-end=\"538\">\ud83e\udde5 Rynkefri pakking \u2013 Holder antrekkene rene og skarpe.<\/p>\n<p data-start=\"541\" data-end=\"604\">\ud83d\udcbc Profesjonelt utseende \u2013 Ideell for forretnings- og jobbreiser.<\/p>\n<p data-start=\"607\" data-end=\"663\">\ud83e\udeb6 Sammenleggbar design \u2013 Enkel \u00e5 oppbevare n\u00e5r den ikke er i bruk.<\/p>\n<p data-start=\"666\" data-end=\"721\">\u2728 F\u00f8rsteklasses PU-skinn \u2013 Slitesterk og stilig finish.<\/p>\n<p data-start=\"724\" data-end=\"775\">\u2708\ufe0f Carry-on-vennlig \u2013 Praktisk for flyreiser.<\/p>\n<p data-start=\"724\" data-end=\"775\"><img decoding=\"async\" class=\"size-full wp-image-23192 aligncenter\" src=\"https:\/\/mekulo.com\/template\/wp-content\/uploads\/sites\/6\/2026\/02\/85ffdc934345ded68a76d49111db777e1dcb77cb-700.avif\" alt=\"\" \/><\/p>\n<h2 style=\"text-align: center\" data-start=\"777\" data-end=\"791\">Hvordan Bruke \ud83d\udccc<\/h2>\n<ol data-start=\"792\" data-end=\"978\">\n<li data-start=\"792\" data-end=\"818\">\n<p data-start=\"795\" data-end=\"818\">Brett vesken helt ut.<\/p>\n<\/li>\n<li data-start=\"819\" data-end=\"867\">\n<p data-start=\"822\" data-end=\"867\">Pakk kl\u00e6r og tilbeh\u00f8r pent inni.<\/p>\n<\/li>\n<li data-start=\"868\" data-end=\"898\">\n<p data-start=\"871\" data-end=\"898\">Lukk og fest vesken.<\/p>\n<\/li>\n<li data-start=\"899\" data-end=\"939\">\n<p data-start=\"902\" data-end=\"939\">B\u00e6r den i h\u00e5nden eller over skulderen.<\/p>\n<\/li>\n<li data-start=\"940\" data-end=\"978\">\n<p data-start=\"943\" data-end=\"978\">Brett sammen og oppbevar den etter bruk ved behov.<\/p>\n<\/li>\n<\/ol>\n<h2 style=\"text-align: center\" data-start=\"980\" data-end=\"999\">Produktdetaljer \ud83d\udccf<\/h2>\n<ul data-start=\"1000\" data-end=\"1198\">\n<li data-start=\"1000\" data-end=\"1037\">\n<p data-start=\"1002\" data-end=\"1037\">Materiale: PU-l\u00e6r av h\u00f8y kvalitet<\/p>\n<\/li>\n<li data-start=\"1075\" data-end=\"1108\">\n<p data-start=\"1077\" data-end=\"1108\">Kapasitet: Stor lagringsplass<\/p>\n<\/li>\n<li data-start=\"1109\" data-end=\"1139\">\n<p data-start=\"1111\" data-end=\"1139\">Stil: Forretning og reise<\/p>\n<\/li>\n<li data-start=\"1140\" data-end=\"1198\">\n<p data-start=\"1142\" data-end=\"1198\">Bruk: Forretningsreiser, ferier, sport, utend\u00f8rsreiser<\/p>\n<\/li>\n<li data-start=\"1140\" data-end=\"1198\">St\u00f8rrelse: Glidel\u00e5s: 52 x 31 x 25 cm, uten glidel\u00e5s: 94 x 52 x 25 cm<\/li>\n<\/ul>\n<h2 style=\"text-align: center\" data-start=\"1200\" data-end=\"1220\">Pakken Inkluderer \ud83d\udce6<\/h2>\n<ul data-start=\"1221\" data-end=\"1244\" data-is-last-node=\"\" data-is-only-node=\"\">\n<li data-start=\"1221\" data-end=\"1244\" data-is-last-node=\"\">\n<p data-start=\"1223\" data-end=\"1244\" data-is-last-node=\"\">1x luksuri\u00f8s reiseveske<\/p>\n<\/li>\n<li data-start=\"1221\" data-end=\"1244\" data-is-last-node=\"\">1x tilbeh\u00f8rspose.<\/li>\n<\/ul>\n<\/div>\n<\/div>\n<\/div>\n<\/div>\n<\/div>\n<\/div>\n<\/article>\n<\/div>\n","protected":false},"excerpt":{"rendered":"<p>\ud83d\udc5cDenne luksuri\u00f8se reisevesken tilbyr en romslig, organisert l\u00f8sning for forretningsreiser, ferier og hverdagsreiser.<br \/>\n\ud83d\udc5aLaget av slitesterkt PU-skinn med en sammenleggbar design, holder den kl\u00e6rne dine pene og rynkefrie samtidig som den er enkel \u00e5 b\u00e6re.<br \/>\n\u2708\ufe0fA perfekt blanding av eleganse, komfort og praktisk funksjonalitet for moderne reisende.<\/p>\n","protected":false},"featured_media":21338,"comment_status":"open","ping_status":"closed","template":"","meta":{"site-sidebar-layout":"default","site-content-layout":"","ast-site-content-layout":"default","site-content-style":"default","site-sidebar-style":"default","ast-global-header-display":"","ast-banner-title-visibility":"","ast-main-header-display":"","ast-hfb-above-header-display":"","ast-hfb-below-header-display":"","ast-hfb-mobile-header-display":"","site-post-title":"","ast-breadcrumbs-content":"","ast-featured-img":"","footer-sml-layout":"","theme-transparent-header-meta":"default","adv-header-id-meta":"","stick-header-meta":"","header-above-stick-meta":"","header-main-stick-meta":"","header-below-stick-meta":"","astra-migrate-meta-layouts":"set","ast-page-background-enabled":"default","ast-page-background-meta":{"desktop":{"background-color":"var(--ast-global-color-5)","background-image":"","background-repeat":"repeat","background-position":"center center","background-size":"auto","background-attachment":"scroll","background-type":"","background-media":"","overlay-type":"","overlay-color":"","overlay-opacity":"","overlay-gradient":""},"tablet":{"background-color":"","background-image":"","background-repeat":"repeat","background-position":"center center","background-size":"auto","background-attachment":"scroll","background-type":"","background-media":"","overlay-type":"","overlay-color":"","overlay-opacity":"","overlay-gradient":""},"mobile":{"background-color":"","background-image":"","background-repeat":"repeat","background-position":"center center","background-size":"auto","background-attachment":"scroll","background-type":"","background-media":"","overlay-type":"","overlay-color":"","overlay-opacity":"","overlay-gradient":""}},"ast-content-background-meta":{"desktop":{"background-color":"var(--ast-global-color-4)","background-image":"","background-repeat":"repeat","background-position":"center center","background-size":"auto","background-attachment":"scroll","background-type":"","background-media":"","overlay-type":"","overlay-color":"","overlay-opacity":"","overlay-gradient":""},"tablet":{"background-color":"var(--ast-global-color-4)","background-image":"","background-repeat":"repeat","background-position":"center center","background-size":"auto","background-attachment":"scroll","background-type":"","background-media":"","overlay-type":"","overlay-color":"","overlay-opacity":"","overlay-gradient":""},"mobile":{"background-color":"var(--ast-global-color-4)","background-image":"","background-repeat":"repeat","background-position":"center center","background-size":"auto","background-attachment":"scroll","background-type":"","background-media":"","overlay-type":"","overlay-color":"","overlay-opacity":"","overlay-gradient":""}}},"product_brand":[],"product_cat":[165],"product_tag":[],"class_list":{"0":"post-21342","1":"product","2":"type-product","3":"status-publish","4":"has-post-thumbnail","6":"product_cat-fottoy-tilbehor","7":"pa_54186_4zosulwa-bla","8":"pa_54186_4zosulwa-hvit-brunt","9":"pa_54186_4zosulwa-rosa","10":"pa_54186_4zosulwa-svart","11":"pa_54186_4zosulwa-svart-brun","12":"desktop-align-left","13":"tablet-align-left","14":"mobile-align-left","16":"first","17":"instock","18":"shipping-taxable","19":"purchasable","20":"product-type-variable"},"yoast_head":"<!-- This site is optimized with the Yoast SEO plugin v26.6 - https:\/\/yoast.com\/wordpress\/plugins\/seo\/ -->\n<title>Luksus reiseveske - Mekulo NO<\/title>\n<meta name=\"robots\" content=\"index, follow, max-snippet:-1, max-image-preview:large, max-video-preview:-1\" \/>\n<link rel=\"canonical\" href=\"https:\/\/mekulo.com\/no\/produkt\/luksus-reiseveske\/\" \/>\n<meta property=\"og:locale\" content=\"nb_NO\" \/>\n<meta property=\"og:type\" content=\"article\" \/>\n<meta property=\"og:title\" content=\"Luksus reiseveske - Mekulo NO\" \/>\n<meta property=\"og:description\" content=\"\ud83d\udc5cDenne luksuri\u00f8se reisevesken tilbyr en romslig, organisert l\u00f8sning for forretningsreiser, ferier og hverdagsreiser. \ud83d\udc5aLaget av slitesterkt PU-skinn med en sammenleggbar design, holder den kl\u00e6rne dine pene og rynkefrie samtidig som den er enkel \u00e5 b\u00e6re. \u2708\ufe0fA perfekt blanding av eleganse, komfort og praktisk funksjonalitet for moderne reisende.\" \/>\n<meta property=\"og:url\" content=\"https:\/\/mekulo.com\/no\/produkt\/luksus-reiseveske\/\" \/>\n<meta property=\"og:site_name\" content=\"Mekulo NO\" \/>\n<meta property=\"article:modified_time\" content=\"2026-02-10T09:28:37+00:00\" \/>\n<meta property=\"og:image\" content=\"https:\/\/mekulo.com\/no\/wp-content\/uploads\/sites\/10\/2026\/02\/1ouwgyg-1.jpeg\" \/>\n\t<meta property=\"og:image:width\" content=\"1000\" \/>\n\t<meta property=\"og:image:height\" content=\"1000\" \/>\n\t<meta property=\"og:image:type\" content=\"image\/jpeg\" \/>\n<meta name=\"twitter:card\" content=\"summary_large_image\" \/>\n<meta name=\"twitter:label1\" content=\"Ansl. lesetid\" \/>\n\t<meta name=\"twitter:data1\" content=\"2 minutter\" \/>\n<script type=\"application\/ld+json\" class=\"yoast-schema-graph\">{\"@context\":\"https:\/\/schema.org\",\"@graph\":[{\"@type\":\"WebPage\",\"@id\":\"https:\/\/mekulo.com\/no\/produkt\/luksus-reiseveske\/\",\"url\":\"https:\/\/mekulo.com\/no\/produkt\/luksus-reiseveske\/\",\"name\":\"Luksus reiseveske - Mekulo NO\",\"isPartOf\":{\"@id\":\"https:\/\/mekulo.com\/no\/#website\"},\"primaryImageOfPage\":{\"@id\":\"https:\/\/mekulo.com\/no\/produkt\/luksus-reiseveske\/#primaryimage\"},\"image\":{\"@id\":\"https:\/\/mekulo.com\/no\/produkt\/luksus-reiseveske\/#primaryimage\"},\"thumbnailUrl\":\"https:\/\/mekulo.com\/no\/wp-content\/uploads\/sites\/10\/2026\/02\/1ouwgyg-1.jpeg\",\"datePublished\":\"2026-02-03T13:25:29+00:00\",\"dateModified\":\"2026-02-10T09:28:37+00:00\",\"breadcrumb\":{\"@id\":\"https:\/\/mekulo.com\/no\/produkt\/luksus-reiseveske\/#breadcrumb\"},\"inLanguage\":\"nb-NO\",\"potentialAction\":[{\"@type\":\"ReadAction\",\"target\":[\"https:\/\/mekulo.com\/no\/produkt\/luksus-reiseveske\/\"]}]},{\"@type\":\"ImageObject\",\"inLanguage\":\"nb-NO\",\"@id\":\"https:\/\/mekulo.com\/no\/produkt\/luksus-reiseveske\/#primaryimage\",\"url\":\"https:\/\/mekulo.com\/no\/wp-content\/uploads\/sites\/10\/2026\/02\/1ouwgyg-1.jpeg\",\"contentUrl\":\"https:\/\/mekulo.com\/no\/wp-content\/uploads\/sites\/10\/2026\/02\/1ouwgyg-1.jpeg\",\"width\":1000,\"height\":1000},{\"@type\":\"BreadcrumbList\",\"@id\":\"https:\/\/mekulo.com\/no\/produkt\/luksus-reiseveske\/#breadcrumb\",\"itemListElement\":[{\"@type\":\"ListItem\",\"position\":1,\"name\":\"Home\",\"item\":\"https:\/\/mekulo.com\/no\/\"},{\"@type\":\"ListItem\",\"position\":2,\"name\":\"Butikk\",\"item\":\"https:\/\/mekulo.com\/no\/butikk\/\"},{\"@type\":\"ListItem\",\"position\":3,\"name\":\"Luksus reiseveske\"}]},{\"@type\":\"WebSite\",\"@id\":\"https:\/\/mekulo.com\/no\/#website\",\"url\":\"https:\/\/mekulo.com\/no\/\",\"name\":\"Mekulo NO\",\"description\":\"\",\"publisher\":{\"@id\":\"https:\/\/mekulo.com\/no\/#organization\"},\"potentialAction\":[{\"@type\":\"SearchAction\",\"target\":{\"@type\":\"EntryPoint\",\"urlTemplate\":\"https:\/\/mekulo.com\/no\/?s={search_term_string}\"},\"query-input\":{\"@type\":\"PropertyValueSpecification\",\"valueRequired\":true,\"valueName\":\"search_term_string\"}}],\"inLanguage\":\"nb-NO\"},{\"@type\":\"Organization\",\"@id\":\"https:\/\/mekulo.com\/no\/#organization\",\"name\":\"Mekulo\",\"url\":\"https:\/\/mekulo.com\/no\/\",\"logo\":{\"@type\":\"ImageObject\",\"inLanguage\":\"nb-NO\",\"@id\":\"https:\/\/mekulo.com\/no\/#\/schema\/logo\/image\/\",\"url\":\"https:\/\/mekulo.com\/no\/wp-content\/uploads\/sites\/10\/2025\/12\/favicon_mekulo.png\",\"contentUrl\":\"https:\/\/mekulo.com\/no\/wp-content\/uploads\/sites\/10\/2025\/12\/favicon_mekulo.png\",\"width\":50,\"height\":50,\"caption\":\"Mekulo\"},\"image\":{\"@id\":\"https:\/\/mekulo.com\/no\/#\/schema\/logo\/image\/\"}}]}<\/script>\n<!-- \/ Yoast SEO plugin. -->","yoast_head_json":{"title":"Luksus reiseveske - Mekulo NO","robots":{"index":"index","follow":"follow","max-snippet":"max-snippet:-1","max-image-preview":"max-image-preview:large","max-video-preview":"max-video-preview:-1"},"canonical":"https:\/\/mekulo.com\/no\/produkt\/luksus-reiseveske\/","og_locale":"nb_NO","og_type":"article","og_title":"Luksus reiseveske - Mekulo NO","og_description":"\ud83d\udc5cDenne luksuri\u00f8se reisevesken tilbyr en romslig, organisert l\u00f8sning for forretningsreiser, ferier og hverdagsreiser. \ud83d\udc5aLaget av slitesterkt PU-skinn med en sammenleggbar design, holder den kl\u00e6rne dine pene og rynkefrie samtidig som den er enkel \u00e5 b\u00e6re. \u2708\ufe0fA perfekt blanding av eleganse, komfort og praktisk funksjonalitet for moderne reisende.","og_url":"https:\/\/mekulo.com\/no\/produkt\/luksus-reiseveske\/","og_site_name":"Mekulo NO","article_modified_time":"2026-02-10T09:28:37+00:00","og_image":[{"width":1000,"height":1000,"url":"https:\/\/mekulo.com\/no\/wp-content\/uploads\/sites\/10\/2026\/02\/1ouwgyg-1.jpeg","type":"image\/jpeg"}],"twitter_card":"summary_large_image","twitter_misc":{"Ansl. lesetid":"2 minutter"},"schema":{"@context":"https:\/\/schema.org","@graph":[{"@type":"WebPage","@id":"https:\/\/mekulo.com\/no\/produkt\/luksus-reiseveske\/","url":"https:\/\/mekulo.com\/no\/produkt\/luksus-reiseveske\/","name":"Luksus reiseveske - Mekulo NO","isPartOf":{"@id":"https:\/\/mekulo.com\/no\/#website"},"primaryImageOfPage":{"@id":"https:\/\/mekulo.com\/no\/produkt\/luksus-reiseveske\/#primaryimage"},"image":{"@id":"https:\/\/mekulo.com\/no\/produkt\/luksus-reiseveske\/#primaryimage"},"thumbnailUrl":"https:\/\/mekulo.com\/no\/wp-content\/uploads\/sites\/10\/2026\/02\/1ouwgyg-1.jpeg","datePublished":"2026-02-03T13:25:29+00:00","dateModified":"2026-02-10T09:28:37+00:00","breadcrumb":{"@id":"https:\/\/mekulo.com\/no\/produkt\/luksus-reiseveske\/#breadcrumb"},"inLanguage":"nb-NO","potentialAction":[{"@type":"ReadAction","target":["https:\/\/mekulo.com\/no\/produkt\/luksus-reiseveske\/"]}]},{"@type":"ImageObject","inLanguage":"nb-NO","@id":"https:\/\/mekulo.com\/no\/produkt\/luksus-reiseveske\/#primaryimage","url":"https:\/\/mekulo.com\/no\/wp-content\/uploads\/sites\/10\/2026\/02\/1ouwgyg-1.jpeg","contentUrl":"https:\/\/mekulo.com\/no\/wp-content\/uploads\/sites\/10\/2026\/02\/1ouwgyg-1.jpeg","width":1000,"height":1000},{"@type":"BreadcrumbList","@id":"https:\/\/mekulo.com\/no\/produkt\/luksus-reiseveske\/#breadcrumb","itemListElement":[{"@type":"ListItem","position":1,"name":"Home","item":"https:\/\/mekulo.com\/no\/"},{"@type":"ListItem","position":2,"name":"Butikk","item":"https:\/\/mekulo.com\/no\/butikk\/"},{"@type":"ListItem","position":3,"name":"Luksus reiseveske"}]},{"@type":"WebSite","@id":"https:\/\/mekulo.com\/no\/#website","url":"https:\/\/mekulo.com\/no\/","name":"Mekulo NO","description":"","publisher":{"@id":"https:\/\/mekulo.com\/no\/#organization"},"potentialAction":[{"@type":"SearchAction","target":{"@type":"EntryPoint","urlTemplate":"https:\/\/mekulo.com\/no\/?s={search_term_string}"},"query-input":{"@type":"PropertyValueSpecification","valueRequired":true,"valueName":"search_term_string"}}],"inLanguage":"nb-NO"},{"@type":"Organization","@id":"https:\/\/mekulo.com\/no\/#organization","name":"Mekulo","url":"https:\/\/mekulo.com\/no\/","logo":{"@type":"ImageObject","inLanguage":"nb-NO","@id":"https:\/\/mekulo.com\/no\/#\/schema\/logo\/image\/","url":"https:\/\/mekulo.com\/no\/wp-content\/uploads\/sites\/10\/2025\/12\/favicon_mekulo.png","contentUrl":"https:\/\/mekulo.com\/no\/wp-content\/uploads\/sites\/10\/2025\/12\/favicon_mekulo.png","width":50,"height":50,"caption":"Mekulo"},"image":{"@id":"https:\/\/mekulo.com\/no\/#\/schema\/logo\/image\/"}}]}},"_links":{"self":[{"href":"https:\/\/mekulo.com\/no\/wp-json\/wp\/v2\/product\/21342","targetHints":{"allow":["GET"]}}],"collection":[{"href":"https:\/\/mekulo.com\/no\/wp-json\/wp\/v2\/product"}],"about":[{"href":"https:\/\/mekulo.com\/no\/wp-json\/wp\/v2\/types\/product"}],"replies":[{"embeddable":true,"href":"https:\/\/mekulo.com\/no\/wp-json\/wp\/v2\/comments?post=21342"}],"wp:featuredmedia":[{"embeddable":true,"href":"https:\/\/mekulo.com\/no\/wp-json\/wp\/v2\/media\/21338"}],"wp:attachment":[{"href":"https:\/\/mekulo.com\/no\/wp-json\/wp\/v2\/media?parent=21342"}],"wp:term":[{"taxonomy":"product_brand","embeddable":true,"href":"https:\/\/mekulo.com\/no\/wp-json\/wp\/v2\/product_brand?post=21342"},{"taxonomy":"product_cat","embeddable":true,"href":"https:\/\/mekulo.com\/no\/wp-json\/wp\/v2\/product_cat?post=21342"},{"taxonomy":"product_tag","embeddable":true,"href":"https:\/\/mekulo.com\/no\/wp-json\/wp\/v2\/product_tag?post=21342"}],"curies":[{"name":"wp","href":"https:\/\/api.w.org\/{rel}","templated":true}]}}