{"id":21257,"date":"2026-02-03T15:18:43","date_gmt":"2026-02-03T13:18:43","guid":{"rendered":"https:\/\/mekulo.com\/no\/produkt\/elektrisk-dinosaurboblemaskin\/"},"modified":"2026-02-03T15:18:54","modified_gmt":"2026-02-03T13:18:54","slug":"elektrisk-dinosaurboblemaskin","status":"publish","type":"product","link":"https:\/\/mekulo.com\/no\/produkt\/elektrisk-dinosaurboblemaskin\/","title":{"rendered":"Elektrisk dinosaurboblemaskin"},"content":{"rendered":"<div class=\"flex max-w-full flex-col grow\">\n<div class=\"min-h-8 text-message relative flex w-full flex-col items-end gap-2 text-start break-words whitespace-normal [.text-message+&amp;]:mt-1\" dir=\"auto\" data-message-author-role=\"assistant\" data-message-id=\"f07f1695-b15b-4506-b2c5-6a98b86b97fa\" data-message-model-slug=\"gpt-5-2\">\n<div class=\"flex w-full flex-col gap-1 empty:hidden first:pt-[1px]\">\n<div class=\"markdown prose dark:prose-invert w-full wrap-break-word light markdown-new-styling\">\n<p style=\"text-align: center\" data-start=\"0\" data-end=\"66\"><strong data-start=\"0\" data-end=\"66\">Lag Tusenvis Av Bobler Umiddelbart For Nonstop Utend\u00f8rs Moro. \ud83e\udee7<\/strong><\/p>\n<p data-start=\"0\" data-end=\"66\"><img fetchpriority=\"high\" decoding=\"async\" class=\"alignnone size-full wp-image-23100\" src=\"https:\/\/mekulo.com\/template\/wp-content\/uploads\/sites\/6\/2026\/02\/S737815628aef4b4dbf630309f3a62ea9C.jpg_960x960q75.jpg_.jpg\" alt=\"\" width=\"1080\" height=\"1080\" \/><\/p>\n<h2 style=\"text-align: center\" data-start=\"388\" data-end=\"405\">Hovedfordeler \ud83e\udd96<\/h2>\n<p data-start=\"408\" data-end=\"465\">\ud83e\udd96 Morsom dinosaurdesign &#8211; Elsket av barn og sm\u00e5barn.<\/p>\n<p data-start=\"468\" data-end=\"528\">\ud83c\udf88 Rask bobleproduksjon &#8211; Bl\u00e5ser 5000+ bobler i minuttet.<\/p>\n<p data-start=\"531\" data-end=\"587\">\ud83d\udd04 360\u00b0 lekkasjesikker bruk &#8211; Ingen s\u00f8l eller klissete hender.<\/p>\n<p data-start=\"590\" data-end=\"645\">\ud83d\udca8 Automatisk boblebl\u00e5sing &#8211; Bare trykk og spill.<\/p>\n<p data-start=\"648\" data-end=\"704\">\ud83e\udeb6 Lett og b\u00e6rbar &#8211; Enkel for barn \u00e5 b\u00e6re.<\/p>\n<p data-start=\"707\" data-end=\"769\">\ud83c\udf89 Perfekt for fester &#8211; bursdager, utend\u00f8rs lek, arrangementer.<\/p>\n<p data-start=\"707\" data-end=\"769\"><img decoding=\"async\" class=\"size-full wp-image-23099 aligncenter\" src=\"https:\/\/mekulo.com\/template\/wp-content\/uploads\/sites\/6\/2026\/02\/S53496e7ecb384c859d84998da703c07cJ.jpg_960x960q75.jpg_.jpg\" alt=\"\" width=\"1080\" height=\"1080\" \/><\/p>\n<h2 style=\"text-align: center\" data-start=\"771\" data-end=\"785\">Hvordan Du Bruker \ud83d\udccc<\/h2>\n<ol data-start=\"786\" data-end=\"1044\">\n<li data-start=\"786\" data-end=\"828\">\n<p data-start=\"789\" data-end=\"828\">Sett inn 4x AA-batterier (ikke inkludert).<\/p>\n<\/li>\n<li data-start=\"829\" data-end=\"886\">\n<p data-start=\"832\" data-end=\"886\">Fyll flasken med boblel\u00f8sning (ikke inkludert).<\/p>\n<\/li>\n<li data-start=\"887\" data-end=\"934\">\n<p data-start=\"890\" data-end=\"934\">Fest flasken sikkert til maskinen.<\/p>\n<\/li>\n<li data-start=\"935\" data-end=\"988\">\n<p data-start=\"938\" data-end=\"988\">Trykk p\u00e5 av \/ p\u00e5-knappen for \u00e5 begynne \u00e5 bl\u00e5se bobler.<\/p>\n<\/li>\n<li data-start=\"989\" data-end=\"1044\">\n<p data-start=\"992\" data-end=\"1044\">Beveg og roter fritt for \u00e5 spre bobler overalt.<\/p>\n<\/li>\n<\/ol>\n<h2 style=\"text-align: center\" data-start=\"1046\" data-end=\"1065\">Produktdetaljer \ud83d\udccf<\/h2>\n<ul data-start=\"1066\" data-end=\"1329\">\n<li data-start=\"1108\" data-end=\"1134\">\n<p data-start=\"1110\" data-end=\"1134\">Design: Dinosaurform<\/p>\n<\/li>\n<li data-start=\"1135\" data-end=\"1178\">\n<p data-start=\"1137\" data-end=\"1178\">Bobleutgang: 5000+ bobler per minutt<\/p>\n<\/li>\n<li data-start=\"1179\" data-end=\"1215\">\n<p data-start=\"1181\" data-end=\"1215\">Rotasjon: 360\u00b0 lekkasjesikkert design<\/p>\n<\/li>\n<li data-start=\"1216\" data-end=\"1258\">\n<p data-start=\"1218\" data-end=\"1258\">Energi: 4x AA-batterier (ikke inkludert)<\/p>\n<\/li>\n<li data-start=\"1284\" data-end=\"1329\">\n<p data-start=\"1286\" data-end=\"1329\">Aldersanbefaling: Barn og sm\u00e5barn<\/p>\n<\/li>\n<li data-start=\"1284\" data-end=\"1329\">St\u00f8rrelse: 256 x 220 cm<\/li>\n<\/ul>\n<h2 style=\"text-align: center\" data-start=\"1331\" data-end=\"1351\">Pakken Inkluderer \ud83d\udce6<\/h2>\n<ul data-start=\"1352\" data-end=\"1418\" data-is-last-node=\"\" data-is-only-node=\"\">\n<li data-start=\"1352\" data-end=\"1392\">\n<p data-start=\"1354\" data-end=\"1392\">1x elektrisk dinosaurboblemaskin<\/p>\n<\/li>\n<li data-start=\"1393\" data-end=\"1418\" data-is-last-node=\"\">\n<p data-start=\"1395\" data-end=\"1418\" data-is-last-node=\"\">1x tom bobleflaske<\/p>\n<\/li>\n<li data-start=\"1393\" data-end=\"1418\" data-is-last-node=\"\">\n<p data-start=\"1395\" data-end=\"1418\" data-is-last-node=\"\">1x boblev\u00e6skebrett.<\/p>\n<\/li>\n<\/ul>\n<\/div>\n<\/div>\n<\/div>\n<\/div>\n","protected":false},"excerpt":{"rendered":"<p>\ud83d\udc31\u200d\ud83d\udc09This elektrisk dinosaurboblemaskin bl\u00e5ser en kontinuerlig str\u00f8m av fargerike bobler ved \u00e5 trykke p\u00e5 en knapp.<br \/>\n\ud83c\udf89Den kraftige motoren og lekkasjesikre designen gj\u00f8r det enkelt og problemfritt for barn \u00e5 bruke den p\u00e5 fester, lekekvelder eller i hagen.<br \/>\n\ud83e\udd96Den s\u00f8te dinosaurformen gir ekstra spenning og holder barna engasjert lenger.<\/p>\n","protected":false},"featured_media":21253,"comment_status":"open","ping_status":"closed","template":"","meta":{"site-sidebar-layout":"default","site-content-layout":"","ast-site-content-layout":"default","site-content-style":"default","site-sidebar-style":"default","ast-global-header-display":"","ast-banner-title-visibility":"","ast-main-header-display":"","ast-hfb-above-header-display":"","ast-hfb-below-header-display":"","ast-hfb-mobile-header-display":"","site-post-title":"","ast-breadcrumbs-content":"","ast-featured-img":"","footer-sml-layout":"","theme-transparent-header-meta":"default","adv-header-id-meta":"","stick-header-meta":"","header-above-stick-meta":"","header-main-stick-meta":"","header-below-stick-meta":"","astra-migrate-meta-layouts":"set","ast-page-background-enabled":"default","ast-page-background-meta":{"desktop":{"background-color":"var(--ast-global-color-5)","background-image":"","background-repeat":"repeat","background-position":"center center","background-size":"auto","background-attachment":"scroll","background-type":"","background-media":"","overlay-type":"","overlay-color":"","overlay-opacity":"","overlay-gradient":""},"tablet":{"background-color":"","background-image":"","background-repeat":"repeat","background-position":"center center","background-size":"auto","background-attachment":"scroll","background-type":"","background-media":"","overlay-type":"","overlay-color":"","overlay-opacity":"","overlay-gradient":""},"mobile":{"background-color":"","background-image":"","background-repeat":"repeat","background-position":"center center","background-size":"auto","background-attachment":"scroll","background-type":"","background-media":"","overlay-type":"","overlay-color":"","overlay-opacity":"","overlay-gradient":""}},"ast-content-background-meta":{"desktop":{"background-color":"var(--ast-global-color-4)","background-image":"","background-repeat":"repeat","background-position":"center center","background-size":"auto","background-attachment":"scroll","background-type":"","background-media":"","overlay-type":"","overlay-color":"","overlay-opacity":"","overlay-gradient":""},"tablet":{"background-color":"var(--ast-global-color-4)","background-image":"","background-repeat":"repeat","background-position":"center center","background-size":"auto","background-attachment":"scroll","background-type":"","background-media":"","overlay-type":"","overlay-color":"","overlay-opacity":"","overlay-gradient":""},"mobile":{"background-color":"var(--ast-global-color-4)","background-image":"","background-repeat":"repeat","background-position":"center center","background-size":"auto","background-attachment":"scroll","background-type":"","background-media":"","overlay-type":"","overlay-color":"","overlay-opacity":"","overlay-gradient":""}}},"product_brand":[],"product_cat":[172],"product_tag":[],"class_list":{"0":"post-21257","1":"product","2":"type-product","3":"status-publish","4":"has-post-thumbnail","6":"product_cat-leker-barne-og-babyprodukter","7":"pa_54160_n0pnjyyp-bla","8":"pa_54160_n0pnjyyp-gronn","9":"pa_54160_n0pnjyyp-rod","10":"desktop-align-left","11":"tablet-align-left","12":"mobile-align-left","14":"first","15":"instock","16":"shipping-taxable","17":"purchasable","18":"product-type-variable"},"yoast_head":"<!-- This site is optimized with the Yoast SEO plugin v26.6 - https:\/\/yoast.com\/wordpress\/plugins\/seo\/ -->\n<title>Elektrisk dinosaurboblemaskin - Mekulo NO<\/title>\n<meta name=\"robots\" content=\"index, follow, max-snippet:-1, max-image-preview:large, max-video-preview:-1\" \/>\n<link rel=\"canonical\" href=\"https:\/\/mekulo.com\/no\/produkt\/elektrisk-dinosaurboblemaskin\/\" \/>\n<meta property=\"og:locale\" content=\"nb_NO\" \/>\n<meta property=\"og:type\" content=\"article\" \/>\n<meta property=\"og:title\" content=\"Elektrisk dinosaurboblemaskin - Mekulo NO\" \/>\n<meta property=\"og:description\" content=\"\ud83d\udc31\u200d\ud83d\udc09This elektrisk dinosaurboblemaskin bl\u00e5ser en kontinuerlig str\u00f8m av fargerike bobler ved \u00e5 trykke p\u00e5 en knapp. \ud83c\udf89Den kraftige motoren og lekkasjesikre designen gj\u00f8r det enkelt og problemfritt for barn \u00e5 bruke den p\u00e5 fester, lekekvelder eller i hagen. \ud83e\udd96Den s\u00f8te dinosaurformen gir ekstra spenning og holder barna engasjert lenger.\" \/>\n<meta property=\"og:url\" content=\"https:\/\/mekulo.com\/no\/produkt\/elektrisk-dinosaurboblemaskin\/\" \/>\n<meta property=\"og:site_name\" content=\"Mekulo NO\" \/>\n<meta property=\"article:modified_time\" content=\"2026-02-03T13:18:54+00:00\" \/>\n<meta property=\"og:image\" content=\"https:\/\/mekulo.com\/no\/wp-content\/uploads\/sites\/10\/2026\/02\/i36ej8p-1.jpg\" \/>\n\t<meta property=\"og:image:width\" content=\"800\" \/>\n\t<meta property=\"og:image:height\" content=\"800\" \/>\n\t<meta property=\"og:image:type\" content=\"image\/jpeg\" \/>\n<meta name=\"twitter:card\" content=\"summary_large_image\" \/>\n<meta name=\"twitter:label1\" content=\"Ansl. lesetid\" \/>\n\t<meta name=\"twitter:data1\" content=\"2 minutter\" \/>\n<script type=\"application\/ld+json\" class=\"yoast-schema-graph\">{\"@context\":\"https:\/\/schema.org\",\"@graph\":[{\"@type\":\"WebPage\",\"@id\":\"https:\/\/mekulo.com\/no\/produkt\/elektrisk-dinosaurboblemaskin\/\",\"url\":\"https:\/\/mekulo.com\/no\/produkt\/elektrisk-dinosaurboblemaskin\/\",\"name\":\"Elektrisk dinosaurboblemaskin - Mekulo NO\",\"isPartOf\":{\"@id\":\"https:\/\/mekulo.com\/no\/#website\"},\"primaryImageOfPage\":{\"@id\":\"https:\/\/mekulo.com\/no\/produkt\/elektrisk-dinosaurboblemaskin\/#primaryimage\"},\"image\":{\"@id\":\"https:\/\/mekulo.com\/no\/produkt\/elektrisk-dinosaurboblemaskin\/#primaryimage\"},\"thumbnailUrl\":\"https:\/\/mekulo.com\/no\/wp-content\/uploads\/sites\/10\/2026\/02\/i36ej8p-1.jpg\",\"datePublished\":\"2026-02-03T13:18:43+00:00\",\"dateModified\":\"2026-02-03T13:18:54+00:00\",\"breadcrumb\":{\"@id\":\"https:\/\/mekulo.com\/no\/produkt\/elektrisk-dinosaurboblemaskin\/#breadcrumb\"},\"inLanguage\":\"nb-NO\",\"potentialAction\":[{\"@type\":\"ReadAction\",\"target\":[\"https:\/\/mekulo.com\/no\/produkt\/elektrisk-dinosaurboblemaskin\/\"]}]},{\"@type\":\"ImageObject\",\"inLanguage\":\"nb-NO\",\"@id\":\"https:\/\/mekulo.com\/no\/produkt\/elektrisk-dinosaurboblemaskin\/#primaryimage\",\"url\":\"https:\/\/mekulo.com\/no\/wp-content\/uploads\/sites\/10\/2026\/02\/i36ej8p-1.jpg\",\"contentUrl\":\"https:\/\/mekulo.com\/no\/wp-content\/uploads\/sites\/10\/2026\/02\/i36ej8p-1.jpg\",\"width\":800,\"height\":800},{\"@type\":\"BreadcrumbList\",\"@id\":\"https:\/\/mekulo.com\/no\/produkt\/elektrisk-dinosaurboblemaskin\/#breadcrumb\",\"itemListElement\":[{\"@type\":\"ListItem\",\"position\":1,\"name\":\"Home\",\"item\":\"https:\/\/mekulo.com\/no\/\"},{\"@type\":\"ListItem\",\"position\":2,\"name\":\"Butikk\",\"item\":\"https:\/\/mekulo.com\/no\/butikk\/\"},{\"@type\":\"ListItem\",\"position\":3,\"name\":\"Elektrisk dinosaurboblemaskin\"}]},{\"@type\":\"WebSite\",\"@id\":\"https:\/\/mekulo.com\/no\/#website\",\"url\":\"https:\/\/mekulo.com\/no\/\",\"name\":\"Mekulo NO\",\"description\":\"\",\"publisher\":{\"@id\":\"https:\/\/mekulo.com\/no\/#organization\"},\"potentialAction\":[{\"@type\":\"SearchAction\",\"target\":{\"@type\":\"EntryPoint\",\"urlTemplate\":\"https:\/\/mekulo.com\/no\/?s={search_term_string}\"},\"query-input\":{\"@type\":\"PropertyValueSpecification\",\"valueRequired\":true,\"valueName\":\"search_term_string\"}}],\"inLanguage\":\"nb-NO\"},{\"@type\":\"Organization\",\"@id\":\"https:\/\/mekulo.com\/no\/#organization\",\"name\":\"Mekulo\",\"url\":\"https:\/\/mekulo.com\/no\/\",\"logo\":{\"@type\":\"ImageObject\",\"inLanguage\":\"nb-NO\",\"@id\":\"https:\/\/mekulo.com\/no\/#\/schema\/logo\/image\/\",\"url\":\"https:\/\/mekulo.com\/no\/wp-content\/uploads\/sites\/10\/2025\/12\/favicon_mekulo.png\",\"contentUrl\":\"https:\/\/mekulo.com\/no\/wp-content\/uploads\/sites\/10\/2025\/12\/favicon_mekulo.png\",\"width\":50,\"height\":50,\"caption\":\"Mekulo\"},\"image\":{\"@id\":\"https:\/\/mekulo.com\/no\/#\/schema\/logo\/image\/\"}}]}<\/script>\n<!-- \/ Yoast SEO plugin. -->","yoast_head_json":{"title":"Elektrisk dinosaurboblemaskin - Mekulo NO","robots":{"index":"index","follow":"follow","max-snippet":"max-snippet:-1","max-image-preview":"max-image-preview:large","max-video-preview":"max-video-preview:-1"},"canonical":"https:\/\/mekulo.com\/no\/produkt\/elektrisk-dinosaurboblemaskin\/","og_locale":"nb_NO","og_type":"article","og_title":"Elektrisk dinosaurboblemaskin - Mekulo NO","og_description":"\ud83d\udc31\u200d\ud83d\udc09This elektrisk dinosaurboblemaskin bl\u00e5ser en kontinuerlig str\u00f8m av fargerike bobler ved \u00e5 trykke p\u00e5 en knapp. \ud83c\udf89Den kraftige motoren og lekkasjesikre designen gj\u00f8r det enkelt og problemfritt for barn \u00e5 bruke den p\u00e5 fester, lekekvelder eller i hagen. \ud83e\udd96Den s\u00f8te dinosaurformen gir ekstra spenning og holder barna engasjert lenger.","og_url":"https:\/\/mekulo.com\/no\/produkt\/elektrisk-dinosaurboblemaskin\/","og_site_name":"Mekulo NO","article_modified_time":"2026-02-03T13:18:54+00:00","og_image":[{"width":800,"height":800,"url":"https:\/\/mekulo.com\/no\/wp-content\/uploads\/sites\/10\/2026\/02\/i36ej8p-1.jpg","type":"image\/jpeg"}],"twitter_card":"summary_large_image","twitter_misc":{"Ansl. lesetid":"2 minutter"},"schema":{"@context":"https:\/\/schema.org","@graph":[{"@type":"WebPage","@id":"https:\/\/mekulo.com\/no\/produkt\/elektrisk-dinosaurboblemaskin\/","url":"https:\/\/mekulo.com\/no\/produkt\/elektrisk-dinosaurboblemaskin\/","name":"Elektrisk dinosaurboblemaskin - Mekulo NO","isPartOf":{"@id":"https:\/\/mekulo.com\/no\/#website"},"primaryImageOfPage":{"@id":"https:\/\/mekulo.com\/no\/produkt\/elektrisk-dinosaurboblemaskin\/#primaryimage"},"image":{"@id":"https:\/\/mekulo.com\/no\/produkt\/elektrisk-dinosaurboblemaskin\/#primaryimage"},"thumbnailUrl":"https:\/\/mekulo.com\/no\/wp-content\/uploads\/sites\/10\/2026\/02\/i36ej8p-1.jpg","datePublished":"2026-02-03T13:18:43+00:00","dateModified":"2026-02-03T13:18:54+00:00","breadcrumb":{"@id":"https:\/\/mekulo.com\/no\/produkt\/elektrisk-dinosaurboblemaskin\/#breadcrumb"},"inLanguage":"nb-NO","potentialAction":[{"@type":"ReadAction","target":["https:\/\/mekulo.com\/no\/produkt\/elektrisk-dinosaurboblemaskin\/"]}]},{"@type":"ImageObject","inLanguage":"nb-NO","@id":"https:\/\/mekulo.com\/no\/produkt\/elektrisk-dinosaurboblemaskin\/#primaryimage","url":"https:\/\/mekulo.com\/no\/wp-content\/uploads\/sites\/10\/2026\/02\/i36ej8p-1.jpg","contentUrl":"https:\/\/mekulo.com\/no\/wp-content\/uploads\/sites\/10\/2026\/02\/i36ej8p-1.jpg","width":800,"height":800},{"@type":"BreadcrumbList","@id":"https:\/\/mekulo.com\/no\/produkt\/elektrisk-dinosaurboblemaskin\/#breadcrumb","itemListElement":[{"@type":"ListItem","position":1,"name":"Home","item":"https:\/\/mekulo.com\/no\/"},{"@type":"ListItem","position":2,"name":"Butikk","item":"https:\/\/mekulo.com\/no\/butikk\/"},{"@type":"ListItem","position":3,"name":"Elektrisk dinosaurboblemaskin"}]},{"@type":"WebSite","@id":"https:\/\/mekulo.com\/no\/#website","url":"https:\/\/mekulo.com\/no\/","name":"Mekulo NO","description":"","publisher":{"@id":"https:\/\/mekulo.com\/no\/#organization"},"potentialAction":[{"@type":"SearchAction","target":{"@type":"EntryPoint","urlTemplate":"https:\/\/mekulo.com\/no\/?s={search_term_string}"},"query-input":{"@type":"PropertyValueSpecification","valueRequired":true,"valueName":"search_term_string"}}],"inLanguage":"nb-NO"},{"@type":"Organization","@id":"https:\/\/mekulo.com\/no\/#organization","name":"Mekulo","url":"https:\/\/mekulo.com\/no\/","logo":{"@type":"ImageObject","inLanguage":"nb-NO","@id":"https:\/\/mekulo.com\/no\/#\/schema\/logo\/image\/","url":"https:\/\/mekulo.com\/no\/wp-content\/uploads\/sites\/10\/2025\/12\/favicon_mekulo.png","contentUrl":"https:\/\/mekulo.com\/no\/wp-content\/uploads\/sites\/10\/2025\/12\/favicon_mekulo.png","width":50,"height":50,"caption":"Mekulo"},"image":{"@id":"https:\/\/mekulo.com\/no\/#\/schema\/logo\/image\/"}}]}},"_links":{"self":[{"href":"https:\/\/mekulo.com\/no\/wp-json\/wp\/v2\/product\/21257","targetHints":{"allow":["GET"]}}],"collection":[{"href":"https:\/\/mekulo.com\/no\/wp-json\/wp\/v2\/product"}],"about":[{"href":"https:\/\/mekulo.com\/no\/wp-json\/wp\/v2\/types\/product"}],"replies":[{"embeddable":true,"href":"https:\/\/mekulo.com\/no\/wp-json\/wp\/v2\/comments?post=21257"}],"wp:featuredmedia":[{"embeddable":true,"href":"https:\/\/mekulo.com\/no\/wp-json\/wp\/v2\/media\/21253"}],"wp:attachment":[{"href":"https:\/\/mekulo.com\/no\/wp-json\/wp\/v2\/media?parent=21257"}],"wp:term":[{"taxonomy":"product_brand","embeddable":true,"href":"https:\/\/mekulo.com\/no\/wp-json\/wp\/v2\/product_brand?post=21257"},{"taxonomy":"product_cat","embeddable":true,"href":"https:\/\/mekulo.com\/no\/wp-json\/wp\/v2\/product_cat?post=21257"},{"taxonomy":"product_tag","embeddable":true,"href":"https:\/\/mekulo.com\/no\/wp-json\/wp\/v2\/product_tag?post=21257"}],"curies":[{"name":"wp","href":"https:\/\/api.w.org\/{rel}","templated":true}]}}