{"id":21216,"date":"2026-02-03T15:15:48","date_gmt":"2026-02-03T13:15:48","guid":{"rendered":"https:\/\/mekulo.com\/no\/produkt\/baerbar-og-sammenleggbar-drikkeholder\/"},"modified":"2026-02-03T15:16:15","modified_gmt":"2026-02-03T13:16:15","slug":"baerbar-og-sammenleggbar-drikkeholder","status":"publish","type":"product","link":"https:\/\/mekulo.com\/no\/produkt\/baerbar-og-sammenleggbar-drikkeholder\/","title":{"rendered":"B\u00e6rbar og sammenleggbar drikkeholder"},"content":{"rendered":"<p style=\"text-align: center\" data-start=\"0\" data-end=\"73\"><strong data-start=\"0\" data-end=\"73\">B\u00e6r opptil seks drinker trygt med en lett, sammenleggbar holder. \u2615<\/strong><\/p>\n<p data-start=\"0\" data-end=\"73\"><img fetchpriority=\"high\" decoding=\"async\" class=\"size-full wp-image-23067 aligncenter\" src=\"https:\/\/mekulo.com\/template\/wp-content\/uploads\/sites\/6\/2026\/01\/5-15.jpeg\" alt=\"\" width=\"1000\" height=\"1000\" \/><\/p>\n<h2 style=\"text-align: center\" data-start=\"367\" data-end=\"384\">Hovedfordeler \ud83e\udd64<\/h2>\n<p data-start=\"387\" data-end=\"449\">\ud83e\udd64 Rommer opptil 6 drinker &#8211; kaffe, \u00f8l, flasker eller bokser.<\/p>\n<p data-start=\"452\" data-end=\"506\">\ud83e\uddf3 Sammenleggbar design &#8211; Lagres flatt n\u00e5r den ikke er i bruk.<\/p>\n<p data-start=\"509\" data-end=\"573\">\ud83d\udcaa Sterk og stabil &#8211; Forsterket struktur forhindrer tipping.<\/p>\n<p data-start=\"576\" data-end=\"632\">\ud83e\udeb6 Lett og b\u00e6rbar &#8211; Lett \u00e5 ta med hvor som helst.<\/p>\n<p data-start=\"635\" data-end=\"702\">\ud83c\udf7b Flerbruksbruk &#8211; Levering, fester, piknik og reiser.<\/p>\n<p data-start=\"705\" data-end=\"775\">\ud83c\udf31 Slitesterk PP-plast &#8211; Hygienisk, milj\u00f8vennlig og langvarig.<\/p>\n<p data-start=\"705\" data-end=\"775\"><img decoding=\"async\" class=\"size-full wp-image-23068 aligncenter\" src=\"https:\/\/mekulo.com\/template\/wp-content\/uploads\/sites\/6\/2026\/01\/6-24.jpeg\" alt=\"\" width=\"1000\" height=\"1000\" \/><\/p>\n<h2 style=\"text-align: center\" data-start=\"777\" data-end=\"791\">Hvordan Du Bruker \ud83d\udccc<\/h2>\n<ol data-start=\"792\" data-end=\"1015\">\n<li data-start=\"792\" data-end=\"828\">\n<p data-start=\"795\" data-end=\"828\">Brett drikkeholderen helt ut.<\/p>\n<\/li>\n<li data-start=\"829\" data-end=\"879\">\n<p data-start=\"832\" data-end=\"879\">Plasser flasker eller kopper i hver runde holder.<\/p>\n<\/li>\n<li data-start=\"880\" data-end=\"924\">\n<p data-start=\"883\" data-end=\"924\">L\u00f8ft og b\u00e6r ved hjelp av det midterste h\u00e5ndtaket.<\/p>\n<\/li>\n<li data-start=\"925\" data-end=\"974\">\n<p data-start=\"928\" data-end=\"974\">Transporter drikke trygt til destinasjonen din.<\/p>\n<\/li>\n<li data-start=\"975\" data-end=\"1015\">\n<p data-start=\"978\" data-end=\"1015\">Brett flatt etter bruk for enkel oppbevaring.<\/p>\n<\/li>\n<\/ol>\n<h2 style=\"text-align: center\" data-start=\"1017\" data-end=\"1036\">Produktdetaljer \ud83d\udccf<\/h2>\n<ul data-start=\"1037\" data-end=\"1246\">\n<li data-start=\"1037\" data-end=\"1074\">\n<p data-start=\"1039\" data-end=\"1074\">Materiale: PP-plast av h\u00f8y kvalitet<\/p>\n<\/li>\n<li data-start=\"1075\" data-end=\"1097\">\n<p data-start=\"1077\" data-end=\"1097\">Kapasitet: 6 drinker<\/p>\n<\/li>\n<li data-start=\"1098\" data-end=\"1139\">\n<p data-start=\"1100\" data-end=\"1139\">Design: Sammenleggbare holdere med rund munn<\/p>\n<\/li>\n<li data-start=\"1140\" data-end=\"1165\">\n<p data-start=\"1142\" data-end=\"1165\">Stil: 6-hulls b\u00e6rer<\/p>\n<\/li>\n<li data-start=\"1186\" data-end=\"1246\">\n<p data-start=\"1188\" data-end=\"1246\">Bruksomr\u00e5der: Biler, barer, restauranter, utend\u00f8rsarrangementer, hjemme<\/p>\n<\/li>\n<li data-start=\"1186\" data-end=\"1246\">St\u00f8rrelse: 33 x 27,2 x 18 cm<\/li>\n<\/ul>\n<h2 style=\"text-align: center\" data-start=\"1248\" data-end=\"1268\">Pakken Inkluderer \ud83d\udce6<\/h2>\n<ul data-start=\"1269\" data-end=\"1306\" data-is-last-node=\"\" data-is-only-node=\"\">\n<li data-start=\"1269\" data-end=\"1306\" data-is-last-node=\"\">\n<p data-start=\"1271\" data-end=\"1306\" data-is-last-node=\"\">1x b\u00e6rbar sammenleggbar drikkeholder.<\/p>\n<\/li>\n<\/ul>\n","protected":false},"excerpt":{"rendered":"<p>\ud83e\udd64Denne b\u00e6rbare, sammenleggbare drikkeholderen holder drikkevarene dine oppreist og organisert mens du er p\u00e5 farten.<br \/>\n\ud83c\udf89Den sterke, men lette designen gj\u00f8r den perfekt for leveranser, fester, reiser og utend\u00f8rsarrangementer.<br \/>\n\ud83c\udf7bN\u00e5r den ikke er i bruk, kan den brettes flatt for enkel oppbevaring og tar nesten ingen plass.<\/p>\n","protected":false},"featured_media":21212,"comment_status":"open","ping_status":"closed","template":"","meta":{"site-sidebar-layout":"default","site-content-layout":"","ast-site-content-layout":"default","site-content-style":"default","site-sidebar-style":"default","ast-global-header-display":"","ast-banner-title-visibility":"","ast-main-header-display":"","ast-hfb-above-header-display":"","ast-hfb-below-header-display":"","ast-hfb-mobile-header-display":"","site-post-title":"","ast-breadcrumbs-content":"","ast-featured-img":"","footer-sml-layout":"","theme-transparent-header-meta":"default","adv-header-id-meta":"","stick-header-meta":"","header-above-stick-meta":"","header-main-stick-meta":"","header-below-stick-meta":"","astra-migrate-meta-layouts":"set","ast-page-background-enabled":"default","ast-page-background-meta":{"desktop":{"background-color":"var(--ast-global-color-5)","background-image":"","background-repeat":"repeat","background-position":"center center","background-size":"auto","background-attachment":"scroll","background-type":"","background-media":"","overlay-type":"","overlay-color":"","overlay-opacity":"","overlay-gradient":""},"tablet":{"background-color":"","background-image":"","background-repeat":"repeat","background-position":"center center","background-size":"auto","background-attachment":"scroll","background-type":"","background-media":"","overlay-type":"","overlay-color":"","overlay-opacity":"","overlay-gradient":""},"mobile":{"background-color":"","background-image":"","background-repeat":"repeat","background-position":"center center","background-size":"auto","background-attachment":"scroll","background-type":"","background-media":"","overlay-type":"","overlay-color":"","overlay-opacity":"","overlay-gradient":""}},"ast-content-background-meta":{"desktop":{"background-color":"var(--ast-global-color-4)","background-image":"","background-repeat":"repeat","background-position":"center center","background-size":"auto","background-attachment":"scroll","background-type":"","background-media":"","overlay-type":"","overlay-color":"","overlay-opacity":"","overlay-gradient":""},"tablet":{"background-color":"var(--ast-global-color-4)","background-image":"","background-repeat":"repeat","background-position":"center center","background-size":"auto","background-attachment":"scroll","background-type":"","background-media":"","overlay-type":"","overlay-color":"","overlay-opacity":"","overlay-gradient":""},"mobile":{"background-color":"var(--ast-global-color-4)","background-image":"","background-repeat":"repeat","background-position":"center center","background-size":"auto","background-attachment":"scroll","background-type":"","background-media":"","overlay-type":"","overlay-color":"","overlay-opacity":"","overlay-gradient":""}}},"product_brand":[],"product_cat":[167,168],"product_tag":[],"class_list":{"0":"post-21216","1":"product","2":"type-product","3":"status-publish","4":"has-post-thumbnail","6":"product_cat-fotturer-camping-og-fritidsartikler","7":"product_cat-husholdningsartikler","8":"pa_54137_qjyfh8l1-bla","9":"pa_54137_qjyfh8l1-gronn","10":"pa_54137_qjyfh8l1-gul","11":"pa_54137_qjyfh8l1-lilla","12":"pa_54137_qjyfh8l1-lys-lilla","13":"pa_54137_qjyfh8l1-rod","14":"pa_54137_qjyfh8l1-rosa","15":"pa_54137_qjyfh8l1-svart","16":"desktop-align-left","17":"tablet-align-left","18":"mobile-align-left","20":"first","21":"instock","22":"shipping-taxable","23":"purchasable","24":"product-type-variable"},"yoast_head":"<!-- This site is optimized with the Yoast SEO plugin v26.6 - https:\/\/yoast.com\/wordpress\/plugins\/seo\/ -->\n<title>B\u00e6rbar og sammenleggbar drikkeholder - Mekulo NO<\/title>\n<meta name=\"robots\" content=\"index, follow, max-snippet:-1, max-image-preview:large, max-video-preview:-1\" \/>\n<link rel=\"canonical\" href=\"https:\/\/mekulo.com\/no\/produkt\/baerbar-og-sammenleggbar-drikkeholder\/\" \/>\n<meta property=\"og:locale\" content=\"nb_NO\" \/>\n<meta property=\"og:type\" content=\"article\" \/>\n<meta property=\"og:title\" content=\"B\u00e6rbar og sammenleggbar drikkeholder - Mekulo NO\" \/>\n<meta property=\"og:description\" content=\"\ud83e\udd64Denne b\u00e6rbare, sammenleggbare drikkeholderen holder drikkevarene dine oppreist og organisert mens du er p\u00e5 farten. \ud83c\udf89Den sterke, men lette designen gj\u00f8r den perfekt for leveranser, fester, reiser og utend\u00f8rsarrangementer. \ud83c\udf7bN\u00e5r den ikke er i bruk, kan den brettes flatt for enkel oppbevaring og tar nesten ingen plass.\" \/>\n<meta property=\"og:url\" content=\"https:\/\/mekulo.com\/no\/produkt\/baerbar-og-sammenleggbar-drikkeholder\/\" \/>\n<meta property=\"og:site_name\" content=\"Mekulo NO\" \/>\n<meta property=\"article:modified_time\" content=\"2026-02-03T13:16:15+00:00\" \/>\n<meta property=\"og:image\" content=\"https:\/\/mekulo.com\/no\/wp-content\/uploads\/sites\/10\/2026\/02\/ugmmmff-1.jpeg\" \/>\n\t<meta property=\"og:image:width\" content=\"1000\" \/>\n\t<meta property=\"og:image:height\" content=\"1000\" \/>\n\t<meta property=\"og:image:type\" content=\"image\/jpeg\" \/>\n<meta name=\"twitter:card\" content=\"summary_large_image\" \/>\n<meta name=\"twitter:label1\" content=\"Ansl. lesetid\" \/>\n\t<meta name=\"twitter:data1\" content=\"2 minutter\" \/>\n<script type=\"application\/ld+json\" class=\"yoast-schema-graph\">{\"@context\":\"https:\/\/schema.org\",\"@graph\":[{\"@type\":\"WebPage\",\"@id\":\"https:\/\/mekulo.com\/no\/produkt\/baerbar-og-sammenleggbar-drikkeholder\/\",\"url\":\"https:\/\/mekulo.com\/no\/produkt\/baerbar-og-sammenleggbar-drikkeholder\/\",\"name\":\"B\u00e6rbar og sammenleggbar drikkeholder - Mekulo NO\",\"isPartOf\":{\"@id\":\"https:\/\/mekulo.com\/no\/#website\"},\"primaryImageOfPage\":{\"@id\":\"https:\/\/mekulo.com\/no\/produkt\/baerbar-og-sammenleggbar-drikkeholder\/#primaryimage\"},\"image\":{\"@id\":\"https:\/\/mekulo.com\/no\/produkt\/baerbar-og-sammenleggbar-drikkeholder\/#primaryimage\"},\"thumbnailUrl\":\"https:\/\/mekulo.com\/no\/wp-content\/uploads\/sites\/10\/2026\/02\/ugmmmff-1.jpeg\",\"datePublished\":\"2026-02-03T13:15:48+00:00\",\"dateModified\":\"2026-02-03T13:16:15+00:00\",\"breadcrumb\":{\"@id\":\"https:\/\/mekulo.com\/no\/produkt\/baerbar-og-sammenleggbar-drikkeholder\/#breadcrumb\"},\"inLanguage\":\"nb-NO\",\"potentialAction\":[{\"@type\":\"ReadAction\",\"target\":[\"https:\/\/mekulo.com\/no\/produkt\/baerbar-og-sammenleggbar-drikkeholder\/\"]}]},{\"@type\":\"ImageObject\",\"inLanguage\":\"nb-NO\",\"@id\":\"https:\/\/mekulo.com\/no\/produkt\/baerbar-og-sammenleggbar-drikkeholder\/#primaryimage\",\"url\":\"https:\/\/mekulo.com\/no\/wp-content\/uploads\/sites\/10\/2026\/02\/ugmmmff-1.jpeg\",\"contentUrl\":\"https:\/\/mekulo.com\/no\/wp-content\/uploads\/sites\/10\/2026\/02\/ugmmmff-1.jpeg\",\"width\":1000,\"height\":1000},{\"@type\":\"BreadcrumbList\",\"@id\":\"https:\/\/mekulo.com\/no\/produkt\/baerbar-og-sammenleggbar-drikkeholder\/#breadcrumb\",\"itemListElement\":[{\"@type\":\"ListItem\",\"position\":1,\"name\":\"Home\",\"item\":\"https:\/\/mekulo.com\/no\/\"},{\"@type\":\"ListItem\",\"position\":2,\"name\":\"Butikk\",\"item\":\"https:\/\/mekulo.com\/no\/butikk\/\"},{\"@type\":\"ListItem\",\"position\":3,\"name\":\"B\u00e6rbar og sammenleggbar drikkeholder\"}]},{\"@type\":\"WebSite\",\"@id\":\"https:\/\/mekulo.com\/no\/#website\",\"url\":\"https:\/\/mekulo.com\/no\/\",\"name\":\"Mekulo NO\",\"description\":\"\",\"publisher\":{\"@id\":\"https:\/\/mekulo.com\/no\/#organization\"},\"potentialAction\":[{\"@type\":\"SearchAction\",\"target\":{\"@type\":\"EntryPoint\",\"urlTemplate\":\"https:\/\/mekulo.com\/no\/?s={search_term_string}\"},\"query-input\":{\"@type\":\"PropertyValueSpecification\",\"valueRequired\":true,\"valueName\":\"search_term_string\"}}],\"inLanguage\":\"nb-NO\"},{\"@type\":\"Organization\",\"@id\":\"https:\/\/mekulo.com\/no\/#organization\",\"name\":\"Mekulo\",\"url\":\"https:\/\/mekulo.com\/no\/\",\"logo\":{\"@type\":\"ImageObject\",\"inLanguage\":\"nb-NO\",\"@id\":\"https:\/\/mekulo.com\/no\/#\/schema\/logo\/image\/\",\"url\":\"https:\/\/mekulo.com\/no\/wp-content\/uploads\/sites\/10\/2025\/12\/favicon_mekulo.png\",\"contentUrl\":\"https:\/\/mekulo.com\/no\/wp-content\/uploads\/sites\/10\/2025\/12\/favicon_mekulo.png\",\"width\":50,\"height\":50,\"caption\":\"Mekulo\"},\"image\":{\"@id\":\"https:\/\/mekulo.com\/no\/#\/schema\/logo\/image\/\"}}]}<\/script>\n<!-- \/ Yoast SEO plugin. -->","yoast_head_json":{"title":"B\u00e6rbar og sammenleggbar drikkeholder - Mekulo NO","robots":{"index":"index","follow":"follow","max-snippet":"max-snippet:-1","max-image-preview":"max-image-preview:large","max-video-preview":"max-video-preview:-1"},"canonical":"https:\/\/mekulo.com\/no\/produkt\/baerbar-og-sammenleggbar-drikkeholder\/","og_locale":"nb_NO","og_type":"article","og_title":"B\u00e6rbar og sammenleggbar drikkeholder - Mekulo NO","og_description":"\ud83e\udd64Denne b\u00e6rbare, sammenleggbare drikkeholderen holder drikkevarene dine oppreist og organisert mens du er p\u00e5 farten. \ud83c\udf89Den sterke, men lette designen gj\u00f8r den perfekt for leveranser, fester, reiser og utend\u00f8rsarrangementer. \ud83c\udf7bN\u00e5r den ikke er i bruk, kan den brettes flatt for enkel oppbevaring og tar nesten ingen plass.","og_url":"https:\/\/mekulo.com\/no\/produkt\/baerbar-og-sammenleggbar-drikkeholder\/","og_site_name":"Mekulo NO","article_modified_time":"2026-02-03T13:16:15+00:00","og_image":[{"width":1000,"height":1000,"url":"https:\/\/mekulo.com\/no\/wp-content\/uploads\/sites\/10\/2026\/02\/ugmmmff-1.jpeg","type":"image\/jpeg"}],"twitter_card":"summary_large_image","twitter_misc":{"Ansl. lesetid":"2 minutter"},"schema":{"@context":"https:\/\/schema.org","@graph":[{"@type":"WebPage","@id":"https:\/\/mekulo.com\/no\/produkt\/baerbar-og-sammenleggbar-drikkeholder\/","url":"https:\/\/mekulo.com\/no\/produkt\/baerbar-og-sammenleggbar-drikkeholder\/","name":"B\u00e6rbar og sammenleggbar drikkeholder - Mekulo NO","isPartOf":{"@id":"https:\/\/mekulo.com\/no\/#website"},"primaryImageOfPage":{"@id":"https:\/\/mekulo.com\/no\/produkt\/baerbar-og-sammenleggbar-drikkeholder\/#primaryimage"},"image":{"@id":"https:\/\/mekulo.com\/no\/produkt\/baerbar-og-sammenleggbar-drikkeholder\/#primaryimage"},"thumbnailUrl":"https:\/\/mekulo.com\/no\/wp-content\/uploads\/sites\/10\/2026\/02\/ugmmmff-1.jpeg","datePublished":"2026-02-03T13:15:48+00:00","dateModified":"2026-02-03T13:16:15+00:00","breadcrumb":{"@id":"https:\/\/mekulo.com\/no\/produkt\/baerbar-og-sammenleggbar-drikkeholder\/#breadcrumb"},"inLanguage":"nb-NO","potentialAction":[{"@type":"ReadAction","target":["https:\/\/mekulo.com\/no\/produkt\/baerbar-og-sammenleggbar-drikkeholder\/"]}]},{"@type":"ImageObject","inLanguage":"nb-NO","@id":"https:\/\/mekulo.com\/no\/produkt\/baerbar-og-sammenleggbar-drikkeholder\/#primaryimage","url":"https:\/\/mekulo.com\/no\/wp-content\/uploads\/sites\/10\/2026\/02\/ugmmmff-1.jpeg","contentUrl":"https:\/\/mekulo.com\/no\/wp-content\/uploads\/sites\/10\/2026\/02\/ugmmmff-1.jpeg","width":1000,"height":1000},{"@type":"BreadcrumbList","@id":"https:\/\/mekulo.com\/no\/produkt\/baerbar-og-sammenleggbar-drikkeholder\/#breadcrumb","itemListElement":[{"@type":"ListItem","position":1,"name":"Home","item":"https:\/\/mekulo.com\/no\/"},{"@type":"ListItem","position":2,"name":"Butikk","item":"https:\/\/mekulo.com\/no\/butikk\/"},{"@type":"ListItem","position":3,"name":"B\u00e6rbar og sammenleggbar drikkeholder"}]},{"@type":"WebSite","@id":"https:\/\/mekulo.com\/no\/#website","url":"https:\/\/mekulo.com\/no\/","name":"Mekulo NO","description":"","publisher":{"@id":"https:\/\/mekulo.com\/no\/#organization"},"potentialAction":[{"@type":"SearchAction","target":{"@type":"EntryPoint","urlTemplate":"https:\/\/mekulo.com\/no\/?s={search_term_string}"},"query-input":{"@type":"PropertyValueSpecification","valueRequired":true,"valueName":"search_term_string"}}],"inLanguage":"nb-NO"},{"@type":"Organization","@id":"https:\/\/mekulo.com\/no\/#organization","name":"Mekulo","url":"https:\/\/mekulo.com\/no\/","logo":{"@type":"ImageObject","inLanguage":"nb-NO","@id":"https:\/\/mekulo.com\/no\/#\/schema\/logo\/image\/","url":"https:\/\/mekulo.com\/no\/wp-content\/uploads\/sites\/10\/2025\/12\/favicon_mekulo.png","contentUrl":"https:\/\/mekulo.com\/no\/wp-content\/uploads\/sites\/10\/2025\/12\/favicon_mekulo.png","width":50,"height":50,"caption":"Mekulo"},"image":{"@id":"https:\/\/mekulo.com\/no\/#\/schema\/logo\/image\/"}}]}},"_links":{"self":[{"href":"https:\/\/mekulo.com\/no\/wp-json\/wp\/v2\/product\/21216","targetHints":{"allow":["GET"]}}],"collection":[{"href":"https:\/\/mekulo.com\/no\/wp-json\/wp\/v2\/product"}],"about":[{"href":"https:\/\/mekulo.com\/no\/wp-json\/wp\/v2\/types\/product"}],"replies":[{"embeddable":true,"href":"https:\/\/mekulo.com\/no\/wp-json\/wp\/v2\/comments?post=21216"}],"wp:featuredmedia":[{"embeddable":true,"href":"https:\/\/mekulo.com\/no\/wp-json\/wp\/v2\/media\/21212"}],"wp:attachment":[{"href":"https:\/\/mekulo.com\/no\/wp-json\/wp\/v2\/media?parent=21216"}],"wp:term":[{"taxonomy":"product_brand","embeddable":true,"href":"https:\/\/mekulo.com\/no\/wp-json\/wp\/v2\/product_brand?post=21216"},{"taxonomy":"product_cat","embeddable":true,"href":"https:\/\/mekulo.com\/no\/wp-json\/wp\/v2\/product_cat?post=21216"},{"taxonomy":"product_tag","embeddable":true,"href":"https:\/\/mekulo.com\/no\/wp-json\/wp\/v2\/product_tag?post=21216"}],"curies":[{"name":"wp","href":"https:\/\/api.w.org\/{rel}","templated":true}]}}