{"id":21207,"date":"2026-02-03T15:14:29","date_gmt":"2026-02-03T13:14:29","guid":{"rendered":"https:\/\/mekulo.com\/no\/produkt\/rengjoringsstav-for-bilradiatorer\/"},"modified":"2026-02-10T11:31:42","modified_gmt":"2026-02-10T09:31:42","slug":"rengjoringsstav-for-bilradiatorer","status":"publish","type":"product","link":"https:\/\/mekulo.com\/no\/produkt\/rengjoringsstav-for-bilradiatorer\/","title":{"rendered":"Rengj\u00f8ringsstav for bilradiatorer"},"content":{"rendered":"<div class=\"flex max-w-full flex-col grow\">\n<div class=\"min-h-8 text-message relative flex w-full flex-col items-end gap-2 text-start break-words whitespace-normal [.text-message+&amp;]:mt-1\" dir=\"auto\" data-message-author-role=\"assistant\" data-message-id=\"51d572d1-531a-424d-b192-7830ffc348af\" data-message-model-slug=\"gpt-5-2\">\n<div class=\"flex w-full flex-col gap-1 empty:hidden first:pt-[1px]\">\n<div class=\"markdown prose dark:prose-invert w-full wrap-break-word light markdown-new-styling\">\n<p style=\"text-align: center\" data-start=\"0\" data-end=\"63\"><strong data-start=\"0\" data-end=\"63\">Rengj\u00f8r Bilens Radiator Grundig Uten \u00c5 Ta Den Fra Hverandre. \ud83d\ude98<\/strong><\/p>\n<p data-start=\"0\" data-end=\"63\"><img decoding=\"async\" class=\"size-full wp-image-23059 aligncenter\" src=\"https:\/\/mekulo.com\/template\/wp-content\/uploads\/sites\/6\/2026\/01\/a20280fceafa35e18e9161c251b394a75a89204b-700.avif\" alt=\"\" \/><\/p>\n<h2 style=\"text-align: center\" data-start=\"367\" data-end=\"384\">Hovedfordeler \ud83d\udebf<\/h2>\n<p data-start=\"387\" data-end=\"454\">\ud83d\udebf Ingen demontering n\u00f8dvendig \u2013 Rengj\u00f8r radiatoren fra innsiden.<\/p>\n<p data-start=\"457\" data-end=\"517\">\ud83e\uddfc Dyp innvendig rengj\u00f8ring \u2013 Fjerner opphopning og rusk.<\/p>\n<p data-start=\"520\" data-end=\"594\">\ud83d\udd04 180\u00b0 roterende kontakt \u2013 Forhindrer slangeb\u00f8yning og trykktap.<\/p>\n<p data-start=\"597\" data-end=\"647\">\ud83d\udee0\ufe0f Enkel \u00e5 bruke \u2013 Ingen spesielle ferdigheter kreves.<\/p>\n<p data-start=\"650\" data-end=\"713\">\ud83d\ude97 Universell applikasjon \u2013 Fungerer p\u00e5 biler, lastebiler og bobiler.<\/p>\n<p data-start=\"716\" data-end=\"779\">\ud83d\udcaa Slitesterke materialer \u2013 Deler i rustfritt st\u00e5l og aluminium.<\/p>\n<p data-start=\"716\" data-end=\"779\"><img fetchpriority=\"high\" decoding=\"async\" class=\"size-full wp-image-23056 aligncenter\" src=\"https:\/\/mekulo.com\/template\/wp-content\/uploads\/sites\/6\/2026\/01\/e420eb53551bd67fcbd8de3785723d4117f66776.jpg\" alt=\"\" width=\"1080\" height=\"1080\" \/><\/p>\n<h2 style=\"text-align: center\" data-start=\"781\" data-end=\"795\">Hvordan Du Bruker \ud83d\udccc<\/h2>\n<ol data-start=\"796\" data-end=\"1066\">\n<li data-start=\"796\" data-end=\"852\">\n<p data-start=\"799\" data-end=\"852\">Koble staven til en vann- eller lufttrykkskilde.<\/p>\n<\/li>\n<li data-start=\"853\" data-end=\"902\">\n<p data-start=\"856\" data-end=\"902\">Sett staven forsiktig inn i radiatoren.<\/p>\n<\/li>\n<li data-start=\"903\" data-end=\"964\">\n<p data-start=\"906\" data-end=\"964\">Bruk vann eller lufttrykk for \u00e5 spyle ut smuss og rester.<\/p>\n<\/li>\n<li data-start=\"965\" data-end=\"1010\">\n<p data-start=\"968\" data-end=\"1010\">Beveg staven forsiktig for \u00e5 n\u00e5 alle omr\u00e5der.<\/p>\n<\/li>\n<li data-start=\"1011\" data-end=\"1066\">\n<p data-start=\"1014\" data-end=\"1066\">Fjern staven og koble til radiatoren igjen som vanlig.<\/p>\n<\/li>\n<\/ol>\n<h2 style=\"text-align: center\" data-start=\"1068\" data-end=\"1087\">Produktdetaljer \ud83d\udccf<\/h2>\n<ul data-start=\"1088\" data-end=\"1317\">\n<li data-start=\"1088\" data-end=\"1149\">\n<p data-start=\"1090\" data-end=\"1149\">Materiale: Stang i rustfritt st\u00e5l + kontakter i aluminiumslegering<\/p>\n<\/li>\n<li data-start=\"1150\" data-end=\"1167\">\n<p data-start=\"1152\" data-end=\"1167\">Lengde: 60 cm<\/p>\n<\/li>\n<li data-start=\"1188\" data-end=\"1242\">\n<p data-start=\"1190\" data-end=\"1242\">Kobling: 0,6 cm hurtigkobling med universalledd<\/p>\n<\/li>\n<li data-start=\"1243\" data-end=\"1280\">\n<p data-start=\"1245\" data-end=\"1280\">Rotasjon: 180\u00b0 fleksibel kontakt<\/p>\n<\/li>\n<li data-start=\"1281\" data-end=\"1317\">\n<p data-start=\"1283\" data-end=\"1317\">Kj\u00f8ret\u00f8ytyper: Biler, lastebiler, bobiler<\/p>\n<\/li>\n<\/ul>\n<h2 style=\"text-align: center\" data-start=\"1319\" data-end=\"1339\">Pakken Inkluderer \ud83d\udce6<\/h2>\n<ul data-start=\"1340\" data-end=\"1438\" data-is-last-node=\"\" data-is-only-node=\"\">\n<li data-start=\"1340\" data-end=\"1376\">\n<p data-start=\"1342\" data-end=\"1376\">1x 60 cm radiatorrengj\u00f8ringsstav<\/p>\n<\/li>\n<li data-start=\"1377\" data-end=\"1416\">\n<p data-start=\"1379\" data-end=\"1416\">1x ventil trakeal hurtigkobling<\/p>\n<\/li>\n<li data-start=\"1417\" data-end=\"1438\" data-is-last-node=\"\">\n<p data-start=\"1419\" data-end=\"1438\" data-is-last-node=\"\">1x universalskj\u00f8t.<\/p>\n<\/li>\n<\/ul>\n<\/div>\n<\/div>\n<\/div>\n<\/div>\n","protected":false},"excerpt":{"rendered":"<p>\ud83d\udca6Denne rengj\u00f8ringsstaven for bilradiatorer fjerner raskt og effektivt smuss, rust og avleiringer fra innsiden av radiatoren.<br \/>\n\ud83d\udd01Den lange rekkevidden og den roterende kontakten gj\u00f8r rengj\u00f8ringen enkel, selv p\u00e5 trange steder.<br \/>\n\ud83e\uddfcDette verkt\u00f8yet bidrar til \u00e5 forbedre kj\u00f8leytelsen og sparer penger ved at du unng\u00e5r profesjonell rengj\u00f8ring.<\/p>\n","protected":false},"featured_media":21203,"comment_status":"open","ping_status":"closed","template":"","meta":{"site-sidebar-layout":"default","site-content-layout":"","ast-site-content-layout":"default","site-content-style":"default","site-sidebar-style":"default","ast-global-header-display":"","ast-banner-title-visibility":"","ast-main-header-display":"","ast-hfb-above-header-display":"","ast-hfb-below-header-display":"","ast-hfb-mobile-header-display":"","site-post-title":"","ast-breadcrumbs-content":"","ast-featured-img":"","footer-sml-layout":"","theme-transparent-header-meta":"default","adv-header-id-meta":"","stick-header-meta":"","header-above-stick-meta":"","header-main-stick-meta":"","header-below-stick-meta":"","astra-migrate-meta-layouts":"set","ast-page-background-enabled":"default","ast-page-background-meta":{"desktop":{"background-color":"var(--ast-global-color-5)","background-image":"","background-repeat":"repeat","background-position":"center center","background-size":"auto","background-attachment":"scroll","background-type":"","background-media":"","overlay-type":"","overlay-color":"","overlay-opacity":"","overlay-gradient":""},"tablet":{"background-color":"","background-image":"","background-repeat":"repeat","background-position":"center center","background-size":"auto","background-attachment":"scroll","background-type":"","background-media":"","overlay-type":"","overlay-color":"","overlay-opacity":"","overlay-gradient":""},"mobile":{"background-color":"","background-image":"","background-repeat":"repeat","background-position":"center center","background-size":"auto","background-attachment":"scroll","background-type":"","background-media":"","overlay-type":"","overlay-color":"","overlay-opacity":"","overlay-gradient":""}},"ast-content-background-meta":{"desktop":{"background-color":"var(--ast-global-color-4)","background-image":"","background-repeat":"repeat","background-position":"center center","background-size":"auto","background-attachment":"scroll","background-type":"","background-media":"","overlay-type":"","overlay-color":"","overlay-opacity":"","overlay-gradient":""},"tablet":{"background-color":"var(--ast-global-color-4)","background-image":"","background-repeat":"repeat","background-position":"center center","background-size":"auto","background-attachment":"scroll","background-type":"","background-media":"","overlay-type":"","overlay-color":"","overlay-opacity":"","overlay-gradient":""},"mobile":{"background-color":"var(--ast-global-color-4)","background-image":"","background-repeat":"repeat","background-position":"center center","background-size":"auto","background-attachment":"scroll","background-type":"","background-media":"","overlay-type":"","overlay-color":"","overlay-opacity":"","overlay-gradient":""}}},"product_brand":[],"product_cat":[161],"product_tag":[],"class_list":{"0":"post-21207","1":"product","2":"type-product","3":"status-publish","4":"has-post-thumbnail","6":"product_cat-bilprodukter","7":"desktop-align-left","8":"tablet-align-left","9":"mobile-align-left","11":"first","12":"instock","13":"shipping-taxable","14":"purchasable","15":"product-type-simple"},"yoast_head":"<!-- This site is optimized with the Yoast SEO plugin v26.6 - https:\/\/yoast.com\/wordpress\/plugins\/seo\/ -->\n<title>Rengj\u00f8ringsstav for bilradiatorer - Mekulo NO<\/title>\n<meta name=\"robots\" content=\"index, follow, max-snippet:-1, max-image-preview:large, max-video-preview:-1\" \/>\n<link rel=\"canonical\" href=\"https:\/\/mekulo.com\/no\/produkt\/rengjoringsstav-for-bilradiatorer\/\" \/>\n<meta property=\"og:locale\" content=\"nb_NO\" \/>\n<meta property=\"og:type\" content=\"article\" \/>\n<meta property=\"og:title\" content=\"Rengj\u00f8ringsstav for bilradiatorer - Mekulo NO\" \/>\n<meta property=\"og:description\" content=\"\ud83d\udca6Denne rengj\u00f8ringsstaven for bilradiatorer fjerner raskt og effektivt smuss, rust og avleiringer fra innsiden av radiatoren. \ud83d\udd01Den lange rekkevidden og den roterende kontakten gj\u00f8r rengj\u00f8ringen enkel, selv p\u00e5 trange steder. \ud83e\uddfcDette verkt\u00f8yet bidrar til \u00e5 forbedre kj\u00f8leytelsen og sparer penger ved at du unng\u00e5r profesjonell rengj\u00f8ring.\" \/>\n<meta property=\"og:url\" content=\"https:\/\/mekulo.com\/no\/produkt\/rengjoringsstav-for-bilradiatorer\/\" \/>\n<meta property=\"og:site_name\" content=\"Mekulo NO\" \/>\n<meta property=\"article:modified_time\" content=\"2026-02-10T09:31:42+00:00\" \/>\n<meta property=\"og:image\" content=\"https:\/\/mekulo.com\/no\/wp-content\/uploads\/sites\/10\/2026\/02\/s0qjwrn-1.jpg\" \/>\n\t<meta property=\"og:image:width\" content=\"700\" \/>\n\t<meta property=\"og:image:height\" content=\"672\" \/>\n\t<meta property=\"og:image:type\" content=\"image\/jpeg\" \/>\n<meta name=\"twitter:card\" content=\"summary_large_image\" \/>\n<meta name=\"twitter:label1\" content=\"Ansl. lesetid\" \/>\n\t<meta name=\"twitter:data1\" content=\"2 minutter\" \/>\n<script type=\"application\/ld+json\" class=\"yoast-schema-graph\">{\"@context\":\"https:\/\/schema.org\",\"@graph\":[{\"@type\":\"WebPage\",\"@id\":\"https:\/\/mekulo.com\/no\/produkt\/rengjoringsstav-for-bilradiatorer\/\",\"url\":\"https:\/\/mekulo.com\/no\/produkt\/rengjoringsstav-for-bilradiatorer\/\",\"name\":\"Rengj\u00f8ringsstav for bilradiatorer - Mekulo NO\",\"isPartOf\":{\"@id\":\"https:\/\/mekulo.com\/no\/#website\"},\"primaryImageOfPage\":{\"@id\":\"https:\/\/mekulo.com\/no\/produkt\/rengjoringsstav-for-bilradiatorer\/#primaryimage\"},\"image\":{\"@id\":\"https:\/\/mekulo.com\/no\/produkt\/rengjoringsstav-for-bilradiatorer\/#primaryimage\"},\"thumbnailUrl\":\"https:\/\/mekulo.com\/no\/wp-content\/uploads\/sites\/10\/2026\/02\/s0qjwrn-1.jpg\",\"datePublished\":\"2026-02-03T13:14:29+00:00\",\"dateModified\":\"2026-02-10T09:31:42+00:00\",\"breadcrumb\":{\"@id\":\"https:\/\/mekulo.com\/no\/produkt\/rengjoringsstav-for-bilradiatorer\/#breadcrumb\"},\"inLanguage\":\"nb-NO\",\"potentialAction\":[{\"@type\":\"ReadAction\",\"target\":[\"https:\/\/mekulo.com\/no\/produkt\/rengjoringsstav-for-bilradiatorer\/\"]}]},{\"@type\":\"ImageObject\",\"inLanguage\":\"nb-NO\",\"@id\":\"https:\/\/mekulo.com\/no\/produkt\/rengjoringsstav-for-bilradiatorer\/#primaryimage\",\"url\":\"https:\/\/mekulo.com\/no\/wp-content\/uploads\/sites\/10\/2026\/02\/s0qjwrn-1.jpg\",\"contentUrl\":\"https:\/\/mekulo.com\/no\/wp-content\/uploads\/sites\/10\/2026\/02\/s0qjwrn-1.jpg\",\"width\":700,\"height\":672},{\"@type\":\"BreadcrumbList\",\"@id\":\"https:\/\/mekulo.com\/no\/produkt\/rengjoringsstav-for-bilradiatorer\/#breadcrumb\",\"itemListElement\":[{\"@type\":\"ListItem\",\"position\":1,\"name\":\"Home\",\"item\":\"https:\/\/mekulo.com\/no\/\"},{\"@type\":\"ListItem\",\"position\":2,\"name\":\"Butikk\",\"item\":\"https:\/\/mekulo.com\/no\/butikk\/\"},{\"@type\":\"ListItem\",\"position\":3,\"name\":\"Rengj\u00f8ringsstav for bilradiatorer\"}]},{\"@type\":\"WebSite\",\"@id\":\"https:\/\/mekulo.com\/no\/#website\",\"url\":\"https:\/\/mekulo.com\/no\/\",\"name\":\"Mekulo NO\",\"description\":\"\",\"publisher\":{\"@id\":\"https:\/\/mekulo.com\/no\/#organization\"},\"potentialAction\":[{\"@type\":\"SearchAction\",\"target\":{\"@type\":\"EntryPoint\",\"urlTemplate\":\"https:\/\/mekulo.com\/no\/?s={search_term_string}\"},\"query-input\":{\"@type\":\"PropertyValueSpecification\",\"valueRequired\":true,\"valueName\":\"search_term_string\"}}],\"inLanguage\":\"nb-NO\"},{\"@type\":\"Organization\",\"@id\":\"https:\/\/mekulo.com\/no\/#organization\",\"name\":\"Mekulo\",\"url\":\"https:\/\/mekulo.com\/no\/\",\"logo\":{\"@type\":\"ImageObject\",\"inLanguage\":\"nb-NO\",\"@id\":\"https:\/\/mekulo.com\/no\/#\/schema\/logo\/image\/\",\"url\":\"https:\/\/mekulo.com\/no\/wp-content\/uploads\/sites\/10\/2025\/12\/favicon_mekulo.png\",\"contentUrl\":\"https:\/\/mekulo.com\/no\/wp-content\/uploads\/sites\/10\/2025\/12\/favicon_mekulo.png\",\"width\":50,\"height\":50,\"caption\":\"Mekulo\"},\"image\":{\"@id\":\"https:\/\/mekulo.com\/no\/#\/schema\/logo\/image\/\"}}]}<\/script>\n<!-- \/ Yoast SEO plugin. -->","yoast_head_json":{"title":"Rengj\u00f8ringsstav for bilradiatorer - Mekulo NO","robots":{"index":"index","follow":"follow","max-snippet":"max-snippet:-1","max-image-preview":"max-image-preview:large","max-video-preview":"max-video-preview:-1"},"canonical":"https:\/\/mekulo.com\/no\/produkt\/rengjoringsstav-for-bilradiatorer\/","og_locale":"nb_NO","og_type":"article","og_title":"Rengj\u00f8ringsstav for bilradiatorer - Mekulo NO","og_description":"\ud83d\udca6Denne rengj\u00f8ringsstaven for bilradiatorer fjerner raskt og effektivt smuss, rust og avleiringer fra innsiden av radiatoren. \ud83d\udd01Den lange rekkevidden og den roterende kontakten gj\u00f8r rengj\u00f8ringen enkel, selv p\u00e5 trange steder. \ud83e\uddfcDette verkt\u00f8yet bidrar til \u00e5 forbedre kj\u00f8leytelsen og sparer penger ved at du unng\u00e5r profesjonell rengj\u00f8ring.","og_url":"https:\/\/mekulo.com\/no\/produkt\/rengjoringsstav-for-bilradiatorer\/","og_site_name":"Mekulo NO","article_modified_time":"2026-02-10T09:31:42+00:00","og_image":[{"width":700,"height":672,"url":"https:\/\/mekulo.com\/no\/wp-content\/uploads\/sites\/10\/2026\/02\/s0qjwrn-1.jpg","type":"image\/jpeg"}],"twitter_card":"summary_large_image","twitter_misc":{"Ansl. lesetid":"2 minutter"},"schema":{"@context":"https:\/\/schema.org","@graph":[{"@type":"WebPage","@id":"https:\/\/mekulo.com\/no\/produkt\/rengjoringsstav-for-bilradiatorer\/","url":"https:\/\/mekulo.com\/no\/produkt\/rengjoringsstav-for-bilradiatorer\/","name":"Rengj\u00f8ringsstav for bilradiatorer - Mekulo NO","isPartOf":{"@id":"https:\/\/mekulo.com\/no\/#website"},"primaryImageOfPage":{"@id":"https:\/\/mekulo.com\/no\/produkt\/rengjoringsstav-for-bilradiatorer\/#primaryimage"},"image":{"@id":"https:\/\/mekulo.com\/no\/produkt\/rengjoringsstav-for-bilradiatorer\/#primaryimage"},"thumbnailUrl":"https:\/\/mekulo.com\/no\/wp-content\/uploads\/sites\/10\/2026\/02\/s0qjwrn-1.jpg","datePublished":"2026-02-03T13:14:29+00:00","dateModified":"2026-02-10T09:31:42+00:00","breadcrumb":{"@id":"https:\/\/mekulo.com\/no\/produkt\/rengjoringsstav-for-bilradiatorer\/#breadcrumb"},"inLanguage":"nb-NO","potentialAction":[{"@type":"ReadAction","target":["https:\/\/mekulo.com\/no\/produkt\/rengjoringsstav-for-bilradiatorer\/"]}]},{"@type":"ImageObject","inLanguage":"nb-NO","@id":"https:\/\/mekulo.com\/no\/produkt\/rengjoringsstav-for-bilradiatorer\/#primaryimage","url":"https:\/\/mekulo.com\/no\/wp-content\/uploads\/sites\/10\/2026\/02\/s0qjwrn-1.jpg","contentUrl":"https:\/\/mekulo.com\/no\/wp-content\/uploads\/sites\/10\/2026\/02\/s0qjwrn-1.jpg","width":700,"height":672},{"@type":"BreadcrumbList","@id":"https:\/\/mekulo.com\/no\/produkt\/rengjoringsstav-for-bilradiatorer\/#breadcrumb","itemListElement":[{"@type":"ListItem","position":1,"name":"Home","item":"https:\/\/mekulo.com\/no\/"},{"@type":"ListItem","position":2,"name":"Butikk","item":"https:\/\/mekulo.com\/no\/butikk\/"},{"@type":"ListItem","position":3,"name":"Rengj\u00f8ringsstav for bilradiatorer"}]},{"@type":"WebSite","@id":"https:\/\/mekulo.com\/no\/#website","url":"https:\/\/mekulo.com\/no\/","name":"Mekulo NO","description":"","publisher":{"@id":"https:\/\/mekulo.com\/no\/#organization"},"potentialAction":[{"@type":"SearchAction","target":{"@type":"EntryPoint","urlTemplate":"https:\/\/mekulo.com\/no\/?s={search_term_string}"},"query-input":{"@type":"PropertyValueSpecification","valueRequired":true,"valueName":"search_term_string"}}],"inLanguage":"nb-NO"},{"@type":"Organization","@id":"https:\/\/mekulo.com\/no\/#organization","name":"Mekulo","url":"https:\/\/mekulo.com\/no\/","logo":{"@type":"ImageObject","inLanguage":"nb-NO","@id":"https:\/\/mekulo.com\/no\/#\/schema\/logo\/image\/","url":"https:\/\/mekulo.com\/no\/wp-content\/uploads\/sites\/10\/2025\/12\/favicon_mekulo.png","contentUrl":"https:\/\/mekulo.com\/no\/wp-content\/uploads\/sites\/10\/2025\/12\/favicon_mekulo.png","width":50,"height":50,"caption":"Mekulo"},"image":{"@id":"https:\/\/mekulo.com\/no\/#\/schema\/logo\/image\/"}}]}},"_links":{"self":[{"href":"https:\/\/mekulo.com\/no\/wp-json\/wp\/v2\/product\/21207","targetHints":{"allow":["GET"]}}],"collection":[{"href":"https:\/\/mekulo.com\/no\/wp-json\/wp\/v2\/product"}],"about":[{"href":"https:\/\/mekulo.com\/no\/wp-json\/wp\/v2\/types\/product"}],"replies":[{"embeddable":true,"href":"https:\/\/mekulo.com\/no\/wp-json\/wp\/v2\/comments?post=21207"}],"wp:featuredmedia":[{"embeddable":true,"href":"https:\/\/mekulo.com\/no\/wp-json\/wp\/v2\/media\/21203"}],"wp:attachment":[{"href":"https:\/\/mekulo.com\/no\/wp-json\/wp\/v2\/media?parent=21207"}],"wp:term":[{"taxonomy":"product_brand","embeddable":true,"href":"https:\/\/mekulo.com\/no\/wp-json\/wp\/v2\/product_brand?post=21207"},{"taxonomy":"product_cat","embeddable":true,"href":"https:\/\/mekulo.com\/no\/wp-json\/wp\/v2\/product_cat?post=21207"},{"taxonomy":"product_tag","embeddable":true,"href":"https:\/\/mekulo.com\/no\/wp-json\/wp\/v2\/product_tag?post=21207"}],"curies":[{"name":"wp","href":"https:\/\/api.w.org\/{rel}","templated":true}]}}