{"id":21190,"date":"2026-02-03T15:13:06","date_gmt":"2026-02-03T13:13:06","guid":{"rendered":"https:\/\/mekulo.com\/no\/produkt\/avtrekk-for-vinkelventil-for-kran\/"},"modified":"2026-02-10T11:08:36","modified_gmt":"2026-02-10T09:08:36","slug":"avtrekk-for-vinkelventil-for-kran","status":"publish","type":"product","link":"https:\/\/mekulo.com\/no\/produkt\/avtrekk-for-vinkelventil-for-kran\/","title":{"rendered":"Avtrekk for vinkelventil for kran"},"content":{"rendered":"<div class=\"flex flex-col text-sm pb-25\">\n<article class=\"text-token-text-primary w-full focus:outline-none [--shadow-height:45px] has-data-writing-block:pointer-events-none has-data-writing-block:-mt-(--shadow-height) has-data-writing-block:pt-(--shadow-height) [&amp;:has([data-writing-block])&gt;*]:pointer-events-auto scroll-mt-[calc(var(--header-height)+min(200px,max(70px,20svh)))]\" dir=\"auto\" data-turn-id=\"request-69788f7d-d97c-832a-a512-ce7bdd364928-8\" data-testid=\"conversation-turn-66\" data-scroll-anchor=\"true\" data-turn=\"assistant\">\n<div class=\"text-base my-auto mx-auto pb-10 [--thread-content-margin:--spacing(4)] @w-sm\/main:[--thread-content-margin:--spacing(6)] @w-lg\/main:[--thread-content-margin:--spacing(16)] px-(--thread-content-margin)\">\n<div class=\"[--thread-content-max-width:40rem] @w-lg\/main:[--thread-content-max-width:48rem] mx-auto max-w-(--thread-content-max-width) flex-1 group\/turn-messages focus-visible:outline-hidden relative flex w-full min-w-0 flex-col agent-turn\">\n<div class=\"flex max-w-full flex-col grow\">\n<div class=\"min-h-8 text-message relative flex w-full flex-col items-end gap-2 text-start break-words whitespace-normal [.text-message+&amp;]:mt-1\" dir=\"auto\" data-message-author-role=\"assistant\" data-message-id=\"bd506e6b-b441-48ad-80c4-efe02a06900f\" data-message-model-slug=\"gpt-5-2\">\n<div class=\"flex w-full flex-col gap-1 empty:hidden first:pt-[1px]\">\n<div class=\"markdown prose dark:prose-invert w-full wrap-break-word light markdown-new-styling\">\n<p style=\"text-align: center\" data-start=\"0\" data-end=\"77\"><strong data-start=\"0\" data-end=\"77\">Fjern \u00d8delagte Kranvinkelventilskruer Raskt Uten Skade Eller Stress. \ud83d\udca6<\/strong><\/p>\n<p data-start=\"0\" data-end=\"77\"><img fetchpriority=\"high\" decoding=\"async\" class=\"size-full wp-image-22730 aligncenter\" src=\"https:\/\/mekulo.com\/template\/wp-content\/uploads\/sites\/6\/2026\/01\/09a0d543d6267765c2d2a63d18c15de70b173f9e-700.png\" alt=\"\" width=\"700\" height=\"700\" \/><\/p>\n<h2 style=\"text-align: center\" data-start=\"365\" data-end=\"382\"><strong>Main Fordeler \ud83d\udd27<\/strong><\/h2>\n<p data-start=\"385\" data-end=\"450\">\ud83d\udd27 4-punkts &amp; 6-punkts design &#8211; H\u00e5ndterer forskjellige skruetyper.<\/p>\n<p data-start=\"453\" data-end=\"517\">\ud83d\udd04 Sterk gripekraft &#8211; Fjerner \u00f8delagte og fastl\u00e5ste skruer.<\/p>\n<p data-start=\"520\" data-end=\"576\">\u270b Enkel \u00e5 bruke &#8211; Enkel betjening med god kontroll.<\/p>\n<p data-start=\"579\" data-end=\"634\">\ud83d\udcaa Slitesterk konstruksjon &#8211; Bygget for langvarig bruk.<\/p>\n<p data-start=\"637\" data-end=\"709\">\ud83c\udfe0 Flerbruksverkt\u00f8y &#8211; Flott for r\u00f8rleggerarbeid, hjemme- og bilreparasjoner.<\/p>\n<p data-start=\"712\" data-end=\"773\">\u23f1\ufe0f Tidsbesparende l\u00f8sning &#8211; Ingen boring eller \u00f8deleggelse av deler.<\/p>\n<p data-start=\"712\" data-end=\"773\"><img decoding=\"async\" class=\"size-full wp-image-22736 aligncenter\" src=\"https:\/\/mekulo.com\/template\/wp-content\/uploads\/sites\/6\/2026\/01\/Sb7fc3ce77a8d4c86bfeacb2af9f63c1aZ.jpg_960x960q75.jpg_.avif\" alt=\"\" width=\"800\" height=\"800\" \/><\/p>\n<h2 style=\"text-align: center\" data-start=\"775\" data-end=\"789\"><strong>Hvordan Bruke \ud83d\udccc<\/strong><\/h2>\n<ol data-start=\"790\" data-end=\"1003\">\n<li data-start=\"790\" data-end=\"837\">\n<p data-start=\"793\" data-end=\"837\">Plasser uttrekkeren over den \u00f8delagte skruen.<\/p>\n<\/li>\n<li data-start=\"838\" data-end=\"889\">\n<p data-start=\"841\" data-end=\"889\">Sett inn og stram unbrakon\u00f8kkelen for \u00e5 sikre den.<\/p>\n<\/li>\n<li data-start=\"890\" data-end=\"932\">\n<p data-start=\"893\" data-end=\"932\">Drei uttrekkeren mot klokken.<\/p>\n<\/li>\n<li data-start=\"933\" data-end=\"964\">\n<p data-start=\"936\" data-end=\"964\">Fjern skruen jevnt.<\/p>\n<\/li>\n<li data-start=\"965\" data-end=\"1003\">\n<p data-start=\"968\" data-end=\"1003\">Rengj\u00f8r og oppbevar verkt\u00f8yet etter bruk.<\/p>\n<\/li>\n<\/ol>\n<h2 style=\"text-align: center\" data-start=\"1005\" data-end=\"1024\"><strong>Produkt Detaljer \ud83d\udccf<\/strong><\/h2>\n<ul data-start=\"1025\" data-end=\"1231\">\n<li data-start=\"1025\" data-end=\"1062\">\n<p data-start=\"1027\" data-end=\"1062\">Verkt\u00f8ytype: Skruuttrekker<\/p>\n<\/li>\n<li data-start=\"1063\" data-end=\"1099\">\n<p data-start=\"1065\" data-end=\"1099\">Design: 4-punkts og 6-punkts grep<\/p>\n<\/li>\n<li data-start=\"1100\" data-end=\"1130\">\n<p data-start=\"1102\" data-end=\"1130\">Drift: Manuell rotasjon<\/p>\n<\/li>\n<li data-start=\"1131\" data-end=\"1171\">\n<p data-start=\"1133\" data-end=\"1171\">Materiale: Holdbart metall av h\u00f8y kvalitet<\/p>\n<\/li>\n<li data-start=\"1172\" data-end=\"1231\">\n<p data-start=\"1174\" data-end=\"1231\">Anvendelse: Kranvinkelventiler, r\u00f8rleggerarbeid, gj\u00f8r-det-selv-reparasjoner<\/p>\n<\/li>\n<li data-start=\"1172\" data-end=\"1231\">St\u00f8rrelse: 60 x 13 mm, 55 x 24 mm<\/li>\n<\/ul>\n<h2 style=\"text-align: center\" data-start=\"1233\" data-end=\"1253\"><strong>Pakken Inkluderer \ud83d\udce6<\/strong><\/h2>\n<ul>\n<li>2, 4, 6x monteringsplater\/adaptere i metall (med flere hull)<\/li>\n<li>2, 4, 6x skruer\/bolter<\/li>\n<li data-start=\"107\" data-end=\"128\">\n<p data-start=\"109\" data-end=\"128\">1, 2 , 3x L-formet sekskantn\u00f8kkel (unbrakon\u00f8kkel).<\/p>\n<\/li>\n<\/ul>\n<\/div>\n<\/div>\n<\/div>\n<\/div>\n<\/div>\n<\/div>\n<\/article>\n<\/div>\n","protected":false},"excerpt":{"rendered":"<p>\ud83e\ude9bDenne kranvinkelventiluttrekkeren hjelper deg med \u00e5 fjerne \u00f8delagte, rustne eller glidede skruer med letthet.<br \/>\n\ud83d\udd29Den smarte flerpunktsdesignen griper godt tak og vrir gjenstridige skruer jevnt ut.<br \/>\n\ud83d\udc68\u200d\ud83d\udd27An viktig reparasjonsverkt\u00f8y som sparer tid, krefter og kostbare utskiftninger under r\u00f8rlegger- eller gj\u00f8r-det-selv-arbeid.<\/p>\n","protected":false},"featured_media":21186,"comment_status":"open","ping_status":"closed","template":"","meta":{"site-sidebar-layout":"default","site-content-layout":"","ast-site-content-layout":"default","site-content-style":"default","site-sidebar-style":"default","ast-global-header-display":"","ast-banner-title-visibility":"","ast-main-header-display":"","ast-hfb-above-header-display":"","ast-hfb-below-header-display":"","ast-hfb-mobile-header-display":"","site-post-title":"","ast-breadcrumbs-content":"","ast-featured-img":"","footer-sml-layout":"","theme-transparent-header-meta":"default","adv-header-id-meta":"","stick-header-meta":"","header-above-stick-meta":"","header-main-stick-meta":"","header-below-stick-meta":"","astra-migrate-meta-layouts":"set","ast-page-background-enabled":"default","ast-page-background-meta":{"desktop":{"background-color":"var(--ast-global-color-5)","background-image":"","background-repeat":"repeat","background-position":"center center","background-size":"auto","background-attachment":"scroll","background-type":"","background-media":"","overlay-type":"","overlay-color":"","overlay-opacity":"","overlay-gradient":""},"tablet":{"background-color":"","background-image":"","background-repeat":"repeat","background-position":"center center","background-size":"auto","background-attachment":"scroll","background-type":"","background-media":"","overlay-type":"","overlay-color":"","overlay-opacity":"","overlay-gradient":""},"mobile":{"background-color":"","background-image":"","background-repeat":"repeat","background-position":"center center","background-size":"auto","background-attachment":"scroll","background-type":"","background-media":"","overlay-type":"","overlay-color":"","overlay-opacity":"","overlay-gradient":""}},"ast-content-background-meta":{"desktop":{"background-color":"var(--ast-global-color-4)","background-image":"","background-repeat":"repeat","background-position":"center center","background-size":"auto","background-attachment":"scroll","background-type":"","background-media":"","overlay-type":"","overlay-color":"","overlay-opacity":"","overlay-gradient":""},"tablet":{"background-color":"var(--ast-global-color-4)","background-image":"","background-repeat":"repeat","background-position":"center center","background-size":"auto","background-attachment":"scroll","background-type":"","background-media":"","overlay-type":"","overlay-color":"","overlay-opacity":"","overlay-gradient":""},"mobile":{"background-color":"var(--ast-global-color-4)","background-image":"","background-repeat":"repeat","background-position":"center center","background-size":"auto","background-attachment":"scroll","background-type":"","background-media":"","overlay-type":"","overlay-color":"","overlay-opacity":"","overlay-gradient":""}}},"product_brand":[],"product_cat":[171],"product_tag":[],"class_list":{"0":"post-21190","1":"product","2":"type-product","3":"status-publish","4":"has-post-thumbnail","6":"product_cat-verktoy","7":"pa_54106_zkgnf60o-1-stk","8":"pa_54106_zkgnf60o-2-stk","9":"pa_54106_zkgnf60o-3-stk","10":"desktop-align-left","11":"tablet-align-left","12":"mobile-align-left","14":"first","15":"instock","16":"shipping-taxable","17":"purchasable","18":"product-type-variable"},"yoast_head":"<!-- This site is optimized with the Yoast SEO plugin v26.6 - https:\/\/yoast.com\/wordpress\/plugins\/seo\/ -->\n<title>Avtrekk for vinkelventil for kran - Mekulo NO<\/title>\n<meta name=\"robots\" content=\"index, follow, max-snippet:-1, max-image-preview:large, max-video-preview:-1\" \/>\n<link rel=\"canonical\" href=\"https:\/\/mekulo.com\/no\/produkt\/avtrekk-for-vinkelventil-for-kran\/\" \/>\n<meta property=\"og:locale\" content=\"nb_NO\" \/>\n<meta property=\"og:type\" content=\"article\" \/>\n<meta property=\"og:title\" content=\"Avtrekk for vinkelventil for kran - Mekulo NO\" \/>\n<meta property=\"og:description\" content=\"\ud83e\ude9bDenne kranvinkelventiluttrekkeren hjelper deg med \u00e5 fjerne \u00f8delagte, rustne eller glidede skruer med letthet. \ud83d\udd29Den smarte flerpunktsdesignen griper godt tak og vrir gjenstridige skruer jevnt ut. \ud83d\udc68\u200d\ud83d\udd27An viktig reparasjonsverkt\u00f8y som sparer tid, krefter og kostbare utskiftninger under r\u00f8rlegger- eller gj\u00f8r-det-selv-arbeid.\" \/>\n<meta property=\"og:url\" content=\"https:\/\/mekulo.com\/no\/produkt\/avtrekk-for-vinkelventil-for-kran\/\" \/>\n<meta property=\"og:site_name\" content=\"Mekulo NO\" \/>\n<meta property=\"article:modified_time\" content=\"2026-02-10T09:08:36+00:00\" \/>\n<meta property=\"og:image\" content=\"https:\/\/mekulo.com\/no\/wp-content\/uploads\/sites\/10\/2026\/02\/9lcllqc-1.jpg\" \/>\n\t<meta property=\"og:image:width\" content=\"800\" \/>\n\t<meta property=\"og:image:height\" content=\"800\" \/>\n\t<meta property=\"og:image:type\" content=\"image\/jpeg\" \/>\n<meta name=\"twitter:card\" content=\"summary_large_image\" \/>\n<meta name=\"twitter:label1\" content=\"Ansl. lesetid\" \/>\n\t<meta name=\"twitter:data1\" content=\"2 minutter\" \/>\n<script type=\"application\/ld+json\" class=\"yoast-schema-graph\">{\"@context\":\"https:\/\/schema.org\",\"@graph\":[{\"@type\":\"WebPage\",\"@id\":\"https:\/\/mekulo.com\/no\/produkt\/avtrekk-for-vinkelventil-for-kran\/\",\"url\":\"https:\/\/mekulo.com\/no\/produkt\/avtrekk-for-vinkelventil-for-kran\/\",\"name\":\"Avtrekk for vinkelventil for kran - Mekulo NO\",\"isPartOf\":{\"@id\":\"https:\/\/mekulo.com\/no\/#website\"},\"primaryImageOfPage\":{\"@id\":\"https:\/\/mekulo.com\/no\/produkt\/avtrekk-for-vinkelventil-for-kran\/#primaryimage\"},\"image\":{\"@id\":\"https:\/\/mekulo.com\/no\/produkt\/avtrekk-for-vinkelventil-for-kran\/#primaryimage\"},\"thumbnailUrl\":\"https:\/\/mekulo.com\/no\/wp-content\/uploads\/sites\/10\/2026\/02\/9lcllqc-1.jpg\",\"datePublished\":\"2026-02-03T13:13:06+00:00\",\"dateModified\":\"2026-02-10T09:08:36+00:00\",\"breadcrumb\":{\"@id\":\"https:\/\/mekulo.com\/no\/produkt\/avtrekk-for-vinkelventil-for-kran\/#breadcrumb\"},\"inLanguage\":\"nb-NO\",\"potentialAction\":[{\"@type\":\"ReadAction\",\"target\":[\"https:\/\/mekulo.com\/no\/produkt\/avtrekk-for-vinkelventil-for-kran\/\"]}]},{\"@type\":\"ImageObject\",\"inLanguage\":\"nb-NO\",\"@id\":\"https:\/\/mekulo.com\/no\/produkt\/avtrekk-for-vinkelventil-for-kran\/#primaryimage\",\"url\":\"https:\/\/mekulo.com\/no\/wp-content\/uploads\/sites\/10\/2026\/02\/9lcllqc-1.jpg\",\"contentUrl\":\"https:\/\/mekulo.com\/no\/wp-content\/uploads\/sites\/10\/2026\/02\/9lcllqc-1.jpg\",\"width\":800,\"height\":800},{\"@type\":\"BreadcrumbList\",\"@id\":\"https:\/\/mekulo.com\/no\/produkt\/avtrekk-for-vinkelventil-for-kran\/#breadcrumb\",\"itemListElement\":[{\"@type\":\"ListItem\",\"position\":1,\"name\":\"Home\",\"item\":\"https:\/\/mekulo.com\/no\/\"},{\"@type\":\"ListItem\",\"position\":2,\"name\":\"Butikk\",\"item\":\"https:\/\/mekulo.com\/no\/butikk\/\"},{\"@type\":\"ListItem\",\"position\":3,\"name\":\"Avtrekk for vinkelventil for kran\"}]},{\"@type\":\"WebSite\",\"@id\":\"https:\/\/mekulo.com\/no\/#website\",\"url\":\"https:\/\/mekulo.com\/no\/\",\"name\":\"Mekulo NO\",\"description\":\"\",\"publisher\":{\"@id\":\"https:\/\/mekulo.com\/no\/#organization\"},\"potentialAction\":[{\"@type\":\"SearchAction\",\"target\":{\"@type\":\"EntryPoint\",\"urlTemplate\":\"https:\/\/mekulo.com\/no\/?s={search_term_string}\"},\"query-input\":{\"@type\":\"PropertyValueSpecification\",\"valueRequired\":true,\"valueName\":\"search_term_string\"}}],\"inLanguage\":\"nb-NO\"},{\"@type\":\"Organization\",\"@id\":\"https:\/\/mekulo.com\/no\/#organization\",\"name\":\"Mekulo\",\"url\":\"https:\/\/mekulo.com\/no\/\",\"logo\":{\"@type\":\"ImageObject\",\"inLanguage\":\"nb-NO\",\"@id\":\"https:\/\/mekulo.com\/no\/#\/schema\/logo\/image\/\",\"url\":\"https:\/\/mekulo.com\/no\/wp-content\/uploads\/sites\/10\/2025\/12\/favicon_mekulo.png\",\"contentUrl\":\"https:\/\/mekulo.com\/no\/wp-content\/uploads\/sites\/10\/2025\/12\/favicon_mekulo.png\",\"width\":50,\"height\":50,\"caption\":\"Mekulo\"},\"image\":{\"@id\":\"https:\/\/mekulo.com\/no\/#\/schema\/logo\/image\/\"}}]}<\/script>\n<!-- \/ Yoast SEO plugin. -->","yoast_head_json":{"title":"Avtrekk for vinkelventil for kran - Mekulo NO","robots":{"index":"index","follow":"follow","max-snippet":"max-snippet:-1","max-image-preview":"max-image-preview:large","max-video-preview":"max-video-preview:-1"},"canonical":"https:\/\/mekulo.com\/no\/produkt\/avtrekk-for-vinkelventil-for-kran\/","og_locale":"nb_NO","og_type":"article","og_title":"Avtrekk for vinkelventil for kran - Mekulo NO","og_description":"\ud83e\ude9bDenne kranvinkelventiluttrekkeren hjelper deg med \u00e5 fjerne \u00f8delagte, rustne eller glidede skruer med letthet. \ud83d\udd29Den smarte flerpunktsdesignen griper godt tak og vrir gjenstridige skruer jevnt ut. \ud83d\udc68\u200d\ud83d\udd27An viktig reparasjonsverkt\u00f8y som sparer tid, krefter og kostbare utskiftninger under r\u00f8rlegger- eller gj\u00f8r-det-selv-arbeid.","og_url":"https:\/\/mekulo.com\/no\/produkt\/avtrekk-for-vinkelventil-for-kran\/","og_site_name":"Mekulo NO","article_modified_time":"2026-02-10T09:08:36+00:00","og_image":[{"width":800,"height":800,"url":"https:\/\/mekulo.com\/no\/wp-content\/uploads\/sites\/10\/2026\/02\/9lcllqc-1.jpg","type":"image\/jpeg"}],"twitter_card":"summary_large_image","twitter_misc":{"Ansl. lesetid":"2 minutter"},"schema":{"@context":"https:\/\/schema.org","@graph":[{"@type":"WebPage","@id":"https:\/\/mekulo.com\/no\/produkt\/avtrekk-for-vinkelventil-for-kran\/","url":"https:\/\/mekulo.com\/no\/produkt\/avtrekk-for-vinkelventil-for-kran\/","name":"Avtrekk for vinkelventil for kran - Mekulo NO","isPartOf":{"@id":"https:\/\/mekulo.com\/no\/#website"},"primaryImageOfPage":{"@id":"https:\/\/mekulo.com\/no\/produkt\/avtrekk-for-vinkelventil-for-kran\/#primaryimage"},"image":{"@id":"https:\/\/mekulo.com\/no\/produkt\/avtrekk-for-vinkelventil-for-kran\/#primaryimage"},"thumbnailUrl":"https:\/\/mekulo.com\/no\/wp-content\/uploads\/sites\/10\/2026\/02\/9lcllqc-1.jpg","datePublished":"2026-02-03T13:13:06+00:00","dateModified":"2026-02-10T09:08:36+00:00","breadcrumb":{"@id":"https:\/\/mekulo.com\/no\/produkt\/avtrekk-for-vinkelventil-for-kran\/#breadcrumb"},"inLanguage":"nb-NO","potentialAction":[{"@type":"ReadAction","target":["https:\/\/mekulo.com\/no\/produkt\/avtrekk-for-vinkelventil-for-kran\/"]}]},{"@type":"ImageObject","inLanguage":"nb-NO","@id":"https:\/\/mekulo.com\/no\/produkt\/avtrekk-for-vinkelventil-for-kran\/#primaryimage","url":"https:\/\/mekulo.com\/no\/wp-content\/uploads\/sites\/10\/2026\/02\/9lcllqc-1.jpg","contentUrl":"https:\/\/mekulo.com\/no\/wp-content\/uploads\/sites\/10\/2026\/02\/9lcllqc-1.jpg","width":800,"height":800},{"@type":"BreadcrumbList","@id":"https:\/\/mekulo.com\/no\/produkt\/avtrekk-for-vinkelventil-for-kran\/#breadcrumb","itemListElement":[{"@type":"ListItem","position":1,"name":"Home","item":"https:\/\/mekulo.com\/no\/"},{"@type":"ListItem","position":2,"name":"Butikk","item":"https:\/\/mekulo.com\/no\/butikk\/"},{"@type":"ListItem","position":3,"name":"Avtrekk for vinkelventil for kran"}]},{"@type":"WebSite","@id":"https:\/\/mekulo.com\/no\/#website","url":"https:\/\/mekulo.com\/no\/","name":"Mekulo NO","description":"","publisher":{"@id":"https:\/\/mekulo.com\/no\/#organization"},"potentialAction":[{"@type":"SearchAction","target":{"@type":"EntryPoint","urlTemplate":"https:\/\/mekulo.com\/no\/?s={search_term_string}"},"query-input":{"@type":"PropertyValueSpecification","valueRequired":true,"valueName":"search_term_string"}}],"inLanguage":"nb-NO"},{"@type":"Organization","@id":"https:\/\/mekulo.com\/no\/#organization","name":"Mekulo","url":"https:\/\/mekulo.com\/no\/","logo":{"@type":"ImageObject","inLanguage":"nb-NO","@id":"https:\/\/mekulo.com\/no\/#\/schema\/logo\/image\/","url":"https:\/\/mekulo.com\/no\/wp-content\/uploads\/sites\/10\/2025\/12\/favicon_mekulo.png","contentUrl":"https:\/\/mekulo.com\/no\/wp-content\/uploads\/sites\/10\/2025\/12\/favicon_mekulo.png","width":50,"height":50,"caption":"Mekulo"},"image":{"@id":"https:\/\/mekulo.com\/no\/#\/schema\/logo\/image\/"}}]}},"_links":{"self":[{"href":"https:\/\/mekulo.com\/no\/wp-json\/wp\/v2\/product\/21190","targetHints":{"allow":["GET"]}}],"collection":[{"href":"https:\/\/mekulo.com\/no\/wp-json\/wp\/v2\/product"}],"about":[{"href":"https:\/\/mekulo.com\/no\/wp-json\/wp\/v2\/types\/product"}],"replies":[{"embeddable":true,"href":"https:\/\/mekulo.com\/no\/wp-json\/wp\/v2\/comments?post=21190"}],"wp:featuredmedia":[{"embeddable":true,"href":"https:\/\/mekulo.com\/no\/wp-json\/wp\/v2\/media\/21186"}],"wp:attachment":[{"href":"https:\/\/mekulo.com\/no\/wp-json\/wp\/v2\/media?parent=21190"}],"wp:term":[{"taxonomy":"product_brand","embeddable":true,"href":"https:\/\/mekulo.com\/no\/wp-json\/wp\/v2\/product_brand?post=21190"},{"taxonomy":"product_cat","embeddable":true,"href":"https:\/\/mekulo.com\/no\/wp-json\/wp\/v2\/product_cat?post=21190"},{"taxonomy":"product_tag","embeddable":true,"href":"https:\/\/mekulo.com\/no\/wp-json\/wp\/v2\/product_tag?post=21190"}],"curies":[{"name":"wp","href":"https:\/\/api.w.org\/{rel}","templated":true}]}}