{"id":21172,"date":"2026-02-03T15:11:15","date_gmt":"2026-02-03T13:11:15","guid":{"rendered":"https:\/\/mekulo.com\/no\/produkt\/dansende-blekksprutleke\/"},"modified":"2026-02-03T15:11:26","modified_gmt":"2026-02-03T13:11:26","slug":"dansende-blekksprutleke","status":"publish","type":"product","link":"https:\/\/mekulo.com\/no\/produkt\/dansende-blekksprutleke\/","title":{"rendered":"Dansende blekksprutleke"},"content":{"rendered":"<p style=\"text-align: center\" data-start=\"0\" data-end=\"62\"><strong data-start=\"0\" data-end=\"62\">F\u00e5 nonstop bevegelse, musikk og latter inn i leken. \ud83d\udc19<\/strong><\/p>\n<p data-start=\"0\" data-end=\"62\"><img decoding=\"async\" class=\"size-full wp-image-22704 aligncenter\" src=\"https:\/\/mekulo.com\/template\/wp-content\/uploads\/sites\/6\/2026\/01\/d70965cee68d3b0e4f3e753d7e13ae93340cbdd2-700.avif\" alt=\"\" \/><\/p>\n<h2 style=\"text-align: center\" data-start=\"394\" data-end=\"411\"><strong>Hovedfordeler \ud83d\udc67<\/strong><\/h2>\n<p data-start=\"414\" data-end=\"488\">\ud83d\udc19 Interaktiv dansende handling &#8211; Vrikker, snurrer og beveger seg p\u00e5 egen h\u00e5nd.<\/p>\n<p data-start=\"491\" data-end=\"552\">\ud83d\udca1 Fargerike LED-lys &#8211; \u00d8ker visuell og sensorisk lek.<\/p>\n<p data-start=\"555\" data-end=\"622\">\ud83e\udde0 Smart hindring av hindringer &#8211; Endrer retning automatisk.<\/p>\n<p data-start=\"625\" data-end=\"688\">\ud83c\udfc3 Oppmuntrer til aktiv lek &#8211; Fremmer kryping og g\u00e5ing.<\/p>\n<p data-start=\"691\" data-end=\"751\">\ud83e\uddf8 Sikker og holdbar &#8211; BPA-fri plast med glatte kanter.<\/p>\n<p data-start=\"754\" data-end=\"810\">\ud83c\udf81 Perfekt gave &#8211; Flott til bursdager og h\u00f8ytider.<\/p>\n<p data-start=\"754\" data-end=\"810\"><img fetchpriority=\"high\" decoding=\"async\" class=\"size-full wp-image-22703 aligncenter\" src=\"https:\/\/mekulo.com\/template\/wp-content\/uploads\/sites\/6\/2026\/01\/4e93a3e7-cbe5-4970-b289-bfbf04ffac5a.jpg\" alt=\"\" width=\"1080\" height=\"1080\" \/><\/p>\n<h2 style=\"text-align: center\" data-start=\"812\" data-end=\"826\"><strong>Hvordan Du Bruker \ud83d\udccc<\/strong><\/h2>\n<ol data-start=\"827\" data-end=\"1047\">\n<li data-start=\"827\" data-end=\"878\">\n<p data-start=\"830\" data-end=\"878\">Lad leket\u00f8yet helt opp med den medf\u00f8lgende kabelen.<\/p>\n<\/li>\n<li data-start=\"879\" data-end=\"909\">\n<p data-start=\"882\" data-end=\"909\">Sl\u00e5 p\u00e5 str\u00f8mbryteren.<\/p>\n<\/li>\n<li data-start=\"910\" data-end=\"946\">\n<p data-start=\"913\" data-end=\"946\">Plasser blekkspruten p\u00e5 gulvet.<\/p>\n<\/li>\n<li data-start=\"947\" data-end=\"994\">\n<p data-start=\"950\" data-end=\"994\">Se den danse, bevege seg og unng\u00e5 hindringer.<\/p>\n<\/li>\n<li data-start=\"995\" data-end=\"1047\">\n<p data-start=\"998\" data-end=\"1047\">Sl\u00e5 av etter leketid og lad opp igjen ved behov.<\/p>\n<\/li>\n<\/ol>\n<h2 style=\"text-align: center\" data-start=\"1049\" data-end=\"1068\"><strong>Produktdetaljer \ud83d\udccf<\/strong><\/h2>\n<ul data-start=\"1069\" data-end=\"1263\">\n<li data-start=\"1069\" data-end=\"1103\">\n<p data-start=\"1071\" data-end=\"1103\">Materiale: BPA-fri ABS-plast<\/p>\n<\/li>\n<li data-start=\"1104\" data-end=\"1133\">\n<p data-start=\"1106\" data-end=\"1133\">Anbefalt alder: 3+ \u00e5r<\/p>\n<\/li>\n<li data-start=\"1134\" data-end=\"1162\">\n<p data-start=\"1136\" data-end=\"1162\">Ladetid: 2-3 timer<\/p>\n<\/li>\n<li data-start=\"1163\" data-end=\"1188\">\n<p data-start=\"1165\" data-end=\"1188\">Brukstid: 2-3 timer<\/p>\n<\/li>\n<li data-start=\"1189\" data-end=\"1240\">\n<p data-start=\"1191\" data-end=\"1240\">Funksjoner: LED-lys, musikk, unng\u00e5else av hindringer<\/p>\n<\/li>\n<li data-start=\"1189\" data-end=\"1240\">St\u00f8rrelse: 20,5 x 18,5 x 12,5 cm<\/li>\n<\/ul>\n<h2 style=\"text-align: center\" data-start=\"1265\" data-end=\"1285\"><strong>Pakken Inkluderer \ud83d\udce6<\/strong><\/h2>\n<ul data-start=\"1286\" data-end=\"1354\" data-is-last-node=\"\" data-is-only-node=\"\">\n<li data-start=\"1286\" data-end=\"1313\">\n<p data-start=\"1288\" data-end=\"1313\">1x dansende blekksprutleket\u00f8y<\/p>\n<\/li>\n<li data-start=\"1314\" data-end=\"1333\">\n<p data-start=\"1316\" data-end=\"1333\">1x fiskestang<\/p>\n<\/li>\n<li data-start=\"1334\" data-end=\"1354\" data-is-last-node=\"\">\n<p data-start=\"1336\" data-end=\"1354\" data-is-last-node=\"\">1x ladekabel.<\/p>\n<\/li>\n<\/ul>\n","protected":false},"excerpt":{"rendered":"<p>\ud83d\udc19Denne dansende blekkspruten vrikker, snurrer og lyser for \u00e5 underholde barna samtidig som den holder dem aktive og engasjerte.<br \/>\n\ud83d\udea5Med smart hindringsunnvikelse og fargerike LED-effekter beveger den seg av seg selv og holder moroa g\u00e5ende uten \u00e5 stoppe.<br \/>\n\ud83d\udc76En leken og l\u00e6rerik leke som gj\u00f8r ethvert rom til et spennende dansegulv for de minste.<\/p>\n","protected":false},"featured_media":21168,"comment_status":"open","ping_status":"closed","template":"","meta":{"site-sidebar-layout":"default","site-content-layout":"","ast-site-content-layout":"default","site-content-style":"default","site-sidebar-style":"default","ast-global-header-display":"","ast-banner-title-visibility":"","ast-main-header-display":"","ast-hfb-above-header-display":"","ast-hfb-below-header-display":"","ast-hfb-mobile-header-display":"","site-post-title":"","ast-breadcrumbs-content":"","ast-featured-img":"","footer-sml-layout":"","theme-transparent-header-meta":"default","adv-header-id-meta":"","stick-header-meta":"","header-above-stick-meta":"","header-main-stick-meta":"","header-below-stick-meta":"","astra-migrate-meta-layouts":"set","ast-page-background-enabled":"default","ast-page-background-meta":{"desktop":{"background-color":"var(--ast-global-color-5)","background-image":"","background-repeat":"repeat","background-position":"center center","background-size":"auto","background-attachment":"scroll","background-type":"","background-media":"","overlay-type":"","overlay-color":"","overlay-opacity":"","overlay-gradient":""},"tablet":{"background-color":"","background-image":"","background-repeat":"repeat","background-position":"center center","background-size":"auto","background-attachment":"scroll","background-type":"","background-media":"","overlay-type":"","overlay-color":"","overlay-opacity":"","overlay-gradient":""},"mobile":{"background-color":"","background-image":"","background-repeat":"repeat","background-position":"center center","background-size":"auto","background-attachment":"scroll","background-type":"","background-media":"","overlay-type":"","overlay-color":"","overlay-opacity":"","overlay-gradient":""}},"ast-content-background-meta":{"desktop":{"background-color":"var(--ast-global-color-4)","background-image":"","background-repeat":"repeat","background-position":"center center","background-size":"auto","background-attachment":"scroll","background-type":"","background-media":"","overlay-type":"","overlay-color":"","overlay-opacity":"","overlay-gradient":""},"tablet":{"background-color":"var(--ast-global-color-4)","background-image":"","background-repeat":"repeat","background-position":"center center","background-size":"auto","background-attachment":"scroll","background-type":"","background-media":"","overlay-type":"","overlay-color":"","overlay-opacity":"","overlay-gradient":""},"mobile":{"background-color":"var(--ast-global-color-4)","background-image":"","background-repeat":"repeat","background-position":"center center","background-size":"auto","background-attachment":"scroll","background-type":"","background-media":"","overlay-type":"","overlay-color":"","overlay-opacity":"","overlay-gradient":""}}},"product_brand":[],"product_cat":[172],"product_tag":[],"class_list":{"0":"post-21172","1":"product","2":"type-product","3":"status-publish","4":"has-post-thumbnail","6":"product_cat-leker-barne-og-babyprodukter","7":"pa_54089_uo55qcta-gronn","8":"pa_54089_uo55qcta-gul","9":"pa_54089_uo55qcta-rosa","10":"desktop-align-left","11":"tablet-align-left","12":"mobile-align-left","14":"first","15":"instock","16":"shipping-taxable","17":"purchasable","18":"product-type-variable"},"yoast_head":"<!-- This site is optimized with the Yoast SEO plugin v26.6 - https:\/\/yoast.com\/wordpress\/plugins\/seo\/ -->\n<title>Dansende blekksprutleke - Mekulo NO<\/title>\n<meta name=\"robots\" content=\"index, follow, max-snippet:-1, max-image-preview:large, max-video-preview:-1\" \/>\n<link rel=\"canonical\" href=\"https:\/\/mekulo.com\/no\/produkt\/dansende-blekksprutleke\/\" \/>\n<meta property=\"og:locale\" content=\"nb_NO\" \/>\n<meta property=\"og:type\" content=\"article\" \/>\n<meta property=\"og:title\" content=\"Dansende blekksprutleke - Mekulo NO\" \/>\n<meta property=\"og:description\" content=\"\ud83d\udc19Denne dansende blekkspruten vrikker, snurrer og lyser for \u00e5 underholde barna samtidig som den holder dem aktive og engasjerte. \ud83d\udea5Med smart hindringsunnvikelse og fargerike LED-effekter beveger den seg av seg selv og holder moroa g\u00e5ende uten \u00e5 stoppe. \ud83d\udc76En leken og l\u00e6rerik leke som gj\u00f8r ethvert rom til et spennende dansegulv for de minste.\" \/>\n<meta property=\"og:url\" content=\"https:\/\/mekulo.com\/no\/produkt\/dansende-blekksprutleke\/\" \/>\n<meta property=\"og:site_name\" content=\"Mekulo NO\" \/>\n<meta property=\"article:modified_time\" content=\"2026-02-03T13:11:26+00:00\" \/>\n<meta property=\"og:image\" content=\"https:\/\/mekulo.com\/no\/wp-content\/uploads\/sites\/10\/2026\/02\/fp6aee6-1.jpg\" \/>\n\t<meta property=\"og:image:width\" content=\"700\" \/>\n\t<meta property=\"og:image:height\" content=\"700\" \/>\n\t<meta property=\"og:image:type\" content=\"image\/jpeg\" \/>\n<meta name=\"twitter:card\" content=\"summary_large_image\" \/>\n<meta name=\"twitter:label1\" content=\"Ansl. lesetid\" \/>\n\t<meta name=\"twitter:data1\" content=\"2 minutter\" \/>\n<script type=\"application\/ld+json\" class=\"yoast-schema-graph\">{\"@context\":\"https:\/\/schema.org\",\"@graph\":[{\"@type\":\"WebPage\",\"@id\":\"https:\/\/mekulo.com\/no\/produkt\/dansende-blekksprutleke\/\",\"url\":\"https:\/\/mekulo.com\/no\/produkt\/dansende-blekksprutleke\/\",\"name\":\"Dansende blekksprutleke - Mekulo NO\",\"isPartOf\":{\"@id\":\"https:\/\/mekulo.com\/no\/#website\"},\"primaryImageOfPage\":{\"@id\":\"https:\/\/mekulo.com\/no\/produkt\/dansende-blekksprutleke\/#primaryimage\"},\"image\":{\"@id\":\"https:\/\/mekulo.com\/no\/produkt\/dansende-blekksprutleke\/#primaryimage\"},\"thumbnailUrl\":\"https:\/\/mekulo.com\/no\/wp-content\/uploads\/sites\/10\/2026\/02\/fp6aee6-1.jpg\",\"datePublished\":\"2026-02-03T13:11:15+00:00\",\"dateModified\":\"2026-02-03T13:11:26+00:00\",\"breadcrumb\":{\"@id\":\"https:\/\/mekulo.com\/no\/produkt\/dansende-blekksprutleke\/#breadcrumb\"},\"inLanguage\":\"nb-NO\",\"potentialAction\":[{\"@type\":\"ReadAction\",\"target\":[\"https:\/\/mekulo.com\/no\/produkt\/dansende-blekksprutleke\/\"]}]},{\"@type\":\"ImageObject\",\"inLanguage\":\"nb-NO\",\"@id\":\"https:\/\/mekulo.com\/no\/produkt\/dansende-blekksprutleke\/#primaryimage\",\"url\":\"https:\/\/mekulo.com\/no\/wp-content\/uploads\/sites\/10\/2026\/02\/fp6aee6-1.jpg\",\"contentUrl\":\"https:\/\/mekulo.com\/no\/wp-content\/uploads\/sites\/10\/2026\/02\/fp6aee6-1.jpg\",\"width\":700,\"height\":700},{\"@type\":\"BreadcrumbList\",\"@id\":\"https:\/\/mekulo.com\/no\/produkt\/dansende-blekksprutleke\/#breadcrumb\",\"itemListElement\":[{\"@type\":\"ListItem\",\"position\":1,\"name\":\"Home\",\"item\":\"https:\/\/mekulo.com\/no\/\"},{\"@type\":\"ListItem\",\"position\":2,\"name\":\"Butikk\",\"item\":\"https:\/\/mekulo.com\/no\/butikk\/\"},{\"@type\":\"ListItem\",\"position\":3,\"name\":\"Dansende blekksprutleke\"}]},{\"@type\":\"WebSite\",\"@id\":\"https:\/\/mekulo.com\/no\/#website\",\"url\":\"https:\/\/mekulo.com\/no\/\",\"name\":\"Mekulo NO\",\"description\":\"\",\"publisher\":{\"@id\":\"https:\/\/mekulo.com\/no\/#organization\"},\"potentialAction\":[{\"@type\":\"SearchAction\",\"target\":{\"@type\":\"EntryPoint\",\"urlTemplate\":\"https:\/\/mekulo.com\/no\/?s={search_term_string}\"},\"query-input\":{\"@type\":\"PropertyValueSpecification\",\"valueRequired\":true,\"valueName\":\"search_term_string\"}}],\"inLanguage\":\"nb-NO\"},{\"@type\":\"Organization\",\"@id\":\"https:\/\/mekulo.com\/no\/#organization\",\"name\":\"Mekulo\",\"url\":\"https:\/\/mekulo.com\/no\/\",\"logo\":{\"@type\":\"ImageObject\",\"inLanguage\":\"nb-NO\",\"@id\":\"https:\/\/mekulo.com\/no\/#\/schema\/logo\/image\/\",\"url\":\"https:\/\/mekulo.com\/no\/wp-content\/uploads\/sites\/10\/2025\/12\/favicon_mekulo.png\",\"contentUrl\":\"https:\/\/mekulo.com\/no\/wp-content\/uploads\/sites\/10\/2025\/12\/favicon_mekulo.png\",\"width\":50,\"height\":50,\"caption\":\"Mekulo\"},\"image\":{\"@id\":\"https:\/\/mekulo.com\/no\/#\/schema\/logo\/image\/\"}}]}<\/script>\n<!-- \/ Yoast SEO plugin. -->","yoast_head_json":{"title":"Dansende blekksprutleke - Mekulo NO","robots":{"index":"index","follow":"follow","max-snippet":"max-snippet:-1","max-image-preview":"max-image-preview:large","max-video-preview":"max-video-preview:-1"},"canonical":"https:\/\/mekulo.com\/no\/produkt\/dansende-blekksprutleke\/","og_locale":"nb_NO","og_type":"article","og_title":"Dansende blekksprutleke - Mekulo NO","og_description":"\ud83d\udc19Denne dansende blekkspruten vrikker, snurrer og lyser for \u00e5 underholde barna samtidig som den holder dem aktive og engasjerte. \ud83d\udea5Med smart hindringsunnvikelse og fargerike LED-effekter beveger den seg av seg selv og holder moroa g\u00e5ende uten \u00e5 stoppe. \ud83d\udc76En leken og l\u00e6rerik leke som gj\u00f8r ethvert rom til et spennende dansegulv for de minste.","og_url":"https:\/\/mekulo.com\/no\/produkt\/dansende-blekksprutleke\/","og_site_name":"Mekulo NO","article_modified_time":"2026-02-03T13:11:26+00:00","og_image":[{"width":700,"height":700,"url":"https:\/\/mekulo.com\/no\/wp-content\/uploads\/sites\/10\/2026\/02\/fp6aee6-1.jpg","type":"image\/jpeg"}],"twitter_card":"summary_large_image","twitter_misc":{"Ansl. lesetid":"2 minutter"},"schema":{"@context":"https:\/\/schema.org","@graph":[{"@type":"WebPage","@id":"https:\/\/mekulo.com\/no\/produkt\/dansende-blekksprutleke\/","url":"https:\/\/mekulo.com\/no\/produkt\/dansende-blekksprutleke\/","name":"Dansende blekksprutleke - Mekulo NO","isPartOf":{"@id":"https:\/\/mekulo.com\/no\/#website"},"primaryImageOfPage":{"@id":"https:\/\/mekulo.com\/no\/produkt\/dansende-blekksprutleke\/#primaryimage"},"image":{"@id":"https:\/\/mekulo.com\/no\/produkt\/dansende-blekksprutleke\/#primaryimage"},"thumbnailUrl":"https:\/\/mekulo.com\/no\/wp-content\/uploads\/sites\/10\/2026\/02\/fp6aee6-1.jpg","datePublished":"2026-02-03T13:11:15+00:00","dateModified":"2026-02-03T13:11:26+00:00","breadcrumb":{"@id":"https:\/\/mekulo.com\/no\/produkt\/dansende-blekksprutleke\/#breadcrumb"},"inLanguage":"nb-NO","potentialAction":[{"@type":"ReadAction","target":["https:\/\/mekulo.com\/no\/produkt\/dansende-blekksprutleke\/"]}]},{"@type":"ImageObject","inLanguage":"nb-NO","@id":"https:\/\/mekulo.com\/no\/produkt\/dansende-blekksprutleke\/#primaryimage","url":"https:\/\/mekulo.com\/no\/wp-content\/uploads\/sites\/10\/2026\/02\/fp6aee6-1.jpg","contentUrl":"https:\/\/mekulo.com\/no\/wp-content\/uploads\/sites\/10\/2026\/02\/fp6aee6-1.jpg","width":700,"height":700},{"@type":"BreadcrumbList","@id":"https:\/\/mekulo.com\/no\/produkt\/dansende-blekksprutleke\/#breadcrumb","itemListElement":[{"@type":"ListItem","position":1,"name":"Home","item":"https:\/\/mekulo.com\/no\/"},{"@type":"ListItem","position":2,"name":"Butikk","item":"https:\/\/mekulo.com\/no\/butikk\/"},{"@type":"ListItem","position":3,"name":"Dansende blekksprutleke"}]},{"@type":"WebSite","@id":"https:\/\/mekulo.com\/no\/#website","url":"https:\/\/mekulo.com\/no\/","name":"Mekulo NO","description":"","publisher":{"@id":"https:\/\/mekulo.com\/no\/#organization"},"potentialAction":[{"@type":"SearchAction","target":{"@type":"EntryPoint","urlTemplate":"https:\/\/mekulo.com\/no\/?s={search_term_string}"},"query-input":{"@type":"PropertyValueSpecification","valueRequired":true,"valueName":"search_term_string"}}],"inLanguage":"nb-NO"},{"@type":"Organization","@id":"https:\/\/mekulo.com\/no\/#organization","name":"Mekulo","url":"https:\/\/mekulo.com\/no\/","logo":{"@type":"ImageObject","inLanguage":"nb-NO","@id":"https:\/\/mekulo.com\/no\/#\/schema\/logo\/image\/","url":"https:\/\/mekulo.com\/no\/wp-content\/uploads\/sites\/10\/2025\/12\/favicon_mekulo.png","contentUrl":"https:\/\/mekulo.com\/no\/wp-content\/uploads\/sites\/10\/2025\/12\/favicon_mekulo.png","width":50,"height":50,"caption":"Mekulo"},"image":{"@id":"https:\/\/mekulo.com\/no\/#\/schema\/logo\/image\/"}}]}},"_links":{"self":[{"href":"https:\/\/mekulo.com\/no\/wp-json\/wp\/v2\/product\/21172","targetHints":{"allow":["GET"]}}],"collection":[{"href":"https:\/\/mekulo.com\/no\/wp-json\/wp\/v2\/product"}],"about":[{"href":"https:\/\/mekulo.com\/no\/wp-json\/wp\/v2\/types\/product"}],"replies":[{"embeddable":true,"href":"https:\/\/mekulo.com\/no\/wp-json\/wp\/v2\/comments?post=21172"}],"wp:featuredmedia":[{"embeddable":true,"href":"https:\/\/mekulo.com\/no\/wp-json\/wp\/v2\/media\/21168"}],"wp:attachment":[{"href":"https:\/\/mekulo.com\/no\/wp-json\/wp\/v2\/media?parent=21172"}],"wp:term":[{"taxonomy":"product_brand","embeddable":true,"href":"https:\/\/mekulo.com\/no\/wp-json\/wp\/v2\/product_brand?post=21172"},{"taxonomy":"product_cat","embeddable":true,"href":"https:\/\/mekulo.com\/no\/wp-json\/wp\/v2\/product_cat?post=21172"},{"taxonomy":"product_tag","embeddable":true,"href":"https:\/\/mekulo.com\/no\/wp-json\/wp\/v2\/product_tag?post=21172"}],"curies":[{"name":"wp","href":"https:\/\/api.w.org\/{rel}","templated":true}]}}