{"id":21159,"date":"2026-02-03T15:09:49","date_gmt":"2026-02-03T13:09:49","guid":{"rendered":"https:\/\/mekulo.com\/no\/produkt\/programmerbare-oyelys-bak-pa-sykkelen\/"},"modified":"2026-02-03T15:09:49","modified_gmt":"2026-02-03T13:09:49","slug":"programmerbare-oyelys-bak-pa-sykkelen","status":"publish","type":"product","link":"https:\/\/mekulo.com\/no\/produkt\/programmerbare-oyelys-bak-pa-sykkelen\/","title":{"rendered":"Programmerbare \u00f8yelys bak p\u00e5 sykkelen"},"content":{"rendered":"<p style=\"text-align: center\" data-start=\"0\" data-end=\"82\"><strong data-start=\"0\" data-end=\"82\">Hold deg synlig og uttrykk stilen din med en fullt tilpassbar baklykt. \ud83d\udc41\ufe0f<\/strong><\/p>\n<p data-start=\"0\" data-end=\"82\"><img fetchpriority=\"high\" decoding=\"async\" class=\"size-full wp-image-22725 aligncenter\" src=\"https:\/\/mekulo.com\/template\/wp-content\/uploads\/sites\/6\/2026\/01\/de6ae7e9-9b97-4a21-8add-d9ea8ef6858d.webp\" alt=\"\" width=\"800\" height=\"800\" \/><\/p>\n<h2 style=\"text-align: center\" data-start=\"398\" data-end=\"415\"><strong>Main Fordeler \ud83d\udeb4\u200d\u2642\ufe0f<\/strong><\/h2>\n<p data-start=\"418\" data-end=\"485\">\ud83d\udc40 Programmerbare LED-\u00f8yne &#8211; Velg eller last opp tilpassede animasjoner.<\/p>\n<p data-start=\"488\" data-end=\"555\">\ud83d\udeb4\u200d\u2642\ufe0f \u00d8kt sikkerhet &#8211; Forbedrer synligheten bakover p\u00e5 veien.<\/p>\n<p data-start=\"558\" data-end=\"621\">\ud83d\udcf6 Enkel WiFi-kontroll &#8211; Ingen app n\u00f8dvendig, nettleserbasert oppsett.<\/p>\n<p data-start=\"624\" data-end=\"680\">\ud83d\udd04 Flere effekter &#8211; Bytt animasjoner p\u00e5 sekunder.<\/p>\n<p data-start=\"683\" data-end=\"736\">\ud83d\udee0\ufe0f Universell montering &#8211; Passer enkelt til de fleste sykler.<\/p>\n<p data-start=\"739\" data-end=\"793\">\ud83d\udd0b USB-C-lading &#8211; rask og praktisk lading.<\/p>\n<p data-start=\"739\" data-end=\"793\"><img decoding=\"async\" class=\"size-full wp-image-22724 aligncenter\" src=\"https:\/\/mekulo.com\/template\/wp-content\/uploads\/sites\/6\/2026\/01\/Sc37c3412d91a4db19cb01f4efcca0807p.webp\" alt=\"\" width=\"1000\" height=\"1000\" \/><\/p>\n<h2 style=\"text-align: center\" data-start=\"795\" data-end=\"809\"><strong>Bruksanvisning \ud83d\udccc<\/strong><\/h2>\n<ol data-start=\"810\" data-end=\"1090\">\n<li data-start=\"810\" data-end=\"862\">\n<p data-start=\"813\" data-end=\"862\">Trykk p\u00e5 den hvite knappen tre ganger for \u00e5 sl\u00e5 den p\u00e5.<\/p>\n<\/li>\n<li data-start=\"863\" data-end=\"920\">\n<p data-start=\"866\" data-end=\"920\">trykk p\u00e5 den svarte knappen for \u00e5 bytte mellom animasjoner.<\/p>\n<\/li>\n<li data-start=\"921\" data-end=\"987\">\n<p data-start=\"924\" data-end=\"987\">koble telefonen til WiFi-nettverket som begynner med &laquo;bike_&raquo;.<\/p>\n<\/li>\n<li data-start=\"988\" data-end=\"1034\">\n<p data-start=\"991\" data-end=\"1034\">\u00e5pne en nettleser og g\u00e5 til 192.168.4.1.<\/p>\n<\/li>\n<li data-start=\"1035\" data-end=\"1090\">\n<p data-start=\"1038\" data-end=\"1090\">velg innebygde effekter eller last opp ditt eget design.<\/p>\n<\/li>\n<\/ol>\n<h2 style=\"text-align: center\" data-start=\"1092\" data-end=\"1111\"><strong>Produktdetaljer \ud83d\udccf<\/strong><\/h2>\n<ul data-start=\"1112\" data-end=\"1295\">\n<li data-start=\"1112\" data-end=\"1160\">\n<p data-start=\"1114\" data-end=\"1160\">Lys type: Programmerbar LED-baklykt for sykkel<\/p>\n<\/li>\n<li data-start=\"1161\" data-end=\"1197\">\n<p data-start=\"1163\" data-end=\"1197\">Kontrollmetode: WiFi via nettleser<\/p>\n<\/li>\n<li data-start=\"1198\" data-end=\"1222\">\n<p data-start=\"1200\" data-end=\"1222\">Lading: USB Type-C<\/p>\n<\/li>\n<li data-start=\"1223\" data-end=\"1260\">\n<p data-start=\"1225\" data-end=\"1260\">Materiale: Robust, slitesterkt hus<\/p>\n<\/li>\n<li data-start=\"1261\" data-end=\"1295\">\n<p data-start=\"1263\" data-end=\"1295\">Montering: Universelt sykkelfeste<\/p>\n<\/li>\n<\/ul>\n<h2 style=\"text-align: center\" data-start=\"1297\" data-end=\"1317\"><strong>Pakken Inkluderer \ud83d\udce6<\/strong><\/h2>\n<ul>\n<li>1x LED \u00f8yelys (rund skjerm med \u00f8yegrafikk)<\/li>\n<li>1x monteringsbrakett \/ holder<\/li>\n<li>1x USB-ladekabel<\/li>\n<li>1x unbrakon\u00f8kkel (sekskantn\u00f8kkel)<\/li>\n<li>5x kabelbindere (glidel\u00e5sb\u00e5nd).<\/li>\n<li style=\"list-style-type: none\"><\/li>\n<\/ul>\n","protected":false},"excerpt":{"rendered":"<p>\ud83d\udeb4Disse programmerbare baklyktene med \u00f8yne \u00f8ker sikkerheten samtidig som du kan vise i\u00f8ynefallende animasjoner p\u00e5 sykkelen.<br \/>\n\ud83d\udc40Du kan enkelt bytte effekter eller laste opp dine egne design ved hjelp av enkel WiFi-kontroll fra telefonen.<br \/>\n\ud83c\udf03Det er en morsom og praktisk m\u00e5te \u00e5 skille seg ut p\u00e5 veien samtidig som du holder deg trygg, dag eller natt.<\/p>\n","protected":false},"featured_media":21155,"comment_status":"open","ping_status":"closed","template":"","meta":{"site-sidebar-layout":"default","site-content-layout":"","ast-site-content-layout":"default","site-content-style":"default","site-sidebar-style":"default","ast-global-header-display":"","ast-banner-title-visibility":"","ast-main-header-display":"","ast-hfb-above-header-display":"","ast-hfb-below-header-display":"","ast-hfb-mobile-header-display":"","site-post-title":"","ast-breadcrumbs-content":"","ast-featured-img":"","footer-sml-layout":"","theme-transparent-header-meta":"default","adv-header-id-meta":"","stick-header-meta":"","header-above-stick-meta":"","header-main-stick-meta":"","header-below-stick-meta":"","astra-migrate-meta-layouts":"set","ast-page-background-enabled":"default","ast-page-background-meta":{"desktop":{"background-color":"var(--ast-global-color-5)","background-image":"","background-repeat":"repeat","background-position":"center center","background-size":"auto","background-attachment":"scroll","background-type":"","background-media":"","overlay-type":"","overlay-color":"","overlay-opacity":"","overlay-gradient":""},"tablet":{"background-color":"","background-image":"","background-repeat":"repeat","background-position":"center center","background-size":"auto","background-attachment":"scroll","background-type":"","background-media":"","overlay-type":"","overlay-color":"","overlay-opacity":"","overlay-gradient":""},"mobile":{"background-color":"","background-image":"","background-repeat":"repeat","background-position":"center center","background-size":"auto","background-attachment":"scroll","background-type":"","background-media":"","overlay-type":"","overlay-color":"","overlay-opacity":"","overlay-gradient":""}},"ast-content-background-meta":{"desktop":{"background-color":"var(--ast-global-color-4)","background-image":"","background-repeat":"repeat","background-position":"center center","background-size":"auto","background-attachment":"scroll","background-type":"","background-media":"","overlay-type":"","overlay-color":"","overlay-opacity":"","overlay-gradient":""},"tablet":{"background-color":"var(--ast-global-color-4)","background-image":"","background-repeat":"repeat","background-position":"center center","background-size":"auto","background-attachment":"scroll","background-type":"","background-media":"","overlay-type":"","overlay-color":"","overlay-opacity":"","overlay-gradient":""},"mobile":{"background-color":"var(--ast-global-color-4)","background-image":"","background-repeat":"repeat","background-position":"center center","background-size":"auto","background-attachment":"scroll","background-type":"","background-media":"","overlay-type":"","overlay-color":"","overlay-opacity":"","overlay-gradient":""}}},"product_brand":[],"product_cat":[165,170],"product_tag":[],"class_list":{"0":"post-21159","1":"product","2":"type-product","3":"status-publish","4":"has-post-thumbnail","6":"product_cat-fottoy-tilbehor","7":"product_cat-sportsutstyr","8":"desktop-align-left","9":"tablet-align-left","10":"mobile-align-left","12":"first","13":"instock","14":"shipping-taxable","15":"purchasable","16":"product-type-simple"},"yoast_head":"<!-- This site is optimized with the Yoast SEO plugin v26.6 - https:\/\/yoast.com\/wordpress\/plugins\/seo\/ -->\n<title>Programmerbare \u00f8yelys bak p\u00e5 sykkelen - Mekulo NO<\/title>\n<meta name=\"robots\" content=\"index, follow, max-snippet:-1, max-image-preview:large, max-video-preview:-1\" \/>\n<link rel=\"canonical\" href=\"https:\/\/mekulo.com\/no\/produkt\/programmerbare-oyelys-bak-pa-sykkelen\/\" \/>\n<meta property=\"og:locale\" content=\"nb_NO\" \/>\n<meta property=\"og:type\" content=\"article\" \/>\n<meta property=\"og:title\" content=\"Programmerbare \u00f8yelys bak p\u00e5 sykkelen - Mekulo NO\" \/>\n<meta property=\"og:description\" content=\"\ud83d\udeb4Disse programmerbare baklyktene med \u00f8yne \u00f8ker sikkerheten samtidig som du kan vise i\u00f8ynefallende animasjoner p\u00e5 sykkelen. \ud83d\udc40Du kan enkelt bytte effekter eller laste opp dine egne design ved hjelp av enkel WiFi-kontroll fra telefonen. \ud83c\udf03Det er en morsom og praktisk m\u00e5te \u00e5 skille seg ut p\u00e5 veien samtidig som du holder deg trygg, dag eller natt.\" \/>\n<meta property=\"og:url\" content=\"https:\/\/mekulo.com\/no\/produkt\/programmerbare-oyelys-bak-pa-sykkelen\/\" \/>\n<meta property=\"og:site_name\" content=\"Mekulo NO\" \/>\n<meta property=\"og:image\" content=\"https:\/\/mekulo.com\/no\/wp-content\/uploads\/sites\/10\/2026\/02\/kwhi1tx-1.webp\" \/>\n\t<meta property=\"og:image:width\" content=\"1000\" \/>\n\t<meta property=\"og:image:height\" content=\"1000\" \/>\n\t<meta property=\"og:image:type\" content=\"image\/webp\" \/>\n<meta name=\"twitter:card\" content=\"summary_large_image\" \/>\n<meta name=\"twitter:label1\" content=\"Ansl. lesetid\" \/>\n\t<meta name=\"twitter:data1\" content=\"2 minutter\" \/>\n<script type=\"application\/ld+json\" class=\"yoast-schema-graph\">{\"@context\":\"https:\/\/schema.org\",\"@graph\":[{\"@type\":\"WebPage\",\"@id\":\"https:\/\/mekulo.com\/no\/produkt\/programmerbare-oyelys-bak-pa-sykkelen\/\",\"url\":\"https:\/\/mekulo.com\/no\/produkt\/programmerbare-oyelys-bak-pa-sykkelen\/\",\"name\":\"Programmerbare \u00f8yelys bak p\u00e5 sykkelen - Mekulo NO\",\"isPartOf\":{\"@id\":\"https:\/\/mekulo.com\/no\/#website\"},\"primaryImageOfPage\":{\"@id\":\"https:\/\/mekulo.com\/no\/produkt\/programmerbare-oyelys-bak-pa-sykkelen\/#primaryimage\"},\"image\":{\"@id\":\"https:\/\/mekulo.com\/no\/produkt\/programmerbare-oyelys-bak-pa-sykkelen\/#primaryimage\"},\"thumbnailUrl\":\"https:\/\/mekulo.com\/no\/wp-content\/uploads\/sites\/10\/2026\/02\/kwhi1tx-1.webp\",\"datePublished\":\"2026-02-03T13:09:49+00:00\",\"breadcrumb\":{\"@id\":\"https:\/\/mekulo.com\/no\/produkt\/programmerbare-oyelys-bak-pa-sykkelen\/#breadcrumb\"},\"inLanguage\":\"nb-NO\",\"potentialAction\":[{\"@type\":\"ReadAction\",\"target\":[\"https:\/\/mekulo.com\/no\/produkt\/programmerbare-oyelys-bak-pa-sykkelen\/\"]}]},{\"@type\":\"ImageObject\",\"inLanguage\":\"nb-NO\",\"@id\":\"https:\/\/mekulo.com\/no\/produkt\/programmerbare-oyelys-bak-pa-sykkelen\/#primaryimage\",\"url\":\"https:\/\/mekulo.com\/no\/wp-content\/uploads\/sites\/10\/2026\/02\/kwhi1tx-1.webp\",\"contentUrl\":\"https:\/\/mekulo.com\/no\/wp-content\/uploads\/sites\/10\/2026\/02\/kwhi1tx-1.webp\",\"width\":1000,\"height\":1000},{\"@type\":\"BreadcrumbList\",\"@id\":\"https:\/\/mekulo.com\/no\/produkt\/programmerbare-oyelys-bak-pa-sykkelen\/#breadcrumb\",\"itemListElement\":[{\"@type\":\"ListItem\",\"position\":1,\"name\":\"Home\",\"item\":\"https:\/\/mekulo.com\/no\/\"},{\"@type\":\"ListItem\",\"position\":2,\"name\":\"Butikk\",\"item\":\"https:\/\/mekulo.com\/no\/butikk\/\"},{\"@type\":\"ListItem\",\"position\":3,\"name\":\"Programmerbare \u00f8yelys bak p\u00e5 sykkelen\"}]},{\"@type\":\"WebSite\",\"@id\":\"https:\/\/mekulo.com\/no\/#website\",\"url\":\"https:\/\/mekulo.com\/no\/\",\"name\":\"Mekulo NO\",\"description\":\"\",\"publisher\":{\"@id\":\"https:\/\/mekulo.com\/no\/#organization\"},\"potentialAction\":[{\"@type\":\"SearchAction\",\"target\":{\"@type\":\"EntryPoint\",\"urlTemplate\":\"https:\/\/mekulo.com\/no\/?s={search_term_string}\"},\"query-input\":{\"@type\":\"PropertyValueSpecification\",\"valueRequired\":true,\"valueName\":\"search_term_string\"}}],\"inLanguage\":\"nb-NO\"},{\"@type\":\"Organization\",\"@id\":\"https:\/\/mekulo.com\/no\/#organization\",\"name\":\"Mekulo\",\"url\":\"https:\/\/mekulo.com\/no\/\",\"logo\":{\"@type\":\"ImageObject\",\"inLanguage\":\"nb-NO\",\"@id\":\"https:\/\/mekulo.com\/no\/#\/schema\/logo\/image\/\",\"url\":\"https:\/\/mekulo.com\/no\/wp-content\/uploads\/sites\/10\/2025\/12\/favicon_mekulo.png\",\"contentUrl\":\"https:\/\/mekulo.com\/no\/wp-content\/uploads\/sites\/10\/2025\/12\/favicon_mekulo.png\",\"width\":50,\"height\":50,\"caption\":\"Mekulo\"},\"image\":{\"@id\":\"https:\/\/mekulo.com\/no\/#\/schema\/logo\/image\/\"}}]}<\/script>\n<!-- \/ Yoast SEO plugin. -->","yoast_head_json":{"title":"Programmerbare \u00f8yelys bak p\u00e5 sykkelen - Mekulo NO","robots":{"index":"index","follow":"follow","max-snippet":"max-snippet:-1","max-image-preview":"max-image-preview:large","max-video-preview":"max-video-preview:-1"},"canonical":"https:\/\/mekulo.com\/no\/produkt\/programmerbare-oyelys-bak-pa-sykkelen\/","og_locale":"nb_NO","og_type":"article","og_title":"Programmerbare \u00f8yelys bak p\u00e5 sykkelen - Mekulo NO","og_description":"\ud83d\udeb4Disse programmerbare baklyktene med \u00f8yne \u00f8ker sikkerheten samtidig som du kan vise i\u00f8ynefallende animasjoner p\u00e5 sykkelen. \ud83d\udc40Du kan enkelt bytte effekter eller laste opp dine egne design ved hjelp av enkel WiFi-kontroll fra telefonen. \ud83c\udf03Det er en morsom og praktisk m\u00e5te \u00e5 skille seg ut p\u00e5 veien samtidig som du holder deg trygg, dag eller natt.","og_url":"https:\/\/mekulo.com\/no\/produkt\/programmerbare-oyelys-bak-pa-sykkelen\/","og_site_name":"Mekulo NO","og_image":[{"width":1000,"height":1000,"url":"https:\/\/mekulo.com\/no\/wp-content\/uploads\/sites\/10\/2026\/02\/kwhi1tx-1.webp","type":"image\/webp"}],"twitter_card":"summary_large_image","twitter_misc":{"Ansl. lesetid":"2 minutter"},"schema":{"@context":"https:\/\/schema.org","@graph":[{"@type":"WebPage","@id":"https:\/\/mekulo.com\/no\/produkt\/programmerbare-oyelys-bak-pa-sykkelen\/","url":"https:\/\/mekulo.com\/no\/produkt\/programmerbare-oyelys-bak-pa-sykkelen\/","name":"Programmerbare \u00f8yelys bak p\u00e5 sykkelen - Mekulo NO","isPartOf":{"@id":"https:\/\/mekulo.com\/no\/#website"},"primaryImageOfPage":{"@id":"https:\/\/mekulo.com\/no\/produkt\/programmerbare-oyelys-bak-pa-sykkelen\/#primaryimage"},"image":{"@id":"https:\/\/mekulo.com\/no\/produkt\/programmerbare-oyelys-bak-pa-sykkelen\/#primaryimage"},"thumbnailUrl":"https:\/\/mekulo.com\/no\/wp-content\/uploads\/sites\/10\/2026\/02\/kwhi1tx-1.webp","datePublished":"2026-02-03T13:09:49+00:00","breadcrumb":{"@id":"https:\/\/mekulo.com\/no\/produkt\/programmerbare-oyelys-bak-pa-sykkelen\/#breadcrumb"},"inLanguage":"nb-NO","potentialAction":[{"@type":"ReadAction","target":["https:\/\/mekulo.com\/no\/produkt\/programmerbare-oyelys-bak-pa-sykkelen\/"]}]},{"@type":"ImageObject","inLanguage":"nb-NO","@id":"https:\/\/mekulo.com\/no\/produkt\/programmerbare-oyelys-bak-pa-sykkelen\/#primaryimage","url":"https:\/\/mekulo.com\/no\/wp-content\/uploads\/sites\/10\/2026\/02\/kwhi1tx-1.webp","contentUrl":"https:\/\/mekulo.com\/no\/wp-content\/uploads\/sites\/10\/2026\/02\/kwhi1tx-1.webp","width":1000,"height":1000},{"@type":"BreadcrumbList","@id":"https:\/\/mekulo.com\/no\/produkt\/programmerbare-oyelys-bak-pa-sykkelen\/#breadcrumb","itemListElement":[{"@type":"ListItem","position":1,"name":"Home","item":"https:\/\/mekulo.com\/no\/"},{"@type":"ListItem","position":2,"name":"Butikk","item":"https:\/\/mekulo.com\/no\/butikk\/"},{"@type":"ListItem","position":3,"name":"Programmerbare \u00f8yelys bak p\u00e5 sykkelen"}]},{"@type":"WebSite","@id":"https:\/\/mekulo.com\/no\/#website","url":"https:\/\/mekulo.com\/no\/","name":"Mekulo NO","description":"","publisher":{"@id":"https:\/\/mekulo.com\/no\/#organization"},"potentialAction":[{"@type":"SearchAction","target":{"@type":"EntryPoint","urlTemplate":"https:\/\/mekulo.com\/no\/?s={search_term_string}"},"query-input":{"@type":"PropertyValueSpecification","valueRequired":true,"valueName":"search_term_string"}}],"inLanguage":"nb-NO"},{"@type":"Organization","@id":"https:\/\/mekulo.com\/no\/#organization","name":"Mekulo","url":"https:\/\/mekulo.com\/no\/","logo":{"@type":"ImageObject","inLanguage":"nb-NO","@id":"https:\/\/mekulo.com\/no\/#\/schema\/logo\/image\/","url":"https:\/\/mekulo.com\/no\/wp-content\/uploads\/sites\/10\/2025\/12\/favicon_mekulo.png","contentUrl":"https:\/\/mekulo.com\/no\/wp-content\/uploads\/sites\/10\/2025\/12\/favicon_mekulo.png","width":50,"height":50,"caption":"Mekulo"},"image":{"@id":"https:\/\/mekulo.com\/no\/#\/schema\/logo\/image\/"}}]}},"_links":{"self":[{"href":"https:\/\/mekulo.com\/no\/wp-json\/wp\/v2\/product\/21159","targetHints":{"allow":["GET"]}}],"collection":[{"href":"https:\/\/mekulo.com\/no\/wp-json\/wp\/v2\/product"}],"about":[{"href":"https:\/\/mekulo.com\/no\/wp-json\/wp\/v2\/types\/product"}],"replies":[{"embeddable":true,"href":"https:\/\/mekulo.com\/no\/wp-json\/wp\/v2\/comments?post=21159"}],"wp:featuredmedia":[{"embeddable":true,"href":"https:\/\/mekulo.com\/no\/wp-json\/wp\/v2\/media\/21155"}],"wp:attachment":[{"href":"https:\/\/mekulo.com\/no\/wp-json\/wp\/v2\/media?parent=21159"}],"wp:term":[{"taxonomy":"product_brand","embeddable":true,"href":"https:\/\/mekulo.com\/no\/wp-json\/wp\/v2\/product_brand?post=21159"},{"taxonomy":"product_cat","embeddable":true,"href":"https:\/\/mekulo.com\/no\/wp-json\/wp\/v2\/product_cat?post=21159"},{"taxonomy":"product_tag","embeddable":true,"href":"https:\/\/mekulo.com\/no\/wp-json\/wp\/v2\/product_tag?post=21159"}],"curies":[{"name":"wp","href":"https:\/\/api.w.org\/{rel}","templated":true}]}}