{"id":21140,"date":"2026-02-03T15:08:33","date_gmt":"2026-02-03T13:08:33","guid":{"rendered":"https:\/\/mekulo.com\/no\/produkt\/holdere-for-dieseladditiver\/"},"modified":"2026-02-03T15:08:46","modified_gmt":"2026-02-03T13:08:46","slug":"holdere-for-dieseladditiver","status":"publish","type":"product","link":"https:\/\/mekulo.com\/no\/produkt\/holdere-for-dieseladditiver\/","title":{"rendered":"Holdere for dieseladditiver"},"content":{"rendered":"<p style=\"text-align: center\" data-start=\"0\" data-end=\"69\"><strong data-start=\"0\" data-end=\"69\">Hold dieseltilsetningsstoffer organisert, sikkert og alltid innen rekkevidde. \ud83d\ude98<\/strong><\/p>\n<p data-start=\"0\" data-end=\"69\"><img fetchpriority=\"high\" decoding=\"async\" class=\"size-full wp-image-23219 aligncenter\" src=\"https:\/\/mekulo.com\/template\/wp-content\/uploads\/sites\/6\/2026\/02\/5.jpeg\" alt=\"\" width=\"1601\" height=\"1601\" \/><\/p>\n<h2 style=\"text-align: center\" data-start=\"401\" data-end=\"418\">Hovedfordeler \ud83e\uddf2<\/h2>\n<p data-start=\"421\" data-end=\"485\">\ud83e\uddf2 Magnetisk montering &#8211; Festes sikkert til metalloverflater.<\/p>\n<p data-start=\"488\" data-end=\"551\">\ud83e\uddf0 Alternativer med flere hull &#8211; Velg 2, 3, 4 eller 5 flaske\u00e5pninger.<\/p>\n<p data-start=\"554\" data-end=\"616\">\ud83d\udce6 Plassbesparende design &#8211; Holder tilsetningsstoffer pent ordnet.<\/p>\n<p data-start=\"619\" data-end=\"679\">\ud83d\udcaa Slitesterkt PLA + -materiale &#8211; Sterkt og st\u00f8tbestandig.<\/p>\n<p data-start=\"682\" data-end=\"740\">\ud83d\udd27 Enkel installasjon &#8211; Ingen verkt\u00f8y eller boring kreves.<\/p>\n<p data-start=\"743\" data-end=\"808\">\ud83d\ude9b Dieselfokusert design &#8211; Laget for tilsetningsstoffer til dieselmotorer.<\/p>\n<p data-start=\"743\" data-end=\"808\"><img decoding=\"async\" class=\"size-full wp-image-23220 aligncenter\" src=\"https:\/\/mekulo.com\/template\/wp-content\/uploads\/sites\/6\/2026\/02\/6-1.jpeg\" alt=\"\" width=\"1601\" height=\"1601\" \/><\/p>\n<h2 style=\"text-align: center\" data-start=\"810\" data-end=\"824\">Hvordan Du Bruker \ud83d\udccc<\/h2>\n<ol data-start=\"825\" data-end=\"1103\">\n<li data-start=\"825\" data-end=\"887\">\n<p data-start=\"828\" data-end=\"887\">Velg en ren metalloverflate i kj\u00f8ret\u00f8yet eller verkstedet ditt.<\/p>\n<\/li>\n<li data-start=\"888\" data-end=\"961\">\n<p data-start=\"891\" data-end=\"961\">Plasser holderen mot overflaten for \u00e5 aktivere magnetfestet.<\/p>\n<\/li>\n<li data-start=\"962\" data-end=\"1013\">\n<p data-start=\"965\" data-end=\"1013\">Sett dieseltilsetningsflasker i sporene.<\/p>\n<\/li>\n<li data-start=\"1014\" data-end=\"1053\">\n<p data-start=\"1017\" data-end=\"1053\">Fjern flaskene enkelt n\u00e5r det er n\u00f8dvendig.<\/p>\n<\/li>\n<li data-start=\"1054\" data-end=\"1103\">\n<p data-start=\"1057\" data-end=\"1103\">Flytt holderen n\u00e5r som helst for enkelhets skyld.<\/p>\n<\/li>\n<\/ol>\n<h2 style=\"text-align: center\" data-start=\"1105\" data-end=\"1124\">Produktdetaljer \ud83d\udccf<\/h2>\n<ul data-start=\"1125\" data-end=\"1403\">\n<li data-start=\"1125\" data-end=\"1143\">\n<p data-start=\"1127\" data-end=\"1143\">Materiale: PLA+<\/p>\n<\/li>\n<li data-start=\"1144\" data-end=\"1183\">\n<p data-start=\"1146\" data-end=\"1183\">Installasjonsmetode: Magnetisk fast<\/p>\n<\/li>\n<li data-start=\"1184\" data-end=\"1221\">\n<p data-start=\"1186\" data-end=\"1221\">Hullalternativer: 2 \/ 3 \/ 4 \/ 5 hull<\/p>\n<\/li>\n<li data-start=\"1222\" data-end=\"1353\">\n<p data-start=\"1224\" data-end=\"1237\">Dimensjoner:<\/p>\n<ul data-start=\"1240\" data-end=\"1353\">\n<li data-start=\"1240\" data-end=\"1266\">\n<p data-start=\"1242\" data-end=\"1266\">2 hull: 10 x 6 x 5 cm<\/p>\n<\/li>\n<li data-start=\"1269\" data-end=\"1295\">\n<p data-start=\"1271\" data-end=\"1295\">3 hull: 11 x 7 x 6 cm<\/p>\n<\/li>\n<li data-start=\"1298\" data-end=\"1324\">\n<p data-start=\"1300\" data-end=\"1324\">4 hull: 12 x 8 x 7 cm<\/p>\n<\/li>\n<li data-start=\"1327\" data-end=\"1353\">\n<p data-start=\"1329\" data-end=\"1353\">5 hull: 13 x 9 x 8 cm<\/p>\n<\/li>\n<\/ul>\n<\/li>\n<li data-start=\"1354\" data-end=\"1403\">\n<p data-start=\"1356\" data-end=\"1403\">Bruk: Oppbevaring og organisering av dieseladditiver<\/p>\n<\/li>\n<\/ul>\n<h2 style=\"text-align: center\" data-start=\"1405\" data-end=\"1425\">Pakken Inneholder \ud83d\udce6<\/h2>\n<ul data-start=\"1426\" data-end=\"1454\" data-is-last-node=\"\" data-is-only-node=\"\">\n<li data-start=\"1426\" data-end=\"1454\" data-is-last-node=\"\">\n<p data-start=\"1428\" data-end=\"1454\" data-is-last-node=\"\">1x dieseladditivholder<\/p>\n<\/li>\n<li data-start=\"1426\" data-end=\"1454\" data-is-last-node=\"\">\n<p data-start=\"1428\" data-end=\"1454\" data-is-last-node=\"\">2, 3, 4, 5x magnetiske knapper.<\/p>\n<\/li>\n<\/ul>\n","protected":false},"excerpt":{"rendered":"<p>\u26fdDisse holderne for dieseltilsetningsstoffer oppbevarer drivstofftilsetningsstoffene dine pent p\u00e5 ett sted, noe som gj\u00f8r vedlikeholdet av kj\u00f8ret\u00f8yet raskere og mer effektivt.<br \/>\n\ud83e\uddf2Det sterke magnetiske festet holder flaskene oppreist og lett tilgjengelige under service.<br \/>\n\ud83d\ude99Denne enkle organisatoren reduserer rot og hjelper deg med \u00e5 jobbe smidigere hver gang du vedlikeholder dieselmotoren din.<\/p>\n","protected":false},"featured_media":21136,"comment_status":"open","ping_status":"closed","template":"","meta":{"site-sidebar-layout":"default","site-content-layout":"","ast-site-content-layout":"default","site-content-style":"default","site-sidebar-style":"default","ast-global-header-display":"","ast-banner-title-visibility":"","ast-main-header-display":"","ast-hfb-above-header-display":"","ast-hfb-below-header-display":"","ast-hfb-mobile-header-display":"","site-post-title":"","ast-breadcrumbs-content":"","ast-featured-img":"","footer-sml-layout":"","theme-transparent-header-meta":"default","adv-header-id-meta":"","stick-header-meta":"","header-above-stick-meta":"","header-main-stick-meta":"","header-below-stick-meta":"","astra-migrate-meta-layouts":"set","ast-page-background-enabled":"default","ast-page-background-meta":{"desktop":{"background-color":"var(--ast-global-color-5)","background-image":"","background-repeat":"repeat","background-position":"center center","background-size":"auto","background-attachment":"scroll","background-type":"","background-media":"","overlay-type":"","overlay-color":"","overlay-opacity":"","overlay-gradient":""},"tablet":{"background-color":"","background-image":"","background-repeat":"repeat","background-position":"center center","background-size":"auto","background-attachment":"scroll","background-type":"","background-media":"","overlay-type":"","overlay-color":"","overlay-opacity":"","overlay-gradient":""},"mobile":{"background-color":"","background-image":"","background-repeat":"repeat","background-position":"center center","background-size":"auto","background-attachment":"scroll","background-type":"","background-media":"","overlay-type":"","overlay-color":"","overlay-opacity":"","overlay-gradient":""}},"ast-content-background-meta":{"desktop":{"background-color":"var(--ast-global-color-4)","background-image":"","background-repeat":"repeat","background-position":"center center","background-size":"auto","background-attachment":"scroll","background-type":"","background-media":"","overlay-type":"","overlay-color":"","overlay-opacity":"","overlay-gradient":""},"tablet":{"background-color":"var(--ast-global-color-4)","background-image":"","background-repeat":"repeat","background-position":"center center","background-size":"auto","background-attachment":"scroll","background-type":"","background-media":"","overlay-type":"","overlay-color":"","overlay-opacity":"","overlay-gradient":""},"mobile":{"background-color":"var(--ast-global-color-4)","background-image":"","background-repeat":"repeat","background-position":"center center","background-size":"auto","background-attachment":"scroll","background-type":"","background-media":"","overlay-type":"","overlay-color":"","overlay-opacity":"","overlay-gradient":""}}},"product_brand":[],"product_cat":[161],"product_tag":[],"class_list":{"0":"post-21140","1":"product","2":"type-product","3":"status-publish","4":"has-post-thumbnail","6":"product_cat-bilprodukter","7":"pa_54023_73f89qvy-2-hull","8":"pa_54023_73f89qvy-3-hull","9":"pa_54023_73f89qvy-4-hull","10":"pa_54023_73f89qvy-5-hull","11":"desktop-align-left","12":"tablet-align-left","13":"mobile-align-left","15":"first","16":"instock","17":"shipping-taxable","18":"purchasable","19":"product-type-variable"},"yoast_head":"<!-- This site is optimized with the Yoast SEO plugin v26.6 - https:\/\/yoast.com\/wordpress\/plugins\/seo\/ -->\n<title>Holdere for dieseladditiver - Mekulo NO<\/title>\n<meta name=\"robots\" content=\"index, follow, max-snippet:-1, max-image-preview:large, max-video-preview:-1\" \/>\n<link rel=\"canonical\" href=\"https:\/\/mekulo.com\/no\/produkt\/holdere-for-dieseladditiver\/\" \/>\n<meta property=\"og:locale\" content=\"nb_NO\" \/>\n<meta property=\"og:type\" content=\"article\" \/>\n<meta property=\"og:title\" content=\"Holdere for dieseladditiver - Mekulo NO\" \/>\n<meta property=\"og:description\" content=\"\u26fdDisse holderne for dieseltilsetningsstoffer oppbevarer drivstofftilsetningsstoffene dine pent p\u00e5 ett sted, noe som gj\u00f8r vedlikeholdet av kj\u00f8ret\u00f8yet raskere og mer effektivt. \ud83e\uddf2Det sterke magnetiske festet holder flaskene oppreist og lett tilgjengelige under service. \ud83d\ude99Denne enkle organisatoren reduserer rot og hjelper deg med \u00e5 jobbe smidigere hver gang du vedlikeholder dieselmotoren din.\" \/>\n<meta property=\"og:url\" content=\"https:\/\/mekulo.com\/no\/produkt\/holdere-for-dieseladditiver\/\" \/>\n<meta property=\"og:site_name\" content=\"Mekulo NO\" \/>\n<meta property=\"article:modified_time\" content=\"2026-02-03T13:08:46+00:00\" \/>\n<meta property=\"og:image\" content=\"https:\/\/mekulo.com\/no\/wp-content\/uploads\/sites\/10\/2026\/02\/fnebgta-1.jpeg\" \/>\n\t<meta property=\"og:image:width\" content=\"1601\" \/>\n\t<meta property=\"og:image:height\" content=\"1601\" \/>\n\t<meta property=\"og:image:type\" content=\"image\/jpeg\" \/>\n<meta name=\"twitter:card\" content=\"summary_large_image\" \/>\n<meta name=\"twitter:label1\" content=\"Ansl. lesetid\" \/>\n\t<meta name=\"twitter:data1\" content=\"2 minutter\" \/>\n<script type=\"application\/ld+json\" class=\"yoast-schema-graph\">{\"@context\":\"https:\/\/schema.org\",\"@graph\":[{\"@type\":\"WebPage\",\"@id\":\"https:\/\/mekulo.com\/no\/produkt\/holdere-for-dieseladditiver\/\",\"url\":\"https:\/\/mekulo.com\/no\/produkt\/holdere-for-dieseladditiver\/\",\"name\":\"Holdere for dieseladditiver - Mekulo NO\",\"isPartOf\":{\"@id\":\"https:\/\/mekulo.com\/no\/#website\"},\"primaryImageOfPage\":{\"@id\":\"https:\/\/mekulo.com\/no\/produkt\/holdere-for-dieseladditiver\/#primaryimage\"},\"image\":{\"@id\":\"https:\/\/mekulo.com\/no\/produkt\/holdere-for-dieseladditiver\/#primaryimage\"},\"thumbnailUrl\":\"https:\/\/mekulo.com\/no\/wp-content\/uploads\/sites\/10\/2026\/02\/fnebgta-1.jpeg\",\"datePublished\":\"2026-02-03T13:08:33+00:00\",\"dateModified\":\"2026-02-03T13:08:46+00:00\",\"breadcrumb\":{\"@id\":\"https:\/\/mekulo.com\/no\/produkt\/holdere-for-dieseladditiver\/#breadcrumb\"},\"inLanguage\":\"nb-NO\",\"potentialAction\":[{\"@type\":\"ReadAction\",\"target\":[\"https:\/\/mekulo.com\/no\/produkt\/holdere-for-dieseladditiver\/\"]}]},{\"@type\":\"ImageObject\",\"inLanguage\":\"nb-NO\",\"@id\":\"https:\/\/mekulo.com\/no\/produkt\/holdere-for-dieseladditiver\/#primaryimage\",\"url\":\"https:\/\/mekulo.com\/no\/wp-content\/uploads\/sites\/10\/2026\/02\/fnebgta-1.jpeg\",\"contentUrl\":\"https:\/\/mekulo.com\/no\/wp-content\/uploads\/sites\/10\/2026\/02\/fnebgta-1.jpeg\",\"width\":1601,\"height\":1601},{\"@type\":\"BreadcrumbList\",\"@id\":\"https:\/\/mekulo.com\/no\/produkt\/holdere-for-dieseladditiver\/#breadcrumb\",\"itemListElement\":[{\"@type\":\"ListItem\",\"position\":1,\"name\":\"Home\",\"item\":\"https:\/\/mekulo.com\/no\/\"},{\"@type\":\"ListItem\",\"position\":2,\"name\":\"Butikk\",\"item\":\"https:\/\/mekulo.com\/no\/butikk\/\"},{\"@type\":\"ListItem\",\"position\":3,\"name\":\"Holdere for dieseladditiver\"}]},{\"@type\":\"WebSite\",\"@id\":\"https:\/\/mekulo.com\/no\/#website\",\"url\":\"https:\/\/mekulo.com\/no\/\",\"name\":\"Mekulo NO\",\"description\":\"\",\"publisher\":{\"@id\":\"https:\/\/mekulo.com\/no\/#organization\"},\"potentialAction\":[{\"@type\":\"SearchAction\",\"target\":{\"@type\":\"EntryPoint\",\"urlTemplate\":\"https:\/\/mekulo.com\/no\/?s={search_term_string}\"},\"query-input\":{\"@type\":\"PropertyValueSpecification\",\"valueRequired\":true,\"valueName\":\"search_term_string\"}}],\"inLanguage\":\"nb-NO\"},{\"@type\":\"Organization\",\"@id\":\"https:\/\/mekulo.com\/no\/#organization\",\"name\":\"Mekulo\",\"url\":\"https:\/\/mekulo.com\/no\/\",\"logo\":{\"@type\":\"ImageObject\",\"inLanguage\":\"nb-NO\",\"@id\":\"https:\/\/mekulo.com\/no\/#\/schema\/logo\/image\/\",\"url\":\"https:\/\/mekulo.com\/no\/wp-content\/uploads\/sites\/10\/2025\/12\/favicon_mekulo.png\",\"contentUrl\":\"https:\/\/mekulo.com\/no\/wp-content\/uploads\/sites\/10\/2025\/12\/favicon_mekulo.png\",\"width\":50,\"height\":50,\"caption\":\"Mekulo\"},\"image\":{\"@id\":\"https:\/\/mekulo.com\/no\/#\/schema\/logo\/image\/\"}}]}<\/script>\n<!-- \/ Yoast SEO plugin. -->","yoast_head_json":{"title":"Holdere for dieseladditiver - Mekulo NO","robots":{"index":"index","follow":"follow","max-snippet":"max-snippet:-1","max-image-preview":"max-image-preview:large","max-video-preview":"max-video-preview:-1"},"canonical":"https:\/\/mekulo.com\/no\/produkt\/holdere-for-dieseladditiver\/","og_locale":"nb_NO","og_type":"article","og_title":"Holdere for dieseladditiver - Mekulo NO","og_description":"\u26fdDisse holderne for dieseltilsetningsstoffer oppbevarer drivstofftilsetningsstoffene dine pent p\u00e5 ett sted, noe som gj\u00f8r vedlikeholdet av kj\u00f8ret\u00f8yet raskere og mer effektivt. \ud83e\uddf2Det sterke magnetiske festet holder flaskene oppreist og lett tilgjengelige under service. \ud83d\ude99Denne enkle organisatoren reduserer rot og hjelper deg med \u00e5 jobbe smidigere hver gang du vedlikeholder dieselmotoren din.","og_url":"https:\/\/mekulo.com\/no\/produkt\/holdere-for-dieseladditiver\/","og_site_name":"Mekulo NO","article_modified_time":"2026-02-03T13:08:46+00:00","og_image":[{"width":1601,"height":1601,"url":"https:\/\/mekulo.com\/no\/wp-content\/uploads\/sites\/10\/2026\/02\/fnebgta-1.jpeg","type":"image\/jpeg"}],"twitter_card":"summary_large_image","twitter_misc":{"Ansl. lesetid":"2 minutter"},"schema":{"@context":"https:\/\/schema.org","@graph":[{"@type":"WebPage","@id":"https:\/\/mekulo.com\/no\/produkt\/holdere-for-dieseladditiver\/","url":"https:\/\/mekulo.com\/no\/produkt\/holdere-for-dieseladditiver\/","name":"Holdere for dieseladditiver - Mekulo NO","isPartOf":{"@id":"https:\/\/mekulo.com\/no\/#website"},"primaryImageOfPage":{"@id":"https:\/\/mekulo.com\/no\/produkt\/holdere-for-dieseladditiver\/#primaryimage"},"image":{"@id":"https:\/\/mekulo.com\/no\/produkt\/holdere-for-dieseladditiver\/#primaryimage"},"thumbnailUrl":"https:\/\/mekulo.com\/no\/wp-content\/uploads\/sites\/10\/2026\/02\/fnebgta-1.jpeg","datePublished":"2026-02-03T13:08:33+00:00","dateModified":"2026-02-03T13:08:46+00:00","breadcrumb":{"@id":"https:\/\/mekulo.com\/no\/produkt\/holdere-for-dieseladditiver\/#breadcrumb"},"inLanguage":"nb-NO","potentialAction":[{"@type":"ReadAction","target":["https:\/\/mekulo.com\/no\/produkt\/holdere-for-dieseladditiver\/"]}]},{"@type":"ImageObject","inLanguage":"nb-NO","@id":"https:\/\/mekulo.com\/no\/produkt\/holdere-for-dieseladditiver\/#primaryimage","url":"https:\/\/mekulo.com\/no\/wp-content\/uploads\/sites\/10\/2026\/02\/fnebgta-1.jpeg","contentUrl":"https:\/\/mekulo.com\/no\/wp-content\/uploads\/sites\/10\/2026\/02\/fnebgta-1.jpeg","width":1601,"height":1601},{"@type":"BreadcrumbList","@id":"https:\/\/mekulo.com\/no\/produkt\/holdere-for-dieseladditiver\/#breadcrumb","itemListElement":[{"@type":"ListItem","position":1,"name":"Home","item":"https:\/\/mekulo.com\/no\/"},{"@type":"ListItem","position":2,"name":"Butikk","item":"https:\/\/mekulo.com\/no\/butikk\/"},{"@type":"ListItem","position":3,"name":"Holdere for dieseladditiver"}]},{"@type":"WebSite","@id":"https:\/\/mekulo.com\/no\/#website","url":"https:\/\/mekulo.com\/no\/","name":"Mekulo NO","description":"","publisher":{"@id":"https:\/\/mekulo.com\/no\/#organization"},"potentialAction":[{"@type":"SearchAction","target":{"@type":"EntryPoint","urlTemplate":"https:\/\/mekulo.com\/no\/?s={search_term_string}"},"query-input":{"@type":"PropertyValueSpecification","valueRequired":true,"valueName":"search_term_string"}}],"inLanguage":"nb-NO"},{"@type":"Organization","@id":"https:\/\/mekulo.com\/no\/#organization","name":"Mekulo","url":"https:\/\/mekulo.com\/no\/","logo":{"@type":"ImageObject","inLanguage":"nb-NO","@id":"https:\/\/mekulo.com\/no\/#\/schema\/logo\/image\/","url":"https:\/\/mekulo.com\/no\/wp-content\/uploads\/sites\/10\/2025\/12\/favicon_mekulo.png","contentUrl":"https:\/\/mekulo.com\/no\/wp-content\/uploads\/sites\/10\/2025\/12\/favicon_mekulo.png","width":50,"height":50,"caption":"Mekulo"},"image":{"@id":"https:\/\/mekulo.com\/no\/#\/schema\/logo\/image\/"}}]}},"_links":{"self":[{"href":"https:\/\/mekulo.com\/no\/wp-json\/wp\/v2\/product\/21140","targetHints":{"allow":["GET"]}}],"collection":[{"href":"https:\/\/mekulo.com\/no\/wp-json\/wp\/v2\/product"}],"about":[{"href":"https:\/\/mekulo.com\/no\/wp-json\/wp\/v2\/types\/product"}],"replies":[{"embeddable":true,"href":"https:\/\/mekulo.com\/no\/wp-json\/wp\/v2\/comments?post=21140"}],"wp:featuredmedia":[{"embeddable":true,"href":"https:\/\/mekulo.com\/no\/wp-json\/wp\/v2\/media\/21136"}],"wp:attachment":[{"href":"https:\/\/mekulo.com\/no\/wp-json\/wp\/v2\/media?parent=21140"}],"wp:term":[{"taxonomy":"product_brand","embeddable":true,"href":"https:\/\/mekulo.com\/no\/wp-json\/wp\/v2\/product_brand?post=21140"},{"taxonomy":"product_cat","embeddable":true,"href":"https:\/\/mekulo.com\/no\/wp-json\/wp\/v2\/product_cat?post=21140"},{"taxonomy":"product_tag","embeddable":true,"href":"https:\/\/mekulo.com\/no\/wp-json\/wp\/v2\/product_tag?post=21140"}],"curies":[{"name":"wp","href":"https:\/\/api.w.org\/{rel}","templated":true}]}}