{"id":20939,"date":"2026-02-03T15:01:00","date_gmt":"2026-02-03T13:01:00","guid":{"rendered":"https:\/\/mekulo.com\/no\/produkt\/fargerike-lydlose-vindusviskere-uten-bein\/"},"modified":"2026-02-03T15:06:56","modified_gmt":"2026-02-03T13:06:56","slug":"fargerike-lydlose-vindusviskere-uten-bein","status":"publish","type":"product","link":"https:\/\/mekulo.com\/no\/produkt\/fargerike-lydlose-vindusviskere-uten-bein\/","title":{"rendered":"Fargerike, lydl\u00f8se vindusviskere uten bein"},"content":{"rendered":"<div class=\"flex max-w-full flex-col grow\">\n<div class=\"min-h-8 text-message relative flex w-full flex-col items-end gap-2 text-start break-words whitespace-normal [.text-message+&amp;]:mt-1\" dir=\"auto\" data-message-author-role=\"assistant\" data-message-id=\"32d5150e-d5c8-4447-85d3-cb2cffd52b5a\" data-message-model-slug=\"gpt-5-2\">\n<div class=\"flex w-full flex-col gap-1 empty:hidden first:pt-[1px]\">\n<div class=\"markdown prose dark:prose-invert w-full wrap-break-word light markdown-new-styling\">\n<p style=\"text-align: center\" data-start=\"0\" data-end=\"80\"><strong data-start=\"0\" data-end=\"80\">Nyt En Klar Og Stilleg\u00e5ende Frontrute Med Stilige Viskerblader Med H\u00f8y Ytelse. \ud83d\ude98<\/strong><\/p>\n<p data-start=\"0\" data-end=\"80\"><img decoding=\"async\" class=\"size-full wp-image-22750 aligncenter\" src=\"https:\/\/mekulo.com\/template\/wp-content\/uploads\/sites\/6\/2026\/01\/bebd5626a98c278cd6802f4e0474ac6a8de2ebdb-700.avif\" alt=\"\" \/><\/p>\n<h2 style=\"text-align: center\" data-start=\"434\" data-end=\"451\">Hovedfordeler \ud83d\ude97<\/h2>\n<p data-start=\"454\" data-end=\"519\">\ud83d\udd07 Lydl\u00f8s Drift &#8211; Dobbelt Grafittbelegg Reduserer St\u00f8y.<\/p>\n<p data-start=\"522\" data-end=\"581\">\ud83c\udf27\ufe0f Ren T\u00f8rking &#8211; Effektiv, Stripefri Ytelse.<\/p>\n<p data-start=\"584\" data-end=\"650\">\ud83e\uddf2 Benfri Design &#8211; Bedre Frontrutekontakt Og Stabilitet.<\/p>\n<p data-start=\"653\" data-end=\"706\">\ud83c\udfa8 Fargealternativer &#8211; Tilpass Bilens Stil.<\/p>\n<p data-start=\"709\" data-end=\"756\">\ud83d\ude97 Universell Passform &#8211; Fungerer P\u00e5 De Fleste Biler.<\/p>\n<p data-start=\"759\" data-end=\"809\">\ud83e\uddf0 Enkel Installasjon &#8211; Trykknapp 19 Mm Grensesnitt.<\/p>\n<p data-start=\"759\" data-end=\"809\"><img fetchpriority=\"high\" decoding=\"async\" class=\"size-full wp-image-22745 aligncenter\" src=\"https:\/\/mekulo.com\/template\/wp-content\/uploads\/sites\/6\/2026\/01\/Sc46922f5b18b48fd84a8dcf443295398h.jpg_960x960q75.jpg_.jpg\" alt=\"\" width=\"1080\" height=\"1080\" \/><\/p>\n<h2 style=\"text-align: center\" data-start=\"811\" data-end=\"825\">Hvordan Du Bruker \ud83d\udccc<\/h2>\n<ol data-start=\"826\" data-end=\"1023\">\n<li data-start=\"826\" data-end=\"862\">\n<p data-start=\"829\" data-end=\"862\">Kontroller \u00d8nsket Bladst\u00f8rrelse.<\/p>\n<\/li>\n<li data-start=\"863\" data-end=\"895\">\n<p data-start=\"866\" data-end=\"895\">Fjern Det Gamle Viskerbladet.<\/p>\n<\/li>\n<li data-start=\"896\" data-end=\"938\">\n<p data-start=\"899\" data-end=\"938\">Juster Trykknappen 19 Mm Kontakt.<\/p>\n<\/li>\n<li data-start=\"939\" data-end=\"975\">\n<p data-start=\"942\" data-end=\"975\">Klikk Det Nye Bladet P\u00e5 Plass.<\/p>\n<\/li>\n<li data-start=\"976\" data-end=\"1023\">\n<p data-start=\"979\" data-end=\"1023\">Test For \u00c5 Sikre Sikker Passform Og Jevn T\u00f8rking.<\/p>\n<\/li>\n<\/ol>\n<h2 style=\"text-align: center\" data-start=\"1025\" data-end=\"1044\">Produktdetaljer \ud83d\udccf<\/h2>\n<ul data-start=\"1045\" data-end=\"1380\">\n<li data-start=\"1078\" data-end=\"1113\">\n<p data-start=\"1080\" data-end=\"1113\">Design: Rammel\u00f8s \/ Brakettfri<\/p>\n<\/li>\n<li data-start=\"1114\" data-end=\"1169\">\n<p data-start=\"1116\" data-end=\"1169\">Materiale: Dobbeltlags Gummi Med Grafittbelegg<\/p>\n<\/li>\n<li data-start=\"1170\" data-end=\"1201\">\n<p data-start=\"1172\" data-end=\"1201\">Grensesnitt: Trykknapp 19 Mm<\/p>\n<\/li>\n<li data-start=\"1202\" data-end=\"1238\">\n<p data-start=\"1204\" data-end=\"1238\">Lengde: 350 Mm, 375 Mm, 400 Mm, 425 Mm, 450 Mm, 475 Mm, 500 Mm, 525 Mm, 550 Mm, 575 Mm, 600 Mm, 625 Mm, 650 Mm, 675 Mm, 700 Mm, 750 Mm<\/p>\n<\/li>\n<li data-start=\"1322\" data-end=\"1380\">\n<p data-start=\"1324\" data-end=\"1380\">Kompatibilitet: Venstre- Og H\u00f8yrekj\u00f8rte Kj\u00f8ret\u00f8y (Alle Kj\u00f8ret\u00f8y)<\/p>\n<\/li>\n<\/ul>\n<h2 style=\"text-align: center\" data-start=\"1382\" data-end=\"1402\">Pakken Inkluderer \ud83d\udce6<\/h2>\n<ul data-start=\"1403\" data-end=\"1456\" data-is-last-node=\"\" data-is-only-node=\"\">\n<li data-start=\"1403\" data-end=\"1456\" data-is-last-node=\"\">\n<p data-start=\"1405\" data-end=\"1456\" data-is-last-node=\"\">1x Fargerikt, Lydl\u00f8st Vindusviskerblad Uten Bein.<\/p>\n<\/li>\n<\/ul>\n<\/div>\n<\/div>\n<\/div>\n<\/div>\n","protected":false},"excerpt":{"rendered":"<p>\ud83d\ude99Disse fargerike, lydl\u00f8se vindusviskerne uten bein gir jevn, stripefri t\u00f8rking med redusert st\u00f8y takket v\u00e6re en dobbel grafittbelagt gummidesign.<br \/>\n\ud83c\udf27\ufe0fThe rammel\u00f8s, brakettfri konstruksjon forbedrer kontakt og holdbarhet, samtidig som de gir bilen din et dristig fargeinnslag.<br \/>\n\ud83d\udd07De kombinerer p\u00e5litelig ytelse i all slags v\u00e6r med et rent, moderne utseende til en god pris.<\/p>\n","protected":false},"featured_media":20935,"comment_status":"open","ping_status":"closed","template":"","meta":{"site-sidebar-layout":"default","site-content-layout":"","ast-site-content-layout":"default","site-content-style":"default","site-sidebar-style":"default","ast-global-header-display":"","ast-banner-title-visibility":"","ast-main-header-display":"","ast-hfb-above-header-display":"","ast-hfb-below-header-display":"","ast-hfb-mobile-header-display":"","site-post-title":"","ast-breadcrumbs-content":"","ast-featured-img":"","footer-sml-layout":"","theme-transparent-header-meta":"default","adv-header-id-meta":"","stick-header-meta":"","header-above-stick-meta":"","header-main-stick-meta":"","header-below-stick-meta":"","astra-migrate-meta-layouts":"set","ast-page-background-enabled":"default","ast-page-background-meta":{"desktop":{"background-color":"var(--ast-global-color-5)","background-image":"","background-repeat":"repeat","background-position":"center center","background-size":"auto","background-attachment":"scroll","background-type":"","background-media":"","overlay-type":"","overlay-color":"","overlay-opacity":"","overlay-gradient":""},"tablet":{"background-color":"","background-image":"","background-repeat":"repeat","background-position":"center center","background-size":"auto","background-attachment":"scroll","background-type":"","background-media":"","overlay-type":"","overlay-color":"","overlay-opacity":"","overlay-gradient":""},"mobile":{"background-color":"","background-image":"","background-repeat":"repeat","background-position":"center center","background-size":"auto","background-attachment":"scroll","background-type":"","background-media":"","overlay-type":"","overlay-color":"","overlay-opacity":"","overlay-gradient":""}},"ast-content-background-meta":{"desktop":{"background-color":"var(--ast-global-color-4)","background-image":"","background-repeat":"repeat","background-position":"center center","background-size":"auto","background-attachment":"scroll","background-type":"","background-media":"","overlay-type":"","overlay-color":"","overlay-opacity":"","overlay-gradient":""},"tablet":{"background-color":"var(--ast-global-color-4)","background-image":"","background-repeat":"repeat","background-position":"center center","background-size":"auto","background-attachment":"scroll","background-type":"","background-media":"","overlay-type":"","overlay-color":"","overlay-opacity":"","overlay-gradient":""},"mobile":{"background-color":"var(--ast-global-color-4)","background-image":"","background-repeat":"repeat","background-position":"center center","background-size":"auto","background-attachment":"scroll","background-type":"","background-media":"","overlay-type":"","overlay-color":"","overlay-opacity":"","overlay-gradient":""}}},"product_brand":[],"product_cat":[161],"product_tag":[],"class_list":{"0":"post-20939","1":"product","2":"type-product","3":"status-publish","4":"has-post-thumbnail","6":"product_cat-bilprodukter","7":"pa_54018_e5liw0zp-350-mm","8":"pa_54018_e5liw0zp-375-mm","9":"pa_54018_e5liw0zp-400-mm","10":"pa_54018_e5liw0zp-425-mm","11":"pa_54018_e5liw0zp-450-mm","12":"pa_54018_e5liw0zp-475-mm","13":"pa_54018_e5liw0zp-500-mm","14":"pa_54018_e5liw0zp-525-mm","15":"pa_54018_e5liw0zp-550-mm","16":"pa_54018_e5liw0zp-575-mm","17":"pa_54018_e5liw0zp-600-mm","18":"pa_54018_e5liw0zp-625-mm","19":"pa_54018_e5liw0zp-650-mm","20":"pa_54018_e5liw0zp-675-mm","21":"pa_54018_e5liw0zp-700-mm","22":"pa_54018_e5liw0zp-750-mm","23":"pa_54018_tct5v4cc-bla","24":"pa_54018_tct5v4cc-gronn","25":"pa_54018_tct5v4cc-gul","26":"pa_54018_tct5v4cc-hvit","27":"pa_54018_tct5v4cc-rod","28":"pa_54018_tct5v4cc-svart","29":"desktop-align-left","30":"tablet-align-left","31":"mobile-align-left","33":"first","34":"instock","35":"shipping-taxable","36":"purchasable","37":"product-type-variable","38":"has-default-attributes"},"yoast_head":"<!-- This site is optimized with the Yoast SEO plugin v26.6 - https:\/\/yoast.com\/wordpress\/plugins\/seo\/ -->\n<title>Fargerike, lydl\u00f8se vindusviskere uten bein - Mekulo NO<\/title>\n<meta name=\"robots\" content=\"index, follow, max-snippet:-1, max-image-preview:large, max-video-preview:-1\" \/>\n<link rel=\"canonical\" href=\"https:\/\/mekulo.com\/no\/produkt\/fargerike-lydlose-vindusviskere-uten-bein\/\" \/>\n<meta property=\"og:locale\" content=\"nb_NO\" \/>\n<meta property=\"og:type\" content=\"article\" \/>\n<meta property=\"og:title\" content=\"Fargerike, lydl\u00f8se vindusviskere uten bein - Mekulo NO\" \/>\n<meta property=\"og:description\" content=\"\ud83d\ude99Disse fargerike, lydl\u00f8se vindusviskerne uten bein gir jevn, stripefri t\u00f8rking med redusert st\u00f8y takket v\u00e6re en dobbel grafittbelagt gummidesign. \ud83c\udf27\ufe0fThe rammel\u00f8s, brakettfri konstruksjon forbedrer kontakt og holdbarhet, samtidig som de gir bilen din et dristig fargeinnslag. \ud83d\udd07De kombinerer p\u00e5litelig ytelse i all slags v\u00e6r med et rent, moderne utseende til en god pris.\" \/>\n<meta property=\"og:url\" content=\"https:\/\/mekulo.com\/no\/produkt\/fargerike-lydlose-vindusviskere-uten-bein\/\" \/>\n<meta property=\"og:site_name\" content=\"Mekulo NO\" \/>\n<meta property=\"article:modified_time\" content=\"2026-02-03T13:06:56+00:00\" \/>\n<meta property=\"og:image\" content=\"https:\/\/mekulo.com\/no\/wp-content\/uploads\/sites\/10\/2026\/02\/zfanvgm-1.jpg\" \/>\n\t<meta property=\"og:image:width\" content=\"800\" \/>\n\t<meta property=\"og:image:height\" content=\"800\" \/>\n\t<meta property=\"og:image:type\" content=\"image\/jpeg\" \/>\n<meta name=\"twitter:card\" content=\"summary_large_image\" \/>\n<meta name=\"twitter:label1\" content=\"Ansl. lesetid\" \/>\n\t<meta name=\"twitter:data1\" content=\"2 minutter\" \/>\n<script type=\"application\/ld+json\" class=\"yoast-schema-graph\">{\"@context\":\"https:\/\/schema.org\",\"@graph\":[{\"@type\":\"WebPage\",\"@id\":\"https:\/\/mekulo.com\/no\/produkt\/fargerike-lydlose-vindusviskere-uten-bein\/\",\"url\":\"https:\/\/mekulo.com\/no\/produkt\/fargerike-lydlose-vindusviskere-uten-bein\/\",\"name\":\"Fargerike, lydl\u00f8se vindusviskere uten bein - Mekulo NO\",\"isPartOf\":{\"@id\":\"https:\/\/mekulo.com\/no\/#website\"},\"primaryImageOfPage\":{\"@id\":\"https:\/\/mekulo.com\/no\/produkt\/fargerike-lydlose-vindusviskere-uten-bein\/#primaryimage\"},\"image\":{\"@id\":\"https:\/\/mekulo.com\/no\/produkt\/fargerike-lydlose-vindusviskere-uten-bein\/#primaryimage\"},\"thumbnailUrl\":\"https:\/\/mekulo.com\/no\/wp-content\/uploads\/sites\/10\/2026\/02\/zfanvgm-1.jpg\",\"datePublished\":\"2026-02-03T13:01:00+00:00\",\"dateModified\":\"2026-02-03T13:06:56+00:00\",\"breadcrumb\":{\"@id\":\"https:\/\/mekulo.com\/no\/produkt\/fargerike-lydlose-vindusviskere-uten-bein\/#breadcrumb\"},\"inLanguage\":\"nb-NO\",\"potentialAction\":[{\"@type\":\"ReadAction\",\"target\":[\"https:\/\/mekulo.com\/no\/produkt\/fargerike-lydlose-vindusviskere-uten-bein\/\"]}]},{\"@type\":\"ImageObject\",\"inLanguage\":\"nb-NO\",\"@id\":\"https:\/\/mekulo.com\/no\/produkt\/fargerike-lydlose-vindusviskere-uten-bein\/#primaryimage\",\"url\":\"https:\/\/mekulo.com\/no\/wp-content\/uploads\/sites\/10\/2026\/02\/zfanvgm-1.jpg\",\"contentUrl\":\"https:\/\/mekulo.com\/no\/wp-content\/uploads\/sites\/10\/2026\/02\/zfanvgm-1.jpg\",\"width\":800,\"height\":800},{\"@type\":\"BreadcrumbList\",\"@id\":\"https:\/\/mekulo.com\/no\/produkt\/fargerike-lydlose-vindusviskere-uten-bein\/#breadcrumb\",\"itemListElement\":[{\"@type\":\"ListItem\",\"position\":1,\"name\":\"Home\",\"item\":\"https:\/\/mekulo.com\/no\/\"},{\"@type\":\"ListItem\",\"position\":2,\"name\":\"Butikk\",\"item\":\"https:\/\/mekulo.com\/no\/butikk\/\"},{\"@type\":\"ListItem\",\"position\":3,\"name\":\"Fargerike, lydl\u00f8se vindusviskere uten bein\"}]},{\"@type\":\"WebSite\",\"@id\":\"https:\/\/mekulo.com\/no\/#website\",\"url\":\"https:\/\/mekulo.com\/no\/\",\"name\":\"Mekulo NO\",\"description\":\"\",\"publisher\":{\"@id\":\"https:\/\/mekulo.com\/no\/#organization\"},\"potentialAction\":[{\"@type\":\"SearchAction\",\"target\":{\"@type\":\"EntryPoint\",\"urlTemplate\":\"https:\/\/mekulo.com\/no\/?s={search_term_string}\"},\"query-input\":{\"@type\":\"PropertyValueSpecification\",\"valueRequired\":true,\"valueName\":\"search_term_string\"}}],\"inLanguage\":\"nb-NO\"},{\"@type\":\"Organization\",\"@id\":\"https:\/\/mekulo.com\/no\/#organization\",\"name\":\"Mekulo\",\"url\":\"https:\/\/mekulo.com\/no\/\",\"logo\":{\"@type\":\"ImageObject\",\"inLanguage\":\"nb-NO\",\"@id\":\"https:\/\/mekulo.com\/no\/#\/schema\/logo\/image\/\",\"url\":\"https:\/\/mekulo.com\/no\/wp-content\/uploads\/sites\/10\/2025\/12\/favicon_mekulo.png\",\"contentUrl\":\"https:\/\/mekulo.com\/no\/wp-content\/uploads\/sites\/10\/2025\/12\/favicon_mekulo.png\",\"width\":50,\"height\":50,\"caption\":\"Mekulo\"},\"image\":{\"@id\":\"https:\/\/mekulo.com\/no\/#\/schema\/logo\/image\/\"}}]}<\/script>\n<!-- \/ Yoast SEO plugin. -->","yoast_head_json":{"title":"Fargerike, lydl\u00f8se vindusviskere uten bein - Mekulo NO","robots":{"index":"index","follow":"follow","max-snippet":"max-snippet:-1","max-image-preview":"max-image-preview:large","max-video-preview":"max-video-preview:-1"},"canonical":"https:\/\/mekulo.com\/no\/produkt\/fargerike-lydlose-vindusviskere-uten-bein\/","og_locale":"nb_NO","og_type":"article","og_title":"Fargerike, lydl\u00f8se vindusviskere uten bein - Mekulo NO","og_description":"\ud83d\ude99Disse fargerike, lydl\u00f8se vindusviskerne uten bein gir jevn, stripefri t\u00f8rking med redusert st\u00f8y takket v\u00e6re en dobbel grafittbelagt gummidesign. \ud83c\udf27\ufe0fThe rammel\u00f8s, brakettfri konstruksjon forbedrer kontakt og holdbarhet, samtidig som de gir bilen din et dristig fargeinnslag. \ud83d\udd07De kombinerer p\u00e5litelig ytelse i all slags v\u00e6r med et rent, moderne utseende til en god pris.","og_url":"https:\/\/mekulo.com\/no\/produkt\/fargerike-lydlose-vindusviskere-uten-bein\/","og_site_name":"Mekulo NO","article_modified_time":"2026-02-03T13:06:56+00:00","og_image":[{"width":800,"height":800,"url":"https:\/\/mekulo.com\/no\/wp-content\/uploads\/sites\/10\/2026\/02\/zfanvgm-1.jpg","type":"image\/jpeg"}],"twitter_card":"summary_large_image","twitter_misc":{"Ansl. lesetid":"2 minutter"},"schema":{"@context":"https:\/\/schema.org","@graph":[{"@type":"WebPage","@id":"https:\/\/mekulo.com\/no\/produkt\/fargerike-lydlose-vindusviskere-uten-bein\/","url":"https:\/\/mekulo.com\/no\/produkt\/fargerike-lydlose-vindusviskere-uten-bein\/","name":"Fargerike, lydl\u00f8se vindusviskere uten bein - Mekulo NO","isPartOf":{"@id":"https:\/\/mekulo.com\/no\/#website"},"primaryImageOfPage":{"@id":"https:\/\/mekulo.com\/no\/produkt\/fargerike-lydlose-vindusviskere-uten-bein\/#primaryimage"},"image":{"@id":"https:\/\/mekulo.com\/no\/produkt\/fargerike-lydlose-vindusviskere-uten-bein\/#primaryimage"},"thumbnailUrl":"https:\/\/mekulo.com\/no\/wp-content\/uploads\/sites\/10\/2026\/02\/zfanvgm-1.jpg","datePublished":"2026-02-03T13:01:00+00:00","dateModified":"2026-02-03T13:06:56+00:00","breadcrumb":{"@id":"https:\/\/mekulo.com\/no\/produkt\/fargerike-lydlose-vindusviskere-uten-bein\/#breadcrumb"},"inLanguage":"nb-NO","potentialAction":[{"@type":"ReadAction","target":["https:\/\/mekulo.com\/no\/produkt\/fargerike-lydlose-vindusviskere-uten-bein\/"]}]},{"@type":"ImageObject","inLanguage":"nb-NO","@id":"https:\/\/mekulo.com\/no\/produkt\/fargerike-lydlose-vindusviskere-uten-bein\/#primaryimage","url":"https:\/\/mekulo.com\/no\/wp-content\/uploads\/sites\/10\/2026\/02\/zfanvgm-1.jpg","contentUrl":"https:\/\/mekulo.com\/no\/wp-content\/uploads\/sites\/10\/2026\/02\/zfanvgm-1.jpg","width":800,"height":800},{"@type":"BreadcrumbList","@id":"https:\/\/mekulo.com\/no\/produkt\/fargerike-lydlose-vindusviskere-uten-bein\/#breadcrumb","itemListElement":[{"@type":"ListItem","position":1,"name":"Home","item":"https:\/\/mekulo.com\/no\/"},{"@type":"ListItem","position":2,"name":"Butikk","item":"https:\/\/mekulo.com\/no\/butikk\/"},{"@type":"ListItem","position":3,"name":"Fargerike, lydl\u00f8se vindusviskere uten bein"}]},{"@type":"WebSite","@id":"https:\/\/mekulo.com\/no\/#website","url":"https:\/\/mekulo.com\/no\/","name":"Mekulo NO","description":"","publisher":{"@id":"https:\/\/mekulo.com\/no\/#organization"},"potentialAction":[{"@type":"SearchAction","target":{"@type":"EntryPoint","urlTemplate":"https:\/\/mekulo.com\/no\/?s={search_term_string}"},"query-input":{"@type":"PropertyValueSpecification","valueRequired":true,"valueName":"search_term_string"}}],"inLanguage":"nb-NO"},{"@type":"Organization","@id":"https:\/\/mekulo.com\/no\/#organization","name":"Mekulo","url":"https:\/\/mekulo.com\/no\/","logo":{"@type":"ImageObject","inLanguage":"nb-NO","@id":"https:\/\/mekulo.com\/no\/#\/schema\/logo\/image\/","url":"https:\/\/mekulo.com\/no\/wp-content\/uploads\/sites\/10\/2025\/12\/favicon_mekulo.png","contentUrl":"https:\/\/mekulo.com\/no\/wp-content\/uploads\/sites\/10\/2025\/12\/favicon_mekulo.png","width":50,"height":50,"caption":"Mekulo"},"image":{"@id":"https:\/\/mekulo.com\/no\/#\/schema\/logo\/image\/"}}]}},"_links":{"self":[{"href":"https:\/\/mekulo.com\/no\/wp-json\/wp\/v2\/product\/20939","targetHints":{"allow":["GET"]}}],"collection":[{"href":"https:\/\/mekulo.com\/no\/wp-json\/wp\/v2\/product"}],"about":[{"href":"https:\/\/mekulo.com\/no\/wp-json\/wp\/v2\/types\/product"}],"replies":[{"embeddable":true,"href":"https:\/\/mekulo.com\/no\/wp-json\/wp\/v2\/comments?post=20939"}],"wp:featuredmedia":[{"embeddable":true,"href":"https:\/\/mekulo.com\/no\/wp-json\/wp\/v2\/media\/20935"}],"wp:attachment":[{"href":"https:\/\/mekulo.com\/no\/wp-json\/wp\/v2\/media?parent=20939"}],"wp:term":[{"taxonomy":"product_brand","embeddable":true,"href":"https:\/\/mekulo.com\/no\/wp-json\/wp\/v2\/product_brand?post=20939"},{"taxonomy":"product_cat","embeddable":true,"href":"https:\/\/mekulo.com\/no\/wp-json\/wp\/v2\/product_cat?post=20939"},{"taxonomy":"product_tag","embeddable":true,"href":"https:\/\/mekulo.com\/no\/wp-json\/wp\/v2\/product_tag?post=20939"}],"curies":[{"name":"wp","href":"https:\/\/api.w.org\/{rel}","templated":true}]}}