{"id":20916,"date":"2026-02-03T14:57:55","date_gmt":"2026-02-03T12:57:55","guid":{"rendered":"https:\/\/mekulo.com\/no\/produkt\/stativ-til-frityrgryte\/"},"modified":"2026-02-03T14:57:55","modified_gmt":"2026-02-03T12:57:55","slug":"stativ-til-frityrgryte","status":"publish","type":"product","link":"https:\/\/mekulo.com\/no\/produkt\/stativ-til-frityrgryte\/","title":{"rendered":"Stativ til frityrgryte"},"content":{"rendered":"<p style=\"text-align: center\" data-start=\"0\" data-end=\"74\"><strong data-start=\"0\" data-end=\"74\">Tilbered Mer Mat Jevnt Og Spar Tid Med Et Frityrgrytestativ I Flere Lag. \ud83c\udf57<\/strong><\/p>\n<p data-start=\"0\" data-end=\"74\"><img fetchpriority=\"high\" decoding=\"async\" class=\"size-full wp-image-22691 aligncenter\" src=\"https:\/\/mekulo.com\/template\/wp-content\/uploads\/sites\/6\/2026\/01\/S052a33e818564451bcbf16b2474561d8g.jpg_960x960q75.jpg_.jpg\" alt=\"\" width=\"1072\" height=\"872\" \/><\/p>\n<h2 style=\"text-align: center\" data-start=\"388\" data-end=\"405\">Hovedfordeler \ud83d\udd25<\/h2>\n<p data-start=\"408\" data-end=\"470\">\ud83c\udf7d\ufe0f Trelagsdesign &#8211; Tilbered mer mat samtidig.<\/p>\n<p data-start=\"473\" data-end=\"534\">\ud83d\udd25 Jevn luftsirkulasjon &#8211; Forbedrer matlaging og spr\u00f8het.<\/p>\n<p data-start=\"537\" data-end=\"593\">\ud83e\uddf1 Matsikkert st\u00e5l &#8211; Laget av 304 rustfritt st\u00e5l.<\/p>\n<p data-start=\"596\" data-end=\"656\">\ud83e\uddfc Enkel \u00e5 rengj\u00f8re &#8211; Glatt overflate, oppvaskmaskinvennlig.<\/p>\n<p data-start=\"659\" data-end=\"711\">\ud83e\udde9 Flyttbare hyller &#8211; Enkel \u00e5 bruke og oppbevare.<\/p>\n<p data-start=\"714\" data-end=\"786\">\ud83c\udf56 Flerbruksbruk &#8211; Flott til t\u00f8rket kj\u00f8tt, t\u00f8rket frukt og grilling.<\/p>\n<p data-start=\"714\" data-end=\"786\"><img decoding=\"async\" class=\"size-full wp-image-22692 aligncenter\" src=\"https:\/\/mekulo.com\/template\/wp-content\/uploads\/sites\/6\/2026\/01\/S19a0c4d5ab8048dcad0eeafdcdc38214P.jpg_960x960q75.jpg_.jpg\" alt=\"\" width=\"1074\" height=\"947\" \/><\/p>\n<h2 style=\"text-align: center\" data-start=\"788\" data-end=\"802\">Hvordan Du Bruker \ud83d\udccc<\/h2>\n<ol data-start=\"803\" data-end=\"1033\">\n<li data-start=\"803\" data-end=\"852\">\n<p data-start=\"806\" data-end=\"852\">Plasser stativet i frityrgrytekurven.<\/p>\n<\/li>\n<li data-start=\"853\" data-end=\"888\">\n<p data-start=\"856\" data-end=\"888\">Legg mat jevnt p\u00e5 hvert lag.<\/p>\n<\/li>\n<li data-start=\"889\" data-end=\"931\">\n<p data-start=\"892\" data-end=\"931\">Sett kurven inn i frityrgryten.<\/p>\n<\/li>\n<li data-start=\"932\" data-end=\"993\">\n<p data-start=\"935\" data-end=\"993\">Kok som vanlig, slik at luften kan sirkulere mellom lagene.<\/p>\n<\/li>\n<li data-start=\"994\" data-end=\"1033\">\n<p data-start=\"997\" data-end=\"1033\">Fjern og rengj\u00f8r stativet etter bruk.<\/p>\n<\/li>\n<\/ol>\n<h2 style=\"text-align: center\" data-start=\"1035\" data-end=\"1054\">Produktdetaljer \ud83d\udccf<\/h2>\n<ul data-start=\"1055\" data-end=\"1257\">\n<li data-start=\"1055\" data-end=\"1088\">\n<p data-start=\"1057\" data-end=\"1088\">Materiale: 304 rustfritt st\u00e5l<\/p>\n<\/li>\n<li data-start=\"1089\" data-end=\"1120\">\n<p data-start=\"1091\" data-end=\"1120\">Lag: 3 flyttbare hyller<\/p>\n<\/li>\n<li data-start=\"1121\" data-end=\"1179\">\n<p data-start=\"1123\" data-end=\"1179\">Kompatibilitet: Ninja DZ201 8 Qt \/ DZ401 10 Qt DualZone, men passer ogs\u00e5 i andre frityrkokere<\/p>\n<\/li>\n<li data-start=\"1180\" data-end=\"1219\">\n<p data-start=\"1182\" data-end=\"1219\">Finish: Polert, matsikker overflate<\/p>\n<\/li>\n<li data-start=\"1220\" data-end=\"1257\">\n<p data-start=\"1222\" data-end=\"1257\">Bruk: Luftsteking, t\u00f8rking, grilling<\/p>\n<\/li>\n<li data-start=\"1220\" data-end=\"1257\">St\u00f8rrelse: 19 x 12,5 x 11. 5 cm<\/li>\n<\/ul>\n<h2 style=\"text-align: center\" data-start=\"1259\" data-end=\"1279\">Pakken Inkluderer \ud83d\udce6<\/h2>\n<ul data-start=\"1280\" data-end=\"1317\" data-is-last-node=\"\" data-is-only-node=\"\">\n<li data-start=\"1280\" data-end=\"1317\" data-is-last-node=\"\">\n<p data-start=\"1282\" data-end=\"1317\" data-is-last-node=\"\">1x frityrgrytestativ (3-lags design).<\/p>\n<\/li>\n<\/ul>\n","protected":false},"excerpt":{"rendered":"<p>\ud83d\udd25Dette frityrgrytestativet legger til tre stabelbare lag i frityrgryten din, slik at varm luft sirkulerer jevnt rundt maten.<br \/>\n\ud83e\udd69Det hjelper deg med \u00e5 tilberede mer p\u00e5 en gang uten at maten klistrer seg sammen og utnytter frityrgryteplassen bedre.<br \/>\n\ud83d\udc69\u200d\ud83c\udf73A perfekt oppgradering for raskere m\u00e5ltider, bedre resultater og mer fleksibilitet i matlagingen.<\/p>\n","protected":false},"featured_media":20912,"comment_status":"open","ping_status":"closed","template":"","meta":{"site-sidebar-layout":"default","site-content-layout":"","ast-site-content-layout":"default","site-content-style":"default","site-sidebar-style":"default","ast-global-header-display":"","ast-banner-title-visibility":"","ast-main-header-display":"","ast-hfb-above-header-display":"","ast-hfb-below-header-display":"","ast-hfb-mobile-header-display":"","site-post-title":"","ast-breadcrumbs-content":"","ast-featured-img":"","footer-sml-layout":"","theme-transparent-header-meta":"default","adv-header-id-meta":"","stick-header-meta":"","header-above-stick-meta":"","header-main-stick-meta":"","header-below-stick-meta":"","astra-migrate-meta-layouts":"set","ast-page-background-enabled":"default","ast-page-background-meta":{"desktop":{"background-color":"var(--ast-global-color-5)","background-image":"","background-repeat":"repeat","background-position":"center center","background-size":"auto","background-attachment":"scroll","background-type":"","background-media":"","overlay-type":"","overlay-color":"","overlay-opacity":"","overlay-gradient":""},"tablet":{"background-color":"","background-image":"","background-repeat":"repeat","background-position":"center center","background-size":"auto","background-attachment":"scroll","background-type":"","background-media":"","overlay-type":"","overlay-color":"","overlay-opacity":"","overlay-gradient":""},"mobile":{"background-color":"","background-image":"","background-repeat":"repeat","background-position":"center center","background-size":"auto","background-attachment":"scroll","background-type":"","background-media":"","overlay-type":"","overlay-color":"","overlay-opacity":"","overlay-gradient":""}},"ast-content-background-meta":{"desktop":{"background-color":"var(--ast-global-color-4)","background-image":"","background-repeat":"repeat","background-position":"center center","background-size":"auto","background-attachment":"scroll","background-type":"","background-media":"","overlay-type":"","overlay-color":"","overlay-opacity":"","overlay-gradient":""},"tablet":{"background-color":"var(--ast-global-color-4)","background-image":"","background-repeat":"repeat","background-position":"center center","background-size":"auto","background-attachment":"scroll","background-type":"","background-media":"","overlay-type":"","overlay-color":"","overlay-opacity":"","overlay-gradient":""},"mobile":{"background-color":"var(--ast-global-color-4)","background-image":"","background-repeat":"repeat","background-position":"center center","background-size":"auto","background-attachment":"scroll","background-type":"","background-media":"","overlay-type":"","overlay-color":"","overlay-opacity":"","overlay-gradient":""}}},"product_brand":[],"product_cat":[168],"product_tag":[],"class_list":{"0":"post-20916","1":"product","2":"type-product","3":"status-publish","4":"has-post-thumbnail","6":"product_cat-husholdningsartikler","7":"desktop-align-left","8":"tablet-align-left","9":"mobile-align-left","11":"first","12":"instock","13":"shipping-taxable","14":"purchasable","15":"product-type-simple"},"yoast_head":"<!-- This site is optimized with the Yoast SEO plugin v26.6 - https:\/\/yoast.com\/wordpress\/plugins\/seo\/ -->\n<title>Stativ til frityrgryte - Mekulo NO<\/title>\n<meta name=\"robots\" content=\"index, follow, max-snippet:-1, max-image-preview:large, max-video-preview:-1\" \/>\n<link rel=\"canonical\" href=\"https:\/\/mekulo.com\/no\/produkt\/stativ-til-frityrgryte\/\" \/>\n<meta property=\"og:locale\" content=\"nb_NO\" \/>\n<meta property=\"og:type\" content=\"article\" \/>\n<meta property=\"og:title\" content=\"Stativ til frityrgryte - Mekulo NO\" \/>\n<meta property=\"og:description\" content=\"\ud83d\udd25Dette frityrgrytestativet legger til tre stabelbare lag i frityrgryten din, slik at varm luft sirkulerer jevnt rundt maten. \ud83e\udd69Det hjelper deg med \u00e5 tilberede mer p\u00e5 en gang uten at maten klistrer seg sammen og utnytter frityrgryteplassen bedre. \ud83d\udc69\u200d\ud83c\udf73A perfekt oppgradering for raskere m\u00e5ltider, bedre resultater og mer fleksibilitet i matlagingen.\" \/>\n<meta property=\"og:url\" content=\"https:\/\/mekulo.com\/no\/produkt\/stativ-til-frityrgryte\/\" \/>\n<meta property=\"og:site_name\" content=\"Mekulo NO\" \/>\n<meta property=\"og:image\" content=\"https:\/\/mekulo.com\/no\/wp-content\/uploads\/sites\/10\/2026\/02\/cich5qp-1.jpg\" \/>\n\t<meta property=\"og:image:width\" content=\"1441\" \/>\n\t<meta property=\"og:image:height\" content=\"1496\" \/>\n\t<meta property=\"og:image:type\" content=\"image\/jpeg\" \/>\n<meta name=\"twitter:card\" content=\"summary_large_image\" \/>\n<meta name=\"twitter:label1\" content=\"Ansl. lesetid\" \/>\n\t<meta name=\"twitter:data1\" content=\"2 minutter\" \/>\n<script type=\"application\/ld+json\" class=\"yoast-schema-graph\">{\"@context\":\"https:\/\/schema.org\",\"@graph\":[{\"@type\":\"WebPage\",\"@id\":\"https:\/\/mekulo.com\/no\/produkt\/stativ-til-frityrgryte\/\",\"url\":\"https:\/\/mekulo.com\/no\/produkt\/stativ-til-frityrgryte\/\",\"name\":\"Stativ til frityrgryte - Mekulo NO\",\"isPartOf\":{\"@id\":\"https:\/\/mekulo.com\/no\/#website\"},\"primaryImageOfPage\":{\"@id\":\"https:\/\/mekulo.com\/no\/produkt\/stativ-til-frityrgryte\/#primaryimage\"},\"image\":{\"@id\":\"https:\/\/mekulo.com\/no\/produkt\/stativ-til-frityrgryte\/#primaryimage\"},\"thumbnailUrl\":\"https:\/\/mekulo.com\/no\/wp-content\/uploads\/sites\/10\/2026\/02\/cich5qp-1.jpg\",\"datePublished\":\"2026-02-03T12:57:55+00:00\",\"breadcrumb\":{\"@id\":\"https:\/\/mekulo.com\/no\/produkt\/stativ-til-frityrgryte\/#breadcrumb\"},\"inLanguage\":\"nb-NO\",\"potentialAction\":[{\"@type\":\"ReadAction\",\"target\":[\"https:\/\/mekulo.com\/no\/produkt\/stativ-til-frityrgryte\/\"]}]},{\"@type\":\"ImageObject\",\"inLanguage\":\"nb-NO\",\"@id\":\"https:\/\/mekulo.com\/no\/produkt\/stativ-til-frityrgryte\/#primaryimage\",\"url\":\"https:\/\/mekulo.com\/no\/wp-content\/uploads\/sites\/10\/2026\/02\/cich5qp-1.jpg\",\"contentUrl\":\"https:\/\/mekulo.com\/no\/wp-content\/uploads\/sites\/10\/2026\/02\/cich5qp-1.jpg\",\"width\":1441,\"height\":1496},{\"@type\":\"BreadcrumbList\",\"@id\":\"https:\/\/mekulo.com\/no\/produkt\/stativ-til-frityrgryte\/#breadcrumb\",\"itemListElement\":[{\"@type\":\"ListItem\",\"position\":1,\"name\":\"Home\",\"item\":\"https:\/\/mekulo.com\/no\/\"},{\"@type\":\"ListItem\",\"position\":2,\"name\":\"Butikk\",\"item\":\"https:\/\/mekulo.com\/no\/butikk\/\"},{\"@type\":\"ListItem\",\"position\":3,\"name\":\"Stativ til frityrgryte\"}]},{\"@type\":\"WebSite\",\"@id\":\"https:\/\/mekulo.com\/no\/#website\",\"url\":\"https:\/\/mekulo.com\/no\/\",\"name\":\"Mekulo NO\",\"description\":\"\",\"publisher\":{\"@id\":\"https:\/\/mekulo.com\/no\/#organization\"},\"potentialAction\":[{\"@type\":\"SearchAction\",\"target\":{\"@type\":\"EntryPoint\",\"urlTemplate\":\"https:\/\/mekulo.com\/no\/?s={search_term_string}\"},\"query-input\":{\"@type\":\"PropertyValueSpecification\",\"valueRequired\":true,\"valueName\":\"search_term_string\"}}],\"inLanguage\":\"nb-NO\"},{\"@type\":\"Organization\",\"@id\":\"https:\/\/mekulo.com\/no\/#organization\",\"name\":\"Mekulo\",\"url\":\"https:\/\/mekulo.com\/no\/\",\"logo\":{\"@type\":\"ImageObject\",\"inLanguage\":\"nb-NO\",\"@id\":\"https:\/\/mekulo.com\/no\/#\/schema\/logo\/image\/\",\"url\":\"https:\/\/mekulo.com\/no\/wp-content\/uploads\/sites\/10\/2025\/12\/favicon_mekulo.png\",\"contentUrl\":\"https:\/\/mekulo.com\/no\/wp-content\/uploads\/sites\/10\/2025\/12\/favicon_mekulo.png\",\"width\":50,\"height\":50,\"caption\":\"Mekulo\"},\"image\":{\"@id\":\"https:\/\/mekulo.com\/no\/#\/schema\/logo\/image\/\"}}]}<\/script>\n<!-- \/ Yoast SEO plugin. -->","yoast_head_json":{"title":"Stativ til frityrgryte - Mekulo NO","robots":{"index":"index","follow":"follow","max-snippet":"max-snippet:-1","max-image-preview":"max-image-preview:large","max-video-preview":"max-video-preview:-1"},"canonical":"https:\/\/mekulo.com\/no\/produkt\/stativ-til-frityrgryte\/","og_locale":"nb_NO","og_type":"article","og_title":"Stativ til frityrgryte - Mekulo NO","og_description":"\ud83d\udd25Dette frityrgrytestativet legger til tre stabelbare lag i frityrgryten din, slik at varm luft sirkulerer jevnt rundt maten. \ud83e\udd69Det hjelper deg med \u00e5 tilberede mer p\u00e5 en gang uten at maten klistrer seg sammen og utnytter frityrgryteplassen bedre. \ud83d\udc69\u200d\ud83c\udf73A perfekt oppgradering for raskere m\u00e5ltider, bedre resultater og mer fleksibilitet i matlagingen.","og_url":"https:\/\/mekulo.com\/no\/produkt\/stativ-til-frityrgryte\/","og_site_name":"Mekulo NO","og_image":[{"width":1441,"height":1496,"url":"https:\/\/mekulo.com\/no\/wp-content\/uploads\/sites\/10\/2026\/02\/cich5qp-1.jpg","type":"image\/jpeg"}],"twitter_card":"summary_large_image","twitter_misc":{"Ansl. lesetid":"2 minutter"},"schema":{"@context":"https:\/\/schema.org","@graph":[{"@type":"WebPage","@id":"https:\/\/mekulo.com\/no\/produkt\/stativ-til-frityrgryte\/","url":"https:\/\/mekulo.com\/no\/produkt\/stativ-til-frityrgryte\/","name":"Stativ til frityrgryte - Mekulo NO","isPartOf":{"@id":"https:\/\/mekulo.com\/no\/#website"},"primaryImageOfPage":{"@id":"https:\/\/mekulo.com\/no\/produkt\/stativ-til-frityrgryte\/#primaryimage"},"image":{"@id":"https:\/\/mekulo.com\/no\/produkt\/stativ-til-frityrgryte\/#primaryimage"},"thumbnailUrl":"https:\/\/mekulo.com\/no\/wp-content\/uploads\/sites\/10\/2026\/02\/cich5qp-1.jpg","datePublished":"2026-02-03T12:57:55+00:00","breadcrumb":{"@id":"https:\/\/mekulo.com\/no\/produkt\/stativ-til-frityrgryte\/#breadcrumb"},"inLanguage":"nb-NO","potentialAction":[{"@type":"ReadAction","target":["https:\/\/mekulo.com\/no\/produkt\/stativ-til-frityrgryte\/"]}]},{"@type":"ImageObject","inLanguage":"nb-NO","@id":"https:\/\/mekulo.com\/no\/produkt\/stativ-til-frityrgryte\/#primaryimage","url":"https:\/\/mekulo.com\/no\/wp-content\/uploads\/sites\/10\/2026\/02\/cich5qp-1.jpg","contentUrl":"https:\/\/mekulo.com\/no\/wp-content\/uploads\/sites\/10\/2026\/02\/cich5qp-1.jpg","width":1441,"height":1496},{"@type":"BreadcrumbList","@id":"https:\/\/mekulo.com\/no\/produkt\/stativ-til-frityrgryte\/#breadcrumb","itemListElement":[{"@type":"ListItem","position":1,"name":"Home","item":"https:\/\/mekulo.com\/no\/"},{"@type":"ListItem","position":2,"name":"Butikk","item":"https:\/\/mekulo.com\/no\/butikk\/"},{"@type":"ListItem","position":3,"name":"Stativ til frityrgryte"}]},{"@type":"WebSite","@id":"https:\/\/mekulo.com\/no\/#website","url":"https:\/\/mekulo.com\/no\/","name":"Mekulo NO","description":"","publisher":{"@id":"https:\/\/mekulo.com\/no\/#organization"},"potentialAction":[{"@type":"SearchAction","target":{"@type":"EntryPoint","urlTemplate":"https:\/\/mekulo.com\/no\/?s={search_term_string}"},"query-input":{"@type":"PropertyValueSpecification","valueRequired":true,"valueName":"search_term_string"}}],"inLanguage":"nb-NO"},{"@type":"Organization","@id":"https:\/\/mekulo.com\/no\/#organization","name":"Mekulo","url":"https:\/\/mekulo.com\/no\/","logo":{"@type":"ImageObject","inLanguage":"nb-NO","@id":"https:\/\/mekulo.com\/no\/#\/schema\/logo\/image\/","url":"https:\/\/mekulo.com\/no\/wp-content\/uploads\/sites\/10\/2025\/12\/favicon_mekulo.png","contentUrl":"https:\/\/mekulo.com\/no\/wp-content\/uploads\/sites\/10\/2025\/12\/favicon_mekulo.png","width":50,"height":50,"caption":"Mekulo"},"image":{"@id":"https:\/\/mekulo.com\/no\/#\/schema\/logo\/image\/"}}]}},"_links":{"self":[{"href":"https:\/\/mekulo.com\/no\/wp-json\/wp\/v2\/product\/20916","targetHints":{"allow":["GET"]}}],"collection":[{"href":"https:\/\/mekulo.com\/no\/wp-json\/wp\/v2\/product"}],"about":[{"href":"https:\/\/mekulo.com\/no\/wp-json\/wp\/v2\/types\/product"}],"replies":[{"embeddable":true,"href":"https:\/\/mekulo.com\/no\/wp-json\/wp\/v2\/comments?post=20916"}],"wp:featuredmedia":[{"embeddable":true,"href":"https:\/\/mekulo.com\/no\/wp-json\/wp\/v2\/media\/20912"}],"wp:attachment":[{"href":"https:\/\/mekulo.com\/no\/wp-json\/wp\/v2\/media?parent=20916"}],"wp:term":[{"taxonomy":"product_brand","embeddable":true,"href":"https:\/\/mekulo.com\/no\/wp-json\/wp\/v2\/product_brand?post=20916"},{"taxonomy":"product_cat","embeddable":true,"href":"https:\/\/mekulo.com\/no\/wp-json\/wp\/v2\/product_cat?post=20916"},{"taxonomy":"product_tag","embeddable":true,"href":"https:\/\/mekulo.com\/no\/wp-json\/wp\/v2\/product_tag?post=20916"}],"curies":[{"name":"wp","href":"https:\/\/api.w.org\/{rel}","templated":true}]}}