{"id":20900,"date":"2026-02-03T14:56:40","date_gmt":"2026-02-03T12:56:40","guid":{"rendered":"https:\/\/mekulo.com\/no\/produkt\/uttrekkbart-dobbelt-hundeband-med-led-lys\/"},"modified":"2026-02-10T11:05:28","modified_gmt":"2026-02-10T09:05:28","slug":"uttrekkbart-dobbelt-hundeband-med-led-lys","status":"publish","type":"product","link":"https:\/\/mekulo.com\/no\/produkt\/uttrekkbart-dobbelt-hundeband-med-led-lys\/","title":{"rendered":"Uttrekkbart dobbelt hundeb\u00e5nd med LED-lys"},"content":{"rendered":"<p style=\"text-align: center\" data-start=\"0\" data-end=\"68\"><strong data-start=\"0\" data-end=\"68\">G\u00e5 tur med to hunder trygt og komfortabelt med ett b\u00e5nd som ikke floker seg. \ud83d\udc15\u200d\ud83e\uddba<\/strong><\/p>\n<p data-start=\"0\" data-end=\"68\"><img decoding=\"async\" class=\"size-full wp-image-22678 aligncenter\" src=\"https:\/\/mekulo.com\/template\/wp-content\/uploads\/sites\/6\/2026\/01\/5f96ccbea0352ca7e40126be24cefcc310b85c2f.avif\" alt=\"\" \/><\/p>\n<h2 style=\"text-align: center\" data-start=\"365\" data-end=\"382\"><strong>Main Fordeler \ud83d\udc36<\/strong><\/h2>\n<p data-start=\"385\" data-end=\"450\">\ud83d\udd04 360\u00b0 antifangle-design &#8211; jevn rotasjon forhindrer knuter.<\/p>\n<p data-start=\"453\" data-end=\"517\">\ud83d\udc15\ud83d\udc15 To uttrekkbare b\u00e5nd &#8211; 3 m forlengelse for hver hund.<\/p>\n<p data-start=\"520\" data-end=\"574\">\ud83d\udd26 Innebygd LED-lys &#8211; tryggere turer i svakt lys.<\/p>\n<p data-start=\"577\" data-end=\"633\">\ud83d\uded1 \u00d8yeblikkelig l\u00e5sesystem &#8211; rask bremsing ved behov.<\/p>\n<p data-start=\"636\" data-end=\"696\">\ud83d\udcaa Sterk og slitesterk &#8211; forsterkede deler i nylon og legering.<\/p>\n<p data-start=\"699\" data-end=\"755\">\u270b Komfortabelt h\u00e5ndtak &#8211; sklisikkert og sk\u00e5nsomt for hendene.<\/p>\n<p data-start=\"699\" data-end=\"755\"><img fetchpriority=\"high\" decoding=\"async\" class=\"size-full wp-image-22679 aligncenter\" src=\"https:\/\/mekulo.com\/template\/wp-content\/uploads\/sites\/6\/2026\/01\/S7a863709d38d47d7bde9f254ddfc93647.webp\" alt=\"\" width=\"970\" height=\"600\" \/><\/p>\n<h2 style=\"text-align: center\" data-start=\"757\" data-end=\"771\"><strong>Hvordan Bruke \ud83d\udccc<\/strong><\/h2>\n<ol data-start=\"772\" data-end=\"1043\">\n<li data-start=\"772\" data-end=\"829\">\n<p data-start=\"775\" data-end=\"829\">Fest hver klips til hundens halsb\u00e5nd eller sele.<\/p>\n<\/li>\n<li data-start=\"830\" data-end=\"874\">\n<p data-start=\"833\" data-end=\"874\">Juster lengden p\u00e5 hvert b\u00e5nd uavhengig av hverandre.<\/p>\n<\/li>\n<li data-start=\"875\" data-end=\"930\">\n<p data-start=\"878\" data-end=\"930\">Bruk bremseknappen til \u00e5 l\u00e5se eller l\u00f8sne etter behov.<\/p>\n<\/li>\n<li data-start=\"931\" data-end=\"991\">\n<p data-start=\"934\" data-end=\"991\">Sl\u00e5 p\u00e5 LED-lyset for turer om natten eller tidlig om morgenen.<\/p>\n<\/li>\n<li data-start=\"992\" data-end=\"1043\">\n<p data-start=\"995\" data-end=\"1043\">Gled deg over en jevn, flokfri tur med begge hundene.<\/p>\n<\/li>\n<\/ol>\n<h2 style=\"text-align: center\" data-start=\"1045\" data-end=\"1064\"><strong>Produkt Detaljer \ud83d\udccf<\/strong><\/h2>\n<ul data-start=\"1065\" data-end=\"1307\">\n<li data-start=\"1065\" data-end=\"1103\">\n<p data-start=\"1067\" data-end=\"1103\">B\u00e5ndlengde: 3 m x 2<\/p>\n<\/li>\n<li data-start=\"1104\" data-end=\"1141\">\n<p data-start=\"1106\" data-end=\"1141\">Rotasjon: 360\u00b0 dobbelt svingbart system<\/p>\n<\/li>\n<li data-start=\"1142\" data-end=\"1200\">\n<p data-start=\"1144\" data-end=\"1200\">Materiale: Forsterket nylon + korrosjonsbestandig legering<\/p>\n<\/li>\n<li data-start=\"1201\" data-end=\"1237\">\n<p data-start=\"1203\" data-end=\"1237\">H\u00e5ndtak: Ergonomisk, sklisikkert grep<\/p>\n<\/li>\n<li data-start=\"1238\" data-end=\"1276\">\n<p data-start=\"1240\" data-end=\"1276\">LED-moduser: Steady \/ Flash \/ Strobe<\/p>\n<\/li>\n<li data-start=\"1277\" data-end=\"1307\">\n<p data-start=\"1279\" data-end=\"1307\">Lastkapasitet: Opptil 25 kg<\/p>\n<\/li>\n<\/ul>\n<h2 style=\"text-align: center\" data-start=\"1309\" data-end=\"1329\"><strong>Pakken Inkluderer \ud83d\udce6<\/strong><\/h2>\n<ul data-start=\"1330\" data-end=\"1377\" data-is-last-node=\"\" data-is-only-node=\"\">\n<li data-start=\"1330\" data-end=\"1377\" data-is-last-node=\"\">\n<p data-start=\"1332\" data-end=\"1377\" data-is-last-node=\"\">1x uttrekkbart dobbelt hundeb\u00e5nd med LED-lys.<\/p>\n<\/li>\n<\/ul>\n","protected":false},"excerpt":{"rendered":"<p>\ud83d\udc15Med dette uttrekkbare dobbeltb\u00e5ndet med LED-lys kan du kontrollere to hunder samtidig uten knuter eller stress.<br \/>\n\ud83d\udd26Hvert b\u00e5nd strekker seg uavhengig av hverandre, mens det innebygde LED-lyset holder deg synlig under nattlige turer.<br \/>\n\ud83d\udeb6Perfekt for daglige turer, som gir begge hundene frihet samtidig som du har full kontroll.<\/p>\n","protected":false},"featured_media":20896,"comment_status":"open","ping_status":"closed","template":"","meta":{"site-sidebar-layout":"default","site-content-layout":"","ast-site-content-layout":"default","site-content-style":"default","site-sidebar-style":"default","ast-global-header-display":"","ast-banner-title-visibility":"","ast-main-header-display":"","ast-hfb-above-header-display":"","ast-hfb-below-header-display":"","ast-hfb-mobile-header-display":"","site-post-title":"","ast-breadcrumbs-content":"","ast-featured-img":"","footer-sml-layout":"","ast-disable-related-posts":"","theme-transparent-header-meta":"default","adv-header-id-meta":"","stick-header-meta":"","header-above-stick-meta":"","header-main-stick-meta":"","header-below-stick-meta":"","astra-migrate-meta-layouts":"set","ast-page-background-enabled":"default","ast-page-background-meta":{"desktop":{"background-color":"var(--ast-global-color-5)","background-image":"","background-repeat":"repeat","background-position":"center center","background-size":"auto","background-attachment":"scroll","background-type":"","background-media":"","overlay-type":"","overlay-color":"","overlay-opacity":"","overlay-gradient":""},"tablet":{"background-color":"","background-image":"","background-repeat":"repeat","background-position":"center center","background-size":"auto","background-attachment":"scroll","background-type":"","background-media":"","overlay-type":"","overlay-color":"","overlay-opacity":"","overlay-gradient":""},"mobile":{"background-color":"","background-image":"","background-repeat":"repeat","background-position":"center center","background-size":"auto","background-attachment":"scroll","background-type":"","background-media":"","overlay-type":"","overlay-color":"","overlay-opacity":"","overlay-gradient":""}},"ast-content-background-meta":{"desktop":{"background-color":"var(--ast-global-color-4)","background-image":"","background-repeat":"repeat","background-position":"center center","background-size":"auto","background-attachment":"scroll","background-type":"","background-media":"","overlay-type":"","overlay-color":"","overlay-opacity":"","overlay-gradient":""},"tablet":{"background-color":"var(--ast-global-color-4)","background-image":"","background-repeat":"repeat","background-position":"center center","background-size":"auto","background-attachment":"scroll","background-type":"","background-media":"","overlay-type":"","overlay-color":"","overlay-opacity":"","overlay-gradient":""},"mobile":{"background-color":"var(--ast-global-color-4)","background-image":"","background-repeat":"repeat","background-position":"center center","background-size":"auto","background-attachment":"scroll","background-type":"","background-media":"","overlay-type":"","overlay-color":"","overlay-opacity":"","overlay-gradient":""}}},"product_brand":[],"product_cat":[169],"product_tag":[],"class_list":{"0":"post-20900","1":"product","2":"type-product","3":"status-publish","4":"has-post-thumbnail","6":"product_cat-kjaeledyrprodukter","7":"pa_52546_ztsu26fn-bla","8":"pa_52546_ztsu26fn-rod","9":"pa_52546_ztsu26fn-svart","10":"desktop-align-left","11":"tablet-align-left","12":"mobile-align-left","14":"first","15":"instock","16":"shipping-taxable","17":"purchasable","18":"product-type-variable"},"yoast_head":"<!-- This site is optimized with the Yoast SEO plugin v27.4 - https:\/\/yoast.com\/product\/yoast-seo-wordpress\/ -->\n<title>Uttrekkbart dobbelt hundeb\u00e5nd med LED-lys - Mekulo NO<\/title>\n<meta name=\"robots\" content=\"index, follow, max-snippet:-1, max-image-preview:large, max-video-preview:-1\" \/>\n<link rel=\"canonical\" href=\"https:\/\/mekulo.com\/no\/produkt\/uttrekkbart-dobbelt-hundeband-med-led-lys\/\" \/>\n<meta property=\"og:locale\" content=\"nb_NO\" \/>\n<meta property=\"og:type\" content=\"article\" \/>\n<meta property=\"og:title\" content=\"Uttrekkbart dobbelt hundeb\u00e5nd med LED-lys - Mekulo NO\" \/>\n<meta property=\"og:description\" content=\"\ud83d\udc15Med dette uttrekkbare dobbeltb\u00e5ndet med LED-lys kan du kontrollere to hunder samtidig uten knuter eller stress. \ud83d\udd26Hvert b\u00e5nd strekker seg uavhengig av hverandre, mens det innebygde LED-lyset holder deg synlig under nattlige turer. \ud83d\udeb6Perfekt for daglige turer, som gir begge hundene frihet samtidig som du har full kontroll.\" \/>\n<meta property=\"og:url\" content=\"https:\/\/mekulo.com\/no\/produkt\/uttrekkbart-dobbelt-hundeband-med-led-lys\/\" \/>\n<meta property=\"og:site_name\" content=\"Mekulo NO\" \/>\n<meta property=\"article:modified_time\" content=\"2026-02-10T09:05:28+00:00\" \/>\n<meta property=\"og:image\" content=\"https:\/\/mekulo.com\/no\/wp-content\/uploads\/sites\/10\/2026\/02\/093iqjk-1.jpg\" \/>\n\t<meta property=\"og:image:width\" content=\"1080\" \/>\n\t<meta property=\"og:image:height\" content=\"1080\" \/>\n\t<meta property=\"og:image:type\" content=\"image\/jpeg\" \/>\n<meta name=\"twitter:card\" content=\"summary_large_image\" \/>\n<meta name=\"twitter:label1\" content=\"Ansl. lesetid\" \/>\n\t<meta name=\"twitter:data1\" content=\"2 minutter\" \/>\n<script type=\"application\/ld+json\" class=\"yoast-schema-graph\">{\"@context\":\"https:\\\/\\\/schema.org\",\"@graph\":[{\"@type\":\"WebPage\",\"@id\":\"https:\\\/\\\/mekulo.com\\\/no\\\/produkt\\\/uttrekkbart-dobbelt-hundeband-med-led-lys\\\/\",\"url\":\"https:\\\/\\\/mekulo.com\\\/no\\\/produkt\\\/uttrekkbart-dobbelt-hundeband-med-led-lys\\\/\",\"name\":\"Uttrekkbart dobbelt hundeb\u00e5nd med LED-lys - Mekulo NO\",\"isPartOf\":{\"@id\":\"https:\\\/\\\/mekulo.com\\\/no\\\/#website\"},\"primaryImageOfPage\":{\"@id\":\"https:\\\/\\\/mekulo.com\\\/no\\\/produkt\\\/uttrekkbart-dobbelt-hundeband-med-led-lys\\\/#primaryimage\"},\"image\":{\"@id\":\"https:\\\/\\\/mekulo.com\\\/no\\\/produkt\\\/uttrekkbart-dobbelt-hundeband-med-led-lys\\\/#primaryimage\"},\"thumbnailUrl\":\"https:\\\/\\\/mekulo.com\\\/no\\\/wp-content\\\/uploads\\\/sites\\\/10\\\/2026\\\/02\\\/093iqjk-1.jpg\",\"datePublished\":\"2026-02-03T12:56:40+00:00\",\"dateModified\":\"2026-02-10T09:05:28+00:00\",\"breadcrumb\":{\"@id\":\"https:\\\/\\\/mekulo.com\\\/no\\\/produkt\\\/uttrekkbart-dobbelt-hundeband-med-led-lys\\\/#breadcrumb\"},\"inLanguage\":\"nb-NO\",\"potentialAction\":[{\"@type\":\"ReadAction\",\"target\":[\"https:\\\/\\\/mekulo.com\\\/no\\\/produkt\\\/uttrekkbart-dobbelt-hundeband-med-led-lys\\\/\"]}]},{\"@type\":\"ImageObject\",\"inLanguage\":\"nb-NO\",\"@id\":\"https:\\\/\\\/mekulo.com\\\/no\\\/produkt\\\/uttrekkbart-dobbelt-hundeband-med-led-lys\\\/#primaryimage\",\"url\":\"https:\\\/\\\/mekulo.com\\\/no\\\/wp-content\\\/uploads\\\/sites\\\/10\\\/2026\\\/02\\\/093iqjk-1.jpg\",\"contentUrl\":\"https:\\\/\\\/mekulo.com\\\/no\\\/wp-content\\\/uploads\\\/sites\\\/10\\\/2026\\\/02\\\/093iqjk-1.jpg\",\"width\":1080,\"height\":1080},{\"@type\":\"BreadcrumbList\",\"@id\":\"https:\\\/\\\/mekulo.com\\\/no\\\/produkt\\\/uttrekkbart-dobbelt-hundeband-med-led-lys\\\/#breadcrumb\",\"itemListElement\":[{\"@type\":\"ListItem\",\"position\":1,\"name\":\"Home\",\"item\":\"https:\\\/\\\/mekulo.com\\\/no\\\/\"},{\"@type\":\"ListItem\",\"position\":2,\"name\":\"Butikk\",\"item\":\"https:\\\/\\\/mekulo.com\\\/no\\\/butikk\\\/\"},{\"@type\":\"ListItem\",\"position\":3,\"name\":\"Uttrekkbart dobbelt hundeb\u00e5nd med LED-lys\"}]},{\"@type\":\"WebSite\",\"@id\":\"https:\\\/\\\/mekulo.com\\\/no\\\/#website\",\"url\":\"https:\\\/\\\/mekulo.com\\\/no\\\/\",\"name\":\"Mekulo NO\",\"description\":\"\",\"publisher\":{\"@id\":\"https:\\\/\\\/mekulo.com\\\/no\\\/#organization\"},\"potentialAction\":[{\"@type\":\"SearchAction\",\"target\":{\"@type\":\"EntryPoint\",\"urlTemplate\":\"https:\\\/\\\/mekulo.com\\\/no\\\/?s={search_term_string}\"},\"query-input\":{\"@type\":\"PropertyValueSpecification\",\"valueRequired\":true,\"valueName\":\"search_term_string\"}}],\"inLanguage\":\"nb-NO\"},{\"@type\":\"Organization\",\"@id\":\"https:\\\/\\\/mekulo.com\\\/no\\\/#organization\",\"name\":\"Mekulo\",\"url\":\"https:\\\/\\\/mekulo.com\\\/no\\\/\",\"logo\":{\"@type\":\"ImageObject\",\"inLanguage\":\"nb-NO\",\"@id\":\"https:\\\/\\\/mekulo.com\\\/no\\\/#\\\/schema\\\/logo\\\/image\\\/\",\"url\":\"https:\\\/\\\/mekulo.com\\\/no\\\/wp-content\\\/uploads\\\/sites\\\/10\\\/2025\\\/12\\\/favicon_mekulo.png\",\"contentUrl\":\"https:\\\/\\\/mekulo.com\\\/no\\\/wp-content\\\/uploads\\\/sites\\\/10\\\/2025\\\/12\\\/favicon_mekulo.png\",\"width\":50,\"height\":50,\"caption\":\"Mekulo\"},\"image\":{\"@id\":\"https:\\\/\\\/mekulo.com\\\/no\\\/#\\\/schema\\\/logo\\\/image\\\/\"}}]}<\/script>\n<!-- \/ Yoast SEO plugin. -->","yoast_head_json":{"title":"Uttrekkbart dobbelt hundeb\u00e5nd med LED-lys - Mekulo NO","robots":{"index":"index","follow":"follow","max-snippet":"max-snippet:-1","max-image-preview":"max-image-preview:large","max-video-preview":"max-video-preview:-1"},"canonical":"https:\/\/mekulo.com\/no\/produkt\/uttrekkbart-dobbelt-hundeband-med-led-lys\/","og_locale":"nb_NO","og_type":"article","og_title":"Uttrekkbart dobbelt hundeb\u00e5nd med LED-lys - Mekulo NO","og_description":"\ud83d\udc15Med dette uttrekkbare dobbeltb\u00e5ndet med LED-lys kan du kontrollere to hunder samtidig uten knuter eller stress. \ud83d\udd26Hvert b\u00e5nd strekker seg uavhengig av hverandre, mens det innebygde LED-lyset holder deg synlig under nattlige turer. \ud83d\udeb6Perfekt for daglige turer, som gir begge hundene frihet samtidig som du har full kontroll.","og_url":"https:\/\/mekulo.com\/no\/produkt\/uttrekkbart-dobbelt-hundeband-med-led-lys\/","og_site_name":"Mekulo NO","article_modified_time":"2026-02-10T09:05:28+00:00","og_image":[{"width":1080,"height":1080,"url":"https:\/\/mekulo.com\/no\/wp-content\/uploads\/sites\/10\/2026\/02\/093iqjk-1.jpg","type":"image\/jpeg"}],"twitter_card":"summary_large_image","twitter_misc":{"Ansl. lesetid":"2 minutter"},"schema":{"@context":"https:\/\/schema.org","@graph":[{"@type":"WebPage","@id":"https:\/\/mekulo.com\/no\/produkt\/uttrekkbart-dobbelt-hundeband-med-led-lys\/","url":"https:\/\/mekulo.com\/no\/produkt\/uttrekkbart-dobbelt-hundeband-med-led-lys\/","name":"Uttrekkbart dobbelt hundeb\u00e5nd med LED-lys - Mekulo NO","isPartOf":{"@id":"https:\/\/mekulo.com\/no\/#website"},"primaryImageOfPage":{"@id":"https:\/\/mekulo.com\/no\/produkt\/uttrekkbart-dobbelt-hundeband-med-led-lys\/#primaryimage"},"image":{"@id":"https:\/\/mekulo.com\/no\/produkt\/uttrekkbart-dobbelt-hundeband-med-led-lys\/#primaryimage"},"thumbnailUrl":"https:\/\/mekulo.com\/no\/wp-content\/uploads\/sites\/10\/2026\/02\/093iqjk-1.jpg","datePublished":"2026-02-03T12:56:40+00:00","dateModified":"2026-02-10T09:05:28+00:00","breadcrumb":{"@id":"https:\/\/mekulo.com\/no\/produkt\/uttrekkbart-dobbelt-hundeband-med-led-lys\/#breadcrumb"},"inLanguage":"nb-NO","potentialAction":[{"@type":"ReadAction","target":["https:\/\/mekulo.com\/no\/produkt\/uttrekkbart-dobbelt-hundeband-med-led-lys\/"]}]},{"@type":"ImageObject","inLanguage":"nb-NO","@id":"https:\/\/mekulo.com\/no\/produkt\/uttrekkbart-dobbelt-hundeband-med-led-lys\/#primaryimage","url":"https:\/\/mekulo.com\/no\/wp-content\/uploads\/sites\/10\/2026\/02\/093iqjk-1.jpg","contentUrl":"https:\/\/mekulo.com\/no\/wp-content\/uploads\/sites\/10\/2026\/02\/093iqjk-1.jpg","width":1080,"height":1080},{"@type":"BreadcrumbList","@id":"https:\/\/mekulo.com\/no\/produkt\/uttrekkbart-dobbelt-hundeband-med-led-lys\/#breadcrumb","itemListElement":[{"@type":"ListItem","position":1,"name":"Home","item":"https:\/\/mekulo.com\/no\/"},{"@type":"ListItem","position":2,"name":"Butikk","item":"https:\/\/mekulo.com\/no\/butikk\/"},{"@type":"ListItem","position":3,"name":"Uttrekkbart dobbelt hundeb\u00e5nd med LED-lys"}]},{"@type":"WebSite","@id":"https:\/\/mekulo.com\/no\/#website","url":"https:\/\/mekulo.com\/no\/","name":"Mekulo NO","description":"","publisher":{"@id":"https:\/\/mekulo.com\/no\/#organization"},"potentialAction":[{"@type":"SearchAction","target":{"@type":"EntryPoint","urlTemplate":"https:\/\/mekulo.com\/no\/?s={search_term_string}"},"query-input":{"@type":"PropertyValueSpecification","valueRequired":true,"valueName":"search_term_string"}}],"inLanguage":"nb-NO"},{"@type":"Organization","@id":"https:\/\/mekulo.com\/no\/#organization","name":"Mekulo","url":"https:\/\/mekulo.com\/no\/","logo":{"@type":"ImageObject","inLanguage":"nb-NO","@id":"https:\/\/mekulo.com\/no\/#\/schema\/logo\/image\/","url":"https:\/\/mekulo.com\/no\/wp-content\/uploads\/sites\/10\/2025\/12\/favicon_mekulo.png","contentUrl":"https:\/\/mekulo.com\/no\/wp-content\/uploads\/sites\/10\/2025\/12\/favicon_mekulo.png","width":50,"height":50,"caption":"Mekulo"},"image":{"@id":"https:\/\/mekulo.com\/no\/#\/schema\/logo\/image\/"}}]}},"_links":{"self":[{"href":"https:\/\/mekulo.com\/no\/wp-json\/wp\/v2\/product\/20900","targetHints":{"allow":["GET"]}}],"collection":[{"href":"https:\/\/mekulo.com\/no\/wp-json\/wp\/v2\/product"}],"about":[{"href":"https:\/\/mekulo.com\/no\/wp-json\/wp\/v2\/types\/product"}],"replies":[{"embeddable":true,"href":"https:\/\/mekulo.com\/no\/wp-json\/wp\/v2\/comments?post=20900"}],"wp:featuredmedia":[{"embeddable":true,"href":"https:\/\/mekulo.com\/no\/wp-json\/wp\/v2\/media\/20896"}],"wp:attachment":[{"href":"https:\/\/mekulo.com\/no\/wp-json\/wp\/v2\/media?parent=20900"}],"wp:term":[{"taxonomy":"product_brand","embeddable":true,"href":"https:\/\/mekulo.com\/no\/wp-json\/wp\/v2\/product_brand?post=20900"},{"taxonomy":"product_cat","embeddable":true,"href":"https:\/\/mekulo.com\/no\/wp-json\/wp\/v2\/product_cat?post=20900"},{"taxonomy":"product_tag","embeddable":true,"href":"https:\/\/mekulo.com\/no\/wp-json\/wp\/v2\/product_tag?post=20900"}],"curies":[{"name":"wp","href":"https:\/\/api.w.org\/{rel}","templated":true}]}}