{"id":20862,"date":"2026-02-02T11:19:39","date_gmt":"2026-02-02T09:19:39","guid":{"rendered":"https:\/\/mekulo.com\/no\/produkt\/diy-sysett-for-goyal-sying-for-barn\/"},"modified":"2026-02-10T11:05:01","modified_gmt":"2026-02-10T09:05:01","slug":"diy-sysett-for-goyal-sying-for-barn","status":"publish","type":"product","link":"https:\/\/mekulo.com\/no\/produkt\/diy-sysett-for-goyal-sying-for-barn\/","title":{"rendered":"DIY-sysett for g\u00f8yal sying for barn"},"content":{"rendered":"<p style=\"text-align: center\" data-start=\"0\" data-end=\"86\"><strong data-start=\"0\" data-end=\"84\">En morsom og enkel m\u00e5te for barn \u00e5 l\u00e6re \u00e5 sy og lage s\u00f8te, h\u00e5ndlagde ting. \ud83e\uddf5<\/strong><\/p>\n<p data-start=\"88\" data-end=\"338\"><img decoding=\"async\" class=\"size-full wp-image-41355 aligncenter\" src=\"https:\/\/keluvo.com\/template\/wp-content\/uploads\/sites\/5\/2025\/11\/10223-ezgif.com-video-to-webp-converter-4.webp\" alt=\"\" \/><\/p>\n<h2 style=\"text-align: center\" data-start=\"345\" data-end=\"367\"><strong>Hovedfordeler<\/strong><\/h2>\n<p data-start=\"370\" data-end=\"447\">\ud83c\udfa8 \u00d8ker kreativiteten &#8211; Oppmuntrer fantasien gjennom praktisk h\u00e5ndarbeid.<\/p>\n<p data-start=\"450\" data-end=\"536\">\u270b Forbedrer finmotorikken &#8211; Bidrar til \u00e5 utvikle h\u00e5nd-\u00f8ye-koordinasjon og presisjon.<\/p>\n<p data-start=\"539\" data-end=\"615\">\ud83d\udc3b S\u00f8te design &#8211; Leveres med s\u00f8te dyrem\u00f8nstre som barn elsker \u00e5 sy.<\/p>\n<p data-start=\"618\" data-end=\"686\">\ud83c\udf08 Fargerike tr\u00e5der &#8211; Tilf\u00f8rer moro og lysstyrke til hvert prosjekt.<\/p>\n<p data-start=\"689\" data-end=\"785\">\ud83d\udcd8 Nybegynnervennlig &#8211; Enkle trinn som gj\u00f8r det enkelt og morsomt \u00e5 sy for sm\u00e5 elever.<\/p>\n<p data-start=\"689\" data-end=\"785\"><img decoding=\"async\" class=\"size-full wp-image-41356 aligncenter\" src=\"https:\/\/keluvo.com\/template\/wp-content\/uploads\/sites\/5\/2025\/11\/d46d2f0b-6420-4f13-88d4-3f0c91de7175.gif\" alt=\"\" \/><\/p>\n<h2 style=\"text-align: center\" data-start=\"792\" data-end=\"811\"><strong>Slik Bruker Du Det<\/strong><\/h2>\n<ol data-start=\"812\" data-end=\"1036\">\n<li data-start=\"812\" data-end=\"866\">\n<p data-start=\"815\" data-end=\"866\">Velg ditt favorittdyrem\u00f8nster fra settet.<\/p>\n<\/li>\n<li data-start=\"867\" data-end=\"911\">\n<p data-start=\"870\" data-end=\"911\">velg tr\u00e5dfargene du vil bruke.<\/p>\n<\/li>\n<li data-start=\"912\" data-end=\"981\">\n<p data-start=\"915\" data-end=\"981\">f\u00f8lg trinn-for-trinn-instruksjonene for \u00e5 sy sammen figurene.<\/p>\n<\/li>\n<li data-start=\"982\" data-end=\"1036\">\n<p data-start=\"985\" data-end=\"1036\">fullf\u00f8r kreasjonen din og nyt det h\u00e5ndlagde h\u00e5ndarbeidet ditt!<\/p>\n<\/li>\n<\/ol>\n<h2 style=\"text-align: center\" data-start=\"1043\" data-end=\"1067\"><strong>Produktdetaljer<\/strong><\/h2>\n<ul data-start=\"1068\" data-end=\"1243\">\n<li data-start=\"1068\" data-end=\"1109\">\n<p data-start=\"1070\" data-end=\"1109\">Pakningsst\u00f8rrelse: 155 x 190 x 45 mm<\/p>\n<\/li>\n<li data-start=\"1110\" data-end=\"1169\">\n<p data-start=\"1112\" data-end=\"1169\">Designet for: Barns hobbyarbeid, l\u00e6ring og DIY-moro<\/p>\n<\/li>\n<li data-start=\"1170\" data-end=\"1243\">\n<p data-start=\"1172\" data-end=\"1243\">Inkluderer flere s\u00f8te designmaler og fargerike symaterialer (trygt for barn)<\/p>\n<\/li>\n<li data-start=\"1170\" data-end=\"1243\">6 s\u00f8te design i settet: Hund, frosk, kanin, katt, bj\u00f8rn, gulrot<\/li>\n<\/ul>\n<h2 style=\"text-align: center\">\ud83d\udce6 Pakken Inneholder<\/h2>\n<ul data-start=\"1276\" data-end=\"1325\" data-is-last-node=\"\" data-is-only-node=\"\">\n<li data-start=\"1276\" data-end=\"1325\" data-is-last-node=\"\">\n<p data-start=\"1278\" data-end=\"1325\" data-is-last-node=\"\">1x DIY-sysett for barn.<\/p>\n<\/li>\n<\/ul>\n","protected":false},"excerpt":{"rendered":"<p>Dette DIY-sysettet for barn introduserer barn til h\u00e5ndarbeid p\u00e5 en enkel og spennende m\u00e5te. Med s\u00f8te dyremotiver, fargerike tr\u00e5der og enkle instruksjoner hjelper dette settet barna med \u00e5 bygge selvtillit mens de skaper sine helt egne mesterverk.<\/p>\n","protected":false},"featured_media":20858,"comment_status":"open","ping_status":"closed","template":"","meta":{"site-sidebar-layout":"default","site-content-layout":"","ast-site-content-layout":"default","site-content-style":"default","site-sidebar-style":"default","ast-global-header-display":"","ast-banner-title-visibility":"","ast-main-header-display":"","ast-hfb-above-header-display":"","ast-hfb-below-header-display":"","ast-hfb-mobile-header-display":"","site-post-title":"","ast-breadcrumbs-content":"","ast-featured-img":"","footer-sml-layout":"","theme-transparent-header-meta":"default","adv-header-id-meta":"","stick-header-meta":"","header-above-stick-meta":"","header-main-stick-meta":"","header-below-stick-meta":"","astra-migrate-meta-layouts":"set","ast-page-background-enabled":"default","ast-page-background-meta":{"desktop":{"background-color":"var(--ast-global-color-5)","background-image":"","background-repeat":"repeat","background-position":"center center","background-size":"auto","background-attachment":"scroll","background-type":"","background-media":"","overlay-type":"","overlay-color":"","overlay-opacity":"","overlay-gradient":""},"tablet":{"background-color":"","background-image":"","background-repeat":"repeat","background-position":"center center","background-size":"auto","background-attachment":"scroll","background-type":"","background-media":"","overlay-type":"","overlay-color":"","overlay-opacity":"","overlay-gradient":""},"mobile":{"background-color":"","background-image":"","background-repeat":"repeat","background-position":"center center","background-size":"auto","background-attachment":"scroll","background-type":"","background-media":"","overlay-type":"","overlay-color":"","overlay-opacity":"","overlay-gradient":""}},"ast-content-background-meta":{"desktop":{"background-color":"var(--ast-global-color-4)","background-image":"","background-repeat":"repeat","background-position":"center center","background-size":"auto","background-attachment":"scroll","background-type":"","background-media":"","overlay-type":"","overlay-color":"","overlay-opacity":"","overlay-gradient":""},"tablet":{"background-color":"var(--ast-global-color-4)","background-image":"","background-repeat":"repeat","background-position":"center center","background-size":"auto","background-attachment":"scroll","background-type":"","background-media":"","overlay-type":"","overlay-color":"","overlay-opacity":"","overlay-gradient":""},"mobile":{"background-color":"var(--ast-global-color-4)","background-image":"","background-repeat":"repeat","background-position":"center center","background-size":"auto","background-attachment":"scroll","background-type":"","background-media":"","overlay-type":"","overlay-color":"","overlay-opacity":"","overlay-gradient":""}}},"product_brand":[],"product_cat":[172],"product_tag":[],"class_list":{"0":"post-20862","1":"product","2":"type-product","3":"status-publish","4":"has-post-thumbnail","6":"product_cat-leker-barne-og-babyprodukter","7":"desktop-align-left","8":"tablet-align-left","9":"mobile-align-left","11":"first","12":"instock","13":"shipping-taxable","14":"purchasable","15":"product-type-simple"},"yoast_head":"<!-- This site is optimized with the Yoast SEO plugin v26.6 - https:\/\/yoast.com\/wordpress\/plugins\/seo\/ -->\n<title>DIY-sysett for g\u00f8yal sying for barn - Mekulo NO<\/title>\n<meta name=\"robots\" content=\"index, follow, max-snippet:-1, max-image-preview:large, max-video-preview:-1\" \/>\n<link rel=\"canonical\" href=\"https:\/\/mekulo.com\/no\/produkt\/diy-sysett-for-goyal-sying-for-barn\/\" \/>\n<meta property=\"og:locale\" content=\"nb_NO\" \/>\n<meta property=\"og:type\" content=\"article\" \/>\n<meta property=\"og:title\" content=\"DIY-sysett for g\u00f8yal sying for barn - Mekulo NO\" \/>\n<meta property=\"og:description\" content=\"Dette DIY-sysettet for barn introduserer barn til h\u00e5ndarbeid p\u00e5 en enkel og spennende m\u00e5te. Med s\u00f8te dyremotiver, fargerike tr\u00e5der og enkle instruksjoner hjelper dette settet barna med \u00e5 bygge selvtillit mens de skaper sine helt egne mesterverk.\" \/>\n<meta property=\"og:url\" content=\"https:\/\/mekulo.com\/no\/produkt\/diy-sysett-for-goyal-sying-for-barn\/\" \/>\n<meta property=\"og:site_name\" content=\"Mekulo NO\" \/>\n<meta property=\"article:modified_time\" content=\"2026-02-10T09:05:01+00:00\" \/>\n<meta property=\"og:image\" content=\"https:\/\/mekulo.com\/no\/wp-content\/uploads\/sites\/10\/2026\/02\/a7yg8wx-1.jpg\" \/>\n\t<meta property=\"og:image:width\" content=\"1080\" \/>\n\t<meta property=\"og:image:height\" content=\"1080\" \/>\n\t<meta property=\"og:image:type\" content=\"image\/jpeg\" \/>\n<meta name=\"twitter:card\" content=\"summary_large_image\" \/>\n<meta name=\"twitter:label1\" content=\"Ansl. lesetid\" \/>\n\t<meta name=\"twitter:data1\" content=\"2 minutter\" \/>\n<script type=\"application\/ld+json\" class=\"yoast-schema-graph\">{\"@context\":\"https:\/\/schema.org\",\"@graph\":[{\"@type\":\"WebPage\",\"@id\":\"https:\/\/mekulo.com\/no\/produkt\/diy-sysett-for-goyal-sying-for-barn\/\",\"url\":\"https:\/\/mekulo.com\/no\/produkt\/diy-sysett-for-goyal-sying-for-barn\/\",\"name\":\"DIY-sysett for g\u00f8yal sying for barn - Mekulo NO\",\"isPartOf\":{\"@id\":\"https:\/\/mekulo.com\/no\/#website\"},\"primaryImageOfPage\":{\"@id\":\"https:\/\/mekulo.com\/no\/produkt\/diy-sysett-for-goyal-sying-for-barn\/#primaryimage\"},\"image\":{\"@id\":\"https:\/\/mekulo.com\/no\/produkt\/diy-sysett-for-goyal-sying-for-barn\/#primaryimage\"},\"thumbnailUrl\":\"https:\/\/mekulo.com\/no\/wp-content\/uploads\/sites\/10\/2026\/02\/a7yg8wx-1.jpg\",\"datePublished\":\"2026-02-02T09:19:39+00:00\",\"dateModified\":\"2026-02-10T09:05:01+00:00\",\"breadcrumb\":{\"@id\":\"https:\/\/mekulo.com\/no\/produkt\/diy-sysett-for-goyal-sying-for-barn\/#breadcrumb\"},\"inLanguage\":\"nb-NO\",\"potentialAction\":[{\"@type\":\"ReadAction\",\"target\":[\"https:\/\/mekulo.com\/no\/produkt\/diy-sysett-for-goyal-sying-for-barn\/\"]}]},{\"@type\":\"ImageObject\",\"inLanguage\":\"nb-NO\",\"@id\":\"https:\/\/mekulo.com\/no\/produkt\/diy-sysett-for-goyal-sying-for-barn\/#primaryimage\",\"url\":\"https:\/\/mekulo.com\/no\/wp-content\/uploads\/sites\/10\/2026\/02\/a7yg8wx-1.jpg\",\"contentUrl\":\"https:\/\/mekulo.com\/no\/wp-content\/uploads\/sites\/10\/2026\/02\/a7yg8wx-1.jpg\",\"width\":1080,\"height\":1080},{\"@type\":\"BreadcrumbList\",\"@id\":\"https:\/\/mekulo.com\/no\/produkt\/diy-sysett-for-goyal-sying-for-barn\/#breadcrumb\",\"itemListElement\":[{\"@type\":\"ListItem\",\"position\":1,\"name\":\"Home\",\"item\":\"https:\/\/mekulo.com\/no\/\"},{\"@type\":\"ListItem\",\"position\":2,\"name\":\"Butikk\",\"item\":\"https:\/\/mekulo.com\/no\/butikk\/\"},{\"@type\":\"ListItem\",\"position\":3,\"name\":\"DIY-sysett for g\u00f8yal sying for barn\"}]},{\"@type\":\"WebSite\",\"@id\":\"https:\/\/mekulo.com\/no\/#website\",\"url\":\"https:\/\/mekulo.com\/no\/\",\"name\":\"Mekulo NO\",\"description\":\"\",\"publisher\":{\"@id\":\"https:\/\/mekulo.com\/no\/#organization\"},\"potentialAction\":[{\"@type\":\"SearchAction\",\"target\":{\"@type\":\"EntryPoint\",\"urlTemplate\":\"https:\/\/mekulo.com\/no\/?s={search_term_string}\"},\"query-input\":{\"@type\":\"PropertyValueSpecification\",\"valueRequired\":true,\"valueName\":\"search_term_string\"}}],\"inLanguage\":\"nb-NO\"},{\"@type\":\"Organization\",\"@id\":\"https:\/\/mekulo.com\/no\/#organization\",\"name\":\"Mekulo\",\"url\":\"https:\/\/mekulo.com\/no\/\",\"logo\":{\"@type\":\"ImageObject\",\"inLanguage\":\"nb-NO\",\"@id\":\"https:\/\/mekulo.com\/no\/#\/schema\/logo\/image\/\",\"url\":\"https:\/\/mekulo.com\/no\/wp-content\/uploads\/sites\/10\/2025\/12\/favicon_mekulo.png\",\"contentUrl\":\"https:\/\/mekulo.com\/no\/wp-content\/uploads\/sites\/10\/2025\/12\/favicon_mekulo.png\",\"width\":50,\"height\":50,\"caption\":\"Mekulo\"},\"image\":{\"@id\":\"https:\/\/mekulo.com\/no\/#\/schema\/logo\/image\/\"}}]}<\/script>\n<!-- \/ Yoast SEO plugin. -->","yoast_head_json":{"title":"DIY-sysett for g\u00f8yal sying for barn - Mekulo NO","robots":{"index":"index","follow":"follow","max-snippet":"max-snippet:-1","max-image-preview":"max-image-preview:large","max-video-preview":"max-video-preview:-1"},"canonical":"https:\/\/mekulo.com\/no\/produkt\/diy-sysett-for-goyal-sying-for-barn\/","og_locale":"nb_NO","og_type":"article","og_title":"DIY-sysett for g\u00f8yal sying for barn - Mekulo NO","og_description":"Dette DIY-sysettet for barn introduserer barn til h\u00e5ndarbeid p\u00e5 en enkel og spennende m\u00e5te. Med s\u00f8te dyremotiver, fargerike tr\u00e5der og enkle instruksjoner hjelper dette settet barna med \u00e5 bygge selvtillit mens de skaper sine helt egne mesterverk.","og_url":"https:\/\/mekulo.com\/no\/produkt\/diy-sysett-for-goyal-sying-for-barn\/","og_site_name":"Mekulo NO","article_modified_time":"2026-02-10T09:05:01+00:00","og_image":[{"width":1080,"height":1080,"url":"https:\/\/mekulo.com\/no\/wp-content\/uploads\/sites\/10\/2026\/02\/a7yg8wx-1.jpg","type":"image\/jpeg"}],"twitter_card":"summary_large_image","twitter_misc":{"Ansl. lesetid":"2 minutter"},"schema":{"@context":"https:\/\/schema.org","@graph":[{"@type":"WebPage","@id":"https:\/\/mekulo.com\/no\/produkt\/diy-sysett-for-goyal-sying-for-barn\/","url":"https:\/\/mekulo.com\/no\/produkt\/diy-sysett-for-goyal-sying-for-barn\/","name":"DIY-sysett for g\u00f8yal sying for barn - Mekulo NO","isPartOf":{"@id":"https:\/\/mekulo.com\/no\/#website"},"primaryImageOfPage":{"@id":"https:\/\/mekulo.com\/no\/produkt\/diy-sysett-for-goyal-sying-for-barn\/#primaryimage"},"image":{"@id":"https:\/\/mekulo.com\/no\/produkt\/diy-sysett-for-goyal-sying-for-barn\/#primaryimage"},"thumbnailUrl":"https:\/\/mekulo.com\/no\/wp-content\/uploads\/sites\/10\/2026\/02\/a7yg8wx-1.jpg","datePublished":"2026-02-02T09:19:39+00:00","dateModified":"2026-02-10T09:05:01+00:00","breadcrumb":{"@id":"https:\/\/mekulo.com\/no\/produkt\/diy-sysett-for-goyal-sying-for-barn\/#breadcrumb"},"inLanguage":"nb-NO","potentialAction":[{"@type":"ReadAction","target":["https:\/\/mekulo.com\/no\/produkt\/diy-sysett-for-goyal-sying-for-barn\/"]}]},{"@type":"ImageObject","inLanguage":"nb-NO","@id":"https:\/\/mekulo.com\/no\/produkt\/diy-sysett-for-goyal-sying-for-barn\/#primaryimage","url":"https:\/\/mekulo.com\/no\/wp-content\/uploads\/sites\/10\/2026\/02\/a7yg8wx-1.jpg","contentUrl":"https:\/\/mekulo.com\/no\/wp-content\/uploads\/sites\/10\/2026\/02\/a7yg8wx-1.jpg","width":1080,"height":1080},{"@type":"BreadcrumbList","@id":"https:\/\/mekulo.com\/no\/produkt\/diy-sysett-for-goyal-sying-for-barn\/#breadcrumb","itemListElement":[{"@type":"ListItem","position":1,"name":"Home","item":"https:\/\/mekulo.com\/no\/"},{"@type":"ListItem","position":2,"name":"Butikk","item":"https:\/\/mekulo.com\/no\/butikk\/"},{"@type":"ListItem","position":3,"name":"DIY-sysett for g\u00f8yal sying for barn"}]},{"@type":"WebSite","@id":"https:\/\/mekulo.com\/no\/#website","url":"https:\/\/mekulo.com\/no\/","name":"Mekulo NO","description":"","publisher":{"@id":"https:\/\/mekulo.com\/no\/#organization"},"potentialAction":[{"@type":"SearchAction","target":{"@type":"EntryPoint","urlTemplate":"https:\/\/mekulo.com\/no\/?s={search_term_string}"},"query-input":{"@type":"PropertyValueSpecification","valueRequired":true,"valueName":"search_term_string"}}],"inLanguage":"nb-NO"},{"@type":"Organization","@id":"https:\/\/mekulo.com\/no\/#organization","name":"Mekulo","url":"https:\/\/mekulo.com\/no\/","logo":{"@type":"ImageObject","inLanguage":"nb-NO","@id":"https:\/\/mekulo.com\/no\/#\/schema\/logo\/image\/","url":"https:\/\/mekulo.com\/no\/wp-content\/uploads\/sites\/10\/2025\/12\/favicon_mekulo.png","contentUrl":"https:\/\/mekulo.com\/no\/wp-content\/uploads\/sites\/10\/2025\/12\/favicon_mekulo.png","width":50,"height":50,"caption":"Mekulo"},"image":{"@id":"https:\/\/mekulo.com\/no\/#\/schema\/logo\/image\/"}}]}},"_links":{"self":[{"href":"https:\/\/mekulo.com\/no\/wp-json\/wp\/v2\/product\/20862","targetHints":{"allow":["GET"]}}],"collection":[{"href":"https:\/\/mekulo.com\/no\/wp-json\/wp\/v2\/product"}],"about":[{"href":"https:\/\/mekulo.com\/no\/wp-json\/wp\/v2\/types\/product"}],"replies":[{"embeddable":true,"href":"https:\/\/mekulo.com\/no\/wp-json\/wp\/v2\/comments?post=20862"}],"wp:featuredmedia":[{"embeddable":true,"href":"https:\/\/mekulo.com\/no\/wp-json\/wp\/v2\/media\/20858"}],"wp:attachment":[{"href":"https:\/\/mekulo.com\/no\/wp-json\/wp\/v2\/media?parent=20862"}],"wp:term":[{"taxonomy":"product_brand","embeddable":true,"href":"https:\/\/mekulo.com\/no\/wp-json\/wp\/v2\/product_brand?post=20862"},{"taxonomy":"product_cat","embeddable":true,"href":"https:\/\/mekulo.com\/no\/wp-json\/wp\/v2\/product_cat?post=20862"},{"taxonomy":"product_tag","embeddable":true,"href":"https:\/\/mekulo.com\/no\/wp-json\/wp\/v2\/product_tag?post=20862"}],"curies":[{"name":"wp","href":"https:\/\/api.w.org\/{rel}","templated":true}]}}