{"id":20730,"date":"2026-01-30T07:35:29","date_gmt":"2026-01-30T05:35:29","guid":{"rendered":"https:\/\/mekulo.com\/no\/produkt\/adapter-for-hurtigbytte-av-sekskantskaft\/"},"modified":"2026-04-13T11:22:46","modified_gmt":"2026-04-13T08:22:46","slug":"adapter-for-hurtigbytte-av-sekskantskaft","status":"publish","type":"product","link":"https:\/\/mekulo.com\/no\/produkt\/adapter-for-hurtigbytte-av-sekskantskaft\/","title":{"rendered":"Adapter for hurtigbytte av sekskantskaft"},"content":{"rendered":"<p style=\"text-align: center\" data-start=\"0\" data-end=\"69\"><strong data-start=\"0\" data-end=\"69\">Bytt drill- og skrutrekkerbits umiddelbart med ett klikk. \ud83d\udd12<\/strong><\/p>\n<p data-start=\"0\" data-end=\"69\"><img fetchpriority=\"high\" decoding=\"async\" class=\"size-full wp-image-22662 aligncenter\" src=\"https:\/\/mekulo.com\/template\/wp-content\/uploads\/sites\/6\/2026\/01\/S6bd367478ee9423d9f3e4fa3f96f4d27Z.jpg_960x960q75.jpg_.avif\" alt=\"\" width=\"800\" height=\"800\" \/><\/p>\n<h2 style=\"text-align: center\" data-start=\"337\" data-end=\"354\"><strong>Hovedfordeler \u26a1<\/strong><\/h2>\n<p data-start=\"357\" data-end=\"408\">\u26a1 Raske bitsbytter &#8211; Bytt bits p\u00e5 ett sekund.<\/p>\n<p data-start=\"411\" data-end=\"470\">\ud83d\udd12 Sikkert l\u00e5sesystem &#8211; Holder bitsene godt p\u00e5 plass.<\/p>\n<p data-start=\"473\" data-end=\"526\">\ud83d\udcaa Kraftig st\u00e5l &#8211; Sterkt og slitesterkt.<\/p>\n<p data-start=\"529\" data-end=\"589\">\u270b Enh\u00e5ndsbetjening &#8211; Enkel trykk-og-slipp-design.<\/p>\n<p data-start=\"592\" data-end=\"653\">\ud83c\udfaf Stabil ytelse &#8211; H\u00f8y konsentrisitet for n\u00f8yaktighet.<\/p>\n<p data-start=\"656\" data-end=\"701\">\ud83d\udd27 Bred kompatibilitet &#8211; Passer til mange verkt\u00f8y.<\/p>\n<p data-start=\"656\" data-end=\"701\"><img decoding=\"async\" class=\"size-full wp-image-22658 aligncenter\" src=\"https:\/\/mekulo.com\/template\/wp-content\/uploads\/sites\/6\/2026\/01\/27ced5c5760c4485c148c82e53319ed196c08be4-800.avif\" alt=\"\" \/><\/p>\n<h2 style=\"text-align: center\" data-start=\"703\" data-end=\"717\"><strong>Hvordan Bruke \ud83d\udccc<\/strong><\/h2>\n<ol data-start=\"718\" data-end=\"938\">\n<li data-start=\"718\" data-end=\"768\">\n<p data-start=\"721\" data-end=\"768\">Sett adapteren inn i boret eller driveren.<\/p>\n<\/li>\n<li data-start=\"769\" data-end=\"818\">\n<p data-start=\"772\" data-end=\"818\">Skyv biten inn i holderen til den l\u00e5ses.<\/p>\n<\/li>\n<li data-start=\"819\" data-end=\"847\">\n<p data-start=\"822\" data-end=\"847\">Bruk verkt\u00f8yet som normalt.<\/p>\n<\/li>\n<li data-start=\"848\" data-end=\"896\">\n<p data-start=\"851\" data-end=\"896\">Trykk p\u00e5 utl\u00f8serhylsen for \u00e5 fjerne biten.<\/p>\n<\/li>\n<li data-start=\"897\" data-end=\"938\">\n<p data-start=\"900\" data-end=\"938\">Sett inn en ny bit og fortsett \u00e5 jobbe.<\/p>\n<\/li>\n<\/ol>\n<h2 style=\"text-align: center\" data-start=\"940\" data-end=\"959\"><strong>Produktdetaljer \ud83d\udccf<\/strong><\/h2>\n<ul data-start=\"960\" data-end=\"1167\">\n<li data-start=\"960\" data-end=\"1001\">\n<p data-start=\"962\" data-end=\"1001\">Materiale: Kromvanadiumlegert st\u00e5l<\/p>\n<\/li>\n<li data-start=\"1002\" data-end=\"1030\">\n<p data-start=\"1004\" data-end=\"1030\">Skafttype: 0,6 cm sekskant<\/p>\n<\/li>\n<li data-start=\"1031\" data-end=\"1078\">\n<p data-start=\"1033\" data-end=\"1078\">L\u00e5sesystem: Fj\u00e6rbelastet hurtigutl\u00f8ser<\/p>\n<\/li>\n<li data-start=\"1079\" data-end=\"1106\">\n<p data-start=\"1081\" data-end=\"1106\">Magnetisme: Ikke-magnetisk<\/p>\n<\/li>\n<li data-start=\"1107\" data-end=\"1167\">\n<p data-start=\"1109\" data-end=\"1167\">Kompatibilitet: Boremaskiner, slagtrekkere, h\u00e5ndskrutrekkere<\/p>\n<\/li>\n<li data-start=\"1107\" data-end=\"1167\">St\u00f8rrelse: 60 x 24 x 6,3 mm<\/li>\n<\/ul>\n<h2 style=\"text-align: center\" data-start=\"1169\" data-end=\"1189\"><strong>Pakken Inkluderer \ud83d\udce6<\/strong><\/h2>\n<ul data-start=\"1190\" data-end=\"1226\">\n<li data-start=\"1190\" data-end=\"1226\">\n<p data-start=\"1192\" data-end=\"1226\">1, 2, 4x hurtigskift sekskantskaftadaptere.<\/p>\n<\/li>\n<\/ul>\n","protected":false},"excerpt":{"rendered":"<p>\u2699\ufe0fThis Hurtigbytteadapter for sekskantskaft gj\u00f8r at du kan bytte bits raskt med \u00e9n h\u00e5nd, noe som sparer tid p\u00e5 alle oppgaver.<br \/>\n\ud83e\udeb5Den er laget av sterkt kromvanadiumst\u00e5l, holder bitsene godt p\u00e5 plass og forbedrer arbeidseffektiviteten.<br \/>\n\ud83d\udee0\ufe0fA m\u00e5-ha-verkt\u00f8y for raskere og smidigere bore- og festejobber.<\/p>\n","protected":false},"featured_media":20726,"comment_status":"open","ping_status":"closed","template":"","meta":{"site-sidebar-layout":"default","site-content-layout":"","ast-site-content-layout":"default","site-content-style":"default","site-sidebar-style":"default","ast-global-header-display":"","ast-banner-title-visibility":"","ast-main-header-display":"","ast-hfb-above-header-display":"","ast-hfb-below-header-display":"","ast-hfb-mobile-header-display":"","site-post-title":"","ast-breadcrumbs-content":"","ast-featured-img":"","footer-sml-layout":"","theme-transparent-header-meta":"default","adv-header-id-meta":"","stick-header-meta":"","header-above-stick-meta":"","header-main-stick-meta":"","header-below-stick-meta":"","astra-migrate-meta-layouts":"set","ast-page-background-enabled":"default","ast-page-background-meta":{"desktop":{"background-color":"var(--ast-global-color-5)","background-image":"","background-repeat":"repeat","background-position":"center center","background-size":"auto","background-attachment":"scroll","background-type":"","background-media":"","overlay-type":"","overlay-color":"","overlay-opacity":"","overlay-gradient":""},"tablet":{"background-color":"","background-image":"","background-repeat":"repeat","background-position":"center center","background-size":"auto","background-attachment":"scroll","background-type":"","background-media":"","overlay-type":"","overlay-color":"","overlay-opacity":"","overlay-gradient":""},"mobile":{"background-color":"","background-image":"","background-repeat":"repeat","background-position":"center center","background-size":"auto","background-attachment":"scroll","background-type":"","background-media":"","overlay-type":"","overlay-color":"","overlay-opacity":"","overlay-gradient":""}},"ast-content-background-meta":{"desktop":{"background-color":"var(--ast-global-color-4)","background-image":"","background-repeat":"repeat","background-position":"center center","background-size":"auto","background-attachment":"scroll","background-type":"","background-media":"","overlay-type":"","overlay-color":"","overlay-opacity":"","overlay-gradient":""},"tablet":{"background-color":"var(--ast-global-color-4)","background-image":"","background-repeat":"repeat","background-position":"center center","background-size":"auto","background-attachment":"scroll","background-type":"","background-media":"","overlay-type":"","overlay-color":"","overlay-opacity":"","overlay-gradient":""},"mobile":{"background-color":"var(--ast-global-color-4)","background-image":"","background-repeat":"repeat","background-position":"center center","background-size":"auto","background-attachment":"scroll","background-type":"","background-media":"","overlay-type":"","overlay-color":"","overlay-opacity":"","overlay-gradient":""}}},"product_brand":[],"product_cat":[171],"product_tag":[],"class_list":{"0":"post-20730","1":"product","2":"type-product","3":"status-publish","4":"has-post-thumbnail","6":"product_cat-verktoy","7":"pa_53480_ggbuhjli-1-stk","8":"pa_53480_ggbuhjli-2-stk","9":"pa_53480_ggbuhjli-4-stk","10":"desktop-align-left","11":"tablet-align-left","12":"mobile-align-left","14":"first","15":"instock","16":"shipping-taxable","17":"purchasable","18":"product-type-variable"},"yoast_head":"<!-- This site is optimized with the Yoast SEO plugin v26.6 - https:\/\/yoast.com\/wordpress\/plugins\/seo\/ -->\n<title>Adapter for hurtigbytte av sekskantskaft - Mekulo NO<\/title>\n<meta name=\"robots\" content=\"index, follow, max-snippet:-1, max-image-preview:large, max-video-preview:-1\" \/>\n<link rel=\"canonical\" href=\"https:\/\/mekulo.com\/no\/produkt\/adapter-for-hurtigbytte-av-sekskantskaft\/\" \/>\n<meta property=\"og:locale\" content=\"nb_NO\" \/>\n<meta property=\"og:type\" content=\"article\" \/>\n<meta property=\"og:title\" content=\"Adapter for hurtigbytte av sekskantskaft - Mekulo NO\" \/>\n<meta property=\"og:description\" content=\"\u2699\ufe0fThis Hurtigbytteadapter for sekskantskaft gj\u00f8r at du kan bytte bits raskt med \u00e9n h\u00e5nd, noe som sparer tid p\u00e5 alle oppgaver. \ud83e\udeb5Den er laget av sterkt kromvanadiumst\u00e5l, holder bitsene godt p\u00e5 plass og forbedrer arbeidseffektiviteten. \ud83d\udee0\ufe0fA m\u00e5-ha-verkt\u00f8y for raskere og smidigere bore- og festejobber.\" \/>\n<meta property=\"og:url\" content=\"https:\/\/mekulo.com\/no\/produkt\/adapter-for-hurtigbytte-av-sekskantskaft\/\" \/>\n<meta property=\"og:site_name\" content=\"Mekulo NO\" \/>\n<meta property=\"article:modified_time\" content=\"2026-04-13T08:22:46+00:00\" \/>\n<meta property=\"og:image\" content=\"https:\/\/mekulo.com\/no\/wp-content\/uploads\/sites\/10\/2026\/01\/6um0bdv-1.jpg\" \/>\n\t<meta property=\"og:image:width\" content=\"800\" \/>\n\t<meta property=\"og:image:height\" content=\"800\" \/>\n\t<meta property=\"og:image:type\" content=\"image\/jpeg\" \/>\n<meta name=\"twitter:card\" content=\"summary_large_image\" \/>\n<meta name=\"twitter:label1\" content=\"Ansl. lesetid\" \/>\n\t<meta name=\"twitter:data1\" content=\"2 minutter\" \/>\n<script type=\"application\/ld+json\" class=\"yoast-schema-graph\">{\"@context\":\"https:\/\/schema.org\",\"@graph\":[{\"@type\":\"WebPage\",\"@id\":\"https:\/\/mekulo.com\/no\/produkt\/adapter-for-hurtigbytte-av-sekskantskaft\/\",\"url\":\"https:\/\/mekulo.com\/no\/produkt\/adapter-for-hurtigbytte-av-sekskantskaft\/\",\"name\":\"Adapter for hurtigbytte av sekskantskaft - Mekulo NO\",\"isPartOf\":{\"@id\":\"https:\/\/mekulo.com\/no\/#website\"},\"primaryImageOfPage\":{\"@id\":\"https:\/\/mekulo.com\/no\/produkt\/adapter-for-hurtigbytte-av-sekskantskaft\/#primaryimage\"},\"image\":{\"@id\":\"https:\/\/mekulo.com\/no\/produkt\/adapter-for-hurtigbytte-av-sekskantskaft\/#primaryimage\"},\"thumbnailUrl\":\"https:\/\/mekulo.com\/no\/wp-content\/uploads\/sites\/10\/2026\/01\/6um0bdv-1.jpg\",\"datePublished\":\"2026-01-30T05:35:29+00:00\",\"dateModified\":\"2026-04-13T08:22:46+00:00\",\"breadcrumb\":{\"@id\":\"https:\/\/mekulo.com\/no\/produkt\/adapter-for-hurtigbytte-av-sekskantskaft\/#breadcrumb\"},\"inLanguage\":\"nb-NO\",\"potentialAction\":[{\"@type\":\"ReadAction\",\"target\":[\"https:\/\/mekulo.com\/no\/produkt\/adapter-for-hurtigbytte-av-sekskantskaft\/\"]}]},{\"@type\":\"ImageObject\",\"inLanguage\":\"nb-NO\",\"@id\":\"https:\/\/mekulo.com\/no\/produkt\/adapter-for-hurtigbytte-av-sekskantskaft\/#primaryimage\",\"url\":\"https:\/\/mekulo.com\/no\/wp-content\/uploads\/sites\/10\/2026\/01\/6um0bdv-1.jpg\",\"contentUrl\":\"https:\/\/mekulo.com\/no\/wp-content\/uploads\/sites\/10\/2026\/01\/6um0bdv-1.jpg\",\"width\":800,\"height\":800},{\"@type\":\"BreadcrumbList\",\"@id\":\"https:\/\/mekulo.com\/no\/produkt\/adapter-for-hurtigbytte-av-sekskantskaft\/#breadcrumb\",\"itemListElement\":[{\"@type\":\"ListItem\",\"position\":1,\"name\":\"Home\",\"item\":\"https:\/\/mekulo.com\/no\/\"},{\"@type\":\"ListItem\",\"position\":2,\"name\":\"Butikk\",\"item\":\"https:\/\/mekulo.com\/no\/butikk\/\"},{\"@type\":\"ListItem\",\"position\":3,\"name\":\"Adapter for hurtigbytte av sekskantskaft\"}]},{\"@type\":\"WebSite\",\"@id\":\"https:\/\/mekulo.com\/no\/#website\",\"url\":\"https:\/\/mekulo.com\/no\/\",\"name\":\"Mekulo NO\",\"description\":\"\",\"publisher\":{\"@id\":\"https:\/\/mekulo.com\/no\/#organization\"},\"potentialAction\":[{\"@type\":\"SearchAction\",\"target\":{\"@type\":\"EntryPoint\",\"urlTemplate\":\"https:\/\/mekulo.com\/no\/?s={search_term_string}\"},\"query-input\":{\"@type\":\"PropertyValueSpecification\",\"valueRequired\":true,\"valueName\":\"search_term_string\"}}],\"inLanguage\":\"nb-NO\"},{\"@type\":\"Organization\",\"@id\":\"https:\/\/mekulo.com\/no\/#organization\",\"name\":\"Mekulo\",\"url\":\"https:\/\/mekulo.com\/no\/\",\"logo\":{\"@type\":\"ImageObject\",\"inLanguage\":\"nb-NO\",\"@id\":\"https:\/\/mekulo.com\/no\/#\/schema\/logo\/image\/\",\"url\":\"https:\/\/mekulo.com\/no\/wp-content\/uploads\/sites\/10\/2025\/12\/favicon_mekulo.png\",\"contentUrl\":\"https:\/\/mekulo.com\/no\/wp-content\/uploads\/sites\/10\/2025\/12\/favicon_mekulo.png\",\"width\":50,\"height\":50,\"caption\":\"Mekulo\"},\"image\":{\"@id\":\"https:\/\/mekulo.com\/no\/#\/schema\/logo\/image\/\"}}]}<\/script>\n<!-- \/ Yoast SEO plugin. -->","yoast_head_json":{"title":"Adapter for hurtigbytte av sekskantskaft - Mekulo NO","robots":{"index":"index","follow":"follow","max-snippet":"max-snippet:-1","max-image-preview":"max-image-preview:large","max-video-preview":"max-video-preview:-1"},"canonical":"https:\/\/mekulo.com\/no\/produkt\/adapter-for-hurtigbytte-av-sekskantskaft\/","og_locale":"nb_NO","og_type":"article","og_title":"Adapter for hurtigbytte av sekskantskaft - Mekulo NO","og_description":"\u2699\ufe0fThis Hurtigbytteadapter for sekskantskaft gj\u00f8r at du kan bytte bits raskt med \u00e9n h\u00e5nd, noe som sparer tid p\u00e5 alle oppgaver. \ud83e\udeb5Den er laget av sterkt kromvanadiumst\u00e5l, holder bitsene godt p\u00e5 plass og forbedrer arbeidseffektiviteten. \ud83d\udee0\ufe0fA m\u00e5-ha-verkt\u00f8y for raskere og smidigere bore- og festejobber.","og_url":"https:\/\/mekulo.com\/no\/produkt\/adapter-for-hurtigbytte-av-sekskantskaft\/","og_site_name":"Mekulo NO","article_modified_time":"2026-04-13T08:22:46+00:00","og_image":[{"width":800,"height":800,"url":"https:\/\/mekulo.com\/no\/wp-content\/uploads\/sites\/10\/2026\/01\/6um0bdv-1.jpg","type":"image\/jpeg"}],"twitter_card":"summary_large_image","twitter_misc":{"Ansl. lesetid":"2 minutter"},"schema":{"@context":"https:\/\/schema.org","@graph":[{"@type":"WebPage","@id":"https:\/\/mekulo.com\/no\/produkt\/adapter-for-hurtigbytte-av-sekskantskaft\/","url":"https:\/\/mekulo.com\/no\/produkt\/adapter-for-hurtigbytte-av-sekskantskaft\/","name":"Adapter for hurtigbytte av sekskantskaft - Mekulo NO","isPartOf":{"@id":"https:\/\/mekulo.com\/no\/#website"},"primaryImageOfPage":{"@id":"https:\/\/mekulo.com\/no\/produkt\/adapter-for-hurtigbytte-av-sekskantskaft\/#primaryimage"},"image":{"@id":"https:\/\/mekulo.com\/no\/produkt\/adapter-for-hurtigbytte-av-sekskantskaft\/#primaryimage"},"thumbnailUrl":"https:\/\/mekulo.com\/no\/wp-content\/uploads\/sites\/10\/2026\/01\/6um0bdv-1.jpg","datePublished":"2026-01-30T05:35:29+00:00","dateModified":"2026-04-13T08:22:46+00:00","breadcrumb":{"@id":"https:\/\/mekulo.com\/no\/produkt\/adapter-for-hurtigbytte-av-sekskantskaft\/#breadcrumb"},"inLanguage":"nb-NO","potentialAction":[{"@type":"ReadAction","target":["https:\/\/mekulo.com\/no\/produkt\/adapter-for-hurtigbytte-av-sekskantskaft\/"]}]},{"@type":"ImageObject","inLanguage":"nb-NO","@id":"https:\/\/mekulo.com\/no\/produkt\/adapter-for-hurtigbytte-av-sekskantskaft\/#primaryimage","url":"https:\/\/mekulo.com\/no\/wp-content\/uploads\/sites\/10\/2026\/01\/6um0bdv-1.jpg","contentUrl":"https:\/\/mekulo.com\/no\/wp-content\/uploads\/sites\/10\/2026\/01\/6um0bdv-1.jpg","width":800,"height":800},{"@type":"BreadcrumbList","@id":"https:\/\/mekulo.com\/no\/produkt\/adapter-for-hurtigbytte-av-sekskantskaft\/#breadcrumb","itemListElement":[{"@type":"ListItem","position":1,"name":"Home","item":"https:\/\/mekulo.com\/no\/"},{"@type":"ListItem","position":2,"name":"Butikk","item":"https:\/\/mekulo.com\/no\/butikk\/"},{"@type":"ListItem","position":3,"name":"Adapter for hurtigbytte av sekskantskaft"}]},{"@type":"WebSite","@id":"https:\/\/mekulo.com\/no\/#website","url":"https:\/\/mekulo.com\/no\/","name":"Mekulo NO","description":"","publisher":{"@id":"https:\/\/mekulo.com\/no\/#organization"},"potentialAction":[{"@type":"SearchAction","target":{"@type":"EntryPoint","urlTemplate":"https:\/\/mekulo.com\/no\/?s={search_term_string}"},"query-input":{"@type":"PropertyValueSpecification","valueRequired":true,"valueName":"search_term_string"}}],"inLanguage":"nb-NO"},{"@type":"Organization","@id":"https:\/\/mekulo.com\/no\/#organization","name":"Mekulo","url":"https:\/\/mekulo.com\/no\/","logo":{"@type":"ImageObject","inLanguage":"nb-NO","@id":"https:\/\/mekulo.com\/no\/#\/schema\/logo\/image\/","url":"https:\/\/mekulo.com\/no\/wp-content\/uploads\/sites\/10\/2025\/12\/favicon_mekulo.png","contentUrl":"https:\/\/mekulo.com\/no\/wp-content\/uploads\/sites\/10\/2025\/12\/favicon_mekulo.png","width":50,"height":50,"caption":"Mekulo"},"image":{"@id":"https:\/\/mekulo.com\/no\/#\/schema\/logo\/image\/"}}]}},"_links":{"self":[{"href":"https:\/\/mekulo.com\/no\/wp-json\/wp\/v2\/product\/20730","targetHints":{"allow":["GET"]}}],"collection":[{"href":"https:\/\/mekulo.com\/no\/wp-json\/wp\/v2\/product"}],"about":[{"href":"https:\/\/mekulo.com\/no\/wp-json\/wp\/v2\/types\/product"}],"replies":[{"embeddable":true,"href":"https:\/\/mekulo.com\/no\/wp-json\/wp\/v2\/comments?post=20730"}],"wp:featuredmedia":[{"embeddable":true,"href":"https:\/\/mekulo.com\/no\/wp-json\/wp\/v2\/media\/20726"}],"wp:attachment":[{"href":"https:\/\/mekulo.com\/no\/wp-json\/wp\/v2\/media?parent=20730"}],"wp:term":[{"taxonomy":"product_brand","embeddable":true,"href":"https:\/\/mekulo.com\/no\/wp-json\/wp\/v2\/product_brand?post=20730"},{"taxonomy":"product_cat","embeddable":true,"href":"https:\/\/mekulo.com\/no\/wp-json\/wp\/v2\/product_cat?post=20730"},{"taxonomy":"product_tag","embeddable":true,"href":"https:\/\/mekulo.com\/no\/wp-json\/wp\/v2\/product_tag?post=20730"}],"curies":[{"name":"wp","href":"https:\/\/api.w.org\/{rel}","templated":true}]}}