{"id":20719,"date":"2026-01-30T07:33:48","date_gmt":"2026-01-30T05:33:48","guid":{"rendered":"https:\/\/mekulo.com\/no\/produkt\/adapter-for-vinkelsliper-til-vinkelsliper\/"},"modified":"2026-02-10T11:27:35","modified_gmt":"2026-02-10T09:27:35","slug":"adapter-for-vinkelsliper-til-vinkelsliper","status":"publish","type":"product","link":"https:\/\/mekulo.com\/no\/produkt\/adapter-for-vinkelsliper-til-vinkelsliper\/","title":{"rendered":"Adapter for vinkelsliper til vinkelsliper"},"content":{"rendered":"<p style=\"text-align: center\" data-start=\"0\" data-end=\"69\"><strong data-start=\"0\" data-end=\"69\">Gj\u00f8r vinkelsliperen din om til en rettsliper for presist arbeid. \ud83d\udcd0<\/strong><\/p>\n<p data-start=\"0\" data-end=\"69\"><img fetchpriority=\"high\" decoding=\"async\" class=\"size-full wp-image-22650 aligncenter\" src=\"https:\/\/mekulo.com\/template\/wp-content\/uploads\/sites\/6\/2026\/01\/83b951b38a45523524a24cf40ffdeaf48998ac65-800.jpg\" alt=\"\" width=\"1080\" height=\"1080\" \/><\/p>\n<h2 style=\"text-align: center\" data-start=\"412\" data-end=\"429\"><strong>Hovedfordeler \ud83d\udee0\ufe0f<\/strong><\/h2>\n<p data-start=\"432\" data-end=\"505\">\ud83d\udd04 Verkt\u00f8ykonvertering &#8211; Forvandler en vinkelsliper til en raksliper.<\/p>\n<p data-start=\"508\" data-end=\"578\">\u2699\ufe0f Bred bits-kompatibilitet &#8211; St\u00f8tter 3 mm og 6 mm slipebits.<\/p>\n<p data-start=\"581\" data-end=\"635\">\ud83d\udee0\ufe0f Enkel installasjon &#8211; Passer til M10-gjengeslipere.<\/p>\n<p data-start=\"638\" data-end=\"692\">\ud83d\udcaa Sterk metallkonstruksjon &#8211; Slitesterk og langvarig.<\/p>\n<p data-start=\"695\" data-end=\"750\">\u270b Lett design &#8211; Komfortabel for lengre bruk.<\/p>\n<p data-start=\"753\" data-end=\"806\">\ud83c\udfaf Forbedret presisjon &#8211; Ideell for detaljert arbeid.<\/p>\n<p data-start=\"753\" data-end=\"806\"><img decoding=\"async\" class=\"size-full wp-image-22655 aligncenter\" src=\"https:\/\/mekulo.com\/template\/wp-content\/uploads\/sites\/6\/2026\/01\/5dcbbfe0631e3748be768f0c50d3cab0881061cb-800.avif\" alt=\"\" \/><\/p>\n<h2 style=\"text-align: center\" data-start=\"808\" data-end=\"822\"><strong>Slik Bruker Du Den \ud83d\udccc<\/strong><\/h2>\n<ol data-start=\"823\" data-end=\"1096\">\n<li data-start=\"823\" data-end=\"875\">\n<p data-start=\"826\" data-end=\"875\">Forsikre deg om at vinkelsliperen din har en M10-gjenge.<\/p>\n<\/li>\n<li data-start=\"876\" data-end=\"922\">\n<p data-start=\"879\" data-end=\"922\">Fest adapteren godt til vinkelsliperen.<\/p>\n<\/li>\n<li data-start=\"923\" data-end=\"967\">\n<p data-start=\"926\" data-end=\"967\">Sett slipekronen inn i chucken.<\/p>\n<\/li>\n<li data-start=\"968\" data-end=\"1000\">\n<p data-start=\"971\" data-end=\"1000\">Spenn chucken godt.<\/p>\n<\/li>\n<li data-start=\"1001\" data-end=\"1044\">\n<p data-start=\"1004\" data-end=\"1044\">Kj\u00f8r en tomgangstest f\u00f8r du starter arbeidet.<\/p>\n<\/li>\n<li data-start=\"1045\" data-end=\"1096\">\n<p data-start=\"1048\" data-end=\"1096\">Begynn sliping, polering eller pussing etter behov.<\/p>\n<\/li>\n<\/ol>\n<h2 style=\"text-align: center\" data-start=\"1098\" data-end=\"1117\"><strong>Produkt Detaljer \ud83d\udccf<\/strong><\/h2>\n<ul data-start=\"1118\" data-end=\"1302\">\n<li data-start=\"1118\" data-end=\"1137\">\n<p data-start=\"1120\" data-end=\"1137\">Materiale: Metall<\/p>\n<\/li>\n<li data-start=\"1155\" data-end=\"1181\">\n<p data-start=\"1157\" data-end=\"1181\">Gjengetype: M10 x 1,5<\/p>\n<\/li>\n<li data-start=\"1182\" data-end=\"1210\">\n<p data-start=\"1184\" data-end=\"1210\">Chuck st\u00f8rrelser: 3 mm \/ 6 mm<\/p>\n<\/li>\n<li data-start=\"1211\" data-end=\"1234\">\n<p data-start=\"1213\" data-end=\"1234\">Produktst\u00f8rrelse: 50 mm<\/p>\n<\/li>\n<li data-start=\"1235\" data-end=\"1255\">\n<p data-start=\"1237\" data-end=\"1255\">Nettovekt: 66 g<\/p>\n<\/li>\n<li data-start=\"1256\" data-end=\"1302\">\n<p data-start=\"1258\" data-end=\"1302\">Kompatibel kvern: Vinkelsliper type 100<\/p>\n<\/li>\n<\/ul>\n<h2 style=\"text-align: center\" data-start=\"1304\" data-end=\"1324\"><strong>Pakken Inkluderer \ud83d\udce6<\/strong><\/h2>\n<ul data-start=\"1325\" data-end=\"1372\">\n<li data-start=\"1325\" data-end=\"1372\">\n<p data-start=\"1327\" data-end=\"1372\">1x konverteringshode (adapterhus)<\/p>\n<\/li>\n<li data-start=\"1325\" data-end=\"1372\">\n<p data-start=\"1327\" data-end=\"1372\">1x mutter<\/p>\n<\/li>\n<li data-start=\"1325\" data-end=\"1372\">\n<p data-start=\"1327\" data-end=\"1372\">1x 6mm chuck<\/p>\n<\/li>\n<li data-start=\"1325\" data-end=\"1372\">\n<p data-start=\"1327\" data-end=\"1372\">1x 3mm chuck.<\/p>\n<\/li>\n<\/ul>\n","protected":false},"excerpt":{"rendered":"<p>\ud83d\udcd0Med denne adapteren fra vinkelsliper til vinkelsliper kan du bruke vinkelsliperen din til detaljerte slipe-, polerings-, puss- og skj\u00e6reoppgaver.<br \/>\n\u2699\ufe0fIt installeres raskt og holder ulike slipekroner sikkert p\u00e5 plass, noe som gir deg mer kontroll og fleksibilitet.<br \/>\n\ud83d\udee0\ufe0fA smart tillegg som utvider hva ditt eksisterende verkt\u00f8y kan gj\u00f8re uten \u00e5 kj\u00f8pe en ny maskin.<\/p>\n","protected":false},"featured_media":20715,"comment_status":"open","ping_status":"closed","template":"","meta":{"site-sidebar-layout":"default","site-content-layout":"","ast-site-content-layout":"default","site-content-style":"default","site-sidebar-style":"default","ast-global-header-display":"","ast-banner-title-visibility":"","ast-main-header-display":"","ast-hfb-above-header-display":"","ast-hfb-below-header-display":"","ast-hfb-mobile-header-display":"","site-post-title":"","ast-breadcrumbs-content":"","ast-featured-img":"","footer-sml-layout":"","theme-transparent-header-meta":"default","adv-header-id-meta":"","stick-header-meta":"","header-above-stick-meta":"","header-main-stick-meta":"","header-below-stick-meta":"","astra-migrate-meta-layouts":"set","ast-page-background-enabled":"default","ast-page-background-meta":{"desktop":{"background-color":"var(--ast-global-color-5)","background-image":"","background-repeat":"repeat","background-position":"center center","background-size":"auto","background-attachment":"scroll","background-type":"","background-media":"","overlay-type":"","overlay-color":"","overlay-opacity":"","overlay-gradient":""},"tablet":{"background-color":"","background-image":"","background-repeat":"repeat","background-position":"center center","background-size":"auto","background-attachment":"scroll","background-type":"","background-media":"","overlay-type":"","overlay-color":"","overlay-opacity":"","overlay-gradient":""},"mobile":{"background-color":"","background-image":"","background-repeat":"repeat","background-position":"center center","background-size":"auto","background-attachment":"scroll","background-type":"","background-media":"","overlay-type":"","overlay-color":"","overlay-opacity":"","overlay-gradient":""}},"ast-content-background-meta":{"desktop":{"background-color":"var(--ast-global-color-4)","background-image":"","background-repeat":"repeat","background-position":"center center","background-size":"auto","background-attachment":"scroll","background-type":"","background-media":"","overlay-type":"","overlay-color":"","overlay-opacity":"","overlay-gradient":""},"tablet":{"background-color":"var(--ast-global-color-4)","background-image":"","background-repeat":"repeat","background-position":"center center","background-size":"auto","background-attachment":"scroll","background-type":"","background-media":"","overlay-type":"","overlay-color":"","overlay-opacity":"","overlay-gradient":""},"mobile":{"background-color":"var(--ast-global-color-4)","background-image":"","background-repeat":"repeat","background-position":"center center","background-size":"auto","background-attachment":"scroll","background-type":"","background-media":"","overlay-type":"","overlay-color":"","overlay-opacity":"","overlay-gradient":""}}},"product_brand":[],"product_cat":[171],"product_tag":[],"class_list":{"0":"post-20719","1":"product","2":"type-product","3":"status-publish","4":"has-post-thumbnail","6":"product_cat-verktoy","7":"desktop-align-left","8":"tablet-align-left","9":"mobile-align-left","11":"first","12":"instock","13":"shipping-taxable","14":"purchasable","15":"product-type-simple"},"yoast_head":"<!-- This site is optimized with the Yoast SEO plugin v26.6 - https:\/\/yoast.com\/wordpress\/plugins\/seo\/ -->\n<title>Adapter for vinkelsliper til vinkelsliper - Mekulo NO<\/title>\n<meta name=\"robots\" content=\"index, follow, max-snippet:-1, max-image-preview:large, max-video-preview:-1\" \/>\n<link rel=\"canonical\" href=\"https:\/\/mekulo.com\/no\/produkt\/adapter-for-vinkelsliper-til-vinkelsliper\/\" \/>\n<meta property=\"og:locale\" content=\"nb_NO\" \/>\n<meta property=\"og:type\" content=\"article\" \/>\n<meta property=\"og:title\" content=\"Adapter for vinkelsliper til vinkelsliper - Mekulo NO\" \/>\n<meta property=\"og:description\" content=\"\ud83d\udcd0Med denne adapteren fra vinkelsliper til vinkelsliper kan du bruke vinkelsliperen din til detaljerte slipe-, polerings-, puss- og skj\u00e6reoppgaver. \u2699\ufe0fIt installeres raskt og holder ulike slipekroner sikkert p\u00e5 plass, noe som gir deg mer kontroll og fleksibilitet. \ud83d\udee0\ufe0fA smart tillegg som utvider hva ditt eksisterende verkt\u00f8y kan gj\u00f8re uten \u00e5 kj\u00f8pe en ny maskin.\" \/>\n<meta property=\"og:url\" content=\"https:\/\/mekulo.com\/no\/produkt\/adapter-for-vinkelsliper-til-vinkelsliper\/\" \/>\n<meta property=\"og:site_name\" content=\"Mekulo NO\" \/>\n<meta property=\"article:modified_time\" content=\"2026-02-10T09:27:35+00:00\" \/>\n<meta property=\"og:image\" content=\"https:\/\/mekulo.com\/no\/wp-content\/uploads\/sites\/10\/2026\/01\/ex6hoc9-1.jpg\" \/>\n\t<meta property=\"og:image:width\" content=\"900\" \/>\n\t<meta property=\"og:image:height\" content=\"852\" \/>\n\t<meta property=\"og:image:type\" content=\"image\/jpeg\" \/>\n<meta name=\"twitter:card\" content=\"summary_large_image\" \/>\n<meta name=\"twitter:label1\" content=\"Ansl. lesetid\" \/>\n\t<meta name=\"twitter:data1\" content=\"2 minutter\" \/>\n<script type=\"application\/ld+json\" class=\"yoast-schema-graph\">{\"@context\":\"https:\/\/schema.org\",\"@graph\":[{\"@type\":\"WebPage\",\"@id\":\"https:\/\/mekulo.com\/no\/produkt\/adapter-for-vinkelsliper-til-vinkelsliper\/\",\"url\":\"https:\/\/mekulo.com\/no\/produkt\/adapter-for-vinkelsliper-til-vinkelsliper\/\",\"name\":\"Adapter for vinkelsliper til vinkelsliper - Mekulo NO\",\"isPartOf\":{\"@id\":\"https:\/\/mekulo.com\/no\/#website\"},\"primaryImageOfPage\":{\"@id\":\"https:\/\/mekulo.com\/no\/produkt\/adapter-for-vinkelsliper-til-vinkelsliper\/#primaryimage\"},\"image\":{\"@id\":\"https:\/\/mekulo.com\/no\/produkt\/adapter-for-vinkelsliper-til-vinkelsliper\/#primaryimage\"},\"thumbnailUrl\":\"https:\/\/mekulo.com\/no\/wp-content\/uploads\/sites\/10\/2026\/01\/ex6hoc9-1.jpg\",\"datePublished\":\"2026-01-30T05:33:48+00:00\",\"dateModified\":\"2026-02-10T09:27:35+00:00\",\"breadcrumb\":{\"@id\":\"https:\/\/mekulo.com\/no\/produkt\/adapter-for-vinkelsliper-til-vinkelsliper\/#breadcrumb\"},\"inLanguage\":\"nb-NO\",\"potentialAction\":[{\"@type\":\"ReadAction\",\"target\":[\"https:\/\/mekulo.com\/no\/produkt\/adapter-for-vinkelsliper-til-vinkelsliper\/\"]}]},{\"@type\":\"ImageObject\",\"inLanguage\":\"nb-NO\",\"@id\":\"https:\/\/mekulo.com\/no\/produkt\/adapter-for-vinkelsliper-til-vinkelsliper\/#primaryimage\",\"url\":\"https:\/\/mekulo.com\/no\/wp-content\/uploads\/sites\/10\/2026\/01\/ex6hoc9-1.jpg\",\"contentUrl\":\"https:\/\/mekulo.com\/no\/wp-content\/uploads\/sites\/10\/2026\/01\/ex6hoc9-1.jpg\",\"width\":900,\"height\":852},{\"@type\":\"BreadcrumbList\",\"@id\":\"https:\/\/mekulo.com\/no\/produkt\/adapter-for-vinkelsliper-til-vinkelsliper\/#breadcrumb\",\"itemListElement\":[{\"@type\":\"ListItem\",\"position\":1,\"name\":\"Home\",\"item\":\"https:\/\/mekulo.com\/no\/\"},{\"@type\":\"ListItem\",\"position\":2,\"name\":\"Butikk\",\"item\":\"https:\/\/mekulo.com\/no\/butikk\/\"},{\"@type\":\"ListItem\",\"position\":3,\"name\":\"Adapter for vinkelsliper til vinkelsliper\"}]},{\"@type\":\"WebSite\",\"@id\":\"https:\/\/mekulo.com\/no\/#website\",\"url\":\"https:\/\/mekulo.com\/no\/\",\"name\":\"Mekulo NO\",\"description\":\"\",\"publisher\":{\"@id\":\"https:\/\/mekulo.com\/no\/#organization\"},\"potentialAction\":[{\"@type\":\"SearchAction\",\"target\":{\"@type\":\"EntryPoint\",\"urlTemplate\":\"https:\/\/mekulo.com\/no\/?s={search_term_string}\"},\"query-input\":{\"@type\":\"PropertyValueSpecification\",\"valueRequired\":true,\"valueName\":\"search_term_string\"}}],\"inLanguage\":\"nb-NO\"},{\"@type\":\"Organization\",\"@id\":\"https:\/\/mekulo.com\/no\/#organization\",\"name\":\"Mekulo\",\"url\":\"https:\/\/mekulo.com\/no\/\",\"logo\":{\"@type\":\"ImageObject\",\"inLanguage\":\"nb-NO\",\"@id\":\"https:\/\/mekulo.com\/no\/#\/schema\/logo\/image\/\",\"url\":\"https:\/\/mekulo.com\/no\/wp-content\/uploads\/sites\/10\/2025\/12\/favicon_mekulo.png\",\"contentUrl\":\"https:\/\/mekulo.com\/no\/wp-content\/uploads\/sites\/10\/2025\/12\/favicon_mekulo.png\",\"width\":50,\"height\":50,\"caption\":\"Mekulo\"},\"image\":{\"@id\":\"https:\/\/mekulo.com\/no\/#\/schema\/logo\/image\/\"}}]}<\/script>\n<!-- \/ Yoast SEO plugin. -->","yoast_head_json":{"title":"Adapter for vinkelsliper til vinkelsliper - Mekulo NO","robots":{"index":"index","follow":"follow","max-snippet":"max-snippet:-1","max-image-preview":"max-image-preview:large","max-video-preview":"max-video-preview:-1"},"canonical":"https:\/\/mekulo.com\/no\/produkt\/adapter-for-vinkelsliper-til-vinkelsliper\/","og_locale":"nb_NO","og_type":"article","og_title":"Adapter for vinkelsliper til vinkelsliper - Mekulo NO","og_description":"\ud83d\udcd0Med denne adapteren fra vinkelsliper til vinkelsliper kan du bruke vinkelsliperen din til detaljerte slipe-, polerings-, puss- og skj\u00e6reoppgaver. \u2699\ufe0fIt installeres raskt og holder ulike slipekroner sikkert p\u00e5 plass, noe som gir deg mer kontroll og fleksibilitet. \ud83d\udee0\ufe0fA smart tillegg som utvider hva ditt eksisterende verkt\u00f8y kan gj\u00f8re uten \u00e5 kj\u00f8pe en ny maskin.","og_url":"https:\/\/mekulo.com\/no\/produkt\/adapter-for-vinkelsliper-til-vinkelsliper\/","og_site_name":"Mekulo NO","article_modified_time":"2026-02-10T09:27:35+00:00","og_image":[{"width":900,"height":852,"url":"https:\/\/mekulo.com\/no\/wp-content\/uploads\/sites\/10\/2026\/01\/ex6hoc9-1.jpg","type":"image\/jpeg"}],"twitter_card":"summary_large_image","twitter_misc":{"Ansl. lesetid":"2 minutter"},"schema":{"@context":"https:\/\/schema.org","@graph":[{"@type":"WebPage","@id":"https:\/\/mekulo.com\/no\/produkt\/adapter-for-vinkelsliper-til-vinkelsliper\/","url":"https:\/\/mekulo.com\/no\/produkt\/adapter-for-vinkelsliper-til-vinkelsliper\/","name":"Adapter for vinkelsliper til vinkelsliper - Mekulo NO","isPartOf":{"@id":"https:\/\/mekulo.com\/no\/#website"},"primaryImageOfPage":{"@id":"https:\/\/mekulo.com\/no\/produkt\/adapter-for-vinkelsliper-til-vinkelsliper\/#primaryimage"},"image":{"@id":"https:\/\/mekulo.com\/no\/produkt\/adapter-for-vinkelsliper-til-vinkelsliper\/#primaryimage"},"thumbnailUrl":"https:\/\/mekulo.com\/no\/wp-content\/uploads\/sites\/10\/2026\/01\/ex6hoc9-1.jpg","datePublished":"2026-01-30T05:33:48+00:00","dateModified":"2026-02-10T09:27:35+00:00","breadcrumb":{"@id":"https:\/\/mekulo.com\/no\/produkt\/adapter-for-vinkelsliper-til-vinkelsliper\/#breadcrumb"},"inLanguage":"nb-NO","potentialAction":[{"@type":"ReadAction","target":["https:\/\/mekulo.com\/no\/produkt\/adapter-for-vinkelsliper-til-vinkelsliper\/"]}]},{"@type":"ImageObject","inLanguage":"nb-NO","@id":"https:\/\/mekulo.com\/no\/produkt\/adapter-for-vinkelsliper-til-vinkelsliper\/#primaryimage","url":"https:\/\/mekulo.com\/no\/wp-content\/uploads\/sites\/10\/2026\/01\/ex6hoc9-1.jpg","contentUrl":"https:\/\/mekulo.com\/no\/wp-content\/uploads\/sites\/10\/2026\/01\/ex6hoc9-1.jpg","width":900,"height":852},{"@type":"BreadcrumbList","@id":"https:\/\/mekulo.com\/no\/produkt\/adapter-for-vinkelsliper-til-vinkelsliper\/#breadcrumb","itemListElement":[{"@type":"ListItem","position":1,"name":"Home","item":"https:\/\/mekulo.com\/no\/"},{"@type":"ListItem","position":2,"name":"Butikk","item":"https:\/\/mekulo.com\/no\/butikk\/"},{"@type":"ListItem","position":3,"name":"Adapter for vinkelsliper til vinkelsliper"}]},{"@type":"WebSite","@id":"https:\/\/mekulo.com\/no\/#website","url":"https:\/\/mekulo.com\/no\/","name":"Mekulo NO","description":"","publisher":{"@id":"https:\/\/mekulo.com\/no\/#organization"},"potentialAction":[{"@type":"SearchAction","target":{"@type":"EntryPoint","urlTemplate":"https:\/\/mekulo.com\/no\/?s={search_term_string}"},"query-input":{"@type":"PropertyValueSpecification","valueRequired":true,"valueName":"search_term_string"}}],"inLanguage":"nb-NO"},{"@type":"Organization","@id":"https:\/\/mekulo.com\/no\/#organization","name":"Mekulo","url":"https:\/\/mekulo.com\/no\/","logo":{"@type":"ImageObject","inLanguage":"nb-NO","@id":"https:\/\/mekulo.com\/no\/#\/schema\/logo\/image\/","url":"https:\/\/mekulo.com\/no\/wp-content\/uploads\/sites\/10\/2025\/12\/favicon_mekulo.png","contentUrl":"https:\/\/mekulo.com\/no\/wp-content\/uploads\/sites\/10\/2025\/12\/favicon_mekulo.png","width":50,"height":50,"caption":"Mekulo"},"image":{"@id":"https:\/\/mekulo.com\/no\/#\/schema\/logo\/image\/"}}]}},"_links":{"self":[{"href":"https:\/\/mekulo.com\/no\/wp-json\/wp\/v2\/product\/20719","targetHints":{"allow":["GET"]}}],"collection":[{"href":"https:\/\/mekulo.com\/no\/wp-json\/wp\/v2\/product"}],"about":[{"href":"https:\/\/mekulo.com\/no\/wp-json\/wp\/v2\/types\/product"}],"replies":[{"embeddable":true,"href":"https:\/\/mekulo.com\/no\/wp-json\/wp\/v2\/comments?post=20719"}],"wp:featuredmedia":[{"embeddable":true,"href":"https:\/\/mekulo.com\/no\/wp-json\/wp\/v2\/media\/20715"}],"wp:attachment":[{"href":"https:\/\/mekulo.com\/no\/wp-json\/wp\/v2\/media?parent=20719"}],"wp:term":[{"taxonomy":"product_brand","embeddable":true,"href":"https:\/\/mekulo.com\/no\/wp-json\/wp\/v2\/product_brand?post=20719"},{"taxonomy":"product_cat","embeddable":true,"href":"https:\/\/mekulo.com\/no\/wp-json\/wp\/v2\/product_cat?post=20719"},{"taxonomy":"product_tag","embeddable":true,"href":"https:\/\/mekulo.com\/no\/wp-json\/wp\/v2\/product_tag?post=20719"}],"curies":[{"name":"wp","href":"https:\/\/api.w.org\/{rel}","templated":true}]}}