{"id":20683,"date":"2026-01-30T07:32:17","date_gmt":"2026-01-30T05:32:17","guid":{"rendered":"https:\/\/mekulo.com\/no\/produkt\/magnetisk-oyevippeapplikator\/"},"modified":"2026-01-30T07:32:59","modified_gmt":"2026-01-30T05:32:59","slug":"magnetisk-oyevippeapplikator","status":"publish","type":"product","link":"https:\/\/mekulo.com\/no\/produkt\/magnetisk-oyevippeapplikator\/","title":{"rendered":"Magnetisk \u00f8yevippeapplikator"},"content":{"rendered":"<p style=\"text-align: center\" data-start=\"0\" data-end=\"69\"><strong data-start=\"0\" data-end=\"69\">P\u00e5f\u00f8r Magnetiske \u00d8yevipper Perfekt P\u00e5 Sekunder Med Ett Enkelt Verkt\u00f8y. \ud83d\udc40<\/strong><\/p>\n<p data-start=\"0\" data-end=\"69\"><img fetchpriority=\"high\" decoding=\"async\" class=\"size-full wp-image-22623 aligncenter\" src=\"https:\/\/mekulo.com\/template\/wp-content\/uploads\/sites\/6\/2026\/01\/H9d8ba488f2b042658c1f73ea4a3c45bbQ.webp\" alt=\"\" width=\"800\" height=\"800\" \/><\/p>\n<h2 style=\"text-align: center\" data-start=\"383\" data-end=\"400\"><strong>Hovedfordeler \ud83e\uddf2<\/strong><\/h2>\n<p data-start=\"403\" data-end=\"461\">\ud83e\uddf2 Sterkt magnetisk grep &#8211; Griper vippene automatisk.<\/p>\n<p data-start=\"464\" data-end=\"512\">\u2728 2-i-1-design &#8211; P\u00e5f\u00f8rer og b\u00f8yer vippene.<\/p>\n<p data-start=\"515\" data-end=\"568\">\u23f1\ufe0f Rask p\u00e5f\u00f8ring &#8211; Fest, klipp og slipp.<\/p>\n<p data-start=\"571\" data-end=\"631\">\ud83d\udc41\ufe0f Trygt p\u00e5 \u00f8ynene &#8211; Myke magnetiske striper beskytter vippene.<\/p>\n<p data-start=\"634\" data-end=\"692\">\ud83d\udd04 Universell passform &#8211; Fungerer med alle magnetiske \u00f8yevipper.<\/p>\n<p data-start=\"695\" data-end=\"752\">\ud83d\udca7 Slitesterk konstruksjon &#8211; Vanntett legering i rustfritt st\u00e5l.<\/p>\n<p data-start=\"695\" data-end=\"752\"><img decoding=\"async\" class=\"size-full wp-image-22624 aligncenter\" src=\"https:\/\/mekulo.com\/template\/wp-content\/uploads\/sites\/6\/2026\/01\/Sffcf0a80423348c4af59fb325d2356e0J.jpg_960x960q75.jpg_.avif\" alt=\"\" width=\"800\" height=\"800\" \/><\/p>\n<h2 style=\"text-align: center\" data-start=\"754\" data-end=\"768\"><strong>Hvordan Du Bruker \ud83d\udccc<\/strong><\/h2>\n<ol data-start=\"769\" data-end=\"1026\">\n<li data-start=\"769\" data-end=\"824\">\n<p data-start=\"772\" data-end=\"824\">Plasser magnetiske vipper p\u00e5 applikatormagnetene.<\/p>\n<\/li>\n<li data-start=\"825\" data-end=\"876\">\n<p data-start=\"828\" data-end=\"876\">s\u00f8rg for at magnetstrimlene vender mot hverandre.<\/p>\n<\/li>\n<li data-start=\"877\" data-end=\"942\">\n<p data-start=\"880\" data-end=\"942\">plasser applikatoren over og under dine naturlige vipper.<\/p>\n<\/li>\n<li data-start=\"943\" data-end=\"988\">\n<p data-start=\"946\" data-end=\"988\">lukk applikatoren forsiktig og slipp.<\/p>\n<\/li>\n<li data-start=\"989\" data-end=\"1026\">\n<p data-start=\"992\" data-end=\"1026\">juster litt for en perfekt passform.<\/p>\n<\/li>\n<\/ol>\n<h2 style=\"text-align: center\" data-start=\"1028\" data-end=\"1047\"><strong>Produktdetaljer \ud83d\udccf<\/strong><\/h2>\n<ul data-start=\"1048\" data-end=\"1244\">\n<li data-start=\"1048\" data-end=\"1083\">\n<p data-start=\"1050\" data-end=\"1083\">Materiale: Rustfritt st\u00e5llegering<\/p>\n<\/li>\n<li data-start=\"1084\" data-end=\"1123\">\n<p data-start=\"1086\" data-end=\"1123\">Magnetisk type: Myke magnetiske striper<\/p>\n<\/li>\n<li data-start=\"1124\" data-end=\"1166\">\n<p data-start=\"1126\" data-end=\"1166\">Funksjon: P\u00e5f\u00f8ring og kr\u00f8lling av vipper<\/p>\n<\/li>\n<li data-start=\"1167\" data-end=\"1208\">\n<p data-start=\"1169\" data-end=\"1208\">Kompatibilitet: Alle magnetiske \u00f8yevipper<\/p>\n<\/li>\n<li data-start=\"1209\" data-end=\"1244\">\n<p data-start=\"1211\" data-end=\"1244\">Design: Buet, ergonomisk form<\/p>\n<\/li>\n<li data-start=\"1209\" data-end=\"1244\">St\u00f8rrelse: 10,2 x 6,7 cm<\/li>\n<\/ul>\n<h2 style=\"text-align: center\" data-start=\"1246\" data-end=\"1266\"><strong>Pakken Inkluderer \ud83d\udce6<\/strong><\/h2>\n<ul data-start=\"1267\" data-end=\"1300\">\n<li data-start=\"1267\" data-end=\"1300\">\n<p data-start=\"1269\" data-end=\"1300\">1x magnetisk \u00f8yenvippeapplikator<\/p>\n<\/li>\n<li data-start=\"1267\" data-end=\"1300\">4x magnetiske vipper.<\/li>\n<\/ul>\n","protected":false},"excerpt":{"rendered":"<p>\ud83d\udc41\ufe0fThis magnetisk \u00f8yevippeapplikator hjelper deg med \u00e5 feste magnetiske vipper raskt og n\u00f8yaktig uten lim eller s\u00f8l.<br \/>\n\ud83d\udc69Det sterke magnetiske grepet plasserer vippene riktig, mens den buede designen ogs\u00e5 l\u00f8fter og b\u00f8yer de naturlige vippene dine.<br \/>\n\u231bEt enkelt skj\u00f8nnhetsverkt\u00f8y som sparer tid og gir deg feilfrie vipper hver gang.<\/p>\n","protected":false},"featured_media":20679,"comment_status":"open","ping_status":"closed","template":"","meta":{"site-sidebar-layout":"default","site-content-layout":"","ast-site-content-layout":"default","site-content-style":"default","site-sidebar-style":"default","ast-global-header-display":"","ast-banner-title-visibility":"","ast-main-header-display":"","ast-hfb-above-header-display":"","ast-hfb-below-header-display":"","ast-hfb-mobile-header-display":"","site-post-title":"","ast-breadcrumbs-content":"","ast-featured-img":"","footer-sml-layout":"","theme-transparent-header-meta":"default","adv-header-id-meta":"","stick-header-meta":"","header-above-stick-meta":"","header-main-stick-meta":"","header-below-stick-meta":"","astra-migrate-meta-layouts":"set","ast-page-background-enabled":"default","ast-page-background-meta":{"desktop":{"background-color":"var(--ast-global-color-5)","background-image":"","background-repeat":"repeat","background-position":"center center","background-size":"auto","background-attachment":"scroll","background-type":"","background-media":"","overlay-type":"","overlay-color":"","overlay-opacity":"","overlay-gradient":""},"tablet":{"background-color":"","background-image":"","background-repeat":"repeat","background-position":"center center","background-size":"auto","background-attachment":"scroll","background-type":"","background-media":"","overlay-type":"","overlay-color":"","overlay-opacity":"","overlay-gradient":""},"mobile":{"background-color":"","background-image":"","background-repeat":"repeat","background-position":"center center","background-size":"auto","background-attachment":"scroll","background-type":"","background-media":"","overlay-type":"","overlay-color":"","overlay-opacity":"","overlay-gradient":""}},"ast-content-background-meta":{"desktop":{"background-color":"var(--ast-global-color-4)","background-image":"","background-repeat":"repeat","background-position":"center center","background-size":"auto","background-attachment":"scroll","background-type":"","background-media":"","overlay-type":"","overlay-color":"","overlay-opacity":"","overlay-gradient":""},"tablet":{"background-color":"var(--ast-global-color-4)","background-image":"","background-repeat":"repeat","background-position":"center center","background-size":"auto","background-attachment":"scroll","background-type":"","background-media":"","overlay-type":"","overlay-color":"","overlay-opacity":"","overlay-gradient":""},"mobile":{"background-color":"var(--ast-global-color-4)","background-image":"","background-repeat":"repeat","background-position":"center center","background-size":"auto","background-attachment":"scroll","background-type":"","background-media":"","overlay-type":"","overlay-color":"","overlay-opacity":"","overlay-gradient":""}}},"product_brand":[],"product_cat":[162],"product_tag":[],"class_list":{"0":"post-20683","1":"product","2":"type-product","3":"status-publish","4":"has-post-thumbnail","6":"product_cat-skjonnhets-og-hygieneprodukter","7":"pa_53123_qgp8k8xc-gull","8":"pa_53123_qgp8k8xc-solv","9":"pa_53123_sdghr05v-a","10":"pa_53123_sdghr05v-b","11":"pa_53123_sdghr05v-c","12":"pa_53123_sdghr05v-d","13":"pa_53123_sdghr05v-e","14":"pa_53123_sdghr05v-f","15":"desktop-align-left","16":"tablet-align-left","17":"mobile-align-left","19":"first","20":"instock","21":"shipping-taxable","22":"purchasable","23":"product-type-variable","24":"has-default-attributes"},"yoast_head":"<!-- This site is optimized with the Yoast SEO plugin v26.6 - https:\/\/yoast.com\/wordpress\/plugins\/seo\/ -->\n<title>Magnetisk \u00f8yevippeapplikator - Mekulo NO<\/title>\n<meta name=\"robots\" content=\"index, follow, max-snippet:-1, max-image-preview:large, max-video-preview:-1\" \/>\n<link rel=\"canonical\" href=\"https:\/\/mekulo.com\/no\/produkt\/magnetisk-oyevippeapplikator\/\" \/>\n<meta property=\"og:locale\" content=\"nb_NO\" \/>\n<meta property=\"og:type\" content=\"article\" \/>\n<meta property=\"og:title\" content=\"Magnetisk \u00f8yevippeapplikator - Mekulo NO\" \/>\n<meta property=\"og:description\" content=\"\ud83d\udc41\ufe0fThis magnetisk \u00f8yevippeapplikator hjelper deg med \u00e5 feste magnetiske vipper raskt og n\u00f8yaktig uten lim eller s\u00f8l. \ud83d\udc69Det sterke magnetiske grepet plasserer vippene riktig, mens den buede designen ogs\u00e5 l\u00f8fter og b\u00f8yer de naturlige vippene dine. \u231bEt enkelt skj\u00f8nnhetsverkt\u00f8y som sparer tid og gir deg feilfrie vipper hver gang.\" \/>\n<meta property=\"og:url\" content=\"https:\/\/mekulo.com\/no\/produkt\/magnetisk-oyevippeapplikator\/\" \/>\n<meta property=\"og:site_name\" content=\"Mekulo NO\" \/>\n<meta property=\"article:modified_time\" content=\"2026-01-30T05:32:59+00:00\" \/>\n<meta property=\"og:image\" content=\"https:\/\/mekulo.com\/no\/wp-content\/uploads\/sites\/10\/2026\/01\/xz24iph-1.jpg\" \/>\n\t<meta property=\"og:image:width\" content=\"1080\" \/>\n\t<meta property=\"og:image:height\" content=\"1080\" \/>\n\t<meta property=\"og:image:type\" content=\"image\/jpeg\" \/>\n<meta name=\"twitter:card\" content=\"summary_large_image\" \/>\n<meta name=\"twitter:label1\" content=\"Ansl. lesetid\" \/>\n\t<meta name=\"twitter:data1\" content=\"2 minutter\" \/>\n<script type=\"application\/ld+json\" class=\"yoast-schema-graph\">{\"@context\":\"https:\/\/schema.org\",\"@graph\":[{\"@type\":\"WebPage\",\"@id\":\"https:\/\/mekulo.com\/no\/produkt\/magnetisk-oyevippeapplikator\/\",\"url\":\"https:\/\/mekulo.com\/no\/produkt\/magnetisk-oyevippeapplikator\/\",\"name\":\"Magnetisk \u00f8yevippeapplikator - Mekulo NO\",\"isPartOf\":{\"@id\":\"https:\/\/mekulo.com\/no\/#website\"},\"primaryImageOfPage\":{\"@id\":\"https:\/\/mekulo.com\/no\/produkt\/magnetisk-oyevippeapplikator\/#primaryimage\"},\"image\":{\"@id\":\"https:\/\/mekulo.com\/no\/produkt\/magnetisk-oyevippeapplikator\/#primaryimage\"},\"thumbnailUrl\":\"https:\/\/mekulo.com\/no\/wp-content\/uploads\/sites\/10\/2026\/01\/xz24iph-1.jpg\",\"datePublished\":\"2026-01-30T05:32:17+00:00\",\"dateModified\":\"2026-01-30T05:32:59+00:00\",\"breadcrumb\":{\"@id\":\"https:\/\/mekulo.com\/no\/produkt\/magnetisk-oyevippeapplikator\/#breadcrumb\"},\"inLanguage\":\"nb-NO\",\"potentialAction\":[{\"@type\":\"ReadAction\",\"target\":[\"https:\/\/mekulo.com\/no\/produkt\/magnetisk-oyevippeapplikator\/\"]}]},{\"@type\":\"ImageObject\",\"inLanguage\":\"nb-NO\",\"@id\":\"https:\/\/mekulo.com\/no\/produkt\/magnetisk-oyevippeapplikator\/#primaryimage\",\"url\":\"https:\/\/mekulo.com\/no\/wp-content\/uploads\/sites\/10\/2026\/01\/xz24iph-1.jpg\",\"contentUrl\":\"https:\/\/mekulo.com\/no\/wp-content\/uploads\/sites\/10\/2026\/01\/xz24iph-1.jpg\",\"width\":1080,\"height\":1080},{\"@type\":\"BreadcrumbList\",\"@id\":\"https:\/\/mekulo.com\/no\/produkt\/magnetisk-oyevippeapplikator\/#breadcrumb\",\"itemListElement\":[{\"@type\":\"ListItem\",\"position\":1,\"name\":\"Home\",\"item\":\"https:\/\/mekulo.com\/no\/\"},{\"@type\":\"ListItem\",\"position\":2,\"name\":\"Butikk\",\"item\":\"https:\/\/mekulo.com\/no\/butikk\/\"},{\"@type\":\"ListItem\",\"position\":3,\"name\":\"Magnetisk \u00f8yevippeapplikator\"}]},{\"@type\":\"WebSite\",\"@id\":\"https:\/\/mekulo.com\/no\/#website\",\"url\":\"https:\/\/mekulo.com\/no\/\",\"name\":\"Mekulo NO\",\"description\":\"\",\"publisher\":{\"@id\":\"https:\/\/mekulo.com\/no\/#organization\"},\"potentialAction\":[{\"@type\":\"SearchAction\",\"target\":{\"@type\":\"EntryPoint\",\"urlTemplate\":\"https:\/\/mekulo.com\/no\/?s={search_term_string}\"},\"query-input\":{\"@type\":\"PropertyValueSpecification\",\"valueRequired\":true,\"valueName\":\"search_term_string\"}}],\"inLanguage\":\"nb-NO\"},{\"@type\":\"Organization\",\"@id\":\"https:\/\/mekulo.com\/no\/#organization\",\"name\":\"Mekulo\",\"url\":\"https:\/\/mekulo.com\/no\/\",\"logo\":{\"@type\":\"ImageObject\",\"inLanguage\":\"nb-NO\",\"@id\":\"https:\/\/mekulo.com\/no\/#\/schema\/logo\/image\/\",\"url\":\"https:\/\/mekulo.com\/no\/wp-content\/uploads\/sites\/10\/2025\/12\/favicon_mekulo.png\",\"contentUrl\":\"https:\/\/mekulo.com\/no\/wp-content\/uploads\/sites\/10\/2025\/12\/favicon_mekulo.png\",\"width\":50,\"height\":50,\"caption\":\"Mekulo\"},\"image\":{\"@id\":\"https:\/\/mekulo.com\/no\/#\/schema\/logo\/image\/\"}}]}<\/script>\n<!-- \/ Yoast SEO plugin. -->","yoast_head_json":{"title":"Magnetisk \u00f8yevippeapplikator - Mekulo NO","robots":{"index":"index","follow":"follow","max-snippet":"max-snippet:-1","max-image-preview":"max-image-preview:large","max-video-preview":"max-video-preview:-1"},"canonical":"https:\/\/mekulo.com\/no\/produkt\/magnetisk-oyevippeapplikator\/","og_locale":"nb_NO","og_type":"article","og_title":"Magnetisk \u00f8yevippeapplikator - Mekulo NO","og_description":"\ud83d\udc41\ufe0fThis magnetisk \u00f8yevippeapplikator hjelper deg med \u00e5 feste magnetiske vipper raskt og n\u00f8yaktig uten lim eller s\u00f8l. \ud83d\udc69Det sterke magnetiske grepet plasserer vippene riktig, mens den buede designen ogs\u00e5 l\u00f8fter og b\u00f8yer de naturlige vippene dine. \u231bEt enkelt skj\u00f8nnhetsverkt\u00f8y som sparer tid og gir deg feilfrie vipper hver gang.","og_url":"https:\/\/mekulo.com\/no\/produkt\/magnetisk-oyevippeapplikator\/","og_site_name":"Mekulo NO","article_modified_time":"2026-01-30T05:32:59+00:00","og_image":[{"width":1080,"height":1080,"url":"https:\/\/mekulo.com\/no\/wp-content\/uploads\/sites\/10\/2026\/01\/xz24iph-1.jpg","type":"image\/jpeg"}],"twitter_card":"summary_large_image","twitter_misc":{"Ansl. lesetid":"2 minutter"},"schema":{"@context":"https:\/\/schema.org","@graph":[{"@type":"WebPage","@id":"https:\/\/mekulo.com\/no\/produkt\/magnetisk-oyevippeapplikator\/","url":"https:\/\/mekulo.com\/no\/produkt\/magnetisk-oyevippeapplikator\/","name":"Magnetisk \u00f8yevippeapplikator - Mekulo NO","isPartOf":{"@id":"https:\/\/mekulo.com\/no\/#website"},"primaryImageOfPage":{"@id":"https:\/\/mekulo.com\/no\/produkt\/magnetisk-oyevippeapplikator\/#primaryimage"},"image":{"@id":"https:\/\/mekulo.com\/no\/produkt\/magnetisk-oyevippeapplikator\/#primaryimage"},"thumbnailUrl":"https:\/\/mekulo.com\/no\/wp-content\/uploads\/sites\/10\/2026\/01\/xz24iph-1.jpg","datePublished":"2026-01-30T05:32:17+00:00","dateModified":"2026-01-30T05:32:59+00:00","breadcrumb":{"@id":"https:\/\/mekulo.com\/no\/produkt\/magnetisk-oyevippeapplikator\/#breadcrumb"},"inLanguage":"nb-NO","potentialAction":[{"@type":"ReadAction","target":["https:\/\/mekulo.com\/no\/produkt\/magnetisk-oyevippeapplikator\/"]}]},{"@type":"ImageObject","inLanguage":"nb-NO","@id":"https:\/\/mekulo.com\/no\/produkt\/magnetisk-oyevippeapplikator\/#primaryimage","url":"https:\/\/mekulo.com\/no\/wp-content\/uploads\/sites\/10\/2026\/01\/xz24iph-1.jpg","contentUrl":"https:\/\/mekulo.com\/no\/wp-content\/uploads\/sites\/10\/2026\/01\/xz24iph-1.jpg","width":1080,"height":1080},{"@type":"BreadcrumbList","@id":"https:\/\/mekulo.com\/no\/produkt\/magnetisk-oyevippeapplikator\/#breadcrumb","itemListElement":[{"@type":"ListItem","position":1,"name":"Home","item":"https:\/\/mekulo.com\/no\/"},{"@type":"ListItem","position":2,"name":"Butikk","item":"https:\/\/mekulo.com\/no\/butikk\/"},{"@type":"ListItem","position":3,"name":"Magnetisk \u00f8yevippeapplikator"}]},{"@type":"WebSite","@id":"https:\/\/mekulo.com\/no\/#website","url":"https:\/\/mekulo.com\/no\/","name":"Mekulo NO","description":"","publisher":{"@id":"https:\/\/mekulo.com\/no\/#organization"},"potentialAction":[{"@type":"SearchAction","target":{"@type":"EntryPoint","urlTemplate":"https:\/\/mekulo.com\/no\/?s={search_term_string}"},"query-input":{"@type":"PropertyValueSpecification","valueRequired":true,"valueName":"search_term_string"}}],"inLanguage":"nb-NO"},{"@type":"Organization","@id":"https:\/\/mekulo.com\/no\/#organization","name":"Mekulo","url":"https:\/\/mekulo.com\/no\/","logo":{"@type":"ImageObject","inLanguage":"nb-NO","@id":"https:\/\/mekulo.com\/no\/#\/schema\/logo\/image\/","url":"https:\/\/mekulo.com\/no\/wp-content\/uploads\/sites\/10\/2025\/12\/favicon_mekulo.png","contentUrl":"https:\/\/mekulo.com\/no\/wp-content\/uploads\/sites\/10\/2025\/12\/favicon_mekulo.png","width":50,"height":50,"caption":"Mekulo"},"image":{"@id":"https:\/\/mekulo.com\/no\/#\/schema\/logo\/image\/"}}]}},"_links":{"self":[{"href":"https:\/\/mekulo.com\/no\/wp-json\/wp\/v2\/product\/20683","targetHints":{"allow":["GET"]}}],"collection":[{"href":"https:\/\/mekulo.com\/no\/wp-json\/wp\/v2\/product"}],"about":[{"href":"https:\/\/mekulo.com\/no\/wp-json\/wp\/v2\/types\/product"}],"replies":[{"embeddable":true,"href":"https:\/\/mekulo.com\/no\/wp-json\/wp\/v2\/comments?post=20683"}],"wp:featuredmedia":[{"embeddable":true,"href":"https:\/\/mekulo.com\/no\/wp-json\/wp\/v2\/media\/20679"}],"wp:attachment":[{"href":"https:\/\/mekulo.com\/no\/wp-json\/wp\/v2\/media?parent=20683"}],"wp:term":[{"taxonomy":"product_brand","embeddable":true,"href":"https:\/\/mekulo.com\/no\/wp-json\/wp\/v2\/product_brand?post=20683"},{"taxonomy":"product_cat","embeddable":true,"href":"https:\/\/mekulo.com\/no\/wp-json\/wp\/v2\/product_cat?post=20683"},{"taxonomy":"product_tag","embeddable":true,"href":"https:\/\/mekulo.com\/no\/wp-json\/wp\/v2\/product_tag?post=20683"}],"curies":[{"name":"wp","href":"https:\/\/api.w.org\/{rel}","templated":true}]}}