{"id":20658,"date":"2026-01-30T07:30:20","date_gmt":"2026-01-30T05:30:20","guid":{"rendered":"https:\/\/mekulo.com\/no\/produkt\/forlengelsesslange-for-dekkventil-2-stk\/"},"modified":"2026-01-30T07:30:58","modified_gmt":"2026-01-30T05:30:58","slug":"forlengelsesslange-for-dekkventil-2-stk","status":"publish","type":"product","link":"https:\/\/mekulo.com\/no\/produkt\/forlengelsesslange-for-dekkventil-2-stk\/","title":{"rendered":"Forlengelsesslange for dekkventil (2 stk)"},"content":{"rendered":"<p style=\"text-align: center\" data-start=\"0\" data-end=\"82\"><strong data-start=\"0\" data-end=\"82\">Pump opp og kontroller dekktrykket enkelt, selv i ventilposisjoner som er vanskelige \u00e5 n\u00e5. \ud83d\udede<\/strong><\/p>\n<p data-start=\"0\" data-end=\"82\"><img fetchpriority=\"high\" decoding=\"async\" class=\"size-full wp-image-22596 aligncenter\" src=\"https:\/\/mekulo.com\/template\/wp-content\/uploads\/sites\/6\/2026\/01\/Sd7eca5d1ef41472e8492d4098988109bG.jpg\" alt=\"\" width=\"1080\" height=\"1080\" \/><\/p>\n<h2 style=\"text-align: center\" data-start=\"401\" data-end=\"418\"><strong>Hovedfordeler \ud83d\ude98<\/strong><\/h2>\n<p data-start=\"421\" data-end=\"489\">\ud83d\ude97 Enkel ventiltilgang &#8211; N\u00e5r trange eller vinklede ventilposisjoner.<\/p>\n<p data-start=\"492\" data-end=\"558\">\ud83d\udca8 Lekkasjesikker design &#8211; Gummipakninger for lufttett ytelse.<\/p>\n<p data-start=\"561\" data-end=\"620\">\ud83d\udd04 Innebygd ventilkjerne &#8211; Rask oppbl\u00e5sing og t\u00f8mming.<\/p>\n<p data-start=\"623\" data-end=\"677\">\ud83d\udee0\ufe0f Verkt\u00f8yfri installasjon &#8211; Skrues p\u00e5 p\u00e5 sekunder.<\/p>\n<p data-start=\"680\" data-end=\"725\">\ud83e\uddf2 Fleksibel slange &#8211; Kan justeres til alle vinkler.<\/p>\n<p data-start=\"728\" data-end=\"775\">\ud83c\udf0d Universell passform &#8211; Fungerer p\u00e5 mange kj\u00f8ret\u00f8y.<\/p>\n<p data-start=\"728\" data-end=\"775\"><img decoding=\"async\" class=\"size-full wp-image-22597 aligncenter\" src=\"https:\/\/mekulo.com\/template\/wp-content\/uploads\/sites\/6\/2026\/01\/S3539298e511548e4b0c22e9ad83cda44Z.jpg_960x960q75.jpg_.avif\" alt=\"\" width=\"960\" height=\"960\" \/><\/p>\n<h2 style=\"text-align: center\" data-start=\"777\" data-end=\"791\"><strong>Hvordan Du Bruker \ud83d\udccc<\/strong><\/h2>\n<ol data-start=\"792\" data-end=\"1015\">\n<li data-start=\"792\" data-end=\"827\">\n<p data-start=\"795\" data-end=\"827\">Fjern den eksisterende ventilhetten.<\/p>\n<\/li>\n<li data-start=\"828\" data-end=\"878\">\n<p data-start=\"831\" data-end=\"878\">Skru forlengelsesslangen p\u00e5 dekkventilen.<\/p>\n<\/li>\n<li data-start=\"879\" data-end=\"923\">\n<p data-start=\"882\" data-end=\"923\">Fest luftpumpen eller trykkm\u00e5leren.<\/p>\n<\/li>\n<li data-start=\"924\" data-end=\"965\">\n<p data-start=\"927\" data-end=\"965\">Bl\u00e5s opp eller kontroller trykket etter behov.<\/p>\n<\/li>\n<li data-start=\"966\" data-end=\"1015\">\n<p data-start=\"969\" data-end=\"1015\">Stram hetten etter bruk for \u00e5 forhindre lufttap.<\/p>\n<\/li>\n<\/ol>\n<h2 style=\"text-align: center\" data-start=\"1017\" data-end=\"1036\"><strong>Produktdetaljer \ud83d\udccf<\/strong><\/h2>\n<ul data-start=\"1037\" data-end=\"1263\">\n<li data-start=\"1037\" data-end=\"1090\">\n<p data-start=\"1039\" data-end=\"1090\">Materiale: Gummislange + korrosjonsbestandig messing<\/p>\n<\/li>\n<li data-start=\"1091\" data-end=\"1128\">\n<p data-start=\"1093\" data-end=\"1128\">Design: Fleksibel vinklet forlengelse<\/p>\n<\/li>\n<li data-start=\"1129\" data-end=\"1164\">\n<p data-start=\"1131\" data-end=\"1164\">Tetningstype: Gummipakningsringer<\/p>\n<\/li>\n<li data-start=\"1165\" data-end=\"1204\">\n<p data-start=\"1167\" data-end=\"1204\">Ventillengde: 10 cm, 12 cm, 14 cm, 15 cm, 16 cm, 18 cm, 20 cm, 21 cm<\/p>\n<\/li>\n<li data-start=\"1205\" data-end=\"1263\">\n<p data-start=\"1207\" data-end=\"1263\">Kompatibilitet: Biler, sykler, motorsykler, bobiler, tilhengere<\/p>\n<\/li>\n<\/ul>\n<h2 style=\"text-align: center\" data-start=\"1265\" data-end=\"1285\"><strong>Pakken Inkluderer \ud83d\udce6<\/strong><\/h2>\n<ul data-start=\"1286\" data-end=\"1334\">\n<li data-start=\"1286\" data-end=\"1319\">\n<p data-start=\"1288\" data-end=\"1319\">2x dekkventilforlengelsesslanger<\/p>\n<\/li>\n<li data-start=\"1320\" data-end=\"1334\">\n<p data-start=\"1322\" data-end=\"1334\">2x st\u00f8vhette.<\/p>\n<\/li>\n<\/ul>\n","protected":false},"excerpt":{"rendered":"<p>\ud83d\ude99Denne forlengelsesslangen forlenger dekkventilen til en mer tilgjengelig vinkel, noe som gj\u00f8r det raskt og problemfritt \u00e5 kontrollere lufttrykk og lufttrykk.<br \/>\n\ud83d\udca8Den fleksible utformingen og den innebygde ventilkjernen s\u00f8rger for jevn luftstr\u00f8m uten lekkasjer.<br \/>\n\u231bEn enkel oppgradering som sparer tid og frustrasjon p\u00e5 alle kj\u00f8ret\u00f8y med trang ventiltilgang.<\/p>\n","protected":false},"featured_media":20654,"comment_status":"open","ping_status":"closed","template":"","meta":{"site-sidebar-layout":"default","site-content-layout":"","ast-site-content-layout":"default","site-content-style":"default","site-sidebar-style":"default","ast-global-header-display":"","ast-banner-title-visibility":"","ast-main-header-display":"","ast-hfb-above-header-display":"","ast-hfb-below-header-display":"","ast-hfb-mobile-header-display":"","site-post-title":"","ast-breadcrumbs-content":"","ast-featured-img":"","footer-sml-layout":"","theme-transparent-header-meta":"default","adv-header-id-meta":"","stick-header-meta":"","header-above-stick-meta":"","header-main-stick-meta":"","header-below-stick-meta":"","astra-migrate-meta-layouts":"set","ast-page-background-enabled":"default","ast-page-background-meta":{"desktop":{"background-color":"var(--ast-global-color-5)","background-image":"","background-repeat":"repeat","background-position":"center center","background-size":"auto","background-attachment":"scroll","background-type":"","background-media":"","overlay-type":"","overlay-color":"","overlay-opacity":"","overlay-gradient":""},"tablet":{"background-color":"","background-image":"","background-repeat":"repeat","background-position":"center center","background-size":"auto","background-attachment":"scroll","background-type":"","background-media":"","overlay-type":"","overlay-color":"","overlay-opacity":"","overlay-gradient":""},"mobile":{"background-color":"","background-image":"","background-repeat":"repeat","background-position":"center center","background-size":"auto","background-attachment":"scroll","background-type":"","background-media":"","overlay-type":"","overlay-color":"","overlay-opacity":"","overlay-gradient":""}},"ast-content-background-meta":{"desktop":{"background-color":"var(--ast-global-color-4)","background-image":"","background-repeat":"repeat","background-position":"center center","background-size":"auto","background-attachment":"scroll","background-type":"","background-media":"","overlay-type":"","overlay-color":"","overlay-opacity":"","overlay-gradient":""},"tablet":{"background-color":"var(--ast-global-color-4)","background-image":"","background-repeat":"repeat","background-position":"center center","background-size":"auto","background-attachment":"scroll","background-type":"","background-media":"","overlay-type":"","overlay-color":"","overlay-opacity":"","overlay-gradient":""},"mobile":{"background-color":"var(--ast-global-color-4)","background-image":"","background-repeat":"repeat","background-position":"center center","background-size":"auto","background-attachment":"scroll","background-type":"","background-media":"","overlay-type":"","overlay-color":"","overlay-opacity":"","overlay-gradient":""}}},"product_brand":[],"product_cat":[161],"product_tag":[],"class_list":{"0":"post-20658","1":"product","2":"type-product","3":"status-publish","4":"has-post-thumbnail","6":"product_cat-bilprodukter","7":"pa_53122_ftrcstk8-10-cm","8":"pa_53122_ftrcstk8-12-cm","9":"pa_53122_ftrcstk8-14-cm","10":"pa_53122_ftrcstk8-15-cm","11":"pa_53122_ftrcstk8-16-cm","12":"pa_53122_ftrcstk8-18-cm","13":"pa_53122_ftrcstk8-20-cm","14":"pa_53122_ftrcstk8-21-cm","15":"desktop-align-left","16":"tablet-align-left","17":"mobile-align-left","19":"first","20":"instock","21":"shipping-taxable","22":"purchasable","23":"product-type-variable"},"yoast_head":"<!-- This site is optimized with the Yoast SEO plugin v26.6 - https:\/\/yoast.com\/wordpress\/plugins\/seo\/ -->\n<title>Forlengelsesslange for dekkventil (2 stk) - Mekulo NO<\/title>\n<meta name=\"robots\" content=\"index, follow, max-snippet:-1, max-image-preview:large, max-video-preview:-1\" \/>\n<link rel=\"canonical\" href=\"https:\/\/mekulo.com\/no\/produkt\/forlengelsesslange-for-dekkventil-2-stk\/\" \/>\n<meta property=\"og:locale\" content=\"nb_NO\" \/>\n<meta property=\"og:type\" content=\"article\" \/>\n<meta property=\"og:title\" content=\"Forlengelsesslange for dekkventil (2 stk) - Mekulo NO\" \/>\n<meta property=\"og:description\" content=\"\ud83d\ude99Denne forlengelsesslangen forlenger dekkventilen til en mer tilgjengelig vinkel, noe som gj\u00f8r det raskt og problemfritt \u00e5 kontrollere lufttrykk og lufttrykk. \ud83d\udca8Den fleksible utformingen og den innebygde ventilkjernen s\u00f8rger for jevn luftstr\u00f8m uten lekkasjer. \u231bEn enkel oppgradering som sparer tid og frustrasjon p\u00e5 alle kj\u00f8ret\u00f8y med trang ventiltilgang.\" \/>\n<meta property=\"og:url\" content=\"https:\/\/mekulo.com\/no\/produkt\/forlengelsesslange-for-dekkventil-2-stk\/\" \/>\n<meta property=\"og:site_name\" content=\"Mekulo NO\" \/>\n<meta property=\"article:modified_time\" content=\"2026-01-30T05:30:58+00:00\" \/>\n<meta property=\"og:image\" content=\"https:\/\/mekulo.com\/no\/wp-content\/uploads\/sites\/10\/2026\/01\/nxueipv-1.jpg\" \/>\n\t<meta property=\"og:image:width\" content=\"1080\" \/>\n\t<meta property=\"og:image:height\" content=\"1080\" \/>\n\t<meta property=\"og:image:type\" content=\"image\/jpeg\" \/>\n<meta name=\"twitter:card\" content=\"summary_large_image\" \/>\n<meta name=\"twitter:label1\" content=\"Ansl. lesetid\" \/>\n\t<meta name=\"twitter:data1\" content=\"2 minutter\" \/>\n<script type=\"application\/ld+json\" class=\"yoast-schema-graph\">{\"@context\":\"https:\/\/schema.org\",\"@graph\":[{\"@type\":\"WebPage\",\"@id\":\"https:\/\/mekulo.com\/no\/produkt\/forlengelsesslange-for-dekkventil-2-stk\/\",\"url\":\"https:\/\/mekulo.com\/no\/produkt\/forlengelsesslange-for-dekkventil-2-stk\/\",\"name\":\"Forlengelsesslange for dekkventil (2 stk) - Mekulo NO\",\"isPartOf\":{\"@id\":\"https:\/\/mekulo.com\/no\/#website\"},\"primaryImageOfPage\":{\"@id\":\"https:\/\/mekulo.com\/no\/produkt\/forlengelsesslange-for-dekkventil-2-stk\/#primaryimage\"},\"image\":{\"@id\":\"https:\/\/mekulo.com\/no\/produkt\/forlengelsesslange-for-dekkventil-2-stk\/#primaryimage\"},\"thumbnailUrl\":\"https:\/\/mekulo.com\/no\/wp-content\/uploads\/sites\/10\/2026\/01\/nxueipv-1.jpg\",\"datePublished\":\"2026-01-30T05:30:20+00:00\",\"dateModified\":\"2026-01-30T05:30:58+00:00\",\"breadcrumb\":{\"@id\":\"https:\/\/mekulo.com\/no\/produkt\/forlengelsesslange-for-dekkventil-2-stk\/#breadcrumb\"},\"inLanguage\":\"nb-NO\",\"potentialAction\":[{\"@type\":\"ReadAction\",\"target\":[\"https:\/\/mekulo.com\/no\/produkt\/forlengelsesslange-for-dekkventil-2-stk\/\"]}]},{\"@type\":\"ImageObject\",\"inLanguage\":\"nb-NO\",\"@id\":\"https:\/\/mekulo.com\/no\/produkt\/forlengelsesslange-for-dekkventil-2-stk\/#primaryimage\",\"url\":\"https:\/\/mekulo.com\/no\/wp-content\/uploads\/sites\/10\/2026\/01\/nxueipv-1.jpg\",\"contentUrl\":\"https:\/\/mekulo.com\/no\/wp-content\/uploads\/sites\/10\/2026\/01\/nxueipv-1.jpg\",\"width\":1080,\"height\":1080},{\"@type\":\"BreadcrumbList\",\"@id\":\"https:\/\/mekulo.com\/no\/produkt\/forlengelsesslange-for-dekkventil-2-stk\/#breadcrumb\",\"itemListElement\":[{\"@type\":\"ListItem\",\"position\":1,\"name\":\"Home\",\"item\":\"https:\/\/mekulo.com\/no\/\"},{\"@type\":\"ListItem\",\"position\":2,\"name\":\"Butikk\",\"item\":\"https:\/\/mekulo.com\/no\/butikk\/\"},{\"@type\":\"ListItem\",\"position\":3,\"name\":\"Forlengelsesslange for dekkventil (2 stk)\"}]},{\"@type\":\"WebSite\",\"@id\":\"https:\/\/mekulo.com\/no\/#website\",\"url\":\"https:\/\/mekulo.com\/no\/\",\"name\":\"Mekulo NO\",\"description\":\"\",\"publisher\":{\"@id\":\"https:\/\/mekulo.com\/no\/#organization\"},\"potentialAction\":[{\"@type\":\"SearchAction\",\"target\":{\"@type\":\"EntryPoint\",\"urlTemplate\":\"https:\/\/mekulo.com\/no\/?s={search_term_string}\"},\"query-input\":{\"@type\":\"PropertyValueSpecification\",\"valueRequired\":true,\"valueName\":\"search_term_string\"}}],\"inLanguage\":\"nb-NO\"},{\"@type\":\"Organization\",\"@id\":\"https:\/\/mekulo.com\/no\/#organization\",\"name\":\"Mekulo\",\"url\":\"https:\/\/mekulo.com\/no\/\",\"logo\":{\"@type\":\"ImageObject\",\"inLanguage\":\"nb-NO\",\"@id\":\"https:\/\/mekulo.com\/no\/#\/schema\/logo\/image\/\",\"url\":\"https:\/\/mekulo.com\/no\/wp-content\/uploads\/sites\/10\/2025\/12\/favicon_mekulo.png\",\"contentUrl\":\"https:\/\/mekulo.com\/no\/wp-content\/uploads\/sites\/10\/2025\/12\/favicon_mekulo.png\",\"width\":50,\"height\":50,\"caption\":\"Mekulo\"},\"image\":{\"@id\":\"https:\/\/mekulo.com\/no\/#\/schema\/logo\/image\/\"}}]}<\/script>\n<!-- \/ Yoast SEO plugin. -->","yoast_head_json":{"title":"Forlengelsesslange for dekkventil (2 stk) - Mekulo NO","robots":{"index":"index","follow":"follow","max-snippet":"max-snippet:-1","max-image-preview":"max-image-preview:large","max-video-preview":"max-video-preview:-1"},"canonical":"https:\/\/mekulo.com\/no\/produkt\/forlengelsesslange-for-dekkventil-2-stk\/","og_locale":"nb_NO","og_type":"article","og_title":"Forlengelsesslange for dekkventil (2 stk) - Mekulo NO","og_description":"\ud83d\ude99Denne forlengelsesslangen forlenger dekkventilen til en mer tilgjengelig vinkel, noe som gj\u00f8r det raskt og problemfritt \u00e5 kontrollere lufttrykk og lufttrykk. \ud83d\udca8Den fleksible utformingen og den innebygde ventilkjernen s\u00f8rger for jevn luftstr\u00f8m uten lekkasjer. \u231bEn enkel oppgradering som sparer tid og frustrasjon p\u00e5 alle kj\u00f8ret\u00f8y med trang ventiltilgang.","og_url":"https:\/\/mekulo.com\/no\/produkt\/forlengelsesslange-for-dekkventil-2-stk\/","og_site_name":"Mekulo NO","article_modified_time":"2026-01-30T05:30:58+00:00","og_image":[{"width":1080,"height":1080,"url":"https:\/\/mekulo.com\/no\/wp-content\/uploads\/sites\/10\/2026\/01\/nxueipv-1.jpg","type":"image\/jpeg"}],"twitter_card":"summary_large_image","twitter_misc":{"Ansl. lesetid":"2 minutter"},"schema":{"@context":"https:\/\/schema.org","@graph":[{"@type":"WebPage","@id":"https:\/\/mekulo.com\/no\/produkt\/forlengelsesslange-for-dekkventil-2-stk\/","url":"https:\/\/mekulo.com\/no\/produkt\/forlengelsesslange-for-dekkventil-2-stk\/","name":"Forlengelsesslange for dekkventil (2 stk) - Mekulo NO","isPartOf":{"@id":"https:\/\/mekulo.com\/no\/#website"},"primaryImageOfPage":{"@id":"https:\/\/mekulo.com\/no\/produkt\/forlengelsesslange-for-dekkventil-2-stk\/#primaryimage"},"image":{"@id":"https:\/\/mekulo.com\/no\/produkt\/forlengelsesslange-for-dekkventil-2-stk\/#primaryimage"},"thumbnailUrl":"https:\/\/mekulo.com\/no\/wp-content\/uploads\/sites\/10\/2026\/01\/nxueipv-1.jpg","datePublished":"2026-01-30T05:30:20+00:00","dateModified":"2026-01-30T05:30:58+00:00","breadcrumb":{"@id":"https:\/\/mekulo.com\/no\/produkt\/forlengelsesslange-for-dekkventil-2-stk\/#breadcrumb"},"inLanguage":"nb-NO","potentialAction":[{"@type":"ReadAction","target":["https:\/\/mekulo.com\/no\/produkt\/forlengelsesslange-for-dekkventil-2-stk\/"]}]},{"@type":"ImageObject","inLanguage":"nb-NO","@id":"https:\/\/mekulo.com\/no\/produkt\/forlengelsesslange-for-dekkventil-2-stk\/#primaryimage","url":"https:\/\/mekulo.com\/no\/wp-content\/uploads\/sites\/10\/2026\/01\/nxueipv-1.jpg","contentUrl":"https:\/\/mekulo.com\/no\/wp-content\/uploads\/sites\/10\/2026\/01\/nxueipv-1.jpg","width":1080,"height":1080},{"@type":"BreadcrumbList","@id":"https:\/\/mekulo.com\/no\/produkt\/forlengelsesslange-for-dekkventil-2-stk\/#breadcrumb","itemListElement":[{"@type":"ListItem","position":1,"name":"Home","item":"https:\/\/mekulo.com\/no\/"},{"@type":"ListItem","position":2,"name":"Butikk","item":"https:\/\/mekulo.com\/no\/butikk\/"},{"@type":"ListItem","position":3,"name":"Forlengelsesslange for dekkventil (2 stk)"}]},{"@type":"WebSite","@id":"https:\/\/mekulo.com\/no\/#website","url":"https:\/\/mekulo.com\/no\/","name":"Mekulo NO","description":"","publisher":{"@id":"https:\/\/mekulo.com\/no\/#organization"},"potentialAction":[{"@type":"SearchAction","target":{"@type":"EntryPoint","urlTemplate":"https:\/\/mekulo.com\/no\/?s={search_term_string}"},"query-input":{"@type":"PropertyValueSpecification","valueRequired":true,"valueName":"search_term_string"}}],"inLanguage":"nb-NO"},{"@type":"Organization","@id":"https:\/\/mekulo.com\/no\/#organization","name":"Mekulo","url":"https:\/\/mekulo.com\/no\/","logo":{"@type":"ImageObject","inLanguage":"nb-NO","@id":"https:\/\/mekulo.com\/no\/#\/schema\/logo\/image\/","url":"https:\/\/mekulo.com\/no\/wp-content\/uploads\/sites\/10\/2025\/12\/favicon_mekulo.png","contentUrl":"https:\/\/mekulo.com\/no\/wp-content\/uploads\/sites\/10\/2025\/12\/favicon_mekulo.png","width":50,"height":50,"caption":"Mekulo"},"image":{"@id":"https:\/\/mekulo.com\/no\/#\/schema\/logo\/image\/"}}]}},"_links":{"self":[{"href":"https:\/\/mekulo.com\/no\/wp-json\/wp\/v2\/product\/20658","targetHints":{"allow":["GET"]}}],"collection":[{"href":"https:\/\/mekulo.com\/no\/wp-json\/wp\/v2\/product"}],"about":[{"href":"https:\/\/mekulo.com\/no\/wp-json\/wp\/v2\/types\/product"}],"replies":[{"embeddable":true,"href":"https:\/\/mekulo.com\/no\/wp-json\/wp\/v2\/comments?post=20658"}],"wp:featuredmedia":[{"embeddable":true,"href":"https:\/\/mekulo.com\/no\/wp-json\/wp\/v2\/media\/20654"}],"wp:attachment":[{"href":"https:\/\/mekulo.com\/no\/wp-json\/wp\/v2\/media?parent=20658"}],"wp:term":[{"taxonomy":"product_brand","embeddable":true,"href":"https:\/\/mekulo.com\/no\/wp-json\/wp\/v2\/product_brand?post=20658"},{"taxonomy":"product_cat","embeddable":true,"href":"https:\/\/mekulo.com\/no\/wp-json\/wp\/v2\/product_cat?post=20658"},{"taxonomy":"product_tag","embeddable":true,"href":"https:\/\/mekulo.com\/no\/wp-json\/wp\/v2\/product_tag?post=20658"}],"curies":[{"name":"wp","href":"https:\/\/api.w.org\/{rel}","templated":true}]}}