{"id":20642,"date":"2026-01-30T07:28:54","date_gmt":"2026-01-30T05:28:54","guid":{"rendered":"https:\/\/mekulo.com\/no\/produkt\/armband-og-ring-med-englevinger\/"},"modified":"2026-04-13T11:22:09","modified_gmt":"2026-04-13T08:22:09","slug":"armband-og-ring-med-englevinger","status":"publish","type":"product","link":"https:\/\/mekulo.com\/no\/produkt\/armband-og-ring-med-englevinger\/","title":{"rendered":"Armb\u00e5nd og ring med englevinger"},"content":{"rendered":"<p style=\"text-align: center\" data-start=\"0\" data-end=\"79\"><strong data-start=\"0\" data-end=\"79\">Tilf\u00f8r eleganse og mening til looken din med et vakkert armb\u00e5nd med englevinger. \ud83d\udc7c<\/strong><\/p>\n<p data-start=\"0\" data-end=\"79\"><img decoding=\"async\" class=\"size-full wp-image-22564 aligncenter\" src=\"https:\/\/mekulo.com\/template\/wp-content\/uploads\/sites\/6\/2026\/01\/13c560b5920bfa633f9ef80fa40901d2eff31226.avif\" alt=\"\" \/><\/p>\n<h2 style=\"text-align: center\" data-start=\"448\" data-end=\"465\"><strong>Hovedfordeler \ud83e\udebd<\/strong><\/h2>\n<p data-start=\"468\" data-end=\"529\">\ud83e\udebd Englevingedesign &#8211; Symbol p\u00e5 beskyttelse og frihet.<\/p>\n<p data-start=\"532\" data-end=\"597\">\u2728 Glitrende steiner &#8211; Cubic zirkonia som skinner vakkert.<\/p>\n<p data-start=\"600\" data-end=\"658\">\ud83d\udc8d Elegant stil &#8211; Matcher uformelle og formelle antrekk.<\/p>\n<p data-start=\"661\" data-end=\"712\">\ud83e\udeb6 Lett komfort &#8211; Lett \u00e5 ha p\u00e5 seg hele dagen.<\/p>\n<p data-start=\"715\" data-end=\"762\">\ud83d\udd04 Justerbar passform &#8211; Passer de fleste h\u00e5ndledd- og fingerst\u00f8rrelser.<\/p>\n<p data-start=\"765\" data-end=\"831\">\ud83c\udf81 Perfekt gave &#8211; Ideell for kj\u00e6re og spesielle anledninger.<\/p>\n<p data-start=\"765\" data-end=\"831\"><img fetchpriority=\"high\" decoding=\"async\" class=\"size-full wp-image-22565 aligncenter\" src=\"https:\/\/mekulo.com\/template\/wp-content\/uploads\/sites\/6\/2026\/01\/S4ff31dc905924b9597b668ed4b6608bb2.webp\" alt=\"\" width=\"1000\" height=\"1000\" \/><\/p>\n<h2 style=\"text-align: center\" data-start=\"833\" data-end=\"847\"><strong>Hvordan Du Bruker \ud83d\udccc<\/strong><\/h2>\n<ol data-start=\"848\" data-end=\"1053\">\n<li data-start=\"848\" data-end=\"897\">\n<p data-start=\"851\" data-end=\"897\">\u00c5pne armb\u00e5ndet eller ringen forsiktig for \u00e5 justere st\u00f8rrelsen.<\/p>\n<\/li>\n<li data-start=\"898\" data-end=\"942\">\n<p data-start=\"901\" data-end=\"942\">Plasser det komfortabelt rundt h\u00e5ndleddet eller fingeren.<\/p>\n<\/li>\n<li data-start=\"943\" data-end=\"981\">\n<p data-start=\"946\" data-end=\"981\">Juster litt for en sikker passform.<\/p>\n<\/li>\n<li data-start=\"982\" data-end=\"1020\">\n<p data-start=\"985\" data-end=\"1020\">Bruk daglig eller til spesielle arrangementer.<\/p>\n<\/li>\n<li data-start=\"1021\" data-end=\"1053\">\n<p data-start=\"1024\" data-end=\"1053\">Oppbevar trygt n\u00e5r det ikke er i bruk.<\/p>\n<\/li>\n<\/ol>\n<h2 style=\"text-align: center\" data-start=\"1055\" data-end=\"1074\"><strong>Produktdetaljer \ud83d\udccf<\/strong><\/h2>\n<ul data-start=\"1075\" data-end=\"1256\">\n<li data-start=\"1075\" data-end=\"1103\">\n<p data-start=\"1077\" data-end=\"1103\">Armb\u00e5ndmateriale: Legering<\/p>\n<\/li>\n<li data-start=\"1104\" data-end=\"1129\">\n<p data-start=\"1106\" data-end=\"1129\">Ringmateriale: Kobber<\/p>\n<\/li>\n<li data-start=\"1130\" data-end=\"1159\">\n<p data-start=\"1132\" data-end=\"1159\">Designstil: Englevinger<\/p>\n<\/li>\n<li data-start=\"1160\" data-end=\"1188\">\n<p data-start=\"1162\" data-end=\"1188\">St\u00f8rrelse: Justerbar \u00e5pning<\/p>\n<\/li>\n<li data-start=\"1189\" data-end=\"1215\">\n<p data-start=\"1191\" data-end=\"1215\">Steiner: Kubisk zirkonia<\/p>\n<\/li>\n<li data-start=\"1216\" data-end=\"1256\">\n<p data-start=\"1218\" data-end=\"1256\">Bruktype: Hverdags- eller anledningsbruk<\/p>\n<\/li>\n<\/ul>\n<h2 style=\"text-align: center\" data-start=\"1258\" data-end=\"1278\"><strong>Pakken Inkluderer \ud83d\udce6<\/strong><\/h2>\n<ul data-start=\"1279\" data-end=\"1338\">\n<li data-start=\"1279\" data-end=\"1338\">\n<p data-start=\"1281\" data-end=\"1338\">1x sett med englevingearmb\u00e5nd og ring.<\/p>\n<\/li>\n<\/ul>\n","protected":false},"excerpt":{"rendered":"<p>\ud83e\udebdDette armb\u00e5ndet og ringen med englevinger har et grasi\u00f8st vingedesign som symboliserer beskyttelse og frihet, samtidig som det tilf\u00f8rer antrekket ditt en myk gnist.<br \/>\n\u2728Laget av slitesterkt metall og dekorert med skinnende kubiske zirkonia, er det behagelig nok til daglig bruk og elegant nok til spesielle anledninger.<br \/>\n\ud83d\udc8dEt tidl\u00f8st tilbeh\u00f8r som tilf\u00f8rer f\u00f8lelsesmessig verdi og stil til hvert \u00f8yeblikk.<\/p>\n","protected":false},"featured_media":20638,"comment_status":"open","ping_status":"closed","template":"","meta":{"site-sidebar-layout":"default","site-content-layout":"","ast-site-content-layout":"default","site-content-style":"default","site-sidebar-style":"default","ast-global-header-display":"","ast-banner-title-visibility":"","ast-main-header-display":"","ast-hfb-above-header-display":"","ast-hfb-below-header-display":"","ast-hfb-mobile-header-display":"","site-post-title":"","ast-breadcrumbs-content":"","ast-featured-img":"","footer-sml-layout":"","theme-transparent-header-meta":"default","adv-header-id-meta":"","stick-header-meta":"","header-above-stick-meta":"","header-main-stick-meta":"","header-below-stick-meta":"","astra-migrate-meta-layouts":"set","ast-page-background-enabled":"default","ast-page-background-meta":{"desktop":{"background-color":"var(--ast-global-color-5)","background-image":"","background-repeat":"repeat","background-position":"center center","background-size":"auto","background-attachment":"scroll","background-type":"","background-media":"","overlay-type":"","overlay-color":"","overlay-opacity":"","overlay-gradient":""},"tablet":{"background-color":"","background-image":"","background-repeat":"repeat","background-position":"center center","background-size":"auto","background-attachment":"scroll","background-type":"","background-media":"","overlay-type":"","overlay-color":"","overlay-opacity":"","overlay-gradient":""},"mobile":{"background-color":"","background-image":"","background-repeat":"repeat","background-position":"center center","background-size":"auto","background-attachment":"scroll","background-type":"","background-media":"","overlay-type":"","overlay-color":"","overlay-opacity":"","overlay-gradient":""}},"ast-content-background-meta":{"desktop":{"background-color":"var(--ast-global-color-4)","background-image":"","background-repeat":"repeat","background-position":"center center","background-size":"auto","background-attachment":"scroll","background-type":"","background-media":"","overlay-type":"","overlay-color":"","overlay-opacity":"","overlay-gradient":""},"tablet":{"background-color":"var(--ast-global-color-4)","background-image":"","background-repeat":"repeat","background-position":"center center","background-size":"auto","background-attachment":"scroll","background-type":"","background-media":"","overlay-type":"","overlay-color":"","overlay-opacity":"","overlay-gradient":""},"mobile":{"background-color":"var(--ast-global-color-4)","background-image":"","background-repeat":"repeat","background-position":"center center","background-size":"auto","background-attachment":"scroll","background-type":"","background-media":"","overlay-type":"","overlay-color":"","overlay-opacity":"","overlay-gradient":""}}},"product_brand":[],"product_cat":[165],"product_tag":[],"class_list":{"0":"post-20642","1":"product","2":"type-product","3":"status-publish","4":"has-post-thumbnail","6":"product_cat-fottoy-tilbehor","7":"pa_53120_h8syer7v-gull","8":"pa_53120_h8syer7v-rosegull","9":"pa_53120_h8syer7v-solv","10":"desktop-align-left","11":"tablet-align-left","12":"mobile-align-left","14":"first","15":"instock","16":"shipping-taxable","17":"purchasable","18":"product-type-variable"},"yoast_head":"<!-- This site is optimized with the Yoast SEO plugin v26.6 - https:\/\/yoast.com\/wordpress\/plugins\/seo\/ -->\n<title>Armb\u00e5nd og ring med englevinger - Mekulo NO<\/title>\n<meta name=\"robots\" content=\"index, follow, max-snippet:-1, max-image-preview:large, max-video-preview:-1\" \/>\n<link rel=\"canonical\" href=\"https:\/\/mekulo.com\/no\/produkt\/armband-og-ring-med-englevinger\/\" \/>\n<meta property=\"og:locale\" content=\"nb_NO\" \/>\n<meta property=\"og:type\" content=\"article\" \/>\n<meta property=\"og:title\" content=\"Armb\u00e5nd og ring med englevinger - Mekulo NO\" \/>\n<meta property=\"og:description\" content=\"\ud83e\udebdDette armb\u00e5ndet og ringen med englevinger har et grasi\u00f8st vingedesign som symboliserer beskyttelse og frihet, samtidig som det tilf\u00f8rer antrekket ditt en myk gnist. \u2728Laget av slitesterkt metall og dekorert med skinnende kubiske zirkonia, er det behagelig nok til daglig bruk og elegant nok til spesielle anledninger. \ud83d\udc8dEt tidl\u00f8st tilbeh\u00f8r som tilf\u00f8rer f\u00f8lelsesmessig verdi og stil til hvert \u00f8yeblikk.\" \/>\n<meta property=\"og:url\" content=\"https:\/\/mekulo.com\/no\/produkt\/armband-og-ring-med-englevinger\/\" \/>\n<meta property=\"og:site_name\" content=\"Mekulo NO\" \/>\n<meta property=\"article:modified_time\" content=\"2026-04-13T08:22:09+00:00\" \/>\n<meta property=\"og:image\" content=\"https:\/\/mekulo.com\/no\/wp-content\/uploads\/sites\/10\/2026\/01\/40tsio5-1.jpg\" \/>\n\t<meta property=\"og:image:width\" content=\"960\" \/>\n\t<meta property=\"og:image:height\" content=\"960\" \/>\n\t<meta property=\"og:image:type\" content=\"image\/jpeg\" \/>\n<meta name=\"twitter:card\" content=\"summary_large_image\" \/>\n<meta name=\"twitter:label1\" content=\"Ansl. lesetid\" \/>\n\t<meta name=\"twitter:data1\" content=\"2 minutter\" \/>\n<script type=\"application\/ld+json\" class=\"yoast-schema-graph\">{\"@context\":\"https:\/\/schema.org\",\"@graph\":[{\"@type\":\"WebPage\",\"@id\":\"https:\/\/mekulo.com\/no\/produkt\/armband-og-ring-med-englevinger\/\",\"url\":\"https:\/\/mekulo.com\/no\/produkt\/armband-og-ring-med-englevinger\/\",\"name\":\"Armb\u00e5nd og ring med englevinger - Mekulo NO\",\"isPartOf\":{\"@id\":\"https:\/\/mekulo.com\/no\/#website\"},\"primaryImageOfPage\":{\"@id\":\"https:\/\/mekulo.com\/no\/produkt\/armband-og-ring-med-englevinger\/#primaryimage\"},\"image\":{\"@id\":\"https:\/\/mekulo.com\/no\/produkt\/armband-og-ring-med-englevinger\/#primaryimage\"},\"thumbnailUrl\":\"https:\/\/mekulo.com\/no\/wp-content\/uploads\/sites\/10\/2026\/01\/40tsio5-1.jpg\",\"datePublished\":\"2026-01-30T05:28:54+00:00\",\"dateModified\":\"2026-04-13T08:22:09+00:00\",\"breadcrumb\":{\"@id\":\"https:\/\/mekulo.com\/no\/produkt\/armband-og-ring-med-englevinger\/#breadcrumb\"},\"inLanguage\":\"nb-NO\",\"potentialAction\":[{\"@type\":\"ReadAction\",\"target\":[\"https:\/\/mekulo.com\/no\/produkt\/armband-og-ring-med-englevinger\/\"]}]},{\"@type\":\"ImageObject\",\"inLanguage\":\"nb-NO\",\"@id\":\"https:\/\/mekulo.com\/no\/produkt\/armband-og-ring-med-englevinger\/#primaryimage\",\"url\":\"https:\/\/mekulo.com\/no\/wp-content\/uploads\/sites\/10\/2026\/01\/40tsio5-1.jpg\",\"contentUrl\":\"https:\/\/mekulo.com\/no\/wp-content\/uploads\/sites\/10\/2026\/01\/40tsio5-1.jpg\",\"width\":960,\"height\":960},{\"@type\":\"BreadcrumbList\",\"@id\":\"https:\/\/mekulo.com\/no\/produkt\/armband-og-ring-med-englevinger\/#breadcrumb\",\"itemListElement\":[{\"@type\":\"ListItem\",\"position\":1,\"name\":\"Home\",\"item\":\"https:\/\/mekulo.com\/no\/\"},{\"@type\":\"ListItem\",\"position\":2,\"name\":\"Butikk\",\"item\":\"https:\/\/mekulo.com\/no\/butikk\/\"},{\"@type\":\"ListItem\",\"position\":3,\"name\":\"Armb\u00e5nd og ring med englevinger\"}]},{\"@type\":\"WebSite\",\"@id\":\"https:\/\/mekulo.com\/no\/#website\",\"url\":\"https:\/\/mekulo.com\/no\/\",\"name\":\"Mekulo NO\",\"description\":\"\",\"publisher\":{\"@id\":\"https:\/\/mekulo.com\/no\/#organization\"},\"potentialAction\":[{\"@type\":\"SearchAction\",\"target\":{\"@type\":\"EntryPoint\",\"urlTemplate\":\"https:\/\/mekulo.com\/no\/?s={search_term_string}\"},\"query-input\":{\"@type\":\"PropertyValueSpecification\",\"valueRequired\":true,\"valueName\":\"search_term_string\"}}],\"inLanguage\":\"nb-NO\"},{\"@type\":\"Organization\",\"@id\":\"https:\/\/mekulo.com\/no\/#organization\",\"name\":\"Mekulo\",\"url\":\"https:\/\/mekulo.com\/no\/\",\"logo\":{\"@type\":\"ImageObject\",\"inLanguage\":\"nb-NO\",\"@id\":\"https:\/\/mekulo.com\/no\/#\/schema\/logo\/image\/\",\"url\":\"https:\/\/mekulo.com\/no\/wp-content\/uploads\/sites\/10\/2025\/12\/favicon_mekulo.png\",\"contentUrl\":\"https:\/\/mekulo.com\/no\/wp-content\/uploads\/sites\/10\/2025\/12\/favicon_mekulo.png\",\"width\":50,\"height\":50,\"caption\":\"Mekulo\"},\"image\":{\"@id\":\"https:\/\/mekulo.com\/no\/#\/schema\/logo\/image\/\"}}]}<\/script>\n<!-- \/ Yoast SEO plugin. -->","yoast_head_json":{"title":"Armb\u00e5nd og ring med englevinger - Mekulo NO","robots":{"index":"index","follow":"follow","max-snippet":"max-snippet:-1","max-image-preview":"max-image-preview:large","max-video-preview":"max-video-preview:-1"},"canonical":"https:\/\/mekulo.com\/no\/produkt\/armband-og-ring-med-englevinger\/","og_locale":"nb_NO","og_type":"article","og_title":"Armb\u00e5nd og ring med englevinger - Mekulo NO","og_description":"\ud83e\udebdDette armb\u00e5ndet og ringen med englevinger har et grasi\u00f8st vingedesign som symboliserer beskyttelse og frihet, samtidig som det tilf\u00f8rer antrekket ditt en myk gnist. \u2728Laget av slitesterkt metall og dekorert med skinnende kubiske zirkonia, er det behagelig nok til daglig bruk og elegant nok til spesielle anledninger. \ud83d\udc8dEt tidl\u00f8st tilbeh\u00f8r som tilf\u00f8rer f\u00f8lelsesmessig verdi og stil til hvert \u00f8yeblikk.","og_url":"https:\/\/mekulo.com\/no\/produkt\/armband-og-ring-med-englevinger\/","og_site_name":"Mekulo NO","article_modified_time":"2026-04-13T08:22:09+00:00","og_image":[{"width":960,"height":960,"url":"https:\/\/mekulo.com\/no\/wp-content\/uploads\/sites\/10\/2026\/01\/40tsio5-1.jpg","type":"image\/jpeg"}],"twitter_card":"summary_large_image","twitter_misc":{"Ansl. lesetid":"2 minutter"},"schema":{"@context":"https:\/\/schema.org","@graph":[{"@type":"WebPage","@id":"https:\/\/mekulo.com\/no\/produkt\/armband-og-ring-med-englevinger\/","url":"https:\/\/mekulo.com\/no\/produkt\/armband-og-ring-med-englevinger\/","name":"Armb\u00e5nd og ring med englevinger - Mekulo NO","isPartOf":{"@id":"https:\/\/mekulo.com\/no\/#website"},"primaryImageOfPage":{"@id":"https:\/\/mekulo.com\/no\/produkt\/armband-og-ring-med-englevinger\/#primaryimage"},"image":{"@id":"https:\/\/mekulo.com\/no\/produkt\/armband-og-ring-med-englevinger\/#primaryimage"},"thumbnailUrl":"https:\/\/mekulo.com\/no\/wp-content\/uploads\/sites\/10\/2026\/01\/40tsio5-1.jpg","datePublished":"2026-01-30T05:28:54+00:00","dateModified":"2026-04-13T08:22:09+00:00","breadcrumb":{"@id":"https:\/\/mekulo.com\/no\/produkt\/armband-og-ring-med-englevinger\/#breadcrumb"},"inLanguage":"nb-NO","potentialAction":[{"@type":"ReadAction","target":["https:\/\/mekulo.com\/no\/produkt\/armband-og-ring-med-englevinger\/"]}]},{"@type":"ImageObject","inLanguage":"nb-NO","@id":"https:\/\/mekulo.com\/no\/produkt\/armband-og-ring-med-englevinger\/#primaryimage","url":"https:\/\/mekulo.com\/no\/wp-content\/uploads\/sites\/10\/2026\/01\/40tsio5-1.jpg","contentUrl":"https:\/\/mekulo.com\/no\/wp-content\/uploads\/sites\/10\/2026\/01\/40tsio5-1.jpg","width":960,"height":960},{"@type":"BreadcrumbList","@id":"https:\/\/mekulo.com\/no\/produkt\/armband-og-ring-med-englevinger\/#breadcrumb","itemListElement":[{"@type":"ListItem","position":1,"name":"Home","item":"https:\/\/mekulo.com\/no\/"},{"@type":"ListItem","position":2,"name":"Butikk","item":"https:\/\/mekulo.com\/no\/butikk\/"},{"@type":"ListItem","position":3,"name":"Armb\u00e5nd og ring med englevinger"}]},{"@type":"WebSite","@id":"https:\/\/mekulo.com\/no\/#website","url":"https:\/\/mekulo.com\/no\/","name":"Mekulo NO","description":"","publisher":{"@id":"https:\/\/mekulo.com\/no\/#organization"},"potentialAction":[{"@type":"SearchAction","target":{"@type":"EntryPoint","urlTemplate":"https:\/\/mekulo.com\/no\/?s={search_term_string}"},"query-input":{"@type":"PropertyValueSpecification","valueRequired":true,"valueName":"search_term_string"}}],"inLanguage":"nb-NO"},{"@type":"Organization","@id":"https:\/\/mekulo.com\/no\/#organization","name":"Mekulo","url":"https:\/\/mekulo.com\/no\/","logo":{"@type":"ImageObject","inLanguage":"nb-NO","@id":"https:\/\/mekulo.com\/no\/#\/schema\/logo\/image\/","url":"https:\/\/mekulo.com\/no\/wp-content\/uploads\/sites\/10\/2025\/12\/favicon_mekulo.png","contentUrl":"https:\/\/mekulo.com\/no\/wp-content\/uploads\/sites\/10\/2025\/12\/favicon_mekulo.png","width":50,"height":50,"caption":"Mekulo"},"image":{"@id":"https:\/\/mekulo.com\/no\/#\/schema\/logo\/image\/"}}]}},"_links":{"self":[{"href":"https:\/\/mekulo.com\/no\/wp-json\/wp\/v2\/product\/20642","targetHints":{"allow":["GET"]}}],"collection":[{"href":"https:\/\/mekulo.com\/no\/wp-json\/wp\/v2\/product"}],"about":[{"href":"https:\/\/mekulo.com\/no\/wp-json\/wp\/v2\/types\/product"}],"replies":[{"embeddable":true,"href":"https:\/\/mekulo.com\/no\/wp-json\/wp\/v2\/comments?post=20642"}],"wp:featuredmedia":[{"embeddable":true,"href":"https:\/\/mekulo.com\/no\/wp-json\/wp\/v2\/media\/20638"}],"wp:attachment":[{"href":"https:\/\/mekulo.com\/no\/wp-json\/wp\/v2\/media?parent=20642"}],"wp:term":[{"taxonomy":"product_brand","embeddable":true,"href":"https:\/\/mekulo.com\/no\/wp-json\/wp\/v2\/product_brand?post=20642"},{"taxonomy":"product_cat","embeddable":true,"href":"https:\/\/mekulo.com\/no\/wp-json\/wp\/v2\/product_cat?post=20642"},{"taxonomy":"product_tag","embeddable":true,"href":"https:\/\/mekulo.com\/no\/wp-json\/wp\/v2\/product_tag?post=20642"}],"curies":[{"name":"wp","href":"https:\/\/api.w.org\/{rel}","templated":true}]}}