{"id":20613,"date":"2026-01-30T07:26:34","date_gmt":"2026-01-30T05:26:34","guid":{"rendered":"https:\/\/mekulo.com\/no\/produkt\/eggkjeks\/"},"modified":"2026-02-10T11:05:49","modified_gmt":"2026-02-10T09:05:49","slug":"eggkjeks","status":"publish","type":"product","link":"https:\/\/mekulo.com\/no\/produkt\/eggkjeks\/","title":{"rendered":"Eggkjeks"},"content":{"rendered":"<div class=\"flex max-w-full flex-col grow\">\n<div class=\"min-h-8 text-message relative flex w-full flex-col items-end gap-2 text-start break-words whitespace-normal [.text-message+&amp;]:mt-1\" dir=\"auto\" data-message-author-role=\"assistant\" data-message-id=\"731b6c4d-8c67-4b9d-b83c-ab0ff94cd207\" data-message-model-slug=\"gpt-5-2\">\n<div class=\"flex w-full flex-col gap-1 empty:hidden first:pt-[1px]\">\n<div class=\"markdown prose dark:prose-invert w-full wrap-break-word light markdown-new-styling\">\n<p style=\"text-align: center\" data-start=\"0\" data-end=\"59\"><strong data-start=\"0\" data-end=\"59\">Knekk Egg Rent Og Uanstrengt Uten Skallrot. \ud83d\udc23<\/strong><\/p>\n<p data-start=\"0\" data-end=\"59\"><img decoding=\"async\" class=\"size-full wp-image-22541 aligncenter\" src=\"https:\/\/mekulo.com\/template\/wp-content\/uploads\/sites\/6\/2026\/01\/131e97f8341df49aea1943953d905067a812b2c6-800.avif\" alt=\"\" \/><\/p>\n<h2 style=\"text-align: center\" data-start=\"333\" data-end=\"350\"><strong>Hovedfordeler \ud83e\udd5a<\/strong><\/h2>\n<p data-start=\"353\" data-end=\"411\">\ud83e\udd5a Ren eggknekking &#8211; Ingen skallbiter i maten.<\/p>\n<p data-start=\"414\" data-end=\"473\">\ud83c\udf20 Tyngdekraftdrevet design &#8211; Enkel og uanstrengt bruk.<\/p>\n<p data-start=\"476\" data-end=\"551\">\ud83c\udf73 Kompatibel med flere egg &#8211; Fungerer med kylling-, ande- og g\u00e5seegg.<\/p>\n<p data-start=\"554\" data-end=\"613\">\ud83e\uddfd Enkel \u00e5 rengj\u00f8re &#8211; T\u00e5ler oppvaskmaskin og er rustbestandig.<\/p>\n<p data-start=\"616\" data-end=\"675\">\u270b Komfortabelt grep &#8211; Robust h\u00e5ndtak for jevn kontroll.<\/p>\n<p data-start=\"678\" data-end=\"729\">\ud83d\udc76 Sikkert design &#8211; Glatte kanter, barnevennlig.<\/p>\n<p data-start=\"678\" data-end=\"729\"><img fetchpriority=\"high\" decoding=\"async\" class=\" wp-image-22543 aligncenter\" src=\"https:\/\/mekulo.com\/template\/wp-content\/uploads\/sites\/6\/2026\/01\/ec3835ec4b16e0cf091368500677881c66181056-800.avif\" alt=\"\" width=\"715\" height=\"715\" \/><\/p>\n<h2 style=\"text-align: center\" data-start=\"731\" data-end=\"745\"><strong>Hvordan bruke \ud83d\udccc<\/strong><\/h2>\n<ol data-start=\"746\" data-end=\"961\">\n<li data-start=\"746\" data-end=\"793\">\n<p data-start=\"749\" data-end=\"793\">Plasser egget p\u00e5 en flat overflate eller holder.<\/p>\n<\/li>\n<li data-start=\"794\" data-end=\"842\">\n<p data-start=\"797\" data-end=\"842\">Plasser eggknuseren p\u00e5 toppen av egget.<\/p>\n<\/li>\n<li data-start=\"843\" data-end=\"884\">\n<p data-start=\"846\" data-end=\"884\">L\u00f8ft st\u00e5lkulen og la den falle.<\/p>\n<\/li>\n<li data-start=\"885\" data-end=\"922\">\n<p data-start=\"888\" data-end=\"922\">Fjern det sprukne skallet pent.<\/p>\n<\/li>\n<li data-start=\"923\" data-end=\"961\">\n<p data-start=\"926\" data-end=\"961\">Bruk egget til matlaging eller servering.<\/p>\n<\/li>\n<\/ol>\n<h2 style=\"text-align: center\" data-start=\"963\" data-end=\"982\"><strong>Produktdetaljer \ud83d\udccf<\/strong><\/h2>\n<ul data-start=\"983\" data-end=\"1143\">\n<li data-start=\"983\" data-end=\"1012\">\n<p data-start=\"985\" data-end=\"1012\">Materiale: Rustfritt st\u00e5l<\/p>\n<\/li>\n<li data-start=\"1013\" data-end=\"1051\">\n<p data-start=\"1015\" data-end=\"1051\">St\u00f8rrelse: 24 x 3,7 cm<\/p>\n<\/li>\n<li data-start=\"1052\" data-end=\"1089\">\n<p data-start=\"1054\" data-end=\"1089\">Funksjon: Tyngdekraftbasert knekking<\/p>\n<\/li>\n<li data-start=\"1090\" data-end=\"1143\">\n<p data-start=\"1092\" data-end=\"1143\">Brukstyper: R\u00e5, bl\u00f8tkokte og hardkokte egg<\/p>\n<\/li>\n<\/ul>\n<h2 style=\"text-align: center\" data-start=\"1145\" data-end=\"1165\"><strong>Pakken inneholder \ud83d\udce6<\/strong><\/h2>\n<ul data-start=\"1166\" data-end=\"1183\">\n<li data-start=\"1166\" data-end=\"1183\">\n<p data-start=\"1168\" data-end=\"1183\">1x eggkjeks.<\/p>\n<\/li>\n<\/ul>\n<\/div>\n<\/div>\n<\/div>\n<\/div>\n","protected":false},"excerpt":{"rendered":"<p>\ud83e\udd5aDenne eggknuseren bruker tyngdekraften til \u00e5 knuse egg pent med \u00e9n enkel bevegelse.<br \/>\n\ud83c\udf73Bare l\u00f8ft og slipp den rustfrie st\u00e5lkulen for \u00e5 knekke skallet rent, noe som gj\u00f8r matlagingen raskere og morsommere.<br \/>\n\ud83e\udd6fPerfekt til hverdagsfrokoster, baking og matlaging uten det vanlige rotet.<\/p>\n","protected":false},"featured_media":20609,"comment_status":"open","ping_status":"closed","template":"","meta":{"site-sidebar-layout":"default","site-content-layout":"","ast-site-content-layout":"default","site-content-style":"default","site-sidebar-style":"default","ast-global-header-display":"","ast-banner-title-visibility":"","ast-main-header-display":"","ast-hfb-above-header-display":"","ast-hfb-below-header-display":"","ast-hfb-mobile-header-display":"","site-post-title":"","ast-breadcrumbs-content":"","ast-featured-img":"","footer-sml-layout":"","theme-transparent-header-meta":"default","adv-header-id-meta":"","stick-header-meta":"","header-above-stick-meta":"","header-main-stick-meta":"","header-below-stick-meta":"","astra-migrate-meta-layouts":"set","ast-page-background-enabled":"default","ast-page-background-meta":{"desktop":{"background-color":"var(--ast-global-color-5)","background-image":"","background-repeat":"repeat","background-position":"center center","background-size":"auto","background-attachment":"scroll","background-type":"","background-media":"","overlay-type":"","overlay-color":"","overlay-opacity":"","overlay-gradient":""},"tablet":{"background-color":"","background-image":"","background-repeat":"repeat","background-position":"center center","background-size":"auto","background-attachment":"scroll","background-type":"","background-media":"","overlay-type":"","overlay-color":"","overlay-opacity":"","overlay-gradient":""},"mobile":{"background-color":"","background-image":"","background-repeat":"repeat","background-position":"center center","background-size":"auto","background-attachment":"scroll","background-type":"","background-media":"","overlay-type":"","overlay-color":"","overlay-opacity":"","overlay-gradient":""}},"ast-content-background-meta":{"desktop":{"background-color":"var(--ast-global-color-4)","background-image":"","background-repeat":"repeat","background-position":"center center","background-size":"auto","background-attachment":"scroll","background-type":"","background-media":"","overlay-type":"","overlay-color":"","overlay-opacity":"","overlay-gradient":""},"tablet":{"background-color":"var(--ast-global-color-4)","background-image":"","background-repeat":"repeat","background-position":"center center","background-size":"auto","background-attachment":"scroll","background-type":"","background-media":"","overlay-type":"","overlay-color":"","overlay-opacity":"","overlay-gradient":""},"mobile":{"background-color":"var(--ast-global-color-4)","background-image":"","background-repeat":"repeat","background-position":"center center","background-size":"auto","background-attachment":"scroll","background-type":"","background-media":"","overlay-type":"","overlay-color":"","overlay-opacity":"","overlay-gradient":""}}},"product_brand":[],"product_cat":[168],"product_tag":[],"class_list":{"0":"post-20613","1":"product","2":"type-product","3":"status-publish","4":"has-post-thumbnail","6":"product_cat-husholdningsartikler","7":"desktop-align-left","8":"tablet-align-left","9":"mobile-align-left","11":"first","12":"instock","13":"shipping-taxable","14":"purchasable","15":"product-type-simple"},"yoast_head":"<!-- This site is optimized with the Yoast SEO plugin v26.6 - https:\/\/yoast.com\/wordpress\/plugins\/seo\/ -->\n<title>Eggkjeks - Mekulo NO<\/title>\n<meta name=\"robots\" content=\"index, follow, max-snippet:-1, max-image-preview:large, max-video-preview:-1\" \/>\n<link rel=\"canonical\" href=\"https:\/\/mekulo.com\/no\/produkt\/eggkjeks\/\" \/>\n<meta property=\"og:locale\" content=\"nb_NO\" \/>\n<meta property=\"og:type\" content=\"article\" \/>\n<meta property=\"og:title\" content=\"Eggkjeks - Mekulo NO\" \/>\n<meta property=\"og:description\" content=\"\ud83e\udd5aDenne eggknuseren bruker tyngdekraften til \u00e5 knuse egg pent med \u00e9n enkel bevegelse. \ud83c\udf73Bare l\u00f8ft og slipp den rustfrie st\u00e5lkulen for \u00e5 knekke skallet rent, noe som gj\u00f8r matlagingen raskere og morsommere. \ud83e\udd6fPerfekt til hverdagsfrokoster, baking og matlaging uten det vanlige rotet.\" \/>\n<meta property=\"og:url\" content=\"https:\/\/mekulo.com\/no\/produkt\/eggkjeks\/\" \/>\n<meta property=\"og:site_name\" content=\"Mekulo NO\" \/>\n<meta property=\"article:modified_time\" content=\"2026-02-10T09:05:49+00:00\" \/>\n<meta property=\"og:image\" content=\"https:\/\/mekulo.com\/no\/wp-content\/uploads\/sites\/10\/2026\/01\/wvbegut-1.jpg\" \/>\n\t<meta property=\"og:image:width\" content=\"960\" \/>\n\t<meta property=\"og:image:height\" content=\"960\" \/>\n\t<meta property=\"og:image:type\" content=\"image\/jpeg\" \/>\n<meta name=\"twitter:card\" content=\"summary_large_image\" \/>\n<meta name=\"twitter:label1\" content=\"Ansl. lesetid\" \/>\n\t<meta name=\"twitter:data1\" content=\"2 minutter\" \/>\n<script type=\"application\/ld+json\" class=\"yoast-schema-graph\">{\"@context\":\"https:\/\/schema.org\",\"@graph\":[{\"@type\":\"WebPage\",\"@id\":\"https:\/\/mekulo.com\/no\/produkt\/eggkjeks\/\",\"url\":\"https:\/\/mekulo.com\/no\/produkt\/eggkjeks\/\",\"name\":\"Eggkjeks - Mekulo NO\",\"isPartOf\":{\"@id\":\"https:\/\/mekulo.com\/no\/#website\"},\"primaryImageOfPage\":{\"@id\":\"https:\/\/mekulo.com\/no\/produkt\/eggkjeks\/#primaryimage\"},\"image\":{\"@id\":\"https:\/\/mekulo.com\/no\/produkt\/eggkjeks\/#primaryimage\"},\"thumbnailUrl\":\"https:\/\/mekulo.com\/no\/wp-content\/uploads\/sites\/10\/2026\/01\/wvbegut-1.jpg\",\"datePublished\":\"2026-01-30T05:26:34+00:00\",\"dateModified\":\"2026-02-10T09:05:49+00:00\",\"breadcrumb\":{\"@id\":\"https:\/\/mekulo.com\/no\/produkt\/eggkjeks\/#breadcrumb\"},\"inLanguage\":\"nb-NO\",\"potentialAction\":[{\"@type\":\"ReadAction\",\"target\":[\"https:\/\/mekulo.com\/no\/produkt\/eggkjeks\/\"]}]},{\"@type\":\"ImageObject\",\"inLanguage\":\"nb-NO\",\"@id\":\"https:\/\/mekulo.com\/no\/produkt\/eggkjeks\/#primaryimage\",\"url\":\"https:\/\/mekulo.com\/no\/wp-content\/uploads\/sites\/10\/2026\/01\/wvbegut-1.jpg\",\"contentUrl\":\"https:\/\/mekulo.com\/no\/wp-content\/uploads\/sites\/10\/2026\/01\/wvbegut-1.jpg\",\"width\":960,\"height\":960},{\"@type\":\"BreadcrumbList\",\"@id\":\"https:\/\/mekulo.com\/no\/produkt\/eggkjeks\/#breadcrumb\",\"itemListElement\":[{\"@type\":\"ListItem\",\"position\":1,\"name\":\"Home\",\"item\":\"https:\/\/mekulo.com\/no\/\"},{\"@type\":\"ListItem\",\"position\":2,\"name\":\"Butikk\",\"item\":\"https:\/\/mekulo.com\/no\/butikk\/\"},{\"@type\":\"ListItem\",\"position\":3,\"name\":\"Eggkjeks\"}]},{\"@type\":\"WebSite\",\"@id\":\"https:\/\/mekulo.com\/no\/#website\",\"url\":\"https:\/\/mekulo.com\/no\/\",\"name\":\"Mekulo NO\",\"description\":\"\",\"publisher\":{\"@id\":\"https:\/\/mekulo.com\/no\/#organization\"},\"potentialAction\":[{\"@type\":\"SearchAction\",\"target\":{\"@type\":\"EntryPoint\",\"urlTemplate\":\"https:\/\/mekulo.com\/no\/?s={search_term_string}\"},\"query-input\":{\"@type\":\"PropertyValueSpecification\",\"valueRequired\":true,\"valueName\":\"search_term_string\"}}],\"inLanguage\":\"nb-NO\"},{\"@type\":\"Organization\",\"@id\":\"https:\/\/mekulo.com\/no\/#organization\",\"name\":\"Mekulo\",\"url\":\"https:\/\/mekulo.com\/no\/\",\"logo\":{\"@type\":\"ImageObject\",\"inLanguage\":\"nb-NO\",\"@id\":\"https:\/\/mekulo.com\/no\/#\/schema\/logo\/image\/\",\"url\":\"https:\/\/mekulo.com\/no\/wp-content\/uploads\/sites\/10\/2025\/12\/favicon_mekulo.png\",\"contentUrl\":\"https:\/\/mekulo.com\/no\/wp-content\/uploads\/sites\/10\/2025\/12\/favicon_mekulo.png\",\"width\":50,\"height\":50,\"caption\":\"Mekulo\"},\"image\":{\"@id\":\"https:\/\/mekulo.com\/no\/#\/schema\/logo\/image\/\"}}]}<\/script>\n<!-- \/ Yoast SEO plugin. -->","yoast_head_json":{"title":"Eggkjeks - Mekulo NO","robots":{"index":"index","follow":"follow","max-snippet":"max-snippet:-1","max-image-preview":"max-image-preview:large","max-video-preview":"max-video-preview:-1"},"canonical":"https:\/\/mekulo.com\/no\/produkt\/eggkjeks\/","og_locale":"nb_NO","og_type":"article","og_title":"Eggkjeks - Mekulo NO","og_description":"\ud83e\udd5aDenne eggknuseren bruker tyngdekraften til \u00e5 knuse egg pent med \u00e9n enkel bevegelse. \ud83c\udf73Bare l\u00f8ft og slipp den rustfrie st\u00e5lkulen for \u00e5 knekke skallet rent, noe som gj\u00f8r matlagingen raskere og morsommere. \ud83e\udd6fPerfekt til hverdagsfrokoster, baking og matlaging uten det vanlige rotet.","og_url":"https:\/\/mekulo.com\/no\/produkt\/eggkjeks\/","og_site_name":"Mekulo NO","article_modified_time":"2026-02-10T09:05:49+00:00","og_image":[{"width":960,"height":960,"url":"https:\/\/mekulo.com\/no\/wp-content\/uploads\/sites\/10\/2026\/01\/wvbegut-1.jpg","type":"image\/jpeg"}],"twitter_card":"summary_large_image","twitter_misc":{"Ansl. lesetid":"2 minutter"},"schema":{"@context":"https:\/\/schema.org","@graph":[{"@type":"WebPage","@id":"https:\/\/mekulo.com\/no\/produkt\/eggkjeks\/","url":"https:\/\/mekulo.com\/no\/produkt\/eggkjeks\/","name":"Eggkjeks - Mekulo NO","isPartOf":{"@id":"https:\/\/mekulo.com\/no\/#website"},"primaryImageOfPage":{"@id":"https:\/\/mekulo.com\/no\/produkt\/eggkjeks\/#primaryimage"},"image":{"@id":"https:\/\/mekulo.com\/no\/produkt\/eggkjeks\/#primaryimage"},"thumbnailUrl":"https:\/\/mekulo.com\/no\/wp-content\/uploads\/sites\/10\/2026\/01\/wvbegut-1.jpg","datePublished":"2026-01-30T05:26:34+00:00","dateModified":"2026-02-10T09:05:49+00:00","breadcrumb":{"@id":"https:\/\/mekulo.com\/no\/produkt\/eggkjeks\/#breadcrumb"},"inLanguage":"nb-NO","potentialAction":[{"@type":"ReadAction","target":["https:\/\/mekulo.com\/no\/produkt\/eggkjeks\/"]}]},{"@type":"ImageObject","inLanguage":"nb-NO","@id":"https:\/\/mekulo.com\/no\/produkt\/eggkjeks\/#primaryimage","url":"https:\/\/mekulo.com\/no\/wp-content\/uploads\/sites\/10\/2026\/01\/wvbegut-1.jpg","contentUrl":"https:\/\/mekulo.com\/no\/wp-content\/uploads\/sites\/10\/2026\/01\/wvbegut-1.jpg","width":960,"height":960},{"@type":"BreadcrumbList","@id":"https:\/\/mekulo.com\/no\/produkt\/eggkjeks\/#breadcrumb","itemListElement":[{"@type":"ListItem","position":1,"name":"Home","item":"https:\/\/mekulo.com\/no\/"},{"@type":"ListItem","position":2,"name":"Butikk","item":"https:\/\/mekulo.com\/no\/butikk\/"},{"@type":"ListItem","position":3,"name":"Eggkjeks"}]},{"@type":"WebSite","@id":"https:\/\/mekulo.com\/no\/#website","url":"https:\/\/mekulo.com\/no\/","name":"Mekulo NO","description":"","publisher":{"@id":"https:\/\/mekulo.com\/no\/#organization"},"potentialAction":[{"@type":"SearchAction","target":{"@type":"EntryPoint","urlTemplate":"https:\/\/mekulo.com\/no\/?s={search_term_string}"},"query-input":{"@type":"PropertyValueSpecification","valueRequired":true,"valueName":"search_term_string"}}],"inLanguage":"nb-NO"},{"@type":"Organization","@id":"https:\/\/mekulo.com\/no\/#organization","name":"Mekulo","url":"https:\/\/mekulo.com\/no\/","logo":{"@type":"ImageObject","inLanguage":"nb-NO","@id":"https:\/\/mekulo.com\/no\/#\/schema\/logo\/image\/","url":"https:\/\/mekulo.com\/no\/wp-content\/uploads\/sites\/10\/2025\/12\/favicon_mekulo.png","contentUrl":"https:\/\/mekulo.com\/no\/wp-content\/uploads\/sites\/10\/2025\/12\/favicon_mekulo.png","width":50,"height":50,"caption":"Mekulo"},"image":{"@id":"https:\/\/mekulo.com\/no\/#\/schema\/logo\/image\/"}}]}},"_links":{"self":[{"href":"https:\/\/mekulo.com\/no\/wp-json\/wp\/v2\/product\/20613","targetHints":{"allow":["GET"]}}],"collection":[{"href":"https:\/\/mekulo.com\/no\/wp-json\/wp\/v2\/product"}],"about":[{"href":"https:\/\/mekulo.com\/no\/wp-json\/wp\/v2\/types\/product"}],"replies":[{"embeddable":true,"href":"https:\/\/mekulo.com\/no\/wp-json\/wp\/v2\/comments?post=20613"}],"wp:featuredmedia":[{"embeddable":true,"href":"https:\/\/mekulo.com\/no\/wp-json\/wp\/v2\/media\/20609"}],"wp:attachment":[{"href":"https:\/\/mekulo.com\/no\/wp-json\/wp\/v2\/media?parent=20613"}],"wp:term":[{"taxonomy":"product_brand","embeddable":true,"href":"https:\/\/mekulo.com\/no\/wp-json\/wp\/v2\/product_brand?post=20613"},{"taxonomy":"product_cat","embeddable":true,"href":"https:\/\/mekulo.com\/no\/wp-json\/wp\/v2\/product_cat?post=20613"},{"taxonomy":"product_tag","embeddable":true,"href":"https:\/\/mekulo.com\/no\/wp-json\/wp\/v2\/product_tag?post=20613"}],"curies":[{"name":"wp","href":"https:\/\/api.w.org\/{rel}","templated":true}]}}