{"id":20581,"date":"2026-01-30T07:24:59","date_gmt":"2026-01-30T05:24:59","guid":{"rendered":"https:\/\/mekulo.com\/no\/produkt\/innleggssaler-med-hoydeforsterkning-4-par\/"},"modified":"2026-04-13T11:22:37","modified_gmt":"2026-04-13T08:22:37","slug":"innleggssaler-med-hoydeforsterkning-4-par","status":"publish","type":"product","link":"https:\/\/mekulo.com\/no\/produkt\/innleggssaler-med-hoydeforsterkning-4-par\/","title":{"rendered":"Innleggss\u00e5ler med h\u00f8ydeforsterkning (4 par)"},"content":{"rendered":"<div class=\"flex max-w-full flex-col grow\">\n<div class=\"min-h-8 text-message relative flex w-full flex-col items-end gap-2 text-start break-words whitespace-normal [.text-message+&amp;]:mt-1\" dir=\"auto\" data-message-author-role=\"assistant\" data-message-id=\"e05b1529-17f0-4204-ab99-672c7c96a0d1\" data-message-model-slug=\"gpt-5-2\">\n<div class=\"flex w-full flex-col gap-1 empty:hidden first:pt-[1px]\">\n<div class=\"markdown prose dark:prose-invert w-full wrap-break-word light markdown-new-styling\">\n<p style=\"text-align: center\" data-start=\"0\" data-end=\"67\"><strong data-start=\"0\" data-end=\"67\">Se H\u00f8yere Ut Umiddelbart Med Komfortable, Usynlige Skoinnleggss\u00e5ler. \ud83e\uddcd\u200d\u2642\ufe0f<\/strong><\/p>\n<p data-start=\"0\" data-end=\"67\"><img fetchpriority=\"high\" decoding=\"async\" class=\"size-full wp-image-22516 aligncenter\" src=\"https:\/\/mekulo.com\/template\/wp-content\/uploads\/sites\/6\/2026\/01\/5-14.jpeg\" alt=\"\" width=\"800\" height=\"800\" \/><\/p>\n<h2 style=\"text-align: center\" data-start=\"362\" data-end=\"379\">Hovedfordeler \ud83d\udc5f<\/h2>\n<p data-start=\"382\" data-end=\"450\">\ud83d\udccf \u00d8yeblikkelig h\u00f8ydeforbedring &#8211; Tilf\u00f8rer h\u00f8yde naturlig og diskret.<\/p>\n<p data-start=\"453\" data-end=\"505\">\ud83d\udc40 Usynlig design &#8211; Skjult inne i skoene dine.<\/p>\n<p data-start=\"508\" data-end=\"567\">\ud83e\uddb6 Full buest\u00f8tte &#8211; Forbedrer balanse og stabilitet.<\/p>\n<p data-start=\"570\" data-end=\"628\">\ud83e\uddcd Bedre holdning &#8211; Hjelper med \u00e5 redusere belastningen p\u00e5 rygg og hofte.<\/p>\n<p data-start=\"631\" data-end=\"681\">\ud83d\udc5f Passer til de fleste sko &#8211; Bruk med flere par.<\/p>\n<p data-start=\"684\" data-end=\"734\">\ud83e\uddfc Lett \u00e5 rengj\u00f8re &#8211; Vaskbare og raske \u00e5 t\u00f8rke.<\/p>\n<p data-start=\"684\" data-end=\"734\"><img decoding=\"async\" class=\"size-full wp-image-22517 aligncenter\" src=\"https:\/\/mekulo.com\/template\/wp-content\/uploads\/sites\/6\/2026\/01\/6-23.jpeg\" alt=\"\" width=\"800\" height=\"800\" \/><\/p>\n<h2 style=\"text-align: center\" data-start=\"736\" data-end=\"750\">Hvordan Bruke \ud83d\udccc<\/h2>\n<ol data-start=\"751\" data-end=\"977\">\n<li data-start=\"751\" data-end=\"791\">\n<p data-start=\"754\" data-end=\"791\">Velg \u00f8nsket h\u00f8ydeniv\u00e5.<\/p>\n<\/li>\n<li data-start=\"792\" data-end=\"833\">\n<p data-start=\"795\" data-end=\"833\">Plasser innleggss\u00e5lene i skoene.<\/p>\n<\/li>\n<li data-start=\"834\" data-end=\"887\">\n<p data-start=\"837\" data-end=\"887\">Start med en lavere h\u00f8yde for \u00e5 justere komfortabelt.<\/p>\n<\/li>\n<li data-start=\"888\" data-end=\"945\">\n<p data-start=\"891\" data-end=\"945\">Bruk dem til daglige aktiviteter eller spesielle anledninger.<\/p>\n<\/li>\n<li data-start=\"946\" data-end=\"977\">\n<p data-start=\"949\" data-end=\"977\">Ta dem ut og vask dem ved behov.<\/p>\n<\/li>\n<\/ol>\n<h2 style=\"text-align: center\" data-start=\"979\" data-end=\"998\">Produkt Detaljer \ud83d\udccf<\/h2>\n<ul data-start=\"999\" data-end=\"1190\">\n<li data-start=\"999\" data-end=\"1035\">\n<p data-start=\"1001\" data-end=\"1035\">Materiale: EVA-skum av medisinsk kvalitet<\/p>\n<\/li>\n<li data-start=\"1057\" data-end=\"1101\">\n<p data-start=\"1059\" data-end=\"1101\">H\u00f8ydealternativer: 1,5 cm \/ 2,5 cm \/ 3,5 cm<\/p>\n<\/li>\n<li data-start=\"1102\" data-end=\"1126\">\n<p data-start=\"1104\" data-end=\"1126\">Vekt: Ca. 65 g<\/p>\n<\/li>\n<li data-start=\"1127\" data-end=\"1190\">\n<p data-start=\"1129\" data-end=\"1190\">Funksjoner: Full fotbuest\u00f8tte, fuktbestandig, lateksfri<\/p>\n<\/li>\n<\/ul>\n<h2 style=\"text-align: center\" data-start=\"1192\" data-end=\"1212\">Pakken Inneholder \ud83d\udce6<\/h2>\n<ul data-start=\"1213\" data-end=\"1248\" data-is-last-node=\"\" data-is-only-node=\"\">\n<li data-start=\"1213\" data-end=\"1248\" data-is-last-node=\"\">\n<p data-start=\"1215\" data-end=\"1248\" data-is-last-node=\"\">4x par h\u00f8ydeforsterkende innleggss\u00e5ler (8 stk).<\/p>\n<\/li>\n<\/ul>\n<\/div>\n<\/div>\n<\/div>\n<\/div>\n","protected":false},"excerpt":{"rendered":"<p>\ud83d\udccfDisse h\u00f8ydeforsterkende innleggss\u00e5lene gir diskret h\u00f8yde samtidig som de st\u00f8tter f\u00f8ttene og forbedrer holdningen.<br \/>\n\ud83d\udc5fDe passer i de fleste sko, f\u00f8les naturlige n\u00e5r du g\u00e5r og hjelper deg \u00e5 st\u00e5 h\u00f8yere med selvtillit.<br \/>\n\ud83e\uddb6En enkel oppgradering som forbedrer utseendet, balansen og hverdagskomforten din uten store sko.<\/p>\n","protected":false},"featured_media":20577,"comment_status":"open","ping_status":"closed","template":"","meta":{"site-sidebar-layout":"default","site-content-layout":"","ast-site-content-layout":"default","site-content-style":"default","site-sidebar-style":"default","ast-global-header-display":"","ast-banner-title-visibility":"","ast-main-header-display":"","ast-hfb-above-header-display":"","ast-hfb-below-header-display":"","ast-hfb-mobile-header-display":"","site-post-title":"","ast-breadcrumbs-content":"","ast-featured-img":"","footer-sml-layout":"","theme-transparent-header-meta":"default","adv-header-id-meta":"","stick-header-meta":"","header-above-stick-meta":"","header-main-stick-meta":"","header-below-stick-meta":"","astra-migrate-meta-layouts":"set","ast-page-background-enabled":"default","ast-page-background-meta":{"desktop":{"background-color":"var(--ast-global-color-5)","background-image":"","background-repeat":"repeat","background-position":"center center","background-size":"auto","background-attachment":"scroll","background-type":"","background-media":"","overlay-type":"","overlay-color":"","overlay-opacity":"","overlay-gradient":""},"tablet":{"background-color":"","background-image":"","background-repeat":"repeat","background-position":"center center","background-size":"auto","background-attachment":"scroll","background-type":"","background-media":"","overlay-type":"","overlay-color":"","overlay-opacity":"","overlay-gradient":""},"mobile":{"background-color":"","background-image":"","background-repeat":"repeat","background-position":"center center","background-size":"auto","background-attachment":"scroll","background-type":"","background-media":"","overlay-type":"","overlay-color":"","overlay-opacity":"","overlay-gradient":""}},"ast-content-background-meta":{"desktop":{"background-color":"var(--ast-global-color-4)","background-image":"","background-repeat":"repeat","background-position":"center center","background-size":"auto","background-attachment":"scroll","background-type":"","background-media":"","overlay-type":"","overlay-color":"","overlay-opacity":"","overlay-gradient":""},"tablet":{"background-color":"var(--ast-global-color-4)","background-image":"","background-repeat":"repeat","background-position":"center center","background-size":"auto","background-attachment":"scroll","background-type":"","background-media":"","overlay-type":"","overlay-color":"","overlay-opacity":"","overlay-gradient":""},"mobile":{"background-color":"var(--ast-global-color-4)","background-image":"","background-repeat":"repeat","background-position":"center center","background-size":"auto","background-attachment":"scroll","background-type":"","background-media":"","overlay-type":"","overlay-color":"","overlay-opacity":"","overlay-gradient":""}}},"product_brand":[],"product_cat":[165],"product_tag":[],"class_list":{"0":"post-20581","1":"product","2":"type-product","3":"status-publish","4":"has-post-thumbnail","6":"product_cat-fottoy-tilbehor","7":"pa_52912_3u4i9d6y-bla","8":"pa_52912_3u4i9d6y-gra","9":"pa_52912_3u4i9d6y-rosa","10":"pa_52912_7rlff97w-15-cm","11":"pa_52912_7rlff97w-25-cm","12":"pa_52912_7rlff97w-35-cm","13":"desktop-align-left","14":"tablet-align-left","15":"mobile-align-left","17":"first","18":"instock","19":"shipping-taxable","20":"purchasable","21":"product-type-variable","22":"has-default-attributes"},"yoast_head":"<!-- This site is optimized with the Yoast SEO plugin v26.6 - https:\/\/yoast.com\/wordpress\/plugins\/seo\/ -->\n<title>Innleggss\u00e5ler med h\u00f8ydeforsterkning (4 par) - Mekulo NO<\/title>\n<meta name=\"robots\" content=\"index, follow, max-snippet:-1, max-image-preview:large, max-video-preview:-1\" \/>\n<link rel=\"canonical\" href=\"https:\/\/mekulo.com\/no\/produkt\/innleggssaler-med-hoydeforsterkning-4-par\/\" \/>\n<meta property=\"og:locale\" content=\"nb_NO\" \/>\n<meta property=\"og:type\" content=\"article\" \/>\n<meta property=\"og:title\" content=\"Innleggss\u00e5ler med h\u00f8ydeforsterkning (4 par) - Mekulo NO\" \/>\n<meta property=\"og:description\" content=\"\ud83d\udccfDisse h\u00f8ydeforsterkende innleggss\u00e5lene gir diskret h\u00f8yde samtidig som de st\u00f8tter f\u00f8ttene og forbedrer holdningen. \ud83d\udc5fDe passer i de fleste sko, f\u00f8les naturlige n\u00e5r du g\u00e5r og hjelper deg \u00e5 st\u00e5 h\u00f8yere med selvtillit. \ud83e\uddb6En enkel oppgradering som forbedrer utseendet, balansen og hverdagskomforten din uten store sko.\" \/>\n<meta property=\"og:url\" content=\"https:\/\/mekulo.com\/no\/produkt\/innleggssaler-med-hoydeforsterkning-4-par\/\" \/>\n<meta property=\"og:site_name\" content=\"Mekulo NO\" \/>\n<meta property=\"article:modified_time\" content=\"2026-04-13T08:22:37+00:00\" \/>\n<meta property=\"og:image\" content=\"https:\/\/mekulo.com\/no\/wp-content\/uploads\/sites\/10\/2026\/01\/s2bw8re-1.jpg\" \/>\n\t<meta property=\"og:image:width\" content=\"1080\" \/>\n\t<meta property=\"og:image:height\" content=\"1080\" \/>\n\t<meta property=\"og:image:type\" content=\"image\/jpeg\" \/>\n<meta name=\"twitter:card\" content=\"summary_large_image\" \/>\n<meta name=\"twitter:label1\" content=\"Ansl. lesetid\" \/>\n\t<meta name=\"twitter:data1\" content=\"2 minutter\" \/>\n<script type=\"application\/ld+json\" class=\"yoast-schema-graph\">{\"@context\":\"https:\/\/schema.org\",\"@graph\":[{\"@type\":\"WebPage\",\"@id\":\"https:\/\/mekulo.com\/no\/produkt\/innleggssaler-med-hoydeforsterkning-4-par\/\",\"url\":\"https:\/\/mekulo.com\/no\/produkt\/innleggssaler-med-hoydeforsterkning-4-par\/\",\"name\":\"Innleggss\u00e5ler med h\u00f8ydeforsterkning (4 par) - Mekulo NO\",\"isPartOf\":{\"@id\":\"https:\/\/mekulo.com\/no\/#website\"},\"primaryImageOfPage\":{\"@id\":\"https:\/\/mekulo.com\/no\/produkt\/innleggssaler-med-hoydeforsterkning-4-par\/#primaryimage\"},\"image\":{\"@id\":\"https:\/\/mekulo.com\/no\/produkt\/innleggssaler-med-hoydeforsterkning-4-par\/#primaryimage\"},\"thumbnailUrl\":\"https:\/\/mekulo.com\/no\/wp-content\/uploads\/sites\/10\/2026\/01\/s2bw8re-1.jpg\",\"datePublished\":\"2026-01-30T05:24:59+00:00\",\"dateModified\":\"2026-04-13T08:22:37+00:00\",\"breadcrumb\":{\"@id\":\"https:\/\/mekulo.com\/no\/produkt\/innleggssaler-med-hoydeforsterkning-4-par\/#breadcrumb\"},\"inLanguage\":\"nb-NO\",\"potentialAction\":[{\"@type\":\"ReadAction\",\"target\":[\"https:\/\/mekulo.com\/no\/produkt\/innleggssaler-med-hoydeforsterkning-4-par\/\"]}]},{\"@type\":\"ImageObject\",\"inLanguage\":\"nb-NO\",\"@id\":\"https:\/\/mekulo.com\/no\/produkt\/innleggssaler-med-hoydeforsterkning-4-par\/#primaryimage\",\"url\":\"https:\/\/mekulo.com\/no\/wp-content\/uploads\/sites\/10\/2026\/01\/s2bw8re-1.jpg\",\"contentUrl\":\"https:\/\/mekulo.com\/no\/wp-content\/uploads\/sites\/10\/2026\/01\/s2bw8re-1.jpg\",\"width\":1080,\"height\":1080},{\"@type\":\"BreadcrumbList\",\"@id\":\"https:\/\/mekulo.com\/no\/produkt\/innleggssaler-med-hoydeforsterkning-4-par\/#breadcrumb\",\"itemListElement\":[{\"@type\":\"ListItem\",\"position\":1,\"name\":\"Home\",\"item\":\"https:\/\/mekulo.com\/no\/\"},{\"@type\":\"ListItem\",\"position\":2,\"name\":\"Butikk\",\"item\":\"https:\/\/mekulo.com\/no\/butikk\/\"},{\"@type\":\"ListItem\",\"position\":3,\"name\":\"Innleggss\u00e5ler med h\u00f8ydeforsterkning (4 par)\"}]},{\"@type\":\"WebSite\",\"@id\":\"https:\/\/mekulo.com\/no\/#website\",\"url\":\"https:\/\/mekulo.com\/no\/\",\"name\":\"Mekulo NO\",\"description\":\"\",\"publisher\":{\"@id\":\"https:\/\/mekulo.com\/no\/#organization\"},\"potentialAction\":[{\"@type\":\"SearchAction\",\"target\":{\"@type\":\"EntryPoint\",\"urlTemplate\":\"https:\/\/mekulo.com\/no\/?s={search_term_string}\"},\"query-input\":{\"@type\":\"PropertyValueSpecification\",\"valueRequired\":true,\"valueName\":\"search_term_string\"}}],\"inLanguage\":\"nb-NO\"},{\"@type\":\"Organization\",\"@id\":\"https:\/\/mekulo.com\/no\/#organization\",\"name\":\"Mekulo\",\"url\":\"https:\/\/mekulo.com\/no\/\",\"logo\":{\"@type\":\"ImageObject\",\"inLanguage\":\"nb-NO\",\"@id\":\"https:\/\/mekulo.com\/no\/#\/schema\/logo\/image\/\",\"url\":\"https:\/\/mekulo.com\/no\/wp-content\/uploads\/sites\/10\/2025\/12\/favicon_mekulo.png\",\"contentUrl\":\"https:\/\/mekulo.com\/no\/wp-content\/uploads\/sites\/10\/2025\/12\/favicon_mekulo.png\",\"width\":50,\"height\":50,\"caption\":\"Mekulo\"},\"image\":{\"@id\":\"https:\/\/mekulo.com\/no\/#\/schema\/logo\/image\/\"}}]}<\/script>\n<!-- \/ Yoast SEO plugin. -->","yoast_head_json":{"title":"Innleggss\u00e5ler med h\u00f8ydeforsterkning (4 par) - Mekulo NO","robots":{"index":"index","follow":"follow","max-snippet":"max-snippet:-1","max-image-preview":"max-image-preview:large","max-video-preview":"max-video-preview:-1"},"canonical":"https:\/\/mekulo.com\/no\/produkt\/innleggssaler-med-hoydeforsterkning-4-par\/","og_locale":"nb_NO","og_type":"article","og_title":"Innleggss\u00e5ler med h\u00f8ydeforsterkning (4 par) - Mekulo NO","og_description":"\ud83d\udccfDisse h\u00f8ydeforsterkende innleggss\u00e5lene gir diskret h\u00f8yde samtidig som de st\u00f8tter f\u00f8ttene og forbedrer holdningen. \ud83d\udc5fDe passer i de fleste sko, f\u00f8les naturlige n\u00e5r du g\u00e5r og hjelper deg \u00e5 st\u00e5 h\u00f8yere med selvtillit. \ud83e\uddb6En enkel oppgradering som forbedrer utseendet, balansen og hverdagskomforten din uten store sko.","og_url":"https:\/\/mekulo.com\/no\/produkt\/innleggssaler-med-hoydeforsterkning-4-par\/","og_site_name":"Mekulo NO","article_modified_time":"2026-04-13T08:22:37+00:00","og_image":[{"width":1080,"height":1080,"url":"https:\/\/mekulo.com\/no\/wp-content\/uploads\/sites\/10\/2026\/01\/s2bw8re-1.jpg","type":"image\/jpeg"}],"twitter_card":"summary_large_image","twitter_misc":{"Ansl. lesetid":"2 minutter"},"schema":{"@context":"https:\/\/schema.org","@graph":[{"@type":"WebPage","@id":"https:\/\/mekulo.com\/no\/produkt\/innleggssaler-med-hoydeforsterkning-4-par\/","url":"https:\/\/mekulo.com\/no\/produkt\/innleggssaler-med-hoydeforsterkning-4-par\/","name":"Innleggss\u00e5ler med h\u00f8ydeforsterkning (4 par) - Mekulo NO","isPartOf":{"@id":"https:\/\/mekulo.com\/no\/#website"},"primaryImageOfPage":{"@id":"https:\/\/mekulo.com\/no\/produkt\/innleggssaler-med-hoydeforsterkning-4-par\/#primaryimage"},"image":{"@id":"https:\/\/mekulo.com\/no\/produkt\/innleggssaler-med-hoydeforsterkning-4-par\/#primaryimage"},"thumbnailUrl":"https:\/\/mekulo.com\/no\/wp-content\/uploads\/sites\/10\/2026\/01\/s2bw8re-1.jpg","datePublished":"2026-01-30T05:24:59+00:00","dateModified":"2026-04-13T08:22:37+00:00","breadcrumb":{"@id":"https:\/\/mekulo.com\/no\/produkt\/innleggssaler-med-hoydeforsterkning-4-par\/#breadcrumb"},"inLanguage":"nb-NO","potentialAction":[{"@type":"ReadAction","target":["https:\/\/mekulo.com\/no\/produkt\/innleggssaler-med-hoydeforsterkning-4-par\/"]}]},{"@type":"ImageObject","inLanguage":"nb-NO","@id":"https:\/\/mekulo.com\/no\/produkt\/innleggssaler-med-hoydeforsterkning-4-par\/#primaryimage","url":"https:\/\/mekulo.com\/no\/wp-content\/uploads\/sites\/10\/2026\/01\/s2bw8re-1.jpg","contentUrl":"https:\/\/mekulo.com\/no\/wp-content\/uploads\/sites\/10\/2026\/01\/s2bw8re-1.jpg","width":1080,"height":1080},{"@type":"BreadcrumbList","@id":"https:\/\/mekulo.com\/no\/produkt\/innleggssaler-med-hoydeforsterkning-4-par\/#breadcrumb","itemListElement":[{"@type":"ListItem","position":1,"name":"Home","item":"https:\/\/mekulo.com\/no\/"},{"@type":"ListItem","position":2,"name":"Butikk","item":"https:\/\/mekulo.com\/no\/butikk\/"},{"@type":"ListItem","position":3,"name":"Innleggss\u00e5ler med h\u00f8ydeforsterkning (4 par)"}]},{"@type":"WebSite","@id":"https:\/\/mekulo.com\/no\/#website","url":"https:\/\/mekulo.com\/no\/","name":"Mekulo NO","description":"","publisher":{"@id":"https:\/\/mekulo.com\/no\/#organization"},"potentialAction":[{"@type":"SearchAction","target":{"@type":"EntryPoint","urlTemplate":"https:\/\/mekulo.com\/no\/?s={search_term_string}"},"query-input":{"@type":"PropertyValueSpecification","valueRequired":true,"valueName":"search_term_string"}}],"inLanguage":"nb-NO"},{"@type":"Organization","@id":"https:\/\/mekulo.com\/no\/#organization","name":"Mekulo","url":"https:\/\/mekulo.com\/no\/","logo":{"@type":"ImageObject","inLanguage":"nb-NO","@id":"https:\/\/mekulo.com\/no\/#\/schema\/logo\/image\/","url":"https:\/\/mekulo.com\/no\/wp-content\/uploads\/sites\/10\/2025\/12\/favicon_mekulo.png","contentUrl":"https:\/\/mekulo.com\/no\/wp-content\/uploads\/sites\/10\/2025\/12\/favicon_mekulo.png","width":50,"height":50,"caption":"Mekulo"},"image":{"@id":"https:\/\/mekulo.com\/no\/#\/schema\/logo\/image\/"}}]}},"_links":{"self":[{"href":"https:\/\/mekulo.com\/no\/wp-json\/wp\/v2\/product\/20581","targetHints":{"allow":["GET"]}}],"collection":[{"href":"https:\/\/mekulo.com\/no\/wp-json\/wp\/v2\/product"}],"about":[{"href":"https:\/\/mekulo.com\/no\/wp-json\/wp\/v2\/types\/product"}],"replies":[{"embeddable":true,"href":"https:\/\/mekulo.com\/no\/wp-json\/wp\/v2\/comments?post=20581"}],"wp:featuredmedia":[{"embeddable":true,"href":"https:\/\/mekulo.com\/no\/wp-json\/wp\/v2\/media\/20577"}],"wp:attachment":[{"href":"https:\/\/mekulo.com\/no\/wp-json\/wp\/v2\/media?parent=20581"}],"wp:term":[{"taxonomy":"product_brand","embeddable":true,"href":"https:\/\/mekulo.com\/no\/wp-json\/wp\/v2\/product_brand?post=20581"},{"taxonomy":"product_cat","embeddable":true,"href":"https:\/\/mekulo.com\/no\/wp-json\/wp\/v2\/product_cat?post=20581"},{"taxonomy":"product_tag","embeddable":true,"href":"https:\/\/mekulo.com\/no\/wp-json\/wp\/v2\/product_tag?post=20581"}],"curies":[{"name":"wp","href":"https:\/\/api.w.org\/{rel}","templated":true}]}}