{"id":20572,"date":"2026-01-30T07:23:42","date_gmt":"2026-01-30T05:23:42","guid":{"rendered":"https:\/\/mekulo.com\/no\/produkt\/bortilbehorsett\/"},"modified":"2026-04-13T11:22:04","modified_gmt":"2026-04-13T08:22:04","slug":"bortilbehorsett","status":"publish","type":"product","link":"https:\/\/mekulo.com\/no\/produkt\/bortilbehorsett\/","title":{"rendered":"Bortilbeh\u00f8rsett"},"content":{"rendered":"<p style=\"text-align: center\" data-start=\"0\" data-end=\"76\"><strong data-start=\"0\" data-end=\"76\">Gj\u00f8r boret ditt om til et verkt\u00f8y for kutting, sliping og polering p\u00e5 f\u00e5 sekunder. \u2699\ufe0f<\/strong><\/p>\n<p data-start=\"0\" data-end=\"76\"><img fetchpriority=\"high\" decoding=\"async\" class=\"size-full wp-image-22511 aligncenter\" src=\"https:\/\/mekulo.com\/template\/wp-content\/uploads\/sites\/6\/2026\/01\/S7f121ff3284c4373a9fa297d77401091d.jpg_960x960q75.jpg_.avif\" alt=\"\" width=\"960\" height=\"960\" \/><\/p>\n<h2 style=\"text-align: center\" data-start=\"389\" data-end=\"406\"><strong>Hovedfordeler \ud83d\udd29<\/strong><\/h2>\n<p data-start=\"409\" data-end=\"478\">\ud83d\udd27 Flerbrukstilbeh\u00f8r &#8211; Kutt, slip og poler med ett bor.<\/p>\n<p data-start=\"481\" data-end=\"543\">\ud83d\udd29 Sterkt trekantskaft &#8211; Forhindrer glidning og risting.<\/p>\n<p data-start=\"546\" data-end=\"600\">\u2699\ufe0f Sikker passform &#8211; L\u00e5ser seg tett i borepatronen.<\/p>\n<p data-start=\"603\" data-end=\"668\">\ud83e\udeb5 Bred materialbruk &#8211; Fungerer p\u00e5 tre, metall, fliser og mer.<\/p>\n<p data-start=\"671\" data-end=\"725\">\ud83d\udee0\ufe0f Slitesterk konstruksjon &#8211; Laget av metall av h\u00f8y kvalitet.<\/p>\n<p data-start=\"728\" data-end=\"778\">\ud83d\udd04 Enkel \u00e5 installere &#8211; Klar til bruk p\u00e5 f\u00e5 sekunder.<\/p>\n<p data-start=\"728\" data-end=\"778\"><img decoding=\"async\" class=\"size-full wp-image-22510 aligncenter\" src=\"https:\/\/mekulo.com\/template\/wp-content\/uploads\/sites\/6\/2026\/01\/234567642b2acd27312d1d1db2149c4f2c55ecb7-800.avif\" alt=\"\" \/><\/p>\n<h2 style=\"text-align: center\" data-start=\"780\" data-end=\"794\"><strong>Hvordan bruke \ud83d\udccc<\/strong><\/h2>\n<ol data-start=\"795\" data-end=\"1006\">\n<li data-start=\"795\" data-end=\"843\">\n<p data-start=\"798\" data-end=\"843\">Sett festet inn i borechucken.<\/p>\n<\/li>\n<li data-start=\"844\" data-end=\"876\">\n<p data-start=\"847\" data-end=\"876\">Stram chucken godt til.<\/p>\n<\/li>\n<li data-start=\"877\" data-end=\"919\">\n<p data-start=\"880\" data-end=\"919\">Fest kappe- eller poleringsskiven.<\/p>\n<\/li>\n<li data-start=\"920\" data-end=\"961\">\n<p data-start=\"923\" data-end=\"961\">Sl\u00e5 p\u00e5 boret og begynn \u00e5 jobbe.<\/p>\n<\/li>\n<li data-start=\"962\" data-end=\"1006\">\n<p data-start=\"965\" data-end=\"1006\">Sl\u00e5 av boret f\u00f8r du skifter skive.<\/p>\n<\/li>\n<\/ol>\n<h2 style=\"text-align: center\" data-start=\"1008\" data-end=\"1027\"><strong>Produktdetaljer \ud83d\udccf<\/strong><\/h2>\n<ul data-start=\"1028\" data-end=\"1250\">\n<li data-start=\"1028\" data-end=\"1047\">\n<p data-start=\"1030\" data-end=\"1047\">Materiale: Metall<\/p>\n<\/li>\n<li data-start=\"1048\" data-end=\"1084\">\n<p data-start=\"1050\" data-end=\"1084\">Koblingsakselens diameter: 10 mm<\/p>\n<\/li>\n<li data-start=\"1085\" data-end=\"1108\">\n<p data-start=\"1087\" data-end=\"1108\">Stangform: Trekant<\/p>\n<\/li>\n<li data-start=\"1109\" data-end=\"1144\">\n<p data-start=\"1111\" data-end=\"1144\">Borchuckpassform: 8 mm og over<\/p>\n<\/li>\n<li data-start=\"1145\" data-end=\"1196\">\n<p data-start=\"1147\" data-end=\"1196\">Blade compatibility: Opptil 16 mm indre diameter<\/p>\n<\/li>\n<li data-start=\"1197\" data-end=\"1250\">\n<p data-start=\"1199\" data-end=\"1250\">Egnet for: Elektriske og batteridrevne boremaskiner<\/p>\n<\/li>\n<\/ul>\n<h2 style=\"text-align: center\" data-start=\"1252\" data-end=\"1272\"><strong>Pakken inneholder \ud83d\udce6<\/strong><\/h2>\n<ul data-start=\"1273\" data-end=\"1299\" data-is-last-node=\"\" data-is-only-node=\"\">\n<li data-start=\"1273\" data-end=\"1299\" data-is-last-node=\"\">\n<p data-start=\"1275\" data-end=\"1299\" data-is-last-node=\"\">1x fastn\u00f8kkel<\/p>\n<\/li>\n<li data-start=\"1273\" data-end=\"1299\" data-is-last-node=\"\">\n<p data-start=\"1275\" data-end=\"1299\" data-is-last-node=\"\">1x fastn\u00f8kkel med dobbel stift<\/p>\n<\/li>\n<li data-start=\"1273\" data-end=\"1299\" data-is-last-node=\"\">\n<p data-start=\"1275\" data-end=\"1299\" data-is-last-node=\"\">1x gjenget adapter \/ arbor<\/p>\n<\/li>\n<li data-start=\"1273\" data-end=\"1299\" data-is-last-node=\"\">\n<p data-start=\"1275\" data-end=\"1299\" data-is-last-node=\"\">1x svart indre flens \/ klemmemutter<\/p>\n<\/li>\n<li data-start=\"1273\" data-end=\"1299\" data-is-last-node=\"\">\n<p data-start=\"1275\" data-end=\"1299\" data-is-last-node=\"\">1x s\u00f8lv ytre flens \/ klemmemutter.<\/p>\n<\/li>\n<\/ul>\n","protected":false},"excerpt":{"rendered":"<p>\ud83d\udee0\ufe0fThis borforsats-sett gj\u00f8r at du kan bruke den elektriske eller batteridrevne drillen til mer enn bare boring.<br \/>\n\u2702\ufe0fIt holder kappe-, slipe- og poleringsskiver sikkert p\u00e5 plass, slik at du kan jobbe raskere og med bedre kontroll.<br \/>\n\u231bEn enkel oppgradering som sparer plass, tid og penger ved \u00e5 erstatte flere verkt\u00f8y med \u00e9n forsats.<\/p>\n","protected":false},"featured_media":20568,"comment_status":"open","ping_status":"closed","template":"","meta":{"site-sidebar-layout":"default","site-content-layout":"","ast-site-content-layout":"default","site-content-style":"default","site-sidebar-style":"default","ast-global-header-display":"","ast-banner-title-visibility":"","ast-main-header-display":"","ast-hfb-above-header-display":"","ast-hfb-below-header-display":"","ast-hfb-mobile-header-display":"","site-post-title":"","ast-breadcrumbs-content":"","ast-featured-img":"","footer-sml-layout":"","theme-transparent-header-meta":"default","adv-header-id-meta":"","stick-header-meta":"","header-above-stick-meta":"","header-main-stick-meta":"","header-below-stick-meta":"","astra-migrate-meta-layouts":"set","ast-page-background-enabled":"default","ast-page-background-meta":{"desktop":{"background-color":"var(--ast-global-color-5)","background-image":"","background-repeat":"repeat","background-position":"center center","background-size":"auto","background-attachment":"scroll","background-type":"","background-media":"","overlay-type":"","overlay-color":"","overlay-opacity":"","overlay-gradient":""},"tablet":{"background-color":"","background-image":"","background-repeat":"repeat","background-position":"center center","background-size":"auto","background-attachment":"scroll","background-type":"","background-media":"","overlay-type":"","overlay-color":"","overlay-opacity":"","overlay-gradient":""},"mobile":{"background-color":"","background-image":"","background-repeat":"repeat","background-position":"center center","background-size":"auto","background-attachment":"scroll","background-type":"","background-media":"","overlay-type":"","overlay-color":"","overlay-opacity":"","overlay-gradient":""}},"ast-content-background-meta":{"desktop":{"background-color":"var(--ast-global-color-4)","background-image":"","background-repeat":"repeat","background-position":"center center","background-size":"auto","background-attachment":"scroll","background-type":"","background-media":"","overlay-type":"","overlay-color":"","overlay-opacity":"","overlay-gradient":""},"tablet":{"background-color":"var(--ast-global-color-4)","background-image":"","background-repeat":"repeat","background-position":"center center","background-size":"auto","background-attachment":"scroll","background-type":"","background-media":"","overlay-type":"","overlay-color":"","overlay-opacity":"","overlay-gradient":""},"mobile":{"background-color":"var(--ast-global-color-4)","background-image":"","background-repeat":"repeat","background-position":"center center","background-size":"auto","background-attachment":"scroll","background-type":"","background-media":"","overlay-type":"","overlay-color":"","overlay-opacity":"","overlay-gradient":""}}},"product_brand":[],"product_cat":[171],"product_tag":[],"class_list":{"0":"post-20572","1":"product","2":"type-product","3":"status-publish","4":"has-post-thumbnail","6":"product_cat-verktoy","7":"desktop-align-left","8":"tablet-align-left","9":"mobile-align-left","11":"first","12":"instock","13":"shipping-taxable","14":"purchasable","15":"product-type-simple"},"yoast_head":"<!-- This site is optimized with the Yoast SEO plugin v26.6 - https:\/\/yoast.com\/wordpress\/plugins\/seo\/ -->\n<title>Bortilbeh\u00f8rsett - Mekulo NO<\/title>\n<meta name=\"robots\" content=\"index, follow, max-snippet:-1, max-image-preview:large, max-video-preview:-1\" \/>\n<link rel=\"canonical\" href=\"https:\/\/mekulo.com\/no\/produkt\/bortilbehorsett\/\" \/>\n<meta property=\"og:locale\" content=\"nb_NO\" \/>\n<meta property=\"og:type\" content=\"article\" \/>\n<meta property=\"og:title\" content=\"Bortilbeh\u00f8rsett - Mekulo NO\" \/>\n<meta property=\"og:description\" content=\"\ud83d\udee0\ufe0fThis borforsats-sett gj\u00f8r at du kan bruke den elektriske eller batteridrevne drillen til mer enn bare boring. \u2702\ufe0fIt holder kappe-, slipe- og poleringsskiver sikkert p\u00e5 plass, slik at du kan jobbe raskere og med bedre kontroll. \u231bEn enkel oppgradering som sparer plass, tid og penger ved \u00e5 erstatte flere verkt\u00f8y med \u00e9n forsats.\" \/>\n<meta property=\"og:url\" content=\"https:\/\/mekulo.com\/no\/produkt\/bortilbehorsett\/\" \/>\n<meta property=\"og:site_name\" content=\"Mekulo NO\" \/>\n<meta property=\"article:modified_time\" content=\"2026-04-13T08:22:04+00:00\" \/>\n<meta property=\"og:image\" content=\"https:\/\/mekulo.com\/no\/wp-content\/uploads\/sites\/10\/2026\/01\/yob1v9p-1.jpg\" \/>\n\t<meta property=\"og:image:width\" content=\"800\" \/>\n\t<meta property=\"og:image:height\" content=\"800\" \/>\n\t<meta property=\"og:image:type\" content=\"image\/jpeg\" \/>\n<meta name=\"twitter:card\" content=\"summary_large_image\" \/>\n<meta name=\"twitter:label1\" content=\"Ansl. lesetid\" \/>\n\t<meta name=\"twitter:data1\" content=\"2 minutter\" \/>\n<script type=\"application\/ld+json\" class=\"yoast-schema-graph\">{\"@context\":\"https:\/\/schema.org\",\"@graph\":[{\"@type\":\"WebPage\",\"@id\":\"https:\/\/mekulo.com\/no\/produkt\/bortilbehorsett\/\",\"url\":\"https:\/\/mekulo.com\/no\/produkt\/bortilbehorsett\/\",\"name\":\"Bortilbeh\u00f8rsett - Mekulo NO\",\"isPartOf\":{\"@id\":\"https:\/\/mekulo.com\/no\/#website\"},\"primaryImageOfPage\":{\"@id\":\"https:\/\/mekulo.com\/no\/produkt\/bortilbehorsett\/#primaryimage\"},\"image\":{\"@id\":\"https:\/\/mekulo.com\/no\/produkt\/bortilbehorsett\/#primaryimage\"},\"thumbnailUrl\":\"https:\/\/mekulo.com\/no\/wp-content\/uploads\/sites\/10\/2026\/01\/yob1v9p-1.jpg\",\"datePublished\":\"2026-01-30T05:23:42+00:00\",\"dateModified\":\"2026-04-13T08:22:04+00:00\",\"breadcrumb\":{\"@id\":\"https:\/\/mekulo.com\/no\/produkt\/bortilbehorsett\/#breadcrumb\"},\"inLanguage\":\"nb-NO\",\"potentialAction\":[{\"@type\":\"ReadAction\",\"target\":[\"https:\/\/mekulo.com\/no\/produkt\/bortilbehorsett\/\"]}]},{\"@type\":\"ImageObject\",\"inLanguage\":\"nb-NO\",\"@id\":\"https:\/\/mekulo.com\/no\/produkt\/bortilbehorsett\/#primaryimage\",\"url\":\"https:\/\/mekulo.com\/no\/wp-content\/uploads\/sites\/10\/2026\/01\/yob1v9p-1.jpg\",\"contentUrl\":\"https:\/\/mekulo.com\/no\/wp-content\/uploads\/sites\/10\/2026\/01\/yob1v9p-1.jpg\",\"width\":800,\"height\":800},{\"@type\":\"BreadcrumbList\",\"@id\":\"https:\/\/mekulo.com\/no\/produkt\/bortilbehorsett\/#breadcrumb\",\"itemListElement\":[{\"@type\":\"ListItem\",\"position\":1,\"name\":\"Home\",\"item\":\"https:\/\/mekulo.com\/no\/\"},{\"@type\":\"ListItem\",\"position\":2,\"name\":\"Butikk\",\"item\":\"https:\/\/mekulo.com\/no\/butikk\/\"},{\"@type\":\"ListItem\",\"position\":3,\"name\":\"Bortilbeh\u00f8rsett\"}]},{\"@type\":\"WebSite\",\"@id\":\"https:\/\/mekulo.com\/no\/#website\",\"url\":\"https:\/\/mekulo.com\/no\/\",\"name\":\"Mekulo NO\",\"description\":\"\",\"publisher\":{\"@id\":\"https:\/\/mekulo.com\/no\/#organization\"},\"potentialAction\":[{\"@type\":\"SearchAction\",\"target\":{\"@type\":\"EntryPoint\",\"urlTemplate\":\"https:\/\/mekulo.com\/no\/?s={search_term_string}\"},\"query-input\":{\"@type\":\"PropertyValueSpecification\",\"valueRequired\":true,\"valueName\":\"search_term_string\"}}],\"inLanguage\":\"nb-NO\"},{\"@type\":\"Organization\",\"@id\":\"https:\/\/mekulo.com\/no\/#organization\",\"name\":\"Mekulo\",\"url\":\"https:\/\/mekulo.com\/no\/\",\"logo\":{\"@type\":\"ImageObject\",\"inLanguage\":\"nb-NO\",\"@id\":\"https:\/\/mekulo.com\/no\/#\/schema\/logo\/image\/\",\"url\":\"https:\/\/mekulo.com\/no\/wp-content\/uploads\/sites\/10\/2025\/12\/favicon_mekulo.png\",\"contentUrl\":\"https:\/\/mekulo.com\/no\/wp-content\/uploads\/sites\/10\/2025\/12\/favicon_mekulo.png\",\"width\":50,\"height\":50,\"caption\":\"Mekulo\"},\"image\":{\"@id\":\"https:\/\/mekulo.com\/no\/#\/schema\/logo\/image\/\"}}]}<\/script>\n<!-- \/ Yoast SEO plugin. -->","yoast_head_json":{"title":"Bortilbeh\u00f8rsett - Mekulo NO","robots":{"index":"index","follow":"follow","max-snippet":"max-snippet:-1","max-image-preview":"max-image-preview:large","max-video-preview":"max-video-preview:-1"},"canonical":"https:\/\/mekulo.com\/no\/produkt\/bortilbehorsett\/","og_locale":"nb_NO","og_type":"article","og_title":"Bortilbeh\u00f8rsett - Mekulo NO","og_description":"\ud83d\udee0\ufe0fThis borforsats-sett gj\u00f8r at du kan bruke den elektriske eller batteridrevne drillen til mer enn bare boring. \u2702\ufe0fIt holder kappe-, slipe- og poleringsskiver sikkert p\u00e5 plass, slik at du kan jobbe raskere og med bedre kontroll. \u231bEn enkel oppgradering som sparer plass, tid og penger ved \u00e5 erstatte flere verkt\u00f8y med \u00e9n forsats.","og_url":"https:\/\/mekulo.com\/no\/produkt\/bortilbehorsett\/","og_site_name":"Mekulo NO","article_modified_time":"2026-04-13T08:22:04+00:00","og_image":[{"width":800,"height":800,"url":"https:\/\/mekulo.com\/no\/wp-content\/uploads\/sites\/10\/2026\/01\/yob1v9p-1.jpg","type":"image\/jpeg"}],"twitter_card":"summary_large_image","twitter_misc":{"Ansl. lesetid":"2 minutter"},"schema":{"@context":"https:\/\/schema.org","@graph":[{"@type":"WebPage","@id":"https:\/\/mekulo.com\/no\/produkt\/bortilbehorsett\/","url":"https:\/\/mekulo.com\/no\/produkt\/bortilbehorsett\/","name":"Bortilbeh\u00f8rsett - Mekulo NO","isPartOf":{"@id":"https:\/\/mekulo.com\/no\/#website"},"primaryImageOfPage":{"@id":"https:\/\/mekulo.com\/no\/produkt\/bortilbehorsett\/#primaryimage"},"image":{"@id":"https:\/\/mekulo.com\/no\/produkt\/bortilbehorsett\/#primaryimage"},"thumbnailUrl":"https:\/\/mekulo.com\/no\/wp-content\/uploads\/sites\/10\/2026\/01\/yob1v9p-1.jpg","datePublished":"2026-01-30T05:23:42+00:00","dateModified":"2026-04-13T08:22:04+00:00","breadcrumb":{"@id":"https:\/\/mekulo.com\/no\/produkt\/bortilbehorsett\/#breadcrumb"},"inLanguage":"nb-NO","potentialAction":[{"@type":"ReadAction","target":["https:\/\/mekulo.com\/no\/produkt\/bortilbehorsett\/"]}]},{"@type":"ImageObject","inLanguage":"nb-NO","@id":"https:\/\/mekulo.com\/no\/produkt\/bortilbehorsett\/#primaryimage","url":"https:\/\/mekulo.com\/no\/wp-content\/uploads\/sites\/10\/2026\/01\/yob1v9p-1.jpg","contentUrl":"https:\/\/mekulo.com\/no\/wp-content\/uploads\/sites\/10\/2026\/01\/yob1v9p-1.jpg","width":800,"height":800},{"@type":"BreadcrumbList","@id":"https:\/\/mekulo.com\/no\/produkt\/bortilbehorsett\/#breadcrumb","itemListElement":[{"@type":"ListItem","position":1,"name":"Home","item":"https:\/\/mekulo.com\/no\/"},{"@type":"ListItem","position":2,"name":"Butikk","item":"https:\/\/mekulo.com\/no\/butikk\/"},{"@type":"ListItem","position":3,"name":"Bortilbeh\u00f8rsett"}]},{"@type":"WebSite","@id":"https:\/\/mekulo.com\/no\/#website","url":"https:\/\/mekulo.com\/no\/","name":"Mekulo NO","description":"","publisher":{"@id":"https:\/\/mekulo.com\/no\/#organization"},"potentialAction":[{"@type":"SearchAction","target":{"@type":"EntryPoint","urlTemplate":"https:\/\/mekulo.com\/no\/?s={search_term_string}"},"query-input":{"@type":"PropertyValueSpecification","valueRequired":true,"valueName":"search_term_string"}}],"inLanguage":"nb-NO"},{"@type":"Organization","@id":"https:\/\/mekulo.com\/no\/#organization","name":"Mekulo","url":"https:\/\/mekulo.com\/no\/","logo":{"@type":"ImageObject","inLanguage":"nb-NO","@id":"https:\/\/mekulo.com\/no\/#\/schema\/logo\/image\/","url":"https:\/\/mekulo.com\/no\/wp-content\/uploads\/sites\/10\/2025\/12\/favicon_mekulo.png","contentUrl":"https:\/\/mekulo.com\/no\/wp-content\/uploads\/sites\/10\/2025\/12\/favicon_mekulo.png","width":50,"height":50,"caption":"Mekulo"},"image":{"@id":"https:\/\/mekulo.com\/no\/#\/schema\/logo\/image\/"}}]}},"_links":{"self":[{"href":"https:\/\/mekulo.com\/no\/wp-json\/wp\/v2\/product\/20572","targetHints":{"allow":["GET"]}}],"collection":[{"href":"https:\/\/mekulo.com\/no\/wp-json\/wp\/v2\/product"}],"about":[{"href":"https:\/\/mekulo.com\/no\/wp-json\/wp\/v2\/types\/product"}],"replies":[{"embeddable":true,"href":"https:\/\/mekulo.com\/no\/wp-json\/wp\/v2\/comments?post=20572"}],"wp:featuredmedia":[{"embeddable":true,"href":"https:\/\/mekulo.com\/no\/wp-json\/wp\/v2\/media\/20568"}],"wp:attachment":[{"href":"https:\/\/mekulo.com\/no\/wp-json\/wp\/v2\/media?parent=20572"}],"wp:term":[{"taxonomy":"product_brand","embeddable":true,"href":"https:\/\/mekulo.com\/no\/wp-json\/wp\/v2\/product_brand?post=20572"},{"taxonomy":"product_cat","embeddable":true,"href":"https:\/\/mekulo.com\/no\/wp-json\/wp\/v2\/product_cat?post=20572"},{"taxonomy":"product_tag","embeddable":true,"href":"https:\/\/mekulo.com\/no\/wp-json\/wp\/v2\/product_tag?post=20572"}],"curies":[{"name":"wp","href":"https:\/\/api.w.org\/{rel}","templated":true}]}}