{"id":20547,"date":"2026-01-30T07:22:09","date_gmt":"2026-01-30T05:22:09","guid":{"rendered":"https:\/\/mekulo.com\/no\/produkt\/kombinasjonslas\/"},"modified":"2026-01-30T07:22:32","modified_gmt":"2026-01-30T05:22:32","slug":"kombinasjonslas","status":"publish","type":"product","link":"https:\/\/mekulo.com\/no\/produkt\/kombinasjonslas\/","title":{"rendered":"Kombinasjonsl\u00e5s"},"content":{"rendered":"<p style=\"text-align: center\" data-start=\"0\" data-end=\"77\"><strong data-start=\"0\" data-end=\"77\">Sikre skap og d\u00f8rer uten n\u00f8kler ved hjelp av en enkel passordl\u00e5s. \ud83d\udd22<\/strong><\/p>\n<p data-start=\"0\" data-end=\"77\"><img fetchpriority=\"high\" decoding=\"async\" class=\"size-full wp-image-22490 aligncenter\" src=\"https:\/\/mekulo.com\/template\/wp-content\/uploads\/sites\/6\/2026\/01\/Se3d3b9020b604a5281aa82b677ea1f81c.jpg\" alt=\"\" width=\"1080\" height=\"1080\" \/><\/p>\n<h2 style=\"text-align: center\" data-start=\"432\" data-end=\"449\"><strong>Hovedfordeler \ud83d\udd22<\/strong><\/h2>\n<p data-start=\"452\" data-end=\"503\">\ud83d\udd22 N\u00f8kkell\u00f8s sikkerhet &#8211; Ingen n\u00f8kler \u00e5 miste eller kopiere.<\/p>\n<p data-start=\"506\" data-end=\"566\">\ud83d\udd10 1000 kombinasjoner &#8211; Sterk beskyttelse for daglig bruk.<\/p>\n<p data-start=\"569\" data-end=\"630\">\ud83d\udee1\ufe0f Slitesterk metallkonstruksjon &#8211; Solid sinklegeringskonstruksjon.<\/p>\n<p data-start=\"633\" data-end=\"703\">\ud83d\udd04 Venstre &amp; h\u00f8yre \u00e5pning &#8211; Roterer 180\u00b0 for fleksibel installasjon.<\/p>\n<p data-start=\"706\" data-end=\"763\">\ud83e\uddf1 Korrosjonsbestandig &#8211; Flerlags belagt overflate.<\/p>\n<p data-start=\"766\" data-end=\"831\">\ud83c\udfe0 Bred bruk &#8211; Ideell for skap, skuffer, d\u00f8rer og safer.<\/p>\n<p data-start=\"766\" data-end=\"831\"><img decoding=\"async\" class=\"size-full wp-image-22487 aligncenter\" src=\"https:\/\/mekulo.com\/template\/wp-content\/uploads\/sites\/6\/2026\/01\/Sec66c81acdf149378d53e1b25cf214c6e.jpg_960x960q75.jpg_.jpg\" alt=\"\" width=\"1080\" height=\"1080\" \/><\/p>\n<h2 style=\"text-align: center\" data-start=\"833\" data-end=\"847\"><strong>Hvordan Du Bruker \ud83d\udccc<\/strong><\/h2>\n<ol data-start=\"848\" data-end=\"1075\">\n<li data-start=\"848\" data-end=\"906\">\n<p data-start=\"851\" data-end=\"906\">Installer l\u00e5sen p\u00e5 d\u00f8ren eller skapet ved hjelp av skruer.<\/p>\n<\/li>\n<li data-start=\"907\" data-end=\"948\">\n<p data-start=\"910\" data-end=\"948\">Still inn \u00f8nsket tallkombinasjon.<\/p>\n<\/li>\n<li data-start=\"949\" data-end=\"987\">\n<p data-start=\"952\" data-end=\"987\">Vri l\u00e5sen for \u00e5 sikre d\u00f8ren.<\/p>\n<\/li>\n<li data-start=\"988\" data-end=\"1037\">\n<p data-start=\"991\" data-end=\"1037\">Roter hjulet til riktig kode for \u00e5 \u00e5pne.<\/p>\n<\/li>\n<li data-start=\"1038\" data-end=\"1075\">\n<p data-start=\"1041\" data-end=\"1075\">Endre koden n\u00e5r som helst om n\u00f8dvendig.<\/p>\n<\/li>\n<\/ol>\n<h2 style=\"text-align: center\" data-start=\"1077\" data-end=\"1096\"><strong>Produktdetaljer \ud83d\udccc<\/strong><\/h2>\n<ul data-start=\"1097\" data-end=\"1333\">\n<li data-start=\"1097\" data-end=\"1127\">\n<p data-start=\"1099\" data-end=\"1127\">Materiale: Massiv sinklegering<\/p>\n<\/li>\n<li data-start=\"1128\" data-end=\"1170\">\n<p data-start=\"1130\" data-end=\"1170\">L\u00e5setype: Mekanisk kombinasjonsl\u00e5s<\/p>\n<\/li>\n<li data-start=\"1171\" data-end=\"1195\">\n<p data-start=\"1173\" data-end=\"1195\">Rotasjon: 90\u00b0 \/ 180\u00b0<\/p>\n<\/li>\n<li data-start=\"1196\" data-end=\"1234\">\n<p data-start=\"1198\" data-end=\"1234\">St\u00f8rrelse: 110 x 46 x 26 mm<\/p>\n<\/li>\n<li data-start=\"1235\" data-end=\"1280\">\n<p data-start=\"1237\" data-end=\"1280\">Installasjon: Venstre- eller h\u00f8yre\u00e5pnede d\u00f8rer<\/p>\n<\/li>\n<li data-start=\"1281\" data-end=\"1333\">\n<p data-start=\"1283\" data-end=\"1333\">Bruksomr\u00e5der: Skap, skuffer, sm\u00e5 d\u00f8rer, safer<\/p>\n<\/li>\n<\/ul>\n<h2 style=\"text-align: center\" data-start=\"1335\" data-end=\"1355\"><strong>Pakken Inkluderer \ud83d\udce6<\/strong><\/h2>\n<ul data-start=\"1356\" data-end=\"1398\" data-is-last-node=\"\" data-is-only-node=\"\">\n<li data-start=\"1356\" data-end=\"1380\">\n<p data-start=\"1358\" data-end=\"1380\">1, 2, 3x kombinasjonsl\u00e5s\/s<\/p>\n<\/li>\n<li data-start=\"1381\" data-end=\"1398\" data-is-last-node=\"\">\n<p data-start=\"1383\" data-end=\"1398\" data-is-last-node=\"\">7, 14, 21x monteringsskruer.<\/p>\n<\/li>\n<\/ul>\n","protected":false},"excerpt":{"rendered":"<p>\ud83d\udd12Denne kombinasjonsl\u00e5sen gir p\u00e5litelig, n\u00f8kkelfri sikkerhet for skap, skuffer, sm\u00e5 d\u00f8rer og safer.<br \/>\n\ud83d\udd11Med en sterk sinklegering og et jevnt roterende design beskytter den eiendelene dine samtidig som den eliminerer risikoen for tapte eller kopierte n\u00f8kler.<br \/>\n\ud83c\udfe0En praktisk l\u00f8sning for alle som \u00f8nsker enkel tilgangskontroll med ekstra trygghet hjemme eller p\u00e5 jobben.<\/p>\n","protected":false},"featured_media":20543,"comment_status":"open","ping_status":"closed","template":"","meta":{"site-sidebar-layout":"default","site-content-layout":"","ast-site-content-layout":"default","site-content-style":"default","site-sidebar-style":"default","ast-global-header-display":"","ast-banner-title-visibility":"","ast-main-header-display":"","ast-hfb-above-header-display":"","ast-hfb-below-header-display":"","ast-hfb-mobile-header-display":"","site-post-title":"","ast-breadcrumbs-content":"","ast-featured-img":"","footer-sml-layout":"","theme-transparent-header-meta":"default","adv-header-id-meta":"","stick-header-meta":"","header-above-stick-meta":"","header-main-stick-meta":"","header-below-stick-meta":"","astra-migrate-meta-layouts":"set","ast-page-background-enabled":"default","ast-page-background-meta":{"desktop":{"background-color":"var(--ast-global-color-5)","background-image":"","background-repeat":"repeat","background-position":"center center","background-size":"auto","background-attachment":"scroll","background-type":"","background-media":"","overlay-type":"","overlay-color":"","overlay-opacity":"","overlay-gradient":""},"tablet":{"background-color":"","background-image":"","background-repeat":"repeat","background-position":"center center","background-size":"auto","background-attachment":"scroll","background-type":"","background-media":"","overlay-type":"","overlay-color":"","overlay-opacity":"","overlay-gradient":""},"mobile":{"background-color":"","background-image":"","background-repeat":"repeat","background-position":"center center","background-size":"auto","background-attachment":"scroll","background-type":"","background-media":"","overlay-type":"","overlay-color":"","overlay-opacity":"","overlay-gradient":""}},"ast-content-background-meta":{"desktop":{"background-color":"var(--ast-global-color-4)","background-image":"","background-repeat":"repeat","background-position":"center center","background-size":"auto","background-attachment":"scroll","background-type":"","background-media":"","overlay-type":"","overlay-color":"","overlay-opacity":"","overlay-gradient":""},"tablet":{"background-color":"var(--ast-global-color-4)","background-image":"","background-repeat":"repeat","background-position":"center center","background-size":"auto","background-attachment":"scroll","background-type":"","background-media":"","overlay-type":"","overlay-color":"","overlay-opacity":"","overlay-gradient":""},"mobile":{"background-color":"var(--ast-global-color-4)","background-image":"","background-repeat":"repeat","background-position":"center center","background-size":"auto","background-attachment":"scroll","background-type":"","background-media":"","overlay-type":"","overlay-color":"","overlay-opacity":"","overlay-gradient":""}}},"product_brand":[],"product_cat":[168],"product_tag":[],"class_list":{"0":"post-20547","1":"product","2":"type-product","3":"status-publish","4":"has-post-thumbnail","6":"product_cat-husholdningsartikler","7":"pa_52872_o6qpfsrh-1-stk","8":"pa_52872_o6qpfsrh-2-stk","9":"pa_52872_o6qpfsrh-3-stk","10":"pa_52872_xhebg6pc-solv","11":"pa_52872_xhebg6pc-svart","12":"desktop-align-left","13":"tablet-align-left","14":"mobile-align-left","16":"first","17":"instock","18":"shipping-taxable","19":"purchasable","20":"product-type-variable","21":"has-default-attributes"},"yoast_head":"<!-- This site is optimized with the Yoast SEO plugin v26.6 - https:\/\/yoast.com\/wordpress\/plugins\/seo\/ -->\n<title>Kombinasjonsl\u00e5s - Mekulo NO<\/title>\n<meta name=\"robots\" content=\"index, follow, max-snippet:-1, max-image-preview:large, max-video-preview:-1\" \/>\n<link rel=\"canonical\" href=\"https:\/\/mekulo.com\/no\/produkt\/kombinasjonslas\/\" \/>\n<meta property=\"og:locale\" content=\"nb_NO\" \/>\n<meta property=\"og:type\" content=\"article\" \/>\n<meta property=\"og:title\" content=\"Kombinasjonsl\u00e5s - Mekulo NO\" \/>\n<meta property=\"og:description\" content=\"\ud83d\udd12Denne kombinasjonsl\u00e5sen gir p\u00e5litelig, n\u00f8kkelfri sikkerhet for skap, skuffer, sm\u00e5 d\u00f8rer og safer. \ud83d\udd11Med en sterk sinklegering og et jevnt roterende design beskytter den eiendelene dine samtidig som den eliminerer risikoen for tapte eller kopierte n\u00f8kler. \ud83c\udfe0En praktisk l\u00f8sning for alle som \u00f8nsker enkel tilgangskontroll med ekstra trygghet hjemme eller p\u00e5 jobben.\" \/>\n<meta property=\"og:url\" content=\"https:\/\/mekulo.com\/no\/produkt\/kombinasjonslas\/\" \/>\n<meta property=\"og:site_name\" content=\"Mekulo NO\" \/>\n<meta property=\"article:modified_time\" content=\"2026-01-30T05:22:32+00:00\" \/>\n<meta property=\"og:image\" content=\"https:\/\/mekulo.com\/no\/wp-content\/uploads\/sites\/10\/2026\/01\/kgqhnw5-1.webp\" \/>\n\t<meta property=\"og:image:width\" content=\"1000\" \/>\n\t<meta property=\"og:image:height\" content=\"1000\" \/>\n\t<meta property=\"og:image:type\" content=\"image\/webp\" \/>\n<meta name=\"twitter:card\" content=\"summary_large_image\" \/>\n<meta name=\"twitter:label1\" content=\"Ansl. lesetid\" \/>\n\t<meta name=\"twitter:data1\" content=\"2 minutter\" \/>\n<script type=\"application\/ld+json\" class=\"yoast-schema-graph\">{\"@context\":\"https:\/\/schema.org\",\"@graph\":[{\"@type\":\"WebPage\",\"@id\":\"https:\/\/mekulo.com\/no\/produkt\/kombinasjonslas\/\",\"url\":\"https:\/\/mekulo.com\/no\/produkt\/kombinasjonslas\/\",\"name\":\"Kombinasjonsl\u00e5s - Mekulo NO\",\"isPartOf\":{\"@id\":\"https:\/\/mekulo.com\/no\/#website\"},\"primaryImageOfPage\":{\"@id\":\"https:\/\/mekulo.com\/no\/produkt\/kombinasjonslas\/#primaryimage\"},\"image\":{\"@id\":\"https:\/\/mekulo.com\/no\/produkt\/kombinasjonslas\/#primaryimage\"},\"thumbnailUrl\":\"https:\/\/mekulo.com\/no\/wp-content\/uploads\/sites\/10\/2026\/01\/kgqhnw5-1.webp\",\"datePublished\":\"2026-01-30T05:22:09+00:00\",\"dateModified\":\"2026-01-30T05:22:32+00:00\",\"breadcrumb\":{\"@id\":\"https:\/\/mekulo.com\/no\/produkt\/kombinasjonslas\/#breadcrumb\"},\"inLanguage\":\"nb-NO\",\"potentialAction\":[{\"@type\":\"ReadAction\",\"target\":[\"https:\/\/mekulo.com\/no\/produkt\/kombinasjonslas\/\"]}]},{\"@type\":\"ImageObject\",\"inLanguage\":\"nb-NO\",\"@id\":\"https:\/\/mekulo.com\/no\/produkt\/kombinasjonslas\/#primaryimage\",\"url\":\"https:\/\/mekulo.com\/no\/wp-content\/uploads\/sites\/10\/2026\/01\/kgqhnw5-1.webp\",\"contentUrl\":\"https:\/\/mekulo.com\/no\/wp-content\/uploads\/sites\/10\/2026\/01\/kgqhnw5-1.webp\",\"width\":1000,\"height\":1000},{\"@type\":\"BreadcrumbList\",\"@id\":\"https:\/\/mekulo.com\/no\/produkt\/kombinasjonslas\/#breadcrumb\",\"itemListElement\":[{\"@type\":\"ListItem\",\"position\":1,\"name\":\"Home\",\"item\":\"https:\/\/mekulo.com\/no\/\"},{\"@type\":\"ListItem\",\"position\":2,\"name\":\"Butikk\",\"item\":\"https:\/\/mekulo.com\/no\/butikk\/\"},{\"@type\":\"ListItem\",\"position\":3,\"name\":\"Kombinasjonsl\u00e5s\"}]},{\"@type\":\"WebSite\",\"@id\":\"https:\/\/mekulo.com\/no\/#website\",\"url\":\"https:\/\/mekulo.com\/no\/\",\"name\":\"Mekulo NO\",\"description\":\"\",\"publisher\":{\"@id\":\"https:\/\/mekulo.com\/no\/#organization\"},\"potentialAction\":[{\"@type\":\"SearchAction\",\"target\":{\"@type\":\"EntryPoint\",\"urlTemplate\":\"https:\/\/mekulo.com\/no\/?s={search_term_string}\"},\"query-input\":{\"@type\":\"PropertyValueSpecification\",\"valueRequired\":true,\"valueName\":\"search_term_string\"}}],\"inLanguage\":\"nb-NO\"},{\"@type\":\"Organization\",\"@id\":\"https:\/\/mekulo.com\/no\/#organization\",\"name\":\"Mekulo\",\"url\":\"https:\/\/mekulo.com\/no\/\",\"logo\":{\"@type\":\"ImageObject\",\"inLanguage\":\"nb-NO\",\"@id\":\"https:\/\/mekulo.com\/no\/#\/schema\/logo\/image\/\",\"url\":\"https:\/\/mekulo.com\/no\/wp-content\/uploads\/sites\/10\/2025\/12\/favicon_mekulo.png\",\"contentUrl\":\"https:\/\/mekulo.com\/no\/wp-content\/uploads\/sites\/10\/2025\/12\/favicon_mekulo.png\",\"width\":50,\"height\":50,\"caption\":\"Mekulo\"},\"image\":{\"@id\":\"https:\/\/mekulo.com\/no\/#\/schema\/logo\/image\/\"}}]}<\/script>\n<!-- \/ Yoast SEO plugin. -->","yoast_head_json":{"title":"Kombinasjonsl\u00e5s - Mekulo NO","robots":{"index":"index","follow":"follow","max-snippet":"max-snippet:-1","max-image-preview":"max-image-preview:large","max-video-preview":"max-video-preview:-1"},"canonical":"https:\/\/mekulo.com\/no\/produkt\/kombinasjonslas\/","og_locale":"nb_NO","og_type":"article","og_title":"Kombinasjonsl\u00e5s - Mekulo NO","og_description":"\ud83d\udd12Denne kombinasjonsl\u00e5sen gir p\u00e5litelig, n\u00f8kkelfri sikkerhet for skap, skuffer, sm\u00e5 d\u00f8rer og safer. \ud83d\udd11Med en sterk sinklegering og et jevnt roterende design beskytter den eiendelene dine samtidig som den eliminerer risikoen for tapte eller kopierte n\u00f8kler. \ud83c\udfe0En praktisk l\u00f8sning for alle som \u00f8nsker enkel tilgangskontroll med ekstra trygghet hjemme eller p\u00e5 jobben.","og_url":"https:\/\/mekulo.com\/no\/produkt\/kombinasjonslas\/","og_site_name":"Mekulo NO","article_modified_time":"2026-01-30T05:22:32+00:00","og_image":[{"width":1000,"height":1000,"url":"https:\/\/mekulo.com\/no\/wp-content\/uploads\/sites\/10\/2026\/01\/kgqhnw5-1.webp","type":"image\/webp"}],"twitter_card":"summary_large_image","twitter_misc":{"Ansl. lesetid":"2 minutter"},"schema":{"@context":"https:\/\/schema.org","@graph":[{"@type":"WebPage","@id":"https:\/\/mekulo.com\/no\/produkt\/kombinasjonslas\/","url":"https:\/\/mekulo.com\/no\/produkt\/kombinasjonslas\/","name":"Kombinasjonsl\u00e5s - Mekulo NO","isPartOf":{"@id":"https:\/\/mekulo.com\/no\/#website"},"primaryImageOfPage":{"@id":"https:\/\/mekulo.com\/no\/produkt\/kombinasjonslas\/#primaryimage"},"image":{"@id":"https:\/\/mekulo.com\/no\/produkt\/kombinasjonslas\/#primaryimage"},"thumbnailUrl":"https:\/\/mekulo.com\/no\/wp-content\/uploads\/sites\/10\/2026\/01\/kgqhnw5-1.webp","datePublished":"2026-01-30T05:22:09+00:00","dateModified":"2026-01-30T05:22:32+00:00","breadcrumb":{"@id":"https:\/\/mekulo.com\/no\/produkt\/kombinasjonslas\/#breadcrumb"},"inLanguage":"nb-NO","potentialAction":[{"@type":"ReadAction","target":["https:\/\/mekulo.com\/no\/produkt\/kombinasjonslas\/"]}]},{"@type":"ImageObject","inLanguage":"nb-NO","@id":"https:\/\/mekulo.com\/no\/produkt\/kombinasjonslas\/#primaryimage","url":"https:\/\/mekulo.com\/no\/wp-content\/uploads\/sites\/10\/2026\/01\/kgqhnw5-1.webp","contentUrl":"https:\/\/mekulo.com\/no\/wp-content\/uploads\/sites\/10\/2026\/01\/kgqhnw5-1.webp","width":1000,"height":1000},{"@type":"BreadcrumbList","@id":"https:\/\/mekulo.com\/no\/produkt\/kombinasjonslas\/#breadcrumb","itemListElement":[{"@type":"ListItem","position":1,"name":"Home","item":"https:\/\/mekulo.com\/no\/"},{"@type":"ListItem","position":2,"name":"Butikk","item":"https:\/\/mekulo.com\/no\/butikk\/"},{"@type":"ListItem","position":3,"name":"Kombinasjonsl\u00e5s"}]},{"@type":"WebSite","@id":"https:\/\/mekulo.com\/no\/#website","url":"https:\/\/mekulo.com\/no\/","name":"Mekulo NO","description":"","publisher":{"@id":"https:\/\/mekulo.com\/no\/#organization"},"potentialAction":[{"@type":"SearchAction","target":{"@type":"EntryPoint","urlTemplate":"https:\/\/mekulo.com\/no\/?s={search_term_string}"},"query-input":{"@type":"PropertyValueSpecification","valueRequired":true,"valueName":"search_term_string"}}],"inLanguage":"nb-NO"},{"@type":"Organization","@id":"https:\/\/mekulo.com\/no\/#organization","name":"Mekulo","url":"https:\/\/mekulo.com\/no\/","logo":{"@type":"ImageObject","inLanguage":"nb-NO","@id":"https:\/\/mekulo.com\/no\/#\/schema\/logo\/image\/","url":"https:\/\/mekulo.com\/no\/wp-content\/uploads\/sites\/10\/2025\/12\/favicon_mekulo.png","contentUrl":"https:\/\/mekulo.com\/no\/wp-content\/uploads\/sites\/10\/2025\/12\/favicon_mekulo.png","width":50,"height":50,"caption":"Mekulo"},"image":{"@id":"https:\/\/mekulo.com\/no\/#\/schema\/logo\/image\/"}}]}},"_links":{"self":[{"href":"https:\/\/mekulo.com\/no\/wp-json\/wp\/v2\/product\/20547","targetHints":{"allow":["GET"]}}],"collection":[{"href":"https:\/\/mekulo.com\/no\/wp-json\/wp\/v2\/product"}],"about":[{"href":"https:\/\/mekulo.com\/no\/wp-json\/wp\/v2\/types\/product"}],"replies":[{"embeddable":true,"href":"https:\/\/mekulo.com\/no\/wp-json\/wp\/v2\/comments?post=20547"}],"wp:featuredmedia":[{"embeddable":true,"href":"https:\/\/mekulo.com\/no\/wp-json\/wp\/v2\/media\/20543"}],"wp:attachment":[{"href":"https:\/\/mekulo.com\/no\/wp-json\/wp\/v2\/media?parent=20547"}],"wp:term":[{"taxonomy":"product_brand","embeddable":true,"href":"https:\/\/mekulo.com\/no\/wp-json\/wp\/v2\/product_brand?post=20547"},{"taxonomy":"product_cat","embeddable":true,"href":"https:\/\/mekulo.com\/no\/wp-json\/wp\/v2\/product_cat?post=20547"},{"taxonomy":"product_tag","embeddable":true,"href":"https:\/\/mekulo.com\/no\/wp-json\/wp\/v2\/product_tag?post=20547"}],"curies":[{"name":"wp","href":"https:\/\/api.w.org\/{rel}","templated":true}]}}