{"id":20516,"date":"2026-01-30T07:18:26","date_gmt":"2026-01-30T05:18:26","guid":{"rendered":"https:\/\/mekulo.com\/no\/produkt\/verktoy-for-trommelbremsefjaer\/"},"modified":"2026-01-30T07:49:40","modified_gmt":"2026-01-30T05:49:40","slug":"verktoy-for-trommelbremsefjaer","status":"publish","type":"product","link":"https:\/\/mekulo.com\/no\/produkt\/verktoy-for-trommelbremsefjaer\/","title":{"rendered":"Verkt\u00f8y for trommelbremsefj\u00e6r"},"content":{"rendered":"<p style=\"text-align: center\" data-start=\"0\" data-end=\"80\"><strong data-start=\"0\" data-end=\"80\">Fjern og installer trommelbremsefj\u00e6rer raskt, trygt og med mindre anstrengelse. \u2699\ufe0f<\/strong><\/p>\n<p data-start=\"0\" data-end=\"80\"><img fetchpriority=\"high\" decoding=\"async\" class=\"size-full wp-image-22466 aligncenter\" src=\"https:\/\/mekulo.com\/template\/wp-content\/uploads\/sites\/6\/2026\/01\/S2b7499955f134dc8ad0d74012f0448d9h.webp\" alt=\"\" width=\"1001\" height=\"1001\" \/><\/p>\n<h2 style=\"text-align: center\" data-start=\"379\" data-end=\"396\"><strong>Hovedfordeler \ud83d\udd27<\/strong><\/h2>\n<p data-start=\"399\" data-end=\"468\">\ud83d\udd27 Enkel fj\u00e6rfjerning &#8211; Designet for returfj\u00e6rer til trommelbremser.<\/p>\n<p data-start=\"471\" data-end=\"533\">\ud83d\udd01 Ender med to funksjoner &#8211; Fjern og installer med ett verkt\u00f8y.<\/p>\n<p data-start=\"536\" data-end=\"600\">\ud83d\udcaa Kraftig st\u00e5l &#8211; Bygget for styrke og langvarig bruk.<\/p>\n<p data-start=\"603\" data-end=\"665\">\ud83d\udee0\ufe0f Arbeidsbesparende design &#8211; Reduserer anstrengelse og belastning p\u00e5 hendene.<\/p>\n<p data-start=\"668\" data-end=\"729\">\ud83e\uddf0 Verkstedklar &#8211; Ideell for verksteder og profesjonelle.<\/p>\n<p data-start=\"732\" data-end=\"792\">\ud83d\udee1\ufe0f Tryggere drift &#8211; Bedre kontroll under bremsearbeid.<\/p>\n<p data-start=\"732\" data-end=\"792\"><img decoding=\"async\" class=\"size-full wp-image-22464 aligncenter\" src=\"https:\/\/mekulo.com\/template\/wp-content\/uploads\/sites\/6\/2026\/01\/5-13.jpeg\" alt=\"\" width=\"960\" height=\"960\" \/><\/p>\n<h2 style=\"text-align: center\" data-start=\"794\" data-end=\"808\"><strong>Hvordan Du Bruker \ud83d\udccc<\/strong><\/h2>\n<ol data-start=\"809\" data-end=\"1075\">\n<li data-start=\"809\" data-end=\"873\">\n<p data-start=\"812\" data-end=\"873\">Bruk pluggenden til \u00e5 fjerne fj\u00e6ren fra ankerbolten.<\/p>\n<\/li>\n<li data-start=\"874\" data-end=\"940\">\n<p data-start=\"877\" data-end=\"940\">Plasser den hakkede enden for \u00e5 sette fj\u00e6ren p\u00e5 plass igjen.<\/p>\n<\/li>\n<li data-start=\"941\" data-end=\"992\">\n<p data-start=\"944\" data-end=\"992\">Bruk jevnt trykk for kontrollert bevegelse.<\/p>\n<\/li>\n<li data-start=\"993\" data-end=\"1039\">\n<p data-start=\"996\" data-end=\"1039\">Gjenta for andre bremsefj\u00e6rer etter behov.<\/p>\n<\/li>\n<li data-start=\"1040\" data-end=\"1075\">\n<p data-start=\"1043\" data-end=\"1075\">Oppbevar verkt\u00f8yet trygt etter bruk.<\/p>\n<\/li>\n<\/ol>\n<h2 style=\"text-align: center\" data-start=\"1077\" data-end=\"1096\"><strong>Produktdetaljer \ud83d\udccf<\/strong><\/h2>\n<ul data-start=\"1097\" data-end=\"1268\">\n<li data-start=\"1126\" data-end=\"1159\">\n<p data-start=\"1128\" data-end=\"1159\">Materiale: Forkrommet st\u00e5l<\/p>\n<\/li>\n<li data-start=\"1160\" data-end=\"1177\">\n<p data-start=\"1162\" data-end=\"1177\">Farge: S\u00f8lv<\/p>\n<\/li>\n<li data-start=\"1178\" data-end=\"1216\">\n<p data-start=\"1180\" data-end=\"1216\">Passform: Universal for trommelbremser<\/p>\n<\/li>\n<li data-start=\"1217\" data-end=\"1268\">\n<p data-start=\"1219\" data-end=\"1268\">Anvendelse: Sko returfj\u00e6rer p\u00e5 trommelbremser<\/p>\n<\/li>\n<li data-start=\"1217\" data-end=\"1268\">Lengde: 330 mm<\/li>\n<\/ul>\n<h2 style=\"text-align: center\" data-start=\"1270\" data-end=\"1290\"><strong>Pakken Inkluderer \ud83d\udce6<\/strong><\/h2>\n<ul data-start=\"1291\" data-end=\"1319\" data-is-last-node=\"\" data-is-only-node=\"\">\n<li data-start=\"1291\" data-end=\"1319\" data-is-last-node=\"\">\n<p data-start=\"1293\" data-end=\"1319\" data-is-last-node=\"\">1, 2x trommelbremsefj\u00e6rverkt\u00f8y \/ -verkt\u00f8y.<\/p>\n<\/li>\n<\/ul>\n","protected":false},"excerpt":{"rendered":"<p>\ud83d\udd27Dette trommelbremsefj\u00e6rverkt\u00f8yet er utviklet for \u00e5 gj\u00f8re det enkelt og kontrollert \u00e5 fjerne og montere bremsefj\u00e6rer.<br \/>\n\ud83d\udcaaDen sterke st\u00e5lkonstruksjonen og designen med to ender gj\u00f8r at du kan jobbe raskere, samtidig som du reduserer belastningen p\u00e5 hendene og risikoen.<br \/>\n\ud83d\udc68\u200d\ud83c\udfedAn uunnv\u00e6rlig verkt\u00f8y for alle som utf\u00f8rer vedlikehold av trommelbremser i en garasje eller et verksted.<\/p>\n","protected":false},"featured_media":20512,"comment_status":"open","ping_status":"closed","template":"","meta":{"site-sidebar-layout":"default","site-content-layout":"","ast-site-content-layout":"default","site-content-style":"default","site-sidebar-style":"default","ast-global-header-display":"","ast-banner-title-visibility":"","ast-main-header-display":"","ast-hfb-above-header-display":"","ast-hfb-below-header-display":"","ast-hfb-mobile-header-display":"","site-post-title":"","ast-breadcrumbs-content":"","ast-featured-img":"","footer-sml-layout":"","theme-transparent-header-meta":"default","adv-header-id-meta":"","stick-header-meta":"","header-above-stick-meta":"","header-main-stick-meta":"","header-below-stick-meta":"","astra-migrate-meta-layouts":"set","ast-page-background-enabled":"default","ast-page-background-meta":{"desktop":{"background-color":"var(--ast-global-color-5)","background-image":"","background-repeat":"repeat","background-position":"center center","background-size":"auto","background-attachment":"scroll","background-type":"","background-media":"","overlay-type":"","overlay-color":"","overlay-opacity":"","overlay-gradient":""},"tablet":{"background-color":"","background-image":"","background-repeat":"repeat","background-position":"center center","background-size":"auto","background-attachment":"scroll","background-type":"","background-media":"","overlay-type":"","overlay-color":"","overlay-opacity":"","overlay-gradient":""},"mobile":{"background-color":"","background-image":"","background-repeat":"repeat","background-position":"center center","background-size":"auto","background-attachment":"scroll","background-type":"","background-media":"","overlay-type":"","overlay-color":"","overlay-opacity":"","overlay-gradient":""}},"ast-content-background-meta":{"desktop":{"background-color":"var(--ast-global-color-4)","background-image":"","background-repeat":"repeat","background-position":"center center","background-size":"auto","background-attachment":"scroll","background-type":"","background-media":"","overlay-type":"","overlay-color":"","overlay-opacity":"","overlay-gradient":""},"tablet":{"background-color":"var(--ast-global-color-4)","background-image":"","background-repeat":"repeat","background-position":"center center","background-size":"auto","background-attachment":"scroll","background-type":"","background-media":"","overlay-type":"","overlay-color":"","overlay-opacity":"","overlay-gradient":""},"mobile":{"background-color":"var(--ast-global-color-4)","background-image":"","background-repeat":"repeat","background-position":"center center","background-size":"auto","background-attachment":"scroll","background-type":"","background-media":"","overlay-type":"","overlay-color":"","overlay-opacity":"","overlay-gradient":""}}},"product_brand":[],"product_cat":[171],"product_tag":[],"class_list":{"0":"post-20516","1":"product","2":"type-product","3":"status-publish","4":"has-post-thumbnail","6":"product_cat-verktoy","7":"pa_52859_k7k8sys0-1-stk","8":"pa_52859_k7k8sys0-2-stk","9":"desktop-align-left","10":"tablet-align-left","11":"mobile-align-left","13":"first","14":"instock","15":"shipping-taxable","16":"purchasable","17":"product-type-variable"},"yoast_head":"<!-- This site is optimized with the Yoast SEO plugin v26.6 - https:\/\/yoast.com\/wordpress\/plugins\/seo\/ -->\n<title>Verkt\u00f8y for trommelbremsefj\u00e6r - Mekulo NO<\/title>\n<meta name=\"robots\" content=\"index, follow, max-snippet:-1, max-image-preview:large, max-video-preview:-1\" \/>\n<link rel=\"canonical\" href=\"https:\/\/mekulo.com\/no\/produkt\/verktoy-for-trommelbremsefjaer\/\" \/>\n<meta property=\"og:locale\" content=\"nb_NO\" \/>\n<meta property=\"og:type\" content=\"article\" \/>\n<meta property=\"og:title\" content=\"Verkt\u00f8y for trommelbremsefj\u00e6r - Mekulo NO\" \/>\n<meta property=\"og:description\" content=\"\ud83d\udd27Dette trommelbremsefj\u00e6rverkt\u00f8yet er utviklet for \u00e5 gj\u00f8re det enkelt og kontrollert \u00e5 fjerne og montere bremsefj\u00e6rer. \ud83d\udcaaDen sterke st\u00e5lkonstruksjonen og designen med to ender gj\u00f8r at du kan jobbe raskere, samtidig som du reduserer belastningen p\u00e5 hendene og risikoen. \ud83d\udc68\u200d\ud83c\udfedAn uunnv\u00e6rlig verkt\u00f8y for alle som utf\u00f8rer vedlikehold av trommelbremser i en garasje eller et verksted.\" \/>\n<meta property=\"og:url\" content=\"https:\/\/mekulo.com\/no\/produkt\/verktoy-for-trommelbremsefjaer\/\" \/>\n<meta property=\"og:site_name\" content=\"Mekulo NO\" \/>\n<meta property=\"article:modified_time\" content=\"2026-01-30T05:49:40+00:00\" \/>\n<meta property=\"og:image\" content=\"https:\/\/mekulo.com\/no\/wp-content\/uploads\/sites\/10\/2026\/01\/2xa195h-1.jpeg\" \/>\n\t<meta property=\"og:image:width\" content=\"960\" \/>\n\t<meta property=\"og:image:height\" content=\"960\" \/>\n\t<meta property=\"og:image:type\" content=\"image\/jpeg\" \/>\n<meta name=\"twitter:card\" content=\"summary_large_image\" \/>\n<meta name=\"twitter:label1\" content=\"Ansl. lesetid\" \/>\n\t<meta name=\"twitter:data1\" content=\"2 minutter\" \/>\n<script type=\"application\/ld+json\" class=\"yoast-schema-graph\">{\"@context\":\"https:\/\/schema.org\",\"@graph\":[{\"@type\":\"WebPage\",\"@id\":\"https:\/\/mekulo.com\/no\/produkt\/verktoy-for-trommelbremsefjaer\/\",\"url\":\"https:\/\/mekulo.com\/no\/produkt\/verktoy-for-trommelbremsefjaer\/\",\"name\":\"Verkt\u00f8y for trommelbremsefj\u00e6r - Mekulo NO\",\"isPartOf\":{\"@id\":\"https:\/\/mekulo.com\/no\/#website\"},\"primaryImageOfPage\":{\"@id\":\"https:\/\/mekulo.com\/no\/produkt\/verktoy-for-trommelbremsefjaer\/#primaryimage\"},\"image\":{\"@id\":\"https:\/\/mekulo.com\/no\/produkt\/verktoy-for-trommelbremsefjaer\/#primaryimage\"},\"thumbnailUrl\":\"https:\/\/mekulo.com\/no\/wp-content\/uploads\/sites\/10\/2026\/01\/2xa195h-1.jpeg\",\"datePublished\":\"2026-01-30T05:18:26+00:00\",\"dateModified\":\"2026-01-30T05:49:40+00:00\",\"breadcrumb\":{\"@id\":\"https:\/\/mekulo.com\/no\/produkt\/verktoy-for-trommelbremsefjaer\/#breadcrumb\"},\"inLanguage\":\"nb-NO\",\"potentialAction\":[{\"@type\":\"ReadAction\",\"target\":[\"https:\/\/mekulo.com\/no\/produkt\/verktoy-for-trommelbremsefjaer\/\"]}]},{\"@type\":\"ImageObject\",\"inLanguage\":\"nb-NO\",\"@id\":\"https:\/\/mekulo.com\/no\/produkt\/verktoy-for-trommelbremsefjaer\/#primaryimage\",\"url\":\"https:\/\/mekulo.com\/no\/wp-content\/uploads\/sites\/10\/2026\/01\/2xa195h-1.jpeg\",\"contentUrl\":\"https:\/\/mekulo.com\/no\/wp-content\/uploads\/sites\/10\/2026\/01\/2xa195h-1.jpeg\",\"width\":960,\"height\":960},{\"@type\":\"BreadcrumbList\",\"@id\":\"https:\/\/mekulo.com\/no\/produkt\/verktoy-for-trommelbremsefjaer\/#breadcrumb\",\"itemListElement\":[{\"@type\":\"ListItem\",\"position\":1,\"name\":\"Home\",\"item\":\"https:\/\/mekulo.com\/no\/\"},{\"@type\":\"ListItem\",\"position\":2,\"name\":\"Butikk\",\"item\":\"https:\/\/mekulo.com\/no\/butikk\/\"},{\"@type\":\"ListItem\",\"position\":3,\"name\":\"Verkt\u00f8y for trommelbremsefj\u00e6r\"}]},{\"@type\":\"WebSite\",\"@id\":\"https:\/\/mekulo.com\/no\/#website\",\"url\":\"https:\/\/mekulo.com\/no\/\",\"name\":\"Mekulo NO\",\"description\":\"\",\"publisher\":{\"@id\":\"https:\/\/mekulo.com\/no\/#organization\"},\"potentialAction\":[{\"@type\":\"SearchAction\",\"target\":{\"@type\":\"EntryPoint\",\"urlTemplate\":\"https:\/\/mekulo.com\/no\/?s={search_term_string}\"},\"query-input\":{\"@type\":\"PropertyValueSpecification\",\"valueRequired\":true,\"valueName\":\"search_term_string\"}}],\"inLanguage\":\"nb-NO\"},{\"@type\":\"Organization\",\"@id\":\"https:\/\/mekulo.com\/no\/#organization\",\"name\":\"Mekulo\",\"url\":\"https:\/\/mekulo.com\/no\/\",\"logo\":{\"@type\":\"ImageObject\",\"inLanguage\":\"nb-NO\",\"@id\":\"https:\/\/mekulo.com\/no\/#\/schema\/logo\/image\/\",\"url\":\"https:\/\/mekulo.com\/no\/wp-content\/uploads\/sites\/10\/2025\/12\/favicon_mekulo.png\",\"contentUrl\":\"https:\/\/mekulo.com\/no\/wp-content\/uploads\/sites\/10\/2025\/12\/favicon_mekulo.png\",\"width\":50,\"height\":50,\"caption\":\"Mekulo\"},\"image\":{\"@id\":\"https:\/\/mekulo.com\/no\/#\/schema\/logo\/image\/\"}}]}<\/script>\n<!-- \/ Yoast SEO plugin. -->","yoast_head_json":{"title":"Verkt\u00f8y for trommelbremsefj\u00e6r - Mekulo NO","robots":{"index":"index","follow":"follow","max-snippet":"max-snippet:-1","max-image-preview":"max-image-preview:large","max-video-preview":"max-video-preview:-1"},"canonical":"https:\/\/mekulo.com\/no\/produkt\/verktoy-for-trommelbremsefjaer\/","og_locale":"nb_NO","og_type":"article","og_title":"Verkt\u00f8y for trommelbremsefj\u00e6r - Mekulo NO","og_description":"\ud83d\udd27Dette trommelbremsefj\u00e6rverkt\u00f8yet er utviklet for \u00e5 gj\u00f8re det enkelt og kontrollert \u00e5 fjerne og montere bremsefj\u00e6rer. \ud83d\udcaaDen sterke st\u00e5lkonstruksjonen og designen med to ender gj\u00f8r at du kan jobbe raskere, samtidig som du reduserer belastningen p\u00e5 hendene og risikoen. \ud83d\udc68\u200d\ud83c\udfedAn uunnv\u00e6rlig verkt\u00f8y for alle som utf\u00f8rer vedlikehold av trommelbremser i en garasje eller et verksted.","og_url":"https:\/\/mekulo.com\/no\/produkt\/verktoy-for-trommelbremsefjaer\/","og_site_name":"Mekulo NO","article_modified_time":"2026-01-30T05:49:40+00:00","og_image":[{"width":960,"height":960,"url":"https:\/\/mekulo.com\/no\/wp-content\/uploads\/sites\/10\/2026\/01\/2xa195h-1.jpeg","type":"image\/jpeg"}],"twitter_card":"summary_large_image","twitter_misc":{"Ansl. lesetid":"2 minutter"},"schema":{"@context":"https:\/\/schema.org","@graph":[{"@type":"WebPage","@id":"https:\/\/mekulo.com\/no\/produkt\/verktoy-for-trommelbremsefjaer\/","url":"https:\/\/mekulo.com\/no\/produkt\/verktoy-for-trommelbremsefjaer\/","name":"Verkt\u00f8y for trommelbremsefj\u00e6r - Mekulo NO","isPartOf":{"@id":"https:\/\/mekulo.com\/no\/#website"},"primaryImageOfPage":{"@id":"https:\/\/mekulo.com\/no\/produkt\/verktoy-for-trommelbremsefjaer\/#primaryimage"},"image":{"@id":"https:\/\/mekulo.com\/no\/produkt\/verktoy-for-trommelbremsefjaer\/#primaryimage"},"thumbnailUrl":"https:\/\/mekulo.com\/no\/wp-content\/uploads\/sites\/10\/2026\/01\/2xa195h-1.jpeg","datePublished":"2026-01-30T05:18:26+00:00","dateModified":"2026-01-30T05:49:40+00:00","breadcrumb":{"@id":"https:\/\/mekulo.com\/no\/produkt\/verktoy-for-trommelbremsefjaer\/#breadcrumb"},"inLanguage":"nb-NO","potentialAction":[{"@type":"ReadAction","target":["https:\/\/mekulo.com\/no\/produkt\/verktoy-for-trommelbremsefjaer\/"]}]},{"@type":"ImageObject","inLanguage":"nb-NO","@id":"https:\/\/mekulo.com\/no\/produkt\/verktoy-for-trommelbremsefjaer\/#primaryimage","url":"https:\/\/mekulo.com\/no\/wp-content\/uploads\/sites\/10\/2026\/01\/2xa195h-1.jpeg","contentUrl":"https:\/\/mekulo.com\/no\/wp-content\/uploads\/sites\/10\/2026\/01\/2xa195h-1.jpeg","width":960,"height":960},{"@type":"BreadcrumbList","@id":"https:\/\/mekulo.com\/no\/produkt\/verktoy-for-trommelbremsefjaer\/#breadcrumb","itemListElement":[{"@type":"ListItem","position":1,"name":"Home","item":"https:\/\/mekulo.com\/no\/"},{"@type":"ListItem","position":2,"name":"Butikk","item":"https:\/\/mekulo.com\/no\/butikk\/"},{"@type":"ListItem","position":3,"name":"Verkt\u00f8y for trommelbremsefj\u00e6r"}]},{"@type":"WebSite","@id":"https:\/\/mekulo.com\/no\/#website","url":"https:\/\/mekulo.com\/no\/","name":"Mekulo NO","description":"","publisher":{"@id":"https:\/\/mekulo.com\/no\/#organization"},"potentialAction":[{"@type":"SearchAction","target":{"@type":"EntryPoint","urlTemplate":"https:\/\/mekulo.com\/no\/?s={search_term_string}"},"query-input":{"@type":"PropertyValueSpecification","valueRequired":true,"valueName":"search_term_string"}}],"inLanguage":"nb-NO"},{"@type":"Organization","@id":"https:\/\/mekulo.com\/no\/#organization","name":"Mekulo","url":"https:\/\/mekulo.com\/no\/","logo":{"@type":"ImageObject","inLanguage":"nb-NO","@id":"https:\/\/mekulo.com\/no\/#\/schema\/logo\/image\/","url":"https:\/\/mekulo.com\/no\/wp-content\/uploads\/sites\/10\/2025\/12\/favicon_mekulo.png","contentUrl":"https:\/\/mekulo.com\/no\/wp-content\/uploads\/sites\/10\/2025\/12\/favicon_mekulo.png","width":50,"height":50,"caption":"Mekulo"},"image":{"@id":"https:\/\/mekulo.com\/no\/#\/schema\/logo\/image\/"}}]}},"_links":{"self":[{"href":"https:\/\/mekulo.com\/no\/wp-json\/wp\/v2\/product\/20516","targetHints":{"allow":["GET"]}}],"collection":[{"href":"https:\/\/mekulo.com\/no\/wp-json\/wp\/v2\/product"}],"about":[{"href":"https:\/\/mekulo.com\/no\/wp-json\/wp\/v2\/types\/product"}],"replies":[{"embeddable":true,"href":"https:\/\/mekulo.com\/no\/wp-json\/wp\/v2\/comments?post=20516"}],"wp:featuredmedia":[{"embeddable":true,"href":"https:\/\/mekulo.com\/no\/wp-json\/wp\/v2\/media\/20512"}],"wp:attachment":[{"href":"https:\/\/mekulo.com\/no\/wp-json\/wp\/v2\/media?parent=20516"}],"wp:term":[{"taxonomy":"product_brand","embeddable":true,"href":"https:\/\/mekulo.com\/no\/wp-json\/wp\/v2\/product_brand?post=20516"},{"taxonomy":"product_cat","embeddable":true,"href":"https:\/\/mekulo.com\/no\/wp-json\/wp\/v2\/product_cat?post=20516"},{"taxonomy":"product_tag","embeddable":true,"href":"https:\/\/mekulo.com\/no\/wp-json\/wp\/v2\/product_tag?post=20516"}],"curies":[{"name":"wp","href":"https:\/\/api.w.org\/{rel}","templated":true}]}}