{"id":20447,"date":"2026-01-28T19:52:20","date_gmt":"2026-01-28T17:52:20","guid":{"rendered":"https:\/\/mekulo.com\/no\/produkt\/2-i-1-magnetisk-pickup-verktoy-med-led-lys\/"},"modified":"2026-01-29T16:01:30","modified_gmt":"2026-01-29T14:01:30","slug":"2-i-1-magnetisk-pickup-verktoy-med-led-lys","status":"publish","type":"product","link":"https:\/\/mekulo.com\/no\/produkt\/2-i-1-magnetisk-pickup-verktoy-med-led-lys\/","title":{"rendered":"2-i-1 magnetisk pickup-verkt\u00f8y med LED-lys"},"content":{"rendered":"<div class=\"flex flex-col text-sm pb-25\">\n<article class=\"text-token-text-primary w-full focus:outline-none [--shadow-height:45px] has-data-writing-block:pointer-events-none has-data-writing-block:-mt-(--shadow-height) has-data-writing-block:pt-(--shadow-height) [&amp;:has([data-writing-block])&gt;*]:pointer-events-auto scroll-mt-[calc(var(--header-height)+min(200px,max(70px,20svh)))]\" dir=\"auto\" data-turn-id=\"dd77b76c-3113-4213-9192-dc72c97a415e\" data-testid=\"conversation-turn-22\" data-scroll-anchor=\"true\" data-turn=\"assistant\">\n<div class=\"text-base my-auto mx-auto pb-10 [--thread-content-margin:--spacing(4)] @w-sm\/main:[--thread-content-margin:--spacing(6)] @w-lg\/main:[--thread-content-margin:--spacing(16)] px-(--thread-content-margin)\">\n<div class=\"[--thread-content-max-width:40rem] @w-lg\/main:[--thread-content-max-width:48rem] mx-auto max-w-(--thread-content-max-width) flex-1 group\/turn-messages focus-visible:outline-hidden relative flex w-full min-w-0 flex-col agent-turn\">\n<div class=\"flex max-w-full flex-col grow\">\n<div class=\"min-h-8 text-message relative flex w-full flex-col items-end gap-2 text-start break-words whitespace-normal [.text-message+&amp;]:mt-1\" dir=\"auto\" data-message-author-role=\"assistant\" data-message-id=\"664dacce-0b63-4445-b816-25fa05f25174\" data-message-model-slug=\"gpt-5-2\">\n<div class=\"flex w-full flex-col gap-1 empty:hidden first:pt-[1px]\">\n<div class=\"markdown prose dark:prose-invert w-full wrap-break-word light markdown-new-styling\">\n<p style=\"text-align: center;\" data-start=\"0\" data-end=\"67\"><strong data-start=\"0\" data-end=\"67\">Plukk Opp Tapte Metallgjenstander Enkelt, Selv I M\u00f8rke Og Trange Rom. \ud83c\udf11<\/strong><\/p>\n<p data-start=\"0\" data-end=\"67\"><img fetchpriority=\"high\" decoding=\"async\" class=\"size-full wp-image-22390 aligncenter\" src=\"https:\/\/mekulo.com\/template\/wp-content\/uploads\/sites\/6\/2026\/01\/S4b99d23816dd44f7a6ec3d37ead78218q.webp\" alt=\"\" width=\"1601\" height=\"1601\" \/><\/p>\n<h2 style=\"text-align: center;\" data-start=\"419\" data-end=\"436\">Hovedfordeler \ud83d\udd26<\/h2>\n<p data-start=\"439\" data-end=\"511\">\ud83e\uddf2 Sterkt magnetisk grep \u2013 plukker enkelt opp skruer, bolter og spiker.<\/p>\n<p data-start=\"514\" data-end=\"571\">\ud83d\udd26 Innebygde LED-lys \u2013 ser tydelig i m\u00f8rke rom.<\/p>\n<p data-start=\"574\" data-end=\"624\">\ud83d\udccf Teleskopisk design \u2013 strekker seg opp til 57,5 cm.<\/p>\n<p data-start=\"627\" data-end=\"678\">\ud83d\udd04 Fleksibel hals \u2013 b\u00f8yes 360\u00b0 for trange omr\u00e5der.<\/p>\n<p data-start=\"681\" data-end=\"744\">\u270b H\u00e5ndfri bruk \u2013 magnetisk base fester seg til metalloverflater.<\/p>\n<p data-start=\"747\" data-end=\"816\">\ud83e\uddf0 Flerbruksverkt\u00f8y \u2013 Ideelt for reparasjoner, gj\u00f8r-det-selv-arbeid og utend\u00f8rs bruk.<\/p>\n<p data-start=\"747\" data-end=\"816\"><img decoding=\"async\" class=\"size-full wp-image-22391 aligncenter\" src=\"https:\/\/mekulo.com\/template\/wp-content\/uploads\/sites\/6\/2026\/01\/Sb2b791cbf6a44233b527bdc36dc7552f3.webp\" alt=\"\" width=\"1601\" height=\"1601\" \/><\/p>\n<h2 style=\"text-align: center;\" data-start=\"818\" data-end=\"832\">Forleng Verkt\u00f8yet Til \u00d8nsket Lengde. \ud83d\udd26<\/h2>\n<ol data-start=\"833\" data-end=\"1081\">\n<li data-start=\"833\" data-end=\"876\">\n<p data-start=\"836\" data-end=\"876\">Sl\u00e5 p\u00e5 LED-lyset for bedre synlighet.<\/p>\n<\/li>\n<li data-start=\"877\" data-end=\"926\">\n<p data-start=\"880\" data-end=\"926\">F\u00f8r den magnetiske spissen mot metallgjenstanden.<\/p>\n<\/li>\n<li data-start=\"927\" data-end=\"977\">\n<p data-start=\"930\" data-end=\"977\">Plukk opp gjenstanden sikkert med magneten.<\/p>\n<\/li>\n<li data-start=\"978\" data-end=\"1027\">\n<p data-start=\"981\" data-end=\"1027\">Trekk verkt\u00f8yet inn igjen og sl\u00e5 av lyset etter bruk.<\/p>\n<\/li>\n<\/ol>\n<h2 style=\"text-align: center;\" data-start=\"1083\" data-end=\"1102\">Produktdetaljer \ud83d\udccf<\/h2>\n<ul data-start=\"1103\" data-end=\"1337\">\n<li data-start=\"1103\" data-end=\"1131\">\n<p data-start=\"1105\" data-end=\"1131\">Materiale: Aluminiumslegering<\/p>\n<\/li>\n<li data-start=\"1132\" data-end=\"1184\">\n<p data-start=\"1134\" data-end=\"1184\">Lengde: 17,5 cm (sammentrukket), 57,5 cm (utstrakt)<\/p>\n<\/li>\n<li data-start=\"1185\" data-end=\"1210\">\n<p data-start=\"1187\" data-end=\"1210\">Vekt: Ca. 100 g<\/p>\n<\/li>\n<li data-start=\"1211\" data-end=\"1244\">\n<p data-start=\"1213\" data-end=\"1244\">Belysning: 3 sterke LED-lys<\/p>\n<\/li>\n<li data-start=\"1245\" data-end=\"1299\">\n<p data-start=\"1247\" data-end=\"1299\">Str\u00f8mforsyning: 4 x LR44-knappbatterier (inkludert)<\/p>\n<\/li>\n<li data-start=\"1300\" data-end=\"1337\">\n<p data-start=\"1302\" data-end=\"1337\">Fleksibilitet: 360\u00b0 justerbar hals<\/p>\n<\/li>\n<\/ul>\n<h2 style=\"text-align: center;\" data-start=\"1339\" data-end=\"1359\">Pakken Inkluderer \ud83d\udce6<\/h2>\n<ul data-start=\"1360\" data-end=\"1461\" data-is-last-node=\"\" data-is-only-node=\"\">\n<li data-start=\"1360\" data-end=\"1410\">\n<p data-start=\"1362\" data-end=\"1410\">1, 2 x 2-i-1 magnetisk pickup-verkt\u00f8y med LED-lys<\/p>\n<\/li>\n<li data-start=\"1411\" data-end=\"1438\">\n<p data-start=\"1413\" data-end=\"1438\">4, 8 x LR44-knappbatterier.<\/p>\n<\/li>\n<\/ul>\n<\/div>\n<\/div>\n<\/div>\n<\/div>\n<\/div>\n<\/div>\n<\/article>\n<\/div>\n","protected":false},"excerpt":{"rendered":"<p>\ud83d\udd26Dette 2-i-1-magnetiske pickup-verkt\u00f8yet med LED-lys hjelper deg med \u00e5 hente skruer, bolter og sm\u00e5 metalldeler uten \u00e5 b\u00f8ye deg eller slite.<br \/>\n\ud83d\udccfDen teleskopiske og fleksible utformingen n\u00e5r vanskelig tilgjengelige omr\u00e5der, mens de sterke LED-lysene forbedrer synligheten.<br \/>\n\ud83e\uddf0Et praktisk hverdagsverkt\u00f8y som sparer tid, krefter og frustrasjon hjemme, p\u00e5 jobb eller utend\u00f8rs.<\/p>\n","protected":false},"featured_media":20443,"comment_status":"open","ping_status":"closed","template":"","meta":{"site-sidebar-layout":"default","site-content-layout":"","ast-site-content-layout":"default","site-content-style":"default","site-sidebar-style":"default","ast-global-header-display":"","ast-banner-title-visibility":"","ast-main-header-display":"","ast-hfb-above-header-display":"","ast-hfb-below-header-display":"","ast-hfb-mobile-header-display":"","site-post-title":"","ast-breadcrumbs-content":"","ast-featured-img":"","footer-sml-layout":"","theme-transparent-header-meta":"default","adv-header-id-meta":"","stick-header-meta":"","header-above-stick-meta":"","header-main-stick-meta":"","header-below-stick-meta":"","astra-migrate-meta-layouts":"set","ast-page-background-enabled":"default","ast-page-background-meta":{"desktop":{"background-color":"var(--ast-global-color-5)","background-image":"","background-repeat":"repeat","background-position":"center center","background-size":"auto","background-attachment":"scroll","background-type":"","background-media":"","overlay-type":"","overlay-color":"","overlay-opacity":"","overlay-gradient":""},"tablet":{"background-color":"","background-image":"","background-repeat":"repeat","background-position":"center center","background-size":"auto","background-attachment":"scroll","background-type":"","background-media":"","overlay-type":"","overlay-color":"","overlay-opacity":"","overlay-gradient":""},"mobile":{"background-color":"","background-image":"","background-repeat":"repeat","background-position":"center center","background-size":"auto","background-attachment":"scroll","background-type":"","background-media":"","overlay-type":"","overlay-color":"","overlay-opacity":"","overlay-gradient":""}},"ast-content-background-meta":{"desktop":{"background-color":"var(--ast-global-color-4)","background-image":"","background-repeat":"repeat","background-position":"center center","background-size":"auto","background-attachment":"scroll","background-type":"","background-media":"","overlay-type":"","overlay-color":"","overlay-opacity":"","overlay-gradient":""},"tablet":{"background-color":"var(--ast-global-color-4)","background-image":"","background-repeat":"repeat","background-position":"center center","background-size":"auto","background-attachment":"scroll","background-type":"","background-media":"","overlay-type":"","overlay-color":"","overlay-opacity":"","overlay-gradient":""},"mobile":{"background-color":"var(--ast-global-color-4)","background-image":"","background-repeat":"repeat","background-position":"center center","background-size":"auto","background-attachment":"scroll","background-type":"","background-media":"","overlay-type":"","overlay-color":"","overlay-opacity":"","overlay-gradient":""}}},"product_brand":[],"product_cat":[171],"product_tag":[],"class_list":{"0":"post-20447","1":"product","2":"type-product","3":"status-publish","4":"has-post-thumbnail","6":"product_cat-verktoy","7":"pa_52671_6lyeebqz-1-stk","8":"pa_52671_6lyeebqz-2-stk","9":"desktop-align-left","10":"tablet-align-left","11":"mobile-align-left","13":"first","14":"instock","15":"shipping-taxable","16":"purchasable","17":"product-type-variable"},"yoast_head":"<!-- This site is optimized with the Yoast SEO plugin v26.6 - https:\/\/yoast.com\/wordpress\/plugins\/seo\/ -->\n<title>2-i-1 magnetisk pickup-verkt\u00f8y med LED-lys - Mekulo NO<\/title>\n<meta name=\"robots\" content=\"index, follow, max-snippet:-1, max-image-preview:large, max-video-preview:-1\" \/>\n<link rel=\"canonical\" href=\"https:\/\/mekulo.com\/no\/produkt\/2-i-1-magnetisk-pickup-verktoy-med-led-lys\/\" \/>\n<meta property=\"og:locale\" content=\"nb_NO\" \/>\n<meta property=\"og:type\" content=\"article\" \/>\n<meta property=\"og:title\" content=\"2-i-1 magnetisk pickup-verkt\u00f8y med LED-lys - Mekulo NO\" \/>\n<meta property=\"og:description\" content=\"\ud83d\udd26Dette 2-i-1-magnetiske pickup-verkt\u00f8yet med LED-lys hjelper deg med \u00e5 hente skruer, bolter og sm\u00e5 metalldeler uten \u00e5 b\u00f8ye deg eller slite. \ud83d\udccfDen teleskopiske og fleksible utformingen n\u00e5r vanskelig tilgjengelige omr\u00e5der, mens de sterke LED-lysene forbedrer synligheten. \ud83e\uddf0Et praktisk hverdagsverkt\u00f8y som sparer tid, krefter og frustrasjon hjemme, p\u00e5 jobb eller utend\u00f8rs.\" \/>\n<meta property=\"og:url\" content=\"https:\/\/mekulo.com\/no\/produkt\/2-i-1-magnetisk-pickup-verktoy-med-led-lys\/\" \/>\n<meta property=\"og:site_name\" content=\"Mekulo NO\" \/>\n<meta property=\"article:modified_time\" content=\"2026-01-29T14:01:30+00:00\" \/>\n<meta property=\"og:image\" content=\"https:\/\/mekulo.com\/no\/wp-content\/uploads\/sites\/10\/2026\/01\/m1yoina-1.jpg\" \/>\n\t<meta property=\"og:image:width\" content=\"1080\" \/>\n\t<meta property=\"og:image:height\" content=\"1080\" \/>\n\t<meta property=\"og:image:type\" content=\"image\/jpeg\" \/>\n<meta name=\"twitter:card\" content=\"summary_large_image\" \/>\n<meta name=\"twitter:label1\" content=\"Ansl. lesetid\" \/>\n\t<meta name=\"twitter:data1\" content=\"2 minutter\" \/>\n<script type=\"application\/ld+json\" class=\"yoast-schema-graph\">{\"@context\":\"https:\/\/schema.org\",\"@graph\":[{\"@type\":\"WebPage\",\"@id\":\"https:\/\/mekulo.com\/no\/produkt\/2-i-1-magnetisk-pickup-verktoy-med-led-lys\/\",\"url\":\"https:\/\/mekulo.com\/no\/produkt\/2-i-1-magnetisk-pickup-verktoy-med-led-lys\/\",\"name\":\"2-i-1 magnetisk pickup-verkt\u00f8y med LED-lys - Mekulo NO\",\"isPartOf\":{\"@id\":\"https:\/\/mekulo.com\/no\/#website\"},\"primaryImageOfPage\":{\"@id\":\"https:\/\/mekulo.com\/no\/produkt\/2-i-1-magnetisk-pickup-verktoy-med-led-lys\/#primaryimage\"},\"image\":{\"@id\":\"https:\/\/mekulo.com\/no\/produkt\/2-i-1-magnetisk-pickup-verktoy-med-led-lys\/#primaryimage\"},\"thumbnailUrl\":\"https:\/\/mekulo.com\/no\/wp-content\/uploads\/sites\/10\/2026\/01\/m1yoina-1.jpg\",\"datePublished\":\"2026-01-28T17:52:20+00:00\",\"dateModified\":\"2026-01-29T14:01:30+00:00\",\"breadcrumb\":{\"@id\":\"https:\/\/mekulo.com\/no\/produkt\/2-i-1-magnetisk-pickup-verktoy-med-led-lys\/#breadcrumb\"},\"inLanguage\":\"nb-NO\",\"potentialAction\":[{\"@type\":\"ReadAction\",\"target\":[\"https:\/\/mekulo.com\/no\/produkt\/2-i-1-magnetisk-pickup-verktoy-med-led-lys\/\"]}]},{\"@type\":\"ImageObject\",\"inLanguage\":\"nb-NO\",\"@id\":\"https:\/\/mekulo.com\/no\/produkt\/2-i-1-magnetisk-pickup-verktoy-med-led-lys\/#primaryimage\",\"url\":\"https:\/\/mekulo.com\/no\/wp-content\/uploads\/sites\/10\/2026\/01\/m1yoina-1.jpg\",\"contentUrl\":\"https:\/\/mekulo.com\/no\/wp-content\/uploads\/sites\/10\/2026\/01\/m1yoina-1.jpg\",\"width\":1080,\"height\":1080},{\"@type\":\"BreadcrumbList\",\"@id\":\"https:\/\/mekulo.com\/no\/produkt\/2-i-1-magnetisk-pickup-verktoy-med-led-lys\/#breadcrumb\",\"itemListElement\":[{\"@type\":\"ListItem\",\"position\":1,\"name\":\"Home\",\"item\":\"https:\/\/mekulo.com\/no\/\"},{\"@type\":\"ListItem\",\"position\":2,\"name\":\"Butikk\",\"item\":\"https:\/\/mekulo.com\/no\/butikk\/\"},{\"@type\":\"ListItem\",\"position\":3,\"name\":\"2-i-1 magnetisk pickup-verkt\u00f8y med LED-lys\"}]},{\"@type\":\"WebSite\",\"@id\":\"https:\/\/mekulo.com\/no\/#website\",\"url\":\"https:\/\/mekulo.com\/no\/\",\"name\":\"Mekulo NO\",\"description\":\"\",\"publisher\":{\"@id\":\"https:\/\/mekulo.com\/no\/#organization\"},\"potentialAction\":[{\"@type\":\"SearchAction\",\"target\":{\"@type\":\"EntryPoint\",\"urlTemplate\":\"https:\/\/mekulo.com\/no\/?s={search_term_string}\"},\"query-input\":{\"@type\":\"PropertyValueSpecification\",\"valueRequired\":true,\"valueName\":\"search_term_string\"}}],\"inLanguage\":\"nb-NO\"},{\"@type\":\"Organization\",\"@id\":\"https:\/\/mekulo.com\/no\/#organization\",\"name\":\"Mekulo\",\"url\":\"https:\/\/mekulo.com\/no\/\",\"logo\":{\"@type\":\"ImageObject\",\"inLanguage\":\"nb-NO\",\"@id\":\"https:\/\/mekulo.com\/no\/#\/schema\/logo\/image\/\",\"url\":\"https:\/\/mekulo.com\/no\/wp-content\/uploads\/sites\/10\/2025\/12\/favicon_mekulo.png\",\"contentUrl\":\"https:\/\/mekulo.com\/no\/wp-content\/uploads\/sites\/10\/2025\/12\/favicon_mekulo.png\",\"width\":50,\"height\":50,\"caption\":\"Mekulo\"},\"image\":{\"@id\":\"https:\/\/mekulo.com\/no\/#\/schema\/logo\/image\/\"}}]}<\/script>\n<!-- \/ Yoast SEO plugin. -->","yoast_head_json":{"title":"2-i-1 magnetisk pickup-verkt\u00f8y med LED-lys - Mekulo NO","robots":{"index":"index","follow":"follow","max-snippet":"max-snippet:-1","max-image-preview":"max-image-preview:large","max-video-preview":"max-video-preview:-1"},"canonical":"https:\/\/mekulo.com\/no\/produkt\/2-i-1-magnetisk-pickup-verktoy-med-led-lys\/","og_locale":"nb_NO","og_type":"article","og_title":"2-i-1 magnetisk pickup-verkt\u00f8y med LED-lys - Mekulo NO","og_description":"\ud83d\udd26Dette 2-i-1-magnetiske pickup-verkt\u00f8yet med LED-lys hjelper deg med \u00e5 hente skruer, bolter og sm\u00e5 metalldeler uten \u00e5 b\u00f8ye deg eller slite. \ud83d\udccfDen teleskopiske og fleksible utformingen n\u00e5r vanskelig tilgjengelige omr\u00e5der, mens de sterke LED-lysene forbedrer synligheten. \ud83e\uddf0Et praktisk hverdagsverkt\u00f8y som sparer tid, krefter og frustrasjon hjemme, p\u00e5 jobb eller utend\u00f8rs.","og_url":"https:\/\/mekulo.com\/no\/produkt\/2-i-1-magnetisk-pickup-verktoy-med-led-lys\/","og_site_name":"Mekulo NO","article_modified_time":"2026-01-29T14:01:30+00:00","og_image":[{"width":1080,"height":1080,"url":"https:\/\/mekulo.com\/no\/wp-content\/uploads\/sites\/10\/2026\/01\/m1yoina-1.jpg","type":"image\/jpeg"}],"twitter_card":"summary_large_image","twitter_misc":{"Ansl. lesetid":"2 minutter"},"schema":{"@context":"https:\/\/schema.org","@graph":[{"@type":"WebPage","@id":"https:\/\/mekulo.com\/no\/produkt\/2-i-1-magnetisk-pickup-verktoy-med-led-lys\/","url":"https:\/\/mekulo.com\/no\/produkt\/2-i-1-magnetisk-pickup-verktoy-med-led-lys\/","name":"2-i-1 magnetisk pickup-verkt\u00f8y med LED-lys - Mekulo NO","isPartOf":{"@id":"https:\/\/mekulo.com\/no\/#website"},"primaryImageOfPage":{"@id":"https:\/\/mekulo.com\/no\/produkt\/2-i-1-magnetisk-pickup-verktoy-med-led-lys\/#primaryimage"},"image":{"@id":"https:\/\/mekulo.com\/no\/produkt\/2-i-1-magnetisk-pickup-verktoy-med-led-lys\/#primaryimage"},"thumbnailUrl":"https:\/\/mekulo.com\/no\/wp-content\/uploads\/sites\/10\/2026\/01\/m1yoina-1.jpg","datePublished":"2026-01-28T17:52:20+00:00","dateModified":"2026-01-29T14:01:30+00:00","breadcrumb":{"@id":"https:\/\/mekulo.com\/no\/produkt\/2-i-1-magnetisk-pickup-verktoy-med-led-lys\/#breadcrumb"},"inLanguage":"nb-NO","potentialAction":[{"@type":"ReadAction","target":["https:\/\/mekulo.com\/no\/produkt\/2-i-1-magnetisk-pickup-verktoy-med-led-lys\/"]}]},{"@type":"ImageObject","inLanguage":"nb-NO","@id":"https:\/\/mekulo.com\/no\/produkt\/2-i-1-magnetisk-pickup-verktoy-med-led-lys\/#primaryimage","url":"https:\/\/mekulo.com\/no\/wp-content\/uploads\/sites\/10\/2026\/01\/m1yoina-1.jpg","contentUrl":"https:\/\/mekulo.com\/no\/wp-content\/uploads\/sites\/10\/2026\/01\/m1yoina-1.jpg","width":1080,"height":1080},{"@type":"BreadcrumbList","@id":"https:\/\/mekulo.com\/no\/produkt\/2-i-1-magnetisk-pickup-verktoy-med-led-lys\/#breadcrumb","itemListElement":[{"@type":"ListItem","position":1,"name":"Home","item":"https:\/\/mekulo.com\/no\/"},{"@type":"ListItem","position":2,"name":"Butikk","item":"https:\/\/mekulo.com\/no\/butikk\/"},{"@type":"ListItem","position":3,"name":"2-i-1 magnetisk pickup-verkt\u00f8y med LED-lys"}]},{"@type":"WebSite","@id":"https:\/\/mekulo.com\/no\/#website","url":"https:\/\/mekulo.com\/no\/","name":"Mekulo NO","description":"","publisher":{"@id":"https:\/\/mekulo.com\/no\/#organization"},"potentialAction":[{"@type":"SearchAction","target":{"@type":"EntryPoint","urlTemplate":"https:\/\/mekulo.com\/no\/?s={search_term_string}"},"query-input":{"@type":"PropertyValueSpecification","valueRequired":true,"valueName":"search_term_string"}}],"inLanguage":"nb-NO"},{"@type":"Organization","@id":"https:\/\/mekulo.com\/no\/#organization","name":"Mekulo","url":"https:\/\/mekulo.com\/no\/","logo":{"@type":"ImageObject","inLanguage":"nb-NO","@id":"https:\/\/mekulo.com\/no\/#\/schema\/logo\/image\/","url":"https:\/\/mekulo.com\/no\/wp-content\/uploads\/sites\/10\/2025\/12\/favicon_mekulo.png","contentUrl":"https:\/\/mekulo.com\/no\/wp-content\/uploads\/sites\/10\/2025\/12\/favicon_mekulo.png","width":50,"height":50,"caption":"Mekulo"},"image":{"@id":"https:\/\/mekulo.com\/no\/#\/schema\/logo\/image\/"}}]}},"_links":{"self":[{"href":"https:\/\/mekulo.com\/no\/wp-json\/wp\/v2\/product\/20447","targetHints":{"allow":["GET"]}}],"collection":[{"href":"https:\/\/mekulo.com\/no\/wp-json\/wp\/v2\/product"}],"about":[{"href":"https:\/\/mekulo.com\/no\/wp-json\/wp\/v2\/types\/product"}],"replies":[{"embeddable":true,"href":"https:\/\/mekulo.com\/no\/wp-json\/wp\/v2\/comments?post=20447"}],"wp:featuredmedia":[{"embeddable":true,"href":"https:\/\/mekulo.com\/no\/wp-json\/wp\/v2\/media\/20443"}],"wp:attachment":[{"href":"https:\/\/mekulo.com\/no\/wp-json\/wp\/v2\/media?parent=20447"}],"wp:term":[{"taxonomy":"product_brand","embeddable":true,"href":"https:\/\/mekulo.com\/no\/wp-json\/wp\/v2\/product_brand?post=20447"},{"taxonomy":"product_cat","embeddable":true,"href":"https:\/\/mekulo.com\/no\/wp-json\/wp\/v2\/product_cat?post=20447"},{"taxonomy":"product_tag","embeddable":true,"href":"https:\/\/mekulo.com\/no\/wp-json\/wp\/v2\/product_tag?post=20447"}],"curies":[{"name":"wp","href":"https:\/\/api.w.org\/{rel}","templated":true}]}}