{"id":20419,"date":"2026-01-28T17:21:46","date_gmt":"2026-01-28T15:21:46","guid":{"rendered":"https:\/\/mekulo.com\/no\/produkt\/usynlig-harspenne\/"},"modified":"2026-02-03T17:08:21","modified_gmt":"2026-02-03T15:08:21","slug":"usynlig-harspenne","status":"publish","type":"product","link":"https:\/\/mekulo.com\/no\/produkt\/usynlig-harspenne\/","title":{"rendered":"Usynlig h\u00e5rspenne"},"content":{"rendered":"<p style=\"text-align: center;\" data-start=\"0\" data-end=\"73\"><strong data-start=\"0\" data-end=\"73\">Skap naturlig volum og l\u00f8ft h\u00e5rr\u00f8ttene dine uten synlige klips. \ud83e\udeae<\/strong><\/p>\n<p data-start=\"0\" data-end=\"73\"><img fetchpriority=\"high\" decoding=\"async\" class=\"size-full wp-image-22273 aligncenter\" src=\"https:\/\/mekulo.com\/template\/wp-content\/uploads\/sites\/6\/2026\/01\/2-17.jpeg\" alt=\"\" width=\"800\" height=\"800\" \/><\/p>\n<h2 style=\"text-align: center;\" data-start=\"363\" data-end=\"380\"><strong>Hovedfordeler \ud83d\udc71\u200d\u2640\ufe0f<\/strong><\/h2>\n<p data-start=\"383\" data-end=\"443\">\ud83d\udca8 Naturlig volum &#8211; L\u00f8fter h\u00e5rr\u00f8ttene for et luftig utseende.<\/p>\n<p data-start=\"446\" data-end=\"505\">\ud83d\udc40 Usynlig design &#8211; Ingen synlige klipsmerker etter bruk.<\/p>\n<p data-start=\"508\" data-end=\"572\">\ud83d\udc86\u200d\u2640\ufe0f Null h\u00e5rskader &#8211; Sk\u00e5nsom og trygg for daglig styling.<\/p>\n<p data-start=\"575\" data-end=\"635\">\ud83e\uddb7 Bredt tenner design &#8211; Hjelper med \u00e5 skape en h\u00f8y kroneform.<\/p>\n<p data-start=\"638\" data-end=\"685\">\ud83c\udf92 B\u00e6rbar st\u00f8rrelse &#8211; Enkel \u00e5 ta med hvor som helst.<\/p>\n<p data-start=\"688\" data-end=\"750\">\u23f1\ufe0f Rask styling &#8211; Perfekt for nybegynnere og travle mennesker.<\/p>\n<p data-start=\"688\" data-end=\"750\"><img decoding=\"async\" class=\"size-full wp-image-22277 aligncenter\" src=\"https:\/\/mekulo.com\/template\/wp-content\/uploads\/sites\/6\/2026\/01\/6-19.jpeg\" alt=\"\" width=\"800\" height=\"800\" \/><\/p>\n<h2 style=\"text-align: center;\" data-start=\"752\" data-end=\"766\"><strong>Hvordan Du Bruker \ud83d\udccc<\/strong><\/h2>\n<ol data-start=\"767\" data-end=\"986\">\n<li data-start=\"767\" data-end=\"817\">\n<p data-start=\"770\" data-end=\"817\">Seksjoner h\u00e5ret der du vil ha mer volum.<\/p>\n<\/li>\n<li data-start=\"818\" data-end=\"862\">\n<p data-start=\"821\" data-end=\"862\">Plasser klippet n\u00e6r h\u00e5rr\u00f8ttene.<\/p>\n<\/li>\n<li data-start=\"863\" data-end=\"903\">\n<p data-start=\"866\" data-end=\"903\">Fest det forsiktig for \u00e5 l\u00f8fte r\u00f8ttene.<\/p>\n<\/li>\n<li data-start=\"904\" data-end=\"934\">\n<p data-start=\"907\" data-end=\"934\">Style h\u00e5ret som vanlig.<\/p>\n<\/li>\n<li data-start=\"935\" data-end=\"986\">\n<p data-start=\"938\" data-end=\"986\">Fjern n\u00e5r du er ferdig for et naturlig, luftig utseende.<\/p>\n<\/li>\n<\/ol>\n<h2 style=\"text-align: center;\" data-start=\"988\" data-end=\"1007\"><strong>Produktdetaljer \ud83d\udccf<\/strong><\/h2>\n<ul data-start=\"1008\" data-end=\"1190\">\n<li data-start=\"1008\" data-end=\"1059\">\n<p data-start=\"1010\" data-end=\"1059\">Materiale: Varmebestandig materiale av h\u00f8y kvalitet<\/p>\n<\/li>\n<li data-start=\"1060\" data-end=\"1102\">\n<p data-start=\"1062\" data-end=\"1102\">Design: Usynlig klips med brede tenner<\/p>\n<\/li>\n<li data-start=\"1103\" data-end=\"1147\">\n<p data-start=\"1105\" data-end=\"1147\">Effekt: L\u00f8fter r\u00f8ttene og gir volum<\/p>\n<\/li>\n<li data-start=\"1148\" data-end=\"1190\">\n<p data-start=\"1150\" data-end=\"1190\">H\u00e5rtype: Passer til alle h\u00e5rtyper<\/p>\n<\/li>\n<li data-start=\"1148\" data-end=\"1190\">St\u00f8rrelser: 14,5 x 8,5 cm og 15 x 6 cm<\/li>\n<\/ul>\n<h2 style=\"text-align: center;\" data-start=\"1192\" data-end=\"1212\"><strong>Pakken inkluderer \ud83d\udce6<\/strong><\/h2>\n<ul data-start=\"1213\" data-end=\"1238\" data-is-last-node=\"\" data-is-only-node=\"\">\n<li data-start=\"1213\" data-end=\"1238\" data-is-last-node=\"\">\n<p data-start=\"1215\" data-end=\"1238\" data-is-last-node=\"\">1, 2 x sett med usynlige h\u00e5rklemmer (2 stk, 4 stk).<\/p>\n<\/li>\n<\/ul>\n","protected":false},"excerpt":{"rendered":"<p>\ud83e\udeaeDenne usynlige h\u00e5rklemmen hjelper deg med \u00e5 legge til \u00f8yeblikkelig volum ved r\u00f8ttene samtidig som den holder seg helt skjult i h\u00e5ret.<br \/>\n\ud83d\udc87\u200d\u2640\ufe0fDet er enkel \u00e5 bruke, sk\u00e5nsom mot h\u00e5ret og perfekt for rask styling hjemme eller p\u00e5 farten.<br \/>\n\ud83c\udf04Ideal for travle morgener n\u00e5r du vil ha en fyldigere frisyre p\u00e5 sekunder uten anstrengelse.<\/p>\n","protected":false},"featured_media":20415,"comment_status":"open","ping_status":"closed","template":"","meta":{"site-sidebar-layout":"default","site-content-layout":"","ast-site-content-layout":"default","site-content-style":"default","site-sidebar-style":"default","ast-global-header-display":"","ast-banner-title-visibility":"","ast-main-header-display":"","ast-hfb-above-header-display":"","ast-hfb-below-header-display":"","ast-hfb-mobile-header-display":"","site-post-title":"","ast-breadcrumbs-content":"","ast-featured-img":"","footer-sml-layout":"","theme-transparent-header-meta":"default","adv-header-id-meta":"","stick-header-meta":"","header-above-stick-meta":"","header-main-stick-meta":"","header-below-stick-meta":"","astra-migrate-meta-layouts":"set","ast-page-background-enabled":"default","ast-page-background-meta":{"desktop":{"background-color":"var(--ast-global-color-5)","background-image":"","background-repeat":"repeat","background-position":"center center","background-size":"auto","background-attachment":"scroll","background-type":"","background-media":"","overlay-type":"","overlay-color":"","overlay-opacity":"","overlay-gradient":""},"tablet":{"background-color":"","background-image":"","background-repeat":"repeat","background-position":"center center","background-size":"auto","background-attachment":"scroll","background-type":"","background-media":"","overlay-type":"","overlay-color":"","overlay-opacity":"","overlay-gradient":""},"mobile":{"background-color":"","background-image":"","background-repeat":"repeat","background-position":"center center","background-size":"auto","background-attachment":"scroll","background-type":"","background-media":"","overlay-type":"","overlay-color":"","overlay-opacity":"","overlay-gradient":""}},"ast-content-background-meta":{"desktop":{"background-color":"var(--ast-global-color-4)","background-image":"","background-repeat":"repeat","background-position":"center center","background-size":"auto","background-attachment":"scroll","background-type":"","background-media":"","overlay-type":"","overlay-color":"","overlay-opacity":"","overlay-gradient":""},"tablet":{"background-color":"var(--ast-global-color-4)","background-image":"","background-repeat":"repeat","background-position":"center center","background-size":"auto","background-attachment":"scroll","background-type":"","background-media":"","overlay-type":"","overlay-color":"","overlay-opacity":"","overlay-gradient":""},"mobile":{"background-color":"var(--ast-global-color-4)","background-image":"","background-repeat":"repeat","background-position":"center center","background-size":"auto","background-attachment":"scroll","background-type":"","background-media":"","overlay-type":"","overlay-color":"","overlay-opacity":"","overlay-gradient":""}}},"product_brand":[],"product_cat":[165],"product_tag":[],"class_list":{"0":"post-20419","1":"product","2":"type-product","3":"status-publish","4":"has-post-thumbnail","6":"product_cat-fottoy-tilbehor","7":"pa_52367_awmsoaa5-bla","8":"pa_52367_awmsoaa5-lilla","9":"pa_52367_awmsoaa5-rosa","10":"pa_52367_awmsoaa5-svart","11":"pa_52367_t63docr8-1-sett","12":"pa_52367_t63docr8-2-sett","13":"desktop-align-left","14":"tablet-align-left","15":"mobile-align-left","17":"first","18":"instock","19":"shipping-taxable","20":"purchasable","21":"product-type-variable","22":"has-default-attributes"},"yoast_head":"<!-- This site is optimized with the Yoast SEO plugin v26.6 - https:\/\/yoast.com\/wordpress\/plugins\/seo\/ -->\n<title>Usynlig h\u00e5rspenne - Mekulo NO<\/title>\n<meta name=\"robots\" content=\"index, follow, max-snippet:-1, max-image-preview:large, max-video-preview:-1\" \/>\n<link rel=\"canonical\" href=\"https:\/\/mekulo.com\/no\/produkt\/usynlig-harspenne\/\" \/>\n<meta property=\"og:locale\" content=\"nb_NO\" \/>\n<meta property=\"og:type\" content=\"article\" \/>\n<meta property=\"og:title\" content=\"Usynlig h\u00e5rspenne - Mekulo NO\" \/>\n<meta property=\"og:description\" content=\"\ud83e\udeaeDenne usynlige h\u00e5rklemmen hjelper deg med \u00e5 legge til \u00f8yeblikkelig volum ved r\u00f8ttene samtidig som den holder seg helt skjult i h\u00e5ret. \ud83d\udc87\u200d\u2640\ufe0fDet er enkel \u00e5 bruke, sk\u00e5nsom mot h\u00e5ret og perfekt for rask styling hjemme eller p\u00e5 farten. \ud83c\udf04Ideal for travle morgener n\u00e5r du vil ha en fyldigere frisyre p\u00e5 sekunder uten anstrengelse.\" \/>\n<meta property=\"og:url\" content=\"https:\/\/mekulo.com\/no\/produkt\/usynlig-harspenne\/\" \/>\n<meta property=\"og:site_name\" content=\"Mekulo NO\" \/>\n<meta property=\"article:modified_time\" content=\"2026-02-03T15:08:21+00:00\" \/>\n<meta property=\"og:image\" content=\"https:\/\/mekulo.com\/no\/wp-content\/uploads\/sites\/10\/2026\/01\/347sz1j-1.jpeg\" \/>\n\t<meta property=\"og:image:width\" content=\"800\" \/>\n\t<meta property=\"og:image:height\" content=\"800\" \/>\n\t<meta property=\"og:image:type\" content=\"image\/jpeg\" \/>\n<meta name=\"twitter:card\" content=\"summary_large_image\" \/>\n<meta name=\"twitter:label1\" content=\"Ansl. lesetid\" \/>\n\t<meta name=\"twitter:data1\" content=\"2 minutter\" \/>\n<script type=\"application\/ld+json\" class=\"yoast-schema-graph\">{\"@context\":\"https:\/\/schema.org\",\"@graph\":[{\"@type\":\"WebPage\",\"@id\":\"https:\/\/mekulo.com\/no\/produkt\/usynlig-harspenne\/\",\"url\":\"https:\/\/mekulo.com\/no\/produkt\/usynlig-harspenne\/\",\"name\":\"Usynlig h\u00e5rspenne - Mekulo NO\",\"isPartOf\":{\"@id\":\"https:\/\/mekulo.com\/no\/#website\"},\"primaryImageOfPage\":{\"@id\":\"https:\/\/mekulo.com\/no\/produkt\/usynlig-harspenne\/#primaryimage\"},\"image\":{\"@id\":\"https:\/\/mekulo.com\/no\/produkt\/usynlig-harspenne\/#primaryimage\"},\"thumbnailUrl\":\"https:\/\/mekulo.com\/no\/wp-content\/uploads\/sites\/10\/2026\/01\/347sz1j-1.jpeg\",\"datePublished\":\"2026-01-28T15:21:46+00:00\",\"dateModified\":\"2026-02-03T15:08:21+00:00\",\"breadcrumb\":{\"@id\":\"https:\/\/mekulo.com\/no\/produkt\/usynlig-harspenne\/#breadcrumb\"},\"inLanguage\":\"nb-NO\",\"potentialAction\":[{\"@type\":\"ReadAction\",\"target\":[\"https:\/\/mekulo.com\/no\/produkt\/usynlig-harspenne\/\"]}]},{\"@type\":\"ImageObject\",\"inLanguage\":\"nb-NO\",\"@id\":\"https:\/\/mekulo.com\/no\/produkt\/usynlig-harspenne\/#primaryimage\",\"url\":\"https:\/\/mekulo.com\/no\/wp-content\/uploads\/sites\/10\/2026\/01\/347sz1j-1.jpeg\",\"contentUrl\":\"https:\/\/mekulo.com\/no\/wp-content\/uploads\/sites\/10\/2026\/01\/347sz1j-1.jpeg\",\"width\":800,\"height\":800},{\"@type\":\"BreadcrumbList\",\"@id\":\"https:\/\/mekulo.com\/no\/produkt\/usynlig-harspenne\/#breadcrumb\",\"itemListElement\":[{\"@type\":\"ListItem\",\"position\":1,\"name\":\"Home\",\"item\":\"https:\/\/mekulo.com\/no\/\"},{\"@type\":\"ListItem\",\"position\":2,\"name\":\"Butikk\",\"item\":\"https:\/\/mekulo.com\/no\/butikk\/\"},{\"@type\":\"ListItem\",\"position\":3,\"name\":\"Usynlig h\u00e5rspenne\"}]},{\"@type\":\"WebSite\",\"@id\":\"https:\/\/mekulo.com\/no\/#website\",\"url\":\"https:\/\/mekulo.com\/no\/\",\"name\":\"Mekulo NO\",\"description\":\"\",\"publisher\":{\"@id\":\"https:\/\/mekulo.com\/no\/#organization\"},\"potentialAction\":[{\"@type\":\"SearchAction\",\"target\":{\"@type\":\"EntryPoint\",\"urlTemplate\":\"https:\/\/mekulo.com\/no\/?s={search_term_string}\"},\"query-input\":{\"@type\":\"PropertyValueSpecification\",\"valueRequired\":true,\"valueName\":\"search_term_string\"}}],\"inLanguage\":\"nb-NO\"},{\"@type\":\"Organization\",\"@id\":\"https:\/\/mekulo.com\/no\/#organization\",\"name\":\"Mekulo\",\"url\":\"https:\/\/mekulo.com\/no\/\",\"logo\":{\"@type\":\"ImageObject\",\"inLanguage\":\"nb-NO\",\"@id\":\"https:\/\/mekulo.com\/no\/#\/schema\/logo\/image\/\",\"url\":\"https:\/\/mekulo.com\/no\/wp-content\/uploads\/sites\/10\/2025\/12\/favicon_mekulo.png\",\"contentUrl\":\"https:\/\/mekulo.com\/no\/wp-content\/uploads\/sites\/10\/2025\/12\/favicon_mekulo.png\",\"width\":50,\"height\":50,\"caption\":\"Mekulo\"},\"image\":{\"@id\":\"https:\/\/mekulo.com\/no\/#\/schema\/logo\/image\/\"}}]}<\/script>\n<!-- \/ Yoast SEO plugin. -->","yoast_head_json":{"title":"Usynlig h\u00e5rspenne - Mekulo NO","robots":{"index":"index","follow":"follow","max-snippet":"max-snippet:-1","max-image-preview":"max-image-preview:large","max-video-preview":"max-video-preview:-1"},"canonical":"https:\/\/mekulo.com\/no\/produkt\/usynlig-harspenne\/","og_locale":"nb_NO","og_type":"article","og_title":"Usynlig h\u00e5rspenne - Mekulo NO","og_description":"\ud83e\udeaeDenne usynlige h\u00e5rklemmen hjelper deg med \u00e5 legge til \u00f8yeblikkelig volum ved r\u00f8ttene samtidig som den holder seg helt skjult i h\u00e5ret. \ud83d\udc87\u200d\u2640\ufe0fDet er enkel \u00e5 bruke, sk\u00e5nsom mot h\u00e5ret og perfekt for rask styling hjemme eller p\u00e5 farten. \ud83c\udf04Ideal for travle morgener n\u00e5r du vil ha en fyldigere frisyre p\u00e5 sekunder uten anstrengelse.","og_url":"https:\/\/mekulo.com\/no\/produkt\/usynlig-harspenne\/","og_site_name":"Mekulo NO","article_modified_time":"2026-02-03T15:08:21+00:00","og_image":[{"width":800,"height":800,"url":"https:\/\/mekulo.com\/no\/wp-content\/uploads\/sites\/10\/2026\/01\/347sz1j-1.jpeg","type":"image\/jpeg"}],"twitter_card":"summary_large_image","twitter_misc":{"Ansl. lesetid":"2 minutter"},"schema":{"@context":"https:\/\/schema.org","@graph":[{"@type":"WebPage","@id":"https:\/\/mekulo.com\/no\/produkt\/usynlig-harspenne\/","url":"https:\/\/mekulo.com\/no\/produkt\/usynlig-harspenne\/","name":"Usynlig h\u00e5rspenne - Mekulo NO","isPartOf":{"@id":"https:\/\/mekulo.com\/no\/#website"},"primaryImageOfPage":{"@id":"https:\/\/mekulo.com\/no\/produkt\/usynlig-harspenne\/#primaryimage"},"image":{"@id":"https:\/\/mekulo.com\/no\/produkt\/usynlig-harspenne\/#primaryimage"},"thumbnailUrl":"https:\/\/mekulo.com\/no\/wp-content\/uploads\/sites\/10\/2026\/01\/347sz1j-1.jpeg","datePublished":"2026-01-28T15:21:46+00:00","dateModified":"2026-02-03T15:08:21+00:00","breadcrumb":{"@id":"https:\/\/mekulo.com\/no\/produkt\/usynlig-harspenne\/#breadcrumb"},"inLanguage":"nb-NO","potentialAction":[{"@type":"ReadAction","target":["https:\/\/mekulo.com\/no\/produkt\/usynlig-harspenne\/"]}]},{"@type":"ImageObject","inLanguage":"nb-NO","@id":"https:\/\/mekulo.com\/no\/produkt\/usynlig-harspenne\/#primaryimage","url":"https:\/\/mekulo.com\/no\/wp-content\/uploads\/sites\/10\/2026\/01\/347sz1j-1.jpeg","contentUrl":"https:\/\/mekulo.com\/no\/wp-content\/uploads\/sites\/10\/2026\/01\/347sz1j-1.jpeg","width":800,"height":800},{"@type":"BreadcrumbList","@id":"https:\/\/mekulo.com\/no\/produkt\/usynlig-harspenne\/#breadcrumb","itemListElement":[{"@type":"ListItem","position":1,"name":"Home","item":"https:\/\/mekulo.com\/no\/"},{"@type":"ListItem","position":2,"name":"Butikk","item":"https:\/\/mekulo.com\/no\/butikk\/"},{"@type":"ListItem","position":3,"name":"Usynlig h\u00e5rspenne"}]},{"@type":"WebSite","@id":"https:\/\/mekulo.com\/no\/#website","url":"https:\/\/mekulo.com\/no\/","name":"Mekulo NO","description":"","publisher":{"@id":"https:\/\/mekulo.com\/no\/#organization"},"potentialAction":[{"@type":"SearchAction","target":{"@type":"EntryPoint","urlTemplate":"https:\/\/mekulo.com\/no\/?s={search_term_string}"},"query-input":{"@type":"PropertyValueSpecification","valueRequired":true,"valueName":"search_term_string"}}],"inLanguage":"nb-NO"},{"@type":"Organization","@id":"https:\/\/mekulo.com\/no\/#organization","name":"Mekulo","url":"https:\/\/mekulo.com\/no\/","logo":{"@type":"ImageObject","inLanguage":"nb-NO","@id":"https:\/\/mekulo.com\/no\/#\/schema\/logo\/image\/","url":"https:\/\/mekulo.com\/no\/wp-content\/uploads\/sites\/10\/2025\/12\/favicon_mekulo.png","contentUrl":"https:\/\/mekulo.com\/no\/wp-content\/uploads\/sites\/10\/2025\/12\/favicon_mekulo.png","width":50,"height":50,"caption":"Mekulo"},"image":{"@id":"https:\/\/mekulo.com\/no\/#\/schema\/logo\/image\/"}}]}},"_links":{"self":[{"href":"https:\/\/mekulo.com\/no\/wp-json\/wp\/v2\/product\/20419","targetHints":{"allow":["GET"]}}],"collection":[{"href":"https:\/\/mekulo.com\/no\/wp-json\/wp\/v2\/product"}],"about":[{"href":"https:\/\/mekulo.com\/no\/wp-json\/wp\/v2\/types\/product"}],"replies":[{"embeddable":true,"href":"https:\/\/mekulo.com\/no\/wp-json\/wp\/v2\/comments?post=20419"}],"wp:featuredmedia":[{"embeddable":true,"href":"https:\/\/mekulo.com\/no\/wp-json\/wp\/v2\/media\/20415"}],"wp:attachment":[{"href":"https:\/\/mekulo.com\/no\/wp-json\/wp\/v2\/media?parent=20419"}],"wp:term":[{"taxonomy":"product_brand","embeddable":true,"href":"https:\/\/mekulo.com\/no\/wp-json\/wp\/v2\/product_brand?post=20419"},{"taxonomy":"product_cat","embeddable":true,"href":"https:\/\/mekulo.com\/no\/wp-json\/wp\/v2\/product_cat?post=20419"},{"taxonomy":"product_tag","embeddable":true,"href":"https:\/\/mekulo.com\/no\/wp-json\/wp\/v2\/product_tag?post=20419"}],"curies":[{"name":"wp","href":"https:\/\/api.w.org\/{rel}","templated":true}]}}