{"id":20389,"date":"2026-01-28T16:07:11","date_gmt":"2026-01-28T14:07:11","guid":{"rendered":"https:\/\/mekulo.com\/no\/produkt\/langfinger-overraskelsesegg\/"},"modified":"2026-02-03T17:09:13","modified_gmt":"2026-02-03T15:09:13","slug":"langfinger-overraskelsesegg","status":"publish","type":"product","link":"https:\/\/mekulo.com\/no\/produkt\/langfinger-overraskelsesegg\/","title":{"rendered":"Langfinger-overraskelsesegg"},"content":{"rendered":"<p style=\"text-align: center;\" data-start=\"0\" data-end=\"70\"><strong data-start=\"0\" data-end=\"70\">Legg til en sjokkerende latter til enhver feiring med et morsomt overraskelsesegg. \ud83d\udc23<\/strong><\/p>\n<p data-start=\"0\" data-end=\"70\"><img fetchpriority=\"high\" decoding=\"async\" class=\"size-full wp-image-22411 aligncenter\" src=\"https:\/\/mekulo.com\/template\/wp-content\/uploads\/sites\/6\/2026\/01\/S93894e2d19504cc8a7cb1b297cc746734.webp\" alt=\"\" width=\"800\" height=\"800\" \/><\/p>\n<h2 style=\"text-align: center;\" data-start=\"405\" data-end=\"422\"><strong>Hovedfordeler \ud83e\udd5a<\/strong><\/h2>\n<p data-start=\"425\" data-end=\"486\">\ud83d\ude02 Morsom sp\u00f8kdesign &#8211; Uventet langfingeravsl\u00f8ring.<\/p>\n<p data-start=\"489\" data-end=\"550\">\ud83e\udd5a Unikt 3D-utseende &#8211; Kreativ og i\u00f8ynefallende eggform.<\/p>\n<p data-start=\"553\" data-end=\"615\">\ud83c\udf89 Perfekt vitsegave &#8211; Flott for fester og gag-\u00f8yeblikk.<\/p>\n<p data-start=\"618\" data-end=\"676\">\ud83c\udfe0 Allsidig dekor &#8211; Skrivebord, hylle eller h\u00f8ytidsvisning.<\/p>\n<p data-start=\"679\" data-end=\"734\">\ud83d\udcaa Slitesterk plast &#8211; Lett og langvarig.<\/p>\n<p data-start=\"737\" data-end=\"800\">\ud83c\udf81 Samtalestarter &#8211; Garantert reaksjoner og latter.<\/p>\n<p data-start=\"737\" data-end=\"800\"><img decoding=\"async\" class=\"size-full wp-image-22416 aligncenter\" src=\"https:\/\/mekulo.com\/template\/wp-content\/uploads\/sites\/6\/2026\/01\/4d2c25684d66274b81e8edca392ff648ba606797.jpg\" alt=\"\" width=\"1080\" height=\"442\" \/><\/p>\n<h2 style=\"text-align: center;\" data-start=\"802\" data-end=\"816\"><strong>Hvordan Bruke \ud83d\udccc<\/strong><\/h2>\n<ol data-start=\"817\" data-end=\"1008\">\n<li data-start=\"817\" data-end=\"874\">\n<p data-start=\"820\" data-end=\"874\">Plasser egget som dekorasjon eller i en gavekurv.<\/p>\n<\/li>\n<li data-start=\"875\" data-end=\"916\">\n<p data-start=\"878\" data-end=\"916\">La noen \u00e5pne eller inspisere egget.<\/p>\n<\/li>\n<li data-start=\"917\" data-end=\"954\">\n<p data-start=\"920\" data-end=\"954\">Nyt overraskelsen og latteren.<\/p>\n<\/li>\n<li data-start=\"955\" data-end=\"1008\">\n<p data-start=\"958\" data-end=\"1008\">Gjenbruk det for fremtidige sprell eller vis det som dekor.<\/p>\n<\/li>\n<\/ol>\n<h2 style=\"text-align: center;\" data-start=\"1010\" data-end=\"1029\"><strong>Produktdetaljer \ud83d\udccf<\/strong><\/h2>\n<ul data-start=\"1030\" data-end=\"1239\">\n<li data-start=\"1030\" data-end=\"1072\">\n<p data-start=\"1032\" data-end=\"1072\">Materiale: Holdbar plast av h\u00f8y kvalitet<\/p>\n<\/li>\n<li data-start=\"1114\" data-end=\"1137\">\n<p data-start=\"1116\" data-end=\"1137\">Vekt: Lett<\/p>\n<\/li>\n<li data-start=\"1138\" data-end=\"1164\">\n<p data-start=\"1140\" data-end=\"1164\">Overflate: Glatt overflate<\/p>\n<\/li>\n<li data-start=\"1165\" data-end=\"1192\">\n<p data-start=\"1167\" data-end=\"1192\">Stil: Nyhetsfigur<\/p>\n<\/li>\n<li data-start=\"1193\" data-end=\"1239\">\n<p data-start=\"1195\" data-end=\"1239\">Egnet for: Voksne med sans for humor<\/p>\n<\/li>\n<li data-start=\"1193\" data-end=\"1239\">St\u00f8rrelse: 7,8 x 5,6 cm<\/li>\n<\/ul>\n<h2 style=\"text-align: center;\" data-start=\"1241\" data-end=\"1261\"><strong>Pakken inkluderer \ud83d\udce6<\/strong><\/h2>\n<ul data-start=\"1262\" data-end=\"1294\" data-is-last-node=\"\" data-is-only-node=\"\">\n<li data-start=\"1262\" data-end=\"1294\" data-is-last-node=\"\">\n<p data-start=\"1264\" data-end=\"1294\" data-is-last-node=\"\">1, 2 x langfingeroverraskelsesegg \/ er.<\/p>\n<\/li>\n<\/ul>\n","protected":false},"excerpt":{"rendered":"<p>\ud83e\udd5aDette langfingeroverraskelsesegget ser uskyldig ut til \u00e5 begynne med, og leverer en dristig og morsom overraskelse n\u00e5r det \u00e5pnes.<br \/>\n\ud83d\ude02Det er lett, slitesterkt og designet for \u00e5 v\u00e6re en perfekt sp\u00f8k- eller vitsegave til voksne med sans for humor.<br \/>\n\ud83c\udf89Idealt for \u00e5 bryte isen, f\u00e5 latter og skape uforglemmelige reaksjoner p\u00e5 fester eller h\u00f8ytider.<\/p>\n","protected":false},"featured_media":20385,"comment_status":"open","ping_status":"closed","template":"","meta":{"site-sidebar-layout":"default","site-content-layout":"","ast-site-content-layout":"default","site-content-style":"default","site-sidebar-style":"default","ast-global-header-display":"","ast-banner-title-visibility":"","ast-main-header-display":"","ast-hfb-above-header-display":"","ast-hfb-below-header-display":"","ast-hfb-mobile-header-display":"","site-post-title":"","ast-breadcrumbs-content":"","ast-featured-img":"","footer-sml-layout":"","theme-transparent-header-meta":"default","adv-header-id-meta":"","stick-header-meta":"","header-above-stick-meta":"","header-main-stick-meta":"","header-below-stick-meta":"","astra-migrate-meta-layouts":"set","ast-page-background-enabled":"default","ast-page-background-meta":{"desktop":{"background-color":"var(--ast-global-color-5)","background-image":"","background-repeat":"repeat","background-position":"center center","background-size":"auto","background-attachment":"scroll","background-type":"","background-media":"","overlay-type":"","overlay-color":"","overlay-opacity":"","overlay-gradient":""},"tablet":{"background-color":"","background-image":"","background-repeat":"repeat","background-position":"center center","background-size":"auto","background-attachment":"scroll","background-type":"","background-media":"","overlay-type":"","overlay-color":"","overlay-opacity":"","overlay-gradient":""},"mobile":{"background-color":"","background-image":"","background-repeat":"repeat","background-position":"center center","background-size":"auto","background-attachment":"scroll","background-type":"","background-media":"","overlay-type":"","overlay-color":"","overlay-opacity":"","overlay-gradient":""}},"ast-content-background-meta":{"desktop":{"background-color":"var(--ast-global-color-4)","background-image":"","background-repeat":"repeat","background-position":"center center","background-size":"auto","background-attachment":"scroll","background-type":"","background-media":"","overlay-type":"","overlay-color":"","overlay-opacity":"","overlay-gradient":""},"tablet":{"background-color":"var(--ast-global-color-4)","background-image":"","background-repeat":"repeat","background-position":"center center","background-size":"auto","background-attachment":"scroll","background-type":"","background-media":"","overlay-type":"","overlay-color":"","overlay-opacity":"","overlay-gradient":""},"mobile":{"background-color":"var(--ast-global-color-4)","background-image":"","background-repeat":"repeat","background-position":"center center","background-size":"auto","background-attachment":"scroll","background-type":"","background-media":"","overlay-type":"","overlay-color":"","overlay-opacity":"","overlay-gradient":""}}},"product_brand":[],"product_cat":[172],"product_tag":[],"class_list":{"0":"post-20389","1":"product","2":"type-product","3":"status-publish","4":"has-post-thumbnail","6":"product_cat-leker-barne-og-babyprodukter","7":"pa_52856_qr1pd9kp-1-stk","8":"pa_52856_qr1pd9kp-2-stk","9":"pa_52856_uyyegbap-bla-rod","10":"pa_52856_uyyegbap-blagronn","11":"pa_52856_uyyegbap-flerfarget","12":"pa_52856_uyyegbap-gull","13":"pa_52856_uyyegbap-rod-gull","14":"desktop-align-left","15":"tablet-align-left","16":"mobile-align-left","18":"first","19":"instock","20":"shipping-taxable","21":"purchasable","22":"product-type-variable","23":"has-default-attributes"},"yoast_head":"<!-- This site is optimized with the Yoast SEO plugin v26.6 - https:\/\/yoast.com\/wordpress\/plugins\/seo\/ -->\n<title>Langfinger-overraskelsesegg - Mekulo NO<\/title>\n<meta name=\"robots\" content=\"index, follow, max-snippet:-1, max-image-preview:large, max-video-preview:-1\" \/>\n<link rel=\"canonical\" href=\"https:\/\/mekulo.com\/no\/produkt\/langfinger-overraskelsesegg\/\" \/>\n<meta property=\"og:locale\" content=\"nb_NO\" \/>\n<meta property=\"og:type\" content=\"article\" \/>\n<meta property=\"og:title\" content=\"Langfinger-overraskelsesegg - Mekulo NO\" \/>\n<meta property=\"og:description\" content=\"\ud83e\udd5aDette langfingeroverraskelsesegget ser uskyldig ut til \u00e5 begynne med, og leverer en dristig og morsom overraskelse n\u00e5r det \u00e5pnes. \ud83d\ude02Det er lett, slitesterkt og designet for \u00e5 v\u00e6re en perfekt sp\u00f8k- eller vitsegave til voksne med sans for humor. \ud83c\udf89Idealt for \u00e5 bryte isen, f\u00e5 latter og skape uforglemmelige reaksjoner p\u00e5 fester eller h\u00f8ytider.\" \/>\n<meta property=\"og:url\" content=\"https:\/\/mekulo.com\/no\/produkt\/langfinger-overraskelsesegg\/\" \/>\n<meta property=\"og:site_name\" content=\"Mekulo NO\" \/>\n<meta property=\"article:modified_time\" content=\"2026-02-03T15:09:13+00:00\" \/>\n<meta property=\"og:image\" content=\"https:\/\/mekulo.com\/no\/wp-content\/uploads\/sites\/10\/2026\/01\/gsd25sf-1.webp\" \/>\n\t<meta property=\"og:image:width\" content=\"800\" \/>\n\t<meta property=\"og:image:height\" content=\"800\" \/>\n\t<meta property=\"og:image:type\" content=\"image\/webp\" \/>\n<meta name=\"twitter:card\" content=\"summary_large_image\" \/>\n<meta name=\"twitter:label1\" content=\"Ansl. lesetid\" \/>\n\t<meta name=\"twitter:data1\" content=\"2 minutter\" \/>\n<script type=\"application\/ld+json\" class=\"yoast-schema-graph\">{\"@context\":\"https:\/\/schema.org\",\"@graph\":[{\"@type\":\"WebPage\",\"@id\":\"https:\/\/mekulo.com\/no\/produkt\/langfinger-overraskelsesegg\/\",\"url\":\"https:\/\/mekulo.com\/no\/produkt\/langfinger-overraskelsesegg\/\",\"name\":\"Langfinger-overraskelsesegg - Mekulo NO\",\"isPartOf\":{\"@id\":\"https:\/\/mekulo.com\/no\/#website\"},\"primaryImageOfPage\":{\"@id\":\"https:\/\/mekulo.com\/no\/produkt\/langfinger-overraskelsesegg\/#primaryimage\"},\"image\":{\"@id\":\"https:\/\/mekulo.com\/no\/produkt\/langfinger-overraskelsesegg\/#primaryimage\"},\"thumbnailUrl\":\"https:\/\/mekulo.com\/no\/wp-content\/uploads\/sites\/10\/2026\/01\/gsd25sf-1.webp\",\"datePublished\":\"2026-01-28T14:07:11+00:00\",\"dateModified\":\"2026-02-03T15:09:13+00:00\",\"breadcrumb\":{\"@id\":\"https:\/\/mekulo.com\/no\/produkt\/langfinger-overraskelsesegg\/#breadcrumb\"},\"inLanguage\":\"nb-NO\",\"potentialAction\":[{\"@type\":\"ReadAction\",\"target\":[\"https:\/\/mekulo.com\/no\/produkt\/langfinger-overraskelsesegg\/\"]}]},{\"@type\":\"ImageObject\",\"inLanguage\":\"nb-NO\",\"@id\":\"https:\/\/mekulo.com\/no\/produkt\/langfinger-overraskelsesegg\/#primaryimage\",\"url\":\"https:\/\/mekulo.com\/no\/wp-content\/uploads\/sites\/10\/2026\/01\/gsd25sf-1.webp\",\"contentUrl\":\"https:\/\/mekulo.com\/no\/wp-content\/uploads\/sites\/10\/2026\/01\/gsd25sf-1.webp\",\"width\":800,\"height\":800},{\"@type\":\"BreadcrumbList\",\"@id\":\"https:\/\/mekulo.com\/no\/produkt\/langfinger-overraskelsesegg\/#breadcrumb\",\"itemListElement\":[{\"@type\":\"ListItem\",\"position\":1,\"name\":\"Home\",\"item\":\"https:\/\/mekulo.com\/no\/\"},{\"@type\":\"ListItem\",\"position\":2,\"name\":\"Butikk\",\"item\":\"https:\/\/mekulo.com\/no\/butikk\/\"},{\"@type\":\"ListItem\",\"position\":3,\"name\":\"Langfinger-overraskelsesegg\"}]},{\"@type\":\"WebSite\",\"@id\":\"https:\/\/mekulo.com\/no\/#website\",\"url\":\"https:\/\/mekulo.com\/no\/\",\"name\":\"Mekulo NO\",\"description\":\"\",\"publisher\":{\"@id\":\"https:\/\/mekulo.com\/no\/#organization\"},\"potentialAction\":[{\"@type\":\"SearchAction\",\"target\":{\"@type\":\"EntryPoint\",\"urlTemplate\":\"https:\/\/mekulo.com\/no\/?s={search_term_string}\"},\"query-input\":{\"@type\":\"PropertyValueSpecification\",\"valueRequired\":true,\"valueName\":\"search_term_string\"}}],\"inLanguage\":\"nb-NO\"},{\"@type\":\"Organization\",\"@id\":\"https:\/\/mekulo.com\/no\/#organization\",\"name\":\"Mekulo\",\"url\":\"https:\/\/mekulo.com\/no\/\",\"logo\":{\"@type\":\"ImageObject\",\"inLanguage\":\"nb-NO\",\"@id\":\"https:\/\/mekulo.com\/no\/#\/schema\/logo\/image\/\",\"url\":\"https:\/\/mekulo.com\/no\/wp-content\/uploads\/sites\/10\/2025\/12\/favicon_mekulo.png\",\"contentUrl\":\"https:\/\/mekulo.com\/no\/wp-content\/uploads\/sites\/10\/2025\/12\/favicon_mekulo.png\",\"width\":50,\"height\":50,\"caption\":\"Mekulo\"},\"image\":{\"@id\":\"https:\/\/mekulo.com\/no\/#\/schema\/logo\/image\/\"}}]}<\/script>\n<!-- \/ Yoast SEO plugin. -->","yoast_head_json":{"title":"Langfinger-overraskelsesegg - Mekulo NO","robots":{"index":"index","follow":"follow","max-snippet":"max-snippet:-1","max-image-preview":"max-image-preview:large","max-video-preview":"max-video-preview:-1"},"canonical":"https:\/\/mekulo.com\/no\/produkt\/langfinger-overraskelsesegg\/","og_locale":"nb_NO","og_type":"article","og_title":"Langfinger-overraskelsesegg - Mekulo NO","og_description":"\ud83e\udd5aDette langfingeroverraskelsesegget ser uskyldig ut til \u00e5 begynne med, og leverer en dristig og morsom overraskelse n\u00e5r det \u00e5pnes. \ud83d\ude02Det er lett, slitesterkt og designet for \u00e5 v\u00e6re en perfekt sp\u00f8k- eller vitsegave til voksne med sans for humor. \ud83c\udf89Idealt for \u00e5 bryte isen, f\u00e5 latter og skape uforglemmelige reaksjoner p\u00e5 fester eller h\u00f8ytider.","og_url":"https:\/\/mekulo.com\/no\/produkt\/langfinger-overraskelsesegg\/","og_site_name":"Mekulo NO","article_modified_time":"2026-02-03T15:09:13+00:00","og_image":[{"width":800,"height":800,"url":"https:\/\/mekulo.com\/no\/wp-content\/uploads\/sites\/10\/2026\/01\/gsd25sf-1.webp","type":"image\/webp"}],"twitter_card":"summary_large_image","twitter_misc":{"Ansl. lesetid":"2 minutter"},"schema":{"@context":"https:\/\/schema.org","@graph":[{"@type":"WebPage","@id":"https:\/\/mekulo.com\/no\/produkt\/langfinger-overraskelsesegg\/","url":"https:\/\/mekulo.com\/no\/produkt\/langfinger-overraskelsesegg\/","name":"Langfinger-overraskelsesegg - Mekulo NO","isPartOf":{"@id":"https:\/\/mekulo.com\/no\/#website"},"primaryImageOfPage":{"@id":"https:\/\/mekulo.com\/no\/produkt\/langfinger-overraskelsesegg\/#primaryimage"},"image":{"@id":"https:\/\/mekulo.com\/no\/produkt\/langfinger-overraskelsesegg\/#primaryimage"},"thumbnailUrl":"https:\/\/mekulo.com\/no\/wp-content\/uploads\/sites\/10\/2026\/01\/gsd25sf-1.webp","datePublished":"2026-01-28T14:07:11+00:00","dateModified":"2026-02-03T15:09:13+00:00","breadcrumb":{"@id":"https:\/\/mekulo.com\/no\/produkt\/langfinger-overraskelsesegg\/#breadcrumb"},"inLanguage":"nb-NO","potentialAction":[{"@type":"ReadAction","target":["https:\/\/mekulo.com\/no\/produkt\/langfinger-overraskelsesegg\/"]}]},{"@type":"ImageObject","inLanguage":"nb-NO","@id":"https:\/\/mekulo.com\/no\/produkt\/langfinger-overraskelsesegg\/#primaryimage","url":"https:\/\/mekulo.com\/no\/wp-content\/uploads\/sites\/10\/2026\/01\/gsd25sf-1.webp","contentUrl":"https:\/\/mekulo.com\/no\/wp-content\/uploads\/sites\/10\/2026\/01\/gsd25sf-1.webp","width":800,"height":800},{"@type":"BreadcrumbList","@id":"https:\/\/mekulo.com\/no\/produkt\/langfinger-overraskelsesegg\/#breadcrumb","itemListElement":[{"@type":"ListItem","position":1,"name":"Home","item":"https:\/\/mekulo.com\/no\/"},{"@type":"ListItem","position":2,"name":"Butikk","item":"https:\/\/mekulo.com\/no\/butikk\/"},{"@type":"ListItem","position":3,"name":"Langfinger-overraskelsesegg"}]},{"@type":"WebSite","@id":"https:\/\/mekulo.com\/no\/#website","url":"https:\/\/mekulo.com\/no\/","name":"Mekulo NO","description":"","publisher":{"@id":"https:\/\/mekulo.com\/no\/#organization"},"potentialAction":[{"@type":"SearchAction","target":{"@type":"EntryPoint","urlTemplate":"https:\/\/mekulo.com\/no\/?s={search_term_string}"},"query-input":{"@type":"PropertyValueSpecification","valueRequired":true,"valueName":"search_term_string"}}],"inLanguage":"nb-NO"},{"@type":"Organization","@id":"https:\/\/mekulo.com\/no\/#organization","name":"Mekulo","url":"https:\/\/mekulo.com\/no\/","logo":{"@type":"ImageObject","inLanguage":"nb-NO","@id":"https:\/\/mekulo.com\/no\/#\/schema\/logo\/image\/","url":"https:\/\/mekulo.com\/no\/wp-content\/uploads\/sites\/10\/2025\/12\/favicon_mekulo.png","contentUrl":"https:\/\/mekulo.com\/no\/wp-content\/uploads\/sites\/10\/2025\/12\/favicon_mekulo.png","width":50,"height":50,"caption":"Mekulo"},"image":{"@id":"https:\/\/mekulo.com\/no\/#\/schema\/logo\/image\/"}}]}},"_links":{"self":[{"href":"https:\/\/mekulo.com\/no\/wp-json\/wp\/v2\/product\/20389","targetHints":{"allow":["GET"]}}],"collection":[{"href":"https:\/\/mekulo.com\/no\/wp-json\/wp\/v2\/product"}],"about":[{"href":"https:\/\/mekulo.com\/no\/wp-json\/wp\/v2\/types\/product"}],"replies":[{"embeddable":true,"href":"https:\/\/mekulo.com\/no\/wp-json\/wp\/v2\/comments?post=20389"}],"wp:featuredmedia":[{"embeddable":true,"href":"https:\/\/mekulo.com\/no\/wp-json\/wp\/v2\/media\/20385"}],"wp:attachment":[{"href":"https:\/\/mekulo.com\/no\/wp-json\/wp\/v2\/media?parent=20389"}],"wp:term":[{"taxonomy":"product_brand","embeddable":true,"href":"https:\/\/mekulo.com\/no\/wp-json\/wp\/v2\/product_brand?post=20389"},{"taxonomy":"product_cat","embeddable":true,"href":"https:\/\/mekulo.com\/no\/wp-json\/wp\/v2\/product_cat?post=20389"},{"taxonomy":"product_tag","embeddable":true,"href":"https:\/\/mekulo.com\/no\/wp-json\/wp\/v2\/product_tag?post=20389"}],"curies":[{"name":"wp","href":"https:\/\/api.w.org\/{rel}","templated":true}]}}